{"id":14781,"date":"2024-11-22T10:15:34","date_gmt":"2024-11-22T09:15:34","guid":{"rendered":"https:\/\/www.rememberme-forever.com\/?post_type=product&#038;p=14781"},"modified":"2026-02-02T13:43:48","modified_gmt":"2026-02-02T12:43:48","slug":"urna-na-zewnatrz-dla-osoby-doroslej-urna-do-ogrodu","status":"publish","type":"product","link":"https:\/\/www.rememberme-forever.com\/pl\/produkt\/urna-na-zewnatrz-dla-osoby-doroslej-urna-do-ogrodu\/","title":{"rendered":"Urna na zewn\u0105trz dla osoby doros\u0142ej, urna do ogrodu"},"content":{"rendered":"<p style=\"text-align: center;\">Przedstawiamy nasz\u0105 urn\u0119 ze stali nierdzewnej w kszta\u0142cie kuli, niezwyk\u0142e miejsce ostatniego spoczynku zaprojektowane, aby pochowa\u0107 prochy ukochanej osoby. Ta wyj\u0105tkowa urna \u0142\u0105czy w sobie ponadczasow\u0105 elegancj\u0119 z trwa\u0142\u0105 konstrukcj\u0105, co czyni j\u0105 idealnym wyborem zar\u00f3wno do wn\u0119trz, jak i na zewn\u0105trz.<\/p>\n<p style=\"text-align: center;\">Wykonana z wysokiej jako\u015bci stali nierdzewnej charakteryzuje si\u0119 wyj\u0105tkow\u0105 wytrzyma\u0142o\u015bci\u0105 i odporno\u015bci\u0105. Jej kulisty kszta\u0142t symbolizuje jedno\u015b\u0107 i ca\u0142o\u015b\u0107, odzwierciedlaj\u0105c wieczn\u0105 wi\u0119\u017a z ukochan\u0105 osob\u0105. Materia\u0142 ze stali nierdzewnej zapewnia d\u0142ugowieczno\u015b\u0107 urny, pozwalaj\u0105c jej przetrwa\u0107 pr\u00f3b\u0119 czasu i zmiennych warunk\u00f3w atmosferycznych.<\/p>\n<p style=\"text-align: center;\">Urnie towarzyszy dost\u0119pna osobno podstawa z tworzywa ABS, zapewniaj\u0105ca elastyczno\u015b\u0107 w jej u\u017cytkowaniu. W przypadku umieszczenia urny w domu lub kolumbarium, podstawa zapewnia stabilno\u015b\u0107 i bezpieczne miejsce spoczynku, pozwalaj\u0105c na stworzenie pi\u0119knego pomnika, kt\u00f3ry odda ho\u0142d ukochanej osobie. Podstawa zapewnia urnie stabilno\u015b\u0107.<\/p>\n<p style=\"text-align: center;\">Dla tych, kt\u00f3rzy szukaj\u0105 urny na zewn\u0105trz, musi by\u0107 u\u017cywana bez podstawy. Jej wodoodporna konstrukcja zapewnia, \u017ce prochy pozostan\u0105 chronione i nienaruszone, nawet w trudnych warunkach pogodowych. Trwa\u0142o\u015b\u0107 urny i odporno\u015b\u0107 na korozj\u0119 sprawiaj\u0105, \u017ce jest ona idealnym wyborem do ogrodu lub na zewn\u0105trz, gdzie mo\u017ce s\u0142u\u017cy\u0107 jako miejsce pami\u0119ci.<\/p>\n<div>\n<p style=\"text-align: center;\"><strong><span class=\"jCAhz ChMk0b\"><span class=\"ryNqvb\">\u2611\ufe0f Dla tych, kt\u00f3rzy preferuj\u0105 przechowywanie urny na zewn\u0105trz, musi by\u0107 u\u017cywana bez podstawy.<\/span><\/span><\/strong><\/p>\n<p style=\"text-align: center;\"><strong>\u2611\ufe0f Je\u017celi urna b\u0119dzie przechowywana na zewn\u0105trz, zalecamy dodatkowe zabezpieczenie otworu klejem lub silikonem.<\/strong><\/p>\n<\/div>\n<p>&nbsp;<\/p>\n<h3 style=\"text-align: center;\"><strong>PERSONALIZACJA<\/strong><\/h3>\n<p style=\"text-align: center;\">Je\u015bli wybierzesz grawerowan\u0105 plakietk\u0119 w zestawie z urn\u0105, prze\u015blij tekst w ramce \u201cGrawerowana plakietka\u201d.<\/p>\n<p style=\"text-align: center;\">Tekst do grawerowanej plakietki powinien by\u0107 dostarczony podczas sk\u0142adania zam\u00f3wienia. (Prosz\u0119 nie panikowa\u0107, je\u015bli to przegapisz, poniewa\u017c zawsze mo\u017cesz wys\u0142a\u0107 nam wiadomo\u015b\u0107 p\u00f3\u017aniej.)<\/p>\n<p><img loading=\"lazy\" decoding=\"async\" class=\" wp-image-12173 aligncenter\" src=\"http:\/\/www.rememberme-forever.com\/wp-content\/uploads\/2024\/03\/Silver-1-300x150.jpg\" alt=\"plaque\" width=\"250\" height=\"125\" srcset=\"https:\/\/www.rememberme-forever.com\/wp-content\/uploads\/2024\/03\/Silver-1-300x150.jpg 300w, https:\/\/www.rememberme-forever.com\/wp-content\/uploads\/2024\/03\/Silver-1-768x384.jpg 768w, https:\/\/www.rememberme-forever.com\/wp-content\/uploads\/2024\/03\/Silver-1-600x300.jpg 600w, https:\/\/www.rememberme-forever.com\/wp-content\/uploads\/2024\/03\/Silver-1-64x32.jpg 64w, https:\/\/www.rememberme-forever.com\/wp-content\/uploads\/2024\/03\/Silver-1.jpg 945w\" sizes=\"auto, (max-width: 250px) 100vw, 250px\" \/><\/p>\n<p>&nbsp;<\/p>\n<p style=\"text-align: center;\"><em><strong>Przed dodaniem produktu do koszyka dok\u0142adnie SPRAWD\u0179 tekst przes\u0142any do grawerowania. Do\u00a0 tekstu kt\u00f3ry otrzymujemy wraz z zam\u00f3wieniem\u00a0 nie wprowadzamy \u017cadnych zmian z naszej strony. Tekst jest grawerowany dok\u0142adnie taki, jaki otrzymujemy od pa\u0144stwa.<\/strong><\/em><\/p>\n<p style=\"text-align: center;\"><em><strong>Sprawd\u017a tekst, aby upewni\u0107 si\u0119, \u017ce pisownia jest poprawna.<\/strong><\/em><\/p>\n","protected":false},"excerpt":{"rendered":"<p><em><strong>Urna pomie\u015bci prochy zmar\u0142ego o wadze cia\u0142a 102kg lub mniej.<\/strong><\/em><\/p>\n<p><b>\u2611\ufe0f <em style=\"color: red;\">Jeste\u015bmy \u015bwiadomi kr\u00f3tkiego czasu na dostarczenie urny. Urn\u0119 zam\u00f3wion\u0105 do godz. 12.00 w dzie\u0144 roboczy wysy\u0142amy natychmiast.\u00a0<\/em><\/b><\/p>\n","protected":false},"featured_media":7727,"template":"","meta":{"_acf_changed":false},"product_brand":[],"product_cat":[138],"product_tag":[3344],"class_list":{"0":"post-14781","1":"product","2":"type-product","3":"status-publish","4":"has-post-thumbnail","6":"product_cat-urny-na-zewnatrz","7":"product_tag-gpsr-metal_ss_abs_base","8":"product_shipping_class-wood-urns-pl","10":"first","11":"instock","12":"taxable","13":"shipping-taxable","14":"purchasable","15":"product-type-simple"},"yoast_head":"<!-- This site is optimized with the Yoast SEO plugin v27.4 - https:\/\/yoast.com\/product\/yoast-seo-wordpress\/ -->\n<title>Urna na zewn\u0105trz dla osoby doros\u0142ej, urna do ogrodu<\/title>\n<meta name=\"description\" content=\"Przedstawiamy nasz\u0105 urn\u0119 ze stali nierdzewnej w kszta\u0142cie kuli, niezwyk\u0142e miejsce ostatniego spoczynku zaprojektowane, aby pochowa\u0107 prochy\" \/>\n<meta name=\"robots\" content=\"index, follow, max-snippet:-1, max-image-preview:large, max-video-preview:-1\" \/>\n<link rel=\"canonical\" href=\"https:\/\/www.rememberme-forever.com\/pl\/produkt\/urna-na-zewnatrz-dla-osoby-doroslej-urna-do-ogrodu\/\" \/>\n<meta property=\"og:locale\" content=\"pl_PL\" \/>\n<meta property=\"og:type\" content=\"article\" \/>\n<meta property=\"og:title\" content=\"Urna na zewn\u0105trz dla osoby doros\u0142ej, urna do ogrodu\" \/>\n<meta property=\"og:description\" content=\"Przedstawiamy nasz\u0105 urn\u0119 ze stali nierdzewnej w kszta\u0142cie kuli, niezwyk\u0142e miejsce ostatniego spoczynku zaprojektowane, aby pochowa\u0107 prochy\" \/>\n<meta property=\"og:url\" content=\"https:\/\/www.rememberme-forever.com\/pl\/produkt\/urna-na-zewnatrz-dla-osoby-doroslej-urna-do-ogrodu\/\" \/>\n<meta property=\"og:site_name\" content=\"Remember Forever\" \/>\n<meta property=\"article:modified_time\" content=\"2026-02-02T12:43:48+00:00\" \/>\n<meta property=\"og:image\" content=\"http:\/\/www.rememberme-forever.com\/wp-content\/uploads\/2023\/06\/kula5bm-www.jpg\" \/>\n\t<meta property=\"og:image:width\" content=\"1024\" \/>\n\t<meta property=\"og:image:height\" content=\"1024\" \/>\n\t<meta property=\"og:image:type\" content=\"image\/jpeg\" \/>\n<meta name=\"twitter:card\" content=\"summary_large_image\" \/>\n<meta name=\"twitter:label1\" content=\"Szacowany czas czytania\" \/>\n\t<meta name=\"twitter:data1\" content=\"2 minuta\" \/>\n<script type=\"application\/ld+json\" class=\"yoast-schema-graph\">{\"@context\":\"https:\\\/\\\/schema.org\",\"@graph\":[{\"@type\":\"WebPage\",\"@id\":\"https:\\\/\\\/www.rememberme-forever.com\\\/pl\\\/produkt\\\/urna-na-zewnatrz-dla-osoby-doroslej-urna-do-ogrodu\\\/\",\"url\":\"https:\\\/\\\/www.rememberme-forever.com\\\/pl\\\/produkt\\\/urna-na-zewnatrz-dla-osoby-doroslej-urna-do-ogrodu\\\/\",\"name\":\"Urna na zewn\u0105trz dla osoby doros\u0142ej, urna do ogrodu\",\"isPartOf\":{\"@id\":\"https:\\\/\\\/www.rememberme-forever.com\\\/pl\\\/#website\"},\"primaryImageOfPage\":{\"@id\":\"https:\\\/\\\/www.rememberme-forever.com\\\/pl\\\/produkt\\\/urna-na-zewnatrz-dla-osoby-doroslej-urna-do-ogrodu\\\/#primaryimage\"},\"image\":{\"@id\":\"https:\\\/\\\/www.rememberme-forever.com\\\/pl\\\/produkt\\\/urna-na-zewnatrz-dla-osoby-doroslej-urna-do-ogrodu\\\/#primaryimage\"},\"thumbnailUrl\":\"https:\\\/\\\/www.rememberme-forever.com\\\/wp-content\\\/uploads\\\/2023\\\/06\\\/kula5bm-www.jpg\",\"datePublished\":\"2024-11-22T09:15:34+00:00\",\"dateModified\":\"2026-02-02T12:43:48+00:00\",\"description\":\"Przedstawiamy nasz\u0105 urn\u0119 ze stali nierdzewnej w kszta\u0142cie kuli, niezwyk\u0142e miejsce ostatniego spoczynku zaprojektowane, aby pochowa\u0107 prochy\",\"breadcrumb\":{\"@id\":\"https:\\\/\\\/www.rememberme-forever.com\\\/pl\\\/produkt\\\/urna-na-zewnatrz-dla-osoby-doroslej-urna-do-ogrodu\\\/#breadcrumb\"},\"inLanguage\":\"pl-PL\",\"potentialAction\":[{\"@type\":\"ReadAction\",\"target\":[\"https:\\\/\\\/www.rememberme-forever.com\\\/pl\\\/produkt\\\/urna-na-zewnatrz-dla-osoby-doroslej-urna-do-ogrodu\\\/\"]}]},{\"@type\":\"ImageObject\",\"inLanguage\":\"pl-PL\",\"@id\":\"https:\\\/\\\/www.rememberme-forever.com\\\/pl\\\/produkt\\\/urna-na-zewnatrz-dla-osoby-doroslej-urna-do-ogrodu\\\/#primaryimage\",\"url\":\"https:\\\/\\\/www.rememberme-forever.com\\\/wp-content\\\/uploads\\\/2023\\\/06\\\/kula5bm-www.jpg\",\"contentUrl\":\"https:\\\/\\\/www.rememberme-forever.com\\\/wp-content\\\/uploads\\\/2023\\\/06\\\/kula5bm-www.jpg\",\"width\":1024,\"height\":1024,\"caption\":\"Stainless-steel sphere for adult ashes and black base, Stainless steel sphere for child ashes and solid base\"},{\"@type\":\"BreadcrumbList\",\"@id\":\"https:\\\/\\\/www.rememberme-forever.com\\\/pl\\\/produkt\\\/urna-na-zewnatrz-dla-osoby-doroslej-urna-do-ogrodu\\\/#breadcrumb\",\"itemListElement\":[{\"@type\":\"ListItem\",\"position\":1,\"name\":\"Home\",\"item\":\"https:\\\/\\\/www.rememberme-forever.com\\\/pl\\\/strona-glowna\\\/\"},{\"@type\":\"ListItem\",\"position\":2,\"name\":\"Sklep\",\"item\":\"https:\\\/\\\/www.rememberme-forever.com\\\/pl\\\/sklep-2\\\/\"},{\"@type\":\"ListItem\",\"position\":3,\"name\":\"Urna na zewn\u0105trz dla osoby doros\u0142ej, urna do ogrodu\"}]},{\"@type\":\"WebSite\",\"@id\":\"https:\\\/\\\/www.rememberme-forever.com\\\/pl\\\/#website\",\"url\":\"https:\\\/\\\/www.rememberme-forever.com\\\/pl\\\/\",\"name\":\"Remember Forever\",\"description\":\"Cremation urns, funeral urns, urns for ashes\",\"publisher\":{\"@id\":\"https:\\\/\\\/www.rememberme-forever.com\\\/pl\\\/#organization\"},\"potentialAction\":[{\"@type\":\"SearchAction\",\"target\":{\"@type\":\"EntryPoint\",\"urlTemplate\":\"https:\\\/\\\/www.rememberme-forever.com\\\/pl\\\/?s={search_term_string}\"},\"query-input\":{\"@type\":\"PropertyValueSpecification\",\"valueRequired\":true,\"valueName\":\"search_term_string\"}}],\"inLanguage\":\"pl-PL\"},{\"@type\":\"Organization\",\"@id\":\"https:\\\/\\\/www.rememberme-forever.com\\\/pl\\\/#organization\",\"name\":\"Remember Forever\",\"url\":\"https:\\\/\\\/www.rememberme-forever.com\\\/pl\\\/\",\"logo\":{\"@type\":\"ImageObject\",\"inLanguage\":\"pl-PL\",\"@id\":\"https:\\\/\\\/www.rememberme-forever.com\\\/pl\\\/#\\\/schema\\\/logo\\\/image\\\/\",\"url\":\"https:\\\/\\\/www.rememberme-forever.com\\\/wp-content\\\/uploads\\\/2023\\\/02\\\/logo.png\",\"contentUrl\":\"https:\\\/\\\/www.rememberme-forever.com\\\/wp-content\\\/uploads\\\/2023\\\/02\\\/logo.png\",\"width\":300,\"height\":56,\"caption\":\"Remember Forever\"},\"image\":{\"@id\":\"https:\\\/\\\/www.rememberme-forever.com\\\/pl\\\/#\\\/schema\\\/logo\\\/image\\\/\"}}]}<\/script>\n<!-- \/ Yoast SEO plugin. -->","yoast_head_json":{"title":"Urna na zewn\u0105trz dla osoby doros\u0142ej, urna do ogrodu","description":"Przedstawiamy nasz\u0105 urn\u0119 ze stali nierdzewnej w kszta\u0142cie kuli, niezwyk\u0142e miejsce ostatniego spoczynku zaprojektowane, aby pochowa\u0107 prochy","robots":{"index":"index","follow":"follow","max-snippet":"max-snippet:-1","max-image-preview":"max-image-preview:large","max-video-preview":"max-video-preview:-1"},"canonical":"https:\/\/www.rememberme-forever.com\/pl\/produkt\/urna-na-zewnatrz-dla-osoby-doroslej-urna-do-ogrodu\/","og_locale":"pl_PL","og_type":"article","og_title":"Urna na zewn\u0105trz dla osoby doros\u0142ej, urna do ogrodu","og_description":"Przedstawiamy nasz\u0105 urn\u0119 ze stali nierdzewnej w kszta\u0142cie kuli, niezwyk\u0142e miejsce ostatniego spoczynku zaprojektowane, aby pochowa\u0107 prochy","og_url":"https:\/\/www.rememberme-forever.com\/pl\/produkt\/urna-na-zewnatrz-dla-osoby-doroslej-urna-do-ogrodu\/","og_site_name":"Remember Forever","article_modified_time":"2026-02-02T12:43:48+00:00","og_image":[{"width":1024,"height":1024,"url":"http:\/\/www.rememberme-forever.com\/wp-content\/uploads\/2023\/06\/kula5bm-www.jpg","type":"image\/jpeg"}],"twitter_card":"summary_large_image","twitter_misc":{"Szacowany czas czytania":"2 minuta"},"schema":{"@context":"https:\/\/schema.org","@graph":[{"@type":"WebPage","@id":"https:\/\/www.rememberme-forever.com\/pl\/produkt\/urna-na-zewnatrz-dla-osoby-doroslej-urna-do-ogrodu\/","url":"https:\/\/www.rememberme-forever.com\/pl\/produkt\/urna-na-zewnatrz-dla-osoby-doroslej-urna-do-ogrodu\/","name":"Urna na zewn\u0105trz dla osoby doros\u0142ej, urna do ogrodu","isPartOf":{"@id":"https:\/\/www.rememberme-forever.com\/pl\/#website"},"primaryImageOfPage":{"@id":"https:\/\/www.rememberme-forever.com\/pl\/produkt\/urna-na-zewnatrz-dla-osoby-doroslej-urna-do-ogrodu\/#primaryimage"},"image":{"@id":"https:\/\/www.rememberme-forever.com\/pl\/produkt\/urna-na-zewnatrz-dla-osoby-doroslej-urna-do-ogrodu\/#primaryimage"},"thumbnailUrl":"https:\/\/www.rememberme-forever.com\/wp-content\/uploads\/2023\/06\/kula5bm-www.jpg","datePublished":"2024-11-22T09:15:34+00:00","dateModified":"2026-02-02T12:43:48+00:00","description":"Przedstawiamy nasz\u0105 urn\u0119 ze stali nierdzewnej w kszta\u0142cie kuli, niezwyk\u0142e miejsce ostatniego spoczynku zaprojektowane, aby pochowa\u0107 prochy","breadcrumb":{"@id":"https:\/\/www.rememberme-forever.com\/pl\/produkt\/urna-na-zewnatrz-dla-osoby-doroslej-urna-do-ogrodu\/#breadcrumb"},"inLanguage":"pl-PL","potentialAction":[{"@type":"ReadAction","target":["https:\/\/www.rememberme-forever.com\/pl\/produkt\/urna-na-zewnatrz-dla-osoby-doroslej-urna-do-ogrodu\/"]}]},{"@type":"ImageObject","inLanguage":"pl-PL","@id":"https:\/\/www.rememberme-forever.com\/pl\/produkt\/urna-na-zewnatrz-dla-osoby-doroslej-urna-do-ogrodu\/#primaryimage","url":"https:\/\/www.rememberme-forever.com\/wp-content\/uploads\/2023\/06\/kula5bm-www.jpg","contentUrl":"https:\/\/www.rememberme-forever.com\/wp-content\/uploads\/2023\/06\/kula5bm-www.jpg","width":1024,"height":1024,"caption":"Stainless-steel sphere for adult ashes and black base, Stainless steel sphere for child ashes and solid base"},{"@type":"BreadcrumbList","@id":"https:\/\/www.rememberme-forever.com\/pl\/produkt\/urna-na-zewnatrz-dla-osoby-doroslej-urna-do-ogrodu\/#breadcrumb","itemListElement":[{"@type":"ListItem","position":1,"name":"Home","item":"https:\/\/www.rememberme-forever.com\/pl\/strona-glowna\/"},{"@type":"ListItem","position":2,"name":"Sklep","item":"https:\/\/www.rememberme-forever.com\/pl\/sklep-2\/"},{"@type":"ListItem","position":3,"name":"Urna na zewn\u0105trz dla osoby doros\u0142ej, urna do ogrodu"}]},{"@type":"WebSite","@id":"https:\/\/www.rememberme-forever.com\/pl\/#website","url":"https:\/\/www.rememberme-forever.com\/pl\/","name":"Remember Forever","description":"Cremation urns, funeral urns, urns for ashes","publisher":{"@id":"https:\/\/www.rememberme-forever.com\/pl\/#organization"},"potentialAction":[{"@type":"SearchAction","target":{"@type":"EntryPoint","urlTemplate":"https:\/\/www.rememberme-forever.com\/pl\/?s={search_term_string}"},"query-input":{"@type":"PropertyValueSpecification","valueRequired":true,"valueName":"search_term_string"}}],"inLanguage":"pl-PL"},{"@type":"Organization","@id":"https:\/\/www.rememberme-forever.com\/pl\/#organization","name":"Remember Forever","url":"https:\/\/www.rememberme-forever.com\/pl\/","logo":{"@type":"ImageObject","inLanguage":"pl-PL","@id":"https:\/\/www.rememberme-forever.com\/pl\/#\/schema\/logo\/image\/","url":"https:\/\/www.rememberme-forever.com\/wp-content\/uploads\/2023\/02\/logo.png","contentUrl":"https:\/\/www.rememberme-forever.com\/wp-content\/uploads\/2023\/02\/logo.png","width":300,"height":56,"caption":"Remember Forever"},"image":{"@id":"https:\/\/www.rememberme-forever.com\/pl\/#\/schema\/logo\/image\/"}}]}},"acf":[],"_links":{"self":[{"href":"https:\/\/www.rememberme-forever.com\/pl\/wp-json\/wp\/v2\/product\/14781","targetHints":{"allow":["GET"]}}],"collection":[{"href":"https:\/\/www.rememberme-forever.com\/pl\/wp-json\/wp\/v2\/product"}],"about":[{"href":"https:\/\/www.rememberme-forever.com\/pl\/wp-json\/wp\/v2\/types\/product"}],"wp:featuredmedia":[{"embeddable":true,"href":"https:\/\/www.rememberme-forever.com\/pl\/wp-json\/wp\/v2\/media\/7727"}],"wp:attachment":[{"href":"https:\/\/www.rememberme-forever.com\/pl\/wp-json\/wp\/v2\/media?parent=14781"}],"wp:term":[{"taxonomy":"product_brand","embeddable":true,"href":"https:\/\/www.rememberme-forever.com\/pl\/wp-json\/wp\/v2\/product_brand?post=14781"},{"taxonomy":"product_cat","embeddable":true,"href":"https:\/\/www.rememberme-forever.com\/pl\/wp-json\/wp\/v2\/product_cat?post=14781"},{"taxonomy":"product_tag","embeddable":true,"href":"https:\/\/www.rememberme-forever.com\/pl\/wp-json\/wp\/v2\/product_tag?post=14781"}],"curies":[{"name":"wp","href":"https:\/\/api.w.org\/{rel}","templated":true}]}}