{"id":14925,"date":"2024-12-02T12:25:12","date_gmt":"2024-12-02T11:25:12","guid":{"rendered":"https:\/\/www.rememberme-forever.com\/product\/recznie-malowana-urna-dziecieca-z-gwiazdkami-i-malowanym-imieniem\/"},"modified":"2026-02-02T13:42:00","modified_gmt":"2026-02-02T12:42:00","slug":"recznie-malowana-urna-dziecieca-z-gwiazdkami-i-malowanym-imieniem","status":"publish","type":"product","link":"https:\/\/www.rememberme-forever.com\/pl\/produkt\/recznie-malowana-urna-dziecieca-z-gwiazdkami-i-malowanym-imieniem\/","title":{"rendered":"R\u0119cznie malowana urna dzieci\u0119ca z gwiazdkami i malowanym imieniem"},"content":{"rendered":"<p style=\"text-align: center;\">Urna na prochy dziecka sk\u0142adaj\u0105ca si\u0119 z marmurowej podstawy i kuli ze stali nierdzewnej. Prochy wsypuje si\u0119 od spodu przez zakr\u0119cany otw\u00f3r.<\/p>\n<p style=\"text-align: center;\">Na urnie r\u0119cznie malujemy imi\u0119 lub imi\u0119 i nazwisko dziecka. Niestandardowa <strong>grawerowana tabliczka pami\u0105tkowa<\/strong> na podstawie pozwala na dalsz\u0105 personalizacj\u0119 urny, z miejscem na maksymalnie <strong>150 znak\u00f3w<\/strong>, oferuj\u0105c miejsce na szczer\u0105 wiadomo\u015b\u0107, specjalne daty lub pocieszaj\u0105cy cytat. Na samej urnie mo\u017cna doda\u0107 <strong>tylko imi\u0119 dziecka<\/strong> lub jego <strong>imi\u0119 i nazwisko<\/strong>, tworz\u0105c g\u0142\u0119boko osobisty i pi\u0119kny pomnik.<\/p>\n<div style=\"width: 100%; margin-bottom: 40px; height: max-content; padding-bottom: 60%; position: relative;\"><iframe style=\"position: absolute; top: 0; left: 0; width: 100%; height: 100%;\" src=\"https:\/\/rememberme-urns.com\/child-urn-with-stars-and-painted-name\/\" frameborder=\"0\"><\/iframe><\/div>\n<div style=\"color: red; text-align: center; margin-bottom: 25px;\">&gt;&gt; Obrotowe zdj\u0119cie &#8211; dotknij\/zbli\u017c &lt;&lt;<\/div>\n<h4 style=\"text-align: center;\">Kluczowe cechy:<\/h4>\n<ul>\n<li style=\"text-align: center;\"><strong>R\u0119cznie malowany wz\u00f3r<\/strong>: Kula ze stali nierdzewnej ozdobiona r\u0119cznie malowanymi gwiazdami.<\/li>\n<li style=\"text-align: center;\"><strong>Opcje niestandardowego imienia<\/strong>: Dodaj imi\u0119 dziecka lub imi\u0119 i nazwisko do urny, aby nada\u0107 jej spersonalizowany charakter.<\/li>\n<li style=\"text-align: center;\"><strong>Najwy\u017cszej jako\u015bci materia\u0142y<\/strong>: Wykonana z wysokiej jako\u015bci stali nierdzewnej i wsparta na polerowanej marmurowej podstawie dla trwa\u0142ego pi\u0119kna i trwa\u0142o\u015bci.<\/li>\n<li style=\"text-align: center;\"><strong>Tabliczka pami\u0105tkowa<\/strong>: Grawerowana tabliczka na podstawie pozwala na umieszczenie do 150 znak\u00f3w, idealnych na wiadomo\u015b\u0107, cytat lub dat\u0119.<\/li>\n<li style=\"text-align: center;\"><strong>Kompaktowy rozmiar<\/strong>: Zaprojektowana z dba\u0142o\u015bci\u0105 o zapewnienie godnego miejsca spoczynku dla niemowl\u0105t lub ma\u0142ych dzieci.<\/li>\n<\/ul>\n<p style=\"text-align: center;\">Ta <strong>r\u0119cznie malowana urna dzieci\u0119ca z gwiazdami<\/strong> to co\u015b wi\u0119cej ni\u017c tylko pami\u0105tka &#8211; to pe\u0142en mi\u0142o\u015bci i niebia\u0144ski spos\u00f3b na uczczenie pami\u0119ci ukochanej osoby.<\/p>\n<p style=\"text-align: center;\"><b><i>WA\u017bNE!<\/i><\/b><\/p>\n<p style=\"text-align: center;\"><b><i>Urna wykonywana na zam\u00f3wienie, czas oczekiwania do 7 dni roboczych<\/i><\/b><\/p>\n<p>&nbsp;<\/p>\n<p style=\"text-align: center;\"><span style=\"font-weight: 600;\">\u25ba PERSONALIZACJA \u25c4<\/span><\/p>\n<ul style=\"text-align: center;\">\n<li>Spersonalizowana tablica pami\u0105tkowa musi zosta\u0107 spersonalizowana podczas procesu zamawiania. (Nie martw si\u0119, je\u015bli zapomnisz, zawsze mo\u017cesz wys\u0142a\u0107 nam wiadomo\u015b\u0107 p\u00f3\u017aniej).<\/li>\n<\/ul>\n<p style=\"text-align: center;\"><span style=\"font-weight: 600; color: inherit;\">Ograniczenia tekstowe s\u0105 nast\u0119puj\u0105ce:<\/span><\/p>\n<ul style=\"text-align: center;\">\n<li>Imi\u0119 (imiona) do 24 znak\u00f3w<\/li>\n<li>Data urodzenia i \u015bmierci do 24 znak\u00f3w<\/li>\n<li>Trzecia linia do 24 znak\u00f3w<\/li>\n<li>Czwarty wiersz do 24 znak\u00f3w<\/li>\n<li>Pi\u0105ty wiersz do 24 znak\u00f3w<\/li>\n<li>Sz\u00f3sty wiersz do 24 znak\u00f3w<\/li>\n<\/ul>\n<p style=\"text-align: center;\"><span style=\"font-weight: 600; color: inherit;\">Prosimy o DOK\u0141ADNE SPRAWDZENIE tekstu grawerunku przed dodaniem produktu do koszyka. Kopiujemy i grawerujemy dok\u0142adnie te informacje, kt\u00f3re otrzymujemy wraz z zam\u00f3wieniem i nie wprowadzamy \u017cadnych zmian po naszej stronie.<\/span><\/p>\n<ul>\n<li style=\"text-align: center;\">Sprawd\u017a tekst, aby upewni\u0107 si\u0119, \u017ce pisownia jest poprawna.<\/li>\n<\/ul>\n","protected":false},"excerpt":{"rendered":"<p><b>\u2611\ufe0f <em style=\"color: red;\">Urna wykonywana na zam\u00f3wienie, czas oczekiwania do 7 dni roboczych<\/em><\/b><\/p>\n","protected":false},"featured_media":14928,"template":"","meta":{"_acf_changed":false},"product_brand":[],"product_cat":[89],"product_tag":[3347],"class_list":{"0":"post-14925","1":"product","2":"type-product","3":"status-publish","4":"has-post-thumbnail","6":"product_cat-urny-dzieciece","7":"product_tag-gpsr-metal_stonebase","8":"product_shipping_class-art-urns-kule-do20cm-pl","10":"first","11":"instock","12":"taxable","13":"shipping-taxable","14":"purchasable","15":"product-type-simple"},"yoast_head":"<!-- This site is optimized with the Yoast SEO plugin v27.4 - https:\/\/yoast.com\/product\/yoast-seo-wordpress\/ -->\n<title>R\u0119cznie malowana urna dzieci\u0119ca z gwiazdkami i malowanym imieniem<\/title>\n<meta name=\"robots\" content=\"index, follow, max-snippet:-1, max-image-preview:large, max-video-preview:-1\" \/>\n<link rel=\"canonical\" href=\"https:\/\/www.rememberme-forever.com\/pl\/produkt\/recznie-malowana-urna-dziecieca-z-gwiazdkami-i-malowanym-imieniem\/\" \/>\n<meta property=\"og:locale\" content=\"pl_PL\" \/>\n<meta property=\"og:type\" content=\"article\" \/>\n<meta property=\"og:title\" content=\"R\u0119cznie malowana urna dzieci\u0119ca z gwiazdkami i malowanym imieniem\" \/>\n<meta property=\"og:description\" content=\"\u2611\ufe0f Urna wykonywana na zam\u00f3wienie, czas oczekiwania do 7 dni roboczych\" \/>\n<meta property=\"og:url\" content=\"https:\/\/www.rememberme-forever.com\/pl\/produkt\/recznie-malowana-urna-dziecieca-z-gwiazdkami-i-malowanym-imieniem\/\" \/>\n<meta property=\"og:site_name\" content=\"Remember Forever\" \/>\n<meta property=\"article:modified_time\" content=\"2026-02-02T12:42:00+00:00\" \/>\n<meta property=\"og:image\" content=\"http:\/\/www.rememberme-forever.com\/wp-content\/uploads\/2024\/12\/child-urn-with-name_0001.jpg\" \/>\n\t<meta property=\"og:image:width\" content=\"1007\" \/>\n\t<meta property=\"og:image:height\" content=\"1024\" \/>\n\t<meta property=\"og:image:type\" content=\"image\/jpeg\" \/>\n<meta name=\"twitter:card\" content=\"summary_large_image\" \/>\n<meta name=\"twitter:label1\" content=\"Szacowany czas czytania\" \/>\n\t<meta name=\"twitter:data1\" content=\"2 minuta\" \/>\n<script type=\"application\/ld+json\" class=\"yoast-schema-graph\">{\"@context\":\"https:\\\/\\\/schema.org\",\"@graph\":[{\"@type\":\"WebPage\",\"@id\":\"https:\\\/\\\/www.rememberme-forever.com\\\/pl\\\/produkt\\\/recznie-malowana-urna-dziecieca-z-gwiazdkami-i-malowanym-imieniem\\\/\",\"url\":\"https:\\\/\\\/www.rememberme-forever.com\\\/pl\\\/produkt\\\/recznie-malowana-urna-dziecieca-z-gwiazdkami-i-malowanym-imieniem\\\/\",\"name\":\"R\u0119cznie malowana urna dzieci\u0119ca z gwiazdkami i malowanym imieniem\",\"isPartOf\":{\"@id\":\"https:\\\/\\\/www.rememberme-forever.com\\\/pl\\\/#website\"},\"primaryImageOfPage\":{\"@id\":\"https:\\\/\\\/www.rememberme-forever.com\\\/pl\\\/produkt\\\/recznie-malowana-urna-dziecieca-z-gwiazdkami-i-malowanym-imieniem\\\/#primaryimage\"},\"image\":{\"@id\":\"https:\\\/\\\/www.rememberme-forever.com\\\/pl\\\/produkt\\\/recznie-malowana-urna-dziecieca-z-gwiazdkami-i-malowanym-imieniem\\\/#primaryimage\"},\"thumbnailUrl\":\"https:\\\/\\\/www.rememberme-forever.com\\\/wp-content\\\/uploads\\\/2024\\\/12\\\/child-urn-with-name_0001.jpg\",\"datePublished\":\"2024-12-02T11:25:12+00:00\",\"dateModified\":\"2026-02-02T12:42:00+00:00\",\"breadcrumb\":{\"@id\":\"https:\\\/\\\/www.rememberme-forever.com\\\/pl\\\/produkt\\\/recznie-malowana-urna-dziecieca-z-gwiazdkami-i-malowanym-imieniem\\\/#breadcrumb\"},\"inLanguage\":\"pl-PL\",\"potentialAction\":[{\"@type\":\"ReadAction\",\"target\":[\"https:\\\/\\\/www.rememberme-forever.com\\\/pl\\\/produkt\\\/recznie-malowana-urna-dziecieca-z-gwiazdkami-i-malowanym-imieniem\\\/\"]}]},{\"@type\":\"ImageObject\",\"inLanguage\":\"pl-PL\",\"@id\":\"https:\\\/\\\/www.rememberme-forever.com\\\/pl\\\/produkt\\\/recznie-malowana-urna-dziecieca-z-gwiazdkami-i-malowanym-imieniem\\\/#primaryimage\",\"url\":\"https:\\\/\\\/www.rememberme-forever.com\\\/wp-content\\\/uploads\\\/2024\\\/12\\\/child-urn-with-name_0001.jpg\",\"contentUrl\":\"https:\\\/\\\/www.rememberme-forever.com\\\/wp-content\\\/uploads\\\/2024\\\/12\\\/child-urn-with-name_0001.jpg\",\"width\":1007,\"height\":1024},{\"@type\":\"BreadcrumbList\",\"@id\":\"https:\\\/\\\/www.rememberme-forever.com\\\/pl\\\/produkt\\\/recznie-malowana-urna-dziecieca-z-gwiazdkami-i-malowanym-imieniem\\\/#breadcrumb\",\"itemListElement\":[{\"@type\":\"ListItem\",\"position\":1,\"name\":\"Home\",\"item\":\"https:\\\/\\\/www.rememberme-forever.com\\\/pl\\\/strona-glowna\\\/\"},{\"@type\":\"ListItem\",\"position\":2,\"name\":\"Sklep\",\"item\":\"https:\\\/\\\/www.rememberme-forever.com\\\/pl\\\/sklep-2\\\/\"},{\"@type\":\"ListItem\",\"position\":3,\"name\":\"R\u0119cznie malowana urna dzieci\u0119ca z gwiazdkami i malowanym imieniem\"}]},{\"@type\":\"WebSite\",\"@id\":\"https:\\\/\\\/www.rememberme-forever.com\\\/pl\\\/#website\",\"url\":\"https:\\\/\\\/www.rememberme-forever.com\\\/pl\\\/\",\"name\":\"Remember Forever\",\"description\":\"Cremation urns, funeral urns, urns for ashes\",\"publisher\":{\"@id\":\"https:\\\/\\\/www.rememberme-forever.com\\\/pl\\\/#organization\"},\"potentialAction\":[{\"@type\":\"SearchAction\",\"target\":{\"@type\":\"EntryPoint\",\"urlTemplate\":\"https:\\\/\\\/www.rememberme-forever.com\\\/pl\\\/?s={search_term_string}\"},\"query-input\":{\"@type\":\"PropertyValueSpecification\",\"valueRequired\":true,\"valueName\":\"search_term_string\"}}],\"inLanguage\":\"pl-PL\"},{\"@type\":\"Organization\",\"@id\":\"https:\\\/\\\/www.rememberme-forever.com\\\/pl\\\/#organization\",\"name\":\"Remember Forever\",\"url\":\"https:\\\/\\\/www.rememberme-forever.com\\\/pl\\\/\",\"logo\":{\"@type\":\"ImageObject\",\"inLanguage\":\"pl-PL\",\"@id\":\"https:\\\/\\\/www.rememberme-forever.com\\\/pl\\\/#\\\/schema\\\/logo\\\/image\\\/\",\"url\":\"https:\\\/\\\/www.rememberme-forever.com\\\/wp-content\\\/uploads\\\/2023\\\/02\\\/logo.png\",\"contentUrl\":\"https:\\\/\\\/www.rememberme-forever.com\\\/wp-content\\\/uploads\\\/2023\\\/02\\\/logo.png\",\"width\":300,\"height\":56,\"caption\":\"Remember Forever\"},\"image\":{\"@id\":\"https:\\\/\\\/www.rememberme-forever.com\\\/pl\\\/#\\\/schema\\\/logo\\\/image\\\/\"}}]}<\/script>\n<!-- \/ Yoast SEO plugin. -->","yoast_head_json":{"title":"R\u0119cznie malowana urna dzieci\u0119ca z gwiazdkami i malowanym imieniem","robots":{"index":"index","follow":"follow","max-snippet":"max-snippet:-1","max-image-preview":"max-image-preview:large","max-video-preview":"max-video-preview:-1"},"canonical":"https:\/\/www.rememberme-forever.com\/pl\/produkt\/recznie-malowana-urna-dziecieca-z-gwiazdkami-i-malowanym-imieniem\/","og_locale":"pl_PL","og_type":"article","og_title":"R\u0119cznie malowana urna dzieci\u0119ca z gwiazdkami i malowanym imieniem","og_description":"\u2611\ufe0f Urna wykonywana na zam\u00f3wienie, czas oczekiwania do 7 dni roboczych","og_url":"https:\/\/www.rememberme-forever.com\/pl\/produkt\/recznie-malowana-urna-dziecieca-z-gwiazdkami-i-malowanym-imieniem\/","og_site_name":"Remember Forever","article_modified_time":"2026-02-02T12:42:00+00:00","og_image":[{"width":1007,"height":1024,"url":"http:\/\/www.rememberme-forever.com\/wp-content\/uploads\/2024\/12\/child-urn-with-name_0001.jpg","type":"image\/jpeg"}],"twitter_card":"summary_large_image","twitter_misc":{"Szacowany czas czytania":"2 minuta"},"schema":{"@context":"https:\/\/schema.org","@graph":[{"@type":"WebPage","@id":"https:\/\/www.rememberme-forever.com\/pl\/produkt\/recznie-malowana-urna-dziecieca-z-gwiazdkami-i-malowanym-imieniem\/","url":"https:\/\/www.rememberme-forever.com\/pl\/produkt\/recznie-malowana-urna-dziecieca-z-gwiazdkami-i-malowanym-imieniem\/","name":"R\u0119cznie malowana urna dzieci\u0119ca z gwiazdkami i malowanym imieniem","isPartOf":{"@id":"https:\/\/www.rememberme-forever.com\/pl\/#website"},"primaryImageOfPage":{"@id":"https:\/\/www.rememberme-forever.com\/pl\/produkt\/recznie-malowana-urna-dziecieca-z-gwiazdkami-i-malowanym-imieniem\/#primaryimage"},"image":{"@id":"https:\/\/www.rememberme-forever.com\/pl\/produkt\/recznie-malowana-urna-dziecieca-z-gwiazdkami-i-malowanym-imieniem\/#primaryimage"},"thumbnailUrl":"https:\/\/www.rememberme-forever.com\/wp-content\/uploads\/2024\/12\/child-urn-with-name_0001.jpg","datePublished":"2024-12-02T11:25:12+00:00","dateModified":"2026-02-02T12:42:00+00:00","breadcrumb":{"@id":"https:\/\/www.rememberme-forever.com\/pl\/produkt\/recznie-malowana-urna-dziecieca-z-gwiazdkami-i-malowanym-imieniem\/#breadcrumb"},"inLanguage":"pl-PL","potentialAction":[{"@type":"ReadAction","target":["https:\/\/www.rememberme-forever.com\/pl\/produkt\/recznie-malowana-urna-dziecieca-z-gwiazdkami-i-malowanym-imieniem\/"]}]},{"@type":"ImageObject","inLanguage":"pl-PL","@id":"https:\/\/www.rememberme-forever.com\/pl\/produkt\/recznie-malowana-urna-dziecieca-z-gwiazdkami-i-malowanym-imieniem\/#primaryimage","url":"https:\/\/www.rememberme-forever.com\/wp-content\/uploads\/2024\/12\/child-urn-with-name_0001.jpg","contentUrl":"https:\/\/www.rememberme-forever.com\/wp-content\/uploads\/2024\/12\/child-urn-with-name_0001.jpg","width":1007,"height":1024},{"@type":"BreadcrumbList","@id":"https:\/\/www.rememberme-forever.com\/pl\/produkt\/recznie-malowana-urna-dziecieca-z-gwiazdkami-i-malowanym-imieniem\/#breadcrumb","itemListElement":[{"@type":"ListItem","position":1,"name":"Home","item":"https:\/\/www.rememberme-forever.com\/pl\/strona-glowna\/"},{"@type":"ListItem","position":2,"name":"Sklep","item":"https:\/\/www.rememberme-forever.com\/pl\/sklep-2\/"},{"@type":"ListItem","position":3,"name":"R\u0119cznie malowana urna dzieci\u0119ca z gwiazdkami i malowanym imieniem"}]},{"@type":"WebSite","@id":"https:\/\/www.rememberme-forever.com\/pl\/#website","url":"https:\/\/www.rememberme-forever.com\/pl\/","name":"Remember Forever","description":"Cremation urns, funeral urns, urns for ashes","publisher":{"@id":"https:\/\/www.rememberme-forever.com\/pl\/#organization"},"potentialAction":[{"@type":"SearchAction","target":{"@type":"EntryPoint","urlTemplate":"https:\/\/www.rememberme-forever.com\/pl\/?s={search_term_string}"},"query-input":{"@type":"PropertyValueSpecification","valueRequired":true,"valueName":"search_term_string"}}],"inLanguage":"pl-PL"},{"@type":"Organization","@id":"https:\/\/www.rememberme-forever.com\/pl\/#organization","name":"Remember Forever","url":"https:\/\/www.rememberme-forever.com\/pl\/","logo":{"@type":"ImageObject","inLanguage":"pl-PL","@id":"https:\/\/www.rememberme-forever.com\/pl\/#\/schema\/logo\/image\/","url":"https:\/\/www.rememberme-forever.com\/wp-content\/uploads\/2023\/02\/logo.png","contentUrl":"https:\/\/www.rememberme-forever.com\/wp-content\/uploads\/2023\/02\/logo.png","width":300,"height":56,"caption":"Remember Forever"},"image":{"@id":"https:\/\/www.rememberme-forever.com\/pl\/#\/schema\/logo\/image\/"}}]}},"acf":[],"_links":{"self":[{"href":"https:\/\/www.rememberme-forever.com\/pl\/wp-json\/wp\/v2\/product\/14925","targetHints":{"allow":["GET"]}}],"collection":[{"href":"https:\/\/www.rememberme-forever.com\/pl\/wp-json\/wp\/v2\/product"}],"about":[{"href":"https:\/\/www.rememberme-forever.com\/pl\/wp-json\/wp\/v2\/types\/product"}],"wp:featuredmedia":[{"embeddable":true,"href":"https:\/\/www.rememberme-forever.com\/pl\/wp-json\/wp\/v2\/media\/14928"}],"wp:attachment":[{"href":"https:\/\/www.rememberme-forever.com\/pl\/wp-json\/wp\/v2\/media?parent=14925"}],"wp:term":[{"taxonomy":"product_brand","embeddable":true,"href":"https:\/\/www.rememberme-forever.com\/pl\/wp-json\/wp\/v2\/product_brand?post=14925"},{"taxonomy":"product_cat","embeddable":true,"href":"https:\/\/www.rememberme-forever.com\/pl\/wp-json\/wp\/v2\/product_cat?post=14925"},{"taxonomy":"product_tag","embeddable":true,"href":"https:\/\/www.rememberme-forever.com\/pl\/wp-json\/wp\/v2\/product_tag?post=14925"}],"curies":[{"name":"wp","href":"https:\/\/api.w.org\/{rel}","templated":true}]}}