{"id":15025,"date":"2024-12-11T10:23:50","date_gmt":"2024-12-11T09:23:50","guid":{"rendered":"https:\/\/www.rememberme-forever.com\/product\/urna-kremacyjna-z-anielskimi-skrzydlami-artystyczna-urna-na-ludzkie-prochy-personalizacja-urny\/"},"modified":"2026-02-02T13:42:00","modified_gmt":"2026-02-02T12:42:00","slug":"urna-kremacyjna-z-anielskimi-skrzydlami-artystyczna-urna-na-ludzkie-prochy-personalizacja-urny","status":"publish","type":"product","link":"https:\/\/www.rememberme-forever.com\/pl\/produkt\/urna-kremacyjna-z-anielskimi-skrzydlami-artystyczna-urna-na-ludzkie-prochy-personalizacja-urny\/","title":{"rendered":"Urna kremacyjna z anielskimi skrzyd\u0142ami Artystyczna urna na ludzkie prochy"},"content":{"rendered":"<p style=\"text-align: center;\">Zachowaj pami\u0119\u0107 ukochanej osoby dzi\u0119ki tej znakomicie zaprojektowanej urnie kremacyjnej, \u0142\u0105cz\u0105cej artyzm, elegancj\u0119 i osobisty sentyment. Kula ze stali nierdzewnej spoczywa na podstawie z polerowanego marmuru, symbolizuj\u0105c ponadczasow\u0105 mi\u0142o\u015b\u0107 i pami\u0119\u0107. Kula jest ozdobiona r\u0119cznie malowanymi skrzyd\u0142ami anio\u0142a, reprezentuj\u0105cymi pok\u00f3j, wiar\u0119 i wieczn\u0105 ochron\u0119.<\/p>\n<div style=\"width: 100%; margin-bottom: 40px; height: max-content; padding-bottom: 60%; position: relative;\"><iframe style=\"position: absolute; top: 0; left: 0; width: 100%; height: 100%;\" src=\"https:\/\/rememberme-urns.com\/artistic-urn-with-angel-wings-for-human-ashes\/\" frameborder=\"0\"><\/iframe><\/div>\n<div style=\"color: red; text-align: center; margin-bottom: 25px;\">&gt;&gt; Obrotowe zdj\u0119cie &#8211; dotknij\/zbli\u017c &lt;&lt;<\/div>\n<h3 style=\"text-align: center;\"><strong>Kluczowe cechy:<\/strong><\/h3>\n<ul>\n<li style=\"text-align: center;\"><strong>Elegancki design:<\/strong> Urna posiada kul\u0119 ze stali nierdzewnej, tworz\u0105c nowoczesn\u0105 i ponadczasow\u0105 estetyk\u0119.<\/li>\n<li style=\"text-align: center;\"><strong>Artystyczne detale:<\/strong> R\u0119cznie malowane skrzyd\u0142a anio\u0142a na kuli dodaj\u0105 odrobin\u0119 symboliki i artyzmu.<\/li>\n<li style=\"text-align: center;\"><strong>Spersonalizowana tabliczka pami\u0105tkowa:<\/strong> Marmurowa podstawa zawiera konfigurowaln\u0105 tabliczk\u0119, umo\u017cliwiaj\u0105c\u0105 wygrawerowanie w\u0142asnej, szczerej wiadomo\u015bci lub imienia zmar\u0142ego.<\/li>\n<li style=\"text-align: center;\"><strong>Materia\u0142y najwy\u017cszej jako\u015bci:<\/strong>\u00a0Urna wykonana z wytrzyma\u0142ej stali nierdzewnej i litego marmuru zosta\u0142a zaprojektowana tak, by przetrwa\u0107 pr\u00f3b\u0119 czasu.<\/li>\n<li style=\"text-align: center;\"><strong>Mechanizm otwierania od do\u0142u:<\/strong> Dyskretny dolny otw\u00f3r zapewnia bezpieczne przechowywanie proch\u00f3w, zapewniaj\u0105c \u0142atwo\u015b\u0107 przesypania proch\u00f3w i bezpieczena przechowywanie szcz\u0105tk\u00f3w ukochanej osoby.<\/li>\n<\/ul>\n<p style=\"text-align: center;\">Ta artystyczna urna kremacyjna to co\u015b wi\u0119cej ni\u017c miejsce spoczynku &#8211; to ho\u0142d dla cennych wspomnie\u0144 i trwa\u0142ej wi\u0119zi z ukochan\u0105 osob\u0105. Idealna do wystawienia podczas uroczysto\u015bci \u017ca\u0142obnych lub w miejscu pami\u0119ci, jest znacz\u0105cym i eleganckim sposobem na uczczenie dobrze prze\u017cytego \u017cycia.<\/p>\n<p style=\"margin: 0px; padding: 0px; font-size: 1em; color: #5c5c5c; font-family: 'Roboto Condensed', 'DM Sans', fallback-font, Arial; font-style: normal; font-variant-ligatures: normal; font-variant-caps: normal; letter-spacing: normal; orphans: 2; text-indent: 0px; text-transform: none; white-space: normal; widows: 2; word-spacing: 0px; -webkit-text-stroke-width: 0px; background-color: #ffffff; text-decoration-thickness: initial; text-decoration-style: initial; text-decoration-color: initial; text-align: center;\" data-mce-fragment=\"1\">&#8212;&#8212;&#8212;&#8212;&#8212;&#8212;&#8212;&#8212;&#8212;&#8212;&#8211;<br \/>\nTa urna nie nadaje si\u0119 do u\u017cytku na zewn\u0105trz.<\/p>\n<p class=\"MsoNormal\" style=\"text-align: center;\" align=\"center\"><b>\u25ba PERSONALIZACJA <\/b><b>\u25c4<\/b><\/p>\n<p class=\"MsoNormal\" style=\"text-align: center;\" align=\"center\"><span lang=\"EN-US\">Spersonalizowana tablica pami\u0105tkowa musi zosta\u0107 spersonalizowana podczas procesu zamawiania. (Nie martw si\u0119, je\u015bli zapomnisz, zawsze mo\u017cesz wys\u0142a\u0107 nam wiadomo\u015b\u0107 p\u00f3\u017aniej).<\/span><\/p>\n<p class=\"MsoNormal\" style=\"text-align: center;\" align=\"center\"><b><span lang=\"EN-US\">Ograniczenia tekstowe s\u0105 nast\u0119puj\u0105ce:<\/span><\/b><\/p>\n<p class=\"MsoNormal\" style=\"text-align: center;\" align=\"center\">&#8211; Imi\u0119 (imiona) do 24 znak\u00f3w<\/p>\n<p class=\"MsoNormal\" style=\"text-align: center;\" align=\"center\"><span lang=\"EN-US\">&#8211; Data urodzenia i \u015bmierci do 24 znak\u00f3w<\/span><\/p>\n<p class=\"MsoNormal\" style=\"text-align: center;\" align=\"center\">&#8211; Trzeci wiersz do 24 znak\u00f3w<\/p>\n<p class=\"MsoNormal\" style=\"text-align: center;\" align=\"center\">&#8211; Czwarty wiersz do 24 znak\u00f3w<\/p>\n<p class=\"MsoNormal\" style=\"text-align: center;\" align=\"center\">&#8211; Pi\u0105ty wiersz do 24 znak\u00f3w<\/p>\n<p class=\"MsoNormal\" style=\"text-align: center;\" align=\"center\"><b><span lang=\"EN-US\">Prosimy o DOK\u0141ADNE SPRAWDZENIE tekstu grawerunku przed dodaniem produktu do koszyka. Kopiujemy i grawerujemy dok\u0142adnie te informacje, kt\u00f3re otrzymujemy wraz z zam\u00f3wieniem i nie wprowadzamy \u017cadnych zmian po naszej stronie.<\/span><\/b><\/p>\n<p class=\"MsoNormal\" style=\"text-align: center;\" align=\"center\"><span lang=\"EN-US\">Sprawd\u017a tekst, aby upewni\u0107 si\u0119, \u017ce pisownia jest poprawna.<\/span><\/p>\n<p class=\"MsoNormal\" style=\"text-align: center;\" align=\"center\">\n","protected":false},"excerpt":{"rendered":"<p><b>\u2611\ufe0f <em style=\"color: red;\">Jeste\u015bmy \u015bwiadomi kr\u00f3tkiego czasu na dostarczenie urny. Urn\u0119 zam\u00f3wion\u0105 do godz. 12.00 w dzie\u0144 roboczy wysy\u0142amy natychmiast.\u00a0<\/em><\/b><\/p>\n","protected":false},"featured_media":15033,"template":"","meta":{"_acf_changed":false},"product_brand":[],"product_cat":[78],"product_tag":[3347],"class_list":{"0":"post-15025","1":"product","2":"type-product","3":"status-publish","4":"has-post-thumbnail","6":"product_cat-urny-artystyczne","7":"product_tag-gpsr-metal_stonebase","8":"product_shipping_class-art-urns-kule-do20cm-pl","10":"first","11":"instock","12":"taxable","13":"shipping-taxable","14":"purchasable","15":"product-type-variable"},"yoast_head":"<!-- This site is optimized with the Yoast SEO plugin v27.4 - https:\/\/yoast.com\/product\/yoast-seo-wordpress\/ -->\n<title>Urna kremacyjna z anielskimi skrzyd\u0142ami Artystyczna urna na ludzkie prochy - Remember Forever<\/title>\n<meta name=\"robots\" content=\"index, follow, max-snippet:-1, max-image-preview:large, max-video-preview:-1\" \/>\n<link rel=\"canonical\" href=\"https:\/\/www.rememberme-forever.com\/pl\/produkt\/urna-kremacyjna-z-anielskimi-skrzydlami-artystyczna-urna-na-ludzkie-prochy-personalizacja-urny\/\" \/>\n<meta property=\"og:locale\" content=\"pl_PL\" \/>\n<meta property=\"og:type\" content=\"article\" \/>\n<meta property=\"og:title\" content=\"Urna kremacyjna z anielskimi skrzyd\u0142ami Artystyczna urna na ludzkie prochy - Remember Forever\" \/>\n<meta property=\"og:description\" content=\"\u2611\ufe0f Jeste\u015bmy \u015bwiadomi kr\u00f3tkiego czasu na dostarczenie urny. Urn\u0119 zam\u00f3wion\u0105 do godz. 12.00 w dzie\u0144 roboczy wysy\u0142amy natychmiast.\u00a0\" \/>\n<meta property=\"og:url\" content=\"https:\/\/www.rememberme-forever.com\/pl\/produkt\/urna-kremacyjna-z-anielskimi-skrzydlami-artystyczna-urna-na-ludzkie-prochy-personalizacja-urny\/\" \/>\n<meta property=\"og:site_name\" content=\"Remember Forever\" \/>\n<meta property=\"article:modified_time\" content=\"2026-02-02T12:42:00+00:00\" \/>\n<meta property=\"og:image\" content=\"http:\/\/www.rememberme-forever.com\/wp-content\/uploads\/2024\/12\/M-S20-WHITE_WINGS_0001.jpg\" \/>\n\t<meta property=\"og:image:width\" content=\"1007\" \/>\n\t<meta property=\"og:image:height\" content=\"1024\" \/>\n\t<meta property=\"og:image:type\" content=\"image\/jpeg\" \/>\n<meta name=\"twitter:card\" content=\"summary_large_image\" \/>\n<meta name=\"twitter:label1\" content=\"Szacowany czas czytania\" \/>\n\t<meta name=\"twitter:data1\" content=\"2 minuta\" \/>\n<script type=\"application\/ld+json\" class=\"yoast-schema-graph\">{\"@context\":\"https:\\\/\\\/schema.org\",\"@graph\":[{\"@type\":\"WebPage\",\"@id\":\"https:\\\/\\\/www.rememberme-forever.com\\\/pl\\\/produkt\\\/urna-kremacyjna-z-anielskimi-skrzydlami-artystyczna-urna-na-ludzkie-prochy-personalizacja-urny\\\/\",\"url\":\"https:\\\/\\\/www.rememberme-forever.com\\\/pl\\\/produkt\\\/urna-kremacyjna-z-anielskimi-skrzydlami-artystyczna-urna-na-ludzkie-prochy-personalizacja-urny\\\/\",\"name\":\"Urna kremacyjna z anielskimi skrzyd\u0142ami Artystyczna urna na ludzkie prochy - Remember Forever\",\"isPartOf\":{\"@id\":\"https:\\\/\\\/www.rememberme-forever.com\\\/pl\\\/#website\"},\"primaryImageOfPage\":{\"@id\":\"https:\\\/\\\/www.rememberme-forever.com\\\/pl\\\/produkt\\\/urna-kremacyjna-z-anielskimi-skrzydlami-artystyczna-urna-na-ludzkie-prochy-personalizacja-urny\\\/#primaryimage\"},\"image\":{\"@id\":\"https:\\\/\\\/www.rememberme-forever.com\\\/pl\\\/produkt\\\/urna-kremacyjna-z-anielskimi-skrzydlami-artystyczna-urna-na-ludzkie-prochy-personalizacja-urny\\\/#primaryimage\"},\"thumbnailUrl\":\"https:\\\/\\\/www.rememberme-forever.com\\\/wp-content\\\/uploads\\\/2024\\\/12\\\/M-S20-WHITE_WINGS_0001.jpg\",\"datePublished\":\"2024-12-11T09:23:50+00:00\",\"dateModified\":\"2026-02-02T12:42:00+00:00\",\"breadcrumb\":{\"@id\":\"https:\\\/\\\/www.rememberme-forever.com\\\/pl\\\/produkt\\\/urna-kremacyjna-z-anielskimi-skrzydlami-artystyczna-urna-na-ludzkie-prochy-personalizacja-urny\\\/#breadcrumb\"},\"inLanguage\":\"pl-PL\",\"potentialAction\":[{\"@type\":\"ReadAction\",\"target\":[\"https:\\\/\\\/www.rememberme-forever.com\\\/pl\\\/produkt\\\/urna-kremacyjna-z-anielskimi-skrzydlami-artystyczna-urna-na-ludzkie-prochy-personalizacja-urny\\\/\"]}]},{\"@type\":\"ImageObject\",\"inLanguage\":\"pl-PL\",\"@id\":\"https:\\\/\\\/www.rememberme-forever.com\\\/pl\\\/produkt\\\/urna-kremacyjna-z-anielskimi-skrzydlami-artystyczna-urna-na-ludzkie-prochy-personalizacja-urny\\\/#primaryimage\",\"url\":\"https:\\\/\\\/www.rememberme-forever.com\\\/wp-content\\\/uploads\\\/2024\\\/12\\\/M-S20-WHITE_WINGS_0001.jpg\",\"contentUrl\":\"https:\\\/\\\/www.rememberme-forever.com\\\/wp-content\\\/uploads\\\/2024\\\/12\\\/M-S20-WHITE_WINGS_0001.jpg\",\"width\":1007,\"height\":1024,\"caption\":\"urn with white wings\"},{\"@type\":\"BreadcrumbList\",\"@id\":\"https:\\\/\\\/www.rememberme-forever.com\\\/pl\\\/produkt\\\/urna-kremacyjna-z-anielskimi-skrzydlami-artystyczna-urna-na-ludzkie-prochy-personalizacja-urny\\\/#breadcrumb\",\"itemListElement\":[{\"@type\":\"ListItem\",\"position\":1,\"name\":\"Home\",\"item\":\"https:\\\/\\\/www.rememberme-forever.com\\\/pl\\\/strona-glowna\\\/\"},{\"@type\":\"ListItem\",\"position\":2,\"name\":\"Sklep\",\"item\":\"https:\\\/\\\/www.rememberme-forever.com\\\/pl\\\/sklep-2\\\/\"},{\"@type\":\"ListItem\",\"position\":3,\"name\":\"Urna kremacyjna z anielskimi skrzyd\u0142ami Artystyczna urna na ludzkie prochy\"}]},{\"@type\":\"WebSite\",\"@id\":\"https:\\\/\\\/www.rememberme-forever.com\\\/pl\\\/#website\",\"url\":\"https:\\\/\\\/www.rememberme-forever.com\\\/pl\\\/\",\"name\":\"Remember Forever\",\"description\":\"Cremation urns, funeral urns, urns for ashes\",\"publisher\":{\"@id\":\"https:\\\/\\\/www.rememberme-forever.com\\\/pl\\\/#organization\"},\"potentialAction\":[{\"@type\":\"SearchAction\",\"target\":{\"@type\":\"EntryPoint\",\"urlTemplate\":\"https:\\\/\\\/www.rememberme-forever.com\\\/pl\\\/?s={search_term_string}\"},\"query-input\":{\"@type\":\"PropertyValueSpecification\",\"valueRequired\":true,\"valueName\":\"search_term_string\"}}],\"inLanguage\":\"pl-PL\"},{\"@type\":\"Organization\",\"@id\":\"https:\\\/\\\/www.rememberme-forever.com\\\/pl\\\/#organization\",\"name\":\"Remember Forever\",\"url\":\"https:\\\/\\\/www.rememberme-forever.com\\\/pl\\\/\",\"logo\":{\"@type\":\"ImageObject\",\"inLanguage\":\"pl-PL\",\"@id\":\"https:\\\/\\\/www.rememberme-forever.com\\\/pl\\\/#\\\/schema\\\/logo\\\/image\\\/\",\"url\":\"https:\\\/\\\/www.rememberme-forever.com\\\/wp-content\\\/uploads\\\/2023\\\/02\\\/logo.png\",\"contentUrl\":\"https:\\\/\\\/www.rememberme-forever.com\\\/wp-content\\\/uploads\\\/2023\\\/02\\\/logo.png\",\"width\":300,\"height\":56,\"caption\":\"Remember Forever\"},\"image\":{\"@id\":\"https:\\\/\\\/www.rememberme-forever.com\\\/pl\\\/#\\\/schema\\\/logo\\\/image\\\/\"}}]}<\/script>\n<!-- \/ Yoast SEO plugin. -->","yoast_head_json":{"title":"Urna kremacyjna z anielskimi skrzyd\u0142ami Artystyczna urna na ludzkie prochy - Remember Forever","robots":{"index":"index","follow":"follow","max-snippet":"max-snippet:-1","max-image-preview":"max-image-preview:large","max-video-preview":"max-video-preview:-1"},"canonical":"https:\/\/www.rememberme-forever.com\/pl\/produkt\/urna-kremacyjna-z-anielskimi-skrzydlami-artystyczna-urna-na-ludzkie-prochy-personalizacja-urny\/","og_locale":"pl_PL","og_type":"article","og_title":"Urna kremacyjna z anielskimi skrzyd\u0142ami Artystyczna urna na ludzkie prochy - Remember Forever","og_description":"\u2611\ufe0f Jeste\u015bmy \u015bwiadomi kr\u00f3tkiego czasu na dostarczenie urny. Urn\u0119 zam\u00f3wion\u0105 do godz. 12.00 w dzie\u0144 roboczy wysy\u0142amy natychmiast.\u00a0","og_url":"https:\/\/www.rememberme-forever.com\/pl\/produkt\/urna-kremacyjna-z-anielskimi-skrzydlami-artystyczna-urna-na-ludzkie-prochy-personalizacja-urny\/","og_site_name":"Remember Forever","article_modified_time":"2026-02-02T12:42:00+00:00","og_image":[{"width":1007,"height":1024,"url":"http:\/\/www.rememberme-forever.com\/wp-content\/uploads\/2024\/12\/M-S20-WHITE_WINGS_0001.jpg","type":"image\/jpeg"}],"twitter_card":"summary_large_image","twitter_misc":{"Szacowany czas czytania":"2 minuta"},"schema":{"@context":"https:\/\/schema.org","@graph":[{"@type":"WebPage","@id":"https:\/\/www.rememberme-forever.com\/pl\/produkt\/urna-kremacyjna-z-anielskimi-skrzydlami-artystyczna-urna-na-ludzkie-prochy-personalizacja-urny\/","url":"https:\/\/www.rememberme-forever.com\/pl\/produkt\/urna-kremacyjna-z-anielskimi-skrzydlami-artystyczna-urna-na-ludzkie-prochy-personalizacja-urny\/","name":"Urna kremacyjna z anielskimi skrzyd\u0142ami Artystyczna urna na ludzkie prochy - Remember Forever","isPartOf":{"@id":"https:\/\/www.rememberme-forever.com\/pl\/#website"},"primaryImageOfPage":{"@id":"https:\/\/www.rememberme-forever.com\/pl\/produkt\/urna-kremacyjna-z-anielskimi-skrzydlami-artystyczna-urna-na-ludzkie-prochy-personalizacja-urny\/#primaryimage"},"image":{"@id":"https:\/\/www.rememberme-forever.com\/pl\/produkt\/urna-kremacyjna-z-anielskimi-skrzydlami-artystyczna-urna-na-ludzkie-prochy-personalizacja-urny\/#primaryimage"},"thumbnailUrl":"https:\/\/www.rememberme-forever.com\/wp-content\/uploads\/2024\/12\/M-S20-WHITE_WINGS_0001.jpg","datePublished":"2024-12-11T09:23:50+00:00","dateModified":"2026-02-02T12:42:00+00:00","breadcrumb":{"@id":"https:\/\/www.rememberme-forever.com\/pl\/produkt\/urna-kremacyjna-z-anielskimi-skrzydlami-artystyczna-urna-na-ludzkie-prochy-personalizacja-urny\/#breadcrumb"},"inLanguage":"pl-PL","potentialAction":[{"@type":"ReadAction","target":["https:\/\/www.rememberme-forever.com\/pl\/produkt\/urna-kremacyjna-z-anielskimi-skrzydlami-artystyczna-urna-na-ludzkie-prochy-personalizacja-urny\/"]}]},{"@type":"ImageObject","inLanguage":"pl-PL","@id":"https:\/\/www.rememberme-forever.com\/pl\/produkt\/urna-kremacyjna-z-anielskimi-skrzydlami-artystyczna-urna-na-ludzkie-prochy-personalizacja-urny\/#primaryimage","url":"https:\/\/www.rememberme-forever.com\/wp-content\/uploads\/2024\/12\/M-S20-WHITE_WINGS_0001.jpg","contentUrl":"https:\/\/www.rememberme-forever.com\/wp-content\/uploads\/2024\/12\/M-S20-WHITE_WINGS_0001.jpg","width":1007,"height":1024,"caption":"urn with white wings"},{"@type":"BreadcrumbList","@id":"https:\/\/www.rememberme-forever.com\/pl\/produkt\/urna-kremacyjna-z-anielskimi-skrzydlami-artystyczna-urna-na-ludzkie-prochy-personalizacja-urny\/#breadcrumb","itemListElement":[{"@type":"ListItem","position":1,"name":"Home","item":"https:\/\/www.rememberme-forever.com\/pl\/strona-glowna\/"},{"@type":"ListItem","position":2,"name":"Sklep","item":"https:\/\/www.rememberme-forever.com\/pl\/sklep-2\/"},{"@type":"ListItem","position":3,"name":"Urna kremacyjna z anielskimi skrzyd\u0142ami Artystyczna urna na ludzkie prochy"}]},{"@type":"WebSite","@id":"https:\/\/www.rememberme-forever.com\/pl\/#website","url":"https:\/\/www.rememberme-forever.com\/pl\/","name":"Remember Forever","description":"Cremation urns, funeral urns, urns for ashes","publisher":{"@id":"https:\/\/www.rememberme-forever.com\/pl\/#organization"},"potentialAction":[{"@type":"SearchAction","target":{"@type":"EntryPoint","urlTemplate":"https:\/\/www.rememberme-forever.com\/pl\/?s={search_term_string}"},"query-input":{"@type":"PropertyValueSpecification","valueRequired":true,"valueName":"search_term_string"}}],"inLanguage":"pl-PL"},{"@type":"Organization","@id":"https:\/\/www.rememberme-forever.com\/pl\/#organization","name":"Remember Forever","url":"https:\/\/www.rememberme-forever.com\/pl\/","logo":{"@type":"ImageObject","inLanguage":"pl-PL","@id":"https:\/\/www.rememberme-forever.com\/pl\/#\/schema\/logo\/image\/","url":"https:\/\/www.rememberme-forever.com\/wp-content\/uploads\/2023\/02\/logo.png","contentUrl":"https:\/\/www.rememberme-forever.com\/wp-content\/uploads\/2023\/02\/logo.png","width":300,"height":56,"caption":"Remember Forever"},"image":{"@id":"https:\/\/www.rememberme-forever.com\/pl\/#\/schema\/logo\/image\/"}}]}},"acf":[],"_links":{"self":[{"href":"https:\/\/www.rememberme-forever.com\/pl\/wp-json\/wp\/v2\/product\/15025","targetHints":{"allow":["GET"]}}],"collection":[{"href":"https:\/\/www.rememberme-forever.com\/pl\/wp-json\/wp\/v2\/product"}],"about":[{"href":"https:\/\/www.rememberme-forever.com\/pl\/wp-json\/wp\/v2\/types\/product"}],"wp:featuredmedia":[{"embeddable":true,"href":"https:\/\/www.rememberme-forever.com\/pl\/wp-json\/wp\/v2\/media\/15033"}],"wp:attachment":[{"href":"https:\/\/www.rememberme-forever.com\/pl\/wp-json\/wp\/v2\/media?parent=15025"}],"wp:term":[{"taxonomy":"product_brand","embeddable":true,"href":"https:\/\/www.rememberme-forever.com\/pl\/wp-json\/wp\/v2\/product_brand?post=15025"},{"taxonomy":"product_cat","embeddable":true,"href":"https:\/\/www.rememberme-forever.com\/pl\/wp-json\/wp\/v2\/product_cat?post=15025"},{"taxonomy":"product_tag","embeddable":true,"href":"https:\/\/www.rememberme-forever.com\/pl\/wp-json\/wp\/v2\/product_tag?post=15025"}],"curies":[{"name":"wp","href":"https:\/\/api.w.org\/{rel}","templated":true}]}}