{"id":15141,"date":"2025-01-28T09:13:56","date_gmt":"2025-01-28T08:13:56","guid":{"rendered":"https:\/\/www.rememberme-forever.com\/product\/nowoczesna-urna-kremacyjna-solidna-drewniana-urna-dla-osoby-doroslej-personalizowana-urna\/"},"modified":"2026-02-02T13:41:15","modified_gmt":"2026-02-02T12:41:15","slug":"nowoczesna-urna-kremacyjna-solidna-drewniana-urna-dla-osoby-doroslej-personalizowana-urna","status":"publish","type":"product","link":"https:\/\/www.rememberme-forever.com\/pl\/produkt\/nowoczesna-urna-kremacyjna-solidna-drewniana-urna-dla-osoby-doroslej-personalizowana-urna\/","title":{"rendered":"Nowoczesna urna kremacyjna Solidna drewniana urna dla osoby doros\u0142ej"},"content":{"rendered":"<p style=\"text-align: center;\">Uhonoruj ukochan\u0105 osob\u0119 nasz\u0105 nowoczesn\u0105 urn\u0105 kremacyjn\u0105, ponadczasowym i eleganckim miejscem ostatniego spoczynku. Urna wykonana z wysokiej jako\u015bci litego drewna \u0142\u0105czy w sobie naturalne pi\u0119kno i trwa\u0142o\u015b\u0107, oferuj\u0105c spokojne miejsce spoczynku dla ukochanej osoby. Jej g\u0142adkie wyko\u0144czenie i minimalistyczny design p\u0142ynnie \u0142\u0105cz\u0105 tradycj\u0119 z nowoczesn\u0105 estetyk\u0105, czyni\u0105c j\u0105 odpowiednim ho\u0142dem dla ka\u017cdego nabo\u017ce\u0144stwa \u017ca\u0142obnego.<\/p>\n<div style=\"width: 100%; margin-bottom: 40px; height: max-content; padding-bottom: 60%; position: relative;\"><iframe style=\"position: absolute; top: 0; left: 0; width: 100%; height: 100%;\" src=\"https:\/\/rememberme-urns.com\/solid-wooden-geometric-urn-black-frame\/\" frameborder=\"0\"><\/iframe><\/div>\n<div style=\"color: red; text-align: center; margin-bottom: 25px;\">&gt;&gt; Obrotowe zdj\u0119cie &#8211; dotknij\/zbli\u017c &lt;&lt;<\/div>\n<p style=\"text-align: center;\"><b>Kluczowe cechy:<\/b><\/p>\n<p style=\"text-align: center;\">Wysokiej jako\u015bci lite drewno: urna fachowo wykonana z solidnego drewna zapewniaj\u0105cego trwa\u0142o\u015b\u0107 i naturalny urok.<\/p>\n<p style=\"text-align: center;\">Spersonalizowany dotyk: Dostosuj za pomoc\u0105 wygrawerowanych imion, dat lub szczerych wiadomo\u015bci, aby stworzy\u0107 wyj\u0105tkow\u0105 i znacz\u0105c\u0105 pami\u0105tk\u0119.<\/p>\n<p style=\"text-align: center;\">Elegancki design: Elegancka i nowoczesna sylwetka z wyrafinowanym wyko\u0144czeniem.<\/p>\n<p style=\"text-align: center;\">Bezpieczne zamkni\u0119cie: Zaprojektowany z bezpieczn\u0105 doln\u0105 pokryw\u0105, aby chroni\u0107 i zachowa\u0107 szcz\u0105tki ukochanej osoby.<\/p>\n<p style=\"text-align: center;\">Du\u017ca pojemno\u015b\u0107: Odpowiedni dla szcz\u0105tk\u00f3w os\u00f3b doros\u0142ych, zapewniaj\u0105c odpowiednie i pe\u0142ne szacunku miejsce spoczynku.<\/p>\n<p style=\"text-align: center;\">Niezale\u017cnie od tego, czy jest wystawiana podczas nabo\u017ce\u0144stwa, czy pochowana, ta drewniana urna kremacyjna stanowi pi\u0119kny spos\u00f3b na upami\u0119tnienie dobrze prze\u017cytego \u017cycia. Opcje personalizacji sprawiaj\u0105, \u017ce jest ona naprawd\u0119 jedyna w swoim rodzaju, pozwalaj\u0105c ci uczci\u0107 ich pami\u0119\u0107 w spos\u00f3b, kt\u00f3ry ma wyj\u0105tkowe znaczenie dla ciebie i twojej rodziny.<\/p>\n<p style=\"text-align: center;\">Zachowaj ich dziedzictwo z wdzi\u0119kiem i mi\u0142o\u015bci\u0105.<\/p>\n<p class=\"MsoNormal\" style=\"text-align: center; margin-bottom: 7.5pt; line-height: 15.75pt; background-image: initial; background-position: initial; background-size: initial; background-repeat: initial; background-attachment: initial;\"><b><span style=\"font-size: 10pt; font-family: Helvetica, sans-serif;\">\u25ba PERSONALIZACJA \u25c4<\/span><\/b><\/p>\n<ul type=\"disc\">\n<li class=\"MsoNormal\" style=\"text-align: center; line-height: normal; background-image: initial; background-position: initial; background-size: initial; background-repeat: initial; background-attachment: initial;\"><span lang=\"EN-US\" style=\"font-size: 10.5pt;\">Je\u015bli wybierzesz spersonalizowan\u0105 tabliczk\u0119, wpisz tekst w odpowiednim miejscu lub wy\u015blij nam wiadomo\u015b\u0107.<\/span><\/li>\n<li class=\"MsoNormal\" style=\"text-align: center; line-height: normal; background-image: initial; background-position: initial; background-size: initial; background-repeat: initial; background-attachment: initial;\"><span lang=\"EN-US\" style=\"font-size: 10.5pt;\">Spersonalizowana tabliczka pami\u0105tkowa musi zosta\u0107 dostosowana podczas procesu zamawiania. (Nie martw si\u0119, je\u015bli zapomnisz, zawsze mo\u017cesz wys\u0142a\u0107 nam wiadomo\u015b\u0107 p\u00f3\u017aniej).<\/span><\/li>\n<\/ul>\n<p class=\"MsoNormal\" style=\"text-align: center; margin-bottom: 7.5pt; line-height: 15.75pt; background-image: initial; background-position: initial; background-size: initial; background-repeat: initial; background-attachment: initial;\"><b><span lang=\"EN-US\" style=\"font-size: 10pt; font-family: Helvetica, sans-serif;\">Ograniczenia tekstowe s\u0105 nast\u0119puj\u0105ce:<\/span><\/b><\/p>\n<ul type=\"disc\">\n<li class=\"MsoNormal\" style=\"text-align: center; line-height: normal; background-image: initial; background-position: initial; background-size: initial; background-repeat: initial; background-attachment: initial;\"><span style=\"font-size: 10.5pt;\">Imi\u0119 (imiona) do 24 znak\u00f3w<\/span><\/li>\n<li class=\"MsoNormal\" style=\"text-align: center; line-height: normal; background-image: initial; background-position: initial; background-size: initial; background-repeat: initial; background-attachment: initial;\"><span lang=\"EN-US\" style=\"font-size: 10.5pt;\">Data urodzenia i \u015bmierci do 24 znak\u00f3w<\/span><\/li>\n<li class=\"MsoNormal\" style=\"text-align: center; line-height: normal; background-image: initial; background-position: initial; background-size: initial; background-repeat: initial; background-attachment: initial;\"><span style=\"font-size: 10.5pt;\">Trzecia linia do 24 znak\u00f3w<\/span><\/li>\n<li class=\"MsoNormal\" style=\"text-align: center; line-height: normal; background-image: initial; background-position: initial; background-size: initial; background-repeat: initial; background-attachment: initial;\"><span style=\"font-size: 10.5pt;\">Czwarty wiersz do 24 znak\u00f3w<\/span><\/li>\n<li class=\"MsoNormal\" style=\"text-align: center; line-height: normal; background-image: initial; background-position: initial; background-size: initial; background-repeat: initial; background-attachment: initial;\"><span style=\"font-size: 10.5pt;\">Pi\u0105ty wiersz do 24 znak\u00f3w<\/span><\/li>\n<li class=\"MsoNormal\" style=\"text-align: center; line-height: normal; background-image: initial; background-position: initial; background-size: initial; background-repeat: initial; background-attachment: initial;\"><span style=\"font-size: 10.5pt;\">Sz\u00f3sty wiersz do 24 znak\u00f3w<\/span><\/li>\n<\/ul>\n<p class=\"MsoNormal\" style=\"text-align: center; margin-bottom: 7.5pt; line-height: 15.75pt; background-image: initial; background-position: initial; background-size: initial; background-repeat: initial; background-attachment: initial;\"><b><span lang=\"EN-US\" style=\"font-size: 10pt; font-family: Helvetica, sans-serif;\">Prosimy o DOK\u0141ADNE SPRAWDZENIE tekstu grawerunku przed dodaniem produktu do koszyka. Kopiujemy i grawerujemy dok\u0142adnie te informacje, kt\u00f3re otrzymujemy wraz z zam\u00f3wieniem i nie wprowadzamy \u017cadnych zmian po naszej stronie.<\/span><\/b><\/p>\n<ul type=\"disc\">\n<li class=\"MsoNormal\" style=\"text-align: center; line-height: normal; background-image: initial; background-position: initial; background-size: initial; background-repeat: initial; background-attachment: initial;\"><span lang=\"EN-US\" style=\"font-size: 10.5pt;\">Sprawd\u017a tekst, aby upewni\u0107 si\u0119, \u017ce pisownia jest poprawna.<\/span><\/li>\n<li class=\"MsoNormal\" style=\"text-align: center; line-height: normal; background-image: initial; background-position: initial; background-size: initial; background-repeat: initial; background-attachment: initial;\"><b><span lang=\"EN-US\" style=\"font-size: 10.5pt;\">NIE<\/span><\/b><span lang=\"EN-US\" style=\"font-size: 10.5pt;\"> wprowadzaj informacji o grawerowaniu, je\u015bli kupujesz opcj\u0119 &#8222;Urna bez tabliczki&#8221;.<\/span><\/li>\n<\/ul>\n<div style=\"text-align: center;\"><\/div>\n<div>\n<div style=\"text-align: center;\"><b>Tablica pami\u0105tkowa zostanie dodana osobno wraz ze stojakiem, jak na zdj\u0119ciu.<\/b><\/div>\n<div style=\"text-align: center;\"><b>(Stojak na tablic\u0119 pami\u0105tkow\u0105 jest wykonany z przezroczystego pleksiglasu).<\/b><\/div>\n<\/div>\n","protected":false},"excerpt":{"rendered":"<p><b>\u2611\ufe0f <em style=\"color: red;\">Jeste\u015bmy \u015bwiadomi kr\u00f3tkiego czasu na dostarczenie urny. Urn\u0119 zam\u00f3wion\u0105 do godz. 12.00 w dzie\u0144 roboczy wysy\u0142amy natychmiast.\u00a0<\/em><\/b><\/p>\n","protected":false},"featured_media":15170,"template":"","meta":{"_acf_changed":false},"product_brand":[2398],"product_cat":[93],"product_tag":[3308],"class_list":{"0":"post-15141","1":"product","2":"type-product","3":"status-publish","4":"has-post-thumbnail","6":"product_brand-remember-forever-pl","7":"product_cat-urny-drewniane","8":"product_tag-gpsr-all-wood-urns","9":"product_shipping_class-wood-urns-pl","11":"first","12":"instock","13":"taxable","14":"shipping-taxable","15":"purchasable","16":"product-type-variable"},"yoast_head":"<!-- This site is optimized with the Yoast SEO plugin v27.4 - https:\/\/yoast.com\/product\/yoast-seo-wordpress\/ -->\n<title>Nowoczesna urna kremacyjna Solidna drewniana urna dla osoby doros\u0142ej<\/title>\n<meta name=\"robots\" content=\"index, follow, max-snippet:-1, max-image-preview:large, max-video-preview:-1\" \/>\n<link rel=\"canonical\" href=\"https:\/\/www.rememberme-forever.com\/pl\/produkt\/nowoczesna-urna-kremacyjna-solidna-drewniana-urna-dla-osoby-doroslej-personalizowana-urna\/\" \/>\n<meta property=\"og:locale\" content=\"pl_PL\" \/>\n<meta property=\"og:type\" content=\"article\" \/>\n<meta property=\"og:title\" content=\"Nowoczesna urna kremacyjna Solidna drewniana urna dla osoby doros\u0142ej\" \/>\n<meta property=\"og:description\" content=\"\u2611\ufe0f Jeste\u015bmy \u015bwiadomi kr\u00f3tkiego czasu na dostarczenie urny. Urn\u0119 zam\u00f3wion\u0105 do godz. 12.00 w dzie\u0144 roboczy wysy\u0142amy natychmiast.\u00a0\" \/>\n<meta property=\"og:url\" content=\"https:\/\/www.rememberme-forever.com\/pl\/produkt\/nowoczesna-urna-kremacyjna-solidna-drewniana-urna-dla-osoby-doroslej-personalizowana-urna\/\" \/>\n<meta property=\"og:site_name\" content=\"Remember Forever\" \/>\n<meta property=\"article:modified_time\" content=\"2026-02-02T12:41:15+00:00\" \/>\n<meta property=\"og:image\" content=\"http:\/\/www.rememberme-forever.com\/wp-content\/uploads\/2025\/01\/modern-wooden-box-for-ashes_0002a3plaque.jpg\" \/>\n\t<meta property=\"og:image:width\" content=\"1007\" \/>\n\t<meta property=\"og:image:height\" content=\"1024\" \/>\n\t<meta property=\"og:image:type\" content=\"image\/jpeg\" \/>\n<meta name=\"twitter:card\" content=\"summary_large_image\" \/>\n<meta name=\"twitter:label1\" content=\"Szacowany czas czytania\" \/>\n\t<meta name=\"twitter:data1\" content=\"2 minuta\" \/>\n<script type=\"application\/ld+json\" class=\"yoast-schema-graph\">{\"@context\":\"https:\\\/\\\/schema.org\",\"@graph\":[{\"@type\":\"WebPage\",\"@id\":\"https:\\\/\\\/www.rememberme-forever.com\\\/pl\\\/produkt\\\/nowoczesna-urna-kremacyjna-solidna-drewniana-urna-dla-osoby-doroslej-personalizowana-urna\\\/\",\"url\":\"https:\\\/\\\/www.rememberme-forever.com\\\/pl\\\/produkt\\\/nowoczesna-urna-kremacyjna-solidna-drewniana-urna-dla-osoby-doroslej-personalizowana-urna\\\/\",\"name\":\"Nowoczesna urna kremacyjna Solidna drewniana urna dla osoby doros\u0142ej\",\"isPartOf\":{\"@id\":\"https:\\\/\\\/www.rememberme-forever.com\\\/pl\\\/#website\"},\"primaryImageOfPage\":{\"@id\":\"https:\\\/\\\/www.rememberme-forever.com\\\/pl\\\/produkt\\\/nowoczesna-urna-kremacyjna-solidna-drewniana-urna-dla-osoby-doroslej-personalizowana-urna\\\/#primaryimage\"},\"image\":{\"@id\":\"https:\\\/\\\/www.rememberme-forever.com\\\/pl\\\/produkt\\\/nowoczesna-urna-kremacyjna-solidna-drewniana-urna-dla-osoby-doroslej-personalizowana-urna\\\/#primaryimage\"},\"thumbnailUrl\":\"https:\\\/\\\/www.rememberme-forever.com\\\/wp-content\\\/uploads\\\/2025\\\/01\\\/modern-wooden-box-for-ashes_0002a3plaque.jpg\",\"datePublished\":\"2025-01-28T08:13:56+00:00\",\"dateModified\":\"2026-02-02T12:41:15+00:00\",\"breadcrumb\":{\"@id\":\"https:\\\/\\\/www.rememberme-forever.com\\\/pl\\\/produkt\\\/nowoczesna-urna-kremacyjna-solidna-drewniana-urna-dla-osoby-doroslej-personalizowana-urna\\\/#breadcrumb\"},\"inLanguage\":\"pl-PL\",\"potentialAction\":[{\"@type\":\"ReadAction\",\"target\":[\"https:\\\/\\\/www.rememberme-forever.com\\\/pl\\\/produkt\\\/nowoczesna-urna-kremacyjna-solidna-drewniana-urna-dla-osoby-doroslej-personalizowana-urna\\\/\"]}]},{\"@type\":\"ImageObject\",\"inLanguage\":\"pl-PL\",\"@id\":\"https:\\\/\\\/www.rememberme-forever.com\\\/pl\\\/produkt\\\/nowoczesna-urna-kremacyjna-solidna-drewniana-urna-dla-osoby-doroslej-personalizowana-urna\\\/#primaryimage\",\"url\":\"https:\\\/\\\/www.rememberme-forever.com\\\/wp-content\\\/uploads\\\/2025\\\/01\\\/modern-wooden-box-for-ashes_0002a3plaque.jpg\",\"contentUrl\":\"https:\\\/\\\/www.rememberme-forever.com\\\/wp-content\\\/uploads\\\/2025\\\/01\\\/modern-wooden-box-for-ashes_0002a3plaque.jpg\",\"width\":1007,\"height\":1024,\"caption\":\"modern wooden box for ashes\"},{\"@type\":\"BreadcrumbList\",\"@id\":\"https:\\\/\\\/www.rememberme-forever.com\\\/pl\\\/produkt\\\/nowoczesna-urna-kremacyjna-solidna-drewniana-urna-dla-osoby-doroslej-personalizowana-urna\\\/#breadcrumb\",\"itemListElement\":[{\"@type\":\"ListItem\",\"position\":1,\"name\":\"Home\",\"item\":\"https:\\\/\\\/www.rememberme-forever.com\\\/pl\\\/strona-glowna\\\/\"},{\"@type\":\"ListItem\",\"position\":2,\"name\":\"Sklep\",\"item\":\"https:\\\/\\\/www.rememberme-forever.com\\\/pl\\\/sklep-2\\\/\"},{\"@type\":\"ListItem\",\"position\":3,\"name\":\"Nowoczesna urna kremacyjna Solidna drewniana urna dla osoby doros\u0142ej\"}]},{\"@type\":\"WebSite\",\"@id\":\"https:\\\/\\\/www.rememberme-forever.com\\\/pl\\\/#website\",\"url\":\"https:\\\/\\\/www.rememberme-forever.com\\\/pl\\\/\",\"name\":\"Remember Forever\",\"description\":\"Cremation urns, funeral urns, urns for ashes\",\"publisher\":{\"@id\":\"https:\\\/\\\/www.rememberme-forever.com\\\/pl\\\/#organization\"},\"potentialAction\":[{\"@type\":\"SearchAction\",\"target\":{\"@type\":\"EntryPoint\",\"urlTemplate\":\"https:\\\/\\\/www.rememberme-forever.com\\\/pl\\\/?s={search_term_string}\"},\"query-input\":{\"@type\":\"PropertyValueSpecification\",\"valueRequired\":true,\"valueName\":\"search_term_string\"}}],\"inLanguage\":\"pl-PL\"},{\"@type\":\"Organization\",\"@id\":\"https:\\\/\\\/www.rememberme-forever.com\\\/pl\\\/#organization\",\"name\":\"Remember Forever\",\"url\":\"https:\\\/\\\/www.rememberme-forever.com\\\/pl\\\/\",\"logo\":{\"@type\":\"ImageObject\",\"inLanguage\":\"pl-PL\",\"@id\":\"https:\\\/\\\/www.rememberme-forever.com\\\/pl\\\/#\\\/schema\\\/logo\\\/image\\\/\",\"url\":\"https:\\\/\\\/www.rememberme-forever.com\\\/wp-content\\\/uploads\\\/2023\\\/02\\\/logo.png\",\"contentUrl\":\"https:\\\/\\\/www.rememberme-forever.com\\\/wp-content\\\/uploads\\\/2023\\\/02\\\/logo.png\",\"width\":300,\"height\":56,\"caption\":\"Remember Forever\"},\"image\":{\"@id\":\"https:\\\/\\\/www.rememberme-forever.com\\\/pl\\\/#\\\/schema\\\/logo\\\/image\\\/\"}}]}<\/script>\n<!-- \/ Yoast SEO plugin. -->","yoast_head_json":{"title":"Nowoczesna urna kremacyjna Solidna drewniana urna dla osoby doros\u0142ej","robots":{"index":"index","follow":"follow","max-snippet":"max-snippet:-1","max-image-preview":"max-image-preview:large","max-video-preview":"max-video-preview:-1"},"canonical":"https:\/\/www.rememberme-forever.com\/pl\/produkt\/nowoczesna-urna-kremacyjna-solidna-drewniana-urna-dla-osoby-doroslej-personalizowana-urna\/","og_locale":"pl_PL","og_type":"article","og_title":"Nowoczesna urna kremacyjna Solidna drewniana urna dla osoby doros\u0142ej","og_description":"\u2611\ufe0f Jeste\u015bmy \u015bwiadomi kr\u00f3tkiego czasu na dostarczenie urny. Urn\u0119 zam\u00f3wion\u0105 do godz. 12.00 w dzie\u0144 roboczy wysy\u0142amy natychmiast.\u00a0","og_url":"https:\/\/www.rememberme-forever.com\/pl\/produkt\/nowoczesna-urna-kremacyjna-solidna-drewniana-urna-dla-osoby-doroslej-personalizowana-urna\/","og_site_name":"Remember Forever","article_modified_time":"2026-02-02T12:41:15+00:00","og_image":[{"width":1007,"height":1024,"url":"http:\/\/www.rememberme-forever.com\/wp-content\/uploads\/2025\/01\/modern-wooden-box-for-ashes_0002a3plaque.jpg","type":"image\/jpeg"}],"twitter_card":"summary_large_image","twitter_misc":{"Szacowany czas czytania":"2 minuta"},"schema":{"@context":"https:\/\/schema.org","@graph":[{"@type":"WebPage","@id":"https:\/\/www.rememberme-forever.com\/pl\/produkt\/nowoczesna-urna-kremacyjna-solidna-drewniana-urna-dla-osoby-doroslej-personalizowana-urna\/","url":"https:\/\/www.rememberme-forever.com\/pl\/produkt\/nowoczesna-urna-kremacyjna-solidna-drewniana-urna-dla-osoby-doroslej-personalizowana-urna\/","name":"Nowoczesna urna kremacyjna Solidna drewniana urna dla osoby doros\u0142ej","isPartOf":{"@id":"https:\/\/www.rememberme-forever.com\/pl\/#website"},"primaryImageOfPage":{"@id":"https:\/\/www.rememberme-forever.com\/pl\/produkt\/nowoczesna-urna-kremacyjna-solidna-drewniana-urna-dla-osoby-doroslej-personalizowana-urna\/#primaryimage"},"image":{"@id":"https:\/\/www.rememberme-forever.com\/pl\/produkt\/nowoczesna-urna-kremacyjna-solidna-drewniana-urna-dla-osoby-doroslej-personalizowana-urna\/#primaryimage"},"thumbnailUrl":"https:\/\/www.rememberme-forever.com\/wp-content\/uploads\/2025\/01\/modern-wooden-box-for-ashes_0002a3plaque.jpg","datePublished":"2025-01-28T08:13:56+00:00","dateModified":"2026-02-02T12:41:15+00:00","breadcrumb":{"@id":"https:\/\/www.rememberme-forever.com\/pl\/produkt\/nowoczesna-urna-kremacyjna-solidna-drewniana-urna-dla-osoby-doroslej-personalizowana-urna\/#breadcrumb"},"inLanguage":"pl-PL","potentialAction":[{"@type":"ReadAction","target":["https:\/\/www.rememberme-forever.com\/pl\/produkt\/nowoczesna-urna-kremacyjna-solidna-drewniana-urna-dla-osoby-doroslej-personalizowana-urna\/"]}]},{"@type":"ImageObject","inLanguage":"pl-PL","@id":"https:\/\/www.rememberme-forever.com\/pl\/produkt\/nowoczesna-urna-kremacyjna-solidna-drewniana-urna-dla-osoby-doroslej-personalizowana-urna\/#primaryimage","url":"https:\/\/www.rememberme-forever.com\/wp-content\/uploads\/2025\/01\/modern-wooden-box-for-ashes_0002a3plaque.jpg","contentUrl":"https:\/\/www.rememberme-forever.com\/wp-content\/uploads\/2025\/01\/modern-wooden-box-for-ashes_0002a3plaque.jpg","width":1007,"height":1024,"caption":"modern wooden box for ashes"},{"@type":"BreadcrumbList","@id":"https:\/\/www.rememberme-forever.com\/pl\/produkt\/nowoczesna-urna-kremacyjna-solidna-drewniana-urna-dla-osoby-doroslej-personalizowana-urna\/#breadcrumb","itemListElement":[{"@type":"ListItem","position":1,"name":"Home","item":"https:\/\/www.rememberme-forever.com\/pl\/strona-glowna\/"},{"@type":"ListItem","position":2,"name":"Sklep","item":"https:\/\/www.rememberme-forever.com\/pl\/sklep-2\/"},{"@type":"ListItem","position":3,"name":"Nowoczesna urna kremacyjna Solidna drewniana urna dla osoby doros\u0142ej"}]},{"@type":"WebSite","@id":"https:\/\/www.rememberme-forever.com\/pl\/#website","url":"https:\/\/www.rememberme-forever.com\/pl\/","name":"Remember Forever","description":"Cremation urns, funeral urns, urns for ashes","publisher":{"@id":"https:\/\/www.rememberme-forever.com\/pl\/#organization"},"potentialAction":[{"@type":"SearchAction","target":{"@type":"EntryPoint","urlTemplate":"https:\/\/www.rememberme-forever.com\/pl\/?s={search_term_string}"},"query-input":{"@type":"PropertyValueSpecification","valueRequired":true,"valueName":"search_term_string"}}],"inLanguage":"pl-PL"},{"@type":"Organization","@id":"https:\/\/www.rememberme-forever.com\/pl\/#organization","name":"Remember Forever","url":"https:\/\/www.rememberme-forever.com\/pl\/","logo":{"@type":"ImageObject","inLanguage":"pl-PL","@id":"https:\/\/www.rememberme-forever.com\/pl\/#\/schema\/logo\/image\/","url":"https:\/\/www.rememberme-forever.com\/wp-content\/uploads\/2023\/02\/logo.png","contentUrl":"https:\/\/www.rememberme-forever.com\/wp-content\/uploads\/2023\/02\/logo.png","width":300,"height":56,"caption":"Remember Forever"},"image":{"@id":"https:\/\/www.rememberme-forever.com\/pl\/#\/schema\/logo\/image\/"}}]}},"acf":[],"_links":{"self":[{"href":"https:\/\/www.rememberme-forever.com\/pl\/wp-json\/wp\/v2\/product\/15141","targetHints":{"allow":["GET"]}}],"collection":[{"href":"https:\/\/www.rememberme-forever.com\/pl\/wp-json\/wp\/v2\/product"}],"about":[{"href":"https:\/\/www.rememberme-forever.com\/pl\/wp-json\/wp\/v2\/types\/product"}],"wp:featuredmedia":[{"embeddable":true,"href":"https:\/\/www.rememberme-forever.com\/pl\/wp-json\/wp\/v2\/media\/15170"}],"wp:attachment":[{"href":"https:\/\/www.rememberme-forever.com\/pl\/wp-json\/wp\/v2\/media?parent=15141"}],"wp:term":[{"taxonomy":"product_brand","embeddable":true,"href":"https:\/\/www.rememberme-forever.com\/pl\/wp-json\/wp\/v2\/product_brand?post=15141"},{"taxonomy":"product_cat","embeddable":true,"href":"https:\/\/www.rememberme-forever.com\/pl\/wp-json\/wp\/v2\/product_cat?post=15141"},{"taxonomy":"product_tag","embeddable":true,"href":"https:\/\/www.rememberme-forever.com\/pl\/wp-json\/wp\/v2\/product_tag?post=15141"}],"curies":[{"name":"wp","href":"https:\/\/api.w.org\/{rel}","templated":true}]}}