{"id":15259,"date":"2025-02-06T11:23:57","date_gmt":"2025-02-06T10:23:57","guid":{"rendered":"https:\/\/www.rememberme-forever.com\/product\/urna-z-wrakiem-statku-morskiego-urna-na-prochy-urna-pogrzebowa\/"},"modified":"2026-02-18T15:00:19","modified_gmt":"2026-02-18T14:00:19","slug":"urna-z-wrakiem-statku-morskiego-urna-na-prochy-urna-pogrzebowa","status":"publish","type":"product","link":"https:\/\/www.rememberme-forever.com\/pl\/produkt\/urna-z-wrakiem-statku-morskiego-urna-na-prochy-urna-pogrzebowa\/","title":{"rendered":"Urna z wrakiem statku morskiego Urna na prochy Urna pogrzebowa"},"content":{"rendered":"<p style=\"text-align: center;\">Uczcij pami\u0119\u0107 bliskiej osoby dzi\u0119ki <strong>morskiej urnie kremacyjnej z motywem wraku statku<\/strong>, symbolizuj\u0105cej \u017cyciow\u0105 podr\u00f3\u017c, tajemniczo\u015b\u0107 i nie\u015bmierteln\u0105 eksploracj\u0119. Wykonana z <strong>litego drewna<\/strong>, ozdobiona jest precyzyjnym <strong>grawerem przedstawiaj\u0105cym zatopiony statek<\/strong>, kt\u00f3ry odzwierciedla up\u0142yw czasu, g\u0142\u0119bok\u0105 pami\u0119\u0107 i wieczn\u0105 w\u0119dr\u00f3wk\u0119 duszy. To wyj\u0105tkowy ho\u0142d dla tych, kt\u00f3rzy kochali morze, przygod\u0119 i historie ukryte pod falami.<\/p>\n<div style=\"width: 100%; margin-bottom: 40px; height: max-content; padding-bottom: 60%; position: relative;\"><iframe style=\"position: absolute; top: 0; left: 0; width: 100%; height: 100%;\" src=\"https:\/\/rememberme-urns.com\/nautical-decorative-urn-for-ashes\/\" frameborder=\"0\"><\/iframe><\/div>\n<div style=\"color: red; text-align: center; margin-bottom: 25px;\">&gt;&gt; Obrotowe zdj\u0119cie &#8211; dotknij\/zbli\u017c &lt;&lt;<\/div>\n<h3 style=\"text-align: center;\"><strong>Najwa\u017cniejsze cechy:<\/strong><\/h3>\n<ul>\n<li style=\"text-align: center;\"><strong>Grawerowany motyw wraku statku<\/strong> \u2013 Starannie wykonany wz\u00f3r podwodnego wraku, symbolizuj\u0105cy zagubione podr\u00f3\u017ce i wieczne wspomnienia.<\/li>\n<li style=\"text-align: center;\"><strong>Solidna konstrukcja z litego drewna<\/strong> \u2013 Wykonana z wysokiej jako\u015bci twardego drewna o g\u0142adkim, polerowanym wyko\u0144czeniu.<\/li>\n<li style=\"text-align: center;\"><strong>Nautyczny ho\u0142d pami\u0119ci<\/strong> \u2013 Idealna pami\u0105tka dla marynarzy, nurk\u00f3w, odkrywc\u00f3w i mi\u0142o\u015bnik\u00f3w oceanu.<\/li>\n<li style=\"text-align: center;\"><strong>Spersonalizowana tabliczka pami\u0105tkowa<\/strong> \u2013 Mo\u017cliwo\u015b\u0107 dodania imienia, dat i osobistej dedykacji.<\/li>\n<li style=\"text-align: center;\"><strong>Pojemno\u015b\u0107 dla doros\u0142ych<\/strong> \u2013 Przestronne wn\u0119trze zapewniaj\u0105ce godne przechowanie proch\u00f3w osoby doros\u0142ej.<\/li>\n<li style=\"text-align: center;\"><strong>Bezpieczne zamkni\u0119cie od do\u0142u<\/strong> \u2013 Dyskretne i solidne zabezpieczenie przechowywanych proch\u00f3w.<\/li>\n<li style=\"text-align: center;\"><strong>Ponadczasowy kszta\u0142t skrzynki<\/strong> \u2013 Klasyczny i elegancki wygl\u0105d pasuj\u0105cy do ka\u017cdego miejsca pami\u0119ci.<\/li>\n<\/ul>\n<p style=\"text-align: center;\">Morski motyw nie tylko upami\u0119tnia \u017cycie, ale tak\u017ce oddaje ducha przygody, wytrwa\u0142o\u015bci i tajemniczych g\u0142\u0119bin. Doskonale sprawdzi si\u0119 zar\u00f3wno w miejscu pami\u0119ci, jak i do poch\u00f3wku, stanowi\u0105c trwa\u0142y symbol eksploracji i wspomnie\u0144.<\/p>\n<p style=\"text-align: center;\"><strong>Ho\u0142d dla \u017cyciowej podr\u00f3\u017cy, wieczna w\u0119dr\u00f3wka pod falami.<\/strong><\/p>\n<p>&nbsp;<\/p>\n<p style=\"text-align: center;\"><strong>\u25ba PERSONALIZACJA \u25c4<\/strong><\/p>\n<p style=\"text-align: center;\">\u2714\ufe0f Je\u015bli wybierzesz spersonalizowan\u0105 tabliczk\u0119, wpisz tekst w odpowiednim miejscu lub wy\u015blij nam wiadomo\u015b\u0107.<\/p>\n<p style=\"text-align: center;\">\u2714\ufe0f Spersonalizowana tabliczka pami\u0105tkowa musi zosta\u0107 dostosowana podczas procesu zamawiania. (Nie martw si\u0119, je\u015bli zapomnisz, zawsze mo\u017cesz wys\u0142a\u0107 nam wiadomo\u015b\u0107 p\u00f3\u017aniej).<\/p>\n<p style=\"text-align: center;\">Ograniczenia tekstowe s\u0105 nast\u0119puj\u0105ce:<\/p>\n<ul>\n<li style=\"text-align: center;\">Imi\u0119 (imiona) do 35 znak\u00f3w<\/li>\n<li style=\"text-align: center;\">Data urodzenia i \u015bmierci do 35 znak\u00f3w<\/li>\n<li style=\"text-align: center;\">Trzecia linia do 35 znak\u00f3w<\/li>\n<\/ul>\n<p style=\"text-align: center;\">\u2714\ufe0f Prosimy o DWUKROTNE SPRAWDZENIE tekstu graweru przed dodaniem produktu do koszyka. Kopiujemy i grawerujemy dok\u0142adnie te informacje, kt\u00f3re otrzymujemy wraz z zam\u00f3wieniem i nie wprowadzamy \u017cadnych zmian po naszej stronie.<\/p>\n<p style=\"text-align: center;\">\u2714\ufe0f Sprawd\u017a tekst, aby upewni\u0107 si\u0119, \u017ce pisownia jest poprawna.<\/p>\n<p style=\"text-align: center;\">\u2714\ufe0f <strong>NIE<\/strong> wprowadzaj informacji o grawerowaniu, je\u015bli kupujesz opcj\u0119 &#8222;Urna bez tabliczki&#8221;.<\/p>\n","protected":false},"excerpt":{"rendered":"<p><b>\u2611\ufe0f <em style=\"color: red;\">Jeste\u015bmy \u015bwiadomi kr\u00f3tkiego czasu na dostarczenie urny. Urn\u0119 zam\u00f3wion\u0105 do godz. 12.00 w dzie\u0144 roboczy wysy\u0142amy natychmiast.\u00a0<\/em><\/b><\/p>\n","protected":false},"featured_media":15339,"template":"","meta":{"_acf_changed":false},"product_brand":[2398],"product_cat":[3407,136],"product_tag":[3308],"class_list":{"0":"post-15259","1":"product","2":"type-product","3":"status-publish","4":"has-post-thumbnail","6":"product_brand-remember-forever-pl","7":"product_cat-morze","8":"product_cat-urny-tematyczne","9":"product_tag-gpsr-all-wood-urns","10":"product_shipping_class-wood-urns-pl","12":"first","13":"instock","14":"taxable","15":"shipping-taxable","16":"purchasable","17":"product-type-variable"},"yoast_head":"<!-- This site is optimized with the Yoast SEO plugin v27.4 - https:\/\/yoast.com\/product\/yoast-seo-wordpress\/ -->\n<title>Urna z wrakiem statku morskiego Urna na prochy Urna pogrzebowa<\/title>\n<meta name=\"robots\" content=\"index, follow, max-snippet:-1, max-image-preview:large, max-video-preview:-1\" \/>\n<link rel=\"canonical\" href=\"https:\/\/www.rememberme-forever.com\/pl\/produkt\/urna-z-wrakiem-statku-morskiego-urna-na-prochy-urna-pogrzebowa\/\" \/>\n<meta property=\"og:locale\" content=\"pl_PL\" \/>\n<meta property=\"og:type\" content=\"article\" \/>\n<meta property=\"og:title\" content=\"Urna z wrakiem statku morskiego Urna na prochy Urna pogrzebowa\" \/>\n<meta property=\"og:description\" content=\"\u2611\ufe0f Jeste\u015bmy \u015bwiadomi kr\u00f3tkiego czasu na dostarczenie urny. Urn\u0119 zam\u00f3wion\u0105 do godz. 12.00 w dzie\u0144 roboczy wysy\u0142amy natychmiast.\u00a0\" \/>\n<meta property=\"og:url\" content=\"https:\/\/www.rememberme-forever.com\/pl\/produkt\/urna-z-wrakiem-statku-morskiego-urna-na-prochy-urna-pogrzebowa\/\" \/>\n<meta property=\"og:site_name\" content=\"Remember Forever\" \/>\n<meta property=\"article:modified_time\" content=\"2026-02-18T14:00:19+00:00\" \/>\n<meta property=\"og:image\" content=\"http:\/\/www.rememberme-forever.com\/wp-content\/uploads\/2025\/02\/nautical-urn-white_0001.jpg\" \/>\n\t<meta property=\"og:image:width\" content=\"1007\" \/>\n\t<meta property=\"og:image:height\" content=\"1024\" \/>\n\t<meta property=\"og:image:type\" content=\"image\/jpeg\" \/>\n<meta name=\"twitter:card\" content=\"summary_large_image\" \/>\n<meta name=\"twitter:label1\" content=\"Szacowany czas czytania\" \/>\n\t<meta name=\"twitter:data1\" content=\"2 minuta\" \/>\n<script type=\"application\/ld+json\" class=\"yoast-schema-graph\">{\"@context\":\"https:\\\/\\\/schema.org\",\"@graph\":[{\"@type\":\"WebPage\",\"@id\":\"https:\\\/\\\/www.rememberme-forever.com\\\/pl\\\/produkt\\\/urna-z-wrakiem-statku-morskiego-urna-na-prochy-urna-pogrzebowa\\\/\",\"url\":\"https:\\\/\\\/www.rememberme-forever.com\\\/pl\\\/produkt\\\/urna-z-wrakiem-statku-morskiego-urna-na-prochy-urna-pogrzebowa\\\/\",\"name\":\"Urna z wrakiem statku morskiego Urna na prochy Urna pogrzebowa\",\"isPartOf\":{\"@id\":\"https:\\\/\\\/www.rememberme-forever.com\\\/pl\\\/#website\"},\"primaryImageOfPage\":{\"@id\":\"https:\\\/\\\/www.rememberme-forever.com\\\/pl\\\/produkt\\\/urna-z-wrakiem-statku-morskiego-urna-na-prochy-urna-pogrzebowa\\\/#primaryimage\"},\"image\":{\"@id\":\"https:\\\/\\\/www.rememberme-forever.com\\\/pl\\\/produkt\\\/urna-z-wrakiem-statku-morskiego-urna-na-prochy-urna-pogrzebowa\\\/#primaryimage\"},\"thumbnailUrl\":\"https:\\\/\\\/www.rememberme-forever.com\\\/wp-content\\\/uploads\\\/2025\\\/02\\\/nautical-urn-white_0001.jpg\",\"datePublished\":\"2025-02-06T10:23:57+00:00\",\"dateModified\":\"2026-02-18T14:00:19+00:00\",\"breadcrumb\":{\"@id\":\"https:\\\/\\\/www.rememberme-forever.com\\\/pl\\\/produkt\\\/urna-z-wrakiem-statku-morskiego-urna-na-prochy-urna-pogrzebowa\\\/#breadcrumb\"},\"inLanguage\":\"pl-PL\",\"potentialAction\":[{\"@type\":\"ReadAction\",\"target\":[\"https:\\\/\\\/www.rememberme-forever.com\\\/pl\\\/produkt\\\/urna-z-wrakiem-statku-morskiego-urna-na-prochy-urna-pogrzebowa\\\/\"]}]},{\"@type\":\"ImageObject\",\"inLanguage\":\"pl-PL\",\"@id\":\"https:\\\/\\\/www.rememberme-forever.com\\\/pl\\\/produkt\\\/urna-z-wrakiem-statku-morskiego-urna-na-prochy-urna-pogrzebowa\\\/#primaryimage\",\"url\":\"https:\\\/\\\/www.rememberme-forever.com\\\/wp-content\\\/uploads\\\/2025\\\/02\\\/nautical-urn-white_0001.jpg\",\"contentUrl\":\"https:\\\/\\\/www.rememberme-forever.com\\\/wp-content\\\/uploads\\\/2025\\\/02\\\/nautical-urn-white_0001.jpg\",\"width\":1007,\"height\":1024},{\"@type\":\"BreadcrumbList\",\"@id\":\"https:\\\/\\\/www.rememberme-forever.com\\\/pl\\\/produkt\\\/urna-z-wrakiem-statku-morskiego-urna-na-prochy-urna-pogrzebowa\\\/#breadcrumb\",\"itemListElement\":[{\"@type\":\"ListItem\",\"position\":1,\"name\":\"Home\",\"item\":\"https:\\\/\\\/www.rememberme-forever.com\\\/pl\\\/strona-glowna\\\/\"},{\"@type\":\"ListItem\",\"position\":2,\"name\":\"Sklep\",\"item\":\"https:\\\/\\\/www.rememberme-forever.com\\\/pl\\\/sklep-2\\\/\"},{\"@type\":\"ListItem\",\"position\":3,\"name\":\"Urna z wrakiem statku morskiego Urna na prochy Urna pogrzebowa\"}]},{\"@type\":\"WebSite\",\"@id\":\"https:\\\/\\\/www.rememberme-forever.com\\\/pl\\\/#website\",\"url\":\"https:\\\/\\\/www.rememberme-forever.com\\\/pl\\\/\",\"name\":\"Remember Forever\",\"description\":\"Cremation urns, funeral urns, urns for ashes\",\"publisher\":{\"@id\":\"https:\\\/\\\/www.rememberme-forever.com\\\/pl\\\/#organization\"},\"potentialAction\":[{\"@type\":\"SearchAction\",\"target\":{\"@type\":\"EntryPoint\",\"urlTemplate\":\"https:\\\/\\\/www.rememberme-forever.com\\\/pl\\\/?s={search_term_string}\"},\"query-input\":{\"@type\":\"PropertyValueSpecification\",\"valueRequired\":true,\"valueName\":\"search_term_string\"}}],\"inLanguage\":\"pl-PL\"},{\"@type\":\"Organization\",\"@id\":\"https:\\\/\\\/www.rememberme-forever.com\\\/pl\\\/#organization\",\"name\":\"Remember Forever\",\"url\":\"https:\\\/\\\/www.rememberme-forever.com\\\/pl\\\/\",\"logo\":{\"@type\":\"ImageObject\",\"inLanguage\":\"pl-PL\",\"@id\":\"https:\\\/\\\/www.rememberme-forever.com\\\/pl\\\/#\\\/schema\\\/logo\\\/image\\\/\",\"url\":\"https:\\\/\\\/www.rememberme-forever.com\\\/wp-content\\\/uploads\\\/2023\\\/02\\\/logo.png\",\"contentUrl\":\"https:\\\/\\\/www.rememberme-forever.com\\\/wp-content\\\/uploads\\\/2023\\\/02\\\/logo.png\",\"width\":300,\"height\":56,\"caption\":\"Remember Forever\"},\"image\":{\"@id\":\"https:\\\/\\\/www.rememberme-forever.com\\\/pl\\\/#\\\/schema\\\/logo\\\/image\\\/\"}}]}<\/script>\n<!-- \/ Yoast SEO plugin. -->","yoast_head_json":{"title":"Urna z wrakiem statku morskiego Urna na prochy Urna pogrzebowa","robots":{"index":"index","follow":"follow","max-snippet":"max-snippet:-1","max-image-preview":"max-image-preview:large","max-video-preview":"max-video-preview:-1"},"canonical":"https:\/\/www.rememberme-forever.com\/pl\/produkt\/urna-z-wrakiem-statku-morskiego-urna-na-prochy-urna-pogrzebowa\/","og_locale":"pl_PL","og_type":"article","og_title":"Urna z wrakiem statku morskiego Urna na prochy Urna pogrzebowa","og_description":"\u2611\ufe0f Jeste\u015bmy \u015bwiadomi kr\u00f3tkiego czasu na dostarczenie urny. Urn\u0119 zam\u00f3wion\u0105 do godz. 12.00 w dzie\u0144 roboczy wysy\u0142amy natychmiast.\u00a0","og_url":"https:\/\/www.rememberme-forever.com\/pl\/produkt\/urna-z-wrakiem-statku-morskiego-urna-na-prochy-urna-pogrzebowa\/","og_site_name":"Remember Forever","article_modified_time":"2026-02-18T14:00:19+00:00","og_image":[{"width":1007,"height":1024,"url":"http:\/\/www.rememberme-forever.com\/wp-content\/uploads\/2025\/02\/nautical-urn-white_0001.jpg","type":"image\/jpeg"}],"twitter_card":"summary_large_image","twitter_misc":{"Szacowany czas czytania":"2 minuta"},"schema":{"@context":"https:\/\/schema.org","@graph":[{"@type":"WebPage","@id":"https:\/\/www.rememberme-forever.com\/pl\/produkt\/urna-z-wrakiem-statku-morskiego-urna-na-prochy-urna-pogrzebowa\/","url":"https:\/\/www.rememberme-forever.com\/pl\/produkt\/urna-z-wrakiem-statku-morskiego-urna-na-prochy-urna-pogrzebowa\/","name":"Urna z wrakiem statku morskiego Urna na prochy Urna pogrzebowa","isPartOf":{"@id":"https:\/\/www.rememberme-forever.com\/pl\/#website"},"primaryImageOfPage":{"@id":"https:\/\/www.rememberme-forever.com\/pl\/produkt\/urna-z-wrakiem-statku-morskiego-urna-na-prochy-urna-pogrzebowa\/#primaryimage"},"image":{"@id":"https:\/\/www.rememberme-forever.com\/pl\/produkt\/urna-z-wrakiem-statku-morskiego-urna-na-prochy-urna-pogrzebowa\/#primaryimage"},"thumbnailUrl":"https:\/\/www.rememberme-forever.com\/wp-content\/uploads\/2025\/02\/nautical-urn-white_0001.jpg","datePublished":"2025-02-06T10:23:57+00:00","dateModified":"2026-02-18T14:00:19+00:00","breadcrumb":{"@id":"https:\/\/www.rememberme-forever.com\/pl\/produkt\/urna-z-wrakiem-statku-morskiego-urna-na-prochy-urna-pogrzebowa\/#breadcrumb"},"inLanguage":"pl-PL","potentialAction":[{"@type":"ReadAction","target":["https:\/\/www.rememberme-forever.com\/pl\/produkt\/urna-z-wrakiem-statku-morskiego-urna-na-prochy-urna-pogrzebowa\/"]}]},{"@type":"ImageObject","inLanguage":"pl-PL","@id":"https:\/\/www.rememberme-forever.com\/pl\/produkt\/urna-z-wrakiem-statku-morskiego-urna-na-prochy-urna-pogrzebowa\/#primaryimage","url":"https:\/\/www.rememberme-forever.com\/wp-content\/uploads\/2025\/02\/nautical-urn-white_0001.jpg","contentUrl":"https:\/\/www.rememberme-forever.com\/wp-content\/uploads\/2025\/02\/nautical-urn-white_0001.jpg","width":1007,"height":1024},{"@type":"BreadcrumbList","@id":"https:\/\/www.rememberme-forever.com\/pl\/produkt\/urna-z-wrakiem-statku-morskiego-urna-na-prochy-urna-pogrzebowa\/#breadcrumb","itemListElement":[{"@type":"ListItem","position":1,"name":"Home","item":"https:\/\/www.rememberme-forever.com\/pl\/strona-glowna\/"},{"@type":"ListItem","position":2,"name":"Sklep","item":"https:\/\/www.rememberme-forever.com\/pl\/sklep-2\/"},{"@type":"ListItem","position":3,"name":"Urna z wrakiem statku morskiego Urna na prochy Urna pogrzebowa"}]},{"@type":"WebSite","@id":"https:\/\/www.rememberme-forever.com\/pl\/#website","url":"https:\/\/www.rememberme-forever.com\/pl\/","name":"Remember Forever","description":"Cremation urns, funeral urns, urns for ashes","publisher":{"@id":"https:\/\/www.rememberme-forever.com\/pl\/#organization"},"potentialAction":[{"@type":"SearchAction","target":{"@type":"EntryPoint","urlTemplate":"https:\/\/www.rememberme-forever.com\/pl\/?s={search_term_string}"},"query-input":{"@type":"PropertyValueSpecification","valueRequired":true,"valueName":"search_term_string"}}],"inLanguage":"pl-PL"},{"@type":"Organization","@id":"https:\/\/www.rememberme-forever.com\/pl\/#organization","name":"Remember Forever","url":"https:\/\/www.rememberme-forever.com\/pl\/","logo":{"@type":"ImageObject","inLanguage":"pl-PL","@id":"https:\/\/www.rememberme-forever.com\/pl\/#\/schema\/logo\/image\/","url":"https:\/\/www.rememberme-forever.com\/wp-content\/uploads\/2023\/02\/logo.png","contentUrl":"https:\/\/www.rememberme-forever.com\/wp-content\/uploads\/2023\/02\/logo.png","width":300,"height":56,"caption":"Remember Forever"},"image":{"@id":"https:\/\/www.rememberme-forever.com\/pl\/#\/schema\/logo\/image\/"}}]}},"acf":[],"_links":{"self":[{"href":"https:\/\/www.rememberme-forever.com\/pl\/wp-json\/wp\/v2\/product\/15259","targetHints":{"allow":["GET"]}}],"collection":[{"href":"https:\/\/www.rememberme-forever.com\/pl\/wp-json\/wp\/v2\/product"}],"about":[{"href":"https:\/\/www.rememberme-forever.com\/pl\/wp-json\/wp\/v2\/types\/product"}],"wp:featuredmedia":[{"embeddable":true,"href":"https:\/\/www.rememberme-forever.com\/pl\/wp-json\/wp\/v2\/media\/15339"}],"wp:attachment":[{"href":"https:\/\/www.rememberme-forever.com\/pl\/wp-json\/wp\/v2\/media?parent=15259"}],"wp:term":[{"taxonomy":"product_brand","embeddable":true,"href":"https:\/\/www.rememberme-forever.com\/pl\/wp-json\/wp\/v2\/product_brand?post=15259"},{"taxonomy":"product_cat","embeddable":true,"href":"https:\/\/www.rememberme-forever.com\/pl\/wp-json\/wp\/v2\/product_cat?post=15259"},{"taxonomy":"product_tag","embeddable":true,"href":"https:\/\/www.rememberme-forever.com\/pl\/wp-json\/wp\/v2\/product_tag?post=15259"}],"curies":[{"name":"wp","href":"https:\/\/api.w.org\/{rel}","templated":true}]}}