{"id":15269,"date":"2025-02-06T11:24:13","date_gmt":"2025-02-06T10:24:13","guid":{"rendered":"https:\/\/www.rememberme-forever.com\/product\/urna-ze-zlamanym-sercem-urna-na-prochy-nowoczesna-urna-w-ksztalcie-pudelka\/"},"modified":"2026-02-18T14:59:47","modified_gmt":"2026-02-18T13:59:47","slug":"urna-ze-zlamanym-sercem-urna-na-prochy-nowoczesna-urna-w-ksztalcie-pudelka","status":"publish","type":"product","link":"https:\/\/www.rememberme-forever.com\/pl\/produkt\/urna-ze-zlamanym-sercem-urna-na-prochy-nowoczesna-urna-w-ksztalcie-pudelka\/","title":{"rendered":"Urna ze z\u0142amanym sercem Urna na prochy Nowoczesna urna w kszta\u0142cie pude\u0142ka"},"content":{"rendered":"<p style=\"text-align: center;\"><strong>Urna Kremacyjna z Motywem Z\u0142amanego Serca \u2013 Nowoczesna Drewniana Urna Pami\u0105tkowa<\/strong><\/p>\n<p style=\"text-align: center;\">Uczcij pami\u0119\u0107 bliskiej osoby dzi\u0119ki <strong>urnie kremacyjnej z motywem z\u0142amanego serca<\/strong>, b\u0119d\u0105cej symbolem mi\u0142o\u015bci, straty i wiecznej pami\u0119ci. Wykonana z <strong>wysokiej jako\u015bci litego drewna<\/strong>, <strong>urna o kszta\u0142cie pude\u0142ka z delikatnie zaokr\u0105glonymi kraw\u0119dziami<\/strong> \u0142\u0105czy nowoczesny styl z g\u0142\u0119bokim przekazem emocjonalnym. Wygrawerowany wz\u00f3r z\u0142amanego serca odzwierciedla b\u00f3l po stracie, jednocze\u015bnie stanowi\u0105c ponadczasowy znak niezniszczalnej wi\u0119zi.<\/p>\n<div style=\"width: 100%; margin-bottom: 40px; height: max-content; padding-bottom: 60%; position: relative;\"><iframe style=\"position: absolute; top: 0; left: 0; width: 100%; height: 100%;\" src=\"https:\/\/rememberme-urns.com\/wooden-urn-with-broken-heart\/\" frameborder=\"0\"><\/iframe><\/div>\n<div style=\"color: red; text-align: center; margin-bottom: 25px;\">&gt;&gt; Obrotowe zdj\u0119cie &#8211; dotknij\/zbli\u017c &lt;&lt;<\/div>\n<h3 style=\"text-align: center;\"><strong>Najwa\u017cniejsze cechy:<\/strong><\/h3>\n<ul>\n<li style=\"text-align: center;\"><strong>Symboliczne grawerowanie z\u0142amanego serca<\/strong> \u2013 Odzwierciedla mi\u0142o\u015b\u0107, strat\u0119 i g\u0142\u0119bokie emocje towarzysz\u0105ce po\u017cegnaniu bliskiej osoby.<\/li>\n<li style=\"text-align: center;\"><strong>Solidna konstrukcja z litego drewna<\/strong> \u2013 Trwa\u0142a i elegancka, zapewniaj\u0105ca godne upami\u0119tnienie.<\/li>\n<li style=\"text-align: center;\"><strong>Spersonalizowana tabliczka pami\u0105tkowa<\/strong> \u2013 Mo\u017cliwo\u015b\u0107 wygrawerowania imienia, dat oraz osobistej dedykacji.<\/li>\n<li style=\"text-align: center;\"><strong>Nowoczesna forma z zaokr\u0105glonymi kraw\u0119dziami<\/strong> \u2013 Stylowy design \u0142\u0105cz\u0105cy elegancj\u0119 z emocjonalnym przekazem.<\/li>\n<li style=\"text-align: center;\"><strong>Pojemno\u015b\u0107 dla doros\u0142ych<\/strong> \u2013 Wystarczaj\u0105ca przestrze\u0144 na godne przechowanie proch\u00f3w osoby doros\u0142ej.<\/li>\n<li style=\"text-align: center;\"><strong>Dyskretne zamkni\u0119cie od do\u0142u<\/strong> \u2013 Bezpieczne i nienaruszalne miejsce przechowywania proch\u00f3w.<\/li>\n<\/ul>\n<p style=\"text-align: center;\">Urna ta jest nie tylko miejscem spoczynku, ale r\u00f3wnie\u017c wyrazem mi\u0142o\u015bci, kt\u00f3ra trwa nawet po utracie. <strong>Motyw z\u0142amanego serca<\/strong> oddaje emocje towarzysz\u0105ce po\u017cegnaniu, jednocze\u015bnie zachowuj\u0105c pami\u0119\u0107 o wyj\u0105tkowej wi\u0119zi. Doskonale nadaje si\u0119 do ekspozycji w miejscu pami\u0119ci lub do poch\u00f3wku, stanowi\u0105c trwa\u0142y ho\u0142d dla ukochanej osoby.<\/p>\n<p style=\"text-align: center;\"><strong>Ponadczasowy symbol mi\u0142o\u015bci, straty i wiecznej pami\u0119ci.<\/strong><\/p>\n<p>&nbsp;<\/p>\n<p style=\"text-align: center;\"><strong>\u25ba PERSONALIZACJA \u25c4<\/strong><\/p>\n<p style=\"text-align: center;\">\u2714\ufe0f Je\u015bli wybierzesz spersonalizowan\u0105 tabliczk\u0119, wpisz tekst w odpowiednim miejscu lub wy\u015blij nam wiadomo\u015b\u0107.<\/p>\n<p style=\"text-align: center;\">\u2714\ufe0f Spersonalizowana tabliczka pami\u0105tkowa musi zosta\u0107 dostosowana podczas procesu zamawiania. (Nie martw si\u0119, je\u015bli zapomnisz, zawsze mo\u017cesz wys\u0142a\u0107 nam wiadomo\u015b\u0107 p\u00f3\u017aniej).<\/p>\n<p style=\"text-align: center;\">Ograniczenia tekstowe s\u0105 nast\u0119puj\u0105ce:<\/p>\n<ul>\n<li style=\"text-align: center;\">Imi\u0119 (imiona) do 35 znak\u00f3w<\/li>\n<li style=\"text-align: center;\">Data urodzenia i \u015bmierci do 35 znak\u00f3w<\/li>\n<li style=\"text-align: center;\">Trzecia linia do 35 znak\u00f3w<\/li>\n<\/ul>\n<p style=\"text-align: center;\">\u2714\ufe0f Prosimy o DWUKROTNE SPRAWDZENIE tekstu graweru przed dodaniem produktu do koszyka. Kopiujemy i grawerujemy dok\u0142adnie te informacje, kt\u00f3re otrzymujemy wraz z zam\u00f3wieniem i nie wprowadzamy \u017cadnych zmian po naszej stronie.<\/p>\n<p style=\"text-align: center;\">\u2714\ufe0f Sprawd\u017a tekst, aby upewni\u0107 si\u0119, \u017ce pisownia jest poprawna.<\/p>\n<p style=\"text-align: center;\">\u2714\ufe0f <strong>NIE<\/strong> wprowadzaj informacji o grawerowaniu, je\u015bli kupujesz opcj\u0119 &#8222;Urna bez tabliczki&#8221;.<\/p>\n","protected":false},"excerpt":{"rendered":"<p><b>\u2611\ufe0f <em style=\"color: red;\">Jeste\u015bmy \u015bwiadomi kr\u00f3tkiego czasu na dostarczenie urny. Urn\u0119 zam\u00f3wion\u0105 do godz. 12.00 w dzie\u0144 roboczy wysy\u0142amy natychmiast.\u00a0<\/em><\/b><\/p>\n","protected":false},"featured_media":15357,"template":"","meta":{"_acf_changed":false},"product_brand":[2398],"product_cat":[3399,136],"product_tag":[3308],"class_list":{"0":"post-15269","1":"product","2":"type-product","3":"status-publish","4":"has-post-thumbnail","6":"product_brand-remember-forever-pl","7":"product_cat-pozostale-urny","8":"product_cat-urny-tematyczne","9":"product_tag-gpsr-all-wood-urns","10":"product_shipping_class-wood-urns-pl","12":"first","13":"instock","14":"taxable","15":"shipping-taxable","16":"purchasable","17":"product-type-variable"},"yoast_head":"<!-- This site is optimized with the Yoast SEO plugin v27.4 - https:\/\/yoast.com\/product\/yoast-seo-wordpress\/ -->\n<title>Urna ze z\u0142amanym sercem Urna na prochy Nowoczesna urna w kszta\u0142cie pude\u0142ka<\/title>\n<meta name=\"robots\" content=\"index, follow, max-snippet:-1, max-image-preview:large, max-video-preview:-1\" \/>\n<link rel=\"canonical\" href=\"https:\/\/www.rememberme-forever.com\/pl\/produkt\/urna-ze-zlamanym-sercem-urna-na-prochy-nowoczesna-urna-w-ksztalcie-pudelka\/\" \/>\n<meta property=\"og:locale\" content=\"pl_PL\" \/>\n<meta property=\"og:type\" content=\"article\" \/>\n<meta property=\"og:title\" content=\"Urna ze z\u0142amanym sercem Urna na prochy Nowoczesna urna w kszta\u0142cie pude\u0142ka\" \/>\n<meta property=\"og:description\" content=\"\u2611\ufe0f Jeste\u015bmy \u015bwiadomi kr\u00f3tkiego czasu na dostarczenie urny. Urn\u0119 zam\u00f3wion\u0105 do godz. 12.00 w dzie\u0144 roboczy wysy\u0142amy natychmiast.\u00a0\" \/>\n<meta property=\"og:url\" content=\"https:\/\/www.rememberme-forever.com\/pl\/produkt\/urna-ze-zlamanym-sercem-urna-na-prochy-nowoczesna-urna-w-ksztalcie-pudelka\/\" \/>\n<meta property=\"og:site_name\" content=\"Remember Forever\" \/>\n<meta property=\"article:modified_time\" content=\"2026-02-18T13:59:47+00:00\" \/>\n<meta property=\"og:image\" content=\"http:\/\/www.rememberme-forever.com\/wp-content\/uploads\/2025\/02\/black-urn-broken-heart_0001.jpg\" \/>\n\t<meta property=\"og:image:width\" content=\"1007\" \/>\n\t<meta property=\"og:image:height\" content=\"1024\" \/>\n\t<meta property=\"og:image:type\" content=\"image\/jpeg\" \/>\n<meta name=\"twitter:card\" content=\"summary_large_image\" \/>\n<meta name=\"twitter:label1\" content=\"Szacowany czas czytania\" \/>\n\t<meta name=\"twitter:data1\" content=\"2 minuta\" \/>\n<script type=\"application\/ld+json\" class=\"yoast-schema-graph\">{\"@context\":\"https:\\\/\\\/schema.org\",\"@graph\":[{\"@type\":\"WebPage\",\"@id\":\"https:\\\/\\\/www.rememberme-forever.com\\\/pl\\\/produkt\\\/urna-ze-zlamanym-sercem-urna-na-prochy-nowoczesna-urna-w-ksztalcie-pudelka\\\/\",\"url\":\"https:\\\/\\\/www.rememberme-forever.com\\\/pl\\\/produkt\\\/urna-ze-zlamanym-sercem-urna-na-prochy-nowoczesna-urna-w-ksztalcie-pudelka\\\/\",\"name\":\"Urna ze z\u0142amanym sercem Urna na prochy Nowoczesna urna w kszta\u0142cie pude\u0142ka\",\"isPartOf\":{\"@id\":\"https:\\\/\\\/www.rememberme-forever.com\\\/pl\\\/#website\"},\"primaryImageOfPage\":{\"@id\":\"https:\\\/\\\/www.rememberme-forever.com\\\/pl\\\/produkt\\\/urna-ze-zlamanym-sercem-urna-na-prochy-nowoczesna-urna-w-ksztalcie-pudelka\\\/#primaryimage\"},\"image\":{\"@id\":\"https:\\\/\\\/www.rememberme-forever.com\\\/pl\\\/produkt\\\/urna-ze-zlamanym-sercem-urna-na-prochy-nowoczesna-urna-w-ksztalcie-pudelka\\\/#primaryimage\"},\"thumbnailUrl\":\"https:\\\/\\\/www.rememberme-forever.com\\\/wp-content\\\/uploads\\\/2025\\\/02\\\/black-urn-broken-heart_0001.jpg\",\"datePublished\":\"2025-02-06T10:24:13+00:00\",\"dateModified\":\"2026-02-18T13:59:47+00:00\",\"breadcrumb\":{\"@id\":\"https:\\\/\\\/www.rememberme-forever.com\\\/pl\\\/produkt\\\/urna-ze-zlamanym-sercem-urna-na-prochy-nowoczesna-urna-w-ksztalcie-pudelka\\\/#breadcrumb\"},\"inLanguage\":\"pl-PL\",\"potentialAction\":[{\"@type\":\"ReadAction\",\"target\":[\"https:\\\/\\\/www.rememberme-forever.com\\\/pl\\\/produkt\\\/urna-ze-zlamanym-sercem-urna-na-prochy-nowoczesna-urna-w-ksztalcie-pudelka\\\/\"]}]},{\"@type\":\"ImageObject\",\"inLanguage\":\"pl-PL\",\"@id\":\"https:\\\/\\\/www.rememberme-forever.com\\\/pl\\\/produkt\\\/urna-ze-zlamanym-sercem-urna-na-prochy-nowoczesna-urna-w-ksztalcie-pudelka\\\/#primaryimage\",\"url\":\"https:\\\/\\\/www.rememberme-forever.com\\\/wp-content\\\/uploads\\\/2025\\\/02\\\/black-urn-broken-heart_0001.jpg\",\"contentUrl\":\"https:\\\/\\\/www.rememberme-forever.com\\\/wp-content\\\/uploads\\\/2025\\\/02\\\/black-urn-broken-heart_0001.jpg\",\"width\":1007,\"height\":1024},{\"@type\":\"BreadcrumbList\",\"@id\":\"https:\\\/\\\/www.rememberme-forever.com\\\/pl\\\/produkt\\\/urna-ze-zlamanym-sercem-urna-na-prochy-nowoczesna-urna-w-ksztalcie-pudelka\\\/#breadcrumb\",\"itemListElement\":[{\"@type\":\"ListItem\",\"position\":1,\"name\":\"Home\",\"item\":\"https:\\\/\\\/www.rememberme-forever.com\\\/pl\\\/strona-glowna\\\/\"},{\"@type\":\"ListItem\",\"position\":2,\"name\":\"Sklep\",\"item\":\"https:\\\/\\\/www.rememberme-forever.com\\\/pl\\\/sklep-2\\\/\"},{\"@type\":\"ListItem\",\"position\":3,\"name\":\"Urna ze z\u0142amanym sercem Urna na prochy Nowoczesna urna w kszta\u0142cie pude\u0142ka\"}]},{\"@type\":\"WebSite\",\"@id\":\"https:\\\/\\\/www.rememberme-forever.com\\\/pl\\\/#website\",\"url\":\"https:\\\/\\\/www.rememberme-forever.com\\\/pl\\\/\",\"name\":\"Remember Forever\",\"description\":\"Cremation urns, funeral urns, urns for ashes\",\"publisher\":{\"@id\":\"https:\\\/\\\/www.rememberme-forever.com\\\/pl\\\/#organization\"},\"potentialAction\":[{\"@type\":\"SearchAction\",\"target\":{\"@type\":\"EntryPoint\",\"urlTemplate\":\"https:\\\/\\\/www.rememberme-forever.com\\\/pl\\\/?s={search_term_string}\"},\"query-input\":{\"@type\":\"PropertyValueSpecification\",\"valueRequired\":true,\"valueName\":\"search_term_string\"}}],\"inLanguage\":\"pl-PL\"},{\"@type\":\"Organization\",\"@id\":\"https:\\\/\\\/www.rememberme-forever.com\\\/pl\\\/#organization\",\"name\":\"Remember Forever\",\"url\":\"https:\\\/\\\/www.rememberme-forever.com\\\/pl\\\/\",\"logo\":{\"@type\":\"ImageObject\",\"inLanguage\":\"pl-PL\",\"@id\":\"https:\\\/\\\/www.rememberme-forever.com\\\/pl\\\/#\\\/schema\\\/logo\\\/image\\\/\",\"url\":\"https:\\\/\\\/www.rememberme-forever.com\\\/wp-content\\\/uploads\\\/2023\\\/02\\\/logo.png\",\"contentUrl\":\"https:\\\/\\\/www.rememberme-forever.com\\\/wp-content\\\/uploads\\\/2023\\\/02\\\/logo.png\",\"width\":300,\"height\":56,\"caption\":\"Remember Forever\"},\"image\":{\"@id\":\"https:\\\/\\\/www.rememberme-forever.com\\\/pl\\\/#\\\/schema\\\/logo\\\/image\\\/\"}}]}<\/script>\n<!-- \/ Yoast SEO plugin. -->","yoast_head_json":{"title":"Urna ze z\u0142amanym sercem Urna na prochy Nowoczesna urna w kszta\u0142cie pude\u0142ka","robots":{"index":"index","follow":"follow","max-snippet":"max-snippet:-1","max-image-preview":"max-image-preview:large","max-video-preview":"max-video-preview:-1"},"canonical":"https:\/\/www.rememberme-forever.com\/pl\/produkt\/urna-ze-zlamanym-sercem-urna-na-prochy-nowoczesna-urna-w-ksztalcie-pudelka\/","og_locale":"pl_PL","og_type":"article","og_title":"Urna ze z\u0142amanym sercem Urna na prochy Nowoczesna urna w kszta\u0142cie pude\u0142ka","og_description":"\u2611\ufe0f Jeste\u015bmy \u015bwiadomi kr\u00f3tkiego czasu na dostarczenie urny. Urn\u0119 zam\u00f3wion\u0105 do godz. 12.00 w dzie\u0144 roboczy wysy\u0142amy natychmiast.\u00a0","og_url":"https:\/\/www.rememberme-forever.com\/pl\/produkt\/urna-ze-zlamanym-sercem-urna-na-prochy-nowoczesna-urna-w-ksztalcie-pudelka\/","og_site_name":"Remember Forever","article_modified_time":"2026-02-18T13:59:47+00:00","og_image":[{"width":1007,"height":1024,"url":"http:\/\/www.rememberme-forever.com\/wp-content\/uploads\/2025\/02\/black-urn-broken-heart_0001.jpg","type":"image\/jpeg"}],"twitter_card":"summary_large_image","twitter_misc":{"Szacowany czas czytania":"2 minuta"},"schema":{"@context":"https:\/\/schema.org","@graph":[{"@type":"WebPage","@id":"https:\/\/www.rememberme-forever.com\/pl\/produkt\/urna-ze-zlamanym-sercem-urna-na-prochy-nowoczesna-urna-w-ksztalcie-pudelka\/","url":"https:\/\/www.rememberme-forever.com\/pl\/produkt\/urna-ze-zlamanym-sercem-urna-na-prochy-nowoczesna-urna-w-ksztalcie-pudelka\/","name":"Urna ze z\u0142amanym sercem Urna na prochy Nowoczesna urna w kszta\u0142cie pude\u0142ka","isPartOf":{"@id":"https:\/\/www.rememberme-forever.com\/pl\/#website"},"primaryImageOfPage":{"@id":"https:\/\/www.rememberme-forever.com\/pl\/produkt\/urna-ze-zlamanym-sercem-urna-na-prochy-nowoczesna-urna-w-ksztalcie-pudelka\/#primaryimage"},"image":{"@id":"https:\/\/www.rememberme-forever.com\/pl\/produkt\/urna-ze-zlamanym-sercem-urna-na-prochy-nowoczesna-urna-w-ksztalcie-pudelka\/#primaryimage"},"thumbnailUrl":"https:\/\/www.rememberme-forever.com\/wp-content\/uploads\/2025\/02\/black-urn-broken-heart_0001.jpg","datePublished":"2025-02-06T10:24:13+00:00","dateModified":"2026-02-18T13:59:47+00:00","breadcrumb":{"@id":"https:\/\/www.rememberme-forever.com\/pl\/produkt\/urna-ze-zlamanym-sercem-urna-na-prochy-nowoczesna-urna-w-ksztalcie-pudelka\/#breadcrumb"},"inLanguage":"pl-PL","potentialAction":[{"@type":"ReadAction","target":["https:\/\/www.rememberme-forever.com\/pl\/produkt\/urna-ze-zlamanym-sercem-urna-na-prochy-nowoczesna-urna-w-ksztalcie-pudelka\/"]}]},{"@type":"ImageObject","inLanguage":"pl-PL","@id":"https:\/\/www.rememberme-forever.com\/pl\/produkt\/urna-ze-zlamanym-sercem-urna-na-prochy-nowoczesna-urna-w-ksztalcie-pudelka\/#primaryimage","url":"https:\/\/www.rememberme-forever.com\/wp-content\/uploads\/2025\/02\/black-urn-broken-heart_0001.jpg","contentUrl":"https:\/\/www.rememberme-forever.com\/wp-content\/uploads\/2025\/02\/black-urn-broken-heart_0001.jpg","width":1007,"height":1024},{"@type":"BreadcrumbList","@id":"https:\/\/www.rememberme-forever.com\/pl\/produkt\/urna-ze-zlamanym-sercem-urna-na-prochy-nowoczesna-urna-w-ksztalcie-pudelka\/#breadcrumb","itemListElement":[{"@type":"ListItem","position":1,"name":"Home","item":"https:\/\/www.rememberme-forever.com\/pl\/strona-glowna\/"},{"@type":"ListItem","position":2,"name":"Sklep","item":"https:\/\/www.rememberme-forever.com\/pl\/sklep-2\/"},{"@type":"ListItem","position":3,"name":"Urna ze z\u0142amanym sercem Urna na prochy Nowoczesna urna w kszta\u0142cie pude\u0142ka"}]},{"@type":"WebSite","@id":"https:\/\/www.rememberme-forever.com\/pl\/#website","url":"https:\/\/www.rememberme-forever.com\/pl\/","name":"Remember Forever","description":"Cremation urns, funeral urns, urns for ashes","publisher":{"@id":"https:\/\/www.rememberme-forever.com\/pl\/#organization"},"potentialAction":[{"@type":"SearchAction","target":{"@type":"EntryPoint","urlTemplate":"https:\/\/www.rememberme-forever.com\/pl\/?s={search_term_string}"},"query-input":{"@type":"PropertyValueSpecification","valueRequired":true,"valueName":"search_term_string"}}],"inLanguage":"pl-PL"},{"@type":"Organization","@id":"https:\/\/www.rememberme-forever.com\/pl\/#organization","name":"Remember Forever","url":"https:\/\/www.rememberme-forever.com\/pl\/","logo":{"@type":"ImageObject","inLanguage":"pl-PL","@id":"https:\/\/www.rememberme-forever.com\/pl\/#\/schema\/logo\/image\/","url":"https:\/\/www.rememberme-forever.com\/wp-content\/uploads\/2023\/02\/logo.png","contentUrl":"https:\/\/www.rememberme-forever.com\/wp-content\/uploads\/2023\/02\/logo.png","width":300,"height":56,"caption":"Remember Forever"},"image":{"@id":"https:\/\/www.rememberme-forever.com\/pl\/#\/schema\/logo\/image\/"}}]}},"acf":[],"_links":{"self":[{"href":"https:\/\/www.rememberme-forever.com\/pl\/wp-json\/wp\/v2\/product\/15269","targetHints":{"allow":["GET"]}}],"collection":[{"href":"https:\/\/www.rememberme-forever.com\/pl\/wp-json\/wp\/v2\/product"}],"about":[{"href":"https:\/\/www.rememberme-forever.com\/pl\/wp-json\/wp\/v2\/types\/product"}],"wp:featuredmedia":[{"embeddable":true,"href":"https:\/\/www.rememberme-forever.com\/pl\/wp-json\/wp\/v2\/media\/15357"}],"wp:attachment":[{"href":"https:\/\/www.rememberme-forever.com\/pl\/wp-json\/wp\/v2\/media?parent=15269"}],"wp:term":[{"taxonomy":"product_brand","embeddable":true,"href":"https:\/\/www.rememberme-forever.com\/pl\/wp-json\/wp\/v2\/product_brand?post=15269"},{"taxonomy":"product_cat","embeddable":true,"href":"https:\/\/www.rememberme-forever.com\/pl\/wp-json\/wp\/v2\/product_cat?post=15269"},{"taxonomy":"product_tag","embeddable":true,"href":"https:\/\/www.rememberme-forever.com\/pl\/wp-json\/wp\/v2\/product_tag?post=15269"}],"curies":[{"name":"wp","href":"https:\/\/api.w.org\/{rel}","templated":true}]}}