{"id":15489,"date":"2025-02-17T11:23:14","date_gmt":"2025-02-17T10:23:14","guid":{"rendered":"https:\/\/www.rememberme-forever.com\/product\/urna-tematyczna-ksiezyc-klasa-b-urna-dla-doroslej-osoby-d-01\/"},"modified":"2026-02-02T13:40:14","modified_gmt":"2026-02-02T12:40:14","slug":"urna-tematyczna-ksiezyc-klasa-b-urna-dla-doroslej-osoby-d-01","status":"publish","type":"product","link":"https:\/\/www.rememberme-forever.com\/pl\/produkt\/urna-tematyczna-ksiezyc-klasa-b-urna-dla-doroslej-osoby-d-01\/","title":{"rendered":"Urna tematyczna &#8211; ksi\u0119\u017cyc Klasa B Urna dla doros\u0142ej osoby D-01"},"content":{"rendered":"<div style=\"text-align: center;\">\n<p data-start=\"0\" data-end=\"299\">Przedstawiamy nasz\u0105 pi\u0119knie zaprojektowan\u0105 <strong data-start=\"37\" data-end=\"59\">urn\u0119<\/strong>\u00a0<strong data-start=\"37\" data-end=\"59\">na prochy<\/strong>, niebia\u0144ski ho\u0142d, kt\u00f3ry oferuje godne i znacz\u0105ce miejsce spoczynku dla ukochanej osoby. Ta wyj\u0105tkowa urna kremacyjna \u0142\u0105czy w sobie <strong data-start=\"198\" data-end=\"224\">elegancj\u0119 i symbolik\u0119<\/strong>, uciele\u015bniaj\u0105c wieczny zwi\u0105zek mi\u0119dzy \u017cyciem, ksi\u0119\u017cycem i gwiazdami.<\/p>\n<p data-start=\"301\" data-end=\"519\">Urna <strong data-start=\"305\" data-end=\"317\">Moon Urn<\/strong> ma hipnotyzuj\u0105cy design przypominaj\u0105cy spokojne pi\u0119kno ksi\u0119\u017cyca. <strong data-start=\"389\" data-end=\"447\">Misternie wykonana z wyj\u0105tkow\u0105 dba\u0142o\u015bci\u0105 o szczeg\u00f3\u0142y<\/strong>, s\u0142u\u017cy jako osza\u0142amiaj\u0105cy i szczery ho\u0142d dla cennych wspomnie\u0144.<\/p>\n<p data-start=\"521\" data-end=\"826\" data-is-last-node=\"\">Wykonana z <strong data-start=\"538\" data-end=\"559\">najwy\u017cszej jako\u015bci materia\u0142\u00f3w<\/strong>, w tym <strong data-start=\"571\" data-end=\"598\">stali nierdzewnej i ABS<\/strong>, urna ta zosta\u0142a zaprojektowana z my\u015bl\u0105 zar\u00f3wno o <strong data-start=\"630\" data-end=\"666\">trwa\u0142o\u015bci, jak i ponadczasowej elegancji<\/strong>. <strong data-start=\"672\" data-end=\"707\">Wewn\u0119trzna wk\u0142adka<\/strong> ze <strong data-start=\"672\" data-end=\"707\">stali<\/strong> nierdzewnej zapewnia bezpieczne i pe\u0142ne szacunku przechowywanie proch\u00f3w, oferuj\u0105c spok\u00f3j ducha i trwa\u0142y ho\u0142d dla ukochanej osoby.<\/p>\n<div style=\"width: 100%; margin-bottom: 40px; height: max-content; padding-bottom: 60%; position: relative;\"><iframe style=\"position: absolute; top: 0; left: 0; width: 100%; height: 100%;\" src=\"https:\/\/rememberme-urns.com\/moon-urn-grade-b-d01\/\" frameborder=\"0\"><\/iframe><\/div>\n<div style=\"color: red; text-align: center; margin-bottom: 25px;\">&gt;&gt; Obrotowe zdj\u0119cie &#8211; dotknij\/zbli\u017c &lt;&lt;<\/div>\n<p>Urna z drobnymi niedoskona\u0142o\u015bciami wizualnymi w obni\u017conej cenie. Por\u00f3wnaj z pe\u0142nowarto\u015bciowym produktem:<\/p>\n<p><a href=\"https:\/\/www.rememberme-forever.com\/pl\/produkt\/urna-ksiezyc-unikalna-urna-w-ksztalcie-srebrnego-globu\/\" target=\"_blank\" rel=\"noopener\"><strong>&gt;&gt; Urna ksi\u0119\u017cyc, Klasa &#8222;A&#8221; &lt;&lt;<\/strong><\/a><\/p>\n<p><strong>Przedmiotem aukcji jest wy\u0142\u0105cznie przedmiot przedstawiony na zdj\u0119ciach.<\/strong><\/p>\n<p><strong>WA\u017bNE<\/strong><\/p>\n<p>Urny przecenione to urny z nieistotnymi wadami wizualnymi powsta\u0142ymi w procesie produkcji. Przywi\u0105zujemy du\u017c\u0105 wag\u0119 do wysokiej jako\u015bci naszych produkt\u00f3w, dlatego urny z takimi drobnymi wadami oferujemy Pa\u0144stwu w odpowiednio obni\u017conej cenie. Niewielkie wady wizualne maj\u0105 jedynie charakter estetyczny i nie wp\u0142ywaj\u0105 na szczelno\u015b\u0107, stabilno\u015b\u0107 czy prawid\u0142owe u\u017cytkowanie urny.<\/p>\n<p>Aby by\u0107 pewnym swojej decyzji o zakupie, prosimy o zapoznanie si\u0119 ze szczeg\u00f3\u0142owym opisem oraz dokumentacj\u0105 fotograficzn\u0105, kt\u00f3ra szczeg\u00f3\u0142owo przedstawia uszkodzenia.<br \/>\nW przypadku dalszych pyta\u0144 dotycz\u0105cych stanu urny prosimy o kontakt.<\/p>\n<p><em><strong>Opis uszkodzenia<\/strong><br \/>\n<\/em>Urna posiada dwie widoczne linie, kt\u00f3re powsta\u0142y podczas procesu produkcji. Te niedoskona\u0142o\u015bci nie wp\u0142ywaj\u0105 na jako\u015b\u0107 urny; s\u0105 to wy\u0142\u0105cznie wady wizualne. Prosimy o zapoznanie si\u0119 z dokumentacj\u0105 fotograficzn\u0105.<\/p>\n<\/div>\n<div style=\"text-align: center;\"><\/div>\n<p class=\"MsoNormal\" style=\"text-align: center;\" align=\"center\"><b>\u25ba PERSONALIZACJA <\/b><b>\u25c4<\/b><\/p>\n<p class=\"MsoNormal\" style=\"text-align: center;\" align=\"center\"><span lang=\"EN-US\">Je\u015bli wybierzesz spersonalizowan\u0105 tabliczk\u0119, wpisz tekst w odpowiednim miejscu lub wy\u015blij nam wiadomo\u015b\u0107.<\/span><\/p>\n<p class=\"MsoNormal\" style=\"text-align: center;\" align=\"center\"><span lang=\"EN-US\">Spersonalizowana tabliczka pami\u0105tkowa musi zosta\u0107 dostosowana podczas procesu zamawiania. (Nie martw si\u0119, je\u015bli zapomnisz, zawsze mo\u017cesz wys\u0142a\u0107 nam wiadomo\u015b\u0107 p\u00f3\u017aniej).<\/span><\/p>\n<p class=\"MsoNormal\" style=\"text-align: center;\" align=\"center\"><b><span lang=\"EN-US\">Ograniczenia tekstu s\u0105 nast\u0119puj\u0105ce:<\/span><\/b><\/p>\n<p class=\"MsoNormal\" style=\"text-align: center;\" align=\"center\">&#8211; Imi\u0119 (imiona) do 24 znak\u00f3w<\/p>\n<p class=\"MsoNormal\" style=\"text-align: center;\" align=\"center\"><span lang=\"EN-US\">&#8211; Data urodzenia i \u015bmierci do 24 znak\u00f3w<\/span><\/p>\n<p class=\"MsoNormal\" style=\"text-align: center;\" align=\"center\">&#8211; Trzeci wiersz do 24 znak\u00f3w<\/p>\n<p class=\"MsoNormal\" style=\"text-align: center;\" align=\"center\">&#8211; Czwarty wiersz do 24 znak\u00f3w<\/p>\n<p class=\"MsoNormal\" style=\"text-align: center;\" align=\"center\">&#8211; Pi\u0105ty wiersz do 24 znak\u00f3w<\/p>\n<p class=\"MsoNormal\" style=\"text-align: center;\" align=\"center\"><b><span lang=\"EN-US\">Prosimy o DOK\u0141ADNE SPRAWDZENIE tekstu grawerunku przed dodaniem produktu do koszyka. Kopiujemy i grawerujemy dok\u0142adnie te informacje, kt\u00f3re otrzymujemy wraz z zam\u00f3wieniem i nie wprowadzamy \u017cadnych zmian po naszej stronie.<\/span><\/b><\/p>\n<p class=\"MsoNormal\" style=\"text-align: center;\" align=\"center\"><span lang=\"EN-US\">Sprawd\u017a tekst, aby upewni\u0107 si\u0119, \u017ce pisownia jest poprawna.<\/span><\/p>\n<p class=\"MsoNormal\" style=\"text-align: center;\" align=\"center\"><b><span lang=\"EN-US\">NIE<\/span><\/b><span lang=\"EN-US\"> wprowadzaj informacji o grawerowaniu, je\u015bli kupujesz opcj\u0119 &#8222;Urna bez tabliczki&#8221;.<\/span><\/p>\n<p class=\"MsoNormal\" style=\"text-align: center;\" align=\"center\">\n","protected":false},"excerpt":{"rendered":"<p><b>\u2611\ufe0f <em style=\"color: red;\">Jeste\u015bmy \u015bwiadomi kr\u00f3tkiego czasu na dostarczenie urny. Urn\u0119 zam\u00f3wion\u0105 do godz. 12.00 w dzie\u0144 roboczy wysy\u0142amy natychmiast.\u00a0<\/em><\/b><\/p>\n","protected":false},"featured_media":15493,"template":"","meta":{"_acf_changed":false},"product_brand":[2398],"product_cat":[140],"product_tag":[3334],"class_list":{"0":"post-15489","1":"product","2":"type-product","3":"status-publish","4":"has-post-thumbnail","6":"product_brand-remember-forever-pl","7":"product_cat-urny-przecenione","8":"product_tag-gpsr-metal-insert-abs_outside","10":"first","11":"instock","12":"taxable","13":"shipping-taxable","14":"purchasable","15":"product-type-simple"},"yoast_head":"<!-- This site is optimized with the Yoast SEO plugin v27.4 - https:\/\/yoast.com\/product\/yoast-seo-wordpress\/ -->\n<title>Urna tematyczna - ksi\u0119\u017cyc Klasa B Urna dla doros\u0142ej osoby D-01 - Remember Forever<\/title>\n<meta name=\"robots\" content=\"index, follow, max-snippet:-1, max-image-preview:large, max-video-preview:-1\" \/>\n<link rel=\"canonical\" href=\"https:\/\/www.rememberme-forever.com\/pl\/produkt\/urna-tematyczna-ksiezyc-klasa-b-urna-dla-doroslej-osoby-d-01\/\" \/>\n<meta property=\"og:locale\" content=\"pl_PL\" \/>\n<meta property=\"og:type\" content=\"article\" \/>\n<meta property=\"og:title\" content=\"Urna tematyczna - ksi\u0119\u017cyc Klasa B Urna dla doros\u0142ej osoby D-01 - Remember Forever\" \/>\n<meta property=\"og:description\" content=\"\u2611\ufe0f Jeste\u015bmy \u015bwiadomi kr\u00f3tkiego czasu na dostarczenie urny. Urn\u0119 zam\u00f3wion\u0105 do godz. 12.00 w dzie\u0144 roboczy wysy\u0142amy natychmiast.\u00a0\" \/>\n<meta property=\"og:url\" content=\"https:\/\/www.rememberme-forever.com\/pl\/produkt\/urna-tematyczna-ksiezyc-klasa-b-urna-dla-doroslej-osoby-d-01\/\" \/>\n<meta property=\"og:site_name\" content=\"Remember Forever\" \/>\n<meta property=\"article:modified_time\" content=\"2026-02-02T12:40:14+00:00\" \/>\n<meta property=\"og:image\" content=\"http:\/\/www.rememberme-forever.com\/wp-content\/uploads\/2025\/02\/moon-discounted-urn_0001.jpg\" \/>\n\t<meta property=\"og:image:width\" content=\"1007\" \/>\n\t<meta property=\"og:image:height\" content=\"1024\" \/>\n\t<meta property=\"og:image:type\" content=\"image\/jpeg\" \/>\n<meta name=\"twitter:card\" content=\"summary_large_image\" \/>\n<meta name=\"twitter:label1\" content=\"Szacowany czas czytania\" \/>\n\t<meta name=\"twitter:data1\" content=\"2 minuta\" \/>\n<script type=\"application\/ld+json\" class=\"yoast-schema-graph\">{\"@context\":\"https:\\\/\\\/schema.org\",\"@graph\":[{\"@type\":\"WebPage\",\"@id\":\"https:\\\/\\\/www.rememberme-forever.com\\\/pl\\\/produkt\\\/urna-tematyczna-ksiezyc-klasa-b-urna-dla-doroslej-osoby-d-01\\\/\",\"url\":\"https:\\\/\\\/www.rememberme-forever.com\\\/pl\\\/produkt\\\/urna-tematyczna-ksiezyc-klasa-b-urna-dla-doroslej-osoby-d-01\\\/\",\"name\":\"Urna tematyczna - ksi\u0119\u017cyc Klasa B Urna dla doros\u0142ej osoby D-01 - Remember Forever\",\"isPartOf\":{\"@id\":\"https:\\\/\\\/www.rememberme-forever.com\\\/pl\\\/#website\"},\"primaryImageOfPage\":{\"@id\":\"https:\\\/\\\/www.rememberme-forever.com\\\/pl\\\/produkt\\\/urna-tematyczna-ksiezyc-klasa-b-urna-dla-doroslej-osoby-d-01\\\/#primaryimage\"},\"image\":{\"@id\":\"https:\\\/\\\/www.rememberme-forever.com\\\/pl\\\/produkt\\\/urna-tematyczna-ksiezyc-klasa-b-urna-dla-doroslej-osoby-d-01\\\/#primaryimage\"},\"thumbnailUrl\":\"https:\\\/\\\/www.rememberme-forever.com\\\/wp-content\\\/uploads\\\/2025\\\/02\\\/moon-discounted-urn_0001.jpg\",\"datePublished\":\"2025-02-17T10:23:14+00:00\",\"dateModified\":\"2026-02-02T12:40:14+00:00\",\"breadcrumb\":{\"@id\":\"https:\\\/\\\/www.rememberme-forever.com\\\/pl\\\/produkt\\\/urna-tematyczna-ksiezyc-klasa-b-urna-dla-doroslej-osoby-d-01\\\/#breadcrumb\"},\"inLanguage\":\"pl-PL\",\"potentialAction\":[{\"@type\":\"ReadAction\",\"target\":[\"https:\\\/\\\/www.rememberme-forever.com\\\/pl\\\/produkt\\\/urna-tematyczna-ksiezyc-klasa-b-urna-dla-doroslej-osoby-d-01\\\/\"]}]},{\"@type\":\"ImageObject\",\"inLanguage\":\"pl-PL\",\"@id\":\"https:\\\/\\\/www.rememberme-forever.com\\\/pl\\\/produkt\\\/urna-tematyczna-ksiezyc-klasa-b-urna-dla-doroslej-osoby-d-01\\\/#primaryimage\",\"url\":\"https:\\\/\\\/www.rememberme-forever.com\\\/wp-content\\\/uploads\\\/2025\\\/02\\\/moon-discounted-urn_0001.jpg\",\"contentUrl\":\"https:\\\/\\\/www.rememberme-forever.com\\\/wp-content\\\/uploads\\\/2025\\\/02\\\/moon-discounted-urn_0001.jpg\",\"width\":1007,\"height\":1024},{\"@type\":\"BreadcrumbList\",\"@id\":\"https:\\\/\\\/www.rememberme-forever.com\\\/pl\\\/produkt\\\/urna-tematyczna-ksiezyc-klasa-b-urna-dla-doroslej-osoby-d-01\\\/#breadcrumb\",\"itemListElement\":[{\"@type\":\"ListItem\",\"position\":1,\"name\":\"Home\",\"item\":\"https:\\\/\\\/www.rememberme-forever.com\\\/pl\\\/strona-glowna\\\/\"},{\"@type\":\"ListItem\",\"position\":2,\"name\":\"Sklep\",\"item\":\"https:\\\/\\\/www.rememberme-forever.com\\\/pl\\\/sklep-2\\\/\"},{\"@type\":\"ListItem\",\"position\":3,\"name\":\"Urna tematyczna &#8211; ksi\u0119\u017cyc Klasa B Urna dla doros\u0142ej osoby D-01\"}]},{\"@type\":\"WebSite\",\"@id\":\"https:\\\/\\\/www.rememberme-forever.com\\\/pl\\\/#website\",\"url\":\"https:\\\/\\\/www.rememberme-forever.com\\\/pl\\\/\",\"name\":\"Remember Forever\",\"description\":\"Cremation urns, funeral urns, urns for ashes\",\"publisher\":{\"@id\":\"https:\\\/\\\/www.rememberme-forever.com\\\/pl\\\/#organization\"},\"potentialAction\":[{\"@type\":\"SearchAction\",\"target\":{\"@type\":\"EntryPoint\",\"urlTemplate\":\"https:\\\/\\\/www.rememberme-forever.com\\\/pl\\\/?s={search_term_string}\"},\"query-input\":{\"@type\":\"PropertyValueSpecification\",\"valueRequired\":true,\"valueName\":\"search_term_string\"}}],\"inLanguage\":\"pl-PL\"},{\"@type\":\"Organization\",\"@id\":\"https:\\\/\\\/www.rememberme-forever.com\\\/pl\\\/#organization\",\"name\":\"Remember Forever\",\"url\":\"https:\\\/\\\/www.rememberme-forever.com\\\/pl\\\/\",\"logo\":{\"@type\":\"ImageObject\",\"inLanguage\":\"pl-PL\",\"@id\":\"https:\\\/\\\/www.rememberme-forever.com\\\/pl\\\/#\\\/schema\\\/logo\\\/image\\\/\",\"url\":\"https:\\\/\\\/www.rememberme-forever.com\\\/wp-content\\\/uploads\\\/2023\\\/02\\\/logo.png\",\"contentUrl\":\"https:\\\/\\\/www.rememberme-forever.com\\\/wp-content\\\/uploads\\\/2023\\\/02\\\/logo.png\",\"width\":300,\"height\":56,\"caption\":\"Remember Forever\"},\"image\":{\"@id\":\"https:\\\/\\\/www.rememberme-forever.com\\\/pl\\\/#\\\/schema\\\/logo\\\/image\\\/\"}}]}<\/script>\n<!-- \/ Yoast SEO plugin. -->","yoast_head_json":{"title":"Urna tematyczna - ksi\u0119\u017cyc Klasa B Urna dla doros\u0142ej osoby D-01 - Remember Forever","robots":{"index":"index","follow":"follow","max-snippet":"max-snippet:-1","max-image-preview":"max-image-preview:large","max-video-preview":"max-video-preview:-1"},"canonical":"https:\/\/www.rememberme-forever.com\/pl\/produkt\/urna-tematyczna-ksiezyc-klasa-b-urna-dla-doroslej-osoby-d-01\/","og_locale":"pl_PL","og_type":"article","og_title":"Urna tematyczna - ksi\u0119\u017cyc Klasa B Urna dla doros\u0142ej osoby D-01 - Remember Forever","og_description":"\u2611\ufe0f Jeste\u015bmy \u015bwiadomi kr\u00f3tkiego czasu na dostarczenie urny. Urn\u0119 zam\u00f3wion\u0105 do godz. 12.00 w dzie\u0144 roboczy wysy\u0142amy natychmiast.\u00a0","og_url":"https:\/\/www.rememberme-forever.com\/pl\/produkt\/urna-tematyczna-ksiezyc-klasa-b-urna-dla-doroslej-osoby-d-01\/","og_site_name":"Remember Forever","article_modified_time":"2026-02-02T12:40:14+00:00","og_image":[{"width":1007,"height":1024,"url":"http:\/\/www.rememberme-forever.com\/wp-content\/uploads\/2025\/02\/moon-discounted-urn_0001.jpg","type":"image\/jpeg"}],"twitter_card":"summary_large_image","twitter_misc":{"Szacowany czas czytania":"2 minuta"},"schema":{"@context":"https:\/\/schema.org","@graph":[{"@type":"WebPage","@id":"https:\/\/www.rememberme-forever.com\/pl\/produkt\/urna-tematyczna-ksiezyc-klasa-b-urna-dla-doroslej-osoby-d-01\/","url":"https:\/\/www.rememberme-forever.com\/pl\/produkt\/urna-tematyczna-ksiezyc-klasa-b-urna-dla-doroslej-osoby-d-01\/","name":"Urna tematyczna - ksi\u0119\u017cyc Klasa B Urna dla doros\u0142ej osoby D-01 - Remember Forever","isPartOf":{"@id":"https:\/\/www.rememberme-forever.com\/pl\/#website"},"primaryImageOfPage":{"@id":"https:\/\/www.rememberme-forever.com\/pl\/produkt\/urna-tematyczna-ksiezyc-klasa-b-urna-dla-doroslej-osoby-d-01\/#primaryimage"},"image":{"@id":"https:\/\/www.rememberme-forever.com\/pl\/produkt\/urna-tematyczna-ksiezyc-klasa-b-urna-dla-doroslej-osoby-d-01\/#primaryimage"},"thumbnailUrl":"https:\/\/www.rememberme-forever.com\/wp-content\/uploads\/2025\/02\/moon-discounted-urn_0001.jpg","datePublished":"2025-02-17T10:23:14+00:00","dateModified":"2026-02-02T12:40:14+00:00","breadcrumb":{"@id":"https:\/\/www.rememberme-forever.com\/pl\/produkt\/urna-tematyczna-ksiezyc-klasa-b-urna-dla-doroslej-osoby-d-01\/#breadcrumb"},"inLanguage":"pl-PL","potentialAction":[{"@type":"ReadAction","target":["https:\/\/www.rememberme-forever.com\/pl\/produkt\/urna-tematyczna-ksiezyc-klasa-b-urna-dla-doroslej-osoby-d-01\/"]}]},{"@type":"ImageObject","inLanguage":"pl-PL","@id":"https:\/\/www.rememberme-forever.com\/pl\/produkt\/urna-tematyczna-ksiezyc-klasa-b-urna-dla-doroslej-osoby-d-01\/#primaryimage","url":"https:\/\/www.rememberme-forever.com\/wp-content\/uploads\/2025\/02\/moon-discounted-urn_0001.jpg","contentUrl":"https:\/\/www.rememberme-forever.com\/wp-content\/uploads\/2025\/02\/moon-discounted-urn_0001.jpg","width":1007,"height":1024},{"@type":"BreadcrumbList","@id":"https:\/\/www.rememberme-forever.com\/pl\/produkt\/urna-tematyczna-ksiezyc-klasa-b-urna-dla-doroslej-osoby-d-01\/#breadcrumb","itemListElement":[{"@type":"ListItem","position":1,"name":"Home","item":"https:\/\/www.rememberme-forever.com\/pl\/strona-glowna\/"},{"@type":"ListItem","position":2,"name":"Sklep","item":"https:\/\/www.rememberme-forever.com\/pl\/sklep-2\/"},{"@type":"ListItem","position":3,"name":"Urna tematyczna &#8211; ksi\u0119\u017cyc Klasa B Urna dla doros\u0142ej osoby D-01"}]},{"@type":"WebSite","@id":"https:\/\/www.rememberme-forever.com\/pl\/#website","url":"https:\/\/www.rememberme-forever.com\/pl\/","name":"Remember Forever","description":"Cremation urns, funeral urns, urns for ashes","publisher":{"@id":"https:\/\/www.rememberme-forever.com\/pl\/#organization"},"potentialAction":[{"@type":"SearchAction","target":{"@type":"EntryPoint","urlTemplate":"https:\/\/www.rememberme-forever.com\/pl\/?s={search_term_string}"},"query-input":{"@type":"PropertyValueSpecification","valueRequired":true,"valueName":"search_term_string"}}],"inLanguage":"pl-PL"},{"@type":"Organization","@id":"https:\/\/www.rememberme-forever.com\/pl\/#organization","name":"Remember Forever","url":"https:\/\/www.rememberme-forever.com\/pl\/","logo":{"@type":"ImageObject","inLanguage":"pl-PL","@id":"https:\/\/www.rememberme-forever.com\/pl\/#\/schema\/logo\/image\/","url":"https:\/\/www.rememberme-forever.com\/wp-content\/uploads\/2023\/02\/logo.png","contentUrl":"https:\/\/www.rememberme-forever.com\/wp-content\/uploads\/2023\/02\/logo.png","width":300,"height":56,"caption":"Remember Forever"},"image":{"@id":"https:\/\/www.rememberme-forever.com\/pl\/#\/schema\/logo\/image\/"}}]}},"acf":[],"_links":{"self":[{"href":"https:\/\/www.rememberme-forever.com\/pl\/wp-json\/wp\/v2\/product\/15489","targetHints":{"allow":["GET"]}}],"collection":[{"href":"https:\/\/www.rememberme-forever.com\/pl\/wp-json\/wp\/v2\/product"}],"about":[{"href":"https:\/\/www.rememberme-forever.com\/pl\/wp-json\/wp\/v2\/types\/product"}],"wp:featuredmedia":[{"embeddable":true,"href":"https:\/\/www.rememberme-forever.com\/pl\/wp-json\/wp\/v2\/media\/15493"}],"wp:attachment":[{"href":"https:\/\/www.rememberme-forever.com\/pl\/wp-json\/wp\/v2\/media?parent=15489"}],"wp:term":[{"taxonomy":"product_brand","embeddable":true,"href":"https:\/\/www.rememberme-forever.com\/pl\/wp-json\/wp\/v2\/product_brand?post=15489"},{"taxonomy":"product_cat","embeddable":true,"href":"https:\/\/www.rememberme-forever.com\/pl\/wp-json\/wp\/v2\/product_cat?post=15489"},{"taxonomy":"product_tag","embeddable":true,"href":"https:\/\/www.rememberme-forever.com\/pl\/wp-json\/wp\/v2\/product_tag?post=15489"}],"curies":[{"name":"wp","href":"https:\/\/api.w.org\/{rel}","templated":true}]}}