{"id":15506,"date":"2025-02-17T13:47:04","date_gmt":"2025-02-17T12:47:04","guid":{"rendered":"https:\/\/www.rememberme-forever.com\/product\/urna-na-prochy-dla-dziecka-z-motywem-wrozki-recznie-malowana\/"},"modified":"2026-02-02T13:39:13","modified_gmt":"2026-02-02T12:39:13","slug":"urna-na-prochy-dla-dziecka-z-motywem-wrozki-recznie-malowana","status":"publish","type":"product","link":"https:\/\/www.rememberme-forever.com\/pl\/produkt\/urna-na-prochy-dla-dziecka-z-motywem-wrozki-recznie-malowana\/","title":{"rendered":"Urna na prochy dla dziecka z motywem wr\u00f3\u017cki R\u0119cznie malowana"},"content":{"rendered":"<p style=\"text-align: center;\" data-start=\"78\" data-end=\"338\">Utrata dziecka to niewyobra\u017calny b\u00f3l serca, a uczczenie jego pami\u0119ci mi\u0142o\u015bci\u0105 i pi\u0119knem jest niezb\u0119dne. Urna <strong data-start=\"190\" data-end=\"216\">dla dziecka z motywem<\/strong> wr\u00f3\u017cki to delikatny i znacz\u0105cy ho\u0142d, zaprojektowany w celu stworzenia <strong data-start=\"276\" data-end=\"315\">spokojnego i symbolicznego miejsca spoczynku<\/strong> dla Twojego malucha.<\/p>\n<p style=\"text-align: center;\" data-start=\"340\" data-end=\"735\">Urna zawiera <strong data-start=\"359\" data-end=\"398\">r\u0119cznie malowan\u0105 kul\u0119 ze stali nierdzewnej<\/strong>, ozdobion\u0105 magicznym <strong data-start=\"423\" data-end=\"438\">motywem wr\u00f3\u017cki<\/strong>, symbolizuj\u0105cym niewinno\u015b\u0107, cud i wieczne \u015bwiat\u0142o. Spoczywa na <strong data-start=\"503\" data-end=\"523\">solidnej kamiennej<\/strong> podstawie, \u0142\u0105cz\u0105c elegancj\u0119 z trwa\u0142o\u015bci\u0105. Podstawa zawiera r\u00f3wnie\u017c <strong data-start=\"596\" data-end=\"628\">konfigurowaln\u0105 tablic\u0119 pami\u0105tkow\u0105<\/strong>, na kt\u00f3rej mo\u017cna wygrawerowa\u0107 imi\u0119, dat\u0119 lub szczer\u0105 wiadomo\u015b\u0107, dzi\u0119ki czemu urna ta jest naprawd\u0119 osobist\u0105 pami\u0105tk\u0105.<\/p>\n<p style=\"text-align: center;\" data-start=\"737\" data-end=\"997\" data-is-last-node=\"\">Ka\u017cda urna jest <strong data-start=\"749\" data-end=\"775\">starannie r\u0119cznie malowana<\/strong>, dzi\u0119ki czemu ka\u017cdy szczeg\u00f3\u0142 jest wyj\u0105tkowy. Po\u0142\u0105czenie <strong data-start=\"834\" data-end=\"887\">wysokiej jako\u015bci materia\u0142\u00f3w i artystycznego rzemios\u0142a<\/strong> sprawia, \u017ce urna ta jest czym\u015b wi\u0119cej ni\u017c tylko pomnikiem &#8211; jest <strong data-start=\"937\" data-end=\"996\">symbolem mi\u0142o\u015bci, pami\u0119ci i wiecznej wi\u0119zi<\/strong>.<\/p>\n<p>&nbsp;<\/p>\n<div style=\"width: 100%; margin-bottom: 40px; height: max-content; padding-bottom: 60%; position: relative;\"><iframe style=\"position: absolute; top: 0; left: 0; width: 100%; height: 100%;\" src=\"https:\/\/rememberme-urns.com\/fairy-theme-child-urn-for-ashes\/\" frameborder=\"0\"><\/iframe><\/div>\n<div style=\"color: red; text-align: center; margin-bottom: 25px;\">&gt;&gt; Obrotowe zdj\u0119cie &#8211; dotknij\/zbli\u017c &lt;&lt;<\/div>\n<p style=\"text-align: center;\"><span style=\"font-weight: 600;\">\u25ba PERSONALIZACJA \u25c4<\/span><\/p>\n<ul>\n<li style=\"text-align: center;\">Spersonalizowana tablica pami\u0105tkowa musi zosta\u0107 spersonalizowana podczas procesu zamawiania. (Nie martw si\u0119, je\u015bli zapomnisz, zawsze mo\u017cesz wys\u0142a\u0107 nam wiadomo\u015b\u0107 p\u00f3\u017aniej).<\/li>\n<\/ul>\n<p style=\"text-align: center;\"><span style=\"font-weight: 600; color: inherit;\">\u00a0<\/span><\/p>\n<p style=\"text-align: center;\"><span style=\"font-weight: 600; color: inherit;\">Ograniczenia tekstowe s\u0105 nast\u0119puj\u0105ce:<\/span><\/p>\n<ul>\n<li style=\"text-align: center;\">Imi\u0119 (imiona) do 24 znak\u00f3w<\/li>\n<li style=\"text-align: center;\">Data urodzenia i \u015bmierci do 24 znak\u00f3w<\/li>\n<li style=\"text-align: center;\">Trzecia linia do 24 znak\u00f3w<\/li>\n<li style=\"text-align: center;\">Czwarty wiersz do 24 znak\u00f3w<\/li>\n<li style=\"text-align: center;\">Pi\u0105ty wiersz do 24 znak\u00f3w<\/li>\n<li style=\"text-align: center;\">Sz\u00f3sty wiersz do 24 znak\u00f3w<\/li>\n<li style=\"text-align: center;\"><\/li>\n<\/ul>\n<p style=\"text-align: center;\"><span style=\"font-weight: 600; color: inherit;\">Prosimy o DOK\u0141ADNE SPRAWDZENIE tekstu grawerunku przed dodaniem produktu do koszyka. Kopiujemy i grawerujemy dok\u0142adnie te informacje, kt\u00f3re otrzymujemy wraz z zam\u00f3wieniem i nie wprowadzamy \u017cadnych zmian po naszej stronie.<\/span><\/p>\n<ul>\n<li style=\"text-align: center;\">Sprawd\u017a tekst, aby upewni\u0107 si\u0119, \u017ce pisownia jest poprawna.<\/li>\n<\/ul>\n","protected":false},"excerpt":{"rendered":"<p><b>\u2611\ufe0f <em style=\"color: red;\">Jeste\u015bmy \u015bwiadomi kr\u00f3tkiego czasu na dostarczenie urny. Urn\u0119 zam\u00f3wion\u0105 do godz. 12.00 w dzie\u0144 roboczy wysy\u0142amy natychmiast.\u00a0<\/em><\/b><\/p>\n","protected":false},"featured_media":15524,"template":"","meta":{"_acf_changed":false},"product_brand":[2398],"product_cat":[89],"product_tag":[3347],"class_list":{"0":"post-15506","1":"product","2":"type-product","3":"status-publish","4":"has-post-thumbnail","6":"product_brand-remember-forever-pl","7":"product_cat-urny-dzieciece","8":"product_tag-gpsr-metal_stonebase","9":"product_shipping_class-art-urns-kule-do20cm-pl","11":"first","12":"instock","13":"taxable","14":"shipping-taxable","15":"purchasable","16":"product-type-simple"},"yoast_head":"<!-- This site is optimized with the Yoast SEO plugin v27.4 - https:\/\/yoast.com\/product\/yoast-seo-wordpress\/ -->\n<title>Urna na prochy dla dziecka z motywem wr\u00f3\u017cki R\u0119cznie malowana - Remember Forever<\/title>\n<meta name=\"robots\" content=\"index, follow, max-snippet:-1, max-image-preview:large, max-video-preview:-1\" \/>\n<link rel=\"canonical\" href=\"https:\/\/www.rememberme-forever.com\/pl\/produkt\/urna-na-prochy-dla-dziecka-z-motywem-wrozki-recznie-malowana\/\" \/>\n<meta property=\"og:locale\" content=\"pl_PL\" \/>\n<meta property=\"og:type\" content=\"article\" \/>\n<meta property=\"og:title\" content=\"Urna na prochy dla dziecka z motywem wr\u00f3\u017cki R\u0119cznie malowana - Remember Forever\" \/>\n<meta property=\"og:description\" content=\"\u2611\ufe0f Jeste\u015bmy \u015bwiadomi kr\u00f3tkiego czasu na dostarczenie urny. Urn\u0119 zam\u00f3wion\u0105 do godz. 12.00 w dzie\u0144 roboczy wysy\u0142amy natychmiast.\u00a0\" \/>\n<meta property=\"og:url\" content=\"https:\/\/www.rememberme-forever.com\/pl\/produkt\/urna-na-prochy-dla-dziecka-z-motywem-wrozki-recznie-malowana\/\" \/>\n<meta property=\"og:site_name\" content=\"Remember Forever\" \/>\n<meta property=\"article:modified_time\" content=\"2026-02-02T12:39:13+00:00\" \/>\n<meta property=\"og:image\" content=\"http:\/\/www.rememberme-forever.com\/wp-content\/uploads\/2025\/02\/fairy-disney-urn_0001.jpg\" \/>\n\t<meta property=\"og:image:width\" content=\"1007\" \/>\n\t<meta property=\"og:image:height\" content=\"1024\" \/>\n\t<meta property=\"og:image:type\" content=\"image\/jpeg\" \/>\n<meta name=\"twitter:card\" content=\"summary_large_image\" \/>\n<meta name=\"twitter:label1\" content=\"Szacowany czas czytania\" \/>\n\t<meta name=\"twitter:data1\" content=\"2 minuta\" \/>\n<script type=\"application\/ld+json\" class=\"yoast-schema-graph\">{\"@context\":\"https:\\\/\\\/schema.org\",\"@graph\":[{\"@type\":\"WebPage\",\"@id\":\"https:\\\/\\\/www.rememberme-forever.com\\\/pl\\\/produkt\\\/urna-na-prochy-dla-dziecka-z-motywem-wrozki-recznie-malowana\\\/\",\"url\":\"https:\\\/\\\/www.rememberme-forever.com\\\/pl\\\/produkt\\\/urna-na-prochy-dla-dziecka-z-motywem-wrozki-recznie-malowana\\\/\",\"name\":\"Urna na prochy dla dziecka z motywem wr\u00f3\u017cki R\u0119cznie malowana - Remember Forever\",\"isPartOf\":{\"@id\":\"https:\\\/\\\/www.rememberme-forever.com\\\/pl\\\/#website\"},\"primaryImageOfPage\":{\"@id\":\"https:\\\/\\\/www.rememberme-forever.com\\\/pl\\\/produkt\\\/urna-na-prochy-dla-dziecka-z-motywem-wrozki-recznie-malowana\\\/#primaryimage\"},\"image\":{\"@id\":\"https:\\\/\\\/www.rememberme-forever.com\\\/pl\\\/produkt\\\/urna-na-prochy-dla-dziecka-z-motywem-wrozki-recznie-malowana\\\/#primaryimage\"},\"thumbnailUrl\":\"https:\\\/\\\/www.rememberme-forever.com\\\/wp-content\\\/uploads\\\/2025\\\/02\\\/fairy-disney-urn_0001.jpg\",\"datePublished\":\"2025-02-17T12:47:04+00:00\",\"dateModified\":\"2026-02-02T12:39:13+00:00\",\"breadcrumb\":{\"@id\":\"https:\\\/\\\/www.rememberme-forever.com\\\/pl\\\/produkt\\\/urna-na-prochy-dla-dziecka-z-motywem-wrozki-recznie-malowana\\\/#breadcrumb\"},\"inLanguage\":\"pl-PL\",\"potentialAction\":[{\"@type\":\"ReadAction\",\"target\":[\"https:\\\/\\\/www.rememberme-forever.com\\\/pl\\\/produkt\\\/urna-na-prochy-dla-dziecka-z-motywem-wrozki-recznie-malowana\\\/\"]}]},{\"@type\":\"ImageObject\",\"inLanguage\":\"pl-PL\",\"@id\":\"https:\\\/\\\/www.rememberme-forever.com\\\/pl\\\/produkt\\\/urna-na-prochy-dla-dziecka-z-motywem-wrozki-recznie-malowana\\\/#primaryimage\",\"url\":\"https:\\\/\\\/www.rememberme-forever.com\\\/wp-content\\\/uploads\\\/2025\\\/02\\\/fairy-disney-urn_0001.jpg\",\"contentUrl\":\"https:\\\/\\\/www.rememberme-forever.com\\\/wp-content\\\/uploads\\\/2025\\\/02\\\/fairy-disney-urn_0001.jpg\",\"width\":1007,\"height\":1024,\"caption\":\"fairy disney urn\"},{\"@type\":\"BreadcrumbList\",\"@id\":\"https:\\\/\\\/www.rememberme-forever.com\\\/pl\\\/produkt\\\/urna-na-prochy-dla-dziecka-z-motywem-wrozki-recznie-malowana\\\/#breadcrumb\",\"itemListElement\":[{\"@type\":\"ListItem\",\"position\":1,\"name\":\"Home\",\"item\":\"https:\\\/\\\/www.rememberme-forever.com\\\/pl\\\/strona-glowna\\\/\"},{\"@type\":\"ListItem\",\"position\":2,\"name\":\"Sklep\",\"item\":\"https:\\\/\\\/www.rememberme-forever.com\\\/pl\\\/sklep-2\\\/\"},{\"@type\":\"ListItem\",\"position\":3,\"name\":\"Urna na prochy dla dziecka z motywem wr\u00f3\u017cki R\u0119cznie malowana\"}]},{\"@type\":\"WebSite\",\"@id\":\"https:\\\/\\\/www.rememberme-forever.com\\\/pl\\\/#website\",\"url\":\"https:\\\/\\\/www.rememberme-forever.com\\\/pl\\\/\",\"name\":\"Remember Forever\",\"description\":\"Cremation urns, funeral urns, urns for ashes\",\"publisher\":{\"@id\":\"https:\\\/\\\/www.rememberme-forever.com\\\/pl\\\/#organization\"},\"potentialAction\":[{\"@type\":\"SearchAction\",\"target\":{\"@type\":\"EntryPoint\",\"urlTemplate\":\"https:\\\/\\\/www.rememberme-forever.com\\\/pl\\\/?s={search_term_string}\"},\"query-input\":{\"@type\":\"PropertyValueSpecification\",\"valueRequired\":true,\"valueName\":\"search_term_string\"}}],\"inLanguage\":\"pl-PL\"},{\"@type\":\"Organization\",\"@id\":\"https:\\\/\\\/www.rememberme-forever.com\\\/pl\\\/#organization\",\"name\":\"Remember Forever\",\"url\":\"https:\\\/\\\/www.rememberme-forever.com\\\/pl\\\/\",\"logo\":{\"@type\":\"ImageObject\",\"inLanguage\":\"pl-PL\",\"@id\":\"https:\\\/\\\/www.rememberme-forever.com\\\/pl\\\/#\\\/schema\\\/logo\\\/image\\\/\",\"url\":\"https:\\\/\\\/www.rememberme-forever.com\\\/wp-content\\\/uploads\\\/2023\\\/02\\\/logo.png\",\"contentUrl\":\"https:\\\/\\\/www.rememberme-forever.com\\\/wp-content\\\/uploads\\\/2023\\\/02\\\/logo.png\",\"width\":300,\"height\":56,\"caption\":\"Remember Forever\"},\"image\":{\"@id\":\"https:\\\/\\\/www.rememberme-forever.com\\\/pl\\\/#\\\/schema\\\/logo\\\/image\\\/\"}}]}<\/script>\n<!-- \/ Yoast SEO plugin. -->","yoast_head_json":{"title":"Urna na prochy dla dziecka z motywem wr\u00f3\u017cki R\u0119cznie malowana - Remember Forever","robots":{"index":"index","follow":"follow","max-snippet":"max-snippet:-1","max-image-preview":"max-image-preview:large","max-video-preview":"max-video-preview:-1"},"canonical":"https:\/\/www.rememberme-forever.com\/pl\/produkt\/urna-na-prochy-dla-dziecka-z-motywem-wrozki-recznie-malowana\/","og_locale":"pl_PL","og_type":"article","og_title":"Urna na prochy dla dziecka z motywem wr\u00f3\u017cki R\u0119cznie malowana - Remember Forever","og_description":"\u2611\ufe0f Jeste\u015bmy \u015bwiadomi kr\u00f3tkiego czasu na dostarczenie urny. Urn\u0119 zam\u00f3wion\u0105 do godz. 12.00 w dzie\u0144 roboczy wysy\u0142amy natychmiast.\u00a0","og_url":"https:\/\/www.rememberme-forever.com\/pl\/produkt\/urna-na-prochy-dla-dziecka-z-motywem-wrozki-recznie-malowana\/","og_site_name":"Remember Forever","article_modified_time":"2026-02-02T12:39:13+00:00","og_image":[{"width":1007,"height":1024,"url":"http:\/\/www.rememberme-forever.com\/wp-content\/uploads\/2025\/02\/fairy-disney-urn_0001.jpg","type":"image\/jpeg"}],"twitter_card":"summary_large_image","twitter_misc":{"Szacowany czas czytania":"2 minuta"},"schema":{"@context":"https:\/\/schema.org","@graph":[{"@type":"WebPage","@id":"https:\/\/www.rememberme-forever.com\/pl\/produkt\/urna-na-prochy-dla-dziecka-z-motywem-wrozki-recznie-malowana\/","url":"https:\/\/www.rememberme-forever.com\/pl\/produkt\/urna-na-prochy-dla-dziecka-z-motywem-wrozki-recznie-malowana\/","name":"Urna na prochy dla dziecka z motywem wr\u00f3\u017cki R\u0119cznie malowana - Remember Forever","isPartOf":{"@id":"https:\/\/www.rememberme-forever.com\/pl\/#website"},"primaryImageOfPage":{"@id":"https:\/\/www.rememberme-forever.com\/pl\/produkt\/urna-na-prochy-dla-dziecka-z-motywem-wrozki-recznie-malowana\/#primaryimage"},"image":{"@id":"https:\/\/www.rememberme-forever.com\/pl\/produkt\/urna-na-prochy-dla-dziecka-z-motywem-wrozki-recznie-malowana\/#primaryimage"},"thumbnailUrl":"https:\/\/www.rememberme-forever.com\/wp-content\/uploads\/2025\/02\/fairy-disney-urn_0001.jpg","datePublished":"2025-02-17T12:47:04+00:00","dateModified":"2026-02-02T12:39:13+00:00","breadcrumb":{"@id":"https:\/\/www.rememberme-forever.com\/pl\/produkt\/urna-na-prochy-dla-dziecka-z-motywem-wrozki-recznie-malowana\/#breadcrumb"},"inLanguage":"pl-PL","potentialAction":[{"@type":"ReadAction","target":["https:\/\/www.rememberme-forever.com\/pl\/produkt\/urna-na-prochy-dla-dziecka-z-motywem-wrozki-recznie-malowana\/"]}]},{"@type":"ImageObject","inLanguage":"pl-PL","@id":"https:\/\/www.rememberme-forever.com\/pl\/produkt\/urna-na-prochy-dla-dziecka-z-motywem-wrozki-recznie-malowana\/#primaryimage","url":"https:\/\/www.rememberme-forever.com\/wp-content\/uploads\/2025\/02\/fairy-disney-urn_0001.jpg","contentUrl":"https:\/\/www.rememberme-forever.com\/wp-content\/uploads\/2025\/02\/fairy-disney-urn_0001.jpg","width":1007,"height":1024,"caption":"fairy disney urn"},{"@type":"BreadcrumbList","@id":"https:\/\/www.rememberme-forever.com\/pl\/produkt\/urna-na-prochy-dla-dziecka-z-motywem-wrozki-recznie-malowana\/#breadcrumb","itemListElement":[{"@type":"ListItem","position":1,"name":"Home","item":"https:\/\/www.rememberme-forever.com\/pl\/strona-glowna\/"},{"@type":"ListItem","position":2,"name":"Sklep","item":"https:\/\/www.rememberme-forever.com\/pl\/sklep-2\/"},{"@type":"ListItem","position":3,"name":"Urna na prochy dla dziecka z motywem wr\u00f3\u017cki R\u0119cznie malowana"}]},{"@type":"WebSite","@id":"https:\/\/www.rememberme-forever.com\/pl\/#website","url":"https:\/\/www.rememberme-forever.com\/pl\/","name":"Remember Forever","description":"Cremation urns, funeral urns, urns for ashes","publisher":{"@id":"https:\/\/www.rememberme-forever.com\/pl\/#organization"},"potentialAction":[{"@type":"SearchAction","target":{"@type":"EntryPoint","urlTemplate":"https:\/\/www.rememberme-forever.com\/pl\/?s={search_term_string}"},"query-input":{"@type":"PropertyValueSpecification","valueRequired":true,"valueName":"search_term_string"}}],"inLanguage":"pl-PL"},{"@type":"Organization","@id":"https:\/\/www.rememberme-forever.com\/pl\/#organization","name":"Remember Forever","url":"https:\/\/www.rememberme-forever.com\/pl\/","logo":{"@type":"ImageObject","inLanguage":"pl-PL","@id":"https:\/\/www.rememberme-forever.com\/pl\/#\/schema\/logo\/image\/","url":"https:\/\/www.rememberme-forever.com\/wp-content\/uploads\/2023\/02\/logo.png","contentUrl":"https:\/\/www.rememberme-forever.com\/wp-content\/uploads\/2023\/02\/logo.png","width":300,"height":56,"caption":"Remember Forever"},"image":{"@id":"https:\/\/www.rememberme-forever.com\/pl\/#\/schema\/logo\/image\/"}}]}},"acf":[],"_links":{"self":[{"href":"https:\/\/www.rememberme-forever.com\/pl\/wp-json\/wp\/v2\/product\/15506","targetHints":{"allow":["GET"]}}],"collection":[{"href":"https:\/\/www.rememberme-forever.com\/pl\/wp-json\/wp\/v2\/product"}],"about":[{"href":"https:\/\/www.rememberme-forever.com\/pl\/wp-json\/wp\/v2\/types\/product"}],"wp:featuredmedia":[{"embeddable":true,"href":"https:\/\/www.rememberme-forever.com\/pl\/wp-json\/wp\/v2\/media\/15524"}],"wp:attachment":[{"href":"https:\/\/www.rememberme-forever.com\/pl\/wp-json\/wp\/v2\/media?parent=15506"}],"wp:term":[{"taxonomy":"product_brand","embeddable":true,"href":"https:\/\/www.rememberme-forever.com\/pl\/wp-json\/wp\/v2\/product_brand?post=15506"},{"taxonomy":"product_cat","embeddable":true,"href":"https:\/\/www.rememberme-forever.com\/pl\/wp-json\/wp\/v2\/product_cat?post=15506"},{"taxonomy":"product_tag","embeddable":true,"href":"https:\/\/www.rememberme-forever.com\/pl\/wp-json\/wp\/v2\/product_tag?post=15506"}],"curies":[{"name":"wp","href":"https:\/\/api.w.org\/{rel}","templated":true}]}}