{"id":15507,"date":"2025-02-17T13:47:07","date_gmt":"2025-02-17T12:47:07","guid":{"rendered":"https:\/\/www.rememberme-forever.com\/product\/urna-pogrzebowa-z-motywem-zachodzacego-slonca-artystyczna-kremowa-urna-na-prochy\/"},"modified":"2026-02-02T13:39:13","modified_gmt":"2026-02-02T12:39:13","slug":"urna-pogrzebowa-z-motywem-zachodzacego-slonca-artystyczna-kremowa-urna-na-prochy","status":"publish","type":"product","link":"https:\/\/www.rememberme-forever.com\/pl\/produkt\/urna-pogrzebowa-z-motywem-zachodzacego-slonca-artystyczna-kremowa-urna-na-prochy\/","title":{"rendered":"Urna pogrzebowa z motywem zachodz\u0105cego s\u0142o\u0144ca Artystyczna kremowa urna na prochy"},"content":{"rendered":"<p style=\"text-align: center;\" data-start=\"69\" data-end=\"344\">Po\u017cegnanie bliskiej osoby to trudny moment, a wyb\u00f3r urny powinien odzwierciedla\u0107 mi\u0142o\u015b\u0107, szacunek i pi\u0119kne wspomnienia. <strong data-start=\"189\" data-end=\"220\">Ta unikalna urna pogrzebowa<\/strong> to nie tylko miejsce spoczynku, ale r\u00f3wnie\u017c symbol wiecznego spokoju i ciep\u0142ych chwil, kt\u00f3re na zawsze pozostan\u0105 w sercu.<\/p>\n<p style=\"text-align: center;\" data-start=\"346\" data-end=\"742\">Urna sk\u0142ada si\u0119 z <strong data-start=\"364\" data-end=\"411\">r\u0119cznie malowanej kuli ze stali nierdzewnej<\/strong>, ozdobionej motywem <strong data-start=\"432\" data-end=\"455\">zachodz\u0105cego s\u0142o\u0144ca<\/strong> \u2013 symbolizuj\u0105cego ukojenie, refleksj\u0119 i wieczny odpoczynek. Kula spoczywa na <strong data-start=\"533\" data-end=\"565\">solidnej kamiennej podstawie<\/strong>, kt\u00f3ra nadaje ca\u0142o\u015bci stabilno\u015b\u0107 i elegancj\u0119. Na podstawie umieszczona jest <strong data-start=\"642\" data-end=\"670\">figurka podw\u00f3jnego serca<\/strong>, symbolizuj\u0105ca nieprzemijaj\u0105c\u0105 mi\u0142o\u015b\u0107 i wi\u0119\u017a, kt\u00f3ra nigdy nie ga\u015bnie.<\/p>\n<p style=\"text-align: center;\" data-start=\"744\" data-end=\"1025\">Obok serca znajduje si\u0119 <strong data-start=\"768\" data-end=\"809\">spersonalizowana tabliczka pami\u0105tkowa<\/strong>, na kt\u00f3rej mo\u017cna umie\u015bci\u0107 imi\u0119, daty lub osobiste przes\u0142anie, tworz\u0105c wyj\u0105tkow\u0105 pami\u0105tk\u0119. Prochy umieszczane s\u0105 od spodu urny, poprzez <strong data-start=\"945\" data-end=\"980\">dyskretne, zakr\u0119cane zamkni\u0119cie<\/strong>, kt\u00f3re zapewnia bezpiecze\u0144stwo i trwa\u0142o\u015b\u0107.<\/p>\n<p style=\"text-align: center;\" data-start=\"1027\" data-end=\"1199\" data-is-last-node=\"\">Ta <strong data-start=\"1030\" data-end=\"1075\">artystyczna urna na prochy doros\u0142ej osoby<\/strong> to co\u015b wi\u0119cej ni\u017c zwyk\u0142e naczynie \u2013 to <strong data-start=\"1115\" data-end=\"1147\">pe\u0142en mi\u0142o\u015bci i spokoju ho\u0142d<\/strong> dla osoby, kt\u00f3rej pami\u0119\u0107 chcemy zachowa\u0107 na zawsze.<\/p>\n<div style=\"width: 100%; margin-bottom: 40px; height: max-content; padding-bottom: 60%; position: relative;\"><iframe style=\"position: absolute; top: 0; left: 0; width: 100%; height: 100%;\" src=\"https:\/\/rememberme-urns.com\/sunset-urn-for-ashes-black-base\/\" frameborder=\"0\"><\/iframe><\/div>\n<div style=\"color: red; text-align: center; margin-bottom: 25px;\">&gt;&gt; Obrotowe zdj\u0119cie &#8211; dotknij\/zbli\u017c &lt;&lt;<\/div>\n<p style=\"text-align: center;\">&#8212;&#8212;&#8212;&#8212;&#8212;&#8212;&#8212;&#8212;&#8212;&#8212;&#8211;<br \/>\nTa urna nie nadaje si\u0119 do u\u017cytku na zewn\u0105trz.<\/p>\n<p class=\"MsoNormal\" style=\"text-align: center;\" align=\"center\"><b>\u25ba PERSONALIZACJA <\/b><b>\u25c4<\/b><\/p>\n<p class=\"MsoNormal\" style=\"text-align: center;\" align=\"center\"><span lang=\"EN-US\">Spersonalizowana tablica pami\u0105tkowa musi zosta\u0107 spersonalizowana podczas procesu zamawiania. (Nie martw si\u0119, je\u015bli zapomnisz, zawsze mo\u017cesz wys\u0142a\u0107 nam wiadomo\u015b\u0107 p\u00f3\u017aniej).<\/span><\/p>\n<p class=\"MsoNormal\" style=\"text-align: center;\" align=\"center\"><b><span lang=\"EN-US\">\u00a0<\/span><\/b><\/p>\n<p class=\"MsoNormal\" style=\"text-align: center;\" align=\"center\"><b><span lang=\"EN-US\">Ograniczenia tekstowe s\u0105 nast\u0119puj\u0105ce:<\/span><\/b><\/p>\n<p class=\"MsoNormal\" style=\"text-align: center;\" align=\"center\">&#8211; Imi\u0119 (imiona) do 24 znak\u00f3w<\/p>\n<p class=\"MsoNormal\" style=\"text-align: center;\" align=\"center\"><span lang=\"EN-US\">&#8211; Data urodzenia i \u015bmierci do 24 znak\u00f3w<\/span><\/p>\n<p class=\"MsoNormal\" style=\"text-align: center;\" align=\"center\">&#8211; Trzeci wiersz do 24 znak\u00f3w<\/p>\n<p class=\"MsoNormal\" style=\"text-align: center;\" align=\"center\">&#8211; Czwarty wiersz do 24 znak\u00f3w<\/p>\n<p class=\"MsoNormal\" style=\"text-align: center;\" align=\"center\">&#8211; Pi\u0105ty wiersz do 24 znak\u00f3w<\/p>\n<p class=\"MsoNormal\" style=\"text-align: center;\" align=\"center\"><b><span lang=\"EN-US\">Prosimy o DOK\u0141ADNE SPRAWDZENIE tekstu grawerunku przed dodaniem produktu do koszyka. Kopiujemy i grawerujemy dok\u0142adnie te informacje, kt\u00f3re otrzymujemy wraz z zam\u00f3wieniem i nie wprowadzamy \u017cadnych zmian po naszej stronie.<\/span><\/b><\/p>\n<p class=\"MsoNormal\" style=\"text-align: center;\" align=\"center\"><span lang=\"EN-US\">Sprawd\u017a tekst, aby upewni\u0107 si\u0119, \u017ce pisownia jest poprawna.<\/span><\/p>\n<p class=\"MsoNormal\" style=\"text-align: center;\" align=\"center\">\n","protected":false},"excerpt":{"rendered":"<p><b>\u2611\ufe0f <em style=\"color: red;\">Jeste\u015bmy \u015bwiadomi kr\u00f3tkiego czasu na dostarczenie urny. Urn\u0119 zam\u00f3wion\u0105 do godz. 12.00 w dzie\u0144 roboczy wysy\u0142amy natychmiast.\u00a0<\/em><\/b><\/p>\n","protected":false},"featured_media":15532,"template":"","meta":{"_acf_changed":false},"product_brand":[2398],"product_cat":[78],"product_tag":[3347],"class_list":{"0":"post-15507","1":"product","2":"type-product","3":"status-publish","4":"has-post-thumbnail","6":"product_brand-remember-forever-pl","7":"product_cat-urny-artystyczne","8":"product_tag-gpsr-metal_stonebase","9":"product_shipping_class-art-urns-kule-do20cm-pl","11":"first","12":"instock","13":"taxable","14":"shipping-taxable","15":"purchasable","16":"product-type-simple"},"yoast_head":"<!-- This site is optimized with the Yoast SEO plugin v27.4 - https:\/\/yoast.com\/product\/yoast-seo-wordpress\/ -->\n<title>Urna pogrzebowa z motywem zachodz\u0105cego s\u0142o\u0144ca Artystyczna kremowa urna na prochy - Remember Forever<\/title>\n<meta name=\"robots\" content=\"index, follow, max-snippet:-1, max-image-preview:large, max-video-preview:-1\" \/>\n<link rel=\"canonical\" href=\"https:\/\/www.rememberme-forever.com\/pl\/produkt\/urna-pogrzebowa-z-motywem-zachodzacego-slonca-artystyczna-kremowa-urna-na-prochy\/\" \/>\n<meta property=\"og:locale\" content=\"pl_PL\" \/>\n<meta property=\"og:type\" content=\"article\" \/>\n<meta property=\"og:title\" content=\"Urna pogrzebowa z motywem zachodz\u0105cego s\u0142o\u0144ca Artystyczna kremowa urna na prochy - Remember Forever\" \/>\n<meta property=\"og:description\" content=\"\u2611\ufe0f Jeste\u015bmy \u015bwiadomi kr\u00f3tkiego czasu na dostarczenie urny. Urn\u0119 zam\u00f3wion\u0105 do godz. 12.00 w dzie\u0144 roboczy wysy\u0142amy natychmiast.\u00a0\" \/>\n<meta property=\"og:url\" content=\"https:\/\/www.rememberme-forever.com\/pl\/produkt\/urna-pogrzebowa-z-motywem-zachodzacego-slonca-artystyczna-kremowa-urna-na-prochy\/\" \/>\n<meta property=\"og:site_name\" content=\"Remember Forever\" \/>\n<meta property=\"article:modified_time\" content=\"2026-02-02T12:39:13+00:00\" \/>\n<meta property=\"og:image\" content=\"http:\/\/www.rememberme-forever.com\/wp-content\/uploads\/2025\/02\/sunset-urn-black-base_0001.jpg\" \/>\n\t<meta property=\"og:image:width\" content=\"1007\" \/>\n\t<meta property=\"og:image:height\" content=\"1024\" \/>\n\t<meta property=\"og:image:type\" content=\"image\/jpeg\" \/>\n<meta name=\"twitter:card\" content=\"summary_large_image\" \/>\n<meta name=\"twitter:label1\" content=\"Szacowany czas czytania\" \/>\n\t<meta name=\"twitter:data1\" content=\"2 minuta\" \/>\n<script type=\"application\/ld+json\" class=\"yoast-schema-graph\">{\"@context\":\"https:\\\/\\\/schema.org\",\"@graph\":[{\"@type\":\"WebPage\",\"@id\":\"https:\\\/\\\/www.rememberme-forever.com\\\/pl\\\/produkt\\\/urna-pogrzebowa-z-motywem-zachodzacego-slonca-artystyczna-kremowa-urna-na-prochy\\\/\",\"url\":\"https:\\\/\\\/www.rememberme-forever.com\\\/pl\\\/produkt\\\/urna-pogrzebowa-z-motywem-zachodzacego-slonca-artystyczna-kremowa-urna-na-prochy\\\/\",\"name\":\"Urna pogrzebowa z motywem zachodz\u0105cego s\u0142o\u0144ca Artystyczna kremowa urna na prochy - Remember Forever\",\"isPartOf\":{\"@id\":\"https:\\\/\\\/www.rememberme-forever.com\\\/pl\\\/#website\"},\"primaryImageOfPage\":{\"@id\":\"https:\\\/\\\/www.rememberme-forever.com\\\/pl\\\/produkt\\\/urna-pogrzebowa-z-motywem-zachodzacego-slonca-artystyczna-kremowa-urna-na-prochy\\\/#primaryimage\"},\"image\":{\"@id\":\"https:\\\/\\\/www.rememberme-forever.com\\\/pl\\\/produkt\\\/urna-pogrzebowa-z-motywem-zachodzacego-slonca-artystyczna-kremowa-urna-na-prochy\\\/#primaryimage\"},\"thumbnailUrl\":\"https:\\\/\\\/www.rememberme-forever.com\\\/wp-content\\\/uploads\\\/2025\\\/02\\\/sunset-urn-black-base_0001.jpg\",\"datePublished\":\"2025-02-17T12:47:07+00:00\",\"dateModified\":\"2026-02-02T12:39:13+00:00\",\"breadcrumb\":{\"@id\":\"https:\\\/\\\/www.rememberme-forever.com\\\/pl\\\/produkt\\\/urna-pogrzebowa-z-motywem-zachodzacego-slonca-artystyczna-kremowa-urna-na-prochy\\\/#breadcrumb\"},\"inLanguage\":\"pl-PL\",\"potentialAction\":[{\"@type\":\"ReadAction\",\"target\":[\"https:\\\/\\\/www.rememberme-forever.com\\\/pl\\\/produkt\\\/urna-pogrzebowa-z-motywem-zachodzacego-slonca-artystyczna-kremowa-urna-na-prochy\\\/\"]}]},{\"@type\":\"ImageObject\",\"inLanguage\":\"pl-PL\",\"@id\":\"https:\\\/\\\/www.rememberme-forever.com\\\/pl\\\/produkt\\\/urna-pogrzebowa-z-motywem-zachodzacego-slonca-artystyczna-kremowa-urna-na-prochy\\\/#primaryimage\",\"url\":\"https:\\\/\\\/www.rememberme-forever.com\\\/wp-content\\\/uploads\\\/2025\\\/02\\\/sunset-urn-black-base_0001.jpg\",\"contentUrl\":\"https:\\\/\\\/www.rememberme-forever.com\\\/wp-content\\\/uploads\\\/2025\\\/02\\\/sunset-urn-black-base_0001.jpg\",\"width\":1007,\"height\":1024,\"caption\":\"sunset urn\"},{\"@type\":\"BreadcrumbList\",\"@id\":\"https:\\\/\\\/www.rememberme-forever.com\\\/pl\\\/produkt\\\/urna-pogrzebowa-z-motywem-zachodzacego-slonca-artystyczna-kremowa-urna-na-prochy\\\/#breadcrumb\",\"itemListElement\":[{\"@type\":\"ListItem\",\"position\":1,\"name\":\"Home\",\"item\":\"https:\\\/\\\/www.rememberme-forever.com\\\/pl\\\/strona-glowna\\\/\"},{\"@type\":\"ListItem\",\"position\":2,\"name\":\"Sklep\",\"item\":\"https:\\\/\\\/www.rememberme-forever.com\\\/pl\\\/sklep-2\\\/\"},{\"@type\":\"ListItem\",\"position\":3,\"name\":\"Urna pogrzebowa z motywem zachodz\u0105cego s\u0142o\u0144ca Artystyczna kremowa urna na prochy\"}]},{\"@type\":\"WebSite\",\"@id\":\"https:\\\/\\\/www.rememberme-forever.com\\\/pl\\\/#website\",\"url\":\"https:\\\/\\\/www.rememberme-forever.com\\\/pl\\\/\",\"name\":\"Remember Forever\",\"description\":\"Cremation urns, funeral urns, urns for ashes\",\"publisher\":{\"@id\":\"https:\\\/\\\/www.rememberme-forever.com\\\/pl\\\/#organization\"},\"potentialAction\":[{\"@type\":\"SearchAction\",\"target\":{\"@type\":\"EntryPoint\",\"urlTemplate\":\"https:\\\/\\\/www.rememberme-forever.com\\\/pl\\\/?s={search_term_string}\"},\"query-input\":{\"@type\":\"PropertyValueSpecification\",\"valueRequired\":true,\"valueName\":\"search_term_string\"}}],\"inLanguage\":\"pl-PL\"},{\"@type\":\"Organization\",\"@id\":\"https:\\\/\\\/www.rememberme-forever.com\\\/pl\\\/#organization\",\"name\":\"Remember Forever\",\"url\":\"https:\\\/\\\/www.rememberme-forever.com\\\/pl\\\/\",\"logo\":{\"@type\":\"ImageObject\",\"inLanguage\":\"pl-PL\",\"@id\":\"https:\\\/\\\/www.rememberme-forever.com\\\/pl\\\/#\\\/schema\\\/logo\\\/image\\\/\",\"url\":\"https:\\\/\\\/www.rememberme-forever.com\\\/wp-content\\\/uploads\\\/2023\\\/02\\\/logo.png\",\"contentUrl\":\"https:\\\/\\\/www.rememberme-forever.com\\\/wp-content\\\/uploads\\\/2023\\\/02\\\/logo.png\",\"width\":300,\"height\":56,\"caption\":\"Remember Forever\"},\"image\":{\"@id\":\"https:\\\/\\\/www.rememberme-forever.com\\\/pl\\\/#\\\/schema\\\/logo\\\/image\\\/\"}}]}<\/script>\n<!-- \/ Yoast SEO plugin. -->","yoast_head_json":{"title":"Urna pogrzebowa z motywem zachodz\u0105cego s\u0142o\u0144ca Artystyczna kremowa urna na prochy - Remember Forever","robots":{"index":"index","follow":"follow","max-snippet":"max-snippet:-1","max-image-preview":"max-image-preview:large","max-video-preview":"max-video-preview:-1"},"canonical":"https:\/\/www.rememberme-forever.com\/pl\/produkt\/urna-pogrzebowa-z-motywem-zachodzacego-slonca-artystyczna-kremowa-urna-na-prochy\/","og_locale":"pl_PL","og_type":"article","og_title":"Urna pogrzebowa z motywem zachodz\u0105cego s\u0142o\u0144ca Artystyczna kremowa urna na prochy - Remember Forever","og_description":"\u2611\ufe0f Jeste\u015bmy \u015bwiadomi kr\u00f3tkiego czasu na dostarczenie urny. Urn\u0119 zam\u00f3wion\u0105 do godz. 12.00 w dzie\u0144 roboczy wysy\u0142amy natychmiast.\u00a0","og_url":"https:\/\/www.rememberme-forever.com\/pl\/produkt\/urna-pogrzebowa-z-motywem-zachodzacego-slonca-artystyczna-kremowa-urna-na-prochy\/","og_site_name":"Remember Forever","article_modified_time":"2026-02-02T12:39:13+00:00","og_image":[{"width":1007,"height":1024,"url":"http:\/\/www.rememberme-forever.com\/wp-content\/uploads\/2025\/02\/sunset-urn-black-base_0001.jpg","type":"image\/jpeg"}],"twitter_card":"summary_large_image","twitter_misc":{"Szacowany czas czytania":"2 minuta"},"schema":{"@context":"https:\/\/schema.org","@graph":[{"@type":"WebPage","@id":"https:\/\/www.rememberme-forever.com\/pl\/produkt\/urna-pogrzebowa-z-motywem-zachodzacego-slonca-artystyczna-kremowa-urna-na-prochy\/","url":"https:\/\/www.rememberme-forever.com\/pl\/produkt\/urna-pogrzebowa-z-motywem-zachodzacego-slonca-artystyczna-kremowa-urna-na-prochy\/","name":"Urna pogrzebowa z motywem zachodz\u0105cego s\u0142o\u0144ca Artystyczna kremowa urna na prochy - Remember Forever","isPartOf":{"@id":"https:\/\/www.rememberme-forever.com\/pl\/#website"},"primaryImageOfPage":{"@id":"https:\/\/www.rememberme-forever.com\/pl\/produkt\/urna-pogrzebowa-z-motywem-zachodzacego-slonca-artystyczna-kremowa-urna-na-prochy\/#primaryimage"},"image":{"@id":"https:\/\/www.rememberme-forever.com\/pl\/produkt\/urna-pogrzebowa-z-motywem-zachodzacego-slonca-artystyczna-kremowa-urna-na-prochy\/#primaryimage"},"thumbnailUrl":"https:\/\/www.rememberme-forever.com\/wp-content\/uploads\/2025\/02\/sunset-urn-black-base_0001.jpg","datePublished":"2025-02-17T12:47:07+00:00","dateModified":"2026-02-02T12:39:13+00:00","breadcrumb":{"@id":"https:\/\/www.rememberme-forever.com\/pl\/produkt\/urna-pogrzebowa-z-motywem-zachodzacego-slonca-artystyczna-kremowa-urna-na-prochy\/#breadcrumb"},"inLanguage":"pl-PL","potentialAction":[{"@type":"ReadAction","target":["https:\/\/www.rememberme-forever.com\/pl\/produkt\/urna-pogrzebowa-z-motywem-zachodzacego-slonca-artystyczna-kremowa-urna-na-prochy\/"]}]},{"@type":"ImageObject","inLanguage":"pl-PL","@id":"https:\/\/www.rememberme-forever.com\/pl\/produkt\/urna-pogrzebowa-z-motywem-zachodzacego-slonca-artystyczna-kremowa-urna-na-prochy\/#primaryimage","url":"https:\/\/www.rememberme-forever.com\/wp-content\/uploads\/2025\/02\/sunset-urn-black-base_0001.jpg","contentUrl":"https:\/\/www.rememberme-forever.com\/wp-content\/uploads\/2025\/02\/sunset-urn-black-base_0001.jpg","width":1007,"height":1024,"caption":"sunset urn"},{"@type":"BreadcrumbList","@id":"https:\/\/www.rememberme-forever.com\/pl\/produkt\/urna-pogrzebowa-z-motywem-zachodzacego-slonca-artystyczna-kremowa-urna-na-prochy\/#breadcrumb","itemListElement":[{"@type":"ListItem","position":1,"name":"Home","item":"https:\/\/www.rememberme-forever.com\/pl\/strona-glowna\/"},{"@type":"ListItem","position":2,"name":"Sklep","item":"https:\/\/www.rememberme-forever.com\/pl\/sklep-2\/"},{"@type":"ListItem","position":3,"name":"Urna pogrzebowa z motywem zachodz\u0105cego s\u0142o\u0144ca Artystyczna kremowa urna na prochy"}]},{"@type":"WebSite","@id":"https:\/\/www.rememberme-forever.com\/pl\/#website","url":"https:\/\/www.rememberme-forever.com\/pl\/","name":"Remember Forever","description":"Cremation urns, funeral urns, urns for ashes","publisher":{"@id":"https:\/\/www.rememberme-forever.com\/pl\/#organization"},"potentialAction":[{"@type":"SearchAction","target":{"@type":"EntryPoint","urlTemplate":"https:\/\/www.rememberme-forever.com\/pl\/?s={search_term_string}"},"query-input":{"@type":"PropertyValueSpecification","valueRequired":true,"valueName":"search_term_string"}}],"inLanguage":"pl-PL"},{"@type":"Organization","@id":"https:\/\/www.rememberme-forever.com\/pl\/#organization","name":"Remember Forever","url":"https:\/\/www.rememberme-forever.com\/pl\/","logo":{"@type":"ImageObject","inLanguage":"pl-PL","@id":"https:\/\/www.rememberme-forever.com\/pl\/#\/schema\/logo\/image\/","url":"https:\/\/www.rememberme-forever.com\/wp-content\/uploads\/2023\/02\/logo.png","contentUrl":"https:\/\/www.rememberme-forever.com\/wp-content\/uploads\/2023\/02\/logo.png","width":300,"height":56,"caption":"Remember Forever"},"image":{"@id":"https:\/\/www.rememberme-forever.com\/pl\/#\/schema\/logo\/image\/"}}]}},"acf":[],"_links":{"self":[{"href":"https:\/\/www.rememberme-forever.com\/pl\/wp-json\/wp\/v2\/product\/15507","targetHints":{"allow":["GET"]}}],"collection":[{"href":"https:\/\/www.rememberme-forever.com\/pl\/wp-json\/wp\/v2\/product"}],"about":[{"href":"https:\/\/www.rememberme-forever.com\/pl\/wp-json\/wp\/v2\/types\/product"}],"wp:featuredmedia":[{"embeddable":true,"href":"https:\/\/www.rememberme-forever.com\/pl\/wp-json\/wp\/v2\/media\/15532"}],"wp:attachment":[{"href":"https:\/\/www.rememberme-forever.com\/pl\/wp-json\/wp\/v2\/media?parent=15507"}],"wp:term":[{"taxonomy":"product_brand","embeddable":true,"href":"https:\/\/www.rememberme-forever.com\/pl\/wp-json\/wp\/v2\/product_brand?post=15507"},{"taxonomy":"product_cat","embeddable":true,"href":"https:\/\/www.rememberme-forever.com\/pl\/wp-json\/wp\/v2\/product_cat?post=15507"},{"taxonomy":"product_tag","embeddable":true,"href":"https:\/\/www.rememberme-forever.com\/pl\/wp-json\/wp\/v2\/product_tag?post=15507"}],"curies":[{"name":"wp","href":"https:\/\/api.w.org\/{rel}","templated":true}]}}