{"id":15548,"date":"2025-02-18T11:50:26","date_gmt":"2025-02-18T10:50:26","guid":{"rendered":"https:\/\/www.rememberme-forever.com\/product\/pamiatkowa-urna-z-ksiezycem-i-gwiazdami-mini-urna-na-czesc-prochow\/"},"modified":"2026-02-02T13:38:31","modified_gmt":"2026-02-02T12:38:31","slug":"pamiatkowa-urna-z-ksiezycem-i-gwiazdami-mini-urna-na-czesc-prochow","status":"publish","type":"product","link":"https:\/\/www.rememberme-forever.com\/pl\/produkt\/pamiatkowa-urna-z-ksiezycem-i-gwiazdami-mini-urna-na-czesc-prochow\/","title":{"rendered":"Pami\u0105tkowa urna z ksi\u0119\u017cycem i gwiazdami Mini urna na cz\u0119\u015b\u0107 proch\u00f3w"},"content":{"rendered":"<p style=\"text-align: center;\" data-start=\"86\" data-end=\"514\">Ta <strong data-start=\"89\" data-end=\"113\">mini urna pogrzebowa<\/strong> to delikatna i symboliczna pami\u0105tka, stworzona z my\u015bl\u0105 o przechowywaniu niewielkiej ilo\u015bci proch\u00f3w. Jej wyj\u0105tkowy design \u0142\u0105czy <strong data-start=\"241\" data-end=\"287\">r\u0119cznie malowan\u0105 kul\u0119 ze stali nierdzewnej<\/strong>, ozdobion\u0105 <strong data-start=\"299\" data-end=\"328\">motywem ksi\u0119\u017cyca i gwiazd<\/strong>, z solidn\u0105 podstaw\u0105 wykonan\u0105 z ABS. Ksi\u0119\u017cyc i gwiazdy od wiek\u00f3w kojarz\u0105 si\u0119 ze spokojem, wieczno\u015bci\u0105 i duchow\u0105 obecno\u015bci\u0105, czyni\u0105c t\u0119 urn\u0119 pi\u0119knym symbolem pami\u0119ci o ukochanej osobie.<\/p>\n<p style=\"text-align: center;\" data-start=\"516\" data-end=\"799\">Urna jest niewielka, ale pe\u0142na znaczenia. Mo\u017ce stanowi\u0107 <strong data-start=\"572\" data-end=\"609\">pami\u0105tk\u0119 dla rodziny lub bliskich<\/strong>, pozwalaj\u0105c zachowa\u0107 cz\u0119\u015b\u0107 proch\u00f3w w spos\u00f3b osobisty i wyj\u0105tkowy. Dodatkow\u0105 opcj\u0105 jest <strong data-start=\"697\" data-end=\"738\">spersonalizowana tabliczka pami\u0105tkowa<\/strong>, na kt\u00f3rej mo\u017cna umie\u015bci\u0107 imi\u0119, daty lub kr\u00f3tk\u0105 dedykacj\u0119.<\/p>\n<p style=\"text-align: center;\" data-start=\"801\" data-end=\"962\" data-is-last-node=\"\">To <strong data-start=\"804\" data-end=\"858\">subtelny i wzruszaj\u0105cy spos\u00f3b na uczczenie pami\u0119ci<\/strong>, idealny dla tych, kt\u00f3rzy chc\u0105 mie\u0107 blisk\u0105 osob\u0119 zawsze przy sobie, w pe\u0142nym mi\u0142o\u015bci i spokoju ho\u0142dzie.<\/p>\n<div style=\"width: 100%; margin-bottom: 40px; height: max-content; padding-bottom: 60%; position: relative;\"><iframe style=\"position: absolute; top: 0; left: 0; width: 100%; height: 100%;\" src=\"https:\/\/rememberme-urns.com\/keepsake-with-moon-hand-painted\/\" frameborder=\"0\"><\/iframe><\/div>\n<div style=\"color: red; text-align: center; margin-bottom: 25px;\">&gt;&gt; Obrotowe zdj\u0119cie &#8211; dotknij\/zbli\u017c &lt;&lt;<\/div>\n<div style=\"text-align: center;\"><\/div>\n<p class=\"MsoNormal\" style=\"text-align: center;\" align=\"center\"><b>\u25ba PERSONALIZACJA <\/b><b>\u25c4<\/b><\/p>\n<p class=\"MsoNormal\" style=\"text-align: center;\" align=\"center\"><span lang=\"EN-US\">Je\u015bli wybierzesz spersonalizowan\u0105 tabliczk\u0119, wpisz tekst w odpowiednim miejscu lub wy\u015blij nam wiadomo\u015b\u0107.<\/span><\/p>\n<p class=\"MsoNormal\" style=\"text-align: center;\" align=\"center\"><span lang=\"EN-US\">Spersonalizowana tabliczka pami\u0105tkowa musi zosta\u0107 dostosowana podczas procesu zamawiania. (Nie martw si\u0119, je\u015bli zapomnisz, zawsze mo\u017cesz wys\u0142a\u0107 nam wiadomo\u015b\u0107 p\u00f3\u017aniej).<\/span><\/p>\n<p class=\"MsoNormal\" style=\"text-align: center;\" align=\"center\"><span style=\"color: inherit; font-weight: 600;\">\u00a0Ograniczenia tekstu s\u0105 nast\u0119puj\u0105ce:<\/span><\/p>\n<p class=\"MsoNormal\" style=\"text-align: center;\" align=\"center\">&#8211; Imi\u0119 (imiona) do 15 znak\u00f3w<\/p>\n<p class=\"MsoNormal\" style=\"text-align: center;\" align=\"center\"><span lang=\"EN-US\">&#8211; Data urodzenia i \u015bmierci do 15 znak\u00f3w<\/span><\/p>\n<p class=\"MsoNormal\" style=\"text-align: center;\" align=\"center\">&#8211; Trzeci wiersz do 15 znak\u00f3w<\/p>\n<p class=\"MsoNormal\" style=\"text-align: center;\" align=\"center\"><b><span lang=\"EN-US\">Prosimy o PODW\u00d3JNE SPRAWDZENIE tekstu grawerunku przed dodaniem produktu do koszyka. Kopiujemy i grawerujemy dok\u0142adnie te informacje, kt\u00f3re otrzymujemy wraz z zam\u00f3wieniem i nie wprowadzamy \u017cadnych zmian po naszej stronie.<\/span><\/b><\/p>\n<p class=\"MsoNormal\" style=\"text-align: center;\" align=\"center\"><span lang=\"EN-US\">Sprawd\u017a tekst, aby upewni\u0107 si\u0119, \u017ce pisownia jest poprawna.<\/span><\/p>\n<p class=\"MsoNormal\" style=\"text-align: center;\" align=\"center\"><b><span lang=\"EN-US\">NIE<\/span><\/b><span lang=\"EN-US\"> wprowadzaj informacji o grawerowaniu, je\u015bli kupujesz opcj\u0119 &#8222;Urna bez tabliczki&#8221;.<\/span><\/p>\n<p class=\"MsoNormal\" style=\"text-align: center;\" align=\"center\">\n","protected":false},"excerpt":{"rendered":"<p><b>\u2611\ufe0f <em style=\"color: red;\">Jeste\u015bmy \u015bwiadomi kr\u00f3tkiego czasu na dostarczenie urny. Urn\u0119 zam\u00f3wion\u0105 do godz. 12.00 w dzie\u0144 roboczy wysy\u0142amy natychmiast.\u00a0<\/em><\/b><\/p>\n","protected":false},"featured_media":15551,"template":"","meta":{"_acf_changed":false},"product_brand":[2398],"product_cat":[122],"product_tag":[3328],"class_list":{"0":"post-15548","1":"product","2":"type-product","3":"status-publish","4":"has-post-thumbnail","6":"product_brand-remember-forever-pl","7":"product_cat-relikwiarze","8":"product_tag-gpsr-keepsake-urns","9":"product_shipping_class-keepsake-etc-pl","11":"first","12":"instock","13":"taxable","14":"shipping-taxable","15":"purchasable","16":"product-type-simple"},"yoast_head":"<!-- This site is optimized with the Yoast SEO plugin v27.4 - https:\/\/yoast.com\/product\/yoast-seo-wordpress\/ -->\n<title>Pami\u0105tkowa urna z ksi\u0119\u017cycem i gwiazdami Mini urna na cz\u0119\u015b\u0107 proch\u00f3w - Remember Forever<\/title>\n<meta name=\"robots\" content=\"index, follow, max-snippet:-1, max-image-preview:large, max-video-preview:-1\" \/>\n<link rel=\"canonical\" href=\"https:\/\/www.rememberme-forever.com\/pl\/produkt\/pamiatkowa-urna-z-ksiezycem-i-gwiazdami-mini-urna-na-czesc-prochow\/\" \/>\n<meta property=\"og:locale\" content=\"pl_PL\" \/>\n<meta property=\"og:type\" content=\"article\" \/>\n<meta property=\"og:title\" content=\"Pami\u0105tkowa urna z ksi\u0119\u017cycem i gwiazdami Mini urna na cz\u0119\u015b\u0107 proch\u00f3w - Remember Forever\" \/>\n<meta property=\"og:description\" content=\"\u2611\ufe0f Jeste\u015bmy \u015bwiadomi kr\u00f3tkiego czasu na dostarczenie urny. Urn\u0119 zam\u00f3wion\u0105 do godz. 12.00 w dzie\u0144 roboczy wysy\u0142amy natychmiast.\u00a0\" \/>\n<meta property=\"og:url\" content=\"https:\/\/www.rememberme-forever.com\/pl\/produkt\/pamiatkowa-urna-z-ksiezycem-i-gwiazdami-mini-urna-na-czesc-prochow\/\" \/>\n<meta property=\"og:site_name\" content=\"Remember Forever\" \/>\n<meta property=\"article:modified_time\" content=\"2026-02-02T12:38:31+00:00\" \/>\n<meta property=\"og:image\" content=\"http:\/\/www.rememberme-forever.com\/wp-content\/uploads\/2025\/02\/moon-keepsake_0001.jpg\" \/>\n\t<meta property=\"og:image:width\" content=\"1007\" \/>\n\t<meta property=\"og:image:height\" content=\"1024\" \/>\n\t<meta property=\"og:image:type\" content=\"image\/jpeg\" \/>\n<meta name=\"twitter:card\" content=\"summary_large_image\" \/>\n<meta name=\"twitter:label1\" content=\"Szacowany czas czytania\" \/>\n\t<meta name=\"twitter:data1\" content=\"2 minuta\" \/>\n<script type=\"application\/ld+json\" class=\"yoast-schema-graph\">{\"@context\":\"https:\\\/\\\/schema.org\",\"@graph\":[{\"@type\":\"WebPage\",\"@id\":\"https:\\\/\\\/www.rememberme-forever.com\\\/pl\\\/produkt\\\/pamiatkowa-urna-z-ksiezycem-i-gwiazdami-mini-urna-na-czesc-prochow\\\/\",\"url\":\"https:\\\/\\\/www.rememberme-forever.com\\\/pl\\\/produkt\\\/pamiatkowa-urna-z-ksiezycem-i-gwiazdami-mini-urna-na-czesc-prochow\\\/\",\"name\":\"Pami\u0105tkowa urna z ksi\u0119\u017cycem i gwiazdami Mini urna na cz\u0119\u015b\u0107 proch\u00f3w - Remember Forever\",\"isPartOf\":{\"@id\":\"https:\\\/\\\/www.rememberme-forever.com\\\/pl\\\/#website\"},\"primaryImageOfPage\":{\"@id\":\"https:\\\/\\\/www.rememberme-forever.com\\\/pl\\\/produkt\\\/pamiatkowa-urna-z-ksiezycem-i-gwiazdami-mini-urna-na-czesc-prochow\\\/#primaryimage\"},\"image\":{\"@id\":\"https:\\\/\\\/www.rememberme-forever.com\\\/pl\\\/produkt\\\/pamiatkowa-urna-z-ksiezycem-i-gwiazdami-mini-urna-na-czesc-prochow\\\/#primaryimage\"},\"thumbnailUrl\":\"https:\\\/\\\/www.rememberme-forever.com\\\/wp-content\\\/uploads\\\/2025\\\/02\\\/moon-keepsake_0001.jpg\",\"datePublished\":\"2025-02-18T10:50:26+00:00\",\"dateModified\":\"2026-02-02T12:38:31+00:00\",\"breadcrumb\":{\"@id\":\"https:\\\/\\\/www.rememberme-forever.com\\\/pl\\\/produkt\\\/pamiatkowa-urna-z-ksiezycem-i-gwiazdami-mini-urna-na-czesc-prochow\\\/#breadcrumb\"},\"inLanguage\":\"pl-PL\",\"potentialAction\":[{\"@type\":\"ReadAction\",\"target\":[\"https:\\\/\\\/www.rememberme-forever.com\\\/pl\\\/produkt\\\/pamiatkowa-urna-z-ksiezycem-i-gwiazdami-mini-urna-na-czesc-prochow\\\/\"]}]},{\"@type\":\"ImageObject\",\"inLanguage\":\"pl-PL\",\"@id\":\"https:\\\/\\\/www.rememberme-forever.com\\\/pl\\\/produkt\\\/pamiatkowa-urna-z-ksiezycem-i-gwiazdami-mini-urna-na-czesc-prochow\\\/#primaryimage\",\"url\":\"https:\\\/\\\/www.rememberme-forever.com\\\/wp-content\\\/uploads\\\/2025\\\/02\\\/moon-keepsake_0001.jpg\",\"contentUrl\":\"https:\\\/\\\/www.rememberme-forever.com\\\/wp-content\\\/uploads\\\/2025\\\/02\\\/moon-keepsake_0001.jpg\",\"width\":1007,\"height\":1024,\"caption\":\"moon keepsake\"},{\"@type\":\"BreadcrumbList\",\"@id\":\"https:\\\/\\\/www.rememberme-forever.com\\\/pl\\\/produkt\\\/pamiatkowa-urna-z-ksiezycem-i-gwiazdami-mini-urna-na-czesc-prochow\\\/#breadcrumb\",\"itemListElement\":[{\"@type\":\"ListItem\",\"position\":1,\"name\":\"Home\",\"item\":\"https:\\\/\\\/www.rememberme-forever.com\\\/pl\\\/strona-glowna\\\/\"},{\"@type\":\"ListItem\",\"position\":2,\"name\":\"Sklep\",\"item\":\"https:\\\/\\\/www.rememberme-forever.com\\\/pl\\\/sklep-2\\\/\"},{\"@type\":\"ListItem\",\"position\":3,\"name\":\"Pami\u0105tkowa urna z ksi\u0119\u017cycem i gwiazdami Mini urna na cz\u0119\u015b\u0107 proch\u00f3w\"}]},{\"@type\":\"WebSite\",\"@id\":\"https:\\\/\\\/www.rememberme-forever.com\\\/pl\\\/#website\",\"url\":\"https:\\\/\\\/www.rememberme-forever.com\\\/pl\\\/\",\"name\":\"Remember Forever\",\"description\":\"Cremation urns, funeral urns, urns for ashes\",\"publisher\":{\"@id\":\"https:\\\/\\\/www.rememberme-forever.com\\\/pl\\\/#organization\"},\"potentialAction\":[{\"@type\":\"SearchAction\",\"target\":{\"@type\":\"EntryPoint\",\"urlTemplate\":\"https:\\\/\\\/www.rememberme-forever.com\\\/pl\\\/?s={search_term_string}\"},\"query-input\":{\"@type\":\"PropertyValueSpecification\",\"valueRequired\":true,\"valueName\":\"search_term_string\"}}],\"inLanguage\":\"pl-PL\"},{\"@type\":\"Organization\",\"@id\":\"https:\\\/\\\/www.rememberme-forever.com\\\/pl\\\/#organization\",\"name\":\"Remember Forever\",\"url\":\"https:\\\/\\\/www.rememberme-forever.com\\\/pl\\\/\",\"logo\":{\"@type\":\"ImageObject\",\"inLanguage\":\"pl-PL\",\"@id\":\"https:\\\/\\\/www.rememberme-forever.com\\\/pl\\\/#\\\/schema\\\/logo\\\/image\\\/\",\"url\":\"https:\\\/\\\/www.rememberme-forever.com\\\/wp-content\\\/uploads\\\/2023\\\/02\\\/logo.png\",\"contentUrl\":\"https:\\\/\\\/www.rememberme-forever.com\\\/wp-content\\\/uploads\\\/2023\\\/02\\\/logo.png\",\"width\":300,\"height\":56,\"caption\":\"Remember Forever\"},\"image\":{\"@id\":\"https:\\\/\\\/www.rememberme-forever.com\\\/pl\\\/#\\\/schema\\\/logo\\\/image\\\/\"}}]}<\/script>\n<!-- \/ Yoast SEO plugin. -->","yoast_head_json":{"title":"Pami\u0105tkowa urna z ksi\u0119\u017cycem i gwiazdami Mini urna na cz\u0119\u015b\u0107 proch\u00f3w - Remember Forever","robots":{"index":"index","follow":"follow","max-snippet":"max-snippet:-1","max-image-preview":"max-image-preview:large","max-video-preview":"max-video-preview:-1"},"canonical":"https:\/\/www.rememberme-forever.com\/pl\/produkt\/pamiatkowa-urna-z-ksiezycem-i-gwiazdami-mini-urna-na-czesc-prochow\/","og_locale":"pl_PL","og_type":"article","og_title":"Pami\u0105tkowa urna z ksi\u0119\u017cycem i gwiazdami Mini urna na cz\u0119\u015b\u0107 proch\u00f3w - Remember Forever","og_description":"\u2611\ufe0f Jeste\u015bmy \u015bwiadomi kr\u00f3tkiego czasu na dostarczenie urny. Urn\u0119 zam\u00f3wion\u0105 do godz. 12.00 w dzie\u0144 roboczy wysy\u0142amy natychmiast.\u00a0","og_url":"https:\/\/www.rememberme-forever.com\/pl\/produkt\/pamiatkowa-urna-z-ksiezycem-i-gwiazdami-mini-urna-na-czesc-prochow\/","og_site_name":"Remember Forever","article_modified_time":"2026-02-02T12:38:31+00:00","og_image":[{"width":1007,"height":1024,"url":"http:\/\/www.rememberme-forever.com\/wp-content\/uploads\/2025\/02\/moon-keepsake_0001.jpg","type":"image\/jpeg"}],"twitter_card":"summary_large_image","twitter_misc":{"Szacowany czas czytania":"2 minuta"},"schema":{"@context":"https:\/\/schema.org","@graph":[{"@type":"WebPage","@id":"https:\/\/www.rememberme-forever.com\/pl\/produkt\/pamiatkowa-urna-z-ksiezycem-i-gwiazdami-mini-urna-na-czesc-prochow\/","url":"https:\/\/www.rememberme-forever.com\/pl\/produkt\/pamiatkowa-urna-z-ksiezycem-i-gwiazdami-mini-urna-na-czesc-prochow\/","name":"Pami\u0105tkowa urna z ksi\u0119\u017cycem i gwiazdami Mini urna na cz\u0119\u015b\u0107 proch\u00f3w - Remember Forever","isPartOf":{"@id":"https:\/\/www.rememberme-forever.com\/pl\/#website"},"primaryImageOfPage":{"@id":"https:\/\/www.rememberme-forever.com\/pl\/produkt\/pamiatkowa-urna-z-ksiezycem-i-gwiazdami-mini-urna-na-czesc-prochow\/#primaryimage"},"image":{"@id":"https:\/\/www.rememberme-forever.com\/pl\/produkt\/pamiatkowa-urna-z-ksiezycem-i-gwiazdami-mini-urna-na-czesc-prochow\/#primaryimage"},"thumbnailUrl":"https:\/\/www.rememberme-forever.com\/wp-content\/uploads\/2025\/02\/moon-keepsake_0001.jpg","datePublished":"2025-02-18T10:50:26+00:00","dateModified":"2026-02-02T12:38:31+00:00","breadcrumb":{"@id":"https:\/\/www.rememberme-forever.com\/pl\/produkt\/pamiatkowa-urna-z-ksiezycem-i-gwiazdami-mini-urna-na-czesc-prochow\/#breadcrumb"},"inLanguage":"pl-PL","potentialAction":[{"@type":"ReadAction","target":["https:\/\/www.rememberme-forever.com\/pl\/produkt\/pamiatkowa-urna-z-ksiezycem-i-gwiazdami-mini-urna-na-czesc-prochow\/"]}]},{"@type":"ImageObject","inLanguage":"pl-PL","@id":"https:\/\/www.rememberme-forever.com\/pl\/produkt\/pamiatkowa-urna-z-ksiezycem-i-gwiazdami-mini-urna-na-czesc-prochow\/#primaryimage","url":"https:\/\/www.rememberme-forever.com\/wp-content\/uploads\/2025\/02\/moon-keepsake_0001.jpg","contentUrl":"https:\/\/www.rememberme-forever.com\/wp-content\/uploads\/2025\/02\/moon-keepsake_0001.jpg","width":1007,"height":1024,"caption":"moon keepsake"},{"@type":"BreadcrumbList","@id":"https:\/\/www.rememberme-forever.com\/pl\/produkt\/pamiatkowa-urna-z-ksiezycem-i-gwiazdami-mini-urna-na-czesc-prochow\/#breadcrumb","itemListElement":[{"@type":"ListItem","position":1,"name":"Home","item":"https:\/\/www.rememberme-forever.com\/pl\/strona-glowna\/"},{"@type":"ListItem","position":2,"name":"Sklep","item":"https:\/\/www.rememberme-forever.com\/pl\/sklep-2\/"},{"@type":"ListItem","position":3,"name":"Pami\u0105tkowa urna z ksi\u0119\u017cycem i gwiazdami Mini urna na cz\u0119\u015b\u0107 proch\u00f3w"}]},{"@type":"WebSite","@id":"https:\/\/www.rememberme-forever.com\/pl\/#website","url":"https:\/\/www.rememberme-forever.com\/pl\/","name":"Remember Forever","description":"Cremation urns, funeral urns, urns for ashes","publisher":{"@id":"https:\/\/www.rememberme-forever.com\/pl\/#organization"},"potentialAction":[{"@type":"SearchAction","target":{"@type":"EntryPoint","urlTemplate":"https:\/\/www.rememberme-forever.com\/pl\/?s={search_term_string}"},"query-input":{"@type":"PropertyValueSpecification","valueRequired":true,"valueName":"search_term_string"}}],"inLanguage":"pl-PL"},{"@type":"Organization","@id":"https:\/\/www.rememberme-forever.com\/pl\/#organization","name":"Remember Forever","url":"https:\/\/www.rememberme-forever.com\/pl\/","logo":{"@type":"ImageObject","inLanguage":"pl-PL","@id":"https:\/\/www.rememberme-forever.com\/pl\/#\/schema\/logo\/image\/","url":"https:\/\/www.rememberme-forever.com\/wp-content\/uploads\/2023\/02\/logo.png","contentUrl":"https:\/\/www.rememberme-forever.com\/wp-content\/uploads\/2023\/02\/logo.png","width":300,"height":56,"caption":"Remember Forever"},"image":{"@id":"https:\/\/www.rememberme-forever.com\/pl\/#\/schema\/logo\/image\/"}}]}},"acf":[],"_links":{"self":[{"href":"https:\/\/www.rememberme-forever.com\/pl\/wp-json\/wp\/v2\/product\/15548","targetHints":{"allow":["GET"]}}],"collection":[{"href":"https:\/\/www.rememberme-forever.com\/pl\/wp-json\/wp\/v2\/product"}],"about":[{"href":"https:\/\/www.rememberme-forever.com\/pl\/wp-json\/wp\/v2\/types\/product"}],"wp:featuredmedia":[{"embeddable":true,"href":"https:\/\/www.rememberme-forever.com\/pl\/wp-json\/wp\/v2\/media\/15551"}],"wp:attachment":[{"href":"https:\/\/www.rememberme-forever.com\/pl\/wp-json\/wp\/v2\/media?parent=15548"}],"wp:term":[{"taxonomy":"product_brand","embeddable":true,"href":"https:\/\/www.rememberme-forever.com\/pl\/wp-json\/wp\/v2\/product_brand?post=15548"},{"taxonomy":"product_cat","embeddable":true,"href":"https:\/\/www.rememberme-forever.com\/pl\/wp-json\/wp\/v2\/product_cat?post=15548"},{"taxonomy":"product_tag","embeddable":true,"href":"https:\/\/www.rememberme-forever.com\/pl\/wp-json\/wp\/v2\/product_tag?post=15548"}],"curies":[{"name":"wp","href":"https:\/\/api.w.org\/{rel}","templated":true}]}}