{"id":16051,"date":"2025-03-31T13:44:23","date_gmt":"2025-03-31T11:44:23","guid":{"rendered":"https:\/\/www.rememberme-forever.com\/product\/stalowe-zlote-pudelko-na-prochy-spersonalizowana-urna-kremacyjna\/"},"modified":"2026-02-02T13:35:24","modified_gmt":"2026-02-02T12:35:24","slug":"stalowe-zlote-pudelko-na-prochy-spersonalizowana-urna-kremacyjna","status":"publish","type":"product","link":"https:\/\/www.rememberme-forever.com\/pl\/produkt\/stalowe-zlote-pudelko-na-prochy-spersonalizowana-urna-kremacyjna\/","title":{"rendered":"Stalowe z\u0142ote pude\u0142ko na prochy Spersonalizowana urna kremacyjna"},"content":{"rendered":"<div style=\"text-align: center;\"><\/div>\n<div style=\"text-align: center;\">\n<p data-start=\"83\" data-end=\"499\">Szukasz urny, kt\u00f3ra \u0142\u0105czy nowoczesno\u015b\u0107 z elegancj\u0105? <strong data-start=\"135\" data-end=\"169\">Z\u0142ota urna w kszta\u0142cie pude\u0142ka<\/strong> to wyj\u0105tkowy spos\u00f3b na upami\u0119tnienie bliskiej osoby. Wykonana z <strong data-start=\"234\" data-end=\"289\">wysokiej jako\u015bci stali w z\u0142otym<\/strong> kolorze, wyr\u00f3\u017cnia si\u0119 prostot\u0105, trwa\u0142o\u015bci\u0105 i ponadczasowym stylem. <strong data-start=\"349\" data-end=\"370\">Drewniana<\/strong> pokrywa dodaje jej ciep\u0142a i naturalnego charakteru, a <strong data-start=\"434\" data-end=\"452\">wy\u0142o\u017cone mi\u0119kkim filcem<\/strong> wn\u0119trze zapewnia godne przechowywanie proch\u00f3w.<\/p>\n<p data-start=\"501\" data-end=\"766\">Urn\u0119 mo\u017cna dodatkowo ozdobi\u0107 <strong data-start=\"525\" data-end=\"548\">symbolami<\/strong>, takimi jak <strong data-start=\"561\" data-end=\"592\">r\u00f3\u017ca lub krzy\u017c<\/strong>, nadaj\u0105c jej jeszcze bardziej osobisty charakter. Mo\u017cliwe jest r\u00f3wnie\u017c do\u0142\u0105czenie <strong data-start=\"679\" data-end=\"705\">grawerowanej tabliczki<\/strong>, na kt\u00f3rej mo\u017cna umie\u015bci\u0107 imi\u0119, dat\u0119 lub kr\u00f3tk\u0105 dedykacj\u0119.<\/p>\n<p data-start=\"768\" data-end=\"1031\" data-is-last-node=\"\" data-is-only-node=\"\">To wi\u0119cej ni\u017c zwyk\u0142a urna, to <strong data-start=\"797\" data-end=\"826\">symbol pami\u0119ci i szacunku<\/strong>, kt\u00f3ry mo\u017cna dostosowa\u0107 do indywidualnych preferencji. Nowoczesny, elegancki design sprawia, \u017ce idealnie nadaje si\u0119 na pomnik, kolumbarium lub poch\u00f3wek, tworz\u0105c pi\u0119kny ho\u0142d dla ukochanej osoby.<\/p>\n<p data-start=\"768\" data-end=\"1031\" data-is-last-node=\"\" data-is-only-node=\"\"><img loading=\"lazy\" decoding=\"async\" class=\"alignnone size-medium wp-image-16064\" src=\"http:\/\/www.rememberme-forever.com\/wp-content\/uploads\/2025\/03\/Gold-box-set-295x300.jpg\" alt=\"\" width=\"295\" height=\"300\" srcset=\"https:\/\/www.rememberme-forever.com\/wp-content\/uploads\/2025\/03\/Gold-box-set-295x300.jpg 295w, https:\/\/www.rememberme-forever.com\/wp-content\/uploads\/2025\/03\/Gold-box-set-768x781.jpg 768w, https:\/\/www.rememberme-forever.com\/wp-content\/uploads\/2025\/03\/Gold-box-set-600x610.jpg 600w, https:\/\/www.rememberme-forever.com\/wp-content\/uploads\/2025\/03\/Gold-box-set-64x65.jpg 64w, https:\/\/www.rememberme-forever.com\/wp-content\/uploads\/2025\/03\/Gold-box-set.jpg 1007w\" sizes=\"auto, (max-width: 295px) 100vw, 295px\" \/><\/p>\n<p data-start=\"768\" data-end=\"1031\" data-is-last-node=\"\" data-is-only-node=\"\"><a href=\"https:\/\/www.rememberme-forever.com\/pl\/produkt\/stalowe-zlote-pudelko-na-prochy-mini-urna\/\" target=\"_blank\" rel=\"noopener\">Kup w zestawie z mniejsz\u0105 urn\u0105 na cz\u0119\u015b\u0107 proch\u00f3w.<\/a><\/p>\n<p data-start=\"768\" data-end=\"1031\" data-is-last-node=\"\" data-is-only-node=\"\">\n<\/div>\n<div style=\"width: 100%; margin-bottom: 40px; height: max-content; padding-bottom: 60%; position: relative;\"><iframe style=\"position: absolute; top: 0; left: 0; width: 100%; height: 100%;\" src=\"https:\/\/rememberme-urns.com\/gold-box-for-ashes-adult-size\/\" frameborder=\"0\"><\/iframe><\/div>\n<div style=\"color: red; text-align: center; margin-bottom: 25px;\">&gt;&gt; Obrotowe zdj\u0119cie &#8211; dotknij\/zbli\u017c &lt;&lt;<\/div>\n<p>&nbsp;<\/p>\n<p class=\"MsoNormal\" style=\"text-align: center; margin-bottom: 7.5pt; line-height: 15.75pt; background-image: initial; background-position: initial; background-size: initial; background-repeat: initial; background-attachment: initial;\"><b><span style=\"font-size: 10pt; font-family: Helvetica, sans-serif;\">\u25ba PERSONALIZACJA \u25c4<\/span><\/b><\/p>\n<p class=\"MsoNormal\" style=\"text-align: center; margin-bottom: 7.5pt; line-height: 15.75pt; background-image: initial; background-position: initial; background-size: initial; background-repeat: initial; background-attachment: initial;\"><span style=\"font-size: 10.5pt; color: var(--text-color);\">Je\u015bli wybierzesz spersonalizowan\u0105 tabliczk\u0119, wpisz tekst w odpowiednim miejscu lub wy\u015blij nam wiadomo\u015b\u0107.<\/span><\/p>\n<p class=\"MsoNormal\" style=\"text-align: center; margin-bottom: 7.5pt; line-height: 15.75pt; background-image: initial; background-position: initial; background-size: initial; background-repeat: initial; background-attachment: initial;\"><span style=\"font-size: 10.5pt; color: var(--text-color);\">Spersonalizowana tabliczka pami\u0105tkowa musi zosta\u0107 dostosowana podczas procesu zamawiania. (Nie martw si\u0119, je\u015bli zapomnisz, zawsze mo\u017cesz wys\u0142a\u0107 nam wiadomo\u015b\u0107 p\u00f3\u017aniej).<\/span><\/p>\n<p class=\"MsoNormal\" style=\"text-align: center; margin-bottom: 7.5pt; line-height: 15.75pt; background-image: initial; background-position: initial; background-size: initial; background-repeat: initial; background-attachment: initial;\"><span style=\"font-size: 10.5pt; color: var(--text-color);\">\u00a0<\/span><\/p>\n<p class=\"MsoNormal\" style=\"text-align: center; margin-bottom: 7.5pt; line-height: 15.75pt; background-image: initial; background-position: initial; background-size: initial; background-repeat: initial; background-attachment: initial;\"><b><span lang=\"EN-US\" style=\"font-size: 10pt; font-family: Helvetica, sans-serif;\">Ograniczenia tekstu s\u0105 nast\u0119puj\u0105ce:<\/span><\/b><\/p>\n<div style=\"text-align: center;\"><span style=\"color: var(--text-color); font-size: 10.5pt;\">Imi\u0119 (imiona) do 24 znak\u00f3w<\/span><\/div>\n<div style=\"text-align: center;\"><span style=\"color: var(--text-color); font-size: 10.5pt;\">Data urodzenia i \u015bmierci do 24 znak\u00f3w<\/span><\/div>\n<div style=\"text-align: center;\"><span style=\"color: var(--text-color); font-size: 10.5pt;\">Trzeci wiersz do 24 znak\u00f3w<\/span><\/div>\n<div style=\"text-align: center;\"><span style=\"color: var(--text-color); font-size: 10.5pt;\">Czwarty wiersz do 24 znak\u00f3w<\/span><\/div>\n<div style=\"text-align: center;\"><span style=\"color: var(--text-color); font-size: 10.5pt;\">Pi\u0105ty wiersz do 24 znak\u00f3w<\/span><\/div>\n<div style=\"text-align: center;\"><span style=\"color: var(--text-color); font-size: 10.5pt;\">Sz\u00f3sty wiersz do 24 znak\u00f3w<\/span><\/div>\n<div style=\"text-align: center;\"><span style=\"color: var(--text-color); font-size: 10.5pt;\">\u00a0<\/span><\/div>\n<p>&nbsp;<\/p>\n<p class=\"MsoNormal\" style=\"text-align: center; margin-bottom: 7.5pt; line-height: 15.75pt; background-image: initial; background-position: initial; background-size: initial; background-repeat: initial; background-attachment: initial;\"><b><span lang=\"EN-US\" style=\"font-size: 10pt; font-family: Helvetica, sans-serif;\">Prosimy o DWUKROTNE SPRAWDZENIE tekstu grawerunku przed dodaniem produktu do koszyka. Kopiujemy i grawerujemy dok\u0142adnie te informacje, kt\u00f3re otrzymujemy wraz z zam\u00f3wieniem i nie wprowadzamy \u017cadnych zmian po naszej stronie.<\/span><\/b><\/p>\n<div style=\"text-align: center;\"><span style=\"color: var(--text-color); font-size: 10.5pt;\">Sprawd\u017a tekst, aby upewni\u0107 si\u0119, \u017ce pisownia jest poprawna.<\/span><\/div>\n<div style=\"text-align: center;\"><b><span lang=\"EN-US\" style=\"font-size: 10.5pt;\">NIE<\/span><\/b><span lang=\"EN-US\" style=\"color: var(--text-color); font-size: 10.5pt;\"> wprowadzaj informacji o grawerowaniu, je\u015bli kupujesz opcj\u0119 &#8222;Urna bez tabliczki&#8221;.<\/span><\/div>\n<p>&nbsp;<\/p>\n","protected":false},"excerpt":{"rendered":"<p><b>\u2611\ufe0f <em style=\"color: red;\">Jeste\u015bmy \u015bwiadomi kr\u00f3tkiego czasu na dostarczenie urny. Urn\u0119 zam\u00f3wion\u0105 do godz. 12.00 w dzie\u0144 roboczy wysy\u0142amy natychmiast.\u00a0<\/em><\/b><\/p>\n","protected":false},"featured_media":16066,"template":"","meta":{"_acf_changed":false},"product_brand":[2398],"product_cat":[139],"product_tag":[3353],"class_list":{"0":"post-16051","1":"product","2":"type-product","3":"status-publish","4":"has-post-thumbnail","6":"product_brand-remember-forever-pl","7":"product_cat-urny-metalowe","8":"product_tag-gpsr-metal_wood_cover","9":"product_shipping_class-wood-urns-pl","11":"first","12":"instock","13":"taxable","14":"shipping-taxable","15":"purchasable","16":"product-type-variable"},"yoast_head":"<!-- This site is optimized with the Yoast SEO plugin v27.4 - https:\/\/yoast.com\/product\/yoast-seo-wordpress\/ -->\n<title>Stalowe z\u0142ote pude\u0142ko na prochy Spersonalizowana urna kremacyjna - Remember Forever<\/title>\n<meta name=\"robots\" content=\"index, follow, max-snippet:-1, max-image-preview:large, max-video-preview:-1\" \/>\n<link rel=\"canonical\" href=\"https:\/\/www.rememberme-forever.com\/pl\/produkt\/stalowe-zlote-pudelko-na-prochy-spersonalizowana-urna-kremacyjna\/\" \/>\n<meta property=\"og:locale\" content=\"pl_PL\" \/>\n<meta property=\"og:type\" content=\"article\" \/>\n<meta property=\"og:title\" content=\"Stalowe z\u0142ote pude\u0142ko na prochy Spersonalizowana urna kremacyjna - Remember Forever\" \/>\n<meta property=\"og:description\" content=\"\u2611\ufe0f Jeste\u015bmy \u015bwiadomi kr\u00f3tkiego czasu na dostarczenie urny. Urn\u0119 zam\u00f3wion\u0105 do godz. 12.00 w dzie\u0144 roboczy wysy\u0142amy natychmiast.\u00a0\" \/>\n<meta property=\"og:url\" content=\"https:\/\/www.rememberme-forever.com\/pl\/produkt\/stalowe-zlote-pudelko-na-prochy-spersonalizowana-urna-kremacyjna\/\" \/>\n<meta property=\"og:site_name\" content=\"Remember Forever\" \/>\n<meta property=\"article:modified_time\" content=\"2026-02-02T12:35:24+00:00\" \/>\n<meta property=\"og:image\" content=\"http:\/\/www.rememberme-forever.com\/wp-content\/uploads\/2025\/03\/golden-box-urn_0001.jpg\" \/>\n\t<meta property=\"og:image:width\" content=\"1007\" \/>\n\t<meta property=\"og:image:height\" content=\"1024\" \/>\n\t<meta property=\"og:image:type\" content=\"image\/jpeg\" \/>\n<meta name=\"twitter:card\" content=\"summary_large_image\" \/>\n<meta name=\"twitter:label1\" content=\"Szacowany czas czytania\" \/>\n\t<meta name=\"twitter:data1\" content=\"2 minuta\" \/>\n<script type=\"application\/ld+json\" class=\"yoast-schema-graph\">{\"@context\":\"https:\\\/\\\/schema.org\",\"@graph\":[{\"@type\":\"WebPage\",\"@id\":\"https:\\\/\\\/www.rememberme-forever.com\\\/pl\\\/produkt\\\/stalowe-zlote-pudelko-na-prochy-spersonalizowana-urna-kremacyjna\\\/\",\"url\":\"https:\\\/\\\/www.rememberme-forever.com\\\/pl\\\/produkt\\\/stalowe-zlote-pudelko-na-prochy-spersonalizowana-urna-kremacyjna\\\/\",\"name\":\"Stalowe z\u0142ote pude\u0142ko na prochy Spersonalizowana urna kremacyjna - Remember Forever\",\"isPartOf\":{\"@id\":\"https:\\\/\\\/www.rememberme-forever.com\\\/pl\\\/#website\"},\"primaryImageOfPage\":{\"@id\":\"https:\\\/\\\/www.rememberme-forever.com\\\/pl\\\/produkt\\\/stalowe-zlote-pudelko-na-prochy-spersonalizowana-urna-kremacyjna\\\/#primaryimage\"},\"image\":{\"@id\":\"https:\\\/\\\/www.rememberme-forever.com\\\/pl\\\/produkt\\\/stalowe-zlote-pudelko-na-prochy-spersonalizowana-urna-kremacyjna\\\/#primaryimage\"},\"thumbnailUrl\":\"https:\\\/\\\/www.rememberme-forever.com\\\/wp-content\\\/uploads\\\/2025\\\/03\\\/golden-box-urn_0001.jpg\",\"datePublished\":\"2025-03-31T11:44:23+00:00\",\"dateModified\":\"2026-02-02T12:35:24+00:00\",\"breadcrumb\":{\"@id\":\"https:\\\/\\\/www.rememberme-forever.com\\\/pl\\\/produkt\\\/stalowe-zlote-pudelko-na-prochy-spersonalizowana-urna-kremacyjna\\\/#breadcrumb\"},\"inLanguage\":\"pl-PL\",\"potentialAction\":[{\"@type\":\"ReadAction\",\"target\":[\"https:\\\/\\\/www.rememberme-forever.com\\\/pl\\\/produkt\\\/stalowe-zlote-pudelko-na-prochy-spersonalizowana-urna-kremacyjna\\\/\"]}]},{\"@type\":\"ImageObject\",\"inLanguage\":\"pl-PL\",\"@id\":\"https:\\\/\\\/www.rememberme-forever.com\\\/pl\\\/produkt\\\/stalowe-zlote-pudelko-na-prochy-spersonalizowana-urna-kremacyjna\\\/#primaryimage\",\"url\":\"https:\\\/\\\/www.rememberme-forever.com\\\/wp-content\\\/uploads\\\/2025\\\/03\\\/golden-box-urn_0001.jpg\",\"contentUrl\":\"https:\\\/\\\/www.rememberme-forever.com\\\/wp-content\\\/uploads\\\/2025\\\/03\\\/golden-box-urn_0001.jpg\",\"width\":1007,\"height\":1024},{\"@type\":\"BreadcrumbList\",\"@id\":\"https:\\\/\\\/www.rememberme-forever.com\\\/pl\\\/produkt\\\/stalowe-zlote-pudelko-na-prochy-spersonalizowana-urna-kremacyjna\\\/#breadcrumb\",\"itemListElement\":[{\"@type\":\"ListItem\",\"position\":1,\"name\":\"Home\",\"item\":\"https:\\\/\\\/www.rememberme-forever.com\\\/pl\\\/strona-glowna\\\/\"},{\"@type\":\"ListItem\",\"position\":2,\"name\":\"Sklep\",\"item\":\"https:\\\/\\\/www.rememberme-forever.com\\\/pl\\\/sklep-2\\\/\"},{\"@type\":\"ListItem\",\"position\":3,\"name\":\"Stalowe z\u0142ote pude\u0142ko na prochy Spersonalizowana urna kremacyjna\"}]},{\"@type\":\"WebSite\",\"@id\":\"https:\\\/\\\/www.rememberme-forever.com\\\/pl\\\/#website\",\"url\":\"https:\\\/\\\/www.rememberme-forever.com\\\/pl\\\/\",\"name\":\"Remember Forever\",\"description\":\"Cremation urns, funeral urns, urns for ashes\",\"publisher\":{\"@id\":\"https:\\\/\\\/www.rememberme-forever.com\\\/pl\\\/#organization\"},\"potentialAction\":[{\"@type\":\"SearchAction\",\"target\":{\"@type\":\"EntryPoint\",\"urlTemplate\":\"https:\\\/\\\/www.rememberme-forever.com\\\/pl\\\/?s={search_term_string}\"},\"query-input\":{\"@type\":\"PropertyValueSpecification\",\"valueRequired\":true,\"valueName\":\"search_term_string\"}}],\"inLanguage\":\"pl-PL\"},{\"@type\":\"Organization\",\"@id\":\"https:\\\/\\\/www.rememberme-forever.com\\\/pl\\\/#organization\",\"name\":\"Remember Forever\",\"url\":\"https:\\\/\\\/www.rememberme-forever.com\\\/pl\\\/\",\"logo\":{\"@type\":\"ImageObject\",\"inLanguage\":\"pl-PL\",\"@id\":\"https:\\\/\\\/www.rememberme-forever.com\\\/pl\\\/#\\\/schema\\\/logo\\\/image\\\/\",\"url\":\"https:\\\/\\\/www.rememberme-forever.com\\\/wp-content\\\/uploads\\\/2023\\\/02\\\/logo.png\",\"contentUrl\":\"https:\\\/\\\/www.rememberme-forever.com\\\/wp-content\\\/uploads\\\/2023\\\/02\\\/logo.png\",\"width\":300,\"height\":56,\"caption\":\"Remember Forever\"},\"image\":{\"@id\":\"https:\\\/\\\/www.rememberme-forever.com\\\/pl\\\/#\\\/schema\\\/logo\\\/image\\\/\"}}]}<\/script>\n<!-- \/ Yoast SEO plugin. -->","yoast_head_json":{"title":"Stalowe z\u0142ote pude\u0142ko na prochy Spersonalizowana urna kremacyjna - Remember Forever","robots":{"index":"index","follow":"follow","max-snippet":"max-snippet:-1","max-image-preview":"max-image-preview:large","max-video-preview":"max-video-preview:-1"},"canonical":"https:\/\/www.rememberme-forever.com\/pl\/produkt\/stalowe-zlote-pudelko-na-prochy-spersonalizowana-urna-kremacyjna\/","og_locale":"pl_PL","og_type":"article","og_title":"Stalowe z\u0142ote pude\u0142ko na prochy Spersonalizowana urna kremacyjna - Remember Forever","og_description":"\u2611\ufe0f Jeste\u015bmy \u015bwiadomi kr\u00f3tkiego czasu na dostarczenie urny. Urn\u0119 zam\u00f3wion\u0105 do godz. 12.00 w dzie\u0144 roboczy wysy\u0142amy natychmiast.\u00a0","og_url":"https:\/\/www.rememberme-forever.com\/pl\/produkt\/stalowe-zlote-pudelko-na-prochy-spersonalizowana-urna-kremacyjna\/","og_site_name":"Remember Forever","article_modified_time":"2026-02-02T12:35:24+00:00","og_image":[{"width":1007,"height":1024,"url":"http:\/\/www.rememberme-forever.com\/wp-content\/uploads\/2025\/03\/golden-box-urn_0001.jpg","type":"image\/jpeg"}],"twitter_card":"summary_large_image","twitter_misc":{"Szacowany czas czytania":"2 minuta"},"schema":{"@context":"https:\/\/schema.org","@graph":[{"@type":"WebPage","@id":"https:\/\/www.rememberme-forever.com\/pl\/produkt\/stalowe-zlote-pudelko-na-prochy-spersonalizowana-urna-kremacyjna\/","url":"https:\/\/www.rememberme-forever.com\/pl\/produkt\/stalowe-zlote-pudelko-na-prochy-spersonalizowana-urna-kremacyjna\/","name":"Stalowe z\u0142ote pude\u0142ko na prochy Spersonalizowana urna kremacyjna - Remember Forever","isPartOf":{"@id":"https:\/\/www.rememberme-forever.com\/pl\/#website"},"primaryImageOfPage":{"@id":"https:\/\/www.rememberme-forever.com\/pl\/produkt\/stalowe-zlote-pudelko-na-prochy-spersonalizowana-urna-kremacyjna\/#primaryimage"},"image":{"@id":"https:\/\/www.rememberme-forever.com\/pl\/produkt\/stalowe-zlote-pudelko-na-prochy-spersonalizowana-urna-kremacyjna\/#primaryimage"},"thumbnailUrl":"https:\/\/www.rememberme-forever.com\/wp-content\/uploads\/2025\/03\/golden-box-urn_0001.jpg","datePublished":"2025-03-31T11:44:23+00:00","dateModified":"2026-02-02T12:35:24+00:00","breadcrumb":{"@id":"https:\/\/www.rememberme-forever.com\/pl\/produkt\/stalowe-zlote-pudelko-na-prochy-spersonalizowana-urna-kremacyjna\/#breadcrumb"},"inLanguage":"pl-PL","potentialAction":[{"@type":"ReadAction","target":["https:\/\/www.rememberme-forever.com\/pl\/produkt\/stalowe-zlote-pudelko-na-prochy-spersonalizowana-urna-kremacyjna\/"]}]},{"@type":"ImageObject","inLanguage":"pl-PL","@id":"https:\/\/www.rememberme-forever.com\/pl\/produkt\/stalowe-zlote-pudelko-na-prochy-spersonalizowana-urna-kremacyjna\/#primaryimage","url":"https:\/\/www.rememberme-forever.com\/wp-content\/uploads\/2025\/03\/golden-box-urn_0001.jpg","contentUrl":"https:\/\/www.rememberme-forever.com\/wp-content\/uploads\/2025\/03\/golden-box-urn_0001.jpg","width":1007,"height":1024},{"@type":"BreadcrumbList","@id":"https:\/\/www.rememberme-forever.com\/pl\/produkt\/stalowe-zlote-pudelko-na-prochy-spersonalizowana-urna-kremacyjna\/#breadcrumb","itemListElement":[{"@type":"ListItem","position":1,"name":"Home","item":"https:\/\/www.rememberme-forever.com\/pl\/strona-glowna\/"},{"@type":"ListItem","position":2,"name":"Sklep","item":"https:\/\/www.rememberme-forever.com\/pl\/sklep-2\/"},{"@type":"ListItem","position":3,"name":"Stalowe z\u0142ote pude\u0142ko na prochy Spersonalizowana urna kremacyjna"}]},{"@type":"WebSite","@id":"https:\/\/www.rememberme-forever.com\/pl\/#website","url":"https:\/\/www.rememberme-forever.com\/pl\/","name":"Remember Forever","description":"Cremation urns, funeral urns, urns for ashes","publisher":{"@id":"https:\/\/www.rememberme-forever.com\/pl\/#organization"},"potentialAction":[{"@type":"SearchAction","target":{"@type":"EntryPoint","urlTemplate":"https:\/\/www.rememberme-forever.com\/pl\/?s={search_term_string}"},"query-input":{"@type":"PropertyValueSpecification","valueRequired":true,"valueName":"search_term_string"}}],"inLanguage":"pl-PL"},{"@type":"Organization","@id":"https:\/\/www.rememberme-forever.com\/pl\/#organization","name":"Remember Forever","url":"https:\/\/www.rememberme-forever.com\/pl\/","logo":{"@type":"ImageObject","inLanguage":"pl-PL","@id":"https:\/\/www.rememberme-forever.com\/pl\/#\/schema\/logo\/image\/","url":"https:\/\/www.rememberme-forever.com\/wp-content\/uploads\/2023\/02\/logo.png","contentUrl":"https:\/\/www.rememberme-forever.com\/wp-content\/uploads\/2023\/02\/logo.png","width":300,"height":56,"caption":"Remember Forever"},"image":{"@id":"https:\/\/www.rememberme-forever.com\/pl\/#\/schema\/logo\/image\/"}}]}},"acf":[],"_links":{"self":[{"href":"https:\/\/www.rememberme-forever.com\/pl\/wp-json\/wp\/v2\/product\/16051","targetHints":{"allow":["GET"]}}],"collection":[{"href":"https:\/\/www.rememberme-forever.com\/pl\/wp-json\/wp\/v2\/product"}],"about":[{"href":"https:\/\/www.rememberme-forever.com\/pl\/wp-json\/wp\/v2\/types\/product"}],"wp:featuredmedia":[{"embeddable":true,"href":"https:\/\/www.rememberme-forever.com\/pl\/wp-json\/wp\/v2\/media\/16066"}],"wp:attachment":[{"href":"https:\/\/www.rememberme-forever.com\/pl\/wp-json\/wp\/v2\/media?parent=16051"}],"wp:term":[{"taxonomy":"product_brand","embeddable":true,"href":"https:\/\/www.rememberme-forever.com\/pl\/wp-json\/wp\/v2\/product_brand?post=16051"},{"taxonomy":"product_cat","embeddable":true,"href":"https:\/\/www.rememberme-forever.com\/pl\/wp-json\/wp\/v2\/product_cat?post=16051"},{"taxonomy":"product_tag","embeddable":true,"href":"https:\/\/www.rememberme-forever.com\/pl\/wp-json\/wp\/v2\/product_tag?post=16051"}],"curies":[{"name":"wp","href":"https:\/\/api.w.org\/{rel}","templated":true}]}}