{"id":16142,"date":"2025-04-15T10:10:22","date_gmt":"2025-04-15T08:10:22","guid":{"rendered":"https:\/\/www.rememberme-forever.com\/product\/urna-na-prochy-z-pilkarzem-urna-dla-fanow-pilki-noznej-i-pilkarzy\/"},"modified":"2026-02-18T14:53:49","modified_gmt":"2026-02-18T13:53:49","slug":"urna-na-prochy-z-pilkarzem-urna-dla-fanow-pilki-noznej-i-pilkarzy","status":"publish","type":"product","link":"https:\/\/www.rememberme-forever.com\/pl\/produkt\/urna-na-prochy-z-pilkarzem-urna-dla-fanow-pilki-noznej-i-pilkarzy\/","title":{"rendered":"Urna na prochy z pi\u0142karzem Urna dla fan\u00f3w pi\u0142ki no\u017cnej i pi\u0142karzy"},"content":{"rendered":"<p class=\"\" align=\"center\" data-start=\"70\" data-end=\"421\">Je\u015bli bliska Ci osoba kocha\u0142a pi\u0142k\u0119 no\u017cn\u0105 \u2013 gra\u0142a, kibicowa\u0142a lub po prostu \u017cy\u0142a tym sportem \u2013 ta urna b\u0119dzie pi\u0119knym sposobem na upami\u0119tnienie jej pasji. To <strong data-start=\"228\" data-end=\"266\">drewniana urna w kszta\u0142cie pude\u0142ka<\/strong>, dost\u0119pna w eleganckim <strong data-start=\"290\" data-end=\"320\">czarnym lub bia\u0142ym kolorze<\/strong>, z <strong data-start=\"324\" data-end=\"359\">lekko zaokr\u0105glonymi kraw\u0119dziami<\/strong>, co nadaje jej nowoczesny, a jednocze\u015bnie ciep\u0142y charakter.<\/p>\n<p class=\"\" align=\"center\" data-start=\"423\" data-end=\"742\">Na froncie znajduje si\u0119 <strong data-start=\"447\" data-end=\"480\">grawerowana sylwetka pi\u0142karza<\/strong>, dynamiczna i pe\u0142na emocji \u2013 tak jak \u017cycie, kt\u00f3re prowadzi\u0142. <strong data-start=\"542\" data-end=\"605\">Tu\u017c nad grafik\u0105 umieszczona jest spersonalizowana plakietka<\/strong>, na kt\u00f3rej mo\u017cesz zamie\u015bci\u0107 imi\u0119, daty i kr\u00f3tkie po\u017cegnanie lub cytat. Dzi\u0119ki temu urna staje si\u0119 naprawd\u0119 osobistym symbolem pami\u0119ci.<\/p>\n<p class=\"\" align=\"center\" data-start=\"744\" data-end=\"869\">Prochy umieszcza si\u0119 od spodu \u2013 <strong data-start=\"776\" data-end=\"822\">przez solidnie przykr\u0119cane, zdejmowane dno<\/strong>, kt\u00f3re gwarantuje bezpieczne przechowywanie.<\/p>\n<p class=\"\" align=\"center\" data-start=\"871\" data-end=\"1044\">To wi\u0119cej ni\u017c urna. To <strong data-start=\"894\" data-end=\"913\">tematyczny ho\u0142d<\/strong> dla pasji, energii i sportowego ducha. Stworzona dla tych, kt\u00f3rzy kochali futbol ca\u0142ym sercem \u2013 i tak w\u0142a\u015bnie zostan\u0105 zapami\u0119tani.<\/p>\n<div style=\"width: 100%; margin-bottom: 40px; height: max-content; padding-bottom: 60%; position: relative;\"><iframe style=\"position: absolute; top: 0; left: 0; width: 100%; height: 100%;\" src=\"https:\/\/rememberme-urns.com\/urn-for-a-soccer-player\/\" frameborder=\"0\"><\/iframe><\/div>\n<div style=\"color: red; text-align: center; margin-bottom: 25px;\">&gt;&gt; Obrotowe zdj\u0119cie &#8211; dotknij\/zbli\u017c &lt;&lt;<\/div>\n<div align=\"center\"><\/div>\n<p style=\"text-align: center;\"><strong>\u25ba PERSONALIZACJA \u25c4<\/strong><\/p>\n<p style=\"text-align: center;\">\u2714\ufe0f Je\u015bli wybierzesz spersonalizowan\u0105 tabliczk\u0119, wpisz tekst w odpowiednim miejscu lub wy\u015blij nam wiadomo\u015b\u0107.<\/p>\n<p style=\"text-align: center;\">\u2714\ufe0f Spersonalizowana tabliczka pami\u0105tkowa musi zosta\u0107 dostosowana podczas procesu zamawiania. (Nie martw si\u0119, je\u015bli zapomnisz, zawsze mo\u017cesz wys\u0142a\u0107 nam wiadomo\u015b\u0107 p\u00f3\u017aniej).<\/p>\n<p style=\"text-align: center;\">Ograniczenia tekstowe s\u0105 nast\u0119puj\u0105ce:<\/p>\n<ul>\n<li style=\"text-align: center;\">Imi\u0119 (imiona) do 35 znak\u00f3w<\/li>\n<li style=\"text-align: center;\">Data urodzenia i \u015bmierci do 35 znak\u00f3w<\/li>\n<li style=\"text-align: center;\">Trzecia linia do 35 znak\u00f3w<\/li>\n<\/ul>\n<div style=\"text-align: center;\"><\/div>\n<p style=\"text-align: center;\">\u2714\ufe0f Prosimy o<b> DWUKROTNE SPRAWDZENIE <\/b>tekstu graweru przed dodaniem produktu do koszyka. Kopiujemy i grawerujemy dok\u0142adnie te informacje, kt\u00f3re otrzymujemy wraz z zam\u00f3wieniem i nie wprowadzamy \u017cadnych zmian po naszej stronie.<\/p>\n<p style=\"text-align: center;\">\u2714\ufe0f Sprawd\u017a tekst, aby upewni\u0107 si\u0119, \u017ce pisownia jest poprawna.<\/p>\n<p style=\"text-align: center;\">\u2714\ufe0f <strong>NIE<\/strong> wprowadzaj informacji o grawerowaniu, je\u015bli kupujesz opcj\u0119 &#8222;Urna bez tabliczki&#8221;.<\/p>\n","protected":false},"excerpt":{"rendered":"<p><b>\u2611\ufe0f <em style=\"color: red;\">Jeste\u015bmy \u015bwiadomi kr\u00f3tkiego czasu na dostarczenie urny. Urn\u0119 zam\u00f3wion\u0105 do godz. 12.00 w dzie\u0144 roboczy wysy\u0142amy natychmiast.\u00a0<\/em><\/b><\/p>\n","protected":false},"featured_media":16204,"template":"","meta":{"_acf_changed":false},"product_brand":[2398],"product_cat":[3408,136],"product_tag":[3308],"class_list":{"0":"post-16142","1":"product","2":"type-product","3":"status-publish","4":"has-post-thumbnail","6":"product_brand-remember-forever-pl","7":"product_cat-sport","8":"product_cat-urny-tematyczne","9":"product_tag-gpsr-all-wood-urns","10":"product_shipping_class-wood-urns-pl","12":"first","13":"instock","14":"taxable","15":"shipping-taxable","16":"purchasable","17":"product-type-variable"},"yoast_head":"<!-- This site is optimized with the Yoast SEO plugin v27.4 - https:\/\/yoast.com\/product\/yoast-seo-wordpress\/ -->\n<title>Urna na prochy z pi\u0142karzem Urna dla fan\u00f3w pi\u0142ki no\u017cnej i pi\u0142karzy<\/title>\n<meta name=\"robots\" content=\"index, follow, max-snippet:-1, max-image-preview:large, max-video-preview:-1\" \/>\n<link rel=\"canonical\" href=\"https:\/\/www.rememberme-forever.com\/pl\/produkt\/urna-na-prochy-z-pilkarzem-urna-dla-fanow-pilki-noznej-i-pilkarzy\/\" \/>\n<meta property=\"og:locale\" content=\"pl_PL\" \/>\n<meta property=\"og:type\" content=\"article\" \/>\n<meta property=\"og:title\" content=\"Urna na prochy z pi\u0142karzem Urna dla fan\u00f3w pi\u0142ki no\u017cnej i pi\u0142karzy\" \/>\n<meta property=\"og:description\" content=\"\u2611\ufe0f Jeste\u015bmy \u015bwiadomi kr\u00f3tkiego czasu na dostarczenie urny. Urn\u0119 zam\u00f3wion\u0105 do godz. 12.00 w dzie\u0144 roboczy wysy\u0142amy natychmiast.\u00a0\" \/>\n<meta property=\"og:url\" content=\"https:\/\/www.rememberme-forever.com\/pl\/produkt\/urna-na-prochy-z-pilkarzem-urna-dla-fanow-pilki-noznej-i-pilkarzy\/\" \/>\n<meta property=\"og:site_name\" content=\"Remember Forever\" \/>\n<meta property=\"article:modified_time\" content=\"2026-02-18T13:53:49+00:00\" \/>\n<meta property=\"og:image\" content=\"http:\/\/www.rememberme-forever.com\/wp-content\/uploads\/2025\/04\/soccer-black-urn_0001.jpg\" \/>\n\t<meta property=\"og:image:width\" content=\"1007\" \/>\n\t<meta property=\"og:image:height\" content=\"1024\" \/>\n\t<meta property=\"og:image:type\" content=\"image\/jpeg\" \/>\n<meta name=\"twitter:card\" content=\"summary_large_image\" \/>\n<meta name=\"twitter:label1\" content=\"Szacowany czas czytania\" \/>\n\t<meta name=\"twitter:data1\" content=\"2 minuta\" \/>\n<script type=\"application\/ld+json\" class=\"yoast-schema-graph\">{\"@context\":\"https:\\\/\\\/schema.org\",\"@graph\":[{\"@type\":\"WebPage\",\"@id\":\"https:\\\/\\\/www.rememberme-forever.com\\\/pl\\\/produkt\\\/urna-na-prochy-z-pilkarzem-urna-dla-fanow-pilki-noznej-i-pilkarzy\\\/\",\"url\":\"https:\\\/\\\/www.rememberme-forever.com\\\/pl\\\/produkt\\\/urna-na-prochy-z-pilkarzem-urna-dla-fanow-pilki-noznej-i-pilkarzy\\\/\",\"name\":\"Urna na prochy z pi\u0142karzem Urna dla fan\u00f3w pi\u0142ki no\u017cnej i pi\u0142karzy\",\"isPartOf\":{\"@id\":\"https:\\\/\\\/www.rememberme-forever.com\\\/pl\\\/#website\"},\"primaryImageOfPage\":{\"@id\":\"https:\\\/\\\/www.rememberme-forever.com\\\/pl\\\/produkt\\\/urna-na-prochy-z-pilkarzem-urna-dla-fanow-pilki-noznej-i-pilkarzy\\\/#primaryimage\"},\"image\":{\"@id\":\"https:\\\/\\\/www.rememberme-forever.com\\\/pl\\\/produkt\\\/urna-na-prochy-z-pilkarzem-urna-dla-fanow-pilki-noznej-i-pilkarzy\\\/#primaryimage\"},\"thumbnailUrl\":\"https:\\\/\\\/www.rememberme-forever.com\\\/wp-content\\\/uploads\\\/2025\\\/04\\\/soccer-black-urn_0001.jpg\",\"datePublished\":\"2025-04-15T08:10:22+00:00\",\"dateModified\":\"2026-02-18T13:53:49+00:00\",\"breadcrumb\":{\"@id\":\"https:\\\/\\\/www.rememberme-forever.com\\\/pl\\\/produkt\\\/urna-na-prochy-z-pilkarzem-urna-dla-fanow-pilki-noznej-i-pilkarzy\\\/#breadcrumb\"},\"inLanguage\":\"pl-PL\",\"potentialAction\":[{\"@type\":\"ReadAction\",\"target\":[\"https:\\\/\\\/www.rememberme-forever.com\\\/pl\\\/produkt\\\/urna-na-prochy-z-pilkarzem-urna-dla-fanow-pilki-noznej-i-pilkarzy\\\/\"]}]},{\"@type\":\"ImageObject\",\"inLanguage\":\"pl-PL\",\"@id\":\"https:\\\/\\\/www.rememberme-forever.com\\\/pl\\\/produkt\\\/urna-na-prochy-z-pilkarzem-urna-dla-fanow-pilki-noznej-i-pilkarzy\\\/#primaryimage\",\"url\":\"https:\\\/\\\/www.rememberme-forever.com\\\/wp-content\\\/uploads\\\/2025\\\/04\\\/soccer-black-urn_0001.jpg\",\"contentUrl\":\"https:\\\/\\\/www.rememberme-forever.com\\\/wp-content\\\/uploads\\\/2025\\\/04\\\/soccer-black-urn_0001.jpg\",\"width\":1007,\"height\":1024},{\"@type\":\"BreadcrumbList\",\"@id\":\"https:\\\/\\\/www.rememberme-forever.com\\\/pl\\\/produkt\\\/urna-na-prochy-z-pilkarzem-urna-dla-fanow-pilki-noznej-i-pilkarzy\\\/#breadcrumb\",\"itemListElement\":[{\"@type\":\"ListItem\",\"position\":1,\"name\":\"Home\",\"item\":\"https:\\\/\\\/www.rememberme-forever.com\\\/pl\\\/strona-glowna\\\/\"},{\"@type\":\"ListItem\",\"position\":2,\"name\":\"Sklep\",\"item\":\"https:\\\/\\\/www.rememberme-forever.com\\\/pl\\\/sklep-2\\\/\"},{\"@type\":\"ListItem\",\"position\":3,\"name\":\"Urna na prochy z pi\u0142karzem Urna dla fan\u00f3w pi\u0142ki no\u017cnej i pi\u0142karzy\"}]},{\"@type\":\"WebSite\",\"@id\":\"https:\\\/\\\/www.rememberme-forever.com\\\/pl\\\/#website\",\"url\":\"https:\\\/\\\/www.rememberme-forever.com\\\/pl\\\/\",\"name\":\"Remember Forever\",\"description\":\"Cremation urns, funeral urns, urns for ashes\",\"publisher\":{\"@id\":\"https:\\\/\\\/www.rememberme-forever.com\\\/pl\\\/#organization\"},\"potentialAction\":[{\"@type\":\"SearchAction\",\"target\":{\"@type\":\"EntryPoint\",\"urlTemplate\":\"https:\\\/\\\/www.rememberme-forever.com\\\/pl\\\/?s={search_term_string}\"},\"query-input\":{\"@type\":\"PropertyValueSpecification\",\"valueRequired\":true,\"valueName\":\"search_term_string\"}}],\"inLanguage\":\"pl-PL\"},{\"@type\":\"Organization\",\"@id\":\"https:\\\/\\\/www.rememberme-forever.com\\\/pl\\\/#organization\",\"name\":\"Remember Forever\",\"url\":\"https:\\\/\\\/www.rememberme-forever.com\\\/pl\\\/\",\"logo\":{\"@type\":\"ImageObject\",\"inLanguage\":\"pl-PL\",\"@id\":\"https:\\\/\\\/www.rememberme-forever.com\\\/pl\\\/#\\\/schema\\\/logo\\\/image\\\/\",\"url\":\"https:\\\/\\\/www.rememberme-forever.com\\\/wp-content\\\/uploads\\\/2023\\\/02\\\/logo.png\",\"contentUrl\":\"https:\\\/\\\/www.rememberme-forever.com\\\/wp-content\\\/uploads\\\/2023\\\/02\\\/logo.png\",\"width\":300,\"height\":56,\"caption\":\"Remember Forever\"},\"image\":{\"@id\":\"https:\\\/\\\/www.rememberme-forever.com\\\/pl\\\/#\\\/schema\\\/logo\\\/image\\\/\"}}]}<\/script>\n<!-- \/ Yoast SEO plugin. -->","yoast_head_json":{"title":"Urna na prochy z pi\u0142karzem Urna dla fan\u00f3w pi\u0142ki no\u017cnej i pi\u0142karzy","robots":{"index":"index","follow":"follow","max-snippet":"max-snippet:-1","max-image-preview":"max-image-preview:large","max-video-preview":"max-video-preview:-1"},"canonical":"https:\/\/www.rememberme-forever.com\/pl\/produkt\/urna-na-prochy-z-pilkarzem-urna-dla-fanow-pilki-noznej-i-pilkarzy\/","og_locale":"pl_PL","og_type":"article","og_title":"Urna na prochy z pi\u0142karzem Urna dla fan\u00f3w pi\u0142ki no\u017cnej i pi\u0142karzy","og_description":"\u2611\ufe0f Jeste\u015bmy \u015bwiadomi kr\u00f3tkiego czasu na dostarczenie urny. Urn\u0119 zam\u00f3wion\u0105 do godz. 12.00 w dzie\u0144 roboczy wysy\u0142amy natychmiast.\u00a0","og_url":"https:\/\/www.rememberme-forever.com\/pl\/produkt\/urna-na-prochy-z-pilkarzem-urna-dla-fanow-pilki-noznej-i-pilkarzy\/","og_site_name":"Remember Forever","article_modified_time":"2026-02-18T13:53:49+00:00","og_image":[{"width":1007,"height":1024,"url":"http:\/\/www.rememberme-forever.com\/wp-content\/uploads\/2025\/04\/soccer-black-urn_0001.jpg","type":"image\/jpeg"}],"twitter_card":"summary_large_image","twitter_misc":{"Szacowany czas czytania":"2 minuta"},"schema":{"@context":"https:\/\/schema.org","@graph":[{"@type":"WebPage","@id":"https:\/\/www.rememberme-forever.com\/pl\/produkt\/urna-na-prochy-z-pilkarzem-urna-dla-fanow-pilki-noznej-i-pilkarzy\/","url":"https:\/\/www.rememberme-forever.com\/pl\/produkt\/urna-na-prochy-z-pilkarzem-urna-dla-fanow-pilki-noznej-i-pilkarzy\/","name":"Urna na prochy z pi\u0142karzem Urna dla fan\u00f3w pi\u0142ki no\u017cnej i pi\u0142karzy","isPartOf":{"@id":"https:\/\/www.rememberme-forever.com\/pl\/#website"},"primaryImageOfPage":{"@id":"https:\/\/www.rememberme-forever.com\/pl\/produkt\/urna-na-prochy-z-pilkarzem-urna-dla-fanow-pilki-noznej-i-pilkarzy\/#primaryimage"},"image":{"@id":"https:\/\/www.rememberme-forever.com\/pl\/produkt\/urna-na-prochy-z-pilkarzem-urna-dla-fanow-pilki-noznej-i-pilkarzy\/#primaryimage"},"thumbnailUrl":"https:\/\/www.rememberme-forever.com\/wp-content\/uploads\/2025\/04\/soccer-black-urn_0001.jpg","datePublished":"2025-04-15T08:10:22+00:00","dateModified":"2026-02-18T13:53:49+00:00","breadcrumb":{"@id":"https:\/\/www.rememberme-forever.com\/pl\/produkt\/urna-na-prochy-z-pilkarzem-urna-dla-fanow-pilki-noznej-i-pilkarzy\/#breadcrumb"},"inLanguage":"pl-PL","potentialAction":[{"@type":"ReadAction","target":["https:\/\/www.rememberme-forever.com\/pl\/produkt\/urna-na-prochy-z-pilkarzem-urna-dla-fanow-pilki-noznej-i-pilkarzy\/"]}]},{"@type":"ImageObject","inLanguage":"pl-PL","@id":"https:\/\/www.rememberme-forever.com\/pl\/produkt\/urna-na-prochy-z-pilkarzem-urna-dla-fanow-pilki-noznej-i-pilkarzy\/#primaryimage","url":"https:\/\/www.rememberme-forever.com\/wp-content\/uploads\/2025\/04\/soccer-black-urn_0001.jpg","contentUrl":"https:\/\/www.rememberme-forever.com\/wp-content\/uploads\/2025\/04\/soccer-black-urn_0001.jpg","width":1007,"height":1024},{"@type":"BreadcrumbList","@id":"https:\/\/www.rememberme-forever.com\/pl\/produkt\/urna-na-prochy-z-pilkarzem-urna-dla-fanow-pilki-noznej-i-pilkarzy\/#breadcrumb","itemListElement":[{"@type":"ListItem","position":1,"name":"Home","item":"https:\/\/www.rememberme-forever.com\/pl\/strona-glowna\/"},{"@type":"ListItem","position":2,"name":"Sklep","item":"https:\/\/www.rememberme-forever.com\/pl\/sklep-2\/"},{"@type":"ListItem","position":3,"name":"Urna na prochy z pi\u0142karzem Urna dla fan\u00f3w pi\u0142ki no\u017cnej i pi\u0142karzy"}]},{"@type":"WebSite","@id":"https:\/\/www.rememberme-forever.com\/pl\/#website","url":"https:\/\/www.rememberme-forever.com\/pl\/","name":"Remember Forever","description":"Cremation urns, funeral urns, urns for ashes","publisher":{"@id":"https:\/\/www.rememberme-forever.com\/pl\/#organization"},"potentialAction":[{"@type":"SearchAction","target":{"@type":"EntryPoint","urlTemplate":"https:\/\/www.rememberme-forever.com\/pl\/?s={search_term_string}"},"query-input":{"@type":"PropertyValueSpecification","valueRequired":true,"valueName":"search_term_string"}}],"inLanguage":"pl-PL"},{"@type":"Organization","@id":"https:\/\/www.rememberme-forever.com\/pl\/#organization","name":"Remember Forever","url":"https:\/\/www.rememberme-forever.com\/pl\/","logo":{"@type":"ImageObject","inLanguage":"pl-PL","@id":"https:\/\/www.rememberme-forever.com\/pl\/#\/schema\/logo\/image\/","url":"https:\/\/www.rememberme-forever.com\/wp-content\/uploads\/2023\/02\/logo.png","contentUrl":"https:\/\/www.rememberme-forever.com\/wp-content\/uploads\/2023\/02\/logo.png","width":300,"height":56,"caption":"Remember Forever"},"image":{"@id":"https:\/\/www.rememberme-forever.com\/pl\/#\/schema\/logo\/image\/"}}]}},"acf":[],"_links":{"self":[{"href":"https:\/\/www.rememberme-forever.com\/pl\/wp-json\/wp\/v2\/product\/16142","targetHints":{"allow":["GET"]}}],"collection":[{"href":"https:\/\/www.rememberme-forever.com\/pl\/wp-json\/wp\/v2\/product"}],"about":[{"href":"https:\/\/www.rememberme-forever.com\/pl\/wp-json\/wp\/v2\/types\/product"}],"wp:featuredmedia":[{"embeddable":true,"href":"https:\/\/www.rememberme-forever.com\/pl\/wp-json\/wp\/v2\/media\/16204"}],"wp:attachment":[{"href":"https:\/\/www.rememberme-forever.com\/pl\/wp-json\/wp\/v2\/media?parent=16142"}],"wp:term":[{"taxonomy":"product_brand","embeddable":true,"href":"https:\/\/www.rememberme-forever.com\/pl\/wp-json\/wp\/v2\/product_brand?post=16142"},{"taxonomy":"product_cat","embeddable":true,"href":"https:\/\/www.rememberme-forever.com\/pl\/wp-json\/wp\/v2\/product_cat?post=16142"},{"taxonomy":"product_tag","embeddable":true,"href":"https:\/\/www.rememberme-forever.com\/pl\/wp-json\/wp\/v2\/product_tag?post=16142"}],"curies":[{"name":"wp","href":"https:\/\/api.w.org\/{rel}","templated":true}]}}