{"id":16284,"date":"2025-04-15T14:07:10","date_gmt":"2025-04-15T12:07:10","guid":{"rendered":"https:\/\/www.rememberme-forever.com\/product\/urna-z-motywen-miecza-wbitego-w-skale-legenda-o-krolu-arturze-i-rycerzach\/"},"modified":"2026-02-18T14:53:23","modified_gmt":"2026-02-18T13:53:23","slug":"urna-z-motywen-miecza-wbitego-w-skale-legenda-o-krolu-arturze-i-rycerzach","status":"publish","type":"product","link":"https:\/\/www.rememberme-forever.com\/pl\/produkt\/urna-z-motywen-miecza-wbitego-w-skale-legenda-o-krolu-arturze-i-rycerzach\/","title":{"rendered":"Urna z motywen miecza wbitego w ska\u0142\u0119 &#8211; legenda o Kr\u00f3lu Arturze i rycerzach"},"content":{"rendered":"<p class=\"\" align=\"center\" data-start=\"93\" data-end=\"405\">Je\u015bli szukasz urny, kt\u00f3ra niesie ze sob\u0105 g\u0142\u0119bok\u0105 symbolik\u0119 i wyj\u0105tkowy charakter, ten model z pewno\u015bci\u0105 przyci\u0105gnie Twoj\u0105 uwag\u0119. <strong data-start=\"222\" data-end=\"273\">Drewniana urna z motywem miecza wbitego w ska\u0142\u0119<\/strong>, inspirowana legend\u0105 o Kr\u00f3lu Arturze i rycerzach Okr\u0105g\u0142ego Sto\u0142u, to ho\u0142d dla odwagi, honoru i pami\u0119ci, kt\u00f3ra nigdy nie przemija.<\/p>\n<p class=\"\" align=\"center\" data-start=\"407\" data-end=\"791\">Urna ma klasyczny <strong data-start=\"425\" data-end=\"444\">kszta\u0142t pude\u0142ka<\/strong> z <strong data-start=\"447\" data-end=\"482\">lekko zaokr\u0105glonymi kraw\u0119dziami<\/strong>, dost\u0119pna jest w <strong data-start=\"500\" data-end=\"530\">kolorze czarnym lub bia\u0142ym<\/strong>. Na froncie znajduje si\u0119 <strong data-start=\"556\" data-end=\"626\">grawerowana grafika przedstawiaj\u0105ca legendarny miecz wbity w ska\u0142\u0119<\/strong> \u2013 symbol niez\u0142omno\u015bci i si\u0142y ducha. <strong data-start=\"663\" data-end=\"726\">Tu\u017c nad grafik\u0105 umieszczona jest spersonalizowana plakietka<\/strong>, na kt\u00f3rej mo\u017cesz umie\u015bci\u0107 imi\u0119, daty lub osobiste przes\u0142anie.<\/p>\n<p class=\"\" align=\"center\" data-start=\"793\" data-end=\"923\">Prochy bliskiej osoby umieszczasz od spodu, przez <strong data-start=\"843\" data-end=\"881\">zdejmowane dno przykr\u0119cane \u015brubami<\/strong>, co zapewnia bezpiecze\u0144stwo i trwa\u0142o\u015b\u0107.<\/p>\n<p class=\"\" align=\"center\" data-start=\"925\" data-end=\"1107\">To nie jest zwyk\u0142a urna \u2013 to pami\u0105tka z dusz\u0105, kt\u00f3ra w pi\u0119kny spos\u00f3b podkre\u015bla wyj\u0105tkowo\u015b\u0107 osoby, kt\u00f3r\u0105 \u017cegnasz. Idealna dla kogo\u015b, kto w Twoich oczach by\u0142 bohaterem \u2013 jak z legendy.<\/p>\n<div style=\"width: 100%; margin-bottom: 40px; height: max-content; padding-bottom: 60%; position: relative;\"><iframe style=\"position: absolute; top: 0; left: 0; width: 100%; height: 100%;\" src=\"https:\/\/rememberme-urns.com\/theme-urn-with-a-sword\/\" frameborder=\"0\"><\/iframe><\/div>\n<div style=\"color: red; text-align: center; margin-bottom: 25px;\">&gt;&gt; Obrotowe zdj\u0119cie &#8211; dotknij\/zbli\u017c &lt;&lt;<\/div>\n<div align=\"center\"><\/div>\n<p style=\"text-align: center;\"><strong>\u25ba PERSONALIZACJA \u25c4<\/strong><\/p>\n<p style=\"text-align: center;\">\u2714\ufe0f Je\u015bli wybierzesz spersonalizowan\u0105 tabliczk\u0119, wpisz tekst w odpowiednim miejscu lub wy\u015blij nam wiadomo\u015b\u0107.<\/p>\n<p style=\"text-align: center;\">\u2714\ufe0f Spersonalizowana tabliczka pami\u0105tkowa musi zosta\u0107 dostosowana podczas procesu zamawiania. (Nie martw si\u0119, je\u015bli zapomnisz, zawsze mo\u017cesz wys\u0142a\u0107 nam wiadomo\u015b\u0107 p\u00f3\u017aniej).<\/p>\n<p style=\"text-align: center;\">Ograniczenia tekstowe s\u0105 nast\u0119puj\u0105ce:<\/p>\n<ul>\n<li style=\"text-align: center;\">Imi\u0119 (imiona) do 35 znak\u00f3w<\/li>\n<li style=\"text-align: center;\">Data urodzenia i \u015bmierci do 35 znak\u00f3w<\/li>\n<li style=\"text-align: center;\">Trzecia linia do 35 znak\u00f3w<\/li>\n<\/ul>\n<div style=\"text-align: center;\"><\/div>\n<p style=\"text-align: center;\">\u2714\ufe0f Prosimy o<b> DWUKROTNE SPRAWDZENIE <\/b>tekstu graweru przed dodaniem produktu do koszyka. Kopiujemy i grawerujemy dok\u0142adnie te informacje, kt\u00f3re otrzymujemy wraz z zam\u00f3wieniem i nie wprowadzamy \u017cadnych zmian po naszej stronie.<\/p>\n<p style=\"text-align: center;\">\u2714\ufe0f Sprawd\u017a tekst, aby upewni\u0107 si\u0119, \u017ce pisownia jest poprawna.<\/p>\n<p style=\"text-align: center;\">\u2714\ufe0f <strong>NIE<\/strong> wprowadzaj informacji o grawerowaniu, je\u015bli kupujesz opcj\u0119 &#8222;Urna bez tabliczki&#8221;.<\/p>\n","protected":false},"excerpt":{"rendered":"<p><b>\u2611\ufe0f <em style=\"color: red;\">Jeste\u015bmy \u015bwiadomi kr\u00f3tkiego czasu na dostarczenie urny. Urn\u0119 zam\u00f3wion\u0105 do godz. 12.00 w dzie\u0144 roboczy wysy\u0142amy natychmiast.\u00a0<\/em><\/b><\/p>\n","protected":false},"featured_media":16278,"template":"","meta":{"_acf_changed":false},"product_brand":[2398],"product_cat":[3399,136],"product_tag":[3308],"class_list":{"0":"post-16284","1":"product","2":"type-product","3":"status-publish","4":"has-post-thumbnail","6":"product_brand-remember-forever-pl","7":"product_cat-pozostale-urny","8":"product_cat-urny-tematyczne","9":"product_tag-gpsr-all-wood-urns","10":"product_shipping_class-wood-urns-pl","12":"first","13":"instock","14":"taxable","15":"shipping-taxable","16":"purchasable","17":"product-type-variable"},"yoast_head":"<!-- This site is optimized with the Yoast SEO plugin v27.4 - https:\/\/yoast.com\/product\/yoast-seo-wordpress\/ -->\n<title>Urna z motywen miecza wbitego w ska\u0142\u0119 - legenda o Kr\u00f3lu Arturze i rycerzach - Remember Forever<\/title>\n<meta name=\"robots\" content=\"index, follow, max-snippet:-1, max-image-preview:large, max-video-preview:-1\" \/>\n<link rel=\"canonical\" href=\"https:\/\/www.rememberme-forever.com\/pl\/produkt\/urna-z-motywen-miecza-wbitego-w-skale-legenda-o-krolu-arturze-i-rycerzach\/\" \/>\n<meta property=\"og:locale\" content=\"pl_PL\" \/>\n<meta property=\"og:type\" content=\"article\" \/>\n<meta property=\"og:title\" content=\"Urna z motywen miecza wbitego w ska\u0142\u0119 - legenda o Kr\u00f3lu Arturze i rycerzach - Remember Forever\" \/>\n<meta property=\"og:description\" content=\"\u2611\ufe0f Jeste\u015bmy \u015bwiadomi kr\u00f3tkiego czasu na dostarczenie urny. Urn\u0119 zam\u00f3wion\u0105 do godz. 12.00 w dzie\u0144 roboczy wysy\u0142amy natychmiast.\u00a0\" \/>\n<meta property=\"og:url\" content=\"https:\/\/www.rememberme-forever.com\/pl\/produkt\/urna-z-motywen-miecza-wbitego-w-skale-legenda-o-krolu-arturze-i-rycerzach\/\" \/>\n<meta property=\"og:site_name\" content=\"Remember Forever\" \/>\n<meta property=\"article:modified_time\" content=\"2026-02-18T13:53:23+00:00\" \/>\n<meta property=\"og:image\" content=\"http:\/\/www.rememberme-forever.com\/wp-content\/uploads\/2025\/04\/white-urn-with-a-sword_0001.jpg\" \/>\n\t<meta property=\"og:image:width\" content=\"1007\" \/>\n\t<meta property=\"og:image:height\" content=\"1024\" \/>\n\t<meta property=\"og:image:type\" content=\"image\/jpeg\" \/>\n<meta name=\"twitter:card\" content=\"summary_large_image\" \/>\n<meta name=\"twitter:label1\" content=\"Szacowany czas czytania\" \/>\n\t<meta name=\"twitter:data1\" content=\"2 minuta\" \/>\n<script type=\"application\/ld+json\" class=\"yoast-schema-graph\">{\"@context\":\"https:\\\/\\\/schema.org\",\"@graph\":[{\"@type\":\"WebPage\",\"@id\":\"https:\\\/\\\/www.rememberme-forever.com\\\/pl\\\/produkt\\\/urna-z-motywen-miecza-wbitego-w-skale-legenda-o-krolu-arturze-i-rycerzach\\\/\",\"url\":\"https:\\\/\\\/www.rememberme-forever.com\\\/pl\\\/produkt\\\/urna-z-motywen-miecza-wbitego-w-skale-legenda-o-krolu-arturze-i-rycerzach\\\/\",\"name\":\"Urna z motywen miecza wbitego w ska\u0142\u0119 - legenda o Kr\u00f3lu Arturze i rycerzach - Remember Forever\",\"isPartOf\":{\"@id\":\"https:\\\/\\\/www.rememberme-forever.com\\\/pl\\\/#website\"},\"primaryImageOfPage\":{\"@id\":\"https:\\\/\\\/www.rememberme-forever.com\\\/pl\\\/produkt\\\/urna-z-motywen-miecza-wbitego-w-skale-legenda-o-krolu-arturze-i-rycerzach\\\/#primaryimage\"},\"image\":{\"@id\":\"https:\\\/\\\/www.rememberme-forever.com\\\/pl\\\/produkt\\\/urna-z-motywen-miecza-wbitego-w-skale-legenda-o-krolu-arturze-i-rycerzach\\\/#primaryimage\"},\"thumbnailUrl\":\"https:\\\/\\\/www.rememberme-forever.com\\\/wp-content\\\/uploads\\\/2025\\\/04\\\/white-urn-with-a-sword_0001.jpg\",\"datePublished\":\"2025-04-15T12:07:10+00:00\",\"dateModified\":\"2026-02-18T13:53:23+00:00\",\"breadcrumb\":{\"@id\":\"https:\\\/\\\/www.rememberme-forever.com\\\/pl\\\/produkt\\\/urna-z-motywen-miecza-wbitego-w-skale-legenda-o-krolu-arturze-i-rycerzach\\\/#breadcrumb\"},\"inLanguage\":\"pl-PL\",\"potentialAction\":[{\"@type\":\"ReadAction\",\"target\":[\"https:\\\/\\\/www.rememberme-forever.com\\\/pl\\\/produkt\\\/urna-z-motywen-miecza-wbitego-w-skale-legenda-o-krolu-arturze-i-rycerzach\\\/\"]}]},{\"@type\":\"ImageObject\",\"inLanguage\":\"pl-PL\",\"@id\":\"https:\\\/\\\/www.rememberme-forever.com\\\/pl\\\/produkt\\\/urna-z-motywen-miecza-wbitego-w-skale-legenda-o-krolu-arturze-i-rycerzach\\\/#primaryimage\",\"url\":\"https:\\\/\\\/www.rememberme-forever.com\\\/wp-content\\\/uploads\\\/2025\\\/04\\\/white-urn-with-a-sword_0001.jpg\",\"contentUrl\":\"https:\\\/\\\/www.rememberme-forever.com\\\/wp-content\\\/uploads\\\/2025\\\/04\\\/white-urn-with-a-sword_0001.jpg\",\"width\":1007,\"height\":1024,\"caption\":\"urn with a sword\"},{\"@type\":\"BreadcrumbList\",\"@id\":\"https:\\\/\\\/www.rememberme-forever.com\\\/pl\\\/produkt\\\/urna-z-motywen-miecza-wbitego-w-skale-legenda-o-krolu-arturze-i-rycerzach\\\/#breadcrumb\",\"itemListElement\":[{\"@type\":\"ListItem\",\"position\":1,\"name\":\"Home\",\"item\":\"https:\\\/\\\/www.rememberme-forever.com\\\/pl\\\/strona-glowna\\\/\"},{\"@type\":\"ListItem\",\"position\":2,\"name\":\"Sklep\",\"item\":\"https:\\\/\\\/www.rememberme-forever.com\\\/pl\\\/sklep-2\\\/\"},{\"@type\":\"ListItem\",\"position\":3,\"name\":\"Urna z motywen miecza wbitego w ska\u0142\u0119 &#8211; legenda o Kr\u00f3lu Arturze i rycerzach\"}]},{\"@type\":\"WebSite\",\"@id\":\"https:\\\/\\\/www.rememberme-forever.com\\\/pl\\\/#website\",\"url\":\"https:\\\/\\\/www.rememberme-forever.com\\\/pl\\\/\",\"name\":\"Remember Forever\",\"description\":\"Cremation urns, funeral urns, urns for ashes\",\"publisher\":{\"@id\":\"https:\\\/\\\/www.rememberme-forever.com\\\/pl\\\/#organization\"},\"potentialAction\":[{\"@type\":\"SearchAction\",\"target\":{\"@type\":\"EntryPoint\",\"urlTemplate\":\"https:\\\/\\\/www.rememberme-forever.com\\\/pl\\\/?s={search_term_string}\"},\"query-input\":{\"@type\":\"PropertyValueSpecification\",\"valueRequired\":true,\"valueName\":\"search_term_string\"}}],\"inLanguage\":\"pl-PL\"},{\"@type\":\"Organization\",\"@id\":\"https:\\\/\\\/www.rememberme-forever.com\\\/pl\\\/#organization\",\"name\":\"Remember Forever\",\"url\":\"https:\\\/\\\/www.rememberme-forever.com\\\/pl\\\/\",\"logo\":{\"@type\":\"ImageObject\",\"inLanguage\":\"pl-PL\",\"@id\":\"https:\\\/\\\/www.rememberme-forever.com\\\/pl\\\/#\\\/schema\\\/logo\\\/image\\\/\",\"url\":\"https:\\\/\\\/www.rememberme-forever.com\\\/wp-content\\\/uploads\\\/2023\\\/02\\\/logo.png\",\"contentUrl\":\"https:\\\/\\\/www.rememberme-forever.com\\\/wp-content\\\/uploads\\\/2023\\\/02\\\/logo.png\",\"width\":300,\"height\":56,\"caption\":\"Remember Forever\"},\"image\":{\"@id\":\"https:\\\/\\\/www.rememberme-forever.com\\\/pl\\\/#\\\/schema\\\/logo\\\/image\\\/\"}}]}<\/script>\n<!-- \/ Yoast SEO plugin. -->","yoast_head_json":{"title":"Urna z motywen miecza wbitego w ska\u0142\u0119 - legenda o Kr\u00f3lu Arturze i rycerzach - Remember Forever","robots":{"index":"index","follow":"follow","max-snippet":"max-snippet:-1","max-image-preview":"max-image-preview:large","max-video-preview":"max-video-preview:-1"},"canonical":"https:\/\/www.rememberme-forever.com\/pl\/produkt\/urna-z-motywen-miecza-wbitego-w-skale-legenda-o-krolu-arturze-i-rycerzach\/","og_locale":"pl_PL","og_type":"article","og_title":"Urna z motywen miecza wbitego w ska\u0142\u0119 - legenda o Kr\u00f3lu Arturze i rycerzach - Remember Forever","og_description":"\u2611\ufe0f Jeste\u015bmy \u015bwiadomi kr\u00f3tkiego czasu na dostarczenie urny. Urn\u0119 zam\u00f3wion\u0105 do godz. 12.00 w dzie\u0144 roboczy wysy\u0142amy natychmiast.\u00a0","og_url":"https:\/\/www.rememberme-forever.com\/pl\/produkt\/urna-z-motywen-miecza-wbitego-w-skale-legenda-o-krolu-arturze-i-rycerzach\/","og_site_name":"Remember Forever","article_modified_time":"2026-02-18T13:53:23+00:00","og_image":[{"width":1007,"height":1024,"url":"http:\/\/www.rememberme-forever.com\/wp-content\/uploads\/2025\/04\/white-urn-with-a-sword_0001.jpg","type":"image\/jpeg"}],"twitter_card":"summary_large_image","twitter_misc":{"Szacowany czas czytania":"2 minuta"},"schema":{"@context":"https:\/\/schema.org","@graph":[{"@type":"WebPage","@id":"https:\/\/www.rememberme-forever.com\/pl\/produkt\/urna-z-motywen-miecza-wbitego-w-skale-legenda-o-krolu-arturze-i-rycerzach\/","url":"https:\/\/www.rememberme-forever.com\/pl\/produkt\/urna-z-motywen-miecza-wbitego-w-skale-legenda-o-krolu-arturze-i-rycerzach\/","name":"Urna z motywen miecza wbitego w ska\u0142\u0119 - legenda o Kr\u00f3lu Arturze i rycerzach - Remember Forever","isPartOf":{"@id":"https:\/\/www.rememberme-forever.com\/pl\/#website"},"primaryImageOfPage":{"@id":"https:\/\/www.rememberme-forever.com\/pl\/produkt\/urna-z-motywen-miecza-wbitego-w-skale-legenda-o-krolu-arturze-i-rycerzach\/#primaryimage"},"image":{"@id":"https:\/\/www.rememberme-forever.com\/pl\/produkt\/urna-z-motywen-miecza-wbitego-w-skale-legenda-o-krolu-arturze-i-rycerzach\/#primaryimage"},"thumbnailUrl":"https:\/\/www.rememberme-forever.com\/wp-content\/uploads\/2025\/04\/white-urn-with-a-sword_0001.jpg","datePublished":"2025-04-15T12:07:10+00:00","dateModified":"2026-02-18T13:53:23+00:00","breadcrumb":{"@id":"https:\/\/www.rememberme-forever.com\/pl\/produkt\/urna-z-motywen-miecza-wbitego-w-skale-legenda-o-krolu-arturze-i-rycerzach\/#breadcrumb"},"inLanguage":"pl-PL","potentialAction":[{"@type":"ReadAction","target":["https:\/\/www.rememberme-forever.com\/pl\/produkt\/urna-z-motywen-miecza-wbitego-w-skale-legenda-o-krolu-arturze-i-rycerzach\/"]}]},{"@type":"ImageObject","inLanguage":"pl-PL","@id":"https:\/\/www.rememberme-forever.com\/pl\/produkt\/urna-z-motywen-miecza-wbitego-w-skale-legenda-o-krolu-arturze-i-rycerzach\/#primaryimage","url":"https:\/\/www.rememberme-forever.com\/wp-content\/uploads\/2025\/04\/white-urn-with-a-sword_0001.jpg","contentUrl":"https:\/\/www.rememberme-forever.com\/wp-content\/uploads\/2025\/04\/white-urn-with-a-sword_0001.jpg","width":1007,"height":1024,"caption":"urn with a sword"},{"@type":"BreadcrumbList","@id":"https:\/\/www.rememberme-forever.com\/pl\/produkt\/urna-z-motywen-miecza-wbitego-w-skale-legenda-o-krolu-arturze-i-rycerzach\/#breadcrumb","itemListElement":[{"@type":"ListItem","position":1,"name":"Home","item":"https:\/\/www.rememberme-forever.com\/pl\/strona-glowna\/"},{"@type":"ListItem","position":2,"name":"Sklep","item":"https:\/\/www.rememberme-forever.com\/pl\/sklep-2\/"},{"@type":"ListItem","position":3,"name":"Urna z motywen miecza wbitego w ska\u0142\u0119 &#8211; legenda o Kr\u00f3lu Arturze i rycerzach"}]},{"@type":"WebSite","@id":"https:\/\/www.rememberme-forever.com\/pl\/#website","url":"https:\/\/www.rememberme-forever.com\/pl\/","name":"Remember Forever","description":"Cremation urns, funeral urns, urns for ashes","publisher":{"@id":"https:\/\/www.rememberme-forever.com\/pl\/#organization"},"potentialAction":[{"@type":"SearchAction","target":{"@type":"EntryPoint","urlTemplate":"https:\/\/www.rememberme-forever.com\/pl\/?s={search_term_string}"},"query-input":{"@type":"PropertyValueSpecification","valueRequired":true,"valueName":"search_term_string"}}],"inLanguage":"pl-PL"},{"@type":"Organization","@id":"https:\/\/www.rememberme-forever.com\/pl\/#organization","name":"Remember Forever","url":"https:\/\/www.rememberme-forever.com\/pl\/","logo":{"@type":"ImageObject","inLanguage":"pl-PL","@id":"https:\/\/www.rememberme-forever.com\/pl\/#\/schema\/logo\/image\/","url":"https:\/\/www.rememberme-forever.com\/wp-content\/uploads\/2023\/02\/logo.png","contentUrl":"https:\/\/www.rememberme-forever.com\/wp-content\/uploads\/2023\/02\/logo.png","width":300,"height":56,"caption":"Remember Forever"},"image":{"@id":"https:\/\/www.rememberme-forever.com\/pl\/#\/schema\/logo\/image\/"}}]}},"acf":[],"_links":{"self":[{"href":"https:\/\/www.rememberme-forever.com\/pl\/wp-json\/wp\/v2\/product\/16284","targetHints":{"allow":["GET"]}}],"collection":[{"href":"https:\/\/www.rememberme-forever.com\/pl\/wp-json\/wp\/v2\/product"}],"about":[{"href":"https:\/\/www.rememberme-forever.com\/pl\/wp-json\/wp\/v2\/types\/product"}],"wp:featuredmedia":[{"embeddable":true,"href":"https:\/\/www.rememberme-forever.com\/pl\/wp-json\/wp\/v2\/media\/16278"}],"wp:attachment":[{"href":"https:\/\/www.rememberme-forever.com\/pl\/wp-json\/wp\/v2\/media?parent=16284"}],"wp:term":[{"taxonomy":"product_brand","embeddable":true,"href":"https:\/\/www.rememberme-forever.com\/pl\/wp-json\/wp\/v2\/product_brand?post=16284"},{"taxonomy":"product_cat","embeddable":true,"href":"https:\/\/www.rememberme-forever.com\/pl\/wp-json\/wp\/v2\/product_cat?post=16284"},{"taxonomy":"product_tag","embeddable":true,"href":"https:\/\/www.rememberme-forever.com\/pl\/wp-json\/wp\/v2\/product_tag?post=16284"}],"curies":[{"name":"wp","href":"https:\/\/api.w.org\/{rel}","templated":true}]}}