{"id":16321,"date":"2025-04-16T11:57:51","date_gmt":"2025-04-16T09:57:51","guid":{"rendered":"https:\/\/www.rememberme-forever.com\/product\/piekna-ceramiczna-urna-dla-dziecka-dekoracyjna-urna-dla-dziecka\/"},"modified":"2026-02-02T13:20:12","modified_gmt":"2026-02-02T12:20:12","slug":"piekna-ceramiczna-urna-dla-dziecka-dekoracyjna-urna-dla-dziecka","status":"publish","type":"product","link":"https:\/\/www.rememberme-forever.com\/pl\/produkt\/piekna-ceramiczna-urna-dla-dziecka-dekoracyjna-urna-dla-dziecka\/","title":{"rendered":"Pi\u0119kna ceramiczna urna dla dziecka Dekoracyjna urna dla dziecka"},"content":{"rendered":"<div style=\"text-indent: 0px; text-align: center;\">\n<p class=\"\" data-start=\"80\" data-end=\"388\">Strata dziecka to b\u00f3l nie do opisania. W tych najtrudniejszych chwilach wa\u017cne jest, by m\u00f3c upami\u0119tni\u0107 malutkie \u017cycie w spos\u00f3b pe\u0142en czu\u0142o\u015bci i mi\u0142o\u015bci. <strong data-start=\"232\" data-end=\"266\">Ta ceramiczna urna dla dziecka<\/strong> to wyj\u0105tkowa, <strong data-start=\"281\" data-end=\"305\">mini urna pogrzebowa<\/strong>, kt\u00f3ra powsta\u0142a z my\u015bl\u0105 o najm\u0142odszych \u2013 tych, kt\u00f3rzy na zawsze zostan\u0105 w sercu.<\/p>\n<p class=\"\" data-start=\"390\" data-end=\"623\">Urna ma <strong data-start=\"398\" data-end=\"428\">pi\u0119kny i nietypowy kszta\u0142t<\/strong>, kt\u00f3ry przyci\u0105ga wzrok swoj\u0105 delikatno\u015bci\u0105. Jej forma i wykonanie sprawiaj\u0105, \u017ce jest nie tylko miejscem spoczynku, ale te\u017c wzruszaj\u0105c\u0105 pami\u0105tk\u0105, kt\u00f3r\u0105 mo\u017cna postawi\u0107 w miejscu pami\u0119ci.<\/p>\n<p class=\"\" data-start=\"625\" data-end=\"910\">Do urny mo\u017cna do\u0142\u0105czy\u0107 <strong data-start=\"648\" data-end=\"691\">grawerowan\u0105 plakietk\u0119 z w\u0142asnym tekstem<\/strong>, umieszczon\u0105 na <strong data-start=\"708\" data-end=\"745\">przezroczystej podstawce z pleksy<\/strong> \u2013 to miejsce na imi\u0119, dat\u0119 lub kr\u00f3tk\u0105 dedykacj\u0119. Prochy umieszcza si\u0119 od spodu przez <strong data-start=\"831\" data-end=\"849\">zdejmowane dno<\/strong>, kt\u00f3re mo\u017cna trwale zabezpieczy\u0107 <strong data-start=\"883\" data-end=\"907\">klejem lub silikonem<\/strong>.<\/p>\n<p class=\"\" data-start=\"912\" data-end=\"1038\">To spokojny, ciep\u0142y i pe\u0142en mi\u0142o\u015bci spos\u00f3b na po\u017cegnanie, kt\u00f3ry pomaga zachowa\u0107 obecno\u015b\u0107 ukochanego dziecka blisko, na zawsze.<\/p>\n<\/div>\n<p class=\"MsoNormal\" style=\"text-align: center;\" align=\"center\"><span style=\"color: #000000;\"><b>\u25ba PERSONALIZACJA <\/b><b>\u25c4<\/b><\/span><\/p>\n<p class=\"MsoNormal\" style=\"text-align: center;\" align=\"center\"><span style=\"color: #000000;\"><span lang=\"EN-US\">Je\u015bli wybierzesz spersonalizowan\u0105 tabliczk\u0119, wpisz tekst w odpowiednim miejscu lub wy\u015blij nam wiadomo\u015b\u0107.<\/span><\/span><\/p>\n<p class=\"MsoNormal\" style=\"text-align: center;\" align=\"center\"><span style=\"color: #000000;\"><span lang=\"EN-US\">Spersonalizowana tabliczka pami\u0105tkowa musi zosta\u0107 dostosowana podczas procesu zamawiania. (Nie martw si\u0119, je\u015bli zapomnisz, zawsze mo\u017cesz wys\u0142a\u0107 nam wiadomo\u015b\u0107 p\u00f3\u017aniej).<\/span><\/span><\/p>\n<p class=\"MsoNormal\" style=\"text-align: center;\" align=\"center\">\n<p class=\"MsoNormal\" style=\"text-align: center;\" align=\"center\"><span style=\"color: #000000;\"><b><span lang=\"EN-US\">Ograniczenia tekstu s\u0105 nast\u0119puj\u0105ce:<\/span><\/b><\/span><\/p>\n<p class=\"MsoNormal\" style=\"text-align: center;\" align=\"center\"><span style=\"color: #000000;\">&#8211; Imi\u0119 (imiona) do 24 znak\u00f3w<\/span><\/p>\n<p class=\"MsoNormal\" style=\"text-align: center;\" align=\"center\"><span style=\"color: #000000;\"><span lang=\"EN-US\">&#8211; Data urodzenia i \u015bmierci do 24 znak\u00f3w<\/span><\/span><\/p>\n<p class=\"MsoNormal\" style=\"text-align: center;\" align=\"center\"><span style=\"color: #000000;\">&#8211; Trzeci wiersz do 24 znak\u00f3w<\/span><\/p>\n<p class=\"MsoNormal\" style=\"text-align: center;\" align=\"center\"><span style=\"color: #000000;\">&#8211; Czwarty wiersz do 24 znak\u00f3w<\/span><\/p>\n<p class=\"MsoNormal\" style=\"text-align: center;\" align=\"center\"><span style=\"color: #000000;\">&#8211; Pi\u0105ty wiersz do 24 znak\u00f3w<\/span><\/p>\n<p class=\"MsoNormal\" style=\"text-align: center;\" align=\"center\">\n<p class=\"MsoNormal\" style=\"text-align: center;\" align=\"center\">\n<p class=\"MsoNormal\" style=\"text-align: center;\" align=\"center\"><span style=\"color: #000000;\"><b><span lang=\"EN-US\">Prosimy o DWUKROTNE SPRAWDZENIE tekstu grawerunku przed dodaniem produktu do koszyka. Kopiujemy i grawerujemy dok\u0142adnie te informacje, kt\u00f3re otrzymujemy wraz z zam\u00f3wieniem i nie wprowadzamy \u017cadnych zmian po naszej stronie.<\/span><\/b><\/span><\/p>\n<p class=\"MsoNormal\" style=\"text-align: center;\" align=\"center\">\n<p class=\"MsoNormal\" style=\"text-align: center;\" align=\"center\"><span style=\"color: #000000;\"><span lang=\"EN-US\">Sprawd\u017a tekst, aby upewni\u0107 si\u0119, \u017ce pisownia jest poprawna.<\/span><\/span><\/p>\n<p class=\"MsoNormal\" style=\"text-align: center;\" align=\"center\"><span style=\"color: #000000;\"><b><span lang=\"EN-US\">NIE<\/span><\/b><span lang=\"EN-US\"> wprowadzaj informacji o grawerowaniu, je\u015bli kupujesz opcj\u0119 &#8222;Urna bez tabliczki&#8221;.<\/span><\/span><\/p>\n<p style=\"text-align: center;\"><strong><em><span style=\"color: #000000;\">Tablica pami\u0105tkowa zostanie dodana osobno wraz ze stojakiem, jak na zdj\u0119ciu.<\/span><\/em><\/strong><\/p>\n<p class=\"MsoNormal\" style=\"text-align: center;\" align=\"center\"><span style=\"color: #000000;\"><strong><em>(Stojak na tablic\u0119 pami\u0105tkow\u0105 jest wykonany z przezroczystego pleksiglasu<\/em><\/strong>). <\/span><\/p>\n","protected":false},"excerpt":{"rendered":"<p><b>\u2611\ufe0f <em style=\"color: red;\">Jeste\u015bmy \u015bwiadomi kr\u00f3tkiego czasu na dostarczenie urny. Urn\u0119 zam\u00f3wion\u0105 do godz. 12.00 w dzie\u0144 roboczy wysy\u0142amy natychmiast.\u00a0<\/em><\/b><\/p>\n","protected":false},"featured_media":16364,"template":"","meta":{"_acf_changed":false},"product_brand":[2398],"product_cat":[89],"product_tag":[3313],"class_list":{"0":"post-16321","1":"product","2":"type-product","3":"status-publish","4":"has-post-thumbnail","6":"product_brand-remember-forever-pl","7":"product_cat-urny-dzieciece","8":"product_tag-gpsr-ceramic-urns","9":"product_shipping_class-1-2-kg","11":"first","12":"instock","13":"taxable","14":"shipping-taxable","15":"purchasable","16":"product-type-simple"},"yoast_head":"<!-- This site is optimized with the Yoast SEO plugin v27.4 - https:\/\/yoast.com\/product\/yoast-seo-wordpress\/ -->\n<title>Pi\u0119kna ceramiczna urna dla dziecka Dekoracyjna urna dla dziecka<\/title>\n<meta name=\"robots\" content=\"index, follow, max-snippet:-1, max-image-preview:large, max-video-preview:-1\" \/>\n<link rel=\"canonical\" href=\"https:\/\/www.rememberme-forever.com\/pl\/produkt\/piekna-ceramiczna-urna-dla-dziecka-dekoracyjna-urna-dla-dziecka\/\" \/>\n<meta property=\"og:locale\" content=\"pl_PL\" \/>\n<meta property=\"og:type\" content=\"article\" \/>\n<meta property=\"og:title\" content=\"Pi\u0119kna ceramiczna urna dla dziecka Dekoracyjna urna dla dziecka\" \/>\n<meta property=\"og:description\" content=\"\u2611\ufe0f Jeste\u015bmy \u015bwiadomi kr\u00f3tkiego czasu na dostarczenie urny. Urn\u0119 zam\u00f3wion\u0105 do godz. 12.00 w dzie\u0144 roboczy wysy\u0142amy natychmiast.\u00a0\" \/>\n<meta property=\"og:url\" content=\"https:\/\/www.rememberme-forever.com\/pl\/produkt\/piekna-ceramiczna-urna-dla-dziecka-dekoracyjna-urna-dla-dziecka\/\" \/>\n<meta property=\"og:site_name\" content=\"Remember Forever\" \/>\n<meta property=\"article:modified_time\" content=\"2026-02-02T12:20:12+00:00\" \/>\n<meta property=\"og:image\" content=\"http:\/\/www.rememberme-forever.com\/wp-content\/uploads\/2025\/04\/ceramic-urn-with-heart_00012plaque.jpg\" \/>\n\t<meta property=\"og:image:width\" content=\"1007\" \/>\n\t<meta property=\"og:image:height\" content=\"1024\" \/>\n\t<meta property=\"og:image:type\" content=\"image\/jpeg\" \/>\n<meta name=\"twitter:card\" content=\"summary_large_image\" \/>\n<meta name=\"twitter:label1\" content=\"Szacowany czas czytania\" \/>\n\t<meta name=\"twitter:data1\" content=\"2 minuta\" \/>\n<script type=\"application\/ld+json\" class=\"yoast-schema-graph\">{\"@context\":\"https:\\\/\\\/schema.org\",\"@graph\":[{\"@type\":\"WebPage\",\"@id\":\"https:\\\/\\\/www.rememberme-forever.com\\\/pl\\\/produkt\\\/piekna-ceramiczna-urna-dla-dziecka-dekoracyjna-urna-dla-dziecka\\\/\",\"url\":\"https:\\\/\\\/www.rememberme-forever.com\\\/pl\\\/produkt\\\/piekna-ceramiczna-urna-dla-dziecka-dekoracyjna-urna-dla-dziecka\\\/\",\"name\":\"Pi\u0119kna ceramiczna urna dla dziecka Dekoracyjna urna dla dziecka\",\"isPartOf\":{\"@id\":\"https:\\\/\\\/www.rememberme-forever.com\\\/pl\\\/#website\"},\"primaryImageOfPage\":{\"@id\":\"https:\\\/\\\/www.rememberme-forever.com\\\/pl\\\/produkt\\\/piekna-ceramiczna-urna-dla-dziecka-dekoracyjna-urna-dla-dziecka\\\/#primaryimage\"},\"image\":{\"@id\":\"https:\\\/\\\/www.rememberme-forever.com\\\/pl\\\/produkt\\\/piekna-ceramiczna-urna-dla-dziecka-dekoracyjna-urna-dla-dziecka\\\/#primaryimage\"},\"thumbnailUrl\":\"https:\\\/\\\/www.rememberme-forever.com\\\/wp-content\\\/uploads\\\/2025\\\/04\\\/ceramic-urn-with-heart_00012plaque.jpg\",\"datePublished\":\"2025-04-16T09:57:51+00:00\",\"dateModified\":\"2026-02-02T12:20:12+00:00\",\"breadcrumb\":{\"@id\":\"https:\\\/\\\/www.rememberme-forever.com\\\/pl\\\/produkt\\\/piekna-ceramiczna-urna-dla-dziecka-dekoracyjna-urna-dla-dziecka\\\/#breadcrumb\"},\"inLanguage\":\"pl-PL\",\"potentialAction\":[{\"@type\":\"ReadAction\",\"target\":[\"https:\\\/\\\/www.rememberme-forever.com\\\/pl\\\/produkt\\\/piekna-ceramiczna-urna-dla-dziecka-dekoracyjna-urna-dla-dziecka\\\/\"]}]},{\"@type\":\"ImageObject\",\"inLanguage\":\"pl-PL\",\"@id\":\"https:\\\/\\\/www.rememberme-forever.com\\\/pl\\\/produkt\\\/piekna-ceramiczna-urna-dla-dziecka-dekoracyjna-urna-dla-dziecka\\\/#primaryimage\",\"url\":\"https:\\\/\\\/www.rememberme-forever.com\\\/wp-content\\\/uploads\\\/2025\\\/04\\\/ceramic-urn-with-heart_00012plaque.jpg\",\"contentUrl\":\"https:\\\/\\\/www.rememberme-forever.com\\\/wp-content\\\/uploads\\\/2025\\\/04\\\/ceramic-urn-with-heart_00012plaque.jpg\",\"width\":1007,\"height\":1024},{\"@type\":\"BreadcrumbList\",\"@id\":\"https:\\\/\\\/www.rememberme-forever.com\\\/pl\\\/produkt\\\/piekna-ceramiczna-urna-dla-dziecka-dekoracyjna-urna-dla-dziecka\\\/#breadcrumb\",\"itemListElement\":[{\"@type\":\"ListItem\",\"position\":1,\"name\":\"Home\",\"item\":\"https:\\\/\\\/www.rememberme-forever.com\\\/pl\\\/strona-glowna\\\/\"},{\"@type\":\"ListItem\",\"position\":2,\"name\":\"Sklep\",\"item\":\"https:\\\/\\\/www.rememberme-forever.com\\\/pl\\\/sklep-2\\\/\"},{\"@type\":\"ListItem\",\"position\":3,\"name\":\"Pi\u0119kna ceramiczna urna dla dziecka Dekoracyjna urna dla dziecka\"}]},{\"@type\":\"WebSite\",\"@id\":\"https:\\\/\\\/www.rememberme-forever.com\\\/pl\\\/#website\",\"url\":\"https:\\\/\\\/www.rememberme-forever.com\\\/pl\\\/\",\"name\":\"Remember Forever\",\"description\":\"Cremation urns, funeral urns, urns for ashes\",\"publisher\":{\"@id\":\"https:\\\/\\\/www.rememberme-forever.com\\\/pl\\\/#organization\"},\"potentialAction\":[{\"@type\":\"SearchAction\",\"target\":{\"@type\":\"EntryPoint\",\"urlTemplate\":\"https:\\\/\\\/www.rememberme-forever.com\\\/pl\\\/?s={search_term_string}\"},\"query-input\":{\"@type\":\"PropertyValueSpecification\",\"valueRequired\":true,\"valueName\":\"search_term_string\"}}],\"inLanguage\":\"pl-PL\"},{\"@type\":\"Organization\",\"@id\":\"https:\\\/\\\/www.rememberme-forever.com\\\/pl\\\/#organization\",\"name\":\"Remember Forever\",\"url\":\"https:\\\/\\\/www.rememberme-forever.com\\\/pl\\\/\",\"logo\":{\"@type\":\"ImageObject\",\"inLanguage\":\"pl-PL\",\"@id\":\"https:\\\/\\\/www.rememberme-forever.com\\\/pl\\\/#\\\/schema\\\/logo\\\/image\\\/\",\"url\":\"https:\\\/\\\/www.rememberme-forever.com\\\/wp-content\\\/uploads\\\/2023\\\/02\\\/logo.png\",\"contentUrl\":\"https:\\\/\\\/www.rememberme-forever.com\\\/wp-content\\\/uploads\\\/2023\\\/02\\\/logo.png\",\"width\":300,\"height\":56,\"caption\":\"Remember Forever\"},\"image\":{\"@id\":\"https:\\\/\\\/www.rememberme-forever.com\\\/pl\\\/#\\\/schema\\\/logo\\\/image\\\/\"}}]}<\/script>\n<!-- \/ Yoast SEO plugin. -->","yoast_head_json":{"title":"Pi\u0119kna ceramiczna urna dla dziecka Dekoracyjna urna dla dziecka","robots":{"index":"index","follow":"follow","max-snippet":"max-snippet:-1","max-image-preview":"max-image-preview:large","max-video-preview":"max-video-preview:-1"},"canonical":"https:\/\/www.rememberme-forever.com\/pl\/produkt\/piekna-ceramiczna-urna-dla-dziecka-dekoracyjna-urna-dla-dziecka\/","og_locale":"pl_PL","og_type":"article","og_title":"Pi\u0119kna ceramiczna urna dla dziecka Dekoracyjna urna dla dziecka","og_description":"\u2611\ufe0f Jeste\u015bmy \u015bwiadomi kr\u00f3tkiego czasu na dostarczenie urny. Urn\u0119 zam\u00f3wion\u0105 do godz. 12.00 w dzie\u0144 roboczy wysy\u0142amy natychmiast.\u00a0","og_url":"https:\/\/www.rememberme-forever.com\/pl\/produkt\/piekna-ceramiczna-urna-dla-dziecka-dekoracyjna-urna-dla-dziecka\/","og_site_name":"Remember Forever","article_modified_time":"2026-02-02T12:20:12+00:00","og_image":[{"width":1007,"height":1024,"url":"http:\/\/www.rememberme-forever.com\/wp-content\/uploads\/2025\/04\/ceramic-urn-with-heart_00012plaque.jpg","type":"image\/jpeg"}],"twitter_card":"summary_large_image","twitter_misc":{"Szacowany czas czytania":"2 minuta"},"schema":{"@context":"https:\/\/schema.org","@graph":[{"@type":"WebPage","@id":"https:\/\/www.rememberme-forever.com\/pl\/produkt\/piekna-ceramiczna-urna-dla-dziecka-dekoracyjna-urna-dla-dziecka\/","url":"https:\/\/www.rememberme-forever.com\/pl\/produkt\/piekna-ceramiczna-urna-dla-dziecka-dekoracyjna-urna-dla-dziecka\/","name":"Pi\u0119kna ceramiczna urna dla dziecka Dekoracyjna urna dla dziecka","isPartOf":{"@id":"https:\/\/www.rememberme-forever.com\/pl\/#website"},"primaryImageOfPage":{"@id":"https:\/\/www.rememberme-forever.com\/pl\/produkt\/piekna-ceramiczna-urna-dla-dziecka-dekoracyjna-urna-dla-dziecka\/#primaryimage"},"image":{"@id":"https:\/\/www.rememberme-forever.com\/pl\/produkt\/piekna-ceramiczna-urna-dla-dziecka-dekoracyjna-urna-dla-dziecka\/#primaryimage"},"thumbnailUrl":"https:\/\/www.rememberme-forever.com\/wp-content\/uploads\/2025\/04\/ceramic-urn-with-heart_00012plaque.jpg","datePublished":"2025-04-16T09:57:51+00:00","dateModified":"2026-02-02T12:20:12+00:00","breadcrumb":{"@id":"https:\/\/www.rememberme-forever.com\/pl\/produkt\/piekna-ceramiczna-urna-dla-dziecka-dekoracyjna-urna-dla-dziecka\/#breadcrumb"},"inLanguage":"pl-PL","potentialAction":[{"@type":"ReadAction","target":["https:\/\/www.rememberme-forever.com\/pl\/produkt\/piekna-ceramiczna-urna-dla-dziecka-dekoracyjna-urna-dla-dziecka\/"]}]},{"@type":"ImageObject","inLanguage":"pl-PL","@id":"https:\/\/www.rememberme-forever.com\/pl\/produkt\/piekna-ceramiczna-urna-dla-dziecka-dekoracyjna-urna-dla-dziecka\/#primaryimage","url":"https:\/\/www.rememberme-forever.com\/wp-content\/uploads\/2025\/04\/ceramic-urn-with-heart_00012plaque.jpg","contentUrl":"https:\/\/www.rememberme-forever.com\/wp-content\/uploads\/2025\/04\/ceramic-urn-with-heart_00012plaque.jpg","width":1007,"height":1024},{"@type":"BreadcrumbList","@id":"https:\/\/www.rememberme-forever.com\/pl\/produkt\/piekna-ceramiczna-urna-dla-dziecka-dekoracyjna-urna-dla-dziecka\/#breadcrumb","itemListElement":[{"@type":"ListItem","position":1,"name":"Home","item":"https:\/\/www.rememberme-forever.com\/pl\/strona-glowna\/"},{"@type":"ListItem","position":2,"name":"Sklep","item":"https:\/\/www.rememberme-forever.com\/pl\/sklep-2\/"},{"@type":"ListItem","position":3,"name":"Pi\u0119kna ceramiczna urna dla dziecka Dekoracyjna urna dla dziecka"}]},{"@type":"WebSite","@id":"https:\/\/www.rememberme-forever.com\/pl\/#website","url":"https:\/\/www.rememberme-forever.com\/pl\/","name":"Remember Forever","description":"Cremation urns, funeral urns, urns for ashes","publisher":{"@id":"https:\/\/www.rememberme-forever.com\/pl\/#organization"},"potentialAction":[{"@type":"SearchAction","target":{"@type":"EntryPoint","urlTemplate":"https:\/\/www.rememberme-forever.com\/pl\/?s={search_term_string}"},"query-input":{"@type":"PropertyValueSpecification","valueRequired":true,"valueName":"search_term_string"}}],"inLanguage":"pl-PL"},{"@type":"Organization","@id":"https:\/\/www.rememberme-forever.com\/pl\/#organization","name":"Remember Forever","url":"https:\/\/www.rememberme-forever.com\/pl\/","logo":{"@type":"ImageObject","inLanguage":"pl-PL","@id":"https:\/\/www.rememberme-forever.com\/pl\/#\/schema\/logo\/image\/","url":"https:\/\/www.rememberme-forever.com\/wp-content\/uploads\/2023\/02\/logo.png","contentUrl":"https:\/\/www.rememberme-forever.com\/wp-content\/uploads\/2023\/02\/logo.png","width":300,"height":56,"caption":"Remember Forever"},"image":{"@id":"https:\/\/www.rememberme-forever.com\/pl\/#\/schema\/logo\/image\/"}}]}},"acf":[],"_links":{"self":[{"href":"https:\/\/www.rememberme-forever.com\/pl\/wp-json\/wp\/v2\/product\/16321","targetHints":{"allow":["GET"]}}],"collection":[{"href":"https:\/\/www.rememberme-forever.com\/pl\/wp-json\/wp\/v2\/product"}],"about":[{"href":"https:\/\/www.rememberme-forever.com\/pl\/wp-json\/wp\/v2\/types\/product"}],"wp:featuredmedia":[{"embeddable":true,"href":"https:\/\/www.rememberme-forever.com\/pl\/wp-json\/wp\/v2\/media\/16364"}],"wp:attachment":[{"href":"https:\/\/www.rememberme-forever.com\/pl\/wp-json\/wp\/v2\/media?parent=16321"}],"wp:term":[{"taxonomy":"product_brand","embeddable":true,"href":"https:\/\/www.rememberme-forever.com\/pl\/wp-json\/wp\/v2\/product_brand?post=16321"},{"taxonomy":"product_cat","embeddable":true,"href":"https:\/\/www.rememberme-forever.com\/pl\/wp-json\/wp\/v2\/product_cat?post=16321"},{"taxonomy":"product_tag","embeddable":true,"href":"https:\/\/www.rememberme-forever.com\/pl\/wp-json\/wp\/v2\/product_tag?post=16321"}],"curies":[{"name":"wp","href":"https:\/\/api.w.org\/{rel}","templated":true}]}}