{"id":16442,"date":"2025-05-13T11:10:56","date_gmt":"2025-05-13T09:10:56","guid":{"rendered":"https:\/\/www.rememberme-forever.com\/product\/dziecieca-urna-na-prochy-w-ksztalcie-kuli-ziemskiej\/"},"modified":"2025-12-03T11:39:43","modified_gmt":"2025-12-03T10:39:43","slug":"dziecieca-urna-na-prochy-w-ksztalcie-kuli-ziemskiej","status":"publish","type":"product","link":"https:\/\/www.rememberme-forever.com\/pl\/produkt\/dziecieca-urna-na-prochy-w-ksztalcie-kuli-ziemskiej\/","title":{"rendered":"Dzieci\u0119ca urna na prochy w kszta\u0142cie kuli ziemskiej"},"content":{"rendered":"<p class=\"\" style=\"text-align: center;\" data-start=\"108\" data-end=\"503\">Ta niezwyk\u0142a <strong data-start=\"121\" data-end=\"141\">urna dzieci\u0119ca<\/strong> <strong data-start=\"154\" data-end=\"172\">w kszta\u0142cie kuli<\/strong> <strong>ziemskiej<\/strong> to pi\u0119kny i g\u0142\u0119boko symboliczny spos\u00f3b na upami\u0119tnienie ma\u0142ej osoby, kt\u00f3ra swoj\u0105 obecno\u015bci\u0105 roz\u015bwietli\u0142a \u015bwiat bliskich. Idealny dla rodzic\u00f3w, kt\u00f3rzy chc\u0105 upami\u0119tni\u0107 dziecko odkrywaj\u0105ce \u015bwiat z dzieci\u0119c\u0105 ciekawo\u015bci\u0105 lub po prostu chc\u0105 wyrazi\u0107, jak wiele znaczy\u0142a jego obecno\u015b\u0107 na tej planecie.<\/p>\n<p class=\"\" style=\"text-align: center;\" data-start=\"505\" data-end=\"656\">Urna symbolizuje pozostawienie <strong data-start=\"522\" data-end=\"568\">ziemskich szcz\u0105tk\u00f3w na ziemi<\/strong>, podczas gdy <strong data-start=\"582\" data-end=\"618\">dusza dziecka wznosi si\u0119 ku niebu<\/strong> &#8211; lekko, z mi\u0142o\u015bci\u0105, w ca\u0142kowitym spokoju.<\/p>\n<div style=\"width: 100%; margin-bottom: 40px; height: max-content; padding-bottom: 60%; position: relative;\"><iframe style=\"position: absolute; top: 0; left: 0; width: 100%; height: 100%;\" src=\"https:\/\/rememberme-urns.com\/earth-shaped-child-urn\/\" frameborder=\"0\"><\/iframe><\/div>\n<div style=\"color: red; text-align: center; margin-bottom: 25px;\">&gt;&gt; Obrotowe zdj\u0119cie &#8211; dotknij\/zbli\u017c &lt;&lt;<\/div>\n<h3 class=\"\" style=\"text-align: center;\" data-start=\"658\" data-end=\"698\"><strong data-start=\"662\" data-end=\"696\">Dlaczego warto wybra\u0107 t\u0119 urn\u0119?<\/strong><\/h3>\n<ul style=\"text-align: center;\" data-start=\"700\" data-end=\"1601\">\n<li class=\"\" data-start=\"700\" data-end=\"935\">\n<p class=\"\" data-start=\"702\" data-end=\"935\"><strong data-start=\"702\" data-end=\"727\">Rzemios\u0142o artystyczne<\/strong> &#8211; ka\u017cda urna jest r\u0119cznie malowana przez artyst\u0119, dzi\u0119ki czemu ka\u017cdy egzemplarz jest wyj\u0105tkowy. Mog\u0105 wyst\u0119powa\u0107 drobne r\u00f3\u017cnice kolorystyczne, kt\u00f3re dodaj\u0105 jej autentyczno\u015bci i wyj\u0105tkowo\u015bci.<\/p>\n<\/li>\n<li class=\"\" data-start=\"936\" data-end=\"1089\">\n<p class=\"\" data-start=\"938\" data-end=\"1089\"><strong data-start=\"938\" data-end=\"964\">Bezpiecze\u0144stwo proch\u00f3w<\/strong> &#8211; Wewn\u0105trz znajduje si\u0119 stalowa kula, kt\u00f3ra <strong data-start=\"1009\" data-end=\"1041\">doskonale chroni prochy<\/strong>, nawet je\u015bli urna zostanie przypadkowo upuszczona.<\/p>\n<\/li>\n<li class=\"\" data-start=\"1090\" data-end=\"1252\">\n<p class=\"\" data-start=\"1092\" data-end=\"1252\"><strong data-start=\"1092\" data-end=\"1111\">Dyskretna forma<\/strong> &#8211; Urna <strong data-start=\"1119\" data-end=\"1166\">nie przypomina tradycyjnej urny kremacyjnej<\/strong>, co pozwala na zachowanie intymno\u015bci &#8211; o jej przeznaczeniu mog\u0105 wiedzie\u0107 tylko najbli\u017csi.<\/p>\n<\/li>\n<li class=\"\" data-start=\"1253\" data-end=\"1426\">\n<p class=\"\" data-start=\"1255\" data-end=\"1426\"><strong data-start=\"1255\" data-end=\"1285\">Pi\u0119kny element dekoracyjny<\/strong> &#8211; Dzi\u0119ki swojemu kszta\u0142towi i kolorystyce doskonale wpasowuje si\u0119 w ka\u017cde wn\u0119trze, staj\u0105c si\u0119 <strong data-start=\"1375\" data-end=\"1423\">symboliczn\u0105 ozdob\u0105 pe\u0142n\u0105 mi\u0142o\u015bci i refleksji<\/strong>.<\/p>\n<\/li>\n<li class=\"\" data-start=\"1427\" data-end=\"1601\">\n<p class=\"\" data-start=\"1429\" data-end=\"1601\"><strong data-start=\"1429\" data-end=\"1450\">G\u0142\u0119boka symbolika<\/strong> &#8211; globus przypomina nam, \u017ce \u017cycie, cho\u0107 kr\u00f3tkie, by\u0142o znacz\u0105ce i pozostawi\u0142o po sobie \u015blad. To wzruszaj\u0105cy spos\u00f3b na wyra\u017cenie pami\u0119ci i nadziei.<\/p>\n<\/li>\n<\/ul>\n<p class=\"\" style=\"text-align: center;\" data-start=\"1603\" data-end=\"1747\"><strong data-start=\"1603\" data-end=\"1641\">Urna dla dziecka w kszta\u0142cie ziemi<\/strong> to nie tylko miejsce spoczynku &#8211; to <strong data-start=\"1678\" data-end=\"1709\">czu\u0142y ho\u0142d dla ma\u0142ego \u017cycia<\/strong>, kt\u00f3re na zawsze pozostaje w naszych sercach.<\/p>\n<p class=\"\" style=\"text-align: center;\" data-start=\"1603\" data-end=\"1747\">Nale\u017cy pami\u0119ta\u0107, \u017ce nasz projekt urny w kszta\u0142cie Ziemi przedstawia uog\u00f3lnion\u0105 reprezentacj\u0119 kraj\u00f3w i wysp, maj\u0105c na celu symbolizowanie pi\u0119kna i wzajemnych powi\u0105za\u0144 naszej planety jako ca\u0142o\u015bci. Chocia\u017c mo\u017ce nie przedstawia\u0107 ka\u017cdego kontynentu lub wyspy, s\u0142u\u017cy jako przejmuj\u0105ce przypomnienie jedno\u015bci naszej globalnej spo\u0142eczno\u015bci i b\u0119dzie s\u0142u\u017cy\u0107 jako wspania\u0142e miejsce spoczynku dla ukochanej osoby, upami\u0119tniaj\u0105c jej \u017cycie i dziedzictwo<\/p>\n<p align=\"center\">\n<p align=\"center\">\n<p class=\"MsoNormal\" style=\"text-align: center;\" align=\"center\"><b>\u25ba PERSONALIZACJA <\/b><b>\u25c4<\/b><\/p>\n<p class=\"MsoNormal\" style=\"text-align: center;\" align=\"center\"><span lang=\"EN-US\">Je\u015bli wybierzesz spersonalizowan\u0105 tabliczk\u0119, wpisz tekst w odpowiednim miejscu lub wy\u015blij nam wiadomo\u015b\u0107.<\/span><\/p>\n<p class=\"MsoNormal\" style=\"text-align: center;\" align=\"center\"><span lang=\"EN-US\">Spersonalizowana tabliczka pami\u0105tkowa musi zosta\u0107 dostosowana podczas procesu zamawiania. (Nie martw si\u0119, je\u015bli zapomnisz, zawsze mo\u017cesz wys\u0142a\u0107 nam wiadomo\u015b\u0107 p\u00f3\u017aniej).<\/span><\/p>\n<p class=\"MsoNormal\" style=\"text-align: center;\" align=\"center\"><b><span lang=\"EN-US\">Ograniczenia tekstu s\u0105 nast\u0119puj\u0105ce:<\/span><\/b><\/p>\n<p class=\"MsoNormal\" style=\"text-align: center;\" align=\"center\">&#8211; Imi\u0119 (imiona) do 24 znak\u00f3w<\/p>\n<p class=\"MsoNormal\" style=\"text-align: center;\" align=\"center\"><span lang=\"EN-US\">&#8211; Data urodzenia i \u015bmierci do 24 znak\u00f3w<\/span><\/p>\n<p class=\"MsoNormal\" style=\"text-align: center;\" align=\"center\">&#8211; Trzeci wiersz do 24 znak\u00f3w<\/p>\n<p class=\"MsoNormal\" style=\"text-align: center;\" align=\"center\">&#8211; Czwarty wiersz do 24 znak\u00f3w<\/p>\n<p class=\"MsoNormal\" style=\"text-align: center;\" align=\"center\">&#8211; Pi\u0105ty wiersz do 24 znak\u00f3w<\/p>\n<p class=\"MsoNormal\" style=\"text-align: center;\" align=\"center\"><b><span lang=\"EN-US\">Prosimy o DOK\u0141ADNE SPRAWDZENIE tekstu grawerunku przed dodaniem produktu do koszyka. Kopiujemy i grawerujemy dok\u0142adnie te informacje, kt\u00f3re otrzymujemy wraz z zam\u00f3wieniem i nie wprowadzamy \u017cadnych zmian po naszej stronie.<\/span><\/b><\/p>\n<p class=\"MsoNormal\" style=\"text-align: center;\" align=\"center\"><span lang=\"EN-US\">Sprawd\u017a tekst, aby upewni\u0107 si\u0119, \u017ce pisownia jest poprawna.<\/span><\/p>\n<p class=\"MsoNormal\" style=\"text-align: center;\" align=\"center\"><b><span lang=\"EN-US\">NIE<\/span><\/b><span lang=\"EN-US\"> wprowadzaj informacji o grawerowaniu, je\u015bli kupujesz opcj\u0119 &#8222;Urna bez tabliczki&#8221;.<\/span><\/p>\n<p class=\"MsoNormal\" style=\"text-align: center;\" align=\"center\">\n","protected":false},"excerpt":{"rendered":"<p><b>\u2611\ufe0f <em style=\"color: red;\">Jeste\u015bmy \u015bwiadomi kr\u00f3tkiego czasu na dostarczenie urny. Urn\u0119 zam\u00f3wion\u0105 do godz. 12.00 w dzie\u0144 roboczy wysy\u0142amy natychmiast.\u00a0<\/em><\/b><\/p>\n","protected":false},"featured_media":16445,"template":"","meta":{"_acf_changed":false},"product_brand":[2398],"product_cat":[89],"product_tag":[],"class_list":{"0":"post-16442","1":"product","2":"type-product","3":"status-publish","4":"has-post-thumbnail","6":"product_brand-remember-forever-pl","7":"product_cat-urny-dzieciece","8":"product_shipping_class-wood-urns-pl","10":"first","11":"instock","12":"taxable","13":"shipping-taxable","14":"purchasable","15":"product-type-simple"},"yoast_head":"<!-- This site is optimized with the Yoast SEO plugin v27.4 - https:\/\/yoast.com\/product\/yoast-seo-wordpress\/ -->\n<title>Dzieci\u0119ca urna na prochy w kszta\u0142cie kuli ziemskiej<\/title>\n<meta name=\"robots\" content=\"index, follow, max-snippet:-1, max-image-preview:large, max-video-preview:-1\" \/>\n<link rel=\"canonical\" href=\"https:\/\/www.rememberme-forever.com\/pl\/produkt\/dziecieca-urna-na-prochy-w-ksztalcie-kuli-ziemskiej\/\" \/>\n<meta property=\"og:locale\" content=\"pl_PL\" \/>\n<meta property=\"og:type\" content=\"article\" \/>\n<meta property=\"og:title\" content=\"Dzieci\u0119ca urna na prochy w kszta\u0142cie kuli ziemskiej\" \/>\n<meta property=\"og:description\" content=\"\u2611\ufe0f Jeste\u015bmy \u015bwiadomi kr\u00f3tkiego czasu na dostarczenie urny. Urn\u0119 zam\u00f3wion\u0105 do godz. 12.00 w dzie\u0144 roboczy wysy\u0142amy natychmiast.\u00a0\" \/>\n<meta property=\"og:url\" content=\"https:\/\/www.rememberme-forever.com\/pl\/produkt\/dziecieca-urna-na-prochy-w-ksztalcie-kuli-ziemskiej\/\" \/>\n<meta property=\"og:site_name\" content=\"Remember Forever\" \/>\n<meta property=\"article:modified_time\" content=\"2025-12-03T10:39:43+00:00\" \/>\n<meta property=\"og:image\" content=\"http:\/\/www.rememberme-forever.com\/wp-content\/uploads\/2025\/05\/earth-child-urn_0001.jpg\" \/>\n\t<meta property=\"og:image:width\" content=\"1007\" \/>\n\t<meta property=\"og:image:height\" content=\"1024\" \/>\n\t<meta property=\"og:image:type\" content=\"image\/jpeg\" \/>\n<meta name=\"twitter:card\" content=\"summary_large_image\" \/>\n<meta name=\"twitter:label1\" content=\"Szacowany czas czytania\" \/>\n\t<meta name=\"twitter:data1\" content=\"2 minuta\" \/>\n<script type=\"application\/ld+json\" class=\"yoast-schema-graph\">{\"@context\":\"https:\\\/\\\/schema.org\",\"@graph\":[{\"@type\":\"WebPage\",\"@id\":\"https:\\\/\\\/www.rememberme-forever.com\\\/pl\\\/produkt\\\/dziecieca-urna-na-prochy-w-ksztalcie-kuli-ziemskiej\\\/\",\"url\":\"https:\\\/\\\/www.rememberme-forever.com\\\/pl\\\/produkt\\\/dziecieca-urna-na-prochy-w-ksztalcie-kuli-ziemskiej\\\/\",\"name\":\"Dzieci\u0119ca urna na prochy w kszta\u0142cie kuli ziemskiej\",\"isPartOf\":{\"@id\":\"https:\\\/\\\/www.rememberme-forever.com\\\/pl\\\/#website\"},\"primaryImageOfPage\":{\"@id\":\"https:\\\/\\\/www.rememberme-forever.com\\\/pl\\\/produkt\\\/dziecieca-urna-na-prochy-w-ksztalcie-kuli-ziemskiej\\\/#primaryimage\"},\"image\":{\"@id\":\"https:\\\/\\\/www.rememberme-forever.com\\\/pl\\\/produkt\\\/dziecieca-urna-na-prochy-w-ksztalcie-kuli-ziemskiej\\\/#primaryimage\"},\"thumbnailUrl\":\"https:\\\/\\\/www.rememberme-forever.com\\\/wp-content\\\/uploads\\\/2025\\\/05\\\/earth-child-urn_0001.jpg\",\"datePublished\":\"2025-05-13T09:10:56+00:00\",\"dateModified\":\"2025-12-03T10:39:43+00:00\",\"breadcrumb\":{\"@id\":\"https:\\\/\\\/www.rememberme-forever.com\\\/pl\\\/produkt\\\/dziecieca-urna-na-prochy-w-ksztalcie-kuli-ziemskiej\\\/#breadcrumb\"},\"inLanguage\":\"pl-PL\",\"potentialAction\":[{\"@type\":\"ReadAction\",\"target\":[\"https:\\\/\\\/www.rememberme-forever.com\\\/pl\\\/produkt\\\/dziecieca-urna-na-prochy-w-ksztalcie-kuli-ziemskiej\\\/\"]}]},{\"@type\":\"ImageObject\",\"inLanguage\":\"pl-PL\",\"@id\":\"https:\\\/\\\/www.rememberme-forever.com\\\/pl\\\/produkt\\\/dziecieca-urna-na-prochy-w-ksztalcie-kuli-ziemskiej\\\/#primaryimage\",\"url\":\"https:\\\/\\\/www.rememberme-forever.com\\\/wp-content\\\/uploads\\\/2025\\\/05\\\/earth-child-urn_0001.jpg\",\"contentUrl\":\"https:\\\/\\\/www.rememberme-forever.com\\\/wp-content\\\/uploads\\\/2025\\\/05\\\/earth-child-urn_0001.jpg\",\"width\":1007,\"height\":1024,\"caption\":\"earth child urn\"},{\"@type\":\"BreadcrumbList\",\"@id\":\"https:\\\/\\\/www.rememberme-forever.com\\\/pl\\\/produkt\\\/dziecieca-urna-na-prochy-w-ksztalcie-kuli-ziemskiej\\\/#breadcrumb\",\"itemListElement\":[{\"@type\":\"ListItem\",\"position\":1,\"name\":\"Home\",\"item\":\"https:\\\/\\\/www.rememberme-forever.com\\\/pl\\\/strona-glowna\\\/\"},{\"@type\":\"ListItem\",\"position\":2,\"name\":\"Sklep\",\"item\":\"https:\\\/\\\/www.rememberme-forever.com\\\/pl\\\/sklep-2\\\/\"},{\"@type\":\"ListItem\",\"position\":3,\"name\":\"Dzieci\u0119ca urna na prochy w kszta\u0142cie kuli ziemskiej\"}]},{\"@type\":\"WebSite\",\"@id\":\"https:\\\/\\\/www.rememberme-forever.com\\\/pl\\\/#website\",\"url\":\"https:\\\/\\\/www.rememberme-forever.com\\\/pl\\\/\",\"name\":\"Remember Forever\",\"description\":\"Cremation urns, funeral urns, urns for ashes\",\"publisher\":{\"@id\":\"https:\\\/\\\/www.rememberme-forever.com\\\/pl\\\/#organization\"},\"potentialAction\":[{\"@type\":\"SearchAction\",\"target\":{\"@type\":\"EntryPoint\",\"urlTemplate\":\"https:\\\/\\\/www.rememberme-forever.com\\\/pl\\\/?s={search_term_string}\"},\"query-input\":{\"@type\":\"PropertyValueSpecification\",\"valueRequired\":true,\"valueName\":\"search_term_string\"}}],\"inLanguage\":\"pl-PL\"},{\"@type\":\"Organization\",\"@id\":\"https:\\\/\\\/www.rememberme-forever.com\\\/pl\\\/#organization\",\"name\":\"Remember Forever\",\"url\":\"https:\\\/\\\/www.rememberme-forever.com\\\/pl\\\/\",\"logo\":{\"@type\":\"ImageObject\",\"inLanguage\":\"pl-PL\",\"@id\":\"https:\\\/\\\/www.rememberme-forever.com\\\/pl\\\/#\\\/schema\\\/logo\\\/image\\\/\",\"url\":\"https:\\\/\\\/www.rememberme-forever.com\\\/wp-content\\\/uploads\\\/2023\\\/02\\\/logo.png\",\"contentUrl\":\"https:\\\/\\\/www.rememberme-forever.com\\\/wp-content\\\/uploads\\\/2023\\\/02\\\/logo.png\",\"width\":300,\"height\":56,\"caption\":\"Remember Forever\"},\"image\":{\"@id\":\"https:\\\/\\\/www.rememberme-forever.com\\\/pl\\\/#\\\/schema\\\/logo\\\/image\\\/\"}}]}<\/script>\n<!-- \/ Yoast SEO plugin. -->","yoast_head_json":{"title":"Dzieci\u0119ca urna na prochy w kszta\u0142cie kuli ziemskiej","robots":{"index":"index","follow":"follow","max-snippet":"max-snippet:-1","max-image-preview":"max-image-preview:large","max-video-preview":"max-video-preview:-1"},"canonical":"https:\/\/www.rememberme-forever.com\/pl\/produkt\/dziecieca-urna-na-prochy-w-ksztalcie-kuli-ziemskiej\/","og_locale":"pl_PL","og_type":"article","og_title":"Dzieci\u0119ca urna na prochy w kszta\u0142cie kuli ziemskiej","og_description":"\u2611\ufe0f Jeste\u015bmy \u015bwiadomi kr\u00f3tkiego czasu na dostarczenie urny. Urn\u0119 zam\u00f3wion\u0105 do godz. 12.00 w dzie\u0144 roboczy wysy\u0142amy natychmiast.\u00a0","og_url":"https:\/\/www.rememberme-forever.com\/pl\/produkt\/dziecieca-urna-na-prochy-w-ksztalcie-kuli-ziemskiej\/","og_site_name":"Remember Forever","article_modified_time":"2025-12-03T10:39:43+00:00","og_image":[{"width":1007,"height":1024,"url":"http:\/\/www.rememberme-forever.com\/wp-content\/uploads\/2025\/05\/earth-child-urn_0001.jpg","type":"image\/jpeg"}],"twitter_card":"summary_large_image","twitter_misc":{"Szacowany czas czytania":"2 minuta"},"schema":{"@context":"https:\/\/schema.org","@graph":[{"@type":"WebPage","@id":"https:\/\/www.rememberme-forever.com\/pl\/produkt\/dziecieca-urna-na-prochy-w-ksztalcie-kuli-ziemskiej\/","url":"https:\/\/www.rememberme-forever.com\/pl\/produkt\/dziecieca-urna-na-prochy-w-ksztalcie-kuli-ziemskiej\/","name":"Dzieci\u0119ca urna na prochy w kszta\u0142cie kuli ziemskiej","isPartOf":{"@id":"https:\/\/www.rememberme-forever.com\/pl\/#website"},"primaryImageOfPage":{"@id":"https:\/\/www.rememberme-forever.com\/pl\/produkt\/dziecieca-urna-na-prochy-w-ksztalcie-kuli-ziemskiej\/#primaryimage"},"image":{"@id":"https:\/\/www.rememberme-forever.com\/pl\/produkt\/dziecieca-urna-na-prochy-w-ksztalcie-kuli-ziemskiej\/#primaryimage"},"thumbnailUrl":"https:\/\/www.rememberme-forever.com\/wp-content\/uploads\/2025\/05\/earth-child-urn_0001.jpg","datePublished":"2025-05-13T09:10:56+00:00","dateModified":"2025-12-03T10:39:43+00:00","breadcrumb":{"@id":"https:\/\/www.rememberme-forever.com\/pl\/produkt\/dziecieca-urna-na-prochy-w-ksztalcie-kuli-ziemskiej\/#breadcrumb"},"inLanguage":"pl-PL","potentialAction":[{"@type":"ReadAction","target":["https:\/\/www.rememberme-forever.com\/pl\/produkt\/dziecieca-urna-na-prochy-w-ksztalcie-kuli-ziemskiej\/"]}]},{"@type":"ImageObject","inLanguage":"pl-PL","@id":"https:\/\/www.rememberme-forever.com\/pl\/produkt\/dziecieca-urna-na-prochy-w-ksztalcie-kuli-ziemskiej\/#primaryimage","url":"https:\/\/www.rememberme-forever.com\/wp-content\/uploads\/2025\/05\/earth-child-urn_0001.jpg","contentUrl":"https:\/\/www.rememberme-forever.com\/wp-content\/uploads\/2025\/05\/earth-child-urn_0001.jpg","width":1007,"height":1024,"caption":"earth child urn"},{"@type":"BreadcrumbList","@id":"https:\/\/www.rememberme-forever.com\/pl\/produkt\/dziecieca-urna-na-prochy-w-ksztalcie-kuli-ziemskiej\/#breadcrumb","itemListElement":[{"@type":"ListItem","position":1,"name":"Home","item":"https:\/\/www.rememberme-forever.com\/pl\/strona-glowna\/"},{"@type":"ListItem","position":2,"name":"Sklep","item":"https:\/\/www.rememberme-forever.com\/pl\/sklep-2\/"},{"@type":"ListItem","position":3,"name":"Dzieci\u0119ca urna na prochy w kszta\u0142cie kuli ziemskiej"}]},{"@type":"WebSite","@id":"https:\/\/www.rememberme-forever.com\/pl\/#website","url":"https:\/\/www.rememberme-forever.com\/pl\/","name":"Remember Forever","description":"Cremation urns, funeral urns, urns for ashes","publisher":{"@id":"https:\/\/www.rememberme-forever.com\/pl\/#organization"},"potentialAction":[{"@type":"SearchAction","target":{"@type":"EntryPoint","urlTemplate":"https:\/\/www.rememberme-forever.com\/pl\/?s={search_term_string}"},"query-input":{"@type":"PropertyValueSpecification","valueRequired":true,"valueName":"search_term_string"}}],"inLanguage":"pl-PL"},{"@type":"Organization","@id":"https:\/\/www.rememberme-forever.com\/pl\/#organization","name":"Remember Forever","url":"https:\/\/www.rememberme-forever.com\/pl\/","logo":{"@type":"ImageObject","inLanguage":"pl-PL","@id":"https:\/\/www.rememberme-forever.com\/pl\/#\/schema\/logo\/image\/","url":"https:\/\/www.rememberme-forever.com\/wp-content\/uploads\/2023\/02\/logo.png","contentUrl":"https:\/\/www.rememberme-forever.com\/wp-content\/uploads\/2023\/02\/logo.png","width":300,"height":56,"caption":"Remember Forever"},"image":{"@id":"https:\/\/www.rememberme-forever.com\/pl\/#\/schema\/logo\/image\/"}}]}},"acf":[],"_links":{"self":[{"href":"https:\/\/www.rememberme-forever.com\/pl\/wp-json\/wp\/v2\/product\/16442","targetHints":{"allow":["GET"]}}],"collection":[{"href":"https:\/\/www.rememberme-forever.com\/pl\/wp-json\/wp\/v2\/product"}],"about":[{"href":"https:\/\/www.rememberme-forever.com\/pl\/wp-json\/wp\/v2\/types\/product"}],"wp:featuredmedia":[{"embeddable":true,"href":"https:\/\/www.rememberme-forever.com\/pl\/wp-json\/wp\/v2\/media\/16445"}],"wp:attachment":[{"href":"https:\/\/www.rememberme-forever.com\/pl\/wp-json\/wp\/v2\/media?parent=16442"}],"wp:term":[{"taxonomy":"product_brand","embeddable":true,"href":"https:\/\/www.rememberme-forever.com\/pl\/wp-json\/wp\/v2\/product_brand?post=16442"},{"taxonomy":"product_cat","embeddable":true,"href":"https:\/\/www.rememberme-forever.com\/pl\/wp-json\/wp\/v2\/product_cat?post=16442"},{"taxonomy":"product_tag","embeddable":true,"href":"https:\/\/www.rememberme-forever.com\/pl\/wp-json\/wp\/v2\/product_tag?post=16442"}],"curies":[{"name":"wp","href":"https:\/\/api.w.org\/{rel}","templated":true}]}}