{"id":16792,"date":"2025-06-06T10:47:22","date_gmt":"2025-06-06T08:47:22","guid":{"rendered":"https:\/\/www.rememberme-forever.com\/product\/zestaw-urna-kremacyjna-i-kapsula\/"},"modified":"2026-02-02T13:18:35","modified_gmt":"2026-02-02T12:18:35","slug":"zestaw-urna-kremacyjna-i-kapsula","status":"publish","type":"product","link":"https:\/\/www.rememberme-forever.com\/pl\/produkt\/zestaw-urna-kremacyjna-i-kapsula\/","title":{"rendered":"Zestaw urna kremacyjna i kapsu\u0142a"},"content":{"rendered":"<section class=\"section\">\n<div class=\"item item-12\">\n<section class=\"text-item\">\n<p style=\"text-align: center;\" data-start=\"56\" data-end=\"326\"><span style=\"color: #000000;\">Szukasz <strong data-start=\"70\" data-end=\"115\">bezpiecznej i niezawodnej opcji poch\u00f3wku urny<\/strong>? Ten zestaw jest idealnym wyborem. W jego sk\u0142ad wchodzi <strong data-start=\"165\" data-end=\"186\">trwa\u0142a metalowa urna<\/strong> i <b>ochronna nisza,<\/b>\u00a0zaprojektowane specjalnie w celu ochrony urny przed trudnymi warunkami pogodowymi i ci\u0119\u017carem otaczaj\u0105cej gleby.<\/span><\/p>\n<p style=\"text-align: center;\" data-start=\"328\" data-end=\"586\"><span style=\"color: #000000;\">Jak to dzia\u0142a? Wystarczy umie\u015bci\u0107 urn\u0119 w pojemniku, gdzie b\u0119dzie chroniona przed wilgoci\u0105 i potencjalnymi uszkodzeniami. Nisza zapewnia wyj\u0105tkow\u0105 trwa\u0142o\u015b\u0107 i spok\u00f3j ducha, zapewniaj\u0105c, \u017ce prochy ukochanej osoby b\u0119d\u0105 bezpiecznie przechowywane przez wiele lat.<\/span><\/p>\n<p style=\"text-align: center;\" data-start=\"588\" data-end=\"764\" data-is-last-node=\"\" data-is-only-node=\"\"><span style=\"color: #000000;\">Zestaw ten zapewnia <strong data-start=\"608\" data-end=\"641\">praktyczne i solidne rozwi\u0105zanie<\/strong> do poch\u00f3wku w ziemi, daj\u0105c pewno\u015b\u0107, \u017ce urna pozostanie bezpieczna i pe\u0142na szacunku, honoruj\u0105c pami\u0119\u0107 ukochanej osoby.<\/span><\/p>\n<div style=\"width: 100%; margin-bottom: 40px; height: max-content; padding-bottom: 60%; position: relative;\"><iframe style=\"position: absolute; top: 0; left: 0; width: 100%; height: 100%;\" src=\"https:\/\/rememberme-urns.com\/capsule-for-a-funeral-urn\/\" frameborder=\"0\"><\/iframe><\/div>\n<div style=\"color: red; text-align: center; margin-bottom: 25px;\">&gt;&gt; Obrotowe zdj\u0119cie &#8211; dotknij\/zbli\u017c &lt;&lt;<\/div>\n<h2 style=\"text-align: center;\"><strong style=\"font-size: 14px;\"><span style=\"color: #000000;\">NISZA<\/span><\/strong><\/h2>\n<p style=\"text-align: center;\"><span style=\"color: #000000;\">Pojemnik wykonany z tworzywa ABS przeznaczony do poch\u00f3wku urn w ziemi lub w grobie. Pojemnik jest odporny na warunki atmosferyczne i nie rozk\u0142ada si\u0119 w glebie.<\/span><\/p>\n<p style=\"text-align: center;\"><span style=\"color: #000000;\">G\u0142\u00f3wnym zadaniem pojemnika jest ochrona urny przed bezpo\u015brednim kontaktem z ziemi\u0105 i naciskiem gleby.<\/span><\/p>\n<p style=\"text-align: center;\"><strong><span style=\"color: #000000;\">Do uszczelnienia g\u00f3rnej pokrywy zaleca si\u0119 u\u017cycie kleju lub silikonu.<\/span><\/strong><\/p>\n<p style=\"text-align: center;\"><strong><span style=\"color: #000000;\">\u00a0<\/span><\/strong><\/p>\n<p style=\"text-align: center;\"><strong><span style=\"color: #000000;\">ZESTAW<\/span><\/strong><\/p>\n<p style=\"text-align: center;\"><span style=\"color: #000000;\">Wybieraj\u0105c ten zestaw, otrzymasz:<\/span><\/p>\n<ul>\n<li style=\"text-align: center;\"><span style=\"color: #000000;\">Urn\u0119 idealnie dopasowan\u0105 do kapsu\u0142y.<\/span><\/li>\n<li style=\"text-align: center;\"><span style=\"color: #000000;\">Solidny pojemnik do poch\u00f3wku urny.<\/span><\/li>\n<li style=\"text-align: center;\"><span style=\"color: #000000;\">Pewno\u015b\u0107, \u017ce wszystko b\u0119dzie idealnie do siebie pasowa\u0107.<\/span><\/li>\n<li style=\"text-align: center;\"><span style=\"color: #000000;\">Oszcz\u0119dno\u015b\u0107 czasu i koszt\u00f3w.<\/span><\/li>\n<li style=\"text-align: center;\"><span style=\"color: #000000;\">Unikni\u0119cie ryzyka zakupu zbyt ma\u0142ego pojemnika.<\/span><\/li>\n<\/ul>\n<p style=\"text-align: center;\"><span style=\"color: #000000;\">&#8212;&#8212;&#8212;&#8212;&#8212;&#8212;&#8212;&#8212;&#8212;&#8212;&#8211;<\/span><\/p>\n<p style=\"text-align: center;\"><span style=\"color: #000000;\">SZCZEG\u00d3\u0141Y PRODUKTU \u25c4.<\/span><\/p>\n<p style=\"text-align: center;\"><span style=\"color: #000000;\">NISZA:<\/span><\/p>\n<ul>\n<li style=\"text-align: center;\"><span style=\"font-size: 14px; color: #000000; font-family: Arial;\">Rozmiar: Wysoko\u015b\u0107: <span class=\"result-height-cm\">31,5<\/span> cm, Szeroko\u015b\u0107: <span class=\"result-width-cm\">20<\/span> cm, G\u0142\u0119boko\u015b\u0107: <span class=\"result-depth-cm\">20<\/span> cm<\/span><\/li>\n<li style=\"text-align: center;\"><span style=\"color: #000000;\">Pojemno\u015b\u0107: <span class=\"result-capacity-liters\">8,2 l<\/span>\/<\/span><\/li>\n<li style=\"text-align: center;\"><span style=\"color: #000000;\">Waga: <span class=\"result-weight-kg\">0,5 kg<\/span><\/span><\/li>\n<li style=\"text-align: center;\"><span style=\"color: #000000;\">Materia\u0142: <span class=\"result-material\">ABS<\/span><\/span><\/li>\n<\/ul>\n<p>&nbsp;<\/p>\n<p style=\"text-align: center;\">URNA:<\/p>\n<ul>\n<li style=\"text-align: center;\"><span style=\"color: #000000;\">Rozmiar: 20 cm (g\u0142\u0119b.) x 30 cm (wys.)<\/span><\/li>\n<li style=\"text-align: center;\"><span style=\"color: #000000;\">Pojemno\u015b\u0107: 3,8 litra\u00a0<\/span><\/li>\n<li style=\"text-align: center;\"><span style=\"color: #000000;\">Waga: 1 kg<\/span><\/li>\n<li style=\"text-align: center;\"><span style=\"color: #000000;\">Materia\u0142: Metal<\/span><\/li>\n<li style=\"text-align: center;\"><span style=\"color: #000000;\">Odpowiedni dla masy cia\u0142a oko\u0142o104 kg<\/span><\/li>\n<\/ul>\n<\/section>\n<\/div>\n<\/section>\n<p>&nbsp;<\/p>\n<p style=\"text-align: center;\">\u25ba PERSONALIZACJA \u25c4<\/p>\n<p>&nbsp;<\/p>\n<div style=\"text-align: center;\">Grawerowana plakietka na nisz\u0119.<\/div>\n<div style=\"text-align: center;\">Grawerowana plakietka musi zosta\u0107 spersonalizowana podczas sk\u0142adania zam\u00f3wienia. (Nie panikuj, je\u015bli tego nie zrobisz, poniewa\u017c zawsze mo\u017cesz wys\u0142a\u0107 nam wiadomo\u015b\u0107 po z\u0142o\u017ceniu zam\u00f3wienia).<\/div>\n<div style=\"text-align: center;\">Je\u015bli wybierzesz spersonalizowan\u0105 tabliczk\u0119, prze\u015blij tekst w sekcji &#8222;Uwaga od kupuj\u0105cego&#8221; podczas p\u0142atno\u015bci.<\/div>\n<p>&nbsp;<\/p>\n<p style=\"text-align: center;\"><b>Ograniczenia dotycz\u0105ce tekstu s\u0105 nast\u0119puj\u0105ce:<\/b><\/p>\n<ul>\n<li style=\"text-align: center;\">Imi\u0119 (imiona): Do 24 znak\u00f3w<\/li>\n<li style=\"text-align: center;\">Data urodzenia i \u015bmierci: Do 24 znak\u00f3w<\/li>\n<li style=\"text-align: center;\">Trzecia linia: Do 24 znak\u00f3w<\/li>\n<li style=\"text-align: center;\">Czwarta linia: Do 24 znak\u00f3w<\/li>\n<li style=\"text-align: center;\">Pi\u0105ty wiersz: Do 24 znak\u00f3w<\/li>\n<\/ul>\n<p style=\"text-align: center;\"><b>Prosimy o dok\u0142adne SPRAWDZENIE tekstu do grawerowania przed dodaniem produktu do koszyka. Kopiujemy i grawerujemy dok\u0142adne informacje, kt\u00f3re otrzymujemy wraz z zam\u00f3wieniem i nie wprowadzamy \u017cadnych zmian. <\/b><\/p>\n<p style=\"text-align: center;\">Sprawd\u017a tekst, aby upewni\u0107 si\u0119, \u017ce wszystkie pisownie s\u0105 poprawne.<\/p>\n<p style=\"text-align: center;\">NIE wprowadzaj spersonalizowanych informacji, je\u015bli kupujesz opcj\u0119 &#8222;Urna bez plakietki&#8221;.<\/p>\n","protected":false},"excerpt":{"rendered":"<p><b>\u2611\ufe0f <em style=\"color: red;\">Jeste\u015bmy \u015bwiadomi kr\u00f3tkiego czasu na dostarczenie urny. Urn\u0119 zam\u00f3wion\u0105 do godz. 12.00 w dzie\u0144 roboczy wysy\u0142amy natychmiast.\u00a0<\/em><\/b><\/p>\n","protected":false},"featured_media":16800,"template":"","meta":{"_acf_changed":false},"product_brand":[2398],"product_cat":[1758],"product_tag":[3360],"class_list":{"0":"post-16792","1":"product","2":"type-product","3":"status-publish","4":"has-post-thumbnail","6":"product_brand-remember-forever-pl","7":"product_cat-urna-nisza","8":"product_tag-gpsr-set-vault-various-urns","9":"product_shipping_class-art-urns-kule-do20cm-pl","11":"first","12":"instock","13":"taxable","14":"shipping-taxable","15":"purchasable","16":"product-type-variable"},"yoast_head":"<!-- This site is optimized with the Yoast SEO plugin v27.4 - https:\/\/yoast.com\/product\/yoast-seo-wordpress\/ -->\n<title>Zestaw urna kremacyjna i kapsu\u0142a - Remember Forever<\/title>\n<meta name=\"robots\" content=\"index, follow, max-snippet:-1, max-image-preview:large, max-video-preview:-1\" \/>\n<link rel=\"canonical\" href=\"https:\/\/www.rememberme-forever.com\/pl\/produkt\/zestaw-urna-kremacyjna-i-kapsula\/\" \/>\n<meta property=\"og:locale\" content=\"pl_PL\" \/>\n<meta property=\"og:type\" content=\"article\" \/>\n<meta property=\"og:title\" content=\"Zestaw urna kremacyjna i kapsu\u0142a - Remember Forever\" \/>\n<meta property=\"og:description\" content=\"\u2611\ufe0f Jeste\u015bmy \u015bwiadomi kr\u00f3tkiego czasu na dostarczenie urny. Urn\u0119 zam\u00f3wion\u0105 do godz. 12.00 w dzie\u0144 roboczy wysy\u0142amy natychmiast.\u00a0\" \/>\n<meta property=\"og:url\" content=\"https:\/\/www.rememberme-forever.com\/pl\/produkt\/zestaw-urna-kremacyjna-i-kapsula\/\" \/>\n<meta property=\"og:site_name\" content=\"Remember Forever\" \/>\n<meta property=\"article:modified_time\" content=\"2026-02-02T12:18:35+00:00\" \/>\n<meta property=\"og:image\" content=\"http:\/\/www.rememberme-forever.com\/wp-content\/uploads\/2025\/06\/vault-3dprint-m71b-cross-plaque.jpg\" \/>\n\t<meta property=\"og:image:width\" content=\"1007\" \/>\n\t<meta property=\"og:image:height\" content=\"1024\" \/>\n\t<meta property=\"og:image:type\" content=\"image\/jpeg\" \/>\n<meta name=\"twitter:card\" content=\"summary_large_image\" \/>\n<meta name=\"twitter:label1\" content=\"Szacowany czas czytania\" \/>\n\t<meta name=\"twitter:data1\" content=\"2 minuta\" \/>\n<script type=\"application\/ld+json\" class=\"yoast-schema-graph\">{\"@context\":\"https:\\\/\\\/schema.org\",\"@graph\":[{\"@type\":\"WebPage\",\"@id\":\"https:\\\/\\\/www.rememberme-forever.com\\\/pl\\\/produkt\\\/zestaw-urna-kremacyjna-i-kapsula\\\/\",\"url\":\"https:\\\/\\\/www.rememberme-forever.com\\\/pl\\\/produkt\\\/zestaw-urna-kremacyjna-i-kapsula\\\/\",\"name\":\"Zestaw urna kremacyjna i kapsu\u0142a - Remember Forever\",\"isPartOf\":{\"@id\":\"https:\\\/\\\/www.rememberme-forever.com\\\/pl\\\/#website\"},\"primaryImageOfPage\":{\"@id\":\"https:\\\/\\\/www.rememberme-forever.com\\\/pl\\\/produkt\\\/zestaw-urna-kremacyjna-i-kapsula\\\/#primaryimage\"},\"image\":{\"@id\":\"https:\\\/\\\/www.rememberme-forever.com\\\/pl\\\/produkt\\\/zestaw-urna-kremacyjna-i-kapsula\\\/#primaryimage\"},\"thumbnailUrl\":\"https:\\\/\\\/www.rememberme-forever.com\\\/wp-content\\\/uploads\\\/2025\\\/06\\\/vault-3dprint-m71b-cross-plaque.jpg\",\"datePublished\":\"2025-06-06T08:47:22+00:00\",\"dateModified\":\"2026-02-02T12:18:35+00:00\",\"breadcrumb\":{\"@id\":\"https:\\\/\\\/www.rememberme-forever.com\\\/pl\\\/produkt\\\/zestaw-urna-kremacyjna-i-kapsula\\\/#breadcrumb\"},\"inLanguage\":\"pl-PL\",\"potentialAction\":[{\"@type\":\"ReadAction\",\"target\":[\"https:\\\/\\\/www.rememberme-forever.com\\\/pl\\\/produkt\\\/zestaw-urna-kremacyjna-i-kapsula\\\/\"]}]},{\"@type\":\"ImageObject\",\"inLanguage\":\"pl-PL\",\"@id\":\"https:\\\/\\\/www.rememberme-forever.com\\\/pl\\\/produkt\\\/zestaw-urna-kremacyjna-i-kapsula\\\/#primaryimage\",\"url\":\"https:\\\/\\\/www.rememberme-forever.com\\\/wp-content\\\/uploads\\\/2025\\\/06\\\/vault-3dprint-m71b-cross-plaque.jpg\",\"contentUrl\":\"https:\\\/\\\/www.rememberme-forever.com\\\/wp-content\\\/uploads\\\/2025\\\/06\\\/vault-3dprint-m71b-cross-plaque.jpg\",\"width\":1007,\"height\":1024,\"caption\":\"Set of cremation urn and vault\"},{\"@type\":\"BreadcrumbList\",\"@id\":\"https:\\\/\\\/www.rememberme-forever.com\\\/pl\\\/produkt\\\/zestaw-urna-kremacyjna-i-kapsula\\\/#breadcrumb\",\"itemListElement\":[{\"@type\":\"ListItem\",\"position\":1,\"name\":\"Home\",\"item\":\"https:\\\/\\\/www.rememberme-forever.com\\\/pl\\\/strona-glowna\\\/\"},{\"@type\":\"ListItem\",\"position\":2,\"name\":\"Sklep\",\"item\":\"https:\\\/\\\/www.rememberme-forever.com\\\/pl\\\/sklep-2\\\/\"},{\"@type\":\"ListItem\",\"position\":3,\"name\":\"Zestaw urna kremacyjna i kapsu\u0142a\"}]},{\"@type\":\"WebSite\",\"@id\":\"https:\\\/\\\/www.rememberme-forever.com\\\/pl\\\/#website\",\"url\":\"https:\\\/\\\/www.rememberme-forever.com\\\/pl\\\/\",\"name\":\"Remember Forever\",\"description\":\"Cremation urns, funeral urns, urns for ashes\",\"publisher\":{\"@id\":\"https:\\\/\\\/www.rememberme-forever.com\\\/pl\\\/#organization\"},\"potentialAction\":[{\"@type\":\"SearchAction\",\"target\":{\"@type\":\"EntryPoint\",\"urlTemplate\":\"https:\\\/\\\/www.rememberme-forever.com\\\/pl\\\/?s={search_term_string}\"},\"query-input\":{\"@type\":\"PropertyValueSpecification\",\"valueRequired\":true,\"valueName\":\"search_term_string\"}}],\"inLanguage\":\"pl-PL\"},{\"@type\":\"Organization\",\"@id\":\"https:\\\/\\\/www.rememberme-forever.com\\\/pl\\\/#organization\",\"name\":\"Remember Forever\",\"url\":\"https:\\\/\\\/www.rememberme-forever.com\\\/pl\\\/\",\"logo\":{\"@type\":\"ImageObject\",\"inLanguage\":\"pl-PL\",\"@id\":\"https:\\\/\\\/www.rememberme-forever.com\\\/pl\\\/#\\\/schema\\\/logo\\\/image\\\/\",\"url\":\"https:\\\/\\\/www.rememberme-forever.com\\\/wp-content\\\/uploads\\\/2023\\\/02\\\/logo.png\",\"contentUrl\":\"https:\\\/\\\/www.rememberme-forever.com\\\/wp-content\\\/uploads\\\/2023\\\/02\\\/logo.png\",\"width\":300,\"height\":56,\"caption\":\"Remember Forever\"},\"image\":{\"@id\":\"https:\\\/\\\/www.rememberme-forever.com\\\/pl\\\/#\\\/schema\\\/logo\\\/image\\\/\"}}]}<\/script>\n<!-- \/ Yoast SEO plugin. -->","yoast_head_json":{"title":"Zestaw urna kremacyjna i kapsu\u0142a - Remember Forever","robots":{"index":"index","follow":"follow","max-snippet":"max-snippet:-1","max-image-preview":"max-image-preview:large","max-video-preview":"max-video-preview:-1"},"canonical":"https:\/\/www.rememberme-forever.com\/pl\/produkt\/zestaw-urna-kremacyjna-i-kapsula\/","og_locale":"pl_PL","og_type":"article","og_title":"Zestaw urna kremacyjna i kapsu\u0142a - Remember Forever","og_description":"\u2611\ufe0f Jeste\u015bmy \u015bwiadomi kr\u00f3tkiego czasu na dostarczenie urny. Urn\u0119 zam\u00f3wion\u0105 do godz. 12.00 w dzie\u0144 roboczy wysy\u0142amy natychmiast.\u00a0","og_url":"https:\/\/www.rememberme-forever.com\/pl\/produkt\/zestaw-urna-kremacyjna-i-kapsula\/","og_site_name":"Remember Forever","article_modified_time":"2026-02-02T12:18:35+00:00","og_image":[{"width":1007,"height":1024,"url":"http:\/\/www.rememberme-forever.com\/wp-content\/uploads\/2025\/06\/vault-3dprint-m71b-cross-plaque.jpg","type":"image\/jpeg"}],"twitter_card":"summary_large_image","twitter_misc":{"Szacowany czas czytania":"2 minuta"},"schema":{"@context":"https:\/\/schema.org","@graph":[{"@type":"WebPage","@id":"https:\/\/www.rememberme-forever.com\/pl\/produkt\/zestaw-urna-kremacyjna-i-kapsula\/","url":"https:\/\/www.rememberme-forever.com\/pl\/produkt\/zestaw-urna-kremacyjna-i-kapsula\/","name":"Zestaw urna kremacyjna i kapsu\u0142a - Remember Forever","isPartOf":{"@id":"https:\/\/www.rememberme-forever.com\/pl\/#website"},"primaryImageOfPage":{"@id":"https:\/\/www.rememberme-forever.com\/pl\/produkt\/zestaw-urna-kremacyjna-i-kapsula\/#primaryimage"},"image":{"@id":"https:\/\/www.rememberme-forever.com\/pl\/produkt\/zestaw-urna-kremacyjna-i-kapsula\/#primaryimage"},"thumbnailUrl":"https:\/\/www.rememberme-forever.com\/wp-content\/uploads\/2025\/06\/vault-3dprint-m71b-cross-plaque.jpg","datePublished":"2025-06-06T08:47:22+00:00","dateModified":"2026-02-02T12:18:35+00:00","breadcrumb":{"@id":"https:\/\/www.rememberme-forever.com\/pl\/produkt\/zestaw-urna-kremacyjna-i-kapsula\/#breadcrumb"},"inLanguage":"pl-PL","potentialAction":[{"@type":"ReadAction","target":["https:\/\/www.rememberme-forever.com\/pl\/produkt\/zestaw-urna-kremacyjna-i-kapsula\/"]}]},{"@type":"ImageObject","inLanguage":"pl-PL","@id":"https:\/\/www.rememberme-forever.com\/pl\/produkt\/zestaw-urna-kremacyjna-i-kapsula\/#primaryimage","url":"https:\/\/www.rememberme-forever.com\/wp-content\/uploads\/2025\/06\/vault-3dprint-m71b-cross-plaque.jpg","contentUrl":"https:\/\/www.rememberme-forever.com\/wp-content\/uploads\/2025\/06\/vault-3dprint-m71b-cross-plaque.jpg","width":1007,"height":1024,"caption":"Set of cremation urn and vault"},{"@type":"BreadcrumbList","@id":"https:\/\/www.rememberme-forever.com\/pl\/produkt\/zestaw-urna-kremacyjna-i-kapsula\/#breadcrumb","itemListElement":[{"@type":"ListItem","position":1,"name":"Home","item":"https:\/\/www.rememberme-forever.com\/pl\/strona-glowna\/"},{"@type":"ListItem","position":2,"name":"Sklep","item":"https:\/\/www.rememberme-forever.com\/pl\/sklep-2\/"},{"@type":"ListItem","position":3,"name":"Zestaw urna kremacyjna i kapsu\u0142a"}]},{"@type":"WebSite","@id":"https:\/\/www.rememberme-forever.com\/pl\/#website","url":"https:\/\/www.rememberme-forever.com\/pl\/","name":"Remember Forever","description":"Cremation urns, funeral urns, urns for ashes","publisher":{"@id":"https:\/\/www.rememberme-forever.com\/pl\/#organization"},"potentialAction":[{"@type":"SearchAction","target":{"@type":"EntryPoint","urlTemplate":"https:\/\/www.rememberme-forever.com\/pl\/?s={search_term_string}"},"query-input":{"@type":"PropertyValueSpecification","valueRequired":true,"valueName":"search_term_string"}}],"inLanguage":"pl-PL"},{"@type":"Organization","@id":"https:\/\/www.rememberme-forever.com\/pl\/#organization","name":"Remember Forever","url":"https:\/\/www.rememberme-forever.com\/pl\/","logo":{"@type":"ImageObject","inLanguage":"pl-PL","@id":"https:\/\/www.rememberme-forever.com\/pl\/#\/schema\/logo\/image\/","url":"https:\/\/www.rememberme-forever.com\/wp-content\/uploads\/2023\/02\/logo.png","contentUrl":"https:\/\/www.rememberme-forever.com\/wp-content\/uploads\/2023\/02\/logo.png","width":300,"height":56,"caption":"Remember Forever"},"image":{"@id":"https:\/\/www.rememberme-forever.com\/pl\/#\/schema\/logo\/image\/"}}]}},"acf":[],"_links":{"self":[{"href":"https:\/\/www.rememberme-forever.com\/pl\/wp-json\/wp\/v2\/product\/16792","targetHints":{"allow":["GET"]}}],"collection":[{"href":"https:\/\/www.rememberme-forever.com\/pl\/wp-json\/wp\/v2\/product"}],"about":[{"href":"https:\/\/www.rememberme-forever.com\/pl\/wp-json\/wp\/v2\/types\/product"}],"wp:featuredmedia":[{"embeddable":true,"href":"https:\/\/www.rememberme-forever.com\/pl\/wp-json\/wp\/v2\/media\/16800"}],"wp:attachment":[{"href":"https:\/\/www.rememberme-forever.com\/pl\/wp-json\/wp\/v2\/media?parent=16792"}],"wp:term":[{"taxonomy":"product_brand","embeddable":true,"href":"https:\/\/www.rememberme-forever.com\/pl\/wp-json\/wp\/v2\/product_brand?post=16792"},{"taxonomy":"product_cat","embeddable":true,"href":"https:\/\/www.rememberme-forever.com\/pl\/wp-json\/wp\/v2\/product_cat?post=16792"},{"taxonomy":"product_tag","embeddable":true,"href":"https:\/\/www.rememberme-forever.com\/pl\/wp-json\/wp\/v2\/product_tag?post=16792"}],"curies":[{"name":"wp","href":"https:\/\/api.w.org\/{rel}","templated":true}]}}