{"id":16948,"date":"2025-06-12T13:43:57","date_gmt":"2025-06-12T11:43:57","guid":{"rendered":"https:\/\/www.rememberme-forever.com\/product\/recznie-wykonana-ceramiczna-urna-na-prochy-artystyczna-urna-kremacyjna\/"},"modified":"2026-02-02T13:16:43","modified_gmt":"2026-02-02T12:16:43","slug":"recznie-wykonana-ceramiczna-urna-na-prochy-artystyczna-urna-kremacyjna","status":"publish","type":"product","link":"https:\/\/www.rememberme-forever.com\/pl\/produkt\/recznie-wykonana-ceramiczna-urna-na-prochy-artystyczna-urna-kremacyjna\/","title":{"rendered":"R\u0119cznie wykonana ceramiczna urna na prochy Artystyczna urna kremacyjna"},"content":{"rendered":"<div style=\"text-indent: 0px; text-align: center;\">\n<p data-start=\"84\" data-end=\"338\">Szukasz urny, kt\u00f3ra b\u0119dzie naprawd\u0119 wyj\u0105tkowa i pe\u0142na charakteru? Ta <strong data-start=\"153\" data-end=\"182\">ceramiczna urna na prochy<\/strong>, wykonana <strong data-start=\"193\" data-end=\"204\">r\u0119cznie<\/strong> i ozdobiona delikatnym <strong data-start=\"228\" data-end=\"241\">sznurkiem<\/strong>, to doskona\u0142y wyb\u00f3r dla os\u00f3b, kt\u00f3re chc\u0105 uczci\u0107 pami\u0119\u0107 bliskiej osoby w niepowtarzalny spos\u00f3b.<\/p>\n<p data-start=\"340\" data-end=\"565\">Ka\u017cda urna jest <strong data-start=\"356\" data-end=\"368\">unikalna<\/strong> \u2013 r\u0119czne wykonanie sprawia, \u017ce egzemplarze mog\u0105 si\u0119 delikatnie r\u00f3\u017cni\u0107 odcieniem koloru czy kszta\u0142tem. Dzi\u0119ki temu masz pewno\u015b\u0107, \u017ce urna b\u0119dzie jedyna w swoim rodzaju.<\/p>\n<p data-start=\"567\" data-end=\"758\">Aby wykorzysta\u0107 pe\u0142n\u0105 pojemno\u015b\u0107, wystarczy wsypa\u0107 prochy do plastikowego worka i umie\u015bci\u0107 go w urnie. Dla bezpiecze\u0144stwa po zamkni\u0119ciu urny zalecamy jej <strong data-start=\"720\" data-end=\"755\">zaklejenie klejem lub silikonem<\/strong>.<\/p>\n<p data-start=\"760\" data-end=\"991\">Dodatkowo oferujemy <strong data-start=\"780\" data-end=\"813\">opcj\u0119 z grawerowan\u0105 plakietk\u0105<\/strong>, na kt\u00f3rej mo\u017cesz umie\u015bci\u0107 imi\u0119, daty lub osobiste przes\u0142anie. Plakietka umieszczona jest osobno na <strong data-start=\"914\" data-end=\"948\">eleganckiej podstawce z pleksy<\/strong>, co dodaje urnie wyj\u0105tkowego charakteru.<\/p>\n<p data-start=\"993\" data-end=\"1086\" data-is-last-node=\"\" data-is-only-node=\"\">To nie tylko urna, ale <strong data-start=\"1016\" data-end=\"1037\">osobista pami\u0105tka<\/strong>, kt\u00f3ra pomo\u017ce Ci zachowa\u0107 wspomnienia na zawsze.<\/p>\n<\/div>\n<div style=\"width: 100%; margin-bottom: 40px; height: max-content; padding-bottom: 60%; position: relative;\"><iframe style=\"position: absolute; top: 0; left: 0; width: 100%; height: 100%;\" src=\"https:\/\/rememberme-urns.com\/black-ceramic-urn-for-adult\/\" frameborder=\"0\"><\/iframe><\/div>\n<div style=\"color: red; text-align: center; margin-bottom: 25px;\">&gt;&gt; Obrotowe zdj\u0119cie &#8211; dotknij\/zbli\u017c &lt;&lt;<\/div>\n<p class=\"MsoNormal\" style=\"text-align: center;\" align=\"center\"><span style=\"color: #000000;\"><b>\u25ba PERSONALIZACJA <\/b><b>\u25c4<\/b><\/span><\/p>\n<p class=\"MsoNormal\" style=\"text-align: center;\" align=\"center\"><span style=\"color: #000000;\"><span lang=\"EN-US\">Je\u015bli wybierzesz spersonalizowan\u0105 tabliczk\u0119, wpisz tekst w odpowiednim miejscu lub wy\u015blij nam wiadomo\u015b\u0107.<\/span><\/span><\/p>\n<p class=\"MsoNormal\" style=\"text-align: center;\" align=\"center\"><span style=\"color: #000000;\"><span lang=\"EN-US\">Spersonalizowana tabliczka pami\u0105tkowa musi zosta\u0107 dostosowana podczas procesu zamawiania. (Nie martw si\u0119, je\u015bli zapomnisz, zawsze mo\u017cesz wys\u0142a\u0107 nam wiadomo\u015b\u0107 p\u00f3\u017aniej).<\/span><\/span><\/p>\n<p class=\"MsoNormal\" style=\"text-align: center;\" align=\"center\"><span style=\"color: #000000;\"><b><span lang=\"EN-US\">Ograniczenia tekstu s\u0105 nast\u0119puj\u0105ce:<\/span><\/b><\/span><\/p>\n<p class=\"MsoNormal\" style=\"text-align: center;\" align=\"center\"><span style=\"color: #000000;\">&#8211; Imi\u0119 (imiona) do 24 znak\u00f3w<\/span><\/p>\n<p class=\"MsoNormal\" style=\"text-align: center;\" align=\"center\"><span style=\"color: #000000;\"><span lang=\"EN-US\">&#8211; Data urodzenia i \u015bmierci do 24 znak\u00f3w<\/span><\/span><\/p>\n<p class=\"MsoNormal\" style=\"text-align: center;\" align=\"center\"><span style=\"color: #000000;\">&#8211; Trzeci wiersz do 24 znak\u00f3w<\/span><\/p>\n<p class=\"MsoNormal\" style=\"text-align: center;\" align=\"center\"><span style=\"color: #000000;\">&#8211; Czwarty wiersz do 24 znak\u00f3w<\/span><\/p>\n<p class=\"MsoNormal\" style=\"text-align: center;\" align=\"center\"><span style=\"color: #000000;\">&#8211; Pi\u0105ty wiersz do 24 znak\u00f3w<\/span><\/p>\n<p class=\"MsoNormal\" style=\"text-align: center;\" align=\"center\"><span style=\"color: #000000;\"><b><span lang=\"EN-US\">Prosimy o DWUKROTNE SPRAWDZENIE tekstu grawerunku przed dodaniem produktu do koszyka.\u00a0<\/span><\/b><\/span><\/p>\n<p class=\"MsoNormal\" style=\"text-align: center;\" align=\"center\"><span style=\"color: #000000;\"><b><span lang=\"EN-US\">Kopiujemy i grawerujemy dok\u0142adnie te informacje, kt\u00f3re otrzymujemy wraz z zam\u00f3wieniem i nie wprowadzamy \u017cadnych zmian po naszej stronie.<\/span><\/b><\/span><\/p>\n<p class=\"MsoNormal\" style=\"text-align: center;\" align=\"center\"><span style=\"color: #000000;\"><span lang=\"EN-US\">Sprawd\u017a tekst, aby upewni\u0107 si\u0119, \u017ce pisownia jest poprawna.<\/span><\/span><\/p>\n<p class=\"MsoNormal\" style=\"text-align: center;\" align=\"center\"><span style=\"color: #000000;\"><b><span lang=\"EN-US\">NIE<\/span><\/b><span lang=\"EN-US\"> wprowadzaj informacji o grawerowaniu, je\u015bli kupujesz opcj\u0119 &#8222;Urna bez tabliczki&#8221;.<\/span><\/span><\/p>\n<p style=\"text-align: center;\"><strong><em><span style=\"color: #000000;\">Tablica pami\u0105tkowa zostanie dodana osobno wraz ze stojakiem, jak na zdj\u0119ciu.<\/span><\/em><\/strong><\/p>\n<p class=\"MsoNormal\" style=\"text-align: center;\" align=\"center\"><span style=\"color: #000000;\"><strong><em>(Stojak na tablic\u0119 pami\u0105tkow\u0105 jest wykonany z przezroczystego pleksiglasu<\/em><\/strong>). <\/span><\/p>\n","protected":false},"excerpt":{"rendered":"<p><b>\u2611\ufe0f <em style=\"color: red;\">Jeste\u015bmy \u015bwiadomi kr\u00f3tkiego czasu na dostarczenie urny. Urn\u0119 zam\u00f3wion\u0105 do godz. 12.00 w dzie\u0144 roboczy wysy\u0142amy natychmiast.\u00a0<\/em><\/b><\/p>\n","protected":false},"featured_media":16905,"template":"","meta":{"_acf_changed":false},"product_brand":[2398],"product_cat":[78,83],"product_tag":[3313],"class_list":{"0":"post-16948","1":"product","2":"type-product","3":"status-publish","4":"has-post-thumbnail","6":"product_brand-remember-forever-pl","7":"product_cat-urny-artystyczne","8":"product_cat-urny-ceramiczne","9":"product_tag-gpsr-ceramic-urns","10":"product_shipping_class-art-urns-kule-do20cm-pl","12":"first","13":"instock","14":"taxable","15":"shipping-taxable","16":"purchasable","17":"product-type-simple"},"yoast_head":"<!-- This site is optimized with the Yoast SEO plugin v27.4 - https:\/\/yoast.com\/product\/yoast-seo-wordpress\/ -->\n<title>R\u0119cznie wykonana ceramiczna urna na prochy Artystyczna urna kremacyjna - Remember Forever<\/title>\n<meta name=\"robots\" content=\"index, follow, max-snippet:-1, max-image-preview:large, max-video-preview:-1\" \/>\n<link rel=\"canonical\" href=\"https:\/\/www.rememberme-forever.com\/pl\/produkt\/recznie-wykonana-ceramiczna-urna-na-prochy-artystyczna-urna-kremacyjna\/\" \/>\n<meta property=\"og:locale\" content=\"pl_PL\" \/>\n<meta property=\"og:type\" content=\"article\" \/>\n<meta property=\"og:title\" content=\"R\u0119cznie wykonana ceramiczna urna na prochy Artystyczna urna kremacyjna - Remember Forever\" \/>\n<meta property=\"og:description\" content=\"\u2611\ufe0f Jeste\u015bmy \u015bwiadomi kr\u00f3tkiego czasu na dostarczenie urny. Urn\u0119 zam\u00f3wion\u0105 do godz. 12.00 w dzie\u0144 roboczy wysy\u0142amy natychmiast.\u00a0\" \/>\n<meta property=\"og:url\" content=\"https:\/\/www.rememberme-forever.com\/pl\/produkt\/recznie-wykonana-ceramiczna-urna-na-prochy-artystyczna-urna-kremacyjna\/\" \/>\n<meta property=\"og:site_name\" content=\"Remember Forever\" \/>\n<meta property=\"article:modified_time\" content=\"2026-02-02T12:16:43+00:00\" \/>\n<meta property=\"og:image\" content=\"http:\/\/www.rememberme-forever.com\/wp-content\/uploads\/2025\/06\/ceramic-handmade-urn_0001-plaque.jpg\" \/>\n\t<meta property=\"og:image:width\" content=\"1007\" \/>\n\t<meta property=\"og:image:height\" content=\"1024\" \/>\n\t<meta property=\"og:image:type\" content=\"image\/jpeg\" \/>\n<meta name=\"twitter:card\" content=\"summary_large_image\" \/>\n<meta name=\"twitter:label1\" content=\"Szacowany czas czytania\" \/>\n\t<meta name=\"twitter:data1\" content=\"2 minuta\" \/>\n<script type=\"application\/ld+json\" class=\"yoast-schema-graph\">{\"@context\":\"https:\\\/\\\/schema.org\",\"@graph\":[{\"@type\":\"WebPage\",\"@id\":\"https:\\\/\\\/www.rememberme-forever.com\\\/pl\\\/produkt\\\/recznie-wykonana-ceramiczna-urna-na-prochy-artystyczna-urna-kremacyjna\\\/\",\"url\":\"https:\\\/\\\/www.rememberme-forever.com\\\/pl\\\/produkt\\\/recznie-wykonana-ceramiczna-urna-na-prochy-artystyczna-urna-kremacyjna\\\/\",\"name\":\"R\u0119cznie wykonana ceramiczna urna na prochy Artystyczna urna kremacyjna - Remember Forever\",\"isPartOf\":{\"@id\":\"https:\\\/\\\/www.rememberme-forever.com\\\/pl\\\/#website\"},\"primaryImageOfPage\":{\"@id\":\"https:\\\/\\\/www.rememberme-forever.com\\\/pl\\\/produkt\\\/recznie-wykonana-ceramiczna-urna-na-prochy-artystyczna-urna-kremacyjna\\\/#primaryimage\"},\"image\":{\"@id\":\"https:\\\/\\\/www.rememberme-forever.com\\\/pl\\\/produkt\\\/recznie-wykonana-ceramiczna-urna-na-prochy-artystyczna-urna-kremacyjna\\\/#primaryimage\"},\"thumbnailUrl\":\"https:\\\/\\\/www.rememberme-forever.com\\\/wp-content\\\/uploads\\\/2025\\\/06\\\/ceramic-handmade-urn_0001-plaque.jpg\",\"datePublished\":\"2025-06-12T11:43:57+00:00\",\"dateModified\":\"2026-02-02T12:16:43+00:00\",\"breadcrumb\":{\"@id\":\"https:\\\/\\\/www.rememberme-forever.com\\\/pl\\\/produkt\\\/recznie-wykonana-ceramiczna-urna-na-prochy-artystyczna-urna-kremacyjna\\\/#breadcrumb\"},\"inLanguage\":\"pl-PL\",\"potentialAction\":[{\"@type\":\"ReadAction\",\"target\":[\"https:\\\/\\\/www.rememberme-forever.com\\\/pl\\\/produkt\\\/recznie-wykonana-ceramiczna-urna-na-prochy-artystyczna-urna-kremacyjna\\\/\"]}]},{\"@type\":\"ImageObject\",\"inLanguage\":\"pl-PL\",\"@id\":\"https:\\\/\\\/www.rememberme-forever.com\\\/pl\\\/produkt\\\/recznie-wykonana-ceramiczna-urna-na-prochy-artystyczna-urna-kremacyjna\\\/#primaryimage\",\"url\":\"https:\\\/\\\/www.rememberme-forever.com\\\/wp-content\\\/uploads\\\/2025\\\/06\\\/ceramic-handmade-urn_0001-plaque.jpg\",\"contentUrl\":\"https:\\\/\\\/www.rememberme-forever.com\\\/wp-content\\\/uploads\\\/2025\\\/06\\\/ceramic-handmade-urn_0001-plaque.jpg\",\"width\":1007,\"height\":1024,\"caption\":\"Handmade ceramic urn for ashes Artistic cremation urn\"},{\"@type\":\"BreadcrumbList\",\"@id\":\"https:\\\/\\\/www.rememberme-forever.com\\\/pl\\\/produkt\\\/recznie-wykonana-ceramiczna-urna-na-prochy-artystyczna-urna-kremacyjna\\\/#breadcrumb\",\"itemListElement\":[{\"@type\":\"ListItem\",\"position\":1,\"name\":\"Home\",\"item\":\"https:\\\/\\\/www.rememberme-forever.com\\\/pl\\\/strona-glowna\\\/\"},{\"@type\":\"ListItem\",\"position\":2,\"name\":\"Sklep\",\"item\":\"https:\\\/\\\/www.rememberme-forever.com\\\/pl\\\/sklep-2\\\/\"},{\"@type\":\"ListItem\",\"position\":3,\"name\":\"R\u0119cznie wykonana ceramiczna urna na prochy Artystyczna urna kremacyjna\"}]},{\"@type\":\"WebSite\",\"@id\":\"https:\\\/\\\/www.rememberme-forever.com\\\/pl\\\/#website\",\"url\":\"https:\\\/\\\/www.rememberme-forever.com\\\/pl\\\/\",\"name\":\"Remember Forever\",\"description\":\"Cremation urns, funeral urns, urns for ashes\",\"publisher\":{\"@id\":\"https:\\\/\\\/www.rememberme-forever.com\\\/pl\\\/#organization\"},\"potentialAction\":[{\"@type\":\"SearchAction\",\"target\":{\"@type\":\"EntryPoint\",\"urlTemplate\":\"https:\\\/\\\/www.rememberme-forever.com\\\/pl\\\/?s={search_term_string}\"},\"query-input\":{\"@type\":\"PropertyValueSpecification\",\"valueRequired\":true,\"valueName\":\"search_term_string\"}}],\"inLanguage\":\"pl-PL\"},{\"@type\":\"Organization\",\"@id\":\"https:\\\/\\\/www.rememberme-forever.com\\\/pl\\\/#organization\",\"name\":\"Remember Forever\",\"url\":\"https:\\\/\\\/www.rememberme-forever.com\\\/pl\\\/\",\"logo\":{\"@type\":\"ImageObject\",\"inLanguage\":\"pl-PL\",\"@id\":\"https:\\\/\\\/www.rememberme-forever.com\\\/pl\\\/#\\\/schema\\\/logo\\\/image\\\/\",\"url\":\"https:\\\/\\\/www.rememberme-forever.com\\\/wp-content\\\/uploads\\\/2023\\\/02\\\/logo.png\",\"contentUrl\":\"https:\\\/\\\/www.rememberme-forever.com\\\/wp-content\\\/uploads\\\/2023\\\/02\\\/logo.png\",\"width\":300,\"height\":56,\"caption\":\"Remember Forever\"},\"image\":{\"@id\":\"https:\\\/\\\/www.rememberme-forever.com\\\/pl\\\/#\\\/schema\\\/logo\\\/image\\\/\"}}]}<\/script>\n<!-- \/ Yoast SEO plugin. -->","yoast_head_json":{"title":"R\u0119cznie wykonana ceramiczna urna na prochy Artystyczna urna kremacyjna - Remember Forever","robots":{"index":"index","follow":"follow","max-snippet":"max-snippet:-1","max-image-preview":"max-image-preview:large","max-video-preview":"max-video-preview:-1"},"canonical":"https:\/\/www.rememberme-forever.com\/pl\/produkt\/recznie-wykonana-ceramiczna-urna-na-prochy-artystyczna-urna-kremacyjna\/","og_locale":"pl_PL","og_type":"article","og_title":"R\u0119cznie wykonana ceramiczna urna na prochy Artystyczna urna kremacyjna - Remember Forever","og_description":"\u2611\ufe0f Jeste\u015bmy \u015bwiadomi kr\u00f3tkiego czasu na dostarczenie urny. Urn\u0119 zam\u00f3wion\u0105 do godz. 12.00 w dzie\u0144 roboczy wysy\u0142amy natychmiast.\u00a0","og_url":"https:\/\/www.rememberme-forever.com\/pl\/produkt\/recznie-wykonana-ceramiczna-urna-na-prochy-artystyczna-urna-kremacyjna\/","og_site_name":"Remember Forever","article_modified_time":"2026-02-02T12:16:43+00:00","og_image":[{"width":1007,"height":1024,"url":"http:\/\/www.rememberme-forever.com\/wp-content\/uploads\/2025\/06\/ceramic-handmade-urn_0001-plaque.jpg","type":"image\/jpeg"}],"twitter_card":"summary_large_image","twitter_misc":{"Szacowany czas czytania":"2 minuta"},"schema":{"@context":"https:\/\/schema.org","@graph":[{"@type":"WebPage","@id":"https:\/\/www.rememberme-forever.com\/pl\/produkt\/recznie-wykonana-ceramiczna-urna-na-prochy-artystyczna-urna-kremacyjna\/","url":"https:\/\/www.rememberme-forever.com\/pl\/produkt\/recznie-wykonana-ceramiczna-urna-na-prochy-artystyczna-urna-kremacyjna\/","name":"R\u0119cznie wykonana ceramiczna urna na prochy Artystyczna urna kremacyjna - Remember Forever","isPartOf":{"@id":"https:\/\/www.rememberme-forever.com\/pl\/#website"},"primaryImageOfPage":{"@id":"https:\/\/www.rememberme-forever.com\/pl\/produkt\/recznie-wykonana-ceramiczna-urna-na-prochy-artystyczna-urna-kremacyjna\/#primaryimage"},"image":{"@id":"https:\/\/www.rememberme-forever.com\/pl\/produkt\/recznie-wykonana-ceramiczna-urna-na-prochy-artystyczna-urna-kremacyjna\/#primaryimage"},"thumbnailUrl":"https:\/\/www.rememberme-forever.com\/wp-content\/uploads\/2025\/06\/ceramic-handmade-urn_0001-plaque.jpg","datePublished":"2025-06-12T11:43:57+00:00","dateModified":"2026-02-02T12:16:43+00:00","breadcrumb":{"@id":"https:\/\/www.rememberme-forever.com\/pl\/produkt\/recznie-wykonana-ceramiczna-urna-na-prochy-artystyczna-urna-kremacyjna\/#breadcrumb"},"inLanguage":"pl-PL","potentialAction":[{"@type":"ReadAction","target":["https:\/\/www.rememberme-forever.com\/pl\/produkt\/recznie-wykonana-ceramiczna-urna-na-prochy-artystyczna-urna-kremacyjna\/"]}]},{"@type":"ImageObject","inLanguage":"pl-PL","@id":"https:\/\/www.rememberme-forever.com\/pl\/produkt\/recznie-wykonana-ceramiczna-urna-na-prochy-artystyczna-urna-kremacyjna\/#primaryimage","url":"https:\/\/www.rememberme-forever.com\/wp-content\/uploads\/2025\/06\/ceramic-handmade-urn_0001-plaque.jpg","contentUrl":"https:\/\/www.rememberme-forever.com\/wp-content\/uploads\/2025\/06\/ceramic-handmade-urn_0001-plaque.jpg","width":1007,"height":1024,"caption":"Handmade ceramic urn for ashes Artistic cremation urn"},{"@type":"BreadcrumbList","@id":"https:\/\/www.rememberme-forever.com\/pl\/produkt\/recznie-wykonana-ceramiczna-urna-na-prochy-artystyczna-urna-kremacyjna\/#breadcrumb","itemListElement":[{"@type":"ListItem","position":1,"name":"Home","item":"https:\/\/www.rememberme-forever.com\/pl\/strona-glowna\/"},{"@type":"ListItem","position":2,"name":"Sklep","item":"https:\/\/www.rememberme-forever.com\/pl\/sklep-2\/"},{"@type":"ListItem","position":3,"name":"R\u0119cznie wykonana ceramiczna urna na prochy Artystyczna urna kremacyjna"}]},{"@type":"WebSite","@id":"https:\/\/www.rememberme-forever.com\/pl\/#website","url":"https:\/\/www.rememberme-forever.com\/pl\/","name":"Remember Forever","description":"Cremation urns, funeral urns, urns for ashes","publisher":{"@id":"https:\/\/www.rememberme-forever.com\/pl\/#organization"},"potentialAction":[{"@type":"SearchAction","target":{"@type":"EntryPoint","urlTemplate":"https:\/\/www.rememberme-forever.com\/pl\/?s={search_term_string}"},"query-input":{"@type":"PropertyValueSpecification","valueRequired":true,"valueName":"search_term_string"}}],"inLanguage":"pl-PL"},{"@type":"Organization","@id":"https:\/\/www.rememberme-forever.com\/pl\/#organization","name":"Remember Forever","url":"https:\/\/www.rememberme-forever.com\/pl\/","logo":{"@type":"ImageObject","inLanguage":"pl-PL","@id":"https:\/\/www.rememberme-forever.com\/pl\/#\/schema\/logo\/image\/","url":"https:\/\/www.rememberme-forever.com\/wp-content\/uploads\/2023\/02\/logo.png","contentUrl":"https:\/\/www.rememberme-forever.com\/wp-content\/uploads\/2023\/02\/logo.png","width":300,"height":56,"caption":"Remember Forever"},"image":{"@id":"https:\/\/www.rememberme-forever.com\/pl\/#\/schema\/logo\/image\/"}}]}},"acf":[],"_links":{"self":[{"href":"https:\/\/www.rememberme-forever.com\/pl\/wp-json\/wp\/v2\/product\/16948","targetHints":{"allow":["GET"]}}],"collection":[{"href":"https:\/\/www.rememberme-forever.com\/pl\/wp-json\/wp\/v2\/product"}],"about":[{"href":"https:\/\/www.rememberme-forever.com\/pl\/wp-json\/wp\/v2\/types\/product"}],"wp:featuredmedia":[{"embeddable":true,"href":"https:\/\/www.rememberme-forever.com\/pl\/wp-json\/wp\/v2\/media\/16905"}],"wp:attachment":[{"href":"https:\/\/www.rememberme-forever.com\/pl\/wp-json\/wp\/v2\/media?parent=16948"}],"wp:term":[{"taxonomy":"product_brand","embeddable":true,"href":"https:\/\/www.rememberme-forever.com\/pl\/wp-json\/wp\/v2\/product_brand?post=16948"},{"taxonomy":"product_cat","embeddable":true,"href":"https:\/\/www.rememberme-forever.com\/pl\/wp-json\/wp\/v2\/product_cat?post=16948"},{"taxonomy":"product_tag","embeddable":true,"href":"https:\/\/www.rememberme-forever.com\/pl\/wp-json\/wp\/v2\/product_tag?post=16948"}],"curies":[{"name":"wp","href":"https:\/\/api.w.org\/{rel}","templated":true}]}}