{"id":17160,"date":"2025-06-26T13:03:24","date_gmt":"2025-06-26T11:03:24","guid":{"rendered":"https:\/\/www.rememberme-forever.com\/product\/urna-z-motywem-hokejowym-urna-kremacyjna-dla-hokeisty-lub-kibica\/"},"modified":"2026-02-18T14:46:42","modified_gmt":"2026-02-18T13:46:42","slug":"urna-z-motywem-hokejowym-urna-kremacyjna-dla-hokeisty-lub-kibica","status":"publish","type":"product","link":"https:\/\/www.rememberme-forever.com\/pl\/produkt\/urna-z-motywem-hokejowym-urna-kremacyjna-dla-hokeisty-lub-kibica\/","title":{"rendered":"Urna z motywem hokejowym. Urna kremacyjna dla hokeisty lub kibica"},"content":{"rendered":"<div style=\"text-align: center;\"><\/div>\n<div style=\"text-align: center;\">\n<p data-start=\"71\" data-end=\"369\"><span style=\"color: #000000;\">Ta nowoczesna urna w formie pude\u0142ka zosta\u0142a zaprojektowana z my\u015bl\u0105 o pasjonatach hokeja \u2013 tych, kt\u00f3rzy \u017cyli z determinacj\u0105, si\u0142\u0105 i zespo\u0142owym duchem. Wykonana z trwa\u0142ej <strong data-start=\"240\" data-end=\"261\">stali nierdzewnej<\/strong> i zwie\u0144czona eleganckim <strong data-start=\"286\" data-end=\"310\">drewnianym wieczkiem<\/strong>, \u0142\u0105czy w sobie nowoczesny design i ponadczasowy charakter.<\/span><\/p>\n<p data-start=\"371\" data-end=\"615\"><span style=\"color: #000000;\">Na froncie urny znajduje si\u0119 <strong data-start=\"400\" data-end=\"455\">artystyczny grawer przedstawiaj\u0105cy hokeist\u0119 w akcji<\/strong> \u2013 symbol pasji, odwagi i mi\u0142o\u015bci do lodowiska. Wn\u0119trze urny zosta\u0142o <strong data-start=\"524\" data-end=\"551\">wy\u0142o\u017cone mi\u0119kkim filcem<\/strong>, co zapewnia godne i bezpieczne miejsce przechowywania proch\u00f3w.<\/span><\/p>\n<p data-start=\"617\" data-end=\"801\"><span style=\"color: #000000;\">Wieczko urny zosta\u0142o wyposa\u017cone w <strong data-start=\"651\" data-end=\"702\">metalow\u0105 tabliczk\u0119 z mo\u017cliwo\u015bci\u0105 personalizacji<\/strong>, na kt\u00f3rej mo\u017cna wygrawerowa\u0107 imi\u0119, daty lub po\u017cegnalny cytat, tworz\u0105c wyj\u0105tkow\u0105 pami\u0105tk\u0119 na lata.<\/span><\/p>\n<p data-start=\"808\" data-end=\"827\"><strong data-start=\"808\" data-end=\"827\"><span style=\"color: #000000;\">\u00a0<\/span><\/strong><\/p>\n<p data-start=\"808\" data-end=\"827\"><strong data-start=\"808\" data-end=\"827\"><span style=\"color: #000000;\">Cechy produktu:<\/span><\/strong><\/p>\n<p data-start=\"830\" data-end=\"883\"><span style=\"color: #000000;\">\ud83d\udc49 Materia\u0142: stal nierdzewna (korpus) + drewno (pokrywa)<\/span><\/p>\n<p data-start=\"886\" data-end=\"908\"><span style=\"color: #000000;\">\ud83d\udc49 Motyw: grawer hokeisty<\/span><\/p>\n<p data-start=\"911\" data-end=\"955\"><span style=\"color: #000000;\">\ud83d\udc49 Mo\u017cliwo\u015b\u0107 personalizacji tekstu na tabliczce<\/span><\/p>\n<p data-start=\"958\" data-end=\"983\"><span style=\"color: #000000;\">\ud83d\udc49 Wn\u0119trze wy\u015bcie\u0142ane filcem<\/span><\/p>\n<p data-start=\"986\" data-end=\"1002\"><span style=\"color: #000000;\">\ud83d\udc49 Zamkni\u0119cie g\u00f3rne<\/span><\/p>\n<p data-start=\"1009\" data-end=\"1161\" data-is-last-node=\"\" data-is-only-node=\"\"><span style=\"color: #000000;\">\u00a0<\/span><\/p>\n<p data-start=\"1009\" data-end=\"1161\" data-is-last-node=\"\" data-is-only-node=\"\"><span style=\"color: #000000;\">To wyj\u0105tkowa urna dla kogo\u015b, kto kocha\u0142 sport, rywalizacj\u0119 i lodow\u0105 aren\u0119 \u2013 godne po\u017cegnanie dla wyj\u0105tkowej osoby, kt\u00f3rej \u017cycie by\u0142o pe\u0142ne pasji i si\u0142y.<\/span><\/p>\n<\/div>\n<div style=\"width: 100%; margin-bottom: 40px; height: max-content; padding-bottom: 60%; position: relative;\"><iframe style=\"position: absolute; top: 0; left: 0; width: 100%; height: 100%;\" src=\"https:\/\/rememberme-urns.com\/hockey-theme-urn-for-ashes\/\" frameborder=\"0\"><\/iframe><\/div>\n<div style=\"color: red; text-align: center; margin-bottom: 25px;\">&gt;&gt; Obrotowe zdj\u0119cie &#8211; dotknij\/zbli\u017c &lt;&lt;<\/div>\n<p style=\"text-align: center;\"><strong>\u25ba PERSONALIZACJA \u25c4<\/strong><\/p>\n<p style=\"text-align: center;\">\u2714\ufe0f Je\u015bli wybierzesz spersonalizowan\u0105 tabliczk\u0119, wpisz tekst w odpowiednim miejscu lub wy\u015blij nam wiadomo\u015b\u0107.<\/p>\n<p style=\"text-align: center;\">\u2714\ufe0f Spersonalizowana tabliczka pami\u0105tkowa musi zosta\u0107 dostosowana podczas procesu zamawiania. (Nie martw si\u0119, je\u015bli zapomnisz, zawsze mo\u017cesz wys\u0142a\u0107 nam wiadomo\u015b\u0107 p\u00f3\u017aniej).<\/p>\n<p style=\"text-align: center;\"><b>Ograniczenia tekstowe s\u0105 nast\u0119puj\u0105ce:<\/b><\/p>\n<p style=\"text-align: center;\"><span style=\"color: var(--text-color); font-size: 14px;\">Imi\u0119 (imiona) do 24 znak\u00f3w<\/span><\/p>\n<p style=\"text-align: center;\"><span style=\"color: var(--text-color); font-size: 14px;\">Data urodzenia i \u015bmierci do 24 znak\u00f3w<\/span><\/p>\n<p style=\"text-align: center;\"><span style=\"color: var(--text-color); font-size: 14px;\">Trzeci wiersz do 24 znak\u00f3w<\/span><\/p>\n<p style=\"text-align: center;\"><span style=\"font-size: 14px;\">Czwarty wiersz do 24 znak\u00f3w<\/span><\/p>\n<p style=\"text-align: center;\"><span style=\"font-size: 14px;\">Pi\u0105ty wiersz do 24 znak\u00f3w<\/span><\/p>\n<div style=\"text-align: center;\"><\/div>\n<p style=\"text-align: center;\">\u2714\ufe0f Prosimy o <strong>DWUKROTNE SP<\/strong> RAWDZENIE tekstu grawerunku przed dodaniem produktu do koszyka. Kopiujemy i grawerujemy dok\u0142adnie te informacje, kt\u00f3re otrzymujemy wraz z zam\u00f3wieniem i nie wprowadzamy \u017cadnych zmian po naszej stronie.<\/p>\n<p style=\"text-align: center;\">\u2714\ufe0f Sprawd\u017a tekst, aby upewni\u0107 si\u0119, \u017ce pisownia jest poprawna.<\/p>\n<p style=\"text-align: center;\">\u2714\ufe0f <strong>NIE<\/strong> wprowadzaj informacji o grawerowaniu, je\u015bli kupujesz opcj\u0119 &#8222;Urna bez tabliczki&#8221;.<\/p>\n","protected":false},"excerpt":{"rendered":"<p><b>\u2611\ufe0f <em style=\"color: red;\">Jeste\u015bmy \u015bwiadomi kr\u00f3tkiego czasu na dostarczenie urny. Urn\u0119 zam\u00f3wion\u0105 do godz. 12.00 w dzie\u0144 roboczy wysy\u0142amy natychmiast.\u00a0<\/em><\/b><\/p>\n","protected":false},"featured_media":17137,"template":"","meta":{"_acf_changed":false},"product_brand":[2398],"product_cat":[3408,136],"product_tag":[3353,2268],"class_list":{"0":"post-17160","1":"product","2":"type-product","3":"status-publish","4":"has-post-thumbnail","6":"product_brand-remember-forever-pl","7":"product_cat-sport","8":"product_cat-urny-tematyczne","9":"product_tag-gpsr-metal_wood_cover","10":"product_tag-hurt-pl-pl","11":"product_shipping_class-wood-urns-pl","13":"first","14":"instock","15":"taxable","16":"shipping-taxable","17":"purchasable","18":"product-type-simple"},"yoast_head":"<!-- This site is optimized with the Yoast SEO plugin v27.4 - https:\/\/yoast.com\/product\/yoast-seo-wordpress\/ -->\n<title>Urna z motywem hokejowym. Urna kremacyjna dla hokeisty lub kibica - Remember Forever<\/title>\n<meta name=\"robots\" content=\"index, follow, max-snippet:-1, max-image-preview:large, max-video-preview:-1\" \/>\n<link rel=\"canonical\" href=\"https:\/\/www.rememberme-forever.com\/pl\/produkt\/urna-z-motywem-hokejowym-urna-kremacyjna-dla-hokeisty-lub-kibica\/\" \/>\n<meta property=\"og:locale\" content=\"pl_PL\" \/>\n<meta property=\"og:type\" content=\"article\" \/>\n<meta property=\"og:title\" content=\"Urna z motywem hokejowym. Urna kremacyjna dla hokeisty lub kibica - Remember Forever\" \/>\n<meta property=\"og:description\" content=\"\u2611\ufe0f Jeste\u015bmy \u015bwiadomi kr\u00f3tkiego czasu na dostarczenie urny. Urn\u0119 zam\u00f3wion\u0105 do godz. 12.00 w dzie\u0144 roboczy wysy\u0142amy natychmiast.\u00a0\" \/>\n<meta property=\"og:url\" content=\"https:\/\/www.rememberme-forever.com\/pl\/produkt\/urna-z-motywem-hokejowym-urna-kremacyjna-dla-hokeisty-lub-kibica\/\" \/>\n<meta property=\"og:site_name\" content=\"Remember Forever\" \/>\n<meta property=\"article:modified_time\" content=\"2026-02-18T13:46:42+00:00\" \/>\n<meta property=\"og:image\" content=\"http:\/\/www.rememberme-forever.com\/wp-content\/uploads\/2025\/06\/hockey-urn_0001.jpg\" \/>\n\t<meta property=\"og:image:width\" content=\"1007\" \/>\n\t<meta property=\"og:image:height\" content=\"1024\" \/>\n\t<meta property=\"og:image:type\" content=\"image\/jpeg\" \/>\n<meta name=\"twitter:card\" content=\"summary_large_image\" \/>\n<meta name=\"twitter:label1\" content=\"Szacowany czas czytania\" \/>\n\t<meta name=\"twitter:data1\" content=\"2 minuta\" \/>\n<script type=\"application\/ld+json\" class=\"yoast-schema-graph\">{\"@context\":\"https:\\\/\\\/schema.org\",\"@graph\":[{\"@type\":\"WebPage\",\"@id\":\"https:\\\/\\\/www.rememberme-forever.com\\\/pl\\\/produkt\\\/urna-z-motywem-hokejowym-urna-kremacyjna-dla-hokeisty-lub-kibica\\\/\",\"url\":\"https:\\\/\\\/www.rememberme-forever.com\\\/pl\\\/produkt\\\/urna-z-motywem-hokejowym-urna-kremacyjna-dla-hokeisty-lub-kibica\\\/\",\"name\":\"Urna z motywem hokejowym. Urna kremacyjna dla hokeisty lub kibica - Remember Forever\",\"isPartOf\":{\"@id\":\"https:\\\/\\\/www.rememberme-forever.com\\\/pl\\\/#website\"},\"primaryImageOfPage\":{\"@id\":\"https:\\\/\\\/www.rememberme-forever.com\\\/pl\\\/produkt\\\/urna-z-motywem-hokejowym-urna-kremacyjna-dla-hokeisty-lub-kibica\\\/#primaryimage\"},\"image\":{\"@id\":\"https:\\\/\\\/www.rememberme-forever.com\\\/pl\\\/produkt\\\/urna-z-motywem-hokejowym-urna-kremacyjna-dla-hokeisty-lub-kibica\\\/#primaryimage\"},\"thumbnailUrl\":\"https:\\\/\\\/www.rememberme-forever.com\\\/wp-content\\\/uploads\\\/2025\\\/06\\\/hockey-urn_0001.jpg\",\"datePublished\":\"2025-06-26T11:03:24+00:00\",\"dateModified\":\"2026-02-18T13:46:42+00:00\",\"breadcrumb\":{\"@id\":\"https:\\\/\\\/www.rememberme-forever.com\\\/pl\\\/produkt\\\/urna-z-motywem-hokejowym-urna-kremacyjna-dla-hokeisty-lub-kibica\\\/#breadcrumb\"},\"inLanguage\":\"pl-PL\",\"potentialAction\":[{\"@type\":\"ReadAction\",\"target\":[\"https:\\\/\\\/www.rememberme-forever.com\\\/pl\\\/produkt\\\/urna-z-motywem-hokejowym-urna-kremacyjna-dla-hokeisty-lub-kibica\\\/\"]}]},{\"@type\":\"ImageObject\",\"inLanguage\":\"pl-PL\",\"@id\":\"https:\\\/\\\/www.rememberme-forever.com\\\/pl\\\/produkt\\\/urna-z-motywem-hokejowym-urna-kremacyjna-dla-hokeisty-lub-kibica\\\/#primaryimage\",\"url\":\"https:\\\/\\\/www.rememberme-forever.com\\\/wp-content\\\/uploads\\\/2025\\\/06\\\/hockey-urn_0001.jpg\",\"contentUrl\":\"https:\\\/\\\/www.rememberme-forever.com\\\/wp-content\\\/uploads\\\/2025\\\/06\\\/hockey-urn_0001.jpg\",\"width\":1007,\"height\":1024,\"caption\":\"Hockey theme urn\"},{\"@type\":\"BreadcrumbList\",\"@id\":\"https:\\\/\\\/www.rememberme-forever.com\\\/pl\\\/produkt\\\/urna-z-motywem-hokejowym-urna-kremacyjna-dla-hokeisty-lub-kibica\\\/#breadcrumb\",\"itemListElement\":[{\"@type\":\"ListItem\",\"position\":1,\"name\":\"Home\",\"item\":\"https:\\\/\\\/www.rememberme-forever.com\\\/pl\\\/strona-glowna\\\/\"},{\"@type\":\"ListItem\",\"position\":2,\"name\":\"Sklep\",\"item\":\"https:\\\/\\\/www.rememberme-forever.com\\\/pl\\\/sklep-2\\\/\"},{\"@type\":\"ListItem\",\"position\":3,\"name\":\"Urna z motywem hokejowym. Urna kremacyjna dla hokeisty lub kibica\"}]},{\"@type\":\"WebSite\",\"@id\":\"https:\\\/\\\/www.rememberme-forever.com\\\/pl\\\/#website\",\"url\":\"https:\\\/\\\/www.rememberme-forever.com\\\/pl\\\/\",\"name\":\"Remember Forever\",\"description\":\"Cremation urns, funeral urns, urns for ashes\",\"publisher\":{\"@id\":\"https:\\\/\\\/www.rememberme-forever.com\\\/pl\\\/#organization\"},\"potentialAction\":[{\"@type\":\"SearchAction\",\"target\":{\"@type\":\"EntryPoint\",\"urlTemplate\":\"https:\\\/\\\/www.rememberme-forever.com\\\/pl\\\/?s={search_term_string}\"},\"query-input\":{\"@type\":\"PropertyValueSpecification\",\"valueRequired\":true,\"valueName\":\"search_term_string\"}}],\"inLanguage\":\"pl-PL\"},{\"@type\":\"Organization\",\"@id\":\"https:\\\/\\\/www.rememberme-forever.com\\\/pl\\\/#organization\",\"name\":\"Remember Forever\",\"url\":\"https:\\\/\\\/www.rememberme-forever.com\\\/pl\\\/\",\"logo\":{\"@type\":\"ImageObject\",\"inLanguage\":\"pl-PL\",\"@id\":\"https:\\\/\\\/www.rememberme-forever.com\\\/pl\\\/#\\\/schema\\\/logo\\\/image\\\/\",\"url\":\"https:\\\/\\\/www.rememberme-forever.com\\\/wp-content\\\/uploads\\\/2023\\\/02\\\/logo.png\",\"contentUrl\":\"https:\\\/\\\/www.rememberme-forever.com\\\/wp-content\\\/uploads\\\/2023\\\/02\\\/logo.png\",\"width\":300,\"height\":56,\"caption\":\"Remember Forever\"},\"image\":{\"@id\":\"https:\\\/\\\/www.rememberme-forever.com\\\/pl\\\/#\\\/schema\\\/logo\\\/image\\\/\"}}]}<\/script>\n<!-- \/ Yoast SEO plugin. -->","yoast_head_json":{"title":"Urna z motywem hokejowym. Urna kremacyjna dla hokeisty lub kibica - Remember Forever","robots":{"index":"index","follow":"follow","max-snippet":"max-snippet:-1","max-image-preview":"max-image-preview:large","max-video-preview":"max-video-preview:-1"},"canonical":"https:\/\/www.rememberme-forever.com\/pl\/produkt\/urna-z-motywem-hokejowym-urna-kremacyjna-dla-hokeisty-lub-kibica\/","og_locale":"pl_PL","og_type":"article","og_title":"Urna z motywem hokejowym. Urna kremacyjna dla hokeisty lub kibica - Remember Forever","og_description":"\u2611\ufe0f Jeste\u015bmy \u015bwiadomi kr\u00f3tkiego czasu na dostarczenie urny. Urn\u0119 zam\u00f3wion\u0105 do godz. 12.00 w dzie\u0144 roboczy wysy\u0142amy natychmiast.\u00a0","og_url":"https:\/\/www.rememberme-forever.com\/pl\/produkt\/urna-z-motywem-hokejowym-urna-kremacyjna-dla-hokeisty-lub-kibica\/","og_site_name":"Remember Forever","article_modified_time":"2026-02-18T13:46:42+00:00","og_image":[{"width":1007,"height":1024,"url":"http:\/\/www.rememberme-forever.com\/wp-content\/uploads\/2025\/06\/hockey-urn_0001.jpg","type":"image\/jpeg"}],"twitter_card":"summary_large_image","twitter_misc":{"Szacowany czas czytania":"2 minuta"},"schema":{"@context":"https:\/\/schema.org","@graph":[{"@type":"WebPage","@id":"https:\/\/www.rememberme-forever.com\/pl\/produkt\/urna-z-motywem-hokejowym-urna-kremacyjna-dla-hokeisty-lub-kibica\/","url":"https:\/\/www.rememberme-forever.com\/pl\/produkt\/urna-z-motywem-hokejowym-urna-kremacyjna-dla-hokeisty-lub-kibica\/","name":"Urna z motywem hokejowym. Urna kremacyjna dla hokeisty lub kibica - Remember Forever","isPartOf":{"@id":"https:\/\/www.rememberme-forever.com\/pl\/#website"},"primaryImageOfPage":{"@id":"https:\/\/www.rememberme-forever.com\/pl\/produkt\/urna-z-motywem-hokejowym-urna-kremacyjna-dla-hokeisty-lub-kibica\/#primaryimage"},"image":{"@id":"https:\/\/www.rememberme-forever.com\/pl\/produkt\/urna-z-motywem-hokejowym-urna-kremacyjna-dla-hokeisty-lub-kibica\/#primaryimage"},"thumbnailUrl":"https:\/\/www.rememberme-forever.com\/wp-content\/uploads\/2025\/06\/hockey-urn_0001.jpg","datePublished":"2025-06-26T11:03:24+00:00","dateModified":"2026-02-18T13:46:42+00:00","breadcrumb":{"@id":"https:\/\/www.rememberme-forever.com\/pl\/produkt\/urna-z-motywem-hokejowym-urna-kremacyjna-dla-hokeisty-lub-kibica\/#breadcrumb"},"inLanguage":"pl-PL","potentialAction":[{"@type":"ReadAction","target":["https:\/\/www.rememberme-forever.com\/pl\/produkt\/urna-z-motywem-hokejowym-urna-kremacyjna-dla-hokeisty-lub-kibica\/"]}]},{"@type":"ImageObject","inLanguage":"pl-PL","@id":"https:\/\/www.rememberme-forever.com\/pl\/produkt\/urna-z-motywem-hokejowym-urna-kremacyjna-dla-hokeisty-lub-kibica\/#primaryimage","url":"https:\/\/www.rememberme-forever.com\/wp-content\/uploads\/2025\/06\/hockey-urn_0001.jpg","contentUrl":"https:\/\/www.rememberme-forever.com\/wp-content\/uploads\/2025\/06\/hockey-urn_0001.jpg","width":1007,"height":1024,"caption":"Hockey theme urn"},{"@type":"BreadcrumbList","@id":"https:\/\/www.rememberme-forever.com\/pl\/produkt\/urna-z-motywem-hokejowym-urna-kremacyjna-dla-hokeisty-lub-kibica\/#breadcrumb","itemListElement":[{"@type":"ListItem","position":1,"name":"Home","item":"https:\/\/www.rememberme-forever.com\/pl\/strona-glowna\/"},{"@type":"ListItem","position":2,"name":"Sklep","item":"https:\/\/www.rememberme-forever.com\/pl\/sklep-2\/"},{"@type":"ListItem","position":3,"name":"Urna z motywem hokejowym. Urna kremacyjna dla hokeisty lub kibica"}]},{"@type":"WebSite","@id":"https:\/\/www.rememberme-forever.com\/pl\/#website","url":"https:\/\/www.rememberme-forever.com\/pl\/","name":"Remember Forever","description":"Cremation urns, funeral urns, urns for ashes","publisher":{"@id":"https:\/\/www.rememberme-forever.com\/pl\/#organization"},"potentialAction":[{"@type":"SearchAction","target":{"@type":"EntryPoint","urlTemplate":"https:\/\/www.rememberme-forever.com\/pl\/?s={search_term_string}"},"query-input":{"@type":"PropertyValueSpecification","valueRequired":true,"valueName":"search_term_string"}}],"inLanguage":"pl-PL"},{"@type":"Organization","@id":"https:\/\/www.rememberme-forever.com\/pl\/#organization","name":"Remember Forever","url":"https:\/\/www.rememberme-forever.com\/pl\/","logo":{"@type":"ImageObject","inLanguage":"pl-PL","@id":"https:\/\/www.rememberme-forever.com\/pl\/#\/schema\/logo\/image\/","url":"https:\/\/www.rememberme-forever.com\/wp-content\/uploads\/2023\/02\/logo.png","contentUrl":"https:\/\/www.rememberme-forever.com\/wp-content\/uploads\/2023\/02\/logo.png","width":300,"height":56,"caption":"Remember Forever"},"image":{"@id":"https:\/\/www.rememberme-forever.com\/pl\/#\/schema\/logo\/image\/"}}]}},"acf":[],"_links":{"self":[{"href":"https:\/\/www.rememberme-forever.com\/pl\/wp-json\/wp\/v2\/product\/17160","targetHints":{"allow":["GET"]}}],"collection":[{"href":"https:\/\/www.rememberme-forever.com\/pl\/wp-json\/wp\/v2\/product"}],"about":[{"href":"https:\/\/www.rememberme-forever.com\/pl\/wp-json\/wp\/v2\/types\/product"}],"wp:featuredmedia":[{"embeddable":true,"href":"https:\/\/www.rememberme-forever.com\/pl\/wp-json\/wp\/v2\/media\/17137"}],"wp:attachment":[{"href":"https:\/\/www.rememberme-forever.com\/pl\/wp-json\/wp\/v2\/media?parent=17160"}],"wp:term":[{"taxonomy":"product_brand","embeddable":true,"href":"https:\/\/www.rememberme-forever.com\/pl\/wp-json\/wp\/v2\/product_brand?post=17160"},{"taxonomy":"product_cat","embeddable":true,"href":"https:\/\/www.rememberme-forever.com\/pl\/wp-json\/wp\/v2\/product_cat?post=17160"},{"taxonomy":"product_tag","embeddable":true,"href":"https:\/\/www.rememberme-forever.com\/pl\/wp-json\/wp\/v2\/product_tag?post=17160"}],"curies":[{"name":"wp","href":"https:\/\/api.w.org\/{rel}","templated":true}]}}