{"id":17245,"date":"2025-07-11T12:15:00","date_gmt":"2025-07-11T10:15:00","guid":{"rendered":"https:\/\/www.rememberme-forever.com\/product\/urna-tematyczna-z-motywem-tenisa-stolowego\/"},"modified":"2026-02-18T14:46:22","modified_gmt":"2026-02-18T13:46:22","slug":"urna-tematyczna-z-motywem-tenisa-stolowego","status":"publish","type":"product","link":"https:\/\/www.rememberme-forever.com\/pl\/produkt\/urna-tematyczna-z-motywem-tenisa-stolowego\/","title":{"rendered":"Urna tematyczna z motywem tenisa sto\u0142owego"},"content":{"rendered":"<div style=\"text-align: center;\"><\/div>\n<div style=\"text-align: center;\">\n<p data-start=\"75\" data-end=\"273\"><span style=\"color: #000000;\">Ta elegancka urna kremacyjna \u0142\u0105czy nowoczesny design z osobistym ho\u0142dem dla prawdziwego entuzjasty tenisa sto\u0142owego. Wykonany w kszta\u0142cie eleganckiego pude\u0142ka korpus\u00a0 jest z wysokiej jako\u015bci stali nierdzewnej i wyko\u0144czony solidn\u0105 drewnian\u0105 pokryw\u0105 dla wyrafinowanego kontrastu.<\/span><\/p>\n<p data-start=\"75\" data-end=\"273\"><span style=\"color: #000000;\">Z przodu urny znajduje si\u0119 misternie wygrawerowany obraz tenisisty sto\u0142owego w akcji &#8211; pot\u0119\u017cny symbol pasji, precyzji i zwinno\u015bci. Powy\u017cej znajduje si\u0119 tabliczka pami\u0105tkowa, na kt\u00f3rej mo\u017cna wygrawerowa\u0107 w\u0142asny tekst, dzi\u0119ki czemu urna ta staje si\u0119 g\u0142\u0119boko osobist\u0105 pami\u0105tk\u0105.<\/span><\/p>\n<p data-start=\"75\" data-end=\"273\"><span style=\"color: #000000;\">\u00a0<\/span><\/p>\n<p data-start=\"75\" data-end=\"273\"><span style=\"color: #000000;\">Wewn\u0105trz urna jest wy\u0142o\u017cona mi\u0119kkim filcem, aby zapewni\u0107 delikatn\u0105 ochron\u0119 dla proch\u00f3w, zapewniaj\u0105c pe\u0142ne szacunku i godne miejsce spoczynku.<\/span><\/p>\n<p data-start=\"75\" data-end=\"273\"><span style=\"color: #000000;\">\u00a0<\/span><\/p>\n<div style=\"width: 100%; margin-bottom: 40px; height: max-content; padding-bottom: 60%; position: relative;\"><iframe style=\"position: absolute; top: 0; left: 0; width: 100%; height: 100%;\" src=\"https:\/\/rememberme-urns.com\/table-tennis-sport-urn\/\" frameborder=\"0\"><\/iframe><\/div>\n<div style=\"color: red; text-align: center; margin-bottom: 25px;\">&gt;&gt; Obrotowe zdj\u0119cie &#8211; dotknij\/zbli\u017c &lt;&lt;<\/div>\n<p data-start=\"75\" data-end=\"273\"><span style=\"color: #000000;\"><strong>\u25ba <\/strong>Cechy produktu \u25c4<\/span><\/p>\n<p data-start=\"75\" data-end=\"273\"><span style=\"color: #000000;\">&#8211; Materia\u0142: Korpus ze szczotkowanej stali nierdzewnej z pokryw\u0105 z ciemnego drewna<\/span><\/p>\n<p data-start=\"75\" data-end=\"273\"><span style=\"color: #000000;\">&#8211; Motyw: Grawer gracza tenisa sto\u0142owego \/ ping ponga<\/span><\/p>\n<p data-start=\"75\" data-end=\"273\"><span style=\"color: #000000;\">&#8211; Personalizacja: Grawerowana tabliczka z osobistym tekstem<\/span><\/p>\n<p data-start=\"75\" data-end=\"273\"><span style=\"color: #000000;\">&#8211; Wn\u0119trze: Wy\u0142o\u017cone mi\u0119kkim filcem dla dodatkowej ochrony<\/span><\/p>\n<p data-start=\"75\" data-end=\"273\"><span style=\"color: #000000;\">&#8211; Otwieranie: Od g\u00f3ry z bezpiecznie dopasowan\u0105 pokryw\u0105<\/span><\/p>\n<p data-start=\"75\" data-end=\"273\"><span style=\"color: #000000;\">&#8211; Pojemno\u015b\u0107: Odpowiednia na prochy osoby doros\u0142ej (pojemno\u015b\u0107 pe\u0142nowymiarowa)<\/span><\/p>\n<p data-start=\"75\" data-end=\"273\"><span style=\"color: #000000;\">\u00a0<\/span><\/p>\n<p data-start=\"75\" data-end=\"273\"><span style=\"color: #000000;\">Wyj\u0105tkowa urna upami\u0119tniaj\u0105ca osob\u0119, kt\u00f3rej duch \u017cyje poprzez sport, kt\u00f3ry kocha\u0142a. Idealna do wystawienia w domu lub jako trwa\u0142y ho\u0142d w niszy kolumbarium.<\/span><\/p>\n<\/div>\n<p>&nbsp;<\/p>\n<p style=\"text-align: center;\"><strong>\u25ba PERSONALIZACJA \u25c4<\/strong><\/p>\n<p style=\"text-align: center;\">\u2714\ufe0f Je\u015bli wybierzesz spersonalizowan\u0105 tabliczk\u0119, wpisz tekst w odpowiednim miejscu lub wy\u015blij nam wiadomo\u015b\u0107.<\/p>\n<p style=\"text-align: center;\">\u2714\ufe0f Spersonalizowana tabliczka pami\u0105tkowa musi zosta\u0107 dostosowana podczas procesu zamawiania. (Nie martw si\u0119, je\u015bli zapomnisz, zawsze mo\u017cesz wys\u0142a\u0107 nam wiadomo\u015b\u0107 p\u00f3\u017aniej).<\/p>\n<p style=\"text-align: center;\"><b>Ograniczenia tekstowe s\u0105 nast\u0119puj\u0105ce:<\/b><\/p>\n<p style=\"text-align: center;\"><span style=\"color: var(--text-color); font-size: 14px;\">Imi\u0119 (imiona) do 24 znak\u00f3w<\/span><\/p>\n<p style=\"text-align: center;\"><span style=\"color: var(--text-color); font-size: 14px;\">Data urodzenia i \u015bmierci do 24 znak\u00f3w<\/span><\/p>\n<p style=\"text-align: center;\"><span style=\"color: var(--text-color); font-size: 14px;\">Trzeci wiersz do 24 znak\u00f3w<\/span><\/p>\n<p style=\"text-align: center;\"><span style=\"font-size: 14px;\">Czwarty wiersz do 24 znak\u00f3w<\/span><\/p>\n<p style=\"text-align: center;\"><span style=\"font-size: 14px;\">Pi\u0105ty wiersz do 24 znak\u00f3w<\/span><\/p>\n<div style=\"text-align: center;\"><\/div>\n<p style=\"text-align: center;\">\u2714\ufe0f Prosimy o <strong>DWUKROTNE SP<\/strong> RAWDZENIE tekstu grawerunku przed dodaniem produktu do koszyka. Kopiujemy i grawerujemy dok\u0142adnie te informacje, kt\u00f3re otrzymujemy wraz z zam\u00f3wieniem i nie wprowadzamy \u017cadnych zmian po naszej stronie.<\/p>\n<p style=\"text-align: center;\">\u2714\ufe0f Sprawd\u017a tekst, aby upewni\u0107 si\u0119, \u017ce pisownia jest poprawna.<\/p>\n<p style=\"text-align: center;\">\u2714\ufe0f <strong>NIE<\/strong> wprowadzaj informacji o grawerowaniu, je\u015bli kupujesz opcj\u0119 &#8222;Urna bez tabliczki&#8221;.<\/p>\n","protected":false},"excerpt":{"rendered":"<p><b>\u2611\ufe0f <em style=\"color: red;\">Jeste\u015bmy \u015bwiadomi kr\u00f3tkiego czasu na dostarczenie urny. Urn\u0119 zam\u00f3wion\u0105 do godz. 12.00 w dzie\u0144 roboczy wysy\u0142amy natychmiast.\u00a0<\/em><\/b><\/p>\n","protected":false},"featured_media":17238,"template":"","meta":{"_acf_changed":false},"product_brand":[2398],"product_cat":[3408,136],"product_tag":[3353],"class_list":{"0":"post-17245","1":"product","2":"type-product","3":"status-publish","4":"has-post-thumbnail","6":"product_brand-remember-forever-pl","7":"product_cat-sport","8":"product_cat-urny-tematyczne","9":"product_tag-gpsr-metal_wood_cover","10":"product_shipping_class-wood-urns-pl","12":"first","13":"instock","14":"taxable","15":"shipping-taxable","16":"purchasable","17":"product-type-simple"},"yoast_head":"<!-- This site is optimized with the Yoast SEO plugin v27.4 - https:\/\/yoast.com\/product\/yoast-seo-wordpress\/ -->\n<title>Urna tematyczna z motywem tenisa sto\u0142owego - Remember Forever<\/title>\n<meta name=\"robots\" content=\"index, follow, max-snippet:-1, max-image-preview:large, max-video-preview:-1\" \/>\n<link rel=\"canonical\" href=\"https:\/\/www.rememberme-forever.com\/pl\/produkt\/urna-tematyczna-z-motywem-tenisa-stolowego\/\" \/>\n<meta property=\"og:locale\" content=\"pl_PL\" \/>\n<meta property=\"og:type\" content=\"article\" \/>\n<meta property=\"og:title\" content=\"Urna tematyczna z motywem tenisa sto\u0142owego - Remember Forever\" \/>\n<meta property=\"og:description\" content=\"\u2611\ufe0f Jeste\u015bmy \u015bwiadomi kr\u00f3tkiego czasu na dostarczenie urny. Urn\u0119 zam\u00f3wion\u0105 do godz. 12.00 w dzie\u0144 roboczy wysy\u0142amy natychmiast.\u00a0\" \/>\n<meta property=\"og:url\" content=\"https:\/\/www.rememberme-forever.com\/pl\/produkt\/urna-tematyczna-z-motywem-tenisa-stolowego\/\" \/>\n<meta property=\"og:site_name\" content=\"Remember Forever\" \/>\n<meta property=\"article:modified_time\" content=\"2026-02-18T13:46:22+00:00\" \/>\n<meta property=\"og:image\" content=\"http:\/\/www.rememberme-forever.com\/wp-content\/uploads\/2025\/07\/table-tennis-urn_0001.jpg\" \/>\n\t<meta property=\"og:image:width\" content=\"1007\" \/>\n\t<meta property=\"og:image:height\" content=\"1024\" \/>\n\t<meta property=\"og:image:type\" content=\"image\/jpeg\" \/>\n<meta name=\"twitter:card\" content=\"summary_large_image\" \/>\n<meta name=\"twitter:label1\" content=\"Szacowany czas czytania\" \/>\n\t<meta name=\"twitter:data1\" content=\"2 minuta\" \/>\n<script type=\"application\/ld+json\" class=\"yoast-schema-graph\">{\"@context\":\"https:\\\/\\\/schema.org\",\"@graph\":[{\"@type\":\"WebPage\",\"@id\":\"https:\\\/\\\/www.rememberme-forever.com\\\/pl\\\/produkt\\\/urna-tematyczna-z-motywem-tenisa-stolowego\\\/\",\"url\":\"https:\\\/\\\/www.rememberme-forever.com\\\/pl\\\/produkt\\\/urna-tematyczna-z-motywem-tenisa-stolowego\\\/\",\"name\":\"Urna tematyczna z motywem tenisa sto\u0142owego - Remember Forever\",\"isPartOf\":{\"@id\":\"https:\\\/\\\/www.rememberme-forever.com\\\/pl\\\/#website\"},\"primaryImageOfPage\":{\"@id\":\"https:\\\/\\\/www.rememberme-forever.com\\\/pl\\\/produkt\\\/urna-tematyczna-z-motywem-tenisa-stolowego\\\/#primaryimage\"},\"image\":{\"@id\":\"https:\\\/\\\/www.rememberme-forever.com\\\/pl\\\/produkt\\\/urna-tematyczna-z-motywem-tenisa-stolowego\\\/#primaryimage\"},\"thumbnailUrl\":\"https:\\\/\\\/www.rememberme-forever.com\\\/wp-content\\\/uploads\\\/2025\\\/07\\\/table-tennis-urn_0001.jpg\",\"datePublished\":\"2025-07-11T10:15:00+00:00\",\"dateModified\":\"2026-02-18T13:46:22+00:00\",\"breadcrumb\":{\"@id\":\"https:\\\/\\\/www.rememberme-forever.com\\\/pl\\\/produkt\\\/urna-tematyczna-z-motywem-tenisa-stolowego\\\/#breadcrumb\"},\"inLanguage\":\"pl-PL\",\"potentialAction\":[{\"@type\":\"ReadAction\",\"target\":[\"https:\\\/\\\/www.rememberme-forever.com\\\/pl\\\/produkt\\\/urna-tematyczna-z-motywem-tenisa-stolowego\\\/\"]}]},{\"@type\":\"ImageObject\",\"inLanguage\":\"pl-PL\",\"@id\":\"https:\\\/\\\/www.rememberme-forever.com\\\/pl\\\/produkt\\\/urna-tematyczna-z-motywem-tenisa-stolowego\\\/#primaryimage\",\"url\":\"https:\\\/\\\/www.rememberme-forever.com\\\/wp-content\\\/uploads\\\/2025\\\/07\\\/table-tennis-urn_0001.jpg\",\"contentUrl\":\"https:\\\/\\\/www.rememberme-forever.com\\\/wp-content\\\/uploads\\\/2025\\\/07\\\/table-tennis-urn_0001.jpg\",\"width\":1007,\"height\":1024,\"caption\":\"Table tennis theme urn for ashes Ping-pong urn motive\"},{\"@type\":\"BreadcrumbList\",\"@id\":\"https:\\\/\\\/www.rememberme-forever.com\\\/pl\\\/produkt\\\/urna-tematyczna-z-motywem-tenisa-stolowego\\\/#breadcrumb\",\"itemListElement\":[{\"@type\":\"ListItem\",\"position\":1,\"name\":\"Home\",\"item\":\"https:\\\/\\\/www.rememberme-forever.com\\\/pl\\\/strona-glowna\\\/\"},{\"@type\":\"ListItem\",\"position\":2,\"name\":\"Sklep\",\"item\":\"https:\\\/\\\/www.rememberme-forever.com\\\/pl\\\/sklep-2\\\/\"},{\"@type\":\"ListItem\",\"position\":3,\"name\":\"Urna tematyczna z motywem tenisa sto\u0142owego\"}]},{\"@type\":\"WebSite\",\"@id\":\"https:\\\/\\\/www.rememberme-forever.com\\\/pl\\\/#website\",\"url\":\"https:\\\/\\\/www.rememberme-forever.com\\\/pl\\\/\",\"name\":\"Remember Forever\",\"description\":\"Cremation urns, funeral urns, urns for ashes\",\"publisher\":{\"@id\":\"https:\\\/\\\/www.rememberme-forever.com\\\/pl\\\/#organization\"},\"potentialAction\":[{\"@type\":\"SearchAction\",\"target\":{\"@type\":\"EntryPoint\",\"urlTemplate\":\"https:\\\/\\\/www.rememberme-forever.com\\\/pl\\\/?s={search_term_string}\"},\"query-input\":{\"@type\":\"PropertyValueSpecification\",\"valueRequired\":true,\"valueName\":\"search_term_string\"}}],\"inLanguage\":\"pl-PL\"},{\"@type\":\"Organization\",\"@id\":\"https:\\\/\\\/www.rememberme-forever.com\\\/pl\\\/#organization\",\"name\":\"Remember Forever\",\"url\":\"https:\\\/\\\/www.rememberme-forever.com\\\/pl\\\/\",\"logo\":{\"@type\":\"ImageObject\",\"inLanguage\":\"pl-PL\",\"@id\":\"https:\\\/\\\/www.rememberme-forever.com\\\/pl\\\/#\\\/schema\\\/logo\\\/image\\\/\",\"url\":\"https:\\\/\\\/www.rememberme-forever.com\\\/wp-content\\\/uploads\\\/2023\\\/02\\\/logo.png\",\"contentUrl\":\"https:\\\/\\\/www.rememberme-forever.com\\\/wp-content\\\/uploads\\\/2023\\\/02\\\/logo.png\",\"width\":300,\"height\":56,\"caption\":\"Remember Forever\"},\"image\":{\"@id\":\"https:\\\/\\\/www.rememberme-forever.com\\\/pl\\\/#\\\/schema\\\/logo\\\/image\\\/\"}}]}<\/script>\n<!-- \/ Yoast SEO plugin. -->","yoast_head_json":{"title":"Urna tematyczna z motywem tenisa sto\u0142owego - Remember Forever","robots":{"index":"index","follow":"follow","max-snippet":"max-snippet:-1","max-image-preview":"max-image-preview:large","max-video-preview":"max-video-preview:-1"},"canonical":"https:\/\/www.rememberme-forever.com\/pl\/produkt\/urna-tematyczna-z-motywem-tenisa-stolowego\/","og_locale":"pl_PL","og_type":"article","og_title":"Urna tematyczna z motywem tenisa sto\u0142owego - Remember Forever","og_description":"\u2611\ufe0f Jeste\u015bmy \u015bwiadomi kr\u00f3tkiego czasu na dostarczenie urny. Urn\u0119 zam\u00f3wion\u0105 do godz. 12.00 w dzie\u0144 roboczy wysy\u0142amy natychmiast.\u00a0","og_url":"https:\/\/www.rememberme-forever.com\/pl\/produkt\/urna-tematyczna-z-motywem-tenisa-stolowego\/","og_site_name":"Remember Forever","article_modified_time":"2026-02-18T13:46:22+00:00","og_image":[{"width":1007,"height":1024,"url":"http:\/\/www.rememberme-forever.com\/wp-content\/uploads\/2025\/07\/table-tennis-urn_0001.jpg","type":"image\/jpeg"}],"twitter_card":"summary_large_image","twitter_misc":{"Szacowany czas czytania":"2 minuta"},"schema":{"@context":"https:\/\/schema.org","@graph":[{"@type":"WebPage","@id":"https:\/\/www.rememberme-forever.com\/pl\/produkt\/urna-tematyczna-z-motywem-tenisa-stolowego\/","url":"https:\/\/www.rememberme-forever.com\/pl\/produkt\/urna-tematyczna-z-motywem-tenisa-stolowego\/","name":"Urna tematyczna z motywem tenisa sto\u0142owego - Remember Forever","isPartOf":{"@id":"https:\/\/www.rememberme-forever.com\/pl\/#website"},"primaryImageOfPage":{"@id":"https:\/\/www.rememberme-forever.com\/pl\/produkt\/urna-tematyczna-z-motywem-tenisa-stolowego\/#primaryimage"},"image":{"@id":"https:\/\/www.rememberme-forever.com\/pl\/produkt\/urna-tematyczna-z-motywem-tenisa-stolowego\/#primaryimage"},"thumbnailUrl":"https:\/\/www.rememberme-forever.com\/wp-content\/uploads\/2025\/07\/table-tennis-urn_0001.jpg","datePublished":"2025-07-11T10:15:00+00:00","dateModified":"2026-02-18T13:46:22+00:00","breadcrumb":{"@id":"https:\/\/www.rememberme-forever.com\/pl\/produkt\/urna-tematyczna-z-motywem-tenisa-stolowego\/#breadcrumb"},"inLanguage":"pl-PL","potentialAction":[{"@type":"ReadAction","target":["https:\/\/www.rememberme-forever.com\/pl\/produkt\/urna-tematyczna-z-motywem-tenisa-stolowego\/"]}]},{"@type":"ImageObject","inLanguage":"pl-PL","@id":"https:\/\/www.rememberme-forever.com\/pl\/produkt\/urna-tematyczna-z-motywem-tenisa-stolowego\/#primaryimage","url":"https:\/\/www.rememberme-forever.com\/wp-content\/uploads\/2025\/07\/table-tennis-urn_0001.jpg","contentUrl":"https:\/\/www.rememberme-forever.com\/wp-content\/uploads\/2025\/07\/table-tennis-urn_0001.jpg","width":1007,"height":1024,"caption":"Table tennis theme urn for ashes Ping-pong urn motive"},{"@type":"BreadcrumbList","@id":"https:\/\/www.rememberme-forever.com\/pl\/produkt\/urna-tematyczna-z-motywem-tenisa-stolowego\/#breadcrumb","itemListElement":[{"@type":"ListItem","position":1,"name":"Home","item":"https:\/\/www.rememberme-forever.com\/pl\/strona-glowna\/"},{"@type":"ListItem","position":2,"name":"Sklep","item":"https:\/\/www.rememberme-forever.com\/pl\/sklep-2\/"},{"@type":"ListItem","position":3,"name":"Urna tematyczna z motywem tenisa sto\u0142owego"}]},{"@type":"WebSite","@id":"https:\/\/www.rememberme-forever.com\/pl\/#website","url":"https:\/\/www.rememberme-forever.com\/pl\/","name":"Remember Forever","description":"Cremation urns, funeral urns, urns for ashes","publisher":{"@id":"https:\/\/www.rememberme-forever.com\/pl\/#organization"},"potentialAction":[{"@type":"SearchAction","target":{"@type":"EntryPoint","urlTemplate":"https:\/\/www.rememberme-forever.com\/pl\/?s={search_term_string}"},"query-input":{"@type":"PropertyValueSpecification","valueRequired":true,"valueName":"search_term_string"}}],"inLanguage":"pl-PL"},{"@type":"Organization","@id":"https:\/\/www.rememberme-forever.com\/pl\/#organization","name":"Remember Forever","url":"https:\/\/www.rememberme-forever.com\/pl\/","logo":{"@type":"ImageObject","inLanguage":"pl-PL","@id":"https:\/\/www.rememberme-forever.com\/pl\/#\/schema\/logo\/image\/","url":"https:\/\/www.rememberme-forever.com\/wp-content\/uploads\/2023\/02\/logo.png","contentUrl":"https:\/\/www.rememberme-forever.com\/wp-content\/uploads\/2023\/02\/logo.png","width":300,"height":56,"caption":"Remember Forever"},"image":{"@id":"https:\/\/www.rememberme-forever.com\/pl\/#\/schema\/logo\/image\/"}}]}},"acf":[],"_links":{"self":[{"href":"https:\/\/www.rememberme-forever.com\/pl\/wp-json\/wp\/v2\/product\/17245","targetHints":{"allow":["GET"]}}],"collection":[{"href":"https:\/\/www.rememberme-forever.com\/pl\/wp-json\/wp\/v2\/product"}],"about":[{"href":"https:\/\/www.rememberme-forever.com\/pl\/wp-json\/wp\/v2\/types\/product"}],"wp:featuredmedia":[{"embeddable":true,"href":"https:\/\/www.rememberme-forever.com\/pl\/wp-json\/wp\/v2\/media\/17238"}],"wp:attachment":[{"href":"https:\/\/www.rememberme-forever.com\/pl\/wp-json\/wp\/v2\/media?parent=17245"}],"wp:term":[{"taxonomy":"product_brand","embeddable":true,"href":"https:\/\/www.rememberme-forever.com\/pl\/wp-json\/wp\/v2\/product_brand?post=17245"},{"taxonomy":"product_cat","embeddable":true,"href":"https:\/\/www.rememberme-forever.com\/pl\/wp-json\/wp\/v2\/product_cat?post=17245"},{"taxonomy":"product_tag","embeddable":true,"href":"https:\/\/www.rememberme-forever.com\/pl\/wp-json\/wp\/v2\/product_tag?post=17245"}],"curies":[{"name":"wp","href":"https:\/\/api.w.org\/{rel}","templated":true}]}}