{"id":18113,"date":"2025-09-02T14:35:17","date_gmt":"2025-09-02T12:35:17","guid":{"rendered":"https:\/\/www.rememberme-forever.com\/product\/tematyczna-urna-dla-drwala-lesniczego\/"},"modified":"2026-02-18T14:40:48","modified_gmt":"2026-02-18T13:40:48","slug":"tematyczna-urna-dla-drwala-lesniczego","status":"publish","type":"product","link":"https:\/\/www.rememberme-forever.com\/pl\/produkt\/tematyczna-urna-dla-drwala-lesniczego\/","title":{"rendered":"Tematyczna urna dla drwala\/le\u015bniczego"},"content":{"rendered":"<p style=\"text-align: center;\" data-start=\"561\" data-end=\"912\"><span style=\"font-size: 14px; color: #3d3d3d;\"><span style=\"font-weight: 400;\">Urna kremacyjna Drwal \/ Le\u015bnik to wyj\u0105tkowy model stworzony dla os\u00f3b, kt\u00f3re kocha\u0142y las, prac\u0119 w terenie i \u017cycie blisko natury. Korpus wykonano ze stali nierdzewnej o satynowym wyko\u0144czeniu, a wieko z ciemnego drewna, co nadaje ca\u0142o\u015bci eleganckiego, ponadczasowego charakteru. Front zdobi okr\u0105g\u0142a grafika drwala stoj\u0105cego na skraju lasu \u2013 symbol odwagi, si\u0142y i spokoju p\u0142yn\u0105cego z przyrody.<\/span><\/span><\/p>\n<p style=\"text-align: center;\" data-start=\"561\" data-end=\"912\"><span style=\"font-size: 14px; color: #3d3d3d;\"><span style=\"font-weight: 400;\">Mo\u017cliwo\u015b\u0107 zamontowania spersonalizowanej, grawerowanej tabliczki na wieku pozwala doda\u0107 imi\u0119, daty lub kr\u00f3tk\u0105 dedykacj\u0119. Urna ma standardow\u0105 pojemno\u015b\u0107 odpowiedni\u0105 dla osoby doros\u0142ej i jest zaprojektowana tak, by bezpiecznie i godnie przechowywa\u0107 prochy. To pi\u0119kna pami\u0105tka dla le\u015bnik\u00f3w, drwali, my\u015bliwych czy mi\u0142o\u015bnik\u00f3w pieszych w\u0119dr\u00f3wek, kt\u00f3ra \u0142\u0105czy trwa\u0142o\u015b\u0107 metalu z ciep\u0142em naturalnego drewna.<\/span><\/span><\/p>\n<div style=\"width: 100%; margin-bottom: 40px; height: max-content; padding-bottom: 60%; position: relative;\"><iframe style=\"position: absolute; top: 0; left: 0; width: 100%; height: 100%;\" src=\"https:\/\/rememberme-urns.com\/woodcutter-theme-urn\/\" frameborder=\"0\"><\/iframe><\/div>\n<div style=\"color: red; text-align: center; margin-bottom: 25px;\">&gt;&gt; Obrotowe zdj\u0119cie &#8211; dotknij\/zbli\u017c &lt;&lt;<\/div>\n<p style=\"text-align: center;\"><strong>\u25ba PERSONALIZACJA \u25c4<\/strong><\/p>\n<p style=\"text-align: center;\">\u2714\ufe0f Je\u015bli wybierzesz spersonalizowan\u0105 tabliczk\u0119, wpisz tekst w odpowiednim miejscu lub wy\u015blij nam wiadomo\u015b\u0107.<\/p>\n<p style=\"text-align: center;\">\u2714\ufe0f Spersonalizowana tabliczka pami\u0105tkowa musi zosta\u0107 dostosowana podczas procesu zamawiania. (Nie martw si\u0119, je\u015bli zapomnisz, zawsze mo\u017cesz wys\u0142a\u0107 nam wiadomo\u015b\u0107 p\u00f3\u017aniej).<\/p>\n<p style=\"text-align: center;\"><b>Ograniczenia tekstowe s\u0105 nast\u0119puj\u0105ce:<\/b><\/p>\n<p style=\"text-align: center;\"><span style=\"color: var(--text-color); font-size: 14px;\">Imi\u0119 (imiona) do 24 znak\u00f3w<\/span><\/p>\n<p style=\"text-align: center;\"><span style=\"color: var(--text-color); font-size: 14px;\">Data urodzenia i \u015bmierci do 24 znak\u00f3w<\/span><\/p>\n<p style=\"text-align: center;\"><span style=\"color: var(--text-color); font-size: 14px;\">Trzeci wiersz do 24 znak\u00f3w<\/span><\/p>\n<p style=\"text-align: center;\"><span style=\"font-size: 14px;\">Czwarty wiersz do 24 znak\u00f3w<\/span><\/p>\n<p style=\"text-align: center;\"><span style=\"font-size: 14px;\">Pi\u0105ty wiersz do 24 znak\u00f3w<\/span><\/p>\n<div style=\"text-align: center;\"><\/div>\n<p style=\"text-align: center;\">\u2714\ufe0f Prosimy o<b> DWUKROTNE SPRAWDZENIE<\/b> tekstu grawerunku przed dodaniem produktu do koszyka. Kopiujemy i grawerujemy dok\u0142adnie te informacje, kt\u00f3re otrzymujemy wraz z zam\u00f3wieniem i nie wprowadzamy \u017cadnych zmian po naszej stronie.<\/p>\n<p style=\"text-align: center;\">\u2714\ufe0f Sprawd\u017a tekst, aby upewni\u0107 si\u0119, \u017ce pisownia jest poprawna.<\/p>\n<p style=\"text-align: center;\">\u2714\ufe0f <strong>NIE<\/strong> wprowadzaj informacji o grawerowaniu, je\u015bli kupujesz opcj\u0119 &#8222;Urna bez tabliczki&#8221;.<\/p>\n","protected":false},"excerpt":{"rendered":"<p><b>\u2611\ufe0f <em style=\"color: red;\">Jeste\u015bmy \u015bwiadomi kr\u00f3tkiego czasu na dostarczenie urny. Urn\u0119 zam\u00f3wion\u0105 do godz. 12.00 w dzie\u0144 roboczy wysy\u0142amy natychmiast.\u00a0<\/em><\/b><\/p>\n","protected":false},"featured_media":18116,"template":"","meta":{"_acf_changed":false},"product_brand":[2398],"product_cat":[136,3406],"product_tag":[3353],"class_list":{"0":"post-18113","1":"product","2":"type-product","3":"status-publish","4":"has-post-thumbnail","6":"product_brand-remember-forever-pl","7":"product_cat-urny-tematyczne","8":"product_cat-zawody","9":"product_tag-gpsr-metal_wood_cover","10":"product_shipping_class-wood-urns-pl","12":"first","13":"instock","14":"taxable","15":"shipping-taxable","16":"purchasable","17":"product-type-simple"},"yoast_head":"<!-- This site is optimized with the Yoast SEO plugin v27.4 - https:\/\/yoast.com\/product\/yoast-seo-wordpress\/ -->\n<title>Tematyczna urna dla drwala\/le\u015bniczego - Remember Forever<\/title>\n<meta name=\"robots\" content=\"index, follow, max-snippet:-1, max-image-preview:large, max-video-preview:-1\" \/>\n<link rel=\"canonical\" href=\"https:\/\/www.rememberme-forever.com\/pl\/produkt\/tematyczna-urna-dla-drwala-lesniczego\/\" \/>\n<meta property=\"og:locale\" content=\"pl_PL\" \/>\n<meta property=\"og:type\" content=\"article\" \/>\n<meta property=\"og:title\" content=\"Tematyczna urna dla drwala\/le\u015bniczego - Remember Forever\" \/>\n<meta property=\"og:description\" content=\"\u2611\ufe0f Jeste\u015bmy \u015bwiadomi kr\u00f3tkiego czasu na dostarczenie urny. Urn\u0119 zam\u00f3wion\u0105 do godz. 12.00 w dzie\u0144 roboczy wysy\u0142amy natychmiast.\u00a0\" \/>\n<meta property=\"og:url\" content=\"https:\/\/www.rememberme-forever.com\/pl\/produkt\/tematyczna-urna-dla-drwala-lesniczego\/\" \/>\n<meta property=\"og:site_name\" content=\"Remember Forever\" \/>\n<meta property=\"article:modified_time\" content=\"2026-02-18T13:40:48+00:00\" \/>\n<meta property=\"og:image\" content=\"http:\/\/www.rememberme-forever.com\/wp-content\/uploads\/2025\/09\/urn-for-a-woodcutter_0001.jpg\" \/>\n\t<meta property=\"og:image:width\" content=\"1007\" \/>\n\t<meta property=\"og:image:height\" content=\"1024\" \/>\n\t<meta property=\"og:image:type\" content=\"image\/jpeg\" \/>\n<meta name=\"twitter:card\" content=\"summary_large_image\" \/>\n<meta name=\"twitter:label1\" content=\"Szacowany czas czytania\" \/>\n\t<meta name=\"twitter:data1\" content=\"2 minuta\" \/>\n<script type=\"application\/ld+json\" class=\"yoast-schema-graph\">{\"@context\":\"https:\\\/\\\/schema.org\",\"@graph\":[{\"@type\":\"WebPage\",\"@id\":\"https:\\\/\\\/www.rememberme-forever.com\\\/pl\\\/produkt\\\/tematyczna-urna-dla-drwala-lesniczego\\\/\",\"url\":\"https:\\\/\\\/www.rememberme-forever.com\\\/pl\\\/produkt\\\/tematyczna-urna-dla-drwala-lesniczego\\\/\",\"name\":\"Tematyczna urna dla drwala\\\/le\u015bniczego - Remember Forever\",\"isPartOf\":{\"@id\":\"https:\\\/\\\/www.rememberme-forever.com\\\/pl\\\/#website\"},\"primaryImageOfPage\":{\"@id\":\"https:\\\/\\\/www.rememberme-forever.com\\\/pl\\\/produkt\\\/tematyczna-urna-dla-drwala-lesniczego\\\/#primaryimage\"},\"image\":{\"@id\":\"https:\\\/\\\/www.rememberme-forever.com\\\/pl\\\/produkt\\\/tematyczna-urna-dla-drwala-lesniczego\\\/#primaryimage\"},\"thumbnailUrl\":\"https:\\\/\\\/www.rememberme-forever.com\\\/wp-content\\\/uploads\\\/2025\\\/09\\\/urn-for-a-woodcutter_0001.jpg\",\"datePublished\":\"2025-09-02T12:35:17+00:00\",\"dateModified\":\"2026-02-18T13:40:48+00:00\",\"breadcrumb\":{\"@id\":\"https:\\\/\\\/www.rememberme-forever.com\\\/pl\\\/produkt\\\/tematyczna-urna-dla-drwala-lesniczego\\\/#breadcrumb\"},\"inLanguage\":\"pl-PL\",\"potentialAction\":[{\"@type\":\"ReadAction\",\"target\":[\"https:\\\/\\\/www.rememberme-forever.com\\\/pl\\\/produkt\\\/tematyczna-urna-dla-drwala-lesniczego\\\/\"]}]},{\"@type\":\"ImageObject\",\"inLanguage\":\"pl-PL\",\"@id\":\"https:\\\/\\\/www.rememberme-forever.com\\\/pl\\\/produkt\\\/tematyczna-urna-dla-drwala-lesniczego\\\/#primaryimage\",\"url\":\"https:\\\/\\\/www.rememberme-forever.com\\\/wp-content\\\/uploads\\\/2025\\\/09\\\/urn-for-a-woodcutter_0001.jpg\",\"contentUrl\":\"https:\\\/\\\/www.rememberme-forever.com\\\/wp-content\\\/uploads\\\/2025\\\/09\\\/urn-for-a-woodcutter_0001.jpg\",\"width\":1007,\"height\":1024,\"caption\":\"Lumberjack cremation urn \u2013 stainless steel with wooden lid and forest medallion, side angle.\"},{\"@type\":\"BreadcrumbList\",\"@id\":\"https:\\\/\\\/www.rememberme-forever.com\\\/pl\\\/produkt\\\/tematyczna-urna-dla-drwala-lesniczego\\\/#breadcrumb\",\"itemListElement\":[{\"@type\":\"ListItem\",\"position\":1,\"name\":\"Home\",\"item\":\"https:\\\/\\\/www.rememberme-forever.com\\\/pl\\\/strona-glowna\\\/\"},{\"@type\":\"ListItem\",\"position\":2,\"name\":\"Sklep\",\"item\":\"https:\\\/\\\/www.rememberme-forever.com\\\/pl\\\/sklep-2\\\/\"},{\"@type\":\"ListItem\",\"position\":3,\"name\":\"Tematyczna urna dla drwala\\\/le\u015bniczego\"}]},{\"@type\":\"WebSite\",\"@id\":\"https:\\\/\\\/www.rememberme-forever.com\\\/pl\\\/#website\",\"url\":\"https:\\\/\\\/www.rememberme-forever.com\\\/pl\\\/\",\"name\":\"Remember Forever\",\"description\":\"Cremation urns, funeral urns, urns for ashes\",\"publisher\":{\"@id\":\"https:\\\/\\\/www.rememberme-forever.com\\\/pl\\\/#organization\"},\"potentialAction\":[{\"@type\":\"SearchAction\",\"target\":{\"@type\":\"EntryPoint\",\"urlTemplate\":\"https:\\\/\\\/www.rememberme-forever.com\\\/pl\\\/?s={search_term_string}\"},\"query-input\":{\"@type\":\"PropertyValueSpecification\",\"valueRequired\":true,\"valueName\":\"search_term_string\"}}],\"inLanguage\":\"pl-PL\"},{\"@type\":\"Organization\",\"@id\":\"https:\\\/\\\/www.rememberme-forever.com\\\/pl\\\/#organization\",\"name\":\"Remember Forever\",\"url\":\"https:\\\/\\\/www.rememberme-forever.com\\\/pl\\\/\",\"logo\":{\"@type\":\"ImageObject\",\"inLanguage\":\"pl-PL\",\"@id\":\"https:\\\/\\\/www.rememberme-forever.com\\\/pl\\\/#\\\/schema\\\/logo\\\/image\\\/\",\"url\":\"https:\\\/\\\/www.rememberme-forever.com\\\/wp-content\\\/uploads\\\/2023\\\/02\\\/logo.png\",\"contentUrl\":\"https:\\\/\\\/www.rememberme-forever.com\\\/wp-content\\\/uploads\\\/2023\\\/02\\\/logo.png\",\"width\":300,\"height\":56,\"caption\":\"Remember Forever\"},\"image\":{\"@id\":\"https:\\\/\\\/www.rememberme-forever.com\\\/pl\\\/#\\\/schema\\\/logo\\\/image\\\/\"}}]}<\/script>\n<!-- \/ Yoast SEO plugin. -->","yoast_head_json":{"title":"Tematyczna urna dla drwala\/le\u015bniczego - Remember Forever","robots":{"index":"index","follow":"follow","max-snippet":"max-snippet:-1","max-image-preview":"max-image-preview:large","max-video-preview":"max-video-preview:-1"},"canonical":"https:\/\/www.rememberme-forever.com\/pl\/produkt\/tematyczna-urna-dla-drwala-lesniczego\/","og_locale":"pl_PL","og_type":"article","og_title":"Tematyczna urna dla drwala\/le\u015bniczego - Remember Forever","og_description":"\u2611\ufe0f Jeste\u015bmy \u015bwiadomi kr\u00f3tkiego czasu na dostarczenie urny. Urn\u0119 zam\u00f3wion\u0105 do godz. 12.00 w dzie\u0144 roboczy wysy\u0142amy natychmiast.\u00a0","og_url":"https:\/\/www.rememberme-forever.com\/pl\/produkt\/tematyczna-urna-dla-drwala-lesniczego\/","og_site_name":"Remember Forever","article_modified_time":"2026-02-18T13:40:48+00:00","og_image":[{"width":1007,"height":1024,"url":"http:\/\/www.rememberme-forever.com\/wp-content\/uploads\/2025\/09\/urn-for-a-woodcutter_0001.jpg","type":"image\/jpeg"}],"twitter_card":"summary_large_image","twitter_misc":{"Szacowany czas czytania":"2 minuta"},"schema":{"@context":"https:\/\/schema.org","@graph":[{"@type":"WebPage","@id":"https:\/\/www.rememberme-forever.com\/pl\/produkt\/tematyczna-urna-dla-drwala-lesniczego\/","url":"https:\/\/www.rememberme-forever.com\/pl\/produkt\/tematyczna-urna-dla-drwala-lesniczego\/","name":"Tematyczna urna dla drwala\/le\u015bniczego - Remember Forever","isPartOf":{"@id":"https:\/\/www.rememberme-forever.com\/pl\/#website"},"primaryImageOfPage":{"@id":"https:\/\/www.rememberme-forever.com\/pl\/produkt\/tematyczna-urna-dla-drwala-lesniczego\/#primaryimage"},"image":{"@id":"https:\/\/www.rememberme-forever.com\/pl\/produkt\/tematyczna-urna-dla-drwala-lesniczego\/#primaryimage"},"thumbnailUrl":"https:\/\/www.rememberme-forever.com\/wp-content\/uploads\/2025\/09\/urn-for-a-woodcutter_0001.jpg","datePublished":"2025-09-02T12:35:17+00:00","dateModified":"2026-02-18T13:40:48+00:00","breadcrumb":{"@id":"https:\/\/www.rememberme-forever.com\/pl\/produkt\/tematyczna-urna-dla-drwala-lesniczego\/#breadcrumb"},"inLanguage":"pl-PL","potentialAction":[{"@type":"ReadAction","target":["https:\/\/www.rememberme-forever.com\/pl\/produkt\/tematyczna-urna-dla-drwala-lesniczego\/"]}]},{"@type":"ImageObject","inLanguage":"pl-PL","@id":"https:\/\/www.rememberme-forever.com\/pl\/produkt\/tematyczna-urna-dla-drwala-lesniczego\/#primaryimage","url":"https:\/\/www.rememberme-forever.com\/wp-content\/uploads\/2025\/09\/urn-for-a-woodcutter_0001.jpg","contentUrl":"https:\/\/www.rememberme-forever.com\/wp-content\/uploads\/2025\/09\/urn-for-a-woodcutter_0001.jpg","width":1007,"height":1024,"caption":"Lumberjack cremation urn \u2013 stainless steel with wooden lid and forest medallion, side angle."},{"@type":"BreadcrumbList","@id":"https:\/\/www.rememberme-forever.com\/pl\/produkt\/tematyczna-urna-dla-drwala-lesniczego\/#breadcrumb","itemListElement":[{"@type":"ListItem","position":1,"name":"Home","item":"https:\/\/www.rememberme-forever.com\/pl\/strona-glowna\/"},{"@type":"ListItem","position":2,"name":"Sklep","item":"https:\/\/www.rememberme-forever.com\/pl\/sklep-2\/"},{"@type":"ListItem","position":3,"name":"Tematyczna urna dla drwala\/le\u015bniczego"}]},{"@type":"WebSite","@id":"https:\/\/www.rememberme-forever.com\/pl\/#website","url":"https:\/\/www.rememberme-forever.com\/pl\/","name":"Remember Forever","description":"Cremation urns, funeral urns, urns for ashes","publisher":{"@id":"https:\/\/www.rememberme-forever.com\/pl\/#organization"},"potentialAction":[{"@type":"SearchAction","target":{"@type":"EntryPoint","urlTemplate":"https:\/\/www.rememberme-forever.com\/pl\/?s={search_term_string}"},"query-input":{"@type":"PropertyValueSpecification","valueRequired":true,"valueName":"search_term_string"}}],"inLanguage":"pl-PL"},{"@type":"Organization","@id":"https:\/\/www.rememberme-forever.com\/pl\/#organization","name":"Remember Forever","url":"https:\/\/www.rememberme-forever.com\/pl\/","logo":{"@type":"ImageObject","inLanguage":"pl-PL","@id":"https:\/\/www.rememberme-forever.com\/pl\/#\/schema\/logo\/image\/","url":"https:\/\/www.rememberme-forever.com\/wp-content\/uploads\/2023\/02\/logo.png","contentUrl":"https:\/\/www.rememberme-forever.com\/wp-content\/uploads\/2023\/02\/logo.png","width":300,"height":56,"caption":"Remember Forever"},"image":{"@id":"https:\/\/www.rememberme-forever.com\/pl\/#\/schema\/logo\/image\/"}}]}},"acf":[],"_links":{"self":[{"href":"https:\/\/www.rememberme-forever.com\/pl\/wp-json\/wp\/v2\/product\/18113","targetHints":{"allow":["GET"]}}],"collection":[{"href":"https:\/\/www.rememberme-forever.com\/pl\/wp-json\/wp\/v2\/product"}],"about":[{"href":"https:\/\/www.rememberme-forever.com\/pl\/wp-json\/wp\/v2\/types\/product"}],"wp:featuredmedia":[{"embeddable":true,"href":"https:\/\/www.rememberme-forever.com\/pl\/wp-json\/wp\/v2\/media\/18116"}],"wp:attachment":[{"href":"https:\/\/www.rememberme-forever.com\/pl\/wp-json\/wp\/v2\/media?parent=18113"}],"wp:term":[{"taxonomy":"product_brand","embeddable":true,"href":"https:\/\/www.rememberme-forever.com\/pl\/wp-json\/wp\/v2\/product_brand?post=18113"},{"taxonomy":"product_cat","embeddable":true,"href":"https:\/\/www.rememberme-forever.com\/pl\/wp-json\/wp\/v2\/product_cat?post=18113"},{"taxonomy":"product_tag","embeddable":true,"href":"https:\/\/www.rememberme-forever.com\/pl\/wp-json\/wp\/v2\/product_tag?post=18113"}],"curies":[{"name":"wp","href":"https:\/\/api.w.org\/{rel}","templated":true}]}}