{"id":24666,"date":"2026-02-09T14:37:58","date_gmt":"2026-02-09T13:37:58","guid":{"rendered":"https:\/\/www.rememberme-forever.com\/product\/artystyczna-urna-kremacyjna-na-prochy-dziecka\/"},"modified":"2026-02-09T15:45:05","modified_gmt":"2026-02-09T14:45:05","slug":"artystyczna-urna-kremacyjna-na-prochy-dziecka","status":"publish","type":"product","link":"https:\/\/www.rememberme-forever.com\/pl\/produkt\/artystyczna-urna-kremacyjna-na-prochy-dziecka\/","title":{"rendered":"Artystyczna urna kremacyjna na prochy dziecka"},"content":{"rendered":"<section class=\"section\">\n<div class=\"item item-12\">\n<section class=\"text-item\">\n<p style=\"text-align: center;\" data-start=\"4409\" data-end=\"4551\">Ta artystyczna urna kremacyjna to wyj\u0105tkowy i godny spos\u00f3b na upami\u0119tnienie ukochanego dziecka, \u0142\u0105cz\u0105cy kunszt wykonania z wyrazistym designem.<\/p>\n<p style=\"text-align: center;\" data-start=\"4553\" data-end=\"4781\">Urna sk\u0142ada si\u0119 z r\u0119cznie malowanej kuli ze stali nierdzewnej, starannie zdobionej r\u0119cznie, tworz\u0105c unikatowy, artystyczny pomnik. Ka\u017cdy element jest malowany indywidualnie, co sprawia, \u017ce \u200b\u200bka\u017cda urna wyr\u00f3\u017cnia si\u0119 niepowtarzalnym kolorem, detalami i charakterem.<\/p>\n<p style=\"text-align: center;\" data-start=\"4783\" data-end=\"5040\">Kula spoczywa na solidnej, marmurowej podstawie, zapewniaj\u0105c stabilno\u015b\u0107, elegancj\u0119 i ponadczasowy wygl\u0105d. Prochy umieszczane s\u0105 dyskretnie przez otw\u00f3r w podstawie, kt\u00f3ry mo\u017cna wype\u0142ni\u0107, zabezpieczony wkr\u0119canym korkiem, co zapewnia bezpieczne i pe\u0142ne szacunku przechowywanie.<\/p>\n<p style=\"text-align: center;\" data-start=\"5042\" data-end=\"5291\">Po\u0142\u0105czenie wytrzyma\u0142ej stali nierdzewnej, naturalnego marmuru i r\u0119cznie malowanego kunsztu tworzy urn\u0119, kt\u00f3ra \u0142\u0105czy w sobie pi\u0119kno, wytrzyma\u0142o\u015b\u0107 i pami\u0119\u0107. Urna ta nadaje si\u0119 do ekspozycji w domu, kolumbarium lub jako dekoracyjny element pami\u0105tkowy.<\/p>\n<p style=\"text-align: center;\" data-start=\"5293\" data-end=\"5431\">Zaprojektowana dla tych, kt\u00f3rzy szukaj\u0105 czego\u015b naprawd\u0119 wyj\u0105tkowego, ta urna stanowi trwa\u0142y ho\u0142d, kt\u00f3ry oddaje ho\u0142d pami\u0119ci poprzez sztuk\u0119 i kunszt.<\/p>\n<div style=\"width: 100%; margin-bottom: 40px; height: max-content; padding-bottom: 60%; position: relative;\"><iframe style=\"position: absolute; top: 0; left: 0; width: 100%; height: 100%;\" src=\"https:\/\/rememberme-urns.com\/custom-urn-for-a-baby-with-mickey-mouse-race\/\" frameborder=\"0\"><\/iframe><\/div>\n<div style=\"color: red; text-align: center; margin-bottom: 25px;\">\n<p>&gt;&gt; Obr\u00f3t zdj\u0119cia &#8211; dotknij\/powi\u0119ksz &lt;&lt;<\/p>\n<\/div>\n<div id=\"kpm-root\" class=\"kpm_LTR notranslate\"><\/div>\n<div id=\"kpm-root\" class=\"kpm_LTR notranslate\"><\/div>\n<\/section>\n<\/div>\n<\/section>\n<section class=\"section\">\n<div class=\"item item-12\">\n<section class=\"text-item\">\n<p style=\"text-align: center;\"><strong>\u25ba PERSONALIZACJA \u25c4<\/strong><\/p>\n<p style=\"text-align: center;\">\u2714\ufe0f Je\u015bli wybierzesz spersonalizowan\u0105 tabliczk\u0119, wpisz tekst w odpowiednim miejscu lub wy\u015blij nam wiadomo\u015b\u0107.<\/p>\n<p style=\"text-align: center;\">\u2714\ufe0f Spersonalizowan\u0105 tabliczk\u0119 pami\u0105tkow\u0105 nale\u017cy spersonalizowa\u0107 podczas sk\u0142adania zam\u00f3wienia. (Nie martw si\u0119, je\u015bli zapomnisz, zawsze mo\u017cesz wys\u0142a\u0107 nam wiadomo\u015b\u0107 p\u00f3\u017aniej).<\/p>\n<p style=\"text-align: center;\"><b>Ograniczenia dotycz\u0105ce tekstu s\u0105 nast\u0119puj\u0105ce:<\/b><\/p>\n<p style=\"text-align: center;\"><span style=\"color: var(--text-color); font-size: 14px;\">Imi\u0119\/imiona do 24 znak\u00f3w<\/span><\/p>\n<p style=\"text-align: center;\"><span style=\"color: var(--text-color); font-size: 14px;\">Data urodzenia i \u015bmierci do 24 znak\u00f3w<\/span><\/p>\n<p style=\"text-align: center;\"><span style=\"color: var(--text-color); font-size: 14px;\">Trzecia linijka do 24 znak\u00f3w<\/span><\/p>\n<p style=\"text-align: center;\"><span style=\"font-size: 14px;\">Czwarta linijka do 24 znak\u00f3w<\/span><\/p>\n<p style=\"text-align: center;\"><span style=\"font-size: 14px;\">Pi\u0105ta linijka do 24 znak\u00f3w<\/span><\/p>\n<div style=\"text-align: center;\"><\/div>\n<p style=\"text-align: center;\">\u2714\ufe0f Przed dodaniem produktu do koszyka prosimy o DOK\u0141ADNE SPRAWDZENIE tekstu grawerunku. Kopiujemy i grawerujemy dok\u0142adnie te informacje, kt\u00f3re otrzymali\u015bmy wraz z zam\u00f3wieniem i nie wprowadzamy \u017cadnych zmian po naszej stronie.<\/p>\n<p style=\"text-align: center;\">\u2714\ufe0f Sprawd\u017a tekst aby upewni\u0107 si\u0119, \u017ce pisownia jest poprawna.<\/p>\n<p style=\"text-align: center;\">\u2714\ufe0f NIE wprowadzaj informacji o grawerunku, je\u015bli kupujesz opcj\u0119 \u201eUrn bez tabliczki\u201d.<\/p>\n<\/section>\n<\/div>\n<\/section>\n","protected":false},"excerpt":{"rendered":"<p>Ta artystyczna urna kremacyjna to wyj\u0105tkowy i godny spos\u00f3b na upami\u0119tnienie ukochanego dziecka, \u0142\u0105cz\u0105cy kunszt wykonania z wyrazistym designem. Urna sk\u0142ada si\u0119 z r\u0119cznie malowanej&#8230;<\/p>\n","protected":false},"featured_media":24659,"template":"","meta":{"_acf_changed":false},"product_brand":[],"product_cat":[89],"product_tag":[3347],"class_list":{"0":"post-24666","1":"product","2":"type-product","3":"status-publish","4":"has-post-thumbnail","6":"product_cat-urny-dzieciece","7":"product_tag-gpsr-metal_stonebase","8":"product_shipping_class-art-urns-kule-do20cm-pl","10":"first","11":"instock","12":"taxable","13":"shipping-taxable","14":"purchasable","15":"product-type-simple"},"yoast_head":"<!-- This site is optimized with the Yoast SEO plugin v27.4 - https:\/\/yoast.com\/product\/yoast-seo-wordpress\/ -->\n<title>Artystyczna urna kremacyjna na prochy dziecka - Remember Forever<\/title>\n<meta name=\"robots\" content=\"index, follow, max-snippet:-1, max-image-preview:large, max-video-preview:-1\" \/>\n<link rel=\"canonical\" href=\"https:\/\/www.rememberme-forever.com\/pl\/produkt\/artystyczna-urna-kremacyjna-na-prochy-dziecka\/\" \/>\n<meta property=\"og:locale\" content=\"pl_PL\" \/>\n<meta property=\"og:type\" content=\"article\" \/>\n<meta property=\"og:title\" content=\"Artystyczna urna kremacyjna na prochy dziecka - Remember Forever\" \/>\n<meta property=\"og:description\" content=\"Ta artystyczna urna kremacyjna to wyj\u0105tkowy i godny spos\u00f3b na upami\u0119tnienie ukochanego dziecka, \u0142\u0105cz\u0105cy kunszt wykonania z wyrazistym designem. Urna sk\u0142ada si\u0119 z r\u0119cznie malowanej...\" \/>\n<meta property=\"og:url\" content=\"https:\/\/www.rememberme-forever.com\/pl\/produkt\/artystyczna-urna-kremacyjna-na-prochy-dziecka\/\" \/>\n<meta property=\"og:site_name\" content=\"Remember Forever\" \/>\n<meta property=\"article:modified_time\" content=\"2026-02-09T14:45:05+00:00\" \/>\n<meta property=\"og:image\" content=\"http:\/\/www.rememberme-forever.com\/wp-content\/uploads\/2026\/02\/Hand-Painted-Memorial-Urn-with-Stainless-Steel-Sphere-on-Marble-Base-\u2013-Front-View.jpg\" \/>\n\t<meta property=\"og:image:width\" content=\"1007\" \/>\n\t<meta property=\"og:image:height\" content=\"1024\" \/>\n\t<meta property=\"og:image:type\" content=\"image\/jpeg\" \/>\n<meta name=\"twitter:card\" content=\"summary_large_image\" \/>\n<meta name=\"twitter:label1\" content=\"Szacowany czas czytania\" \/>\n\t<meta name=\"twitter:data1\" content=\"2 minuta\" \/>\n<script type=\"application\/ld+json\" class=\"yoast-schema-graph\">{\"@context\":\"https:\\\/\\\/schema.org\",\"@graph\":[{\"@type\":\"WebPage\",\"@id\":\"https:\\\/\\\/www.rememberme-forever.com\\\/pl\\\/produkt\\\/artystyczna-urna-kremacyjna-na-prochy-dziecka\\\/\",\"url\":\"https:\\\/\\\/www.rememberme-forever.com\\\/pl\\\/produkt\\\/artystyczna-urna-kremacyjna-na-prochy-dziecka\\\/\",\"name\":\"Artystyczna urna kremacyjna na prochy dziecka - Remember Forever\",\"isPartOf\":{\"@id\":\"https:\\\/\\\/www.rememberme-forever.com\\\/pl\\\/#website\"},\"primaryImageOfPage\":{\"@id\":\"https:\\\/\\\/www.rememberme-forever.com\\\/pl\\\/produkt\\\/artystyczna-urna-kremacyjna-na-prochy-dziecka\\\/#primaryimage\"},\"image\":{\"@id\":\"https:\\\/\\\/www.rememberme-forever.com\\\/pl\\\/produkt\\\/artystyczna-urna-kremacyjna-na-prochy-dziecka\\\/#primaryimage\"},\"thumbnailUrl\":\"https:\\\/\\\/www.rememberme-forever.com\\\/wp-content\\\/uploads\\\/2026\\\/02\\\/Hand-Painted-Memorial-Urn-with-Stainless-Steel-Sphere-on-Marble-Base-\u2013-Front-View.jpg\",\"datePublished\":\"2026-02-09T13:37:58+00:00\",\"dateModified\":\"2026-02-09T14:45:05+00:00\",\"breadcrumb\":{\"@id\":\"https:\\\/\\\/www.rememberme-forever.com\\\/pl\\\/produkt\\\/artystyczna-urna-kremacyjna-na-prochy-dziecka\\\/#breadcrumb\"},\"inLanguage\":\"pl-PL\",\"potentialAction\":[{\"@type\":\"ReadAction\",\"target\":[\"https:\\\/\\\/www.rememberme-forever.com\\\/pl\\\/produkt\\\/artystyczna-urna-kremacyjna-na-prochy-dziecka\\\/\"]}]},{\"@type\":\"ImageObject\",\"inLanguage\":\"pl-PL\",\"@id\":\"https:\\\/\\\/www.rememberme-forever.com\\\/pl\\\/produkt\\\/artystyczna-urna-kremacyjna-na-prochy-dziecka\\\/#primaryimage\",\"url\":\"https:\\\/\\\/www.rememberme-forever.com\\\/wp-content\\\/uploads\\\/2026\\\/02\\\/Hand-Painted-Memorial-Urn-with-Stainless-Steel-Sphere-on-Marble-Base-\u2013-Front-View.jpg\",\"contentUrl\":\"https:\\\/\\\/www.rememberme-forever.com\\\/wp-content\\\/uploads\\\/2026\\\/02\\\/Hand-Painted-Memorial-Urn-with-Stainless-Steel-Sphere-on-Marble-Base-\u2013-Front-View.jpg\",\"width\":1007,\"height\":1024,\"caption\":\"R\u0119cznie malowana kula ze stali nierdzewnej do urny kremacyjnej na bia\u0142ej, marmurowej podstawie z kolorowymi, malowniczymi motywami\"},{\"@type\":\"BreadcrumbList\",\"@id\":\"https:\\\/\\\/www.rememberme-forever.com\\\/pl\\\/produkt\\\/artystyczna-urna-kremacyjna-na-prochy-dziecka\\\/#breadcrumb\",\"itemListElement\":[{\"@type\":\"ListItem\",\"position\":1,\"name\":\"Home\",\"item\":\"https:\\\/\\\/www.rememberme-forever.com\\\/pl\\\/strona-glowna\\\/\"},{\"@type\":\"ListItem\",\"position\":2,\"name\":\"Sklep\",\"item\":\"https:\\\/\\\/www.rememberme-forever.com\\\/pl\\\/sklep-2\\\/\"},{\"@type\":\"ListItem\",\"position\":3,\"name\":\"Artystyczna urna kremacyjna na prochy dziecka\"}]},{\"@type\":\"WebSite\",\"@id\":\"https:\\\/\\\/www.rememberme-forever.com\\\/pl\\\/#website\",\"url\":\"https:\\\/\\\/www.rememberme-forever.com\\\/pl\\\/\",\"name\":\"Remember Forever\",\"description\":\"Cremation urns, funeral urns, urns for ashes\",\"publisher\":{\"@id\":\"https:\\\/\\\/www.rememberme-forever.com\\\/pl\\\/#organization\"},\"potentialAction\":[{\"@type\":\"SearchAction\",\"target\":{\"@type\":\"EntryPoint\",\"urlTemplate\":\"https:\\\/\\\/www.rememberme-forever.com\\\/pl\\\/?s={search_term_string}\"},\"query-input\":{\"@type\":\"PropertyValueSpecification\",\"valueRequired\":true,\"valueName\":\"search_term_string\"}}],\"inLanguage\":\"pl-PL\"},{\"@type\":\"Organization\",\"@id\":\"https:\\\/\\\/www.rememberme-forever.com\\\/pl\\\/#organization\",\"name\":\"Remember Forever\",\"url\":\"https:\\\/\\\/www.rememberme-forever.com\\\/pl\\\/\",\"logo\":{\"@type\":\"ImageObject\",\"inLanguage\":\"pl-PL\",\"@id\":\"https:\\\/\\\/www.rememberme-forever.com\\\/pl\\\/#\\\/schema\\\/logo\\\/image\\\/\",\"url\":\"https:\\\/\\\/www.rememberme-forever.com\\\/wp-content\\\/uploads\\\/2023\\\/02\\\/logo.png\",\"contentUrl\":\"https:\\\/\\\/www.rememberme-forever.com\\\/wp-content\\\/uploads\\\/2023\\\/02\\\/logo.png\",\"width\":300,\"height\":56,\"caption\":\"Remember Forever\"},\"image\":{\"@id\":\"https:\\\/\\\/www.rememberme-forever.com\\\/pl\\\/#\\\/schema\\\/logo\\\/image\\\/\"}}]}<\/script>\n<!-- \/ Yoast SEO plugin. -->","yoast_head_json":{"title":"Artystyczna urna kremacyjna na prochy dziecka - Remember Forever","robots":{"index":"index","follow":"follow","max-snippet":"max-snippet:-1","max-image-preview":"max-image-preview:large","max-video-preview":"max-video-preview:-1"},"canonical":"https:\/\/www.rememberme-forever.com\/pl\/produkt\/artystyczna-urna-kremacyjna-na-prochy-dziecka\/","og_locale":"pl_PL","og_type":"article","og_title":"Artystyczna urna kremacyjna na prochy dziecka - Remember Forever","og_description":"Ta artystyczna urna kremacyjna to wyj\u0105tkowy i godny spos\u00f3b na upami\u0119tnienie ukochanego dziecka, \u0142\u0105cz\u0105cy kunszt wykonania z wyrazistym designem. Urna sk\u0142ada si\u0119 z r\u0119cznie malowanej...","og_url":"https:\/\/www.rememberme-forever.com\/pl\/produkt\/artystyczna-urna-kremacyjna-na-prochy-dziecka\/","og_site_name":"Remember Forever","article_modified_time":"2026-02-09T14:45:05+00:00","og_image":[{"width":1007,"height":1024,"url":"http:\/\/www.rememberme-forever.com\/wp-content\/uploads\/2026\/02\/Hand-Painted-Memorial-Urn-with-Stainless-Steel-Sphere-on-Marble-Base-\u2013-Front-View.jpg","type":"image\/jpeg"}],"twitter_card":"summary_large_image","twitter_misc":{"Szacowany czas czytania":"2 minuta"},"schema":{"@context":"https:\/\/schema.org","@graph":[{"@type":"WebPage","@id":"https:\/\/www.rememberme-forever.com\/pl\/produkt\/artystyczna-urna-kremacyjna-na-prochy-dziecka\/","url":"https:\/\/www.rememberme-forever.com\/pl\/produkt\/artystyczna-urna-kremacyjna-na-prochy-dziecka\/","name":"Artystyczna urna kremacyjna na prochy dziecka - Remember Forever","isPartOf":{"@id":"https:\/\/www.rememberme-forever.com\/pl\/#website"},"primaryImageOfPage":{"@id":"https:\/\/www.rememberme-forever.com\/pl\/produkt\/artystyczna-urna-kremacyjna-na-prochy-dziecka\/#primaryimage"},"image":{"@id":"https:\/\/www.rememberme-forever.com\/pl\/produkt\/artystyczna-urna-kremacyjna-na-prochy-dziecka\/#primaryimage"},"thumbnailUrl":"https:\/\/www.rememberme-forever.com\/wp-content\/uploads\/2026\/02\/Hand-Painted-Memorial-Urn-with-Stainless-Steel-Sphere-on-Marble-Base-\u2013-Front-View.jpg","datePublished":"2026-02-09T13:37:58+00:00","dateModified":"2026-02-09T14:45:05+00:00","breadcrumb":{"@id":"https:\/\/www.rememberme-forever.com\/pl\/produkt\/artystyczna-urna-kremacyjna-na-prochy-dziecka\/#breadcrumb"},"inLanguage":"pl-PL","potentialAction":[{"@type":"ReadAction","target":["https:\/\/www.rememberme-forever.com\/pl\/produkt\/artystyczna-urna-kremacyjna-na-prochy-dziecka\/"]}]},{"@type":"ImageObject","inLanguage":"pl-PL","@id":"https:\/\/www.rememberme-forever.com\/pl\/produkt\/artystyczna-urna-kremacyjna-na-prochy-dziecka\/#primaryimage","url":"https:\/\/www.rememberme-forever.com\/wp-content\/uploads\/2026\/02\/Hand-Painted-Memorial-Urn-with-Stainless-Steel-Sphere-on-Marble-Base-\u2013-Front-View.jpg","contentUrl":"https:\/\/www.rememberme-forever.com\/wp-content\/uploads\/2026\/02\/Hand-Painted-Memorial-Urn-with-Stainless-Steel-Sphere-on-Marble-Base-\u2013-Front-View.jpg","width":1007,"height":1024,"caption":"R\u0119cznie malowana kula ze stali nierdzewnej do urny kremacyjnej na bia\u0142ej, marmurowej podstawie z kolorowymi, malowniczymi motywami"},{"@type":"BreadcrumbList","@id":"https:\/\/www.rememberme-forever.com\/pl\/produkt\/artystyczna-urna-kremacyjna-na-prochy-dziecka\/#breadcrumb","itemListElement":[{"@type":"ListItem","position":1,"name":"Home","item":"https:\/\/www.rememberme-forever.com\/pl\/strona-glowna\/"},{"@type":"ListItem","position":2,"name":"Sklep","item":"https:\/\/www.rememberme-forever.com\/pl\/sklep-2\/"},{"@type":"ListItem","position":3,"name":"Artystyczna urna kremacyjna na prochy dziecka"}]},{"@type":"WebSite","@id":"https:\/\/www.rememberme-forever.com\/pl\/#website","url":"https:\/\/www.rememberme-forever.com\/pl\/","name":"Remember Forever","description":"Cremation urns, funeral urns, urns for ashes","publisher":{"@id":"https:\/\/www.rememberme-forever.com\/pl\/#organization"},"potentialAction":[{"@type":"SearchAction","target":{"@type":"EntryPoint","urlTemplate":"https:\/\/www.rememberme-forever.com\/pl\/?s={search_term_string}"},"query-input":{"@type":"PropertyValueSpecification","valueRequired":true,"valueName":"search_term_string"}}],"inLanguage":"pl-PL"},{"@type":"Organization","@id":"https:\/\/www.rememberme-forever.com\/pl\/#organization","name":"Remember Forever","url":"https:\/\/www.rememberme-forever.com\/pl\/","logo":{"@type":"ImageObject","inLanguage":"pl-PL","@id":"https:\/\/www.rememberme-forever.com\/pl\/#\/schema\/logo\/image\/","url":"https:\/\/www.rememberme-forever.com\/wp-content\/uploads\/2023\/02\/logo.png","contentUrl":"https:\/\/www.rememberme-forever.com\/wp-content\/uploads\/2023\/02\/logo.png","width":300,"height":56,"caption":"Remember Forever"},"image":{"@id":"https:\/\/www.rememberme-forever.com\/pl\/#\/schema\/logo\/image\/"}}]}},"acf":[],"_links":{"self":[{"href":"https:\/\/www.rememberme-forever.com\/pl\/wp-json\/wp\/v2\/product\/24666","targetHints":{"allow":["GET"]}}],"collection":[{"href":"https:\/\/www.rememberme-forever.com\/pl\/wp-json\/wp\/v2\/product"}],"about":[{"href":"https:\/\/www.rememberme-forever.com\/pl\/wp-json\/wp\/v2\/types\/product"}],"wp:featuredmedia":[{"embeddable":true,"href":"https:\/\/www.rememberme-forever.com\/pl\/wp-json\/wp\/v2\/media\/24659"}],"wp:attachment":[{"href":"https:\/\/www.rememberme-forever.com\/pl\/wp-json\/wp\/v2\/media?parent=24666"}],"wp:term":[{"taxonomy":"product_brand","embeddable":true,"href":"https:\/\/www.rememberme-forever.com\/pl\/wp-json\/wp\/v2\/product_brand?post=24666"},{"taxonomy":"product_cat","embeddable":true,"href":"https:\/\/www.rememberme-forever.com\/pl\/wp-json\/wp\/v2\/product_cat?post=24666"},{"taxonomy":"product_tag","embeddable":true,"href":"https:\/\/www.rememberme-forever.com\/pl\/wp-json\/wp\/v2\/product_tag?post=24666"}],"curies":[{"name":"wp","href":"https:\/\/api.w.org\/{rel}","templated":true}]}}