{"id":27039,"date":"2026-03-04T08:41:21","date_gmt":"2026-03-04T07:41:21","guid":{"rendered":"https:\/\/www.rememberme-forever.com\/product\/urna-z-litego-drewna-na-prochy-drewniana-urna-kremacyjna-dla-doroslych\/"},"modified":"2026-03-10T16:08:14","modified_gmt":"2026-03-10T15:08:14","slug":"urna-z-litego-drewna-na-prochy-drewniana-urna-kremacyjna-dla-doroslych","status":"publish","type":"product","link":"https:\/\/www.rememberme-forever.com\/pl\/produkt\/urna-z-litego-drewna-na-prochy-drewniana-urna-kremacyjna-dla-doroslych\/","title":{"rendered":"Urna z litego drewna na prochy \u2013 Drewniana urna kremacyjna dla doros\u0142ych"},"content":{"rendered":"<section class=\"section\">\n<div class=\"item item-12\">\n<section class=\"text-item\">\n<p style=\"text-align: center;\" data-start=\"186\" data-end=\"415\"><span style=\"font-size: 14px; font-weight: normal; color: #000000;\">Uczcij cenne \u017cycie t\u0105 <span data-start=\"225\" data-end=\"287\">urn\u0105 kremacyjn\u0105 dla doros\u0142ych, r\u0119cznie wykonan\u0105 z litego drewna bukowego<\/span>. Starannie zaprojektowana, aby zapewni\u0107 godne i trwa\u0142e miejsce spoczynku, urna ta \u0142\u0105czy w sobie ponadczasow\u0105 elegancj\u0119 z naturalnym ciep\u0142em. <\/span><\/p>\n<p style=\"text-align: center;\" data-start=\"417\" data-end=\"698\"><span style=\"font-size: 14px; font-weight: normal; color: #000000;\">Fachowo wykonana z najwy\u017cszej jako\u015bci litego drewna bukowego, ka\u017cda urna podkre\u015bla unikalne wzory s\u0142oj\u00f3w drewna i bogate odcienie, kt\u00f3re sprawiaj\u0105, \u017ce ka\u017cdy egzemplarz jest jedyny w swoim rodzaju. G\u0142adka, wyrafinowana sylwetka tworzy nowoczesn\u0105, a jednocze\u015bnie klasyczn\u0105 prezencj\u0119, odpowiedni\u0105 zar\u00f3wno do tradycyjnych, jak i wsp\u00f3\u0142czesnych miejsc pami\u0119ci. <\/span><\/p>\n<p style=\"text-align: center;\" data-start=\"700\" data-end=\"971\"><span style=\"font-size: 14px; font-weight: normal; color: #000000;\">Precyzyjnie dopasowana pokrywa zapewnia bezpiecze\u0144stwo i ochron\u0119 proch\u00f3w, daj\u0105c spok\u00f3j ducha, jednocze\u015bnie honoruj\u0105c blisk\u0105 osob\u0119 z szacunkiem i trosk\u0105. Jej subtelny design pozwala na pi\u0119kne wyeksponowanie w domu, podczas nabo\u017ce\u0144stw \u017ca\u0142obnych lub umieszczenie w kolumbarium. <\/span><\/p>\n<p style=\"text-align: center;\" data-start=\"973\" data-end=\"1124\"><span style=\"font-size: 14px; font-weight: normal; color: #000000;\">Mocne, trwa\u0142e i naturalnie pi\u0119kne drewno bukowe symbolizuje odporno\u015b\u0107 i pami\u0119\u0107 \u2013 czyni\u0105c t\u0119 urn\u0119 znacz\u0105cym ho\u0142dem dla dobrze prze\u017cytego \u017cycia.<\/span><\/p>\n<p style=\"text-align: center;\" data-start=\"1126\" data-end=\"1287\"><span style=\"font-size: 14px; font-weight: normal; color: #000000;\">Idealny wyb\u00f3r dla os\u00f3b poszukuj\u0105cych <span data-start=\"1162\" data-end=\"1194\">naturalnej drewnianej urny na prochy<\/span>, minimalistycznego elementu pami\u0119ci lub r\u0119cznie wykonanego prezentu wyra\u017caj\u0105cego wsp\u00f3\u0142czucie, kt\u00f3ry odzwierciedla godno\u015b\u0107 i mi\u0142o\u015b\u0107.<\/span><\/p>\n<\/section>\n<\/div>\n<\/section>\n","protected":false},"excerpt":{"rendered":"<p>Uczcij cenne \u017cycie t\u0105 urn\u0105 kremacyjn\u0105 dla doros\u0142ych, r\u0119cznie wykonan\u0105 z litego drewna bukowego. Starannie zaprojektowana, aby zapewni\u0107 godne i trwa\u0142e miejsce spoczynku, urna ta&#8230;<\/p>\n","protected":false},"featured_media":27024,"template":"","meta":{"_acf_changed":false},"product_brand":[],"product_cat":[93],"product_tag":[3308],"class_list":{"0":"post-27039","1":"product","2":"type-product","3":"status-publish","4":"has-post-thumbnail","6":"product_cat-urny-drewniane","7":"product_tag-gpsr-all-wood-urns","8":"product_shipping_class-wood-urns-pl","10":"first","11":"instock","12":"taxable","13":"shipping-taxable","14":"purchasable","15":"product-type-simple"},"yoast_head":"<!-- This site is optimized with the Yoast SEO plugin v27.4 - https:\/\/yoast.com\/product\/yoast-seo-wordpress\/ -->\n<title>Urna z litego drewna na prochy \u2013 Drewniana urna kremacyjna dla doros\u0142ych - Remember Forever<\/title>\n<meta name=\"robots\" content=\"index, follow, max-snippet:-1, max-image-preview:large, max-video-preview:-1\" \/>\n<link rel=\"canonical\" href=\"https:\/\/www.rememberme-forever.com\/pl\/produkt\/urna-z-litego-drewna-na-prochy-drewniana-urna-kremacyjna-dla-doroslych\/\" \/>\n<meta property=\"og:locale\" content=\"pl_PL\" \/>\n<meta property=\"og:type\" content=\"article\" \/>\n<meta property=\"og:title\" content=\"Urna z litego drewna na prochy \u2013 Drewniana urna kremacyjna dla doros\u0142ych - Remember Forever\" \/>\n<meta property=\"og:description\" content=\"Uczcij cenne \u017cycie t\u0105 urn\u0105 kremacyjn\u0105 dla doros\u0142ych, r\u0119cznie wykonan\u0105 z litego drewna bukowego. Starannie zaprojektowana, aby zapewni\u0107 godne i trwa\u0142e miejsce spoczynku, urna ta...\" \/>\n<meta property=\"og:url\" content=\"https:\/\/www.rememberme-forever.com\/pl\/produkt\/urna-z-litego-drewna-na-prochy-drewniana-urna-kremacyjna-dla-doroslych\/\" \/>\n<meta property=\"og:site_name\" content=\"Remember Forever\" \/>\n<meta property=\"article:modified_time\" content=\"2026-03-10T15:08:14+00:00\" \/>\n<meta property=\"og:image\" content=\"https:\/\/www.rememberme-forever.com\/wp-content\/uploads\/2026\/03\/wooden-cremation-urn-for-adult_0001.jpg\" \/>\n\t<meta property=\"og:image:width\" content=\"1007\" \/>\n\t<meta property=\"og:image:height\" content=\"1024\" \/>\n\t<meta property=\"og:image:type\" content=\"image\/jpeg\" \/>\n<meta name=\"twitter:card\" content=\"summary_large_image\" \/>\n<meta name=\"twitter:label1\" content=\"Szacowany czas czytania\" \/>\n\t<meta name=\"twitter:data1\" content=\"1 minuta\" \/>\n<script type=\"application\/ld+json\" class=\"yoast-schema-graph\">{\"@context\":\"https:\\\/\\\/schema.org\",\"@graph\":[{\"@type\":\"WebPage\",\"@id\":\"https:\\\/\\\/www.rememberme-forever.com\\\/pl\\\/produkt\\\/urna-z-litego-drewna-na-prochy-drewniana-urna-kremacyjna-dla-doroslych\\\/\",\"url\":\"https:\\\/\\\/www.rememberme-forever.com\\\/pl\\\/produkt\\\/urna-z-litego-drewna-na-prochy-drewniana-urna-kremacyjna-dla-doroslych\\\/\",\"name\":\"Urna z litego drewna na prochy \u2013 Drewniana urna kremacyjna dla doros\u0142ych - Remember Forever\",\"isPartOf\":{\"@id\":\"https:\\\/\\\/www.rememberme-forever.com\\\/pl\\\/#website\"},\"primaryImageOfPage\":{\"@id\":\"https:\\\/\\\/www.rememberme-forever.com\\\/pl\\\/produkt\\\/urna-z-litego-drewna-na-prochy-drewniana-urna-kremacyjna-dla-doroslych\\\/#primaryimage\"},\"image\":{\"@id\":\"https:\\\/\\\/www.rememberme-forever.com\\\/pl\\\/produkt\\\/urna-z-litego-drewna-na-prochy-drewniana-urna-kremacyjna-dla-doroslych\\\/#primaryimage\"},\"thumbnailUrl\":\"https:\\\/\\\/www.rememberme-forever.com\\\/wp-content\\\/uploads\\\/2026\\\/03\\\/wooden-cremation-urn-for-adult_0001.jpg\",\"datePublished\":\"2026-03-04T07:41:21+00:00\",\"dateModified\":\"2026-03-10T15:08:14+00:00\",\"breadcrumb\":{\"@id\":\"https:\\\/\\\/www.rememberme-forever.com\\\/pl\\\/produkt\\\/urna-z-litego-drewna-na-prochy-drewniana-urna-kremacyjna-dla-doroslych\\\/#breadcrumb\"},\"inLanguage\":\"pl-PL\",\"potentialAction\":[{\"@type\":\"ReadAction\",\"target\":[\"https:\\\/\\\/www.rememberme-forever.com\\\/pl\\\/produkt\\\/urna-z-litego-drewna-na-prochy-drewniana-urna-kremacyjna-dla-doroslych\\\/\"]}]},{\"@type\":\"ImageObject\",\"inLanguage\":\"pl-PL\",\"@id\":\"https:\\\/\\\/www.rememberme-forever.com\\\/pl\\\/produkt\\\/urna-z-litego-drewna-na-prochy-drewniana-urna-kremacyjna-dla-doroslych\\\/#primaryimage\",\"url\":\"https:\\\/\\\/www.rememberme-forever.com\\\/wp-content\\\/uploads\\\/2026\\\/03\\\/wooden-cremation-urn-for-adult_0001.jpg\",\"contentUrl\":\"https:\\\/\\\/www.rememberme-forever.com\\\/wp-content\\\/uploads\\\/2026\\\/03\\\/wooden-cremation-urn-for-adult_0001.jpg\",\"width\":1007,\"height\":1024,\"caption\":\"Drewniana urna kremacyjna dla doros\u0142ych \u2013 r\u0119cznie wykonana urna pami\u0105tkowa z litego drewna, widok z przodu\"},{\"@type\":\"BreadcrumbList\",\"@id\":\"https:\\\/\\\/www.rememberme-forever.com\\\/pl\\\/produkt\\\/urna-z-litego-drewna-na-prochy-drewniana-urna-kremacyjna-dla-doroslych\\\/#breadcrumb\",\"itemListElement\":[{\"@type\":\"ListItem\",\"position\":1,\"name\":\"Home\",\"item\":\"https:\\\/\\\/www.rememberme-forever.com\\\/pl\\\/strona-glowna\\\/\"},{\"@type\":\"ListItem\",\"position\":2,\"name\":\"Sklep\",\"item\":\"https:\\\/\\\/www.rememberme-forever.com\\\/pl\\\/sklep-2\\\/\"},{\"@type\":\"ListItem\",\"position\":3,\"name\":\"Urna z litego drewna na prochy \u2013 Drewniana urna kremacyjna dla doros\u0142ych\"}]},{\"@type\":\"WebSite\",\"@id\":\"https:\\\/\\\/www.rememberme-forever.com\\\/pl\\\/#website\",\"url\":\"https:\\\/\\\/www.rememberme-forever.com\\\/pl\\\/\",\"name\":\"Remember Forever\",\"description\":\"Cremation urns, funeral urns, urns for ashes\",\"publisher\":{\"@id\":\"https:\\\/\\\/www.rememberme-forever.com\\\/pl\\\/#organization\"},\"potentialAction\":[{\"@type\":\"SearchAction\",\"target\":{\"@type\":\"EntryPoint\",\"urlTemplate\":\"https:\\\/\\\/www.rememberme-forever.com\\\/pl\\\/?s={search_term_string}\"},\"query-input\":{\"@type\":\"PropertyValueSpecification\",\"valueRequired\":true,\"valueName\":\"search_term_string\"}}],\"inLanguage\":\"pl-PL\"},{\"@type\":\"Organization\",\"@id\":\"https:\\\/\\\/www.rememberme-forever.com\\\/pl\\\/#organization\",\"name\":\"Remember Forever\",\"url\":\"https:\\\/\\\/www.rememberme-forever.com\\\/pl\\\/\",\"logo\":{\"@type\":\"ImageObject\",\"inLanguage\":\"pl-PL\",\"@id\":\"https:\\\/\\\/www.rememberme-forever.com\\\/pl\\\/#\\\/schema\\\/logo\\\/image\\\/\",\"url\":\"https:\\\/\\\/www.rememberme-forever.com\\\/wp-content\\\/uploads\\\/2023\\\/02\\\/logo.png\",\"contentUrl\":\"https:\\\/\\\/www.rememberme-forever.com\\\/wp-content\\\/uploads\\\/2023\\\/02\\\/logo.png\",\"width\":300,\"height\":56,\"caption\":\"Remember Forever\"},\"image\":{\"@id\":\"https:\\\/\\\/www.rememberme-forever.com\\\/pl\\\/#\\\/schema\\\/logo\\\/image\\\/\"}}]}<\/script>\n<!-- \/ Yoast SEO plugin. -->","yoast_head_json":{"title":"Urna z litego drewna na prochy \u2013 Drewniana urna kremacyjna dla doros\u0142ych - Remember Forever","robots":{"index":"index","follow":"follow","max-snippet":"max-snippet:-1","max-image-preview":"max-image-preview:large","max-video-preview":"max-video-preview:-1"},"canonical":"https:\/\/www.rememberme-forever.com\/pl\/produkt\/urna-z-litego-drewna-na-prochy-drewniana-urna-kremacyjna-dla-doroslych\/","og_locale":"pl_PL","og_type":"article","og_title":"Urna z litego drewna na prochy \u2013 Drewniana urna kremacyjna dla doros\u0142ych - Remember Forever","og_description":"Uczcij cenne \u017cycie t\u0105 urn\u0105 kremacyjn\u0105 dla doros\u0142ych, r\u0119cznie wykonan\u0105 z litego drewna bukowego. Starannie zaprojektowana, aby zapewni\u0107 godne i trwa\u0142e miejsce spoczynku, urna ta...","og_url":"https:\/\/www.rememberme-forever.com\/pl\/produkt\/urna-z-litego-drewna-na-prochy-drewniana-urna-kremacyjna-dla-doroslych\/","og_site_name":"Remember Forever","article_modified_time":"2026-03-10T15:08:14+00:00","og_image":[{"width":1007,"height":1024,"url":"https:\/\/www.rememberme-forever.com\/wp-content\/uploads\/2026\/03\/wooden-cremation-urn-for-adult_0001.jpg","type":"image\/jpeg"}],"twitter_card":"summary_large_image","twitter_misc":{"Szacowany czas czytania":"1 minuta"},"schema":{"@context":"https:\/\/schema.org","@graph":[{"@type":"WebPage","@id":"https:\/\/www.rememberme-forever.com\/pl\/produkt\/urna-z-litego-drewna-na-prochy-drewniana-urna-kremacyjna-dla-doroslych\/","url":"https:\/\/www.rememberme-forever.com\/pl\/produkt\/urna-z-litego-drewna-na-prochy-drewniana-urna-kremacyjna-dla-doroslych\/","name":"Urna z litego drewna na prochy \u2013 Drewniana urna kremacyjna dla doros\u0142ych - Remember Forever","isPartOf":{"@id":"https:\/\/www.rememberme-forever.com\/pl\/#website"},"primaryImageOfPage":{"@id":"https:\/\/www.rememberme-forever.com\/pl\/produkt\/urna-z-litego-drewna-na-prochy-drewniana-urna-kremacyjna-dla-doroslych\/#primaryimage"},"image":{"@id":"https:\/\/www.rememberme-forever.com\/pl\/produkt\/urna-z-litego-drewna-na-prochy-drewniana-urna-kremacyjna-dla-doroslych\/#primaryimage"},"thumbnailUrl":"https:\/\/www.rememberme-forever.com\/wp-content\/uploads\/2026\/03\/wooden-cremation-urn-for-adult_0001.jpg","datePublished":"2026-03-04T07:41:21+00:00","dateModified":"2026-03-10T15:08:14+00:00","breadcrumb":{"@id":"https:\/\/www.rememberme-forever.com\/pl\/produkt\/urna-z-litego-drewna-na-prochy-drewniana-urna-kremacyjna-dla-doroslych\/#breadcrumb"},"inLanguage":"pl-PL","potentialAction":[{"@type":"ReadAction","target":["https:\/\/www.rememberme-forever.com\/pl\/produkt\/urna-z-litego-drewna-na-prochy-drewniana-urna-kremacyjna-dla-doroslych\/"]}]},{"@type":"ImageObject","inLanguage":"pl-PL","@id":"https:\/\/www.rememberme-forever.com\/pl\/produkt\/urna-z-litego-drewna-na-prochy-drewniana-urna-kremacyjna-dla-doroslych\/#primaryimage","url":"https:\/\/www.rememberme-forever.com\/wp-content\/uploads\/2026\/03\/wooden-cremation-urn-for-adult_0001.jpg","contentUrl":"https:\/\/www.rememberme-forever.com\/wp-content\/uploads\/2026\/03\/wooden-cremation-urn-for-adult_0001.jpg","width":1007,"height":1024,"caption":"Drewniana urna kremacyjna dla doros\u0142ych \u2013 r\u0119cznie wykonana urna pami\u0105tkowa z litego drewna, widok z przodu"},{"@type":"BreadcrumbList","@id":"https:\/\/www.rememberme-forever.com\/pl\/produkt\/urna-z-litego-drewna-na-prochy-drewniana-urna-kremacyjna-dla-doroslych\/#breadcrumb","itemListElement":[{"@type":"ListItem","position":1,"name":"Home","item":"https:\/\/www.rememberme-forever.com\/pl\/strona-glowna\/"},{"@type":"ListItem","position":2,"name":"Sklep","item":"https:\/\/www.rememberme-forever.com\/pl\/sklep-2\/"},{"@type":"ListItem","position":3,"name":"Urna z litego drewna na prochy \u2013 Drewniana urna kremacyjna dla doros\u0142ych"}]},{"@type":"WebSite","@id":"https:\/\/www.rememberme-forever.com\/pl\/#website","url":"https:\/\/www.rememberme-forever.com\/pl\/","name":"Remember Forever","description":"Cremation urns, funeral urns, urns for ashes","publisher":{"@id":"https:\/\/www.rememberme-forever.com\/pl\/#organization"},"potentialAction":[{"@type":"SearchAction","target":{"@type":"EntryPoint","urlTemplate":"https:\/\/www.rememberme-forever.com\/pl\/?s={search_term_string}"},"query-input":{"@type":"PropertyValueSpecification","valueRequired":true,"valueName":"search_term_string"}}],"inLanguage":"pl-PL"},{"@type":"Organization","@id":"https:\/\/www.rememberme-forever.com\/pl\/#organization","name":"Remember Forever","url":"https:\/\/www.rememberme-forever.com\/pl\/","logo":{"@type":"ImageObject","inLanguage":"pl-PL","@id":"https:\/\/www.rememberme-forever.com\/pl\/#\/schema\/logo\/image\/","url":"https:\/\/www.rememberme-forever.com\/wp-content\/uploads\/2023\/02\/logo.png","contentUrl":"https:\/\/www.rememberme-forever.com\/wp-content\/uploads\/2023\/02\/logo.png","width":300,"height":56,"caption":"Remember Forever"},"image":{"@id":"https:\/\/www.rememberme-forever.com\/pl\/#\/schema\/logo\/image\/"}}]}},"acf":[],"_links":{"self":[{"href":"https:\/\/www.rememberme-forever.com\/pl\/wp-json\/wp\/v2\/product\/27039","targetHints":{"allow":["GET"]}}],"collection":[{"href":"https:\/\/www.rememberme-forever.com\/pl\/wp-json\/wp\/v2\/product"}],"about":[{"href":"https:\/\/www.rememberme-forever.com\/pl\/wp-json\/wp\/v2\/types\/product"}],"wp:featuredmedia":[{"embeddable":true,"href":"https:\/\/www.rememberme-forever.com\/pl\/wp-json\/wp\/v2\/media\/27024"}],"wp:attachment":[{"href":"https:\/\/www.rememberme-forever.com\/pl\/wp-json\/wp\/v2\/media?parent=27039"}],"wp:term":[{"taxonomy":"product_brand","embeddable":true,"href":"https:\/\/www.rememberme-forever.com\/pl\/wp-json\/wp\/v2\/product_brand?post=27039"},{"taxonomy":"product_cat","embeddable":true,"href":"https:\/\/www.rememberme-forever.com\/pl\/wp-json\/wp\/v2\/product_cat?post=27039"},{"taxonomy":"product_tag","embeddable":true,"href":"https:\/\/www.rememberme-forever.com\/pl\/wp-json\/wp\/v2\/product_tag?post=27039"}],"curies":[{"name":"wp","href":"https:\/\/api.w.org\/{rel}","templated":true}]}}