{"id":27095,"date":"2026-03-04T10:26:10","date_gmt":"2026-03-04T09:26:10","guid":{"rendered":"https:\/\/www.rememberme-forever.com\/product\/drewniana-okragla-urna-klasy-b\/"},"modified":"2026-03-04T11:07:28","modified_gmt":"2026-03-04T10:07:28","slug":"drewniana-okragla-urna-klasy-b","status":"publish","type":"product","link":"https:\/\/www.rememberme-forever.com\/pl\/produkt\/drewniana-okragla-urna-klasy-b\/","title":{"rendered":"Drewniana okr\u0105g\u0142a urna klasy B"},"content":{"rendered":"<section class=\"section\">\n<div class=\"item item-12\">\n<section class=\"text-item\">\n<p style=\"text-align: center;\"><span style=\"font-size: 14px; color: #000000;\">Przedstawiamy eleganck\u0105 <strong>Urn\u0119 Drewnian\u0105 Klasy B<\/strong>, pi\u0119kny i naturalny spos\u00f3b na uhonorowanie pami\u0119ci bliskiej osoby. <\/span><\/p>\n<p style=\"text-align: center;\"><span style=\"font-size: 14px; color: #000000;\"><span style=\"font-family: Montserrat, sans-serif;\">Elegancja i prostota tej drewnianej urny kremacyjnej w kszta\u0142cie kuli podkre\u015blona jest przez efektowny z\u0142oty pier\u015bcie\u0144, kt\u00f3ry j\u0105 otacza. Ta <\/span><span style=\"font-family: Montserrat, sans-serif; font-weight: bolder;\"> okr\u0105g\u0142a urna<\/span> <span style=\"font-family: Montserrat, sans-serif;\">stanowi pi\u0119kne i godne miejsce spoczynku dla Pa\u0144stwa bliskiej osoby.<\/span><\/span><\/p>\n<p style=\"margin-top: 6px; margin-bottom: 6px; font-family: Montserrat, sans-serif; text-align: center;\"><span style=\"font-size: 14px; color: #000000;\">Wykonana z wysokiej jako\u015bci drewna, urna w kszta\u0142cie kuli posiada otw\u00f3r od spodu, co u\u0142atwia umieszczenie proch\u00f3w. G\u0142adka powierzchnia drewna zosta\u0142a perfekcyjnie wyko\u0144czona, nadaj\u0105c jej ciep\u0142y i zach\u0119caj\u0105cy wygl\u0105d. <\/span><\/p>\n<p style=\"margin-top: 6px; margin-bottom: 6px; font-family: Montserrat, sans-serif; text-align: center;\"><span style=\"font-size: 14px; color: #000000;\">Z\u0142oty pier\u015bcie\u0144, kt\u00f3ry otacza urn\u0119, dodaje jej luksusu i wyrafinowania. Jest on przypomnieniem o cennych wspomnieniach i trwa\u0142ej mi\u0142o\u015bci, kt\u00f3re zawsze b\u0119d\u0105 piel\u0119gnowane. <\/span><\/p>\n<p style=\"margin-top: 6px; margin-bottom: 6px; font-family: Montserrat, sans-serif; text-align: center;\"><span style=\"font-size: 14px; color: #000000;\">Tabliczka pami\u0105tkowa, kt\u00f3r\u0105 mo\u017cna doda\u0107 osobno na pleksiglasie, stanowi spersonalizowany ho\u0142d dla osoby, kt\u00f3r\u0105 Pa\u0144stwo stracili. Mo\u017ce by\u0107 wygrawerowana specjaln\u0105 wiadomo\u015bci\u0105, imieniem lub wa\u017cn\u0105 dat\u0105, tworz\u0105c naprawd\u0119 wyj\u0105tkow\u0105 i pi\u0119kn\u0105 urn\u0119. <\/span><\/p>\n<p style=\"text-align: center;\"><span style=\"font-size: 14px; color: #000000;\"> Urna z drobnymi wadami wizualnymi w obni\u017conej cenie.<\/span><\/p>\n<p style=\"text-align: center;\"><strong><span style=\"font-size: 14px; color: #000000;\">Aukcja dotyczy wy\u0142\u0105cznie przedmiotu pokazanego na zdj\u0119ciach.<\/span><\/strong><\/p>\n<p>&nbsp;<\/p>\n<p>&nbsp;<\/p>\n<p style=\"text-align: center;\"><strong><span style=\"font-size: 14px; color: #000000;\">WA\u017bNE<\/span><\/strong><\/p>\n<p style=\"text-align: center;\"><span style=\"font-size: 14px; color: #000000;\">Urny przecenione to urny z nieistotnymi wadami wizualnymi powsta\u0142ymi w procesie produkcji. Przywi\u0105zujemy du\u017c\u0105 wag\u0119 do wysokiej jako\u015bci naszych produkt\u00f3w, dlatego urny z takimi drobnymi defektami oferowane s\u0105 w odpowiednio obni\u017conej cenie. Drobne wady wizualne maj\u0105 charakter wy\u0142\u0105cznie estetyczny i nie wp\u0142ywaj\u0105 na szczelno\u015b\u0107, stabilno\u015b\u0107 ani prawid\u0142owe u\u017cytkowanie urny. <\/span><\/p>\n<p style=\"text-align: center;\"><span style=\"font-size: 14px; color: #000000;\">Aby mie\u0107 pewno\u015b\u0107 co do decyzji o zakupie, prosimy o zapoznanie si\u0119 ze szczeg\u00f3\u0142owym opisem oraz dokumentacj\u0105 fotograficzn\u0105, kt\u00f3ra szczeg\u00f3\u0142owo pokazuje uszkodzenia. W przypadku dodatkowych pyta\u0144 dotycz\u0105cych stanu urny prosimy o kontakt. <\/span><\/p>\n<p style=\"text-align: center;\"><span style=\"font-size: 14px; color: #000000;\"><span class=\"sp-attr-label-sn\"><span style=\"font-weight: 600;\">Otwarcie:<\/span> Od spodu<\/span><\/span><\/p>\n<p>&nbsp;<\/p>\n<p>&nbsp;<\/p>\n<p style=\"text-align: center;\"><em><span style=\"font-size: 14px; color: #000000;\"><strong>Opis uszkodzenia<\/strong> <\/span><\/em><\/p>\n<p style=\"text-align: center;\"><em><span style=\"font-size: 14px; color: #000000;\">Przedmiot ma p\u0119kni\u0119cie na g\u00f3rze. P\u0119kni\u0119cie nie wp\u0142ywa na szczelno\u015b\u0107 urny. Jest to wy\u0142\u0105cznie wada wizualna. Urna umo\u017cliwia umieszczenie proch\u00f3w w plastikowym worku, kt\u00f3ry dodatkowo chroni prochy. Prosimy zapozna\u0107 si\u0119 ze szczeg\u00f3\u0142ow\u0105 dokumentacj\u0105 fotograficzn\u0105. <\/span><\/em><\/p>\n<p>&nbsp;<\/p>\n<div style=\"text-align: center;\">\n<div class=\"sp-attr-row-sn\"><\/div>\n<\/div>\n<\/section>\n<\/div>\n<\/section>\n<section class=\"section\">\n<div class=\"item item-12\">\n<section class=\"text-item\">\n<p class=\"MsoNormal\" style=\"text-align: center; margin-bottom: 7.5pt; line-height: 15.75pt; background-image: initial; background-position: initial; background-size: initial; background-repeat: initial; background-attachment: initial;\"><b><span style=\"font-size: 10pt; font-family: Helvetica, sans-serif;\">\u25ba PERSONALIZACJA \u25c4<\/span><\/b><\/p>\n<ul type=\"disc\">\n<li class=\"MsoNormal\" style=\"text-align: center; line-height: normal; background-image: initial; background-position: initial; background-size: initial; background-repeat: initial; background-attachment: initial;\"><span lang=\"EN-US\" style=\"font-size: 10.5pt;\">Je\u015bli wybieraj\u0105 Pa\u0144stwo spersonalizowan\u0105 tabliczk\u0119, prosimy wpisa\u0107 tekst w odpowiednim miejscu lub wys\u0142a\u0107 nam wiadomo\u015b\u0107.<\/span><\/li>\n<li class=\"MsoNormal\" style=\"text-align: center; line-height: normal; background-image: initial; background-position: initial; background-size: initial; background-repeat: initial; background-attachment: initial;\"><span lang=\"EN-US\" style=\"font-size: 10.5pt;\">Spersonalizowana tabliczka pami\u0105tkowa musi zosta\u0107 dostosowana podczas procesu zamawiania. (Nie martw si\u0119, je\u015bli zapomnisz, zawsze mo\u017cesz wys\u0142a\u0107 nam wiadomo\u015b\u0107 p\u00f3\u017aniej.) <\/span><\/li>\n<\/ul>\n<p class=\"MsoNormal\" style=\"text-align: center; margin-bottom: 7.5pt; line-height: 15.75pt; background-image: initial; background-position: initial; background-size: initial; background-repeat: initial; background-attachment: initial;\"><b><span lang=\"EN-US\" style=\"font-size: 10pt; font-family: Helvetica, sans-serif;\">Ograniczenia dotycz\u0105ce tekstu s\u0105 nast\u0119puj\u0105ce:<\/span><\/b><\/p>\n<ul type=\"disc\">\n<li class=\"MsoNormal\" style=\"text-align: center; line-height: normal; background-image: initial; background-position: initial; background-size: initial; background-repeat: initial; background-attachment: initial;\"><span style=\"font-size: 10.5pt;\">Imi\u0119\/imiona do 35 znak\u00f3w<\/span><\/li>\n<li class=\"MsoNormal\" style=\"text-align: center; line-height: normal; background-image: initial; background-position: initial; background-size: initial; background-repeat: initial; background-attachment: initial;\"><span lang=\"EN-US\" style=\"font-size: 10.5pt;\">Data urodzenia i \u015bmierci do 35 znak\u00f3w<\/span><\/li>\n<li class=\"MsoNormal\" style=\"text-align: center; line-height: normal; background-image: initial; background-position: initial; background-size: initial; background-repeat: initial; background-attachment: initial;\"><span style=\"font-size: 10.5pt;\">Trzecia linijka do 35 znak\u00f3w<\/span><\/li>\n<li class=\"MsoNormal\" style=\"text-align: center; line-height: normal; background-image: initial; background-position: initial; background-size: initial; background-repeat: initial; background-attachment: initial;\"><span style=\"font-size: 10.5pt;\">Czwarta linia do 35 znak\u00f3w<\/span><\/li>\n<li class=\"MsoNormal\" style=\"text-align: center; line-height: normal; background-image: initial; background-position: initial; background-size: initial; background-repeat: initial; background-attachment: initial;\"><span style=\"font-size: 10.5pt;\">Pi\u0105ta linia do 35 znak\u00f3w<\/span><\/li>\n<\/ul>\n<p class=\"MsoNormal\" style=\"text-align: center; margin-bottom: 7.5pt; line-height: 15.75pt; background-image: initial; background-position: initial; background-size: initial; background-repeat: initial; background-attachment: initial;\"><b><span lang=\"EN-US\" style=\"font-size: 10pt; font-family: Helvetica, sans-serif;\">Prosimy DOK\u0141ADNIE SPRAWDZI\u0106 tekst graweru przed dodaniem produktu do koszyka. Kopiujemy i grawerujemy dok\u0142adnie informacje, kt\u00f3re otrzymujemy wraz z zam\u00f3wieniem i nie wprowadzamy \u017cadnych zmian z naszej strony. <\/span><\/b><\/p>\n<ul type=\"disc\">\n<li class=\"MsoNormal\" style=\"text-align: center; line-height: normal; background-image: initial; background-position: initial; background-size: initial; background-repeat: initial; background-attachment: initial;\"><span lang=\"EN-US\" style=\"font-size: 10.5pt;\">Prosimy sprawdzi\u0107 tekst, aby upewni\u0107 si\u0119, \u017ce pisownia jest poprawna.<\/span><\/li>\n<li class=\"MsoNormal\" style=\"text-align: center; line-height: normal; background-image: initial; background-position: initial; background-size: initial; background-repeat: initial; background-attachment: initial;\"><b><span lang=\"EN-US\" style=\"font-size: 10.5pt;\">NIE<\/span><\/b><span lang=\"EN-US\" style=\"font-size: 10.5pt;\"> nale\u017cy wprowadza\u0107 informacji do grawerowania, je\u015bli kupuj\u0105 Pa\u0144stwo opcj\u0119 \u201eUrna bez tabliczki\u201d.<\/span><\/li>\n<\/ul>\n<p class=\"MsoNormal\" style=\"text-align: center; margin-left: 36pt; line-height: normal; background-image: initial; background-position: initial; background-size: initial; background-repeat: initial; background-attachment: initial;\">\n<\/section>\n<\/div>\n<\/section>\n","protected":false},"excerpt":{"rendered":"<p><b>\u2611\ufe0f <em style=\"color: red;\">Jeste\u015bmy \u015bwiadomi kr\u00f3tkiego czasu na dostarczenie urny. Urn\u0119 zam\u00f3wion\u0105 do godz. 12.00 w dzie\u0144 roboczy wysy\u0142amy natychmiast.\u00a0<\/em><\/b><\/p>\n","protected":false},"featured_media":27086,"template":"","meta":{"_acf_changed":false},"product_brand":[],"product_cat":[140],"product_tag":[3308],"class_list":{"0":"post-27095","1":"product","2":"type-product","3":"status-publish","4":"has-post-thumbnail","6":"product_cat-urny-przecenione","7":"product_tag-gpsr-all-wood-urns","8":"product_shipping_class-wood-urns-pl","10":"first","11":"instock","12":"sale","13":"taxable","14":"shipping-taxable","15":"purchasable","16":"product-type-simple"},"yoast_head":"<!-- This site is optimized with the Yoast SEO plugin v27.4 - https:\/\/yoast.com\/product\/yoast-seo-wordpress\/ -->\n<title>Drewniana okr\u0105g\u0142a urna klasy B - Remember Forever<\/title>\n<meta name=\"robots\" content=\"index, follow, max-snippet:-1, max-image-preview:large, max-video-preview:-1\" \/>\n<link rel=\"canonical\" href=\"https:\/\/www.rememberme-forever.com\/pl\/produkt\/drewniana-okragla-urna-klasy-b\/\" \/>\n<meta property=\"og:locale\" content=\"pl_PL\" \/>\n<meta property=\"og:type\" content=\"article\" \/>\n<meta property=\"og:title\" content=\"Drewniana okr\u0105g\u0142a urna klasy B - Remember Forever\" \/>\n<meta property=\"og:description\" content=\"\u2611\ufe0f Jeste\u015bmy \u015bwiadomi kr\u00f3tkiego czasu na dostarczenie urny. Urn\u0119 zam\u00f3wion\u0105 do godz. 12.00 w dzie\u0144 roboczy wysy\u0142amy natychmiast.\u00a0\" \/>\n<meta property=\"og:url\" content=\"https:\/\/www.rememberme-forever.com\/pl\/produkt\/drewniana-okragla-urna-klasy-b\/\" \/>\n<meta property=\"og:site_name\" content=\"Remember Forever\" \/>\n<meta property=\"article:modified_time\" content=\"2026-03-04T10:07:28+00:00\" \/>\n<meta property=\"og:image\" content=\"http:\/\/www.rememberme-forever.com\/wp-content\/uploads\/2026\/03\/img_2D_0001plaque.jpg\" \/>\n\t<meta property=\"og:image:width\" content=\"1007\" \/>\n\t<meta property=\"og:image:height\" content=\"1024\" \/>\n\t<meta property=\"og:image:type\" content=\"image\/jpeg\" \/>\n<meta name=\"twitter:card\" content=\"summary_large_image\" \/>\n<meta name=\"twitter:label1\" content=\"Szacowany czas czytania\" \/>\n\t<meta name=\"twitter:data1\" content=\"2 minuta\" \/>\n<script type=\"application\/ld+json\" class=\"yoast-schema-graph\">{\"@context\":\"https:\\\/\\\/schema.org\",\"@graph\":[{\"@type\":\"WebPage\",\"@id\":\"https:\\\/\\\/www.rememberme-forever.com\\\/pl\\\/produkt\\\/drewniana-okragla-urna-klasy-b\\\/\",\"url\":\"https:\\\/\\\/www.rememberme-forever.com\\\/pl\\\/produkt\\\/drewniana-okragla-urna-klasy-b\\\/\",\"name\":\"Drewniana okr\u0105g\u0142a urna klasy B - Remember Forever\",\"isPartOf\":{\"@id\":\"https:\\\/\\\/www.rememberme-forever.com\\\/pl\\\/#website\"},\"primaryImageOfPage\":{\"@id\":\"https:\\\/\\\/www.rememberme-forever.com\\\/pl\\\/produkt\\\/drewniana-okragla-urna-klasy-b\\\/#primaryimage\"},\"image\":{\"@id\":\"https:\\\/\\\/www.rememberme-forever.com\\\/pl\\\/produkt\\\/drewniana-okragla-urna-klasy-b\\\/#primaryimage\"},\"thumbnailUrl\":\"https:\\\/\\\/www.rememberme-forever.com\\\/wp-content\\\/uploads\\\/2026\\\/03\\\/img_2D_0001plaque.jpg\",\"datePublished\":\"2026-03-04T09:26:10+00:00\",\"dateModified\":\"2026-03-04T10:07:28+00:00\",\"breadcrumb\":{\"@id\":\"https:\\\/\\\/www.rememberme-forever.com\\\/pl\\\/produkt\\\/drewniana-okragla-urna-klasy-b\\\/#breadcrumb\"},\"inLanguage\":\"pl-PL\",\"potentialAction\":[{\"@type\":\"ReadAction\",\"target\":[\"https:\\\/\\\/www.rememberme-forever.com\\\/pl\\\/produkt\\\/drewniana-okragla-urna-klasy-b\\\/\"]}]},{\"@type\":\"ImageObject\",\"inLanguage\":\"pl-PL\",\"@id\":\"https:\\\/\\\/www.rememberme-forever.com\\\/pl\\\/produkt\\\/drewniana-okragla-urna-klasy-b\\\/#primaryimage\",\"url\":\"https:\\\/\\\/www.rememberme-forever.com\\\/wp-content\\\/uploads\\\/2026\\\/03\\\/img_2D_0001plaque.jpg\",\"contentUrl\":\"https:\\\/\\\/www.rememberme-forever.com\\\/wp-content\\\/uploads\\\/2026\\\/03\\\/img_2D_0001plaque.jpg\",\"width\":1007,\"height\":1024,\"caption\":\"Drewniana okr\u0105g\u0142a urna klasy B\"},{\"@type\":\"BreadcrumbList\",\"@id\":\"https:\\\/\\\/www.rememberme-forever.com\\\/pl\\\/produkt\\\/drewniana-okragla-urna-klasy-b\\\/#breadcrumb\",\"itemListElement\":[{\"@type\":\"ListItem\",\"position\":1,\"name\":\"Home\",\"item\":\"https:\\\/\\\/www.rememberme-forever.com\\\/pl\\\/strona-glowna\\\/\"},{\"@type\":\"ListItem\",\"position\":2,\"name\":\"Sklep\",\"item\":\"https:\\\/\\\/www.rememberme-forever.com\\\/pl\\\/sklep-2\\\/\"},{\"@type\":\"ListItem\",\"position\":3,\"name\":\"Drewniana okr\u0105g\u0142a urna klasy B\"}]},{\"@type\":\"WebSite\",\"@id\":\"https:\\\/\\\/www.rememberme-forever.com\\\/pl\\\/#website\",\"url\":\"https:\\\/\\\/www.rememberme-forever.com\\\/pl\\\/\",\"name\":\"Remember Forever\",\"description\":\"Cremation urns, funeral urns, urns for ashes\",\"publisher\":{\"@id\":\"https:\\\/\\\/www.rememberme-forever.com\\\/pl\\\/#organization\"},\"potentialAction\":[{\"@type\":\"SearchAction\",\"target\":{\"@type\":\"EntryPoint\",\"urlTemplate\":\"https:\\\/\\\/www.rememberme-forever.com\\\/pl\\\/?s={search_term_string}\"},\"query-input\":{\"@type\":\"PropertyValueSpecification\",\"valueRequired\":true,\"valueName\":\"search_term_string\"}}],\"inLanguage\":\"pl-PL\"},{\"@type\":\"Organization\",\"@id\":\"https:\\\/\\\/www.rememberme-forever.com\\\/pl\\\/#organization\",\"name\":\"Remember Forever\",\"url\":\"https:\\\/\\\/www.rememberme-forever.com\\\/pl\\\/\",\"logo\":{\"@type\":\"ImageObject\",\"inLanguage\":\"pl-PL\",\"@id\":\"https:\\\/\\\/www.rememberme-forever.com\\\/pl\\\/#\\\/schema\\\/logo\\\/image\\\/\",\"url\":\"https:\\\/\\\/www.rememberme-forever.com\\\/wp-content\\\/uploads\\\/2023\\\/02\\\/logo.png\",\"contentUrl\":\"https:\\\/\\\/www.rememberme-forever.com\\\/wp-content\\\/uploads\\\/2023\\\/02\\\/logo.png\",\"width\":300,\"height\":56,\"caption\":\"Remember Forever\"},\"image\":{\"@id\":\"https:\\\/\\\/www.rememberme-forever.com\\\/pl\\\/#\\\/schema\\\/logo\\\/image\\\/\"}}]}<\/script>\n<!-- \/ Yoast SEO plugin. -->","yoast_head_json":{"title":"Drewniana okr\u0105g\u0142a urna klasy B - Remember Forever","robots":{"index":"index","follow":"follow","max-snippet":"max-snippet:-1","max-image-preview":"max-image-preview:large","max-video-preview":"max-video-preview:-1"},"canonical":"https:\/\/www.rememberme-forever.com\/pl\/produkt\/drewniana-okragla-urna-klasy-b\/","og_locale":"pl_PL","og_type":"article","og_title":"Drewniana okr\u0105g\u0142a urna klasy B - Remember Forever","og_description":"\u2611\ufe0f Jeste\u015bmy \u015bwiadomi kr\u00f3tkiego czasu na dostarczenie urny. Urn\u0119 zam\u00f3wion\u0105 do godz. 12.00 w dzie\u0144 roboczy wysy\u0142amy natychmiast.\u00a0","og_url":"https:\/\/www.rememberme-forever.com\/pl\/produkt\/drewniana-okragla-urna-klasy-b\/","og_site_name":"Remember Forever","article_modified_time":"2026-03-04T10:07:28+00:00","og_image":[{"width":1007,"height":1024,"url":"http:\/\/www.rememberme-forever.com\/wp-content\/uploads\/2026\/03\/img_2D_0001plaque.jpg","type":"image\/jpeg"}],"twitter_card":"summary_large_image","twitter_misc":{"Szacowany czas czytania":"2 minuta"},"schema":{"@context":"https:\/\/schema.org","@graph":[{"@type":"WebPage","@id":"https:\/\/www.rememberme-forever.com\/pl\/produkt\/drewniana-okragla-urna-klasy-b\/","url":"https:\/\/www.rememberme-forever.com\/pl\/produkt\/drewniana-okragla-urna-klasy-b\/","name":"Drewniana okr\u0105g\u0142a urna klasy B - Remember Forever","isPartOf":{"@id":"https:\/\/www.rememberme-forever.com\/pl\/#website"},"primaryImageOfPage":{"@id":"https:\/\/www.rememberme-forever.com\/pl\/produkt\/drewniana-okragla-urna-klasy-b\/#primaryimage"},"image":{"@id":"https:\/\/www.rememberme-forever.com\/pl\/produkt\/drewniana-okragla-urna-klasy-b\/#primaryimage"},"thumbnailUrl":"https:\/\/www.rememberme-forever.com\/wp-content\/uploads\/2026\/03\/img_2D_0001plaque.jpg","datePublished":"2026-03-04T09:26:10+00:00","dateModified":"2026-03-04T10:07:28+00:00","breadcrumb":{"@id":"https:\/\/www.rememberme-forever.com\/pl\/produkt\/drewniana-okragla-urna-klasy-b\/#breadcrumb"},"inLanguage":"pl-PL","potentialAction":[{"@type":"ReadAction","target":["https:\/\/www.rememberme-forever.com\/pl\/produkt\/drewniana-okragla-urna-klasy-b\/"]}]},{"@type":"ImageObject","inLanguage":"pl-PL","@id":"https:\/\/www.rememberme-forever.com\/pl\/produkt\/drewniana-okragla-urna-klasy-b\/#primaryimage","url":"https:\/\/www.rememberme-forever.com\/wp-content\/uploads\/2026\/03\/img_2D_0001plaque.jpg","contentUrl":"https:\/\/www.rememberme-forever.com\/wp-content\/uploads\/2026\/03\/img_2D_0001plaque.jpg","width":1007,"height":1024,"caption":"Drewniana okr\u0105g\u0142a urna klasy B"},{"@type":"BreadcrumbList","@id":"https:\/\/www.rememberme-forever.com\/pl\/produkt\/drewniana-okragla-urna-klasy-b\/#breadcrumb","itemListElement":[{"@type":"ListItem","position":1,"name":"Home","item":"https:\/\/www.rememberme-forever.com\/pl\/strona-glowna\/"},{"@type":"ListItem","position":2,"name":"Sklep","item":"https:\/\/www.rememberme-forever.com\/pl\/sklep-2\/"},{"@type":"ListItem","position":3,"name":"Drewniana okr\u0105g\u0142a urna klasy B"}]},{"@type":"WebSite","@id":"https:\/\/www.rememberme-forever.com\/pl\/#website","url":"https:\/\/www.rememberme-forever.com\/pl\/","name":"Remember Forever","description":"Cremation urns, funeral urns, urns for ashes","publisher":{"@id":"https:\/\/www.rememberme-forever.com\/pl\/#organization"},"potentialAction":[{"@type":"SearchAction","target":{"@type":"EntryPoint","urlTemplate":"https:\/\/www.rememberme-forever.com\/pl\/?s={search_term_string}"},"query-input":{"@type":"PropertyValueSpecification","valueRequired":true,"valueName":"search_term_string"}}],"inLanguage":"pl-PL"},{"@type":"Organization","@id":"https:\/\/www.rememberme-forever.com\/pl\/#organization","name":"Remember Forever","url":"https:\/\/www.rememberme-forever.com\/pl\/","logo":{"@type":"ImageObject","inLanguage":"pl-PL","@id":"https:\/\/www.rememberme-forever.com\/pl\/#\/schema\/logo\/image\/","url":"https:\/\/www.rememberme-forever.com\/wp-content\/uploads\/2023\/02\/logo.png","contentUrl":"https:\/\/www.rememberme-forever.com\/wp-content\/uploads\/2023\/02\/logo.png","width":300,"height":56,"caption":"Remember Forever"},"image":{"@id":"https:\/\/www.rememberme-forever.com\/pl\/#\/schema\/logo\/image\/"}}]}},"acf":[],"_links":{"self":[{"href":"https:\/\/www.rememberme-forever.com\/pl\/wp-json\/wp\/v2\/product\/27095","targetHints":{"allow":["GET"]}}],"collection":[{"href":"https:\/\/www.rememberme-forever.com\/pl\/wp-json\/wp\/v2\/product"}],"about":[{"href":"https:\/\/www.rememberme-forever.com\/pl\/wp-json\/wp\/v2\/types\/product"}],"wp:featuredmedia":[{"embeddable":true,"href":"https:\/\/www.rememberme-forever.com\/pl\/wp-json\/wp\/v2\/media\/27086"}],"wp:attachment":[{"href":"https:\/\/www.rememberme-forever.com\/pl\/wp-json\/wp\/v2\/media?parent=27095"}],"wp:term":[{"taxonomy":"product_brand","embeddable":true,"href":"https:\/\/www.rememberme-forever.com\/pl\/wp-json\/wp\/v2\/product_brand?post=27095"},{"taxonomy":"product_cat","embeddable":true,"href":"https:\/\/www.rememberme-forever.com\/pl\/wp-json\/wp\/v2\/product_cat?post=27095"},{"taxonomy":"product_tag","embeddable":true,"href":"https:\/\/www.rememberme-forever.com\/pl\/wp-json\/wp\/v2\/product_tag?post=27095"}],"curies":[{"name":"wp","href":"https:\/\/api.w.org\/{rel}","templated":true}]}}