{"id":28910,"date":"2026-04-10T13:08:27","date_gmt":"2026-04-10T11:08:27","guid":{"rendered":"https:\/\/www.rememberme-forever.com\/product\/drewniana-urna-kremacyjna-z-gorskim-krajobrazem\/"},"modified":"2026-04-10T13:42:23","modified_gmt":"2026-04-10T11:42:23","slug":"drewniana-urna-kremacyjna-z-gorskim-krajobrazem","status":"publish","type":"product","link":"https:\/\/www.rememberme-forever.com\/pl\/produkt\/drewniana-urna-kremacyjna-z-gorskim-krajobrazem\/","title":{"rendered":"Drewniana urna kremacyjna z g\u00f3rskim krajobrazem"},"content":{"rendered":"<p style=\"text-align: center;\" data-start=\"244\" data-end=\"416\"><span style=\"color: #000000;\">Uczcij pami\u0119\u0107 bliskiej osoby t\u0105 <strong data-start=\"286\" data-end=\"329\">wyj\u0105tkow\u0105 r\u0119cznie wykonan\u0105 drewnian\u0105 urn\u0105 kremacyjn\u0105<\/strong>, zaprojektowan\u0105 specjalnie dla tych, kt\u00f3rzy cenili pi\u0119kno i spok\u00f3j g\u00f3r.<\/span><\/p>\n<p style=\"text-align: center;\" data-start=\"418\" data-end=\"647\"><span style=\"color: #000000;\">Wykonana z wysokiej jako\u015bci <strong data-start=\"441\" data-end=\"461\">litego drewna bukowego<\/strong>, urna \u0142\u0105czy trwa\u0142o\u015b\u0107 z ponadczasow\u0105 elegancj\u0105. Wieko zdobi zapieraj\u0105cy dech w piersiach <strong data-start=\"548\" data-end=\"589\">g\u00f3rski krajobraz z mglistymi dolinami<\/strong>, symbolizuj\u0105cy spok\u00f3j, wieczno\u015b\u0107 i wi\u0119\u017a z natur\u0105. <\/span><\/p>\n<p style=\"text-align: center;\" data-start=\"649\" data-end=\"782\"><span style=\"color: #000000;\">Ta urna to nie tylko miejsce spoczynku, ale tak\u017ce znacz\u0105cy ho\u0142d \u2014 idealna dla kogo\u015b, kto kocha\u0142 w\u0119dr\u00f3wki, natur\u0119 lub widoki g\u00f3rskie.<\/span><\/p>\n<div style=\"width: 100%; margin-bottom: 40px; height: max-content; padding-bottom: 60%; position: relative;\"><iframe style=\"position: absolute; top: 0; left: 0; width: 100%; height: 100%;\" src=\"https:\/\/rememberme-urns.com\/wooden-cremation-urn-with-the-mountains\/\" frameborder=\"0\"><\/iframe><\/div>\n<div style=\"color: red; text-align: center; margin-bottom: 25px;\">\n<p>&gt;&gt; Obr\u00f3t zdj\u0119cia &#8211; dotknij\/powi\u0119ksz &lt;&lt;<\/p>\n<\/div>\n<h3 style=\"text-align: center;\" data-section-id=\"1tha74y\" data-start=\"784\" data-end=\"804\"><span style=\"color: #000000;\">Kluczowe cechy:<\/span><\/h3>\n<ul data-start=\"805\" data-end=\"1150\">\n<li style=\"text-align: center;\" data-section-id=\"91r4x3\" data-start=\"805\" data-end=\"873\"><span style=\"color: #000000;\"><strong data-start=\"807\" data-end=\"842\">Konstrukcja z drewna bukowego premium<\/strong> \u2013 mocna, trwa\u0142a i naturalna<br \/>\n<\/span><\/li>\n<li style=\"text-align: center;\" data-section-id=\"16gmwlh\" data-start=\"874\" data-end=\"955\"><span style=\"color: #000000;\"><strong data-start=\"876\" data-end=\"904\">Wspania\u0142y g\u00f3rski wz\u00f3r<\/strong> \u2013 wysokiej jako\u015bci nadrukowane wieko ze spokojnym krajobrazem<br \/>\n<\/span><\/li>\n<li style=\"text-align: center;\" data-section-id=\"fk6ysw\" data-start=\"956\" data-end=\"1006\"><span style=\"color: #000000;\"><strong data-start=\"958\" data-end=\"983\">Otwierane od spodu<\/strong> \u2013 bezpieczne i praktyczne<br \/>\n<\/span><\/li>\n<li style=\"text-align: center;\" data-section-id=\"lhyclt\" data-start=\"1007\" data-end=\"1059\"><span style=\"color: #000000;\"><strong data-start=\"1009\" data-end=\"1031\">Zamykane \u015brubami<\/strong> \u2013 bezpieczne i niezawodne uszczelnienie<br \/>\n<\/span><\/li>\n<li style=\"text-align: center;\" data-section-id=\"1xxyr8\" data-start=\"1060\" data-end=\"1107\"><span style=\"color: #000000;\"><strong data-start=\"1062\" data-end=\"1084\">R\u0119czne wyko\u0144czenie<\/strong> \u2013 ka\u017cdy egzemplarz jest wyj\u0105tkowy<br \/>\n<\/span><\/li>\n<li style=\"text-align: center;\" data-section-id=\"1w5r7c1\" data-start=\"1108\" data-end=\"1150\"><span style=\"color: #000000;\"><strong data-start=\"1110\" data-end=\"1137\">Elegancka tabliczka pami\u0105tkowa<\/strong> z przodu<br \/>\n<\/span><\/li>\n<\/ul>\n<h3 style=\"text-align: center;\" data-section-id=\"mat7vt\" data-start=\"1152\" data-end=\"1169\"><span style=\"color: #000000;\">Symbolika:<\/span><\/h3>\n<p style=\"text-align: center;\" data-start=\"1170\" data-end=\"1293\"><span style=\"color: #000000;\">Motyw g\u00f3rski reprezentuje <strong data-start=\"1200\" data-end=\"1247\">si\u0142\u0119, wieczno\u015b\u0107 i duchowe wzniesienie<\/strong>, czyni\u0105c t\u0119 urn\u0119 g\u0142\u0119boko znacz\u0105cym ho\u0142dem.<\/span><\/p>\n<p style=\"text-align: center;\" data-start=\"1295\" data-end=\"1307\"><strong><span style=\"color: #000000;\">Idealna dla:<\/span><\/strong><\/p>\n<ul data-start=\"1308\" data-end=\"1426\">\n<li style=\"text-align: center;\" data-section-id=\"10jrsw\" data-start=\"1308\" data-end=\"1325\"><span style=\"color: #000000;\">Mi\u0142o\u015bnik\u00f3w natury<\/span><\/li>\n<li style=\"text-align: center;\" data-section-id=\"10jrsw\" data-start=\"1308\" data-end=\"1325\"><span style=\"color: #000000;\">Entuzjast\u00f3w g\u00f3r<\/span><\/li>\n<li style=\"text-align: center;\" data-section-id=\"10jrsw\" data-start=\"1308\" data-end=\"1325\"><span style=\"color: #000000;\">Mi\u0142o\u015bnik\u00f3w przyg\u00f3d na \u015bwie\u017cym powietrzu<\/span><\/li>\n<li style=\"text-align: center;\" data-section-id=\"10jrsw\" data-start=\"1308\" data-end=\"1325\"><span style=\"color: #000000;\">Rodzin poszukuj\u0105cych wyj\u0105tkowego i osobistego upami\u0119tnienia<\/span><\/li>\n<\/ul>\n<p>&nbsp;<\/p>\n<p style=\"text-align: center;\"><strong><span style=\"font-size: 16px; color: #000000; font-family: Arial;\">\u25ba PERSONALIZACJA \u25c4<\/span><\/strong><\/p>\n<p style=\"text-align: center;\"><span style=\"font-size: 16px; color: #000000; font-family: Arial;\">\u2714\ufe0f Wprowad\u017a tekst w odpowiednim miejscu lub wy\u015blij nam wiadomo\u015b\u0107.<\/span><\/p>\n<p style=\"text-align: center;\"><span style=\"font-size: 16px; color: #000000; font-family: Arial;\">\u2714\ufe0f Spersonalizowana tabliczka pami\u0105tkowa musi zosta\u0107 dostosowana podczas procesu zamawiania.<\/span><\/p>\n<p style=\"text-align: center;\"><span style=\"font-size: 16px; color: #000000;\"><span style=\"font-family: Arial;\">\u2714\ufe0f<\/span><\/span><span style=\"font-size: 16px; color: #000000;\"><b>Tabliczka pami\u0105tkowa jest bezp\u0142atna.<\/b> Je\u015bli nie podadz\u0105 Pa\u0144stwo tekstu do grawerowania, otrzymaj\u0105 Pa\u0144stwo pust\u0105 tabliczk\u0119.<\/span><\/p>\n<p style=\"text-align: center;\">\n<p style=\"text-align: center;\"><b><span style=\"font-size: 16px; color: #000000; font-family: Arial;\">Ograniczenia dotycz\u0105ce tekstu s\u0105 nast\u0119puj\u0105ce:<\/span><\/b><\/p>\n<p style=\"text-align: center;\"><span style=\"font-size: 16px; color: #000000; font-family: Arial;\">Imi\u0119\/imiona do 24 znak\u00f3w<\/span><\/p>\n<p style=\"text-align: center;\"><span style=\"font-size: 16px; color: #000000; font-family: Arial;\">Data urodzenia i \u015bmierci do 24 znak\u00f3w<\/span><\/p>\n<p style=\"text-align: center;\"><span style=\"font-size: 16px; color: #000000; font-family: Arial;\">Trzecia linijka do 24 znak\u00f3w<\/span><\/p>\n<p style=\"text-align: center;\"><span style=\"font-size: 16px; color: #000000; font-family: Arial;\">Czwarta linijka do 24 znak\u00f3w<\/span><\/p>\n<p style=\"text-align: center;\"><span style=\"font-size: 16px; color: #000000; font-family: Arial;\">Pi\u0105ta linijka do 24 znak\u00f3w<\/span><\/p>\n<div style=\"text-align: center;\"><\/div>\n<p style=\"text-align: center;\"><span style=\"font-size: 16px; color: #000000; font-family: Arial;\">\u2714\ufe0f Przed dodaniem produktu do koszyka prosimy o DOK\u0141ADNE SPRAWDZENIE tekstu grawerunku. Kopiujemy i grawerujemy dok\u0142adnie te informacje, kt\u00f3re otrzymali\u015bmy wraz z zam\u00f3wieniem i nie wprowadzamy \u017cadnych zmian po naszej stronie. <\/span><\/p>\n<p style=\"text-align: center;\"><span style=\"font-size: 16px; color: #000000; font-family: Arial;\">\u2714\ufe0f Sprawd\u017a tekst aby upewni\u0107 si\u0119, \u017ce pisownia jest poprawna.<\/span><\/p>\n<p style=\"text-align: center;\">\n","protected":false},"excerpt":{"rendered":"<p><b>\u2611\ufe0f <em style=\"color: red;\">Jeste\u015bmy \u015bwiadomi kr\u00f3tkiego czasu na dostarczenie urny. Urn\u0119 zam\u00f3wion\u0105 do godz. 12.00 w dzie\u0144 roboczy wysy\u0142amy natychmiast.\u00a0<\/em><\/b><\/p>\n","protected":false},"featured_media":28891,"template":"","meta":{"_acf_changed":false},"product_brand":[],"product_cat":[3399,136],"product_tag":[3308],"class_list":{"0":"post-28910","1":"product","2":"type-product","3":"status-publish","4":"has-post-thumbnail","6":"product_cat-pozostale-urny","7":"product_cat-urny-tematyczne","8":"product_tag-gpsr-all-wood-urns","9":"product_shipping_class-wood-urns-pl","11":"first","12":"instock","13":"taxable","14":"shipping-taxable","15":"purchasable","16":"product-type-simple"},"yoast_head":"<!-- This site is optimized with the Yoast SEO plugin v27.4 - https:\/\/yoast.com\/product\/yoast-seo-wordpress\/ -->\n<title>Drewniana urna kremacyjna z g\u00f3rskim krajobrazem - Remember Forever<\/title>\n<meta name=\"robots\" content=\"index, follow, max-snippet:-1, max-image-preview:large, max-video-preview:-1\" \/>\n<link rel=\"canonical\" href=\"https:\/\/www.rememberme-forever.com\/pl\/produkt\/drewniana-urna-kremacyjna-z-gorskim-krajobrazem\/\" \/>\n<meta property=\"og:locale\" content=\"pl_PL\" \/>\n<meta property=\"og:type\" content=\"article\" \/>\n<meta property=\"og:title\" content=\"Drewniana urna kremacyjna z g\u00f3rskim krajobrazem - Remember Forever\" \/>\n<meta property=\"og:description\" content=\"\u2611\ufe0f Jeste\u015bmy \u015bwiadomi kr\u00f3tkiego czasu na dostarczenie urny. Urn\u0119 zam\u00f3wion\u0105 do godz. 12.00 w dzie\u0144 roboczy wysy\u0142amy natychmiast.\u00a0\" \/>\n<meta property=\"og:url\" content=\"https:\/\/www.rememberme-forever.com\/pl\/produkt\/drewniana-urna-kremacyjna-z-gorskim-krajobrazem\/\" \/>\n<meta property=\"og:site_name\" content=\"Remember Forever\" \/>\n<meta property=\"article:modified_time\" content=\"2026-04-10T11:42:23+00:00\" \/>\n<meta property=\"og:image\" content=\"http:\/\/www.rememberme-forever.com\/wp-content\/uploads\/2026\/04\/wooden-urn-with-mountains-theme-007.jpg\" \/>\n\t<meta property=\"og:image:width\" content=\"1007\" \/>\n\t<meta property=\"og:image:height\" content=\"1024\" \/>\n\t<meta property=\"og:image:type\" content=\"image\/jpeg\" \/>\n<meta name=\"twitter:card\" content=\"summary_large_image\" \/>\n<meta name=\"twitter:label1\" content=\"Szacowany czas czytania\" \/>\n\t<meta name=\"twitter:data1\" content=\"2 minuta\" \/>\n<script type=\"application\/ld+json\" class=\"yoast-schema-graph\">{\"@context\":\"https:\\\/\\\/schema.org\",\"@graph\":[{\"@type\":\"WebPage\",\"@id\":\"https:\\\/\\\/www.rememberme-forever.com\\\/pl\\\/produkt\\\/drewniana-urna-kremacyjna-z-gorskim-krajobrazem\\\/\",\"url\":\"https:\\\/\\\/www.rememberme-forever.com\\\/pl\\\/produkt\\\/drewniana-urna-kremacyjna-z-gorskim-krajobrazem\\\/\",\"name\":\"Drewniana urna kremacyjna z g\u00f3rskim krajobrazem - Remember Forever\",\"isPartOf\":{\"@id\":\"https:\\\/\\\/www.rememberme-forever.com\\\/pl\\\/#website\"},\"primaryImageOfPage\":{\"@id\":\"https:\\\/\\\/www.rememberme-forever.com\\\/pl\\\/produkt\\\/drewniana-urna-kremacyjna-z-gorskim-krajobrazem\\\/#primaryimage\"},\"image\":{\"@id\":\"https:\\\/\\\/www.rememberme-forever.com\\\/pl\\\/produkt\\\/drewniana-urna-kremacyjna-z-gorskim-krajobrazem\\\/#primaryimage\"},\"thumbnailUrl\":\"https:\\\/\\\/www.rememberme-forever.com\\\/wp-content\\\/uploads\\\/2026\\\/04\\\/wooden-urn-with-mountains-theme-007.jpg\",\"datePublished\":\"2026-04-10T11:08:27+00:00\",\"dateModified\":\"2026-04-10T11:42:23+00:00\",\"breadcrumb\":{\"@id\":\"https:\\\/\\\/www.rememberme-forever.com\\\/pl\\\/produkt\\\/drewniana-urna-kremacyjna-z-gorskim-krajobrazem\\\/#breadcrumb\"},\"inLanguage\":\"pl-PL\",\"potentialAction\":[{\"@type\":\"ReadAction\",\"target\":[\"https:\\\/\\\/www.rememberme-forever.com\\\/pl\\\/produkt\\\/drewniana-urna-kremacyjna-z-gorskim-krajobrazem\\\/\"]}]},{\"@type\":\"ImageObject\",\"inLanguage\":\"pl-PL\",\"@id\":\"https:\\\/\\\/www.rememberme-forever.com\\\/pl\\\/produkt\\\/drewniana-urna-kremacyjna-z-gorskim-krajobrazem\\\/#primaryimage\",\"url\":\"https:\\\/\\\/www.rememberme-forever.com\\\/wp-content\\\/uploads\\\/2026\\\/04\\\/wooden-urn-with-mountains-theme-007.jpg\",\"contentUrl\":\"https:\\\/\\\/www.rememberme-forever.com\\\/wp-content\\\/uploads\\\/2026\\\/04\\\/wooden-urn-with-mountains-theme-007.jpg\",\"width\":1007,\"height\":1024,\"caption\":\"Drewniana urna kremacyjna z g\u00f3rskim krajobrazem na wieku widok pod k\u0105tem bukowa urna pami\u0105tkowa\"},{\"@type\":\"BreadcrumbList\",\"@id\":\"https:\\\/\\\/www.rememberme-forever.com\\\/pl\\\/produkt\\\/drewniana-urna-kremacyjna-z-gorskim-krajobrazem\\\/#breadcrumb\",\"itemListElement\":[{\"@type\":\"ListItem\",\"position\":1,\"name\":\"Home\",\"item\":\"https:\\\/\\\/www.rememberme-forever.com\\\/pl\\\/strona-glowna\\\/\"},{\"@type\":\"ListItem\",\"position\":2,\"name\":\"Sklep\",\"item\":\"https:\\\/\\\/www.rememberme-forever.com\\\/pl\\\/sklep-2\\\/\"},{\"@type\":\"ListItem\",\"position\":3,\"name\":\"Drewniana urna kremacyjna z g\u00f3rskim krajobrazem\"}]},{\"@type\":\"WebSite\",\"@id\":\"https:\\\/\\\/www.rememberme-forever.com\\\/pl\\\/#website\",\"url\":\"https:\\\/\\\/www.rememberme-forever.com\\\/pl\\\/\",\"name\":\"Remember Forever\",\"description\":\"Cremation urns, funeral urns, urns for ashes\",\"publisher\":{\"@id\":\"https:\\\/\\\/www.rememberme-forever.com\\\/pl\\\/#organization\"},\"potentialAction\":[{\"@type\":\"SearchAction\",\"target\":{\"@type\":\"EntryPoint\",\"urlTemplate\":\"https:\\\/\\\/www.rememberme-forever.com\\\/pl\\\/?s={search_term_string}\"},\"query-input\":{\"@type\":\"PropertyValueSpecification\",\"valueRequired\":true,\"valueName\":\"search_term_string\"}}],\"inLanguage\":\"pl-PL\"},{\"@type\":\"Organization\",\"@id\":\"https:\\\/\\\/www.rememberme-forever.com\\\/pl\\\/#organization\",\"name\":\"Remember Forever\",\"url\":\"https:\\\/\\\/www.rememberme-forever.com\\\/pl\\\/\",\"logo\":{\"@type\":\"ImageObject\",\"inLanguage\":\"pl-PL\",\"@id\":\"https:\\\/\\\/www.rememberme-forever.com\\\/pl\\\/#\\\/schema\\\/logo\\\/image\\\/\",\"url\":\"https:\\\/\\\/www.rememberme-forever.com\\\/wp-content\\\/uploads\\\/2023\\\/02\\\/logo.png\",\"contentUrl\":\"https:\\\/\\\/www.rememberme-forever.com\\\/wp-content\\\/uploads\\\/2023\\\/02\\\/logo.png\",\"width\":300,\"height\":56,\"caption\":\"Remember Forever\"},\"image\":{\"@id\":\"https:\\\/\\\/www.rememberme-forever.com\\\/pl\\\/#\\\/schema\\\/logo\\\/image\\\/\"}}]}<\/script>\n<!-- \/ Yoast SEO plugin. -->","yoast_head_json":{"title":"Drewniana urna kremacyjna z g\u00f3rskim krajobrazem - Remember Forever","robots":{"index":"index","follow":"follow","max-snippet":"max-snippet:-1","max-image-preview":"max-image-preview:large","max-video-preview":"max-video-preview:-1"},"canonical":"https:\/\/www.rememberme-forever.com\/pl\/produkt\/drewniana-urna-kremacyjna-z-gorskim-krajobrazem\/","og_locale":"pl_PL","og_type":"article","og_title":"Drewniana urna kremacyjna z g\u00f3rskim krajobrazem - Remember Forever","og_description":"\u2611\ufe0f Jeste\u015bmy \u015bwiadomi kr\u00f3tkiego czasu na dostarczenie urny. Urn\u0119 zam\u00f3wion\u0105 do godz. 12.00 w dzie\u0144 roboczy wysy\u0142amy natychmiast.\u00a0","og_url":"https:\/\/www.rememberme-forever.com\/pl\/produkt\/drewniana-urna-kremacyjna-z-gorskim-krajobrazem\/","og_site_name":"Remember Forever","article_modified_time":"2026-04-10T11:42:23+00:00","og_image":[{"width":1007,"height":1024,"url":"http:\/\/www.rememberme-forever.com\/wp-content\/uploads\/2026\/04\/wooden-urn-with-mountains-theme-007.jpg","type":"image\/jpeg"}],"twitter_card":"summary_large_image","twitter_misc":{"Szacowany czas czytania":"2 minuta"},"schema":{"@context":"https:\/\/schema.org","@graph":[{"@type":"WebPage","@id":"https:\/\/www.rememberme-forever.com\/pl\/produkt\/drewniana-urna-kremacyjna-z-gorskim-krajobrazem\/","url":"https:\/\/www.rememberme-forever.com\/pl\/produkt\/drewniana-urna-kremacyjna-z-gorskim-krajobrazem\/","name":"Drewniana urna kremacyjna z g\u00f3rskim krajobrazem - Remember Forever","isPartOf":{"@id":"https:\/\/www.rememberme-forever.com\/pl\/#website"},"primaryImageOfPage":{"@id":"https:\/\/www.rememberme-forever.com\/pl\/produkt\/drewniana-urna-kremacyjna-z-gorskim-krajobrazem\/#primaryimage"},"image":{"@id":"https:\/\/www.rememberme-forever.com\/pl\/produkt\/drewniana-urna-kremacyjna-z-gorskim-krajobrazem\/#primaryimage"},"thumbnailUrl":"https:\/\/www.rememberme-forever.com\/wp-content\/uploads\/2026\/04\/wooden-urn-with-mountains-theme-007.jpg","datePublished":"2026-04-10T11:08:27+00:00","dateModified":"2026-04-10T11:42:23+00:00","breadcrumb":{"@id":"https:\/\/www.rememberme-forever.com\/pl\/produkt\/drewniana-urna-kremacyjna-z-gorskim-krajobrazem\/#breadcrumb"},"inLanguage":"pl-PL","potentialAction":[{"@type":"ReadAction","target":["https:\/\/www.rememberme-forever.com\/pl\/produkt\/drewniana-urna-kremacyjna-z-gorskim-krajobrazem\/"]}]},{"@type":"ImageObject","inLanguage":"pl-PL","@id":"https:\/\/www.rememberme-forever.com\/pl\/produkt\/drewniana-urna-kremacyjna-z-gorskim-krajobrazem\/#primaryimage","url":"https:\/\/www.rememberme-forever.com\/wp-content\/uploads\/2026\/04\/wooden-urn-with-mountains-theme-007.jpg","contentUrl":"https:\/\/www.rememberme-forever.com\/wp-content\/uploads\/2026\/04\/wooden-urn-with-mountains-theme-007.jpg","width":1007,"height":1024,"caption":"Drewniana urna kremacyjna z g\u00f3rskim krajobrazem na wieku widok pod k\u0105tem bukowa urna pami\u0105tkowa"},{"@type":"BreadcrumbList","@id":"https:\/\/www.rememberme-forever.com\/pl\/produkt\/drewniana-urna-kremacyjna-z-gorskim-krajobrazem\/#breadcrumb","itemListElement":[{"@type":"ListItem","position":1,"name":"Home","item":"https:\/\/www.rememberme-forever.com\/pl\/strona-glowna\/"},{"@type":"ListItem","position":2,"name":"Sklep","item":"https:\/\/www.rememberme-forever.com\/pl\/sklep-2\/"},{"@type":"ListItem","position":3,"name":"Drewniana urna kremacyjna z g\u00f3rskim krajobrazem"}]},{"@type":"WebSite","@id":"https:\/\/www.rememberme-forever.com\/pl\/#website","url":"https:\/\/www.rememberme-forever.com\/pl\/","name":"Remember Forever","description":"Cremation urns, funeral urns, urns for ashes","publisher":{"@id":"https:\/\/www.rememberme-forever.com\/pl\/#organization"},"potentialAction":[{"@type":"SearchAction","target":{"@type":"EntryPoint","urlTemplate":"https:\/\/www.rememberme-forever.com\/pl\/?s={search_term_string}"},"query-input":{"@type":"PropertyValueSpecification","valueRequired":true,"valueName":"search_term_string"}}],"inLanguage":"pl-PL"},{"@type":"Organization","@id":"https:\/\/www.rememberme-forever.com\/pl\/#organization","name":"Remember Forever","url":"https:\/\/www.rememberme-forever.com\/pl\/","logo":{"@type":"ImageObject","inLanguage":"pl-PL","@id":"https:\/\/www.rememberme-forever.com\/pl\/#\/schema\/logo\/image\/","url":"https:\/\/www.rememberme-forever.com\/wp-content\/uploads\/2023\/02\/logo.png","contentUrl":"https:\/\/www.rememberme-forever.com\/wp-content\/uploads\/2023\/02\/logo.png","width":300,"height":56,"caption":"Remember Forever"},"image":{"@id":"https:\/\/www.rememberme-forever.com\/pl\/#\/schema\/logo\/image\/"}}]}},"acf":[],"_links":{"self":[{"href":"https:\/\/www.rememberme-forever.com\/pl\/wp-json\/wp\/v2\/product\/28910","targetHints":{"allow":["GET"]}}],"collection":[{"href":"https:\/\/www.rememberme-forever.com\/pl\/wp-json\/wp\/v2\/product"}],"about":[{"href":"https:\/\/www.rememberme-forever.com\/pl\/wp-json\/wp\/v2\/types\/product"}],"wp:featuredmedia":[{"embeddable":true,"href":"https:\/\/www.rememberme-forever.com\/pl\/wp-json\/wp\/v2\/media\/28891"}],"wp:attachment":[{"href":"https:\/\/www.rememberme-forever.com\/pl\/wp-json\/wp\/v2\/media?parent=28910"}],"wp:term":[{"taxonomy":"product_brand","embeddable":true,"href":"https:\/\/www.rememberme-forever.com\/pl\/wp-json\/wp\/v2\/product_brand?post=28910"},{"taxonomy":"product_cat","embeddable":true,"href":"https:\/\/www.rememberme-forever.com\/pl\/wp-json\/wp\/v2\/product_cat?post=28910"},{"taxonomy":"product_tag","embeddable":true,"href":"https:\/\/www.rememberme-forever.com\/pl\/wp-json\/wp\/v2\/product_tag?post=28910"}],"curies":[{"name":"wp","href":"https:\/\/api.w.org\/{rel}","templated":true}]}}