{"id":5752,"date":"2023-05-05T08:44:19","date_gmt":"2023-05-05T06:44:19","guid":{"rendered":"http:\/\/www.rememberme-forever.com\/?post_type=product&#038;p=5752"},"modified":"2026-02-03T09:15:22","modified_gmt":"2026-02-03T08:15:22","slug":"kolekcja-drewnianych-pojemnikow-na-pamiatki","status":"publish","type":"product","link":"https:\/\/www.rememberme-forever.com\/pl\/produkt\/kolekcja-drewnianych-pojemnikow-na-pamiatki\/","title":{"rendered":"Kolekcja drewnianych pojemnik\u00f3w na pami\u0105tki"},"content":{"rendered":"<div style=\"width: 100%; margin-bottom: 40px; height: max-content; padding-bottom: 60%; position: relative;\"><iframe style=\"position: absolute; top: 0; left: 0; width: 100%; height: 100%;\" src=\"https:\/\/rememberme-urns.com\/set-of-mango-keepsakes\/\" frameborder=\"0\"><\/iframe><\/div>\n<div style=\"color: red; text-align: center; margin-bottom: 25px;\">\n<p>&gt;&gt; Obrotowe zdj\u0119cie &#8211; dotknij\/zbli\u017c &lt;&lt;<\/p>\n<\/div>\n<h2 style=\"text-align: center;\">Kolekcja drewnianych pojemnik\u00f3w na pami\u0105tki<\/h2>\n<p style=\"text-align: center;\">Przedstawiamy kolekcj\u0119 drewnianych pojemnik\u00f3w na pami\u0105tki wykonanych z egzotycznego drewna mango. Te unikalne pojemniki s\u0105 idealne do przechowywania proch\u00f3w lub drobnych pami\u0105tek po ukochanych osobach lub wa\u017cnych miejscach, kt\u00f3re mia\u0142y dla nas szczeg\u00f3lne znaczenie.<\/p>\n<p style=\"text-align: center;\">Ka\u017cdy pojemnik zosta\u0142 starannie wykonany z wysokiej jako\u015bci drewna mango, kt\u00f3re jest nie tylko trwa\u0142e, ale r\u00f3wnie\u017c pi\u0119knie prezentuje si\u0119 dzi\u0119ki swoim naturalnym tonacjom i teksturze. Drewno mango jest znane ze swojej wytrzyma\u0142o\u015bci i elegancji, co czyni te pojemniki nie tylko funkcjonalnymi, ale tak\u017ce estetycznymi elementami dekoracyjnymi.<\/p>\n<p style=\"text-align: center;\">Ka\u017cdy pojemnik ma solidne wyko\u0144czenie, gwarantuj\u0105ce bezpieczne przechowywanie i ochron\u0119 zawarto\u015bci. Dodatkowo, opcja personalizacji pozwala doda\u0107 unikaln\u0105 tabliczk\u0119 pami\u0105tkow\u0105 z imieniem, dat\u0105 lub dedykacj\u0105, co czyni te pojemniki jeszcze bardziej osobistymi i warto\u015bciowymi.<\/p>\n<p style=\"text-align: center;\">Niech nasza kolekcja drewnianych pojemnik\u00f3w na pami\u0105tki z drewna mango stanie si\u0119 wyj\u0105tkowym miejscem przechowywania najwa\u017cniejszych wspomnie\u0144. Niezale\u017cnie od tego, czy chcesz zachowa\u0107 pami\u0105tki po bliskiej osobie czy drobne pami\u0105tki z ulubionego miejsca, nasze pojemniki zapewni\u0105 bezpieczne i pi\u0119kne miejsce przechowywania, kt\u00f3re b\u0119dzie oddawa\u0107 ho\u0142d i uhonorowa\u0107 te wa\u017cne chwile w Twoim \u017cyciu.<\/p>\n<p>&nbsp;<\/p>\n<p><iframe loading=\"lazy\" title=\"Wooden Urns Part 2:  Keepsake Urns, Small Urns For Human Ashes, Keepsakes\" width=\"640\" height=\"360\" src=\"https:\/\/www.youtube.com\/embed\/676L7IzBOWk?feature=oembed\" frameborder=\"0\" allow=\"accelerometer; autoplay; clipboard-write; encrypted-media; gyroscope; picture-in-picture; web-share\" referrerpolicy=\"strict-origin-when-cross-origin\" allowfullscreen><\/iframe><\/p>\n<p style=\"text-align: center;\">\n","protected":false},"excerpt":{"rendered":"<p><em><strong>Dzi\u0119ki temu zestawowi mo\u017cna przechowywa\u0107 drobne pami\u0105tki po ludziach lub miejscach.<\/strong><\/em><\/p>\n<p><b>\u2611\ufe0f <em style=\"color: red;\">Jeste\u015bmy \u015bwiadomi kr\u00f3tkiego czasu na dostarczenie urny. Urn\u0119 zam\u00f3wion\u0105 do godz. 12.00 w dzie\u0144 roboczy wysy\u0142amy natychmiast.\u00a0<\/em><\/b><\/p>\n","protected":false},"featured_media":7878,"template":"","meta":{"_acf_changed":false},"product_brand":[],"product_cat":[122,93],"product_tag":[3328,965,1025,1403,964,972],"class_list":{"0":"post-5752","1":"product","2":"type-product","3":"status-publish","4":"has-post-thumbnail","6":"product_cat-relikwiarze","7":"product_cat-urny-drewniane","8":"product_tag-gpsr-keepsake-urns","9":"product_tag-mango-pl","10":"product_tag-pamiatki","11":"product_tag-pojemniki","12":"product_tag-relikwiarz","13":"product_tag-zestaw","14":"product_shipping_class-1-2-kg","16":"first","17":"instock","18":"taxable","19":"shipping-taxable","20":"purchasable","21":"product-type-variable"},"yoast_head":"<!-- This site is optimized with the Yoast SEO plugin v27.4 - https:\/\/yoast.com\/product\/yoast-seo-wordpress\/ -->\n<title>Kolekcja drewnianych pojemnik\u00f3w na pami\u0105tki<\/title>\n<meta name=\"description\" content=\"Przedstawiamy kolekcj\u0119 drewnianych pojemnik\u00f3w na pami\u0105tki wykonanych z egzotycznego drewna mango. Te unikalne pojemniki s\u0105 idealne do przechowywania...\" \/>\n<meta name=\"robots\" content=\"index, follow, max-snippet:-1, max-image-preview:large, max-video-preview:-1\" \/>\n<link rel=\"canonical\" href=\"https:\/\/www.rememberme-forever.com\/pl\/produkt\/kolekcja-drewnianych-pojemnikow-na-pamiatki\/\" \/>\n<meta property=\"og:locale\" content=\"pl_PL\" \/>\n<meta property=\"og:type\" content=\"article\" \/>\n<meta property=\"og:title\" content=\"Kolekcja drewnianych pojemnik\u00f3w na pami\u0105tki\" \/>\n<meta property=\"og:description\" content=\"Przedstawiamy kolekcj\u0119 drewnianych pojemnik\u00f3w na pami\u0105tki wykonanych z egzotycznego drewna mango. Te unikalne pojemniki s\u0105 idealne do przechowywania...\" \/>\n<meta property=\"og:url\" content=\"https:\/\/www.rememberme-forever.com\/pl\/produkt\/kolekcja-drewnianych-pojemnikow-na-pamiatki\/\" \/>\n<meta property=\"og:site_name\" content=\"Remember Forever\" \/>\n<meta property=\"article:modified_time\" content=\"2026-02-03T08:15:22+00:00\" \/>\n<meta property=\"og:image\" content=\"http:\/\/www.rememberme-forever.com\/wp-content\/uploads\/2023\/07\/Set-of-2-6-mango-wood-keepsakes.jpg\" \/>\n\t<meta property=\"og:image:width\" content=\"1024\" \/>\n\t<meta property=\"og:image:height\" content=\"1024\" \/>\n\t<meta property=\"og:image:type\" content=\"image\/jpeg\" \/>\n<meta name=\"twitter:card\" content=\"summary_large_image\" \/>\n<meta name=\"twitter:label1\" content=\"Szacowany czas czytania\" \/>\n\t<meta name=\"twitter:data1\" content=\"1 minuta\" \/>\n<script type=\"application\/ld+json\" class=\"yoast-schema-graph\">{\"@context\":\"https:\\\/\\\/schema.org\",\"@graph\":[{\"@type\":\"WebPage\",\"@id\":\"https:\\\/\\\/www.rememberme-forever.com\\\/pl\\\/produkt\\\/kolekcja-drewnianych-pojemnikow-na-pamiatki\\\/\",\"url\":\"https:\\\/\\\/www.rememberme-forever.com\\\/pl\\\/produkt\\\/kolekcja-drewnianych-pojemnikow-na-pamiatki\\\/\",\"name\":\"Kolekcja drewnianych pojemnik\u00f3w na pami\u0105tki\",\"isPartOf\":{\"@id\":\"https:\\\/\\\/www.rememberme-forever.com\\\/pl\\\/#website\"},\"primaryImageOfPage\":{\"@id\":\"https:\\\/\\\/www.rememberme-forever.com\\\/pl\\\/produkt\\\/kolekcja-drewnianych-pojemnikow-na-pamiatki\\\/#primaryimage\"},\"image\":{\"@id\":\"https:\\\/\\\/www.rememberme-forever.com\\\/pl\\\/produkt\\\/kolekcja-drewnianych-pojemnikow-na-pamiatki\\\/#primaryimage\"},\"thumbnailUrl\":\"https:\\\/\\\/www.rememberme-forever.com\\\/wp-content\\\/uploads\\\/2023\\\/07\\\/Set-of-2-6-mango-wood-keepsakes.jpg\",\"datePublished\":\"2023-05-05T06:44:19+00:00\",\"dateModified\":\"2026-02-03T08:15:22+00:00\",\"description\":\"Przedstawiamy kolekcj\u0119 drewnianych pojemnik\u00f3w na pami\u0105tki wykonanych z egzotycznego drewna mango. Te unikalne pojemniki s\u0105 idealne do przechowywania...\",\"breadcrumb\":{\"@id\":\"https:\\\/\\\/www.rememberme-forever.com\\\/pl\\\/produkt\\\/kolekcja-drewnianych-pojemnikow-na-pamiatki\\\/#breadcrumb\"},\"inLanguage\":\"pl-PL\",\"potentialAction\":[{\"@type\":\"ReadAction\",\"target\":[\"https:\\\/\\\/www.rememberme-forever.com\\\/pl\\\/produkt\\\/kolekcja-drewnianych-pojemnikow-na-pamiatki\\\/\"]}]},{\"@type\":\"ImageObject\",\"inLanguage\":\"pl-PL\",\"@id\":\"https:\\\/\\\/www.rememberme-forever.com\\\/pl\\\/produkt\\\/kolekcja-drewnianych-pojemnikow-na-pamiatki\\\/#primaryimage\",\"url\":\"https:\\\/\\\/www.rememberme-forever.com\\\/wp-content\\\/uploads\\\/2023\\\/07\\\/Set-of-2-6-mango-wood-keepsakes.jpg\",\"contentUrl\":\"https:\\\/\\\/www.rememberme-forever.com\\\/wp-content\\\/uploads\\\/2023\\\/07\\\/Set-of-2-6-mango-wood-keepsakes.jpg\",\"width\":1024,\"height\":1024,\"caption\":\"Set of 2-6 mango wood keepsakes\"},{\"@type\":\"BreadcrumbList\",\"@id\":\"https:\\\/\\\/www.rememberme-forever.com\\\/pl\\\/produkt\\\/kolekcja-drewnianych-pojemnikow-na-pamiatki\\\/#breadcrumb\",\"itemListElement\":[{\"@type\":\"ListItem\",\"position\":1,\"name\":\"Home\",\"item\":\"https:\\\/\\\/www.rememberme-forever.com\\\/pl\\\/strona-glowna\\\/\"},{\"@type\":\"ListItem\",\"position\":2,\"name\":\"Sklep\",\"item\":\"https:\\\/\\\/www.rememberme-forever.com\\\/pl\\\/sklep-2\\\/\"},{\"@type\":\"ListItem\",\"position\":3,\"name\":\"Kolekcja drewnianych pojemnik\u00f3w na pami\u0105tki\"}]},{\"@type\":\"WebSite\",\"@id\":\"https:\\\/\\\/www.rememberme-forever.com\\\/pl\\\/#website\",\"url\":\"https:\\\/\\\/www.rememberme-forever.com\\\/pl\\\/\",\"name\":\"Remember Forever\",\"description\":\"Cremation urns, funeral urns, urns for ashes\",\"publisher\":{\"@id\":\"https:\\\/\\\/www.rememberme-forever.com\\\/pl\\\/#organization\"},\"potentialAction\":[{\"@type\":\"SearchAction\",\"target\":{\"@type\":\"EntryPoint\",\"urlTemplate\":\"https:\\\/\\\/www.rememberme-forever.com\\\/pl\\\/?s={search_term_string}\"},\"query-input\":{\"@type\":\"PropertyValueSpecification\",\"valueRequired\":true,\"valueName\":\"search_term_string\"}}],\"inLanguage\":\"pl-PL\"},{\"@type\":\"Organization\",\"@id\":\"https:\\\/\\\/www.rememberme-forever.com\\\/pl\\\/#organization\",\"name\":\"Remember Forever\",\"url\":\"https:\\\/\\\/www.rememberme-forever.com\\\/pl\\\/\",\"logo\":{\"@type\":\"ImageObject\",\"inLanguage\":\"pl-PL\",\"@id\":\"https:\\\/\\\/www.rememberme-forever.com\\\/pl\\\/#\\\/schema\\\/logo\\\/image\\\/\",\"url\":\"https:\\\/\\\/www.rememberme-forever.com\\\/wp-content\\\/uploads\\\/2023\\\/02\\\/logo.png\",\"contentUrl\":\"https:\\\/\\\/www.rememberme-forever.com\\\/wp-content\\\/uploads\\\/2023\\\/02\\\/logo.png\",\"width\":300,\"height\":56,\"caption\":\"Remember Forever\"},\"image\":{\"@id\":\"https:\\\/\\\/www.rememberme-forever.com\\\/pl\\\/#\\\/schema\\\/logo\\\/image\\\/\"}}]}<\/script>\n<!-- \/ Yoast SEO plugin. -->","yoast_head_json":{"title":"Kolekcja drewnianych pojemnik\u00f3w na pami\u0105tki","description":"Przedstawiamy kolekcj\u0119 drewnianych pojemnik\u00f3w na pami\u0105tki wykonanych z egzotycznego drewna mango. Te unikalne pojemniki s\u0105 idealne do przechowywania...","robots":{"index":"index","follow":"follow","max-snippet":"max-snippet:-1","max-image-preview":"max-image-preview:large","max-video-preview":"max-video-preview:-1"},"canonical":"https:\/\/www.rememberme-forever.com\/pl\/produkt\/kolekcja-drewnianych-pojemnikow-na-pamiatki\/","og_locale":"pl_PL","og_type":"article","og_title":"Kolekcja drewnianych pojemnik\u00f3w na pami\u0105tki","og_description":"Przedstawiamy kolekcj\u0119 drewnianych pojemnik\u00f3w na pami\u0105tki wykonanych z egzotycznego drewna mango. Te unikalne pojemniki s\u0105 idealne do przechowywania...","og_url":"https:\/\/www.rememberme-forever.com\/pl\/produkt\/kolekcja-drewnianych-pojemnikow-na-pamiatki\/","og_site_name":"Remember Forever","article_modified_time":"2026-02-03T08:15:22+00:00","og_image":[{"width":1024,"height":1024,"url":"http:\/\/www.rememberme-forever.com\/wp-content\/uploads\/2023\/07\/Set-of-2-6-mango-wood-keepsakes.jpg","type":"image\/jpeg"}],"twitter_card":"summary_large_image","twitter_misc":{"Szacowany czas czytania":"1 minuta"},"schema":{"@context":"https:\/\/schema.org","@graph":[{"@type":"WebPage","@id":"https:\/\/www.rememberme-forever.com\/pl\/produkt\/kolekcja-drewnianych-pojemnikow-na-pamiatki\/","url":"https:\/\/www.rememberme-forever.com\/pl\/produkt\/kolekcja-drewnianych-pojemnikow-na-pamiatki\/","name":"Kolekcja drewnianych pojemnik\u00f3w na pami\u0105tki","isPartOf":{"@id":"https:\/\/www.rememberme-forever.com\/pl\/#website"},"primaryImageOfPage":{"@id":"https:\/\/www.rememberme-forever.com\/pl\/produkt\/kolekcja-drewnianych-pojemnikow-na-pamiatki\/#primaryimage"},"image":{"@id":"https:\/\/www.rememberme-forever.com\/pl\/produkt\/kolekcja-drewnianych-pojemnikow-na-pamiatki\/#primaryimage"},"thumbnailUrl":"https:\/\/www.rememberme-forever.com\/wp-content\/uploads\/2023\/07\/Set-of-2-6-mango-wood-keepsakes.jpg","datePublished":"2023-05-05T06:44:19+00:00","dateModified":"2026-02-03T08:15:22+00:00","description":"Przedstawiamy kolekcj\u0119 drewnianych pojemnik\u00f3w na pami\u0105tki wykonanych z egzotycznego drewna mango. Te unikalne pojemniki s\u0105 idealne do przechowywania...","breadcrumb":{"@id":"https:\/\/www.rememberme-forever.com\/pl\/produkt\/kolekcja-drewnianych-pojemnikow-na-pamiatki\/#breadcrumb"},"inLanguage":"pl-PL","potentialAction":[{"@type":"ReadAction","target":["https:\/\/www.rememberme-forever.com\/pl\/produkt\/kolekcja-drewnianych-pojemnikow-na-pamiatki\/"]}]},{"@type":"ImageObject","inLanguage":"pl-PL","@id":"https:\/\/www.rememberme-forever.com\/pl\/produkt\/kolekcja-drewnianych-pojemnikow-na-pamiatki\/#primaryimage","url":"https:\/\/www.rememberme-forever.com\/wp-content\/uploads\/2023\/07\/Set-of-2-6-mango-wood-keepsakes.jpg","contentUrl":"https:\/\/www.rememberme-forever.com\/wp-content\/uploads\/2023\/07\/Set-of-2-6-mango-wood-keepsakes.jpg","width":1024,"height":1024,"caption":"Set of 2-6 mango wood keepsakes"},{"@type":"BreadcrumbList","@id":"https:\/\/www.rememberme-forever.com\/pl\/produkt\/kolekcja-drewnianych-pojemnikow-na-pamiatki\/#breadcrumb","itemListElement":[{"@type":"ListItem","position":1,"name":"Home","item":"https:\/\/www.rememberme-forever.com\/pl\/strona-glowna\/"},{"@type":"ListItem","position":2,"name":"Sklep","item":"https:\/\/www.rememberme-forever.com\/pl\/sklep-2\/"},{"@type":"ListItem","position":3,"name":"Kolekcja drewnianych pojemnik\u00f3w na pami\u0105tki"}]},{"@type":"WebSite","@id":"https:\/\/www.rememberme-forever.com\/pl\/#website","url":"https:\/\/www.rememberme-forever.com\/pl\/","name":"Remember Forever","description":"Cremation urns, funeral urns, urns for ashes","publisher":{"@id":"https:\/\/www.rememberme-forever.com\/pl\/#organization"},"potentialAction":[{"@type":"SearchAction","target":{"@type":"EntryPoint","urlTemplate":"https:\/\/www.rememberme-forever.com\/pl\/?s={search_term_string}"},"query-input":{"@type":"PropertyValueSpecification","valueRequired":true,"valueName":"search_term_string"}}],"inLanguage":"pl-PL"},{"@type":"Organization","@id":"https:\/\/www.rememberme-forever.com\/pl\/#organization","name":"Remember Forever","url":"https:\/\/www.rememberme-forever.com\/pl\/","logo":{"@type":"ImageObject","inLanguage":"pl-PL","@id":"https:\/\/www.rememberme-forever.com\/pl\/#\/schema\/logo\/image\/","url":"https:\/\/www.rememberme-forever.com\/wp-content\/uploads\/2023\/02\/logo.png","contentUrl":"https:\/\/www.rememberme-forever.com\/wp-content\/uploads\/2023\/02\/logo.png","width":300,"height":56,"caption":"Remember Forever"},"image":{"@id":"https:\/\/www.rememberme-forever.com\/pl\/#\/schema\/logo\/image\/"}}]}},"acf":[],"_links":{"self":[{"href":"https:\/\/www.rememberme-forever.com\/pl\/wp-json\/wp\/v2\/product\/5752","targetHints":{"allow":["GET"]}}],"collection":[{"href":"https:\/\/www.rememberme-forever.com\/pl\/wp-json\/wp\/v2\/product"}],"about":[{"href":"https:\/\/www.rememberme-forever.com\/pl\/wp-json\/wp\/v2\/types\/product"}],"wp:featuredmedia":[{"embeddable":true,"href":"https:\/\/www.rememberme-forever.com\/pl\/wp-json\/wp\/v2\/media\/7878"}],"wp:attachment":[{"href":"https:\/\/www.rememberme-forever.com\/pl\/wp-json\/wp\/v2\/media?parent=5752"}],"wp:term":[{"taxonomy":"product_brand","embeddable":true,"href":"https:\/\/www.rememberme-forever.com\/pl\/wp-json\/wp\/v2\/product_brand?post=5752"},{"taxonomy":"product_cat","embeddable":true,"href":"https:\/\/www.rememberme-forever.com\/pl\/wp-json\/wp\/v2\/product_cat?post=5752"},{"taxonomy":"product_tag","embeddable":true,"href":"https:\/\/www.rememberme-forever.com\/pl\/wp-json\/wp\/v2\/product_tag?post=5752"}],"curies":[{"name":"wp","href":"https:\/\/api.w.org\/{rel}","templated":true}]}}