{"id":6030,"date":"2023-05-05T09:01:22","date_gmt":"2023-05-05T07:01:22","guid":{"rendered":"http:\/\/www.rememberme-forever.com\/?post_type=product&#038;p=6030"},"modified":"2026-02-03T09:03:47","modified_gmt":"2026-02-03T08:03:47","slug":"grawerowana-plakietka-z-wlasnym-tekstem-podstawka","status":"publish","type":"product","link":"https:\/\/www.rememberme-forever.com\/pl\/produkt\/grawerowana-plakietka-z-wlasnym-tekstem-podstawka\/","title":{"rendered":"Grawerowana plakietka z w\u0142asnym tekstem + podstawka"},"content":{"rendered":"<h2 style=\"text-align: center;\">Grawerowana plakietka z w\u0142asnym tekstem<\/h2>\n<p style=\"text-align: center;\">Grawerowana plakietka &#8211; prostopad\u0142e naro\u017cniki &#8211; 81mm x 45mm (3,18&#8243; x 1,77&#8243;) jest idealna do umieszczenia na urnie pogrzebowej lub w miejscu pami\u0119ci.<\/p>\n<p style=\"text-align: center;\">Materia\u0142 z tworzywa sztucznego imituj\u0105cego metaliczny wygl\u0105d &#8211; ten syntetyczny niemetaliczny materia\u0142 charakteryzuje si\u0119 niezwykle czytelnymi literami i ostro zdefiniowanymi kraw\u0119dziami (jest nieco elastyczny, ale nie jest przeznaczony do zakrzywionych powierzchni).<\/p>\n<p style=\"text-align: center;\">Grawerowanie obejmuje do 5 linii tekstu, z maksymalnie 28 znakami na lini\u0119 (wliczaj\u0105c w to spacje). Je\u015bli potrzebujesz wi\u0119cej miejsca na tekst ni\u017c jest dopuszczalne powy\u017cej lub masz jakiekolwiek pytania, prosz\u0119 skontaktuj si\u0119 z nami za pomoc\u0105 formularza kontaktowego.<\/p>\n<p>&nbsp;<\/p>\n<h3 style=\"text-align: center;\">Specyfikacje<\/h3>\n<p style=\"text-align: center;\">\u2022 Materia\u0142: Akryl imituj\u0105cy metaliczny wygl\u0105d<\/p>\n<p style=\"text-align: center;\">\u2022 3M klej do przyklejania u\u0142atwia monta\u017c na niemal ka\u017cdej p\u0142askiej, g\u0142adkiej i czystej powierzchni (drzewa, metale, tworzywa sztuczne, marmur, marmur syntetyczny itp.).<\/p>\n<p style=\"text-align: center;\">\u2022 Wymiary: 81mm x 45mm (3,18&#8243; x 1,77&#8243;) (je\u015bli potrzebujesz innych wymiar\u00f3w, daj nam zna\u0107)<\/p>\n<p style=\"text-align: center;\">\u2022 Wysy\u0142ka za po\u015brednictwem firmy Fedex, DPD lub TNT<\/p>\n<p style=\"text-align: center;\">\u2022 Stojak z plexiglasu<\/p>\n<p style=\"text-align: center;\"><strong>Tekst do grawerowania nale\u017cy poda\u0107 w polu &#8222;Grawerowana plakietka &#8211; tekst&#8221;.<\/strong><\/p>\n<p>&nbsp;<\/p>\n<h3 style=\"text-align: center;\">WA\u017bNE<\/h3>\n<p style=\"text-align: center;\">Tekst do grawerowanej plakietki powinien by\u0107 dostarczony podczas sk\u0142adania zam\u00f3wienia. (Prosz\u0119 nie panikowa\u0107, je\u015bli to przegapisz, poniewa\u017c zawsze mo\u017cesz wys\u0142a\u0107 nam wiadomo\u015b\u0107 p\u00f3\u017aniej.)<\/p>\n<p style=\"text-align: center;\"><em><strong>Przed dodaniem produktu do koszyka dok\u0142adnie SPRAWD\u0179 tekst przes\u0142any do grawerowania. Do\u00a0 tekstu kt\u00f3ry otrzymujemy wraz z zam\u00f3wieniem\u00a0 nie wprowadzamy \u017cadnych zmian z naszej strony. Tekst jest grawerowany dok\u0142adnie taki, jaki otrzymujemy od pa\u0144stwa. <\/strong><\/em><\/p>\n<p style=\"text-align: center;\"><em><strong>Sprawd\u017a tekst, aby upewni\u0107 si\u0119, \u017ce pisownia jest poprawna.<\/strong><\/em><\/p>\n<p style=\"text-align: center;\"><b><i>(Podstawka na grawerowan\u0105 plakietk\u0119 wykonana jest z przezroczystej pleksy.)<\/i><\/b><\/p>\n","protected":false},"excerpt":{"rendered":"<p><em><strong>Grawerowana plakietka dla urny o nieregularnych kszta\u0142tach, na kt\u00f3rej nie mo\u017cna przyklei\u0107 plakietki oraz na wszelkie inne okoliczno\u015bci.<\/strong><\/em><\/p>\n<p><b>\u2611\ufe0f <em style=\"color: red;\">Jeste\u015bmy \u015bwiadomi kr\u00f3tkiego czasu na dostarczenie urny. Urn\u0119 zam\u00f3wion\u0105 do godz. 12.00 w dzie\u0144 roboczy wysy\u0142amy natychmiast.\u00a0<\/em><\/b><\/p>\n","protected":false},"featured_media":6871,"template":"","meta":{"_acf_changed":false},"product_brand":[],"product_cat":[130],"product_tag":[3300,1165,1167],"class_list":{"0":"post-6030","1":"product","2":"type-product","3":"status-publish","4":"has-post-thumbnail","6":"product_cat-akcesoria","7":"product_tag-gpsr-all-urns-accesories","8":"product_tag-plakietka","9":"product_tag-tekst","10":"product_shipping_class-1-2-kg","12":"first","13":"instock","14":"taxable","15":"shipping-taxable","16":"purchasable","17":"product-type-variable"},"yoast_head":"<!-- This site is optimized with the Yoast SEO plugin v27.4 - https:\/\/yoast.com\/product\/yoast-seo-wordpress\/ -->\n<title>Grawerowana plakietka z w\u0142asnym tekstem + podstawka<\/title>\n<meta name=\"description\" content=\"Grawerowana plakietka - prostopad\u0142e naro\u017cniki - 81mm x 45mm (3,18&quot; x 1,77&quot;) jest idealna do umieszczenia na urnie pogrzebowej lub w miejscu pami\u0119ci.\" \/>\n<meta name=\"robots\" content=\"index, follow, max-snippet:-1, max-image-preview:large, max-video-preview:-1\" \/>\n<link rel=\"canonical\" href=\"http:\/\/www.rememberme-forever.com\/pl\/product\/memorial-plaque-with-own-text-for-sticking\/\" \/>\n<meta property=\"og:locale\" content=\"pl_PL\" \/>\n<meta property=\"og:type\" content=\"article\" \/>\n<meta property=\"og:title\" content=\"Grawerowana plakietka z w\u0142asnym tekstem + podstawka\" \/>\n<meta property=\"og:description\" content=\"Grawerowana plakietka - prostopad\u0142e naro\u017cniki - 81mm x 45mm (3,18&quot; x 1,77&quot;) jest idealna do umieszczenia na urnie pogrzebowej lub w miejscu pami\u0119ci.\" \/>\n<meta property=\"og:url\" content=\"http:\/\/www.rememberme-forever.com\/product\/memorial-plaque-with-own-text-for-sticking\/\" \/>\n<meta property=\"og:site_name\" content=\"Remember Forever\" \/>\n<meta property=\"article:modified_time\" content=\"2026-02-03T08:03:47+00:00\" \/>\n<meta property=\"og:image\" content=\"http:\/\/www.rememberme-forever.com\/wp-content\/uploads\/2023\/05\/Grawerowana-plakietka-z-wlasnym-tekstem.jpg\" \/>\n\t<meta property=\"og:image:width\" content=\"768\" \/>\n\t<meta property=\"og:image:height\" content=\"781\" \/>\n\t<meta property=\"og:image:type\" content=\"image\/jpeg\" \/>\n<meta name=\"twitter:card\" content=\"summary_large_image\" \/>\n<meta name=\"twitter:label1\" content=\"Szacowany czas czytania\" \/>\n\t<meta name=\"twitter:data1\" content=\"2 minuta\" \/>\n<script type=\"application\/ld+json\" class=\"yoast-schema-graph\">{\"@context\":\"https:\\\/\\\/schema.org\",\"@graph\":[{\"@type\":\"WebPage\",\"@id\":\"https:\\\/\\\/www.rememberme-forever.com\\\/pl\\\/produkt\\\/grawerowana-plakietka-z-wlasnym-tekstem-podstawka\\\/\",\"url\":\"http:\\\/\\\/www.rememberme-forever.com\\\/product\\\/memorial-plaque-with-own-text-for-sticking\\\/\",\"name\":\"Grawerowana plakietka z w\u0142asnym tekstem + podstawka\",\"isPartOf\":{\"@id\":\"https:\\\/\\\/www.rememberme-forever.com\\\/pl\\\/#website\"},\"primaryImageOfPage\":{\"@id\":\"http:\\\/\\\/www.rememberme-forever.com\\\/product\\\/memorial-plaque-with-own-text-for-sticking\\\/#primaryimage\"},\"image\":{\"@id\":\"http:\\\/\\\/www.rememberme-forever.com\\\/product\\\/memorial-plaque-with-own-text-for-sticking\\\/#primaryimage\"},\"thumbnailUrl\":\"https:\\\/\\\/www.rememberme-forever.com\\\/wp-content\\\/uploads\\\/2023\\\/05\\\/Grawerowana-plakietka-z-wlasnym-tekstem.jpg\",\"datePublished\":\"2023-05-05T07:01:22+00:00\",\"dateModified\":\"2026-02-03T08:03:47+00:00\",\"description\":\"Grawerowana plakietka - prostopad\u0142e naro\u017cniki - 81mm x 45mm (3,18\\\" x 1,77\\\") jest idealna do umieszczenia na urnie pogrzebowej lub w miejscu pami\u0119ci.\",\"breadcrumb\":{\"@id\":\"http:\\\/\\\/www.rememberme-forever.com\\\/product\\\/memorial-plaque-with-own-text-for-sticking\\\/#breadcrumb\"},\"inLanguage\":\"pl-PL\",\"potentialAction\":[{\"@type\":\"ReadAction\",\"target\":[\"http:\\\/\\\/www.rememberme-forever.com\\\/product\\\/memorial-plaque-with-own-text-for-sticking\\\/\"]}]},{\"@type\":\"ImageObject\",\"inLanguage\":\"pl-PL\",\"@id\":\"http:\\\/\\\/www.rememberme-forever.com\\\/product\\\/memorial-plaque-with-own-text-for-sticking\\\/#primaryimage\",\"url\":\"https:\\\/\\\/www.rememberme-forever.com\\\/wp-content\\\/uploads\\\/2023\\\/05\\\/Grawerowana-plakietka-z-wlasnym-tekstem.jpg\",\"contentUrl\":\"https:\\\/\\\/www.rememberme-forever.com\\\/wp-content\\\/uploads\\\/2023\\\/05\\\/Grawerowana-plakietka-z-wlasnym-tekstem.jpg\",\"width\":768,\"height\":781,\"caption\":\"Grawerowana plakietka z w\u0142asnym tekstem\"},{\"@type\":\"BreadcrumbList\",\"@id\":\"http:\\\/\\\/www.rememberme-forever.com\\\/product\\\/memorial-plaque-with-own-text-for-sticking\\\/#breadcrumb\",\"itemListElement\":[{\"@type\":\"ListItem\",\"position\":1,\"name\":\"Home\",\"item\":\"https:\\\/\\\/www.rememberme-forever.com\\\/pl\\\/strona-glowna\\\/\"},{\"@type\":\"ListItem\",\"position\":2,\"name\":\"Sklep\",\"item\":\"https:\\\/\\\/www.rememberme-forever.com\\\/pl\\\/sklep-2\\\/\"},{\"@type\":\"ListItem\",\"position\":3,\"name\":\"Grawerowana plakietka z w\u0142asnym tekstem + podstawka\"}]},{\"@type\":\"WebSite\",\"@id\":\"https:\\\/\\\/www.rememberme-forever.com\\\/pl\\\/#website\",\"url\":\"https:\\\/\\\/www.rememberme-forever.com\\\/pl\\\/\",\"name\":\"Remember Forever\",\"description\":\"Cremation urns, funeral urns, urns for ashes\",\"publisher\":{\"@id\":\"https:\\\/\\\/www.rememberme-forever.com\\\/pl\\\/#organization\"},\"potentialAction\":[{\"@type\":\"SearchAction\",\"target\":{\"@type\":\"EntryPoint\",\"urlTemplate\":\"https:\\\/\\\/www.rememberme-forever.com\\\/pl\\\/?s={search_term_string}\"},\"query-input\":{\"@type\":\"PropertyValueSpecification\",\"valueRequired\":true,\"valueName\":\"search_term_string\"}}],\"inLanguage\":\"pl-PL\"},{\"@type\":\"Organization\",\"@id\":\"https:\\\/\\\/www.rememberme-forever.com\\\/pl\\\/#organization\",\"name\":\"Remember Forever\",\"url\":\"https:\\\/\\\/www.rememberme-forever.com\\\/pl\\\/\",\"logo\":{\"@type\":\"ImageObject\",\"inLanguage\":\"pl-PL\",\"@id\":\"https:\\\/\\\/www.rememberme-forever.com\\\/pl\\\/#\\\/schema\\\/logo\\\/image\\\/\",\"url\":\"https:\\\/\\\/www.rememberme-forever.com\\\/wp-content\\\/uploads\\\/2023\\\/02\\\/logo.png\",\"contentUrl\":\"https:\\\/\\\/www.rememberme-forever.com\\\/wp-content\\\/uploads\\\/2023\\\/02\\\/logo.png\",\"width\":300,\"height\":56,\"caption\":\"Remember Forever\"},\"image\":{\"@id\":\"https:\\\/\\\/www.rememberme-forever.com\\\/pl\\\/#\\\/schema\\\/logo\\\/image\\\/\"}}]}<\/script>\n<!-- \/ Yoast SEO plugin. -->","yoast_head_json":{"title":"Grawerowana plakietka z w\u0142asnym tekstem + podstawka","description":"Grawerowana plakietka - prostopad\u0142e naro\u017cniki - 81mm x 45mm (3,18\" x 1,77\") jest idealna do umieszczenia na urnie pogrzebowej lub w miejscu pami\u0119ci.","robots":{"index":"index","follow":"follow","max-snippet":"max-snippet:-1","max-image-preview":"max-image-preview:large","max-video-preview":"max-video-preview:-1"},"canonical":"http:\/\/www.rememberme-forever.com\/pl\/product\/memorial-plaque-with-own-text-for-sticking\/","og_locale":"pl_PL","og_type":"article","og_title":"Grawerowana plakietka z w\u0142asnym tekstem + podstawka","og_description":"Grawerowana plakietka - prostopad\u0142e naro\u017cniki - 81mm x 45mm (3,18\" x 1,77\") jest idealna do umieszczenia na urnie pogrzebowej lub w miejscu pami\u0119ci.","og_url":"http:\/\/www.rememberme-forever.com\/product\/memorial-plaque-with-own-text-for-sticking\/","og_site_name":"Remember Forever","article_modified_time":"2026-02-03T08:03:47+00:00","og_image":[{"width":768,"height":781,"url":"http:\/\/www.rememberme-forever.com\/wp-content\/uploads\/2023\/05\/Grawerowana-plakietka-z-wlasnym-tekstem.jpg","type":"image\/jpeg"}],"twitter_card":"summary_large_image","twitter_misc":{"Szacowany czas czytania":"2 minuta"},"schema":{"@context":"https:\/\/schema.org","@graph":[{"@type":"WebPage","@id":"https:\/\/www.rememberme-forever.com\/pl\/produkt\/grawerowana-plakietka-z-wlasnym-tekstem-podstawka\/","url":"http:\/\/www.rememberme-forever.com\/product\/memorial-plaque-with-own-text-for-sticking\/","name":"Grawerowana plakietka z w\u0142asnym tekstem + podstawka","isPartOf":{"@id":"https:\/\/www.rememberme-forever.com\/pl\/#website"},"primaryImageOfPage":{"@id":"http:\/\/www.rememberme-forever.com\/product\/memorial-plaque-with-own-text-for-sticking\/#primaryimage"},"image":{"@id":"http:\/\/www.rememberme-forever.com\/product\/memorial-plaque-with-own-text-for-sticking\/#primaryimage"},"thumbnailUrl":"https:\/\/www.rememberme-forever.com\/wp-content\/uploads\/2023\/05\/Grawerowana-plakietka-z-wlasnym-tekstem.jpg","datePublished":"2023-05-05T07:01:22+00:00","dateModified":"2026-02-03T08:03:47+00:00","description":"Grawerowana plakietka - prostopad\u0142e naro\u017cniki - 81mm x 45mm (3,18\" x 1,77\") jest idealna do umieszczenia na urnie pogrzebowej lub w miejscu pami\u0119ci.","breadcrumb":{"@id":"http:\/\/www.rememberme-forever.com\/product\/memorial-plaque-with-own-text-for-sticking\/#breadcrumb"},"inLanguage":"pl-PL","potentialAction":[{"@type":"ReadAction","target":["http:\/\/www.rememberme-forever.com\/product\/memorial-plaque-with-own-text-for-sticking\/"]}]},{"@type":"ImageObject","inLanguage":"pl-PL","@id":"http:\/\/www.rememberme-forever.com\/product\/memorial-plaque-with-own-text-for-sticking\/#primaryimage","url":"https:\/\/www.rememberme-forever.com\/wp-content\/uploads\/2023\/05\/Grawerowana-plakietka-z-wlasnym-tekstem.jpg","contentUrl":"https:\/\/www.rememberme-forever.com\/wp-content\/uploads\/2023\/05\/Grawerowana-plakietka-z-wlasnym-tekstem.jpg","width":768,"height":781,"caption":"Grawerowana plakietka z w\u0142asnym tekstem"},{"@type":"BreadcrumbList","@id":"http:\/\/www.rememberme-forever.com\/product\/memorial-plaque-with-own-text-for-sticking\/#breadcrumb","itemListElement":[{"@type":"ListItem","position":1,"name":"Home","item":"https:\/\/www.rememberme-forever.com\/pl\/strona-glowna\/"},{"@type":"ListItem","position":2,"name":"Sklep","item":"https:\/\/www.rememberme-forever.com\/pl\/sklep-2\/"},{"@type":"ListItem","position":3,"name":"Grawerowana plakietka z w\u0142asnym tekstem + podstawka"}]},{"@type":"WebSite","@id":"https:\/\/www.rememberme-forever.com\/pl\/#website","url":"https:\/\/www.rememberme-forever.com\/pl\/","name":"Remember Forever","description":"Cremation urns, funeral urns, urns for ashes","publisher":{"@id":"https:\/\/www.rememberme-forever.com\/pl\/#organization"},"potentialAction":[{"@type":"SearchAction","target":{"@type":"EntryPoint","urlTemplate":"https:\/\/www.rememberme-forever.com\/pl\/?s={search_term_string}"},"query-input":{"@type":"PropertyValueSpecification","valueRequired":true,"valueName":"search_term_string"}}],"inLanguage":"pl-PL"},{"@type":"Organization","@id":"https:\/\/www.rememberme-forever.com\/pl\/#organization","name":"Remember Forever","url":"https:\/\/www.rememberme-forever.com\/pl\/","logo":{"@type":"ImageObject","inLanguage":"pl-PL","@id":"https:\/\/www.rememberme-forever.com\/pl\/#\/schema\/logo\/image\/","url":"https:\/\/www.rememberme-forever.com\/wp-content\/uploads\/2023\/02\/logo.png","contentUrl":"https:\/\/www.rememberme-forever.com\/wp-content\/uploads\/2023\/02\/logo.png","width":300,"height":56,"caption":"Remember Forever"},"image":{"@id":"https:\/\/www.rememberme-forever.com\/pl\/#\/schema\/logo\/image\/"}}]}},"acf":[],"_links":{"self":[{"href":"https:\/\/www.rememberme-forever.com\/pl\/wp-json\/wp\/v2\/product\/6030","targetHints":{"allow":["GET"]}}],"collection":[{"href":"https:\/\/www.rememberme-forever.com\/pl\/wp-json\/wp\/v2\/product"}],"about":[{"href":"https:\/\/www.rememberme-forever.com\/pl\/wp-json\/wp\/v2\/types\/product"}],"wp:featuredmedia":[{"embeddable":true,"href":"https:\/\/www.rememberme-forever.com\/pl\/wp-json\/wp\/v2\/media\/6871"}],"wp:attachment":[{"href":"https:\/\/www.rememberme-forever.com\/pl\/wp-json\/wp\/v2\/media?parent=6030"}],"wp:term":[{"taxonomy":"product_brand","embeddable":true,"href":"https:\/\/www.rememberme-forever.com\/pl\/wp-json\/wp\/v2\/product_brand?post=6030"},{"taxonomy":"product_cat","embeddable":true,"href":"https:\/\/www.rememberme-forever.com\/pl\/wp-json\/wp\/v2\/product_cat?post=6030"},{"taxonomy":"product_tag","embeddable":true,"href":"https:\/\/www.rememberme-forever.com\/pl\/wp-json\/wp\/v2\/product_tag?post=6030"}],"curies":[{"name":"wp","href":"https:\/\/api.w.org\/{rel}","templated":true}]}}