{"id":6041,"date":"2023-05-05T09:04:04","date_gmt":"2023-05-05T07:04:04","guid":{"rendered":"http:\/\/www.rememberme-forever.com\/?post_type=product&#038;p=6041"},"modified":"2026-02-03T09:02:22","modified_gmt":"2026-02-03T08:02:22","slug":"abstract-abstrakcyjna-ceramiczna-urna-na-prochy","status":"publish","type":"product","link":"https:\/\/www.rememberme-forever.com\/pl\/produkt\/abstract-abstrakcyjna-ceramiczna-urna-na-prochy\/","title":{"rendered":"&#8222;Abstract&#8221; abstrakcyjna Ceramiczna Urna na Prochy"},"content":{"rendered":"<h2 style=\"text-align: center;\">&#8222;Abstract&#8221; abstrakcyjna Ceramiczna Urna na Prochy<\/h2>\n<p style=\"text-align: center;\">To idealna ceramiczna urna, kt\u00f3ra \u0142\u0105czy w sobie nowoczesny design z doskona\u0142ymi kszta\u0142tami geometrycznymi. Solidnie wykonana z najwy\u017cszej jako\u015bci materia\u0142\u00f3w, jej wygl\u0105d inspiruje i zachwyca.<\/p>\n<p style=\"text-align: center;\">To nie jest zwyk\u0142y kszta\u0142t urny kremacyjnej, dlatego mo\u017ce pe\u0142ni\u0107 rol\u0119 elementu dekoracyjnego.<\/p>\n<p style=\"text-align: center;\">Urna jest wyposa\u017cona w zamkni\u0119ty uchwyt na \u015bwieczk\u0119, umo\u017cliwiaj\u0105cy zapalenie pami\u0105tkowej \u015bwiecy.<\/p>\n<p style=\"text-align: center;\">Urna nadaje si\u0119 do u\u017cytku w domu lub w kolumbarium.<\/p>\n<p style=\"text-align: center;\">Ta konkretna urna nie wymaga uszczelnienia, poniewa\u017c zamkni\u0119cie jest szczelne, a plastikowy korek pasuje bardzo ciasno. Uszczelnienie klejem jest opcjonalne.<\/p>\n","protected":false},"excerpt":{"rendered":"<p>Wyj\u0105tkowa ceramiczna urna na prochy.<\/p>\n","protected":false},"featured_media":3976,"template":"","meta":{"_acf_changed":false},"product_brand":[],"product_cat":[78,83],"product_tag":[3313,995,994,962],"class_list":{"0":"post-6041","1":"product","2":"type-product","3":"status-publish","4":"has-post-thumbnail","6":"product_cat-urny-artystyczne","7":"product_cat-urny-ceramiczne","8":"product_tag-gpsr-ceramic-urns","9":"product_tag-kremacja","10":"product_tag-prochy","11":"product_tag-urna","12":"product_shipping_class-art-urns-kule-do20cm-pl","14":"first","15":"instock","16":"taxable","17":"shipping-taxable","18":"purchasable","19":"product-type-variable"},"yoast_head":"<!-- This site is optimized with the Yoast SEO plugin v27.4 - https:\/\/yoast.com\/product\/yoast-seo-wordpress\/ -->\n<title>&quot;Abstract&quot; abstrakcyjna Ceramiczna Urna na Prochy<\/title>\n<meta name=\"description\" content=\"To idealna ceramiczna urna, kt\u00f3ra \u0142\u0105czy w sobie nowoczesny design z doskona\u0142ymi kszta\u0142tami geometrycznymi. Solidnie wykonana z najwy\u017cszej jako\u015bci...\" \/>\n<meta name=\"robots\" content=\"index, follow, max-snippet:-1, max-image-preview:large, max-video-preview:-1\" \/>\n<link rel=\"canonical\" href=\"https:\/\/www.rememberme-forever.com\/pl\/produkt\/abstract-abstrakcyjna-ceramiczna-urna-na-prochy\/\" \/>\n<meta property=\"og:locale\" content=\"pl_PL\" \/>\n<meta property=\"og:type\" content=\"article\" \/>\n<meta property=\"og:title\" content=\"&quot;Abstract&quot; abstrakcyjna Ceramiczna Urna na Prochy\" \/>\n<meta property=\"og:description\" content=\"To idealna ceramiczna urna, kt\u00f3ra \u0142\u0105czy w sobie nowoczesny design z doskona\u0142ymi kszta\u0142tami geometrycznymi. Solidnie wykonana z najwy\u017cszej jako\u015bci...\" \/>\n<meta property=\"og:url\" content=\"https:\/\/www.rememberme-forever.com\/pl\/produkt\/abstract-abstrakcyjna-ceramiczna-urna-na-prochy\/\" \/>\n<meta property=\"og:site_name\" content=\"Remember Forever\" \/>\n<meta property=\"article:modified_time\" content=\"2026-02-03T08:02:22+00:00\" \/>\n<meta property=\"og:image\" content=\"http:\/\/www.rememberme-forever.com\/wp-content\/uploads\/2023\/04\/glowne.jpg\" \/>\n\t<meta property=\"og:image:width\" content=\"1024\" \/>\n\t<meta property=\"og:image:height\" content=\"683\" \/>\n\t<meta property=\"og:image:type\" content=\"image\/jpeg\" \/>\n<meta name=\"twitter:card\" content=\"summary_large_image\" \/>\n<meta name=\"twitter:label1\" content=\"Szacowany czas czytania\" \/>\n\t<meta name=\"twitter:data1\" content=\"1 minuta\" \/>\n<script type=\"application\/ld+json\" class=\"yoast-schema-graph\">{\"@context\":\"https:\\\/\\\/schema.org\",\"@graph\":[{\"@type\":\"WebPage\",\"@id\":\"https:\\\/\\\/www.rememberme-forever.com\\\/pl\\\/produkt\\\/abstract-abstrakcyjna-ceramiczna-urna-na-prochy\\\/\",\"url\":\"https:\\\/\\\/www.rememberme-forever.com\\\/pl\\\/produkt\\\/abstract-abstrakcyjna-ceramiczna-urna-na-prochy\\\/\",\"name\":\"\\\"Abstract\\\" abstrakcyjna Ceramiczna Urna na Prochy\",\"isPartOf\":{\"@id\":\"https:\\\/\\\/www.rememberme-forever.com\\\/pl\\\/#website\"},\"primaryImageOfPage\":{\"@id\":\"https:\\\/\\\/www.rememberme-forever.com\\\/pl\\\/produkt\\\/abstract-abstrakcyjna-ceramiczna-urna-na-prochy\\\/#primaryimage\"},\"image\":{\"@id\":\"https:\\\/\\\/www.rememberme-forever.com\\\/pl\\\/produkt\\\/abstract-abstrakcyjna-ceramiczna-urna-na-prochy\\\/#primaryimage\"},\"thumbnailUrl\":\"https:\\\/\\\/www.rememberme-forever.com\\\/wp-content\\\/uploads\\\/2023\\\/04\\\/glowne.jpg\",\"datePublished\":\"2023-05-05T07:04:04+00:00\",\"dateModified\":\"2026-02-03T08:02:22+00:00\",\"description\":\"To idealna ceramiczna urna, kt\u00f3ra \u0142\u0105czy w sobie nowoczesny design z doskona\u0142ymi kszta\u0142tami geometrycznymi. Solidnie wykonana z najwy\u017cszej jako\u015bci...\",\"breadcrumb\":{\"@id\":\"https:\\\/\\\/www.rememberme-forever.com\\\/pl\\\/produkt\\\/abstract-abstrakcyjna-ceramiczna-urna-na-prochy\\\/#breadcrumb\"},\"inLanguage\":\"pl-PL\",\"potentialAction\":[{\"@type\":\"ReadAction\",\"target\":[\"https:\\\/\\\/www.rememberme-forever.com\\\/pl\\\/produkt\\\/abstract-abstrakcyjna-ceramiczna-urna-na-prochy\\\/\"]}]},{\"@type\":\"ImageObject\",\"inLanguage\":\"pl-PL\",\"@id\":\"https:\\\/\\\/www.rememberme-forever.com\\\/pl\\\/produkt\\\/abstract-abstrakcyjna-ceramiczna-urna-na-prochy\\\/#primaryimage\",\"url\":\"https:\\\/\\\/www.rememberme-forever.com\\\/wp-content\\\/uploads\\\/2023\\\/04\\\/glowne.jpg\",\"contentUrl\":\"https:\\\/\\\/www.rememberme-forever.com\\\/wp-content\\\/uploads\\\/2023\\\/04\\\/glowne.jpg\",\"width\":1024,\"height\":683},{\"@type\":\"BreadcrumbList\",\"@id\":\"https:\\\/\\\/www.rememberme-forever.com\\\/pl\\\/produkt\\\/abstract-abstrakcyjna-ceramiczna-urna-na-prochy\\\/#breadcrumb\",\"itemListElement\":[{\"@type\":\"ListItem\",\"position\":1,\"name\":\"Home\",\"item\":\"https:\\\/\\\/www.rememberme-forever.com\\\/pl\\\/strona-glowna\\\/\"},{\"@type\":\"ListItem\",\"position\":2,\"name\":\"Sklep\",\"item\":\"https:\\\/\\\/www.rememberme-forever.com\\\/pl\\\/sklep-2\\\/\"},{\"@type\":\"ListItem\",\"position\":3,\"name\":\"&#8220;Abstract&#8221; abstrakcyjna Ceramiczna Urna na Prochy\"}]},{\"@type\":\"WebSite\",\"@id\":\"https:\\\/\\\/www.rememberme-forever.com\\\/pl\\\/#website\",\"url\":\"https:\\\/\\\/www.rememberme-forever.com\\\/pl\\\/\",\"name\":\"Remember Forever\",\"description\":\"Cremation urns, funeral urns, urns for ashes\",\"publisher\":{\"@id\":\"https:\\\/\\\/www.rememberme-forever.com\\\/pl\\\/#organization\"},\"potentialAction\":[{\"@type\":\"SearchAction\",\"target\":{\"@type\":\"EntryPoint\",\"urlTemplate\":\"https:\\\/\\\/www.rememberme-forever.com\\\/pl\\\/?s={search_term_string}\"},\"query-input\":{\"@type\":\"PropertyValueSpecification\",\"valueRequired\":true,\"valueName\":\"search_term_string\"}}],\"inLanguage\":\"pl-PL\"},{\"@type\":\"Organization\",\"@id\":\"https:\\\/\\\/www.rememberme-forever.com\\\/pl\\\/#organization\",\"name\":\"Remember Forever\",\"url\":\"https:\\\/\\\/www.rememberme-forever.com\\\/pl\\\/\",\"logo\":{\"@type\":\"ImageObject\",\"inLanguage\":\"pl-PL\",\"@id\":\"https:\\\/\\\/www.rememberme-forever.com\\\/pl\\\/#\\\/schema\\\/logo\\\/image\\\/\",\"url\":\"https:\\\/\\\/www.rememberme-forever.com\\\/wp-content\\\/uploads\\\/2023\\\/02\\\/logo.png\",\"contentUrl\":\"https:\\\/\\\/www.rememberme-forever.com\\\/wp-content\\\/uploads\\\/2023\\\/02\\\/logo.png\",\"width\":300,\"height\":56,\"caption\":\"Remember Forever\"},\"image\":{\"@id\":\"https:\\\/\\\/www.rememberme-forever.com\\\/pl\\\/#\\\/schema\\\/logo\\\/image\\\/\"}}]}<\/script>\n<!-- \/ Yoast SEO plugin. -->","yoast_head_json":{"title":"\"Abstract\" abstrakcyjna Ceramiczna Urna na Prochy","description":"To idealna ceramiczna urna, kt\u00f3ra \u0142\u0105czy w sobie nowoczesny design z doskona\u0142ymi kszta\u0142tami geometrycznymi. Solidnie wykonana z najwy\u017cszej jako\u015bci...","robots":{"index":"index","follow":"follow","max-snippet":"max-snippet:-1","max-image-preview":"max-image-preview:large","max-video-preview":"max-video-preview:-1"},"canonical":"https:\/\/www.rememberme-forever.com\/pl\/produkt\/abstract-abstrakcyjna-ceramiczna-urna-na-prochy\/","og_locale":"pl_PL","og_type":"article","og_title":"\"Abstract\" abstrakcyjna Ceramiczna Urna na Prochy","og_description":"To idealna ceramiczna urna, kt\u00f3ra \u0142\u0105czy w sobie nowoczesny design z doskona\u0142ymi kszta\u0142tami geometrycznymi. Solidnie wykonana z najwy\u017cszej jako\u015bci...","og_url":"https:\/\/www.rememberme-forever.com\/pl\/produkt\/abstract-abstrakcyjna-ceramiczna-urna-na-prochy\/","og_site_name":"Remember Forever","article_modified_time":"2026-02-03T08:02:22+00:00","og_image":[{"width":1024,"height":683,"url":"http:\/\/www.rememberme-forever.com\/wp-content\/uploads\/2023\/04\/glowne.jpg","type":"image\/jpeg"}],"twitter_card":"summary_large_image","twitter_misc":{"Szacowany czas czytania":"1 minuta"},"schema":{"@context":"https:\/\/schema.org","@graph":[{"@type":"WebPage","@id":"https:\/\/www.rememberme-forever.com\/pl\/produkt\/abstract-abstrakcyjna-ceramiczna-urna-na-prochy\/","url":"https:\/\/www.rememberme-forever.com\/pl\/produkt\/abstract-abstrakcyjna-ceramiczna-urna-na-prochy\/","name":"\"Abstract\" abstrakcyjna Ceramiczna Urna na Prochy","isPartOf":{"@id":"https:\/\/www.rememberme-forever.com\/pl\/#website"},"primaryImageOfPage":{"@id":"https:\/\/www.rememberme-forever.com\/pl\/produkt\/abstract-abstrakcyjna-ceramiczna-urna-na-prochy\/#primaryimage"},"image":{"@id":"https:\/\/www.rememberme-forever.com\/pl\/produkt\/abstract-abstrakcyjna-ceramiczna-urna-na-prochy\/#primaryimage"},"thumbnailUrl":"https:\/\/www.rememberme-forever.com\/wp-content\/uploads\/2023\/04\/glowne.jpg","datePublished":"2023-05-05T07:04:04+00:00","dateModified":"2026-02-03T08:02:22+00:00","description":"To idealna ceramiczna urna, kt\u00f3ra \u0142\u0105czy w sobie nowoczesny design z doskona\u0142ymi kszta\u0142tami geometrycznymi. Solidnie wykonana z najwy\u017cszej jako\u015bci...","breadcrumb":{"@id":"https:\/\/www.rememberme-forever.com\/pl\/produkt\/abstract-abstrakcyjna-ceramiczna-urna-na-prochy\/#breadcrumb"},"inLanguage":"pl-PL","potentialAction":[{"@type":"ReadAction","target":["https:\/\/www.rememberme-forever.com\/pl\/produkt\/abstract-abstrakcyjna-ceramiczna-urna-na-prochy\/"]}]},{"@type":"ImageObject","inLanguage":"pl-PL","@id":"https:\/\/www.rememberme-forever.com\/pl\/produkt\/abstract-abstrakcyjna-ceramiczna-urna-na-prochy\/#primaryimage","url":"https:\/\/www.rememberme-forever.com\/wp-content\/uploads\/2023\/04\/glowne.jpg","contentUrl":"https:\/\/www.rememberme-forever.com\/wp-content\/uploads\/2023\/04\/glowne.jpg","width":1024,"height":683},{"@type":"BreadcrumbList","@id":"https:\/\/www.rememberme-forever.com\/pl\/produkt\/abstract-abstrakcyjna-ceramiczna-urna-na-prochy\/#breadcrumb","itemListElement":[{"@type":"ListItem","position":1,"name":"Home","item":"https:\/\/www.rememberme-forever.com\/pl\/strona-glowna\/"},{"@type":"ListItem","position":2,"name":"Sklep","item":"https:\/\/www.rememberme-forever.com\/pl\/sklep-2\/"},{"@type":"ListItem","position":3,"name":"&#8220;Abstract&#8221; abstrakcyjna Ceramiczna Urna na Prochy"}]},{"@type":"WebSite","@id":"https:\/\/www.rememberme-forever.com\/pl\/#website","url":"https:\/\/www.rememberme-forever.com\/pl\/","name":"Remember Forever","description":"Cremation urns, funeral urns, urns for ashes","publisher":{"@id":"https:\/\/www.rememberme-forever.com\/pl\/#organization"},"potentialAction":[{"@type":"SearchAction","target":{"@type":"EntryPoint","urlTemplate":"https:\/\/www.rememberme-forever.com\/pl\/?s={search_term_string}"},"query-input":{"@type":"PropertyValueSpecification","valueRequired":true,"valueName":"search_term_string"}}],"inLanguage":"pl-PL"},{"@type":"Organization","@id":"https:\/\/www.rememberme-forever.com\/pl\/#organization","name":"Remember Forever","url":"https:\/\/www.rememberme-forever.com\/pl\/","logo":{"@type":"ImageObject","inLanguage":"pl-PL","@id":"https:\/\/www.rememberme-forever.com\/pl\/#\/schema\/logo\/image\/","url":"https:\/\/www.rememberme-forever.com\/wp-content\/uploads\/2023\/02\/logo.png","contentUrl":"https:\/\/www.rememberme-forever.com\/wp-content\/uploads\/2023\/02\/logo.png","width":300,"height":56,"caption":"Remember Forever"},"image":{"@id":"https:\/\/www.rememberme-forever.com\/pl\/#\/schema\/logo\/image\/"}}]}},"acf":[],"_links":{"self":[{"href":"https:\/\/www.rememberme-forever.com\/pl\/wp-json\/wp\/v2\/product\/6041","targetHints":{"allow":["GET"]}}],"collection":[{"href":"https:\/\/www.rememberme-forever.com\/pl\/wp-json\/wp\/v2\/product"}],"about":[{"href":"https:\/\/www.rememberme-forever.com\/pl\/wp-json\/wp\/v2\/types\/product"}],"wp:featuredmedia":[{"embeddable":true,"href":"https:\/\/www.rememberme-forever.com\/pl\/wp-json\/wp\/v2\/media\/3976"}],"wp:attachment":[{"href":"https:\/\/www.rememberme-forever.com\/pl\/wp-json\/wp\/v2\/media?parent=6041"}],"wp:term":[{"taxonomy":"product_brand","embeddable":true,"href":"https:\/\/www.rememberme-forever.com\/pl\/wp-json\/wp\/v2\/product_brand?post=6041"},{"taxonomy":"product_cat","embeddable":true,"href":"https:\/\/www.rememberme-forever.com\/pl\/wp-json\/wp\/v2\/product_cat?post=6041"},{"taxonomy":"product_tag","embeddable":true,"href":"https:\/\/www.rememberme-forever.com\/pl\/wp-json\/wp\/v2\/product_tag?post=6041"}],"curies":[{"name":"wp","href":"https:\/\/api.w.org\/{rel}","templated":true}]}}