{"id":6060,"date":"2023-05-05T09:04:08","date_gmt":"2023-05-05T07:04:08","guid":{"rendered":"http:\/\/www.rememberme-forever.com\/?post_type=product&#038;p=6060"},"modified":"2026-02-03T09:01:54","modified_gmt":"2026-02-03T08:01:54","slug":"czerwona-szklana-urna","status":"publish","type":"product","link":"https:\/\/www.rememberme-forever.com\/pl\/produkt\/czerwona-szklana-urna\/","title":{"rendered":"Czerwona szklana urna"},"content":{"rendered":"<h2 style=\"text-align: center;\">Czerwona szklana urna<\/h2>\n<p style=\"text-align: center;\">Czerwona szklana urna pogrzebowa ze srebrnymi elementami to wyrazista i pi\u0119kna forma upami\u0119tnienia ukochanej osoby. Jej g\u0142\u0119boki czerwony kolor symbolizuje mi\u0142o\u015b\u0107, pasj\u0119 i si\u0142\u0119, tworz\u0105c tym samym wyj\u0105tkowe miejsce ostatniego spoczynku. Wykonana z grubej i solidnej szklanej konstrukcji, ta urna gwarantuje trwa\u0142o\u015b\u0107 i bezpiecze\u0144stwo przechowywanych proch\u00f3w, zapewniaj\u0105c spok\u00f3j i godno\u015b\u0107.<\/p>\n<p style=\"text-align: center;\">Srebrne elementy, kt\u00f3re ozdabiaj\u0105 t\u0119 urn\u0119, dodaj\u0105 jej elegancji i subtelno\u015bci. Ich dyskretna obecno\u015b\u0107 tworzy harmonijny kontrast z intensywnym czerwonym szk\u0142em, podkre\u015blaj\u0105c zarazem wyj\u0105tkowo\u015b\u0107 tego symbolicznego miejsca pami\u0119ci. Dodatkowo, delikatny krzy\u017cyk umieszczony na urnie dodaje duchowego znaczenia, odzwierciedlaj\u0105c wiar\u0119 i nadziej\u0119.<\/p>\n<p style=\"text-align: center;\">Personalizacja to wa\u017cny aspekt tego produktu, dlatego do urny mo\u017cna do\u0142\u0105czy\u0107 grawerowan\u0105 plakietk\u0119, kt\u00f3ra jest umieszczona na osobnej podstawce. Ta indywidualna plakietka pozwala na wyra\u017cenie w\u0142asnych uczu\u0107 i wspomnie\u0144 zmar\u0142ej osoby. Mo\u017cliwo\u015b\u0107 dodania imienia, daty lub dedykacji na plakietce czyni t\u0119 urn\u0119 jeszcze bardziej osobist\u0105 i wyj\u0105tkow\u0105.<\/p>\n<p style=\"text-align: center;\">Czerwona szklana urna pogrzebowa ze srebrnymi elementami i dyskretnym krzy\u017cykiem to nie tylko pi\u0119kny pojemnik na prochy, ale tak\u017ce wyrazista pami\u0105tka, kt\u00f3ra oddaje ho\u0142d i upami\u0119tnia blisk\u0105 osob\u0119. Jej elegancki wygl\u0105d czyni j\u0105 wyj\u0105tkowym miejscem spoczynku doczesnych szcz\u0105tk\u00f3w bliskiej osoby, powsta\u0142ych w wyniku kremacji.<\/p>\n<p>&nbsp;<\/p>\n<h3 style=\"text-align: center;\"><strong>PERSONALIZACJA<\/strong><\/h3>\n<p style=\"text-align: center;\">Je\u015bli wybierzesz grawerowan\u0105 plakietk\u0119 w zestawie z urn\u0105, prze\u015blij tekst w ramce \u201cGrawerowana plakietka\u201d.<\/p>\n<p style=\"text-align: center;\">Tekst do grawerowanej plakietki powinien by\u0107 dostarczony podczas sk\u0142adania zam\u00f3wienia. (Prosz\u0119 nie panikowa\u0107, je\u015bli to przegapisz, poniewa\u017c zawsze mo\u017cesz wys\u0142a\u0107 nam wiadomo\u015b\u0107 p\u00f3\u017aniej.)<\/p>\n<p style=\"text-align: center;\"><em><strong>Przed dodaniem produktu do koszyka dok\u0142adnie SPRAWD\u0179 tekst przes\u0142any do grawerowania. Do\u00a0 tekstu kt\u00f3ry otrzymujemy wraz z zam\u00f3wieniem\u00a0 nie wprowadzamy \u017cadnych zmian z naszej strony. Tekst jest grawerowany dok\u0142adnie taki, jaki otrzymujemy od pa\u0144stwa. <\/strong><\/em><\/p>\n<p style=\"text-align: center;\"><em><strong>Sprawd\u017a tekst, aby upewni\u0107 si\u0119, \u017ce pisownia jest poprawna.<\/strong><\/em><\/p>\n<p style=\"text-align: center;\"><img loading=\"lazy\" decoding=\"async\" class=\"wp-image-1453 aligncenter\" src=\"http:\/\/www.rememberme-forever.com\/wp-content\/uploads\/2023\/04\/silver-plaque-urn-295x300.jpg\" alt=\"silver plaque urn\" width=\"175\" height=\"178\" srcset=\"https:\/\/www.rememberme-forever.com\/wp-content\/uploads\/2023\/04\/silver-plaque-urn-295x300.jpg 295w, https:\/\/www.rememberme-forever.com\/wp-content\/uploads\/2023\/04\/silver-plaque-urn-600x610.jpg 600w, https:\/\/www.rememberme-forever.com\/wp-content\/uploads\/2023\/04\/silver-plaque-urn-64x65.jpg 64w, https:\/\/www.rememberme-forever.com\/wp-content\/uploads\/2023\/04\/silver-plaque-urn.jpg 768w\" sizes=\"auto, (max-width: 175px) 100vw, 175px\" \/><\/p>\n<p style=\"text-align: center;\"><b><i>Grawerowana plakietka zostanie dodana osobno z podstawk\u0105 jak na zdj\u0119ciu.<\/i><\/b><br \/>\n<b><i>(Podstawka na grawerowan\u0105 plakietk\u0119 wykonana jest z przezroczystej pleksy.)<\/i><\/b><\/p>\n<p>&nbsp;<\/p>\n<p style=\"text-align: center;\">\n","protected":false},"excerpt":{"rendered":"<p><em><strong>Urna pomie\u015bci prochy zmar\u0142ej osoby o wadze cia\u0142a 110kg lub mniej.<\/strong><\/em><\/p>\n<p><b>\u2611\ufe0f <em style=\"color: red;\">Jeste\u015bmy \u015bwiadomi kr\u00f3tkiego czasu na dostarczenie urny. Urn\u0119 zam\u00f3wion\u0105 do godz. 12.00 w dzie\u0144 roboczy wysy\u0142amy natychmiast.\u00a0<\/em><\/b><\/p>\n","protected":false},"featured_media":6865,"template":"","meta":{"_acf_changed":false},"product_brand":[],"product_cat":[91],"product_tag":[3323,995,997,994,1149,962],"class_list":{"0":"post-6060","1":"product","2":"type-product","3":"status-publish","4":"has-post-thumbnail","6":"product_cat-urny-szklane","7":"product_tag-gpsr-glass-urns","8":"product_tag-kremacja","9":"product_tag-pogrzeb","10":"product_tag-prochy","11":"product_tag-szklo","12":"product_tag-urna","13":"product_shipping_class-wood-urns-pl","15":"first","16":"instock","17":"taxable","18":"shipping-taxable","19":"purchasable","20":"product-type-simple"},"yoast_head":"<!-- This site is optimized with the Yoast SEO plugin v27.4 - https:\/\/yoast.com\/product\/yoast-seo-wordpress\/ -->\n<title>Czerwona szklana urna<\/title>\n<meta name=\"description\" content=\"Czerwona szklana urna pogrzebowa ze srebrnymi elementami to wyrazista i pi\u0119kna forma upami\u0119tnienia ukochanej osoby. Jej g\u0142\u0119boki czerwony kolor symbolizuje..\" \/>\n<meta name=\"robots\" content=\"index, follow, max-snippet:-1, max-image-preview:large, max-video-preview:-1\" \/>\n<link rel=\"canonical\" href=\"https:\/\/www.rememberme-forever.com\/pl\/produkt\/czerwona-szklana-urna\/\" \/>\n<meta property=\"og:locale\" content=\"pl_PL\" \/>\n<meta property=\"og:type\" content=\"article\" \/>\n<meta property=\"og:title\" content=\"Czerwona szklana urna\" \/>\n<meta property=\"og:description\" content=\"Czerwona szklana urna pogrzebowa ze srebrnymi elementami to wyrazista i pi\u0119kna forma upami\u0119tnienia ukochanej osoby. Jej g\u0142\u0119boki czerwony kolor symbolizuje..\" \/>\n<meta property=\"og:url\" content=\"https:\/\/www.rememberme-forever.com\/pl\/produkt\/czerwona-szklana-urna\/\" \/>\n<meta property=\"og:site_name\" content=\"Remember Forever\" \/>\n<meta property=\"article:modified_time\" content=\"2026-02-03T08:01:54+00:00\" \/>\n<meta property=\"og:image\" content=\"http:\/\/www.rememberme-forever.com\/wp-content\/uploads\/2023\/05\/Czerwona-szklana-urna.jpg\" \/>\n\t<meta property=\"og:image:width\" content=\"768\" \/>\n\t<meta property=\"og:image:height\" content=\"781\" \/>\n\t<meta property=\"og:image:type\" content=\"image\/jpeg\" \/>\n<meta name=\"twitter:card\" content=\"summary_large_image\" \/>\n<meta name=\"twitter:label1\" content=\"Szacowany czas czytania\" \/>\n\t<meta name=\"twitter:data1\" content=\"2 minuta\" \/>\n<script type=\"application\/ld+json\" class=\"yoast-schema-graph\">{\"@context\":\"https:\\\/\\\/schema.org\",\"@graph\":[{\"@type\":\"WebPage\",\"@id\":\"https:\\\/\\\/www.rememberme-forever.com\\\/pl\\\/produkt\\\/czerwona-szklana-urna\\\/\",\"url\":\"https:\\\/\\\/www.rememberme-forever.com\\\/pl\\\/produkt\\\/czerwona-szklana-urna\\\/\",\"name\":\"Czerwona szklana urna\",\"isPartOf\":{\"@id\":\"https:\\\/\\\/www.rememberme-forever.com\\\/pl\\\/#website\"},\"primaryImageOfPage\":{\"@id\":\"https:\\\/\\\/www.rememberme-forever.com\\\/pl\\\/produkt\\\/czerwona-szklana-urna\\\/#primaryimage\"},\"image\":{\"@id\":\"https:\\\/\\\/www.rememberme-forever.com\\\/pl\\\/produkt\\\/czerwona-szklana-urna\\\/#primaryimage\"},\"thumbnailUrl\":\"https:\\\/\\\/www.rememberme-forever.com\\\/wp-content\\\/uploads\\\/2023\\\/05\\\/Czerwona-szklana-urna.jpg\",\"datePublished\":\"2023-05-05T07:04:08+00:00\",\"dateModified\":\"2026-02-03T08:01:54+00:00\",\"description\":\"Czerwona szklana urna pogrzebowa ze srebrnymi elementami to wyrazista i pi\u0119kna forma upami\u0119tnienia ukochanej osoby. Jej g\u0142\u0119boki czerwony kolor symbolizuje..\",\"breadcrumb\":{\"@id\":\"https:\\\/\\\/www.rememberme-forever.com\\\/pl\\\/produkt\\\/czerwona-szklana-urna\\\/#breadcrumb\"},\"inLanguage\":\"pl-PL\",\"potentialAction\":[{\"@type\":\"ReadAction\",\"target\":[\"https:\\\/\\\/www.rememberme-forever.com\\\/pl\\\/produkt\\\/czerwona-szklana-urna\\\/\"]}]},{\"@type\":\"ImageObject\",\"inLanguage\":\"pl-PL\",\"@id\":\"https:\\\/\\\/www.rememberme-forever.com\\\/pl\\\/produkt\\\/czerwona-szklana-urna\\\/#primaryimage\",\"url\":\"https:\\\/\\\/www.rememberme-forever.com\\\/wp-content\\\/uploads\\\/2023\\\/05\\\/Czerwona-szklana-urna.jpg\",\"contentUrl\":\"https:\\\/\\\/www.rememberme-forever.com\\\/wp-content\\\/uploads\\\/2023\\\/05\\\/Czerwona-szklana-urna.jpg\",\"width\":768,\"height\":781,\"caption\":\"Czerwona szklana urna\"},{\"@type\":\"BreadcrumbList\",\"@id\":\"https:\\\/\\\/www.rememberme-forever.com\\\/pl\\\/produkt\\\/czerwona-szklana-urna\\\/#breadcrumb\",\"itemListElement\":[{\"@type\":\"ListItem\",\"position\":1,\"name\":\"Home\",\"item\":\"https:\\\/\\\/www.rememberme-forever.com\\\/pl\\\/strona-glowna\\\/\"},{\"@type\":\"ListItem\",\"position\":2,\"name\":\"Sklep\",\"item\":\"https:\\\/\\\/www.rememberme-forever.com\\\/pl\\\/sklep-2\\\/\"},{\"@type\":\"ListItem\",\"position\":3,\"name\":\"Czerwona szklana urna\"}]},{\"@type\":\"WebSite\",\"@id\":\"https:\\\/\\\/www.rememberme-forever.com\\\/pl\\\/#website\",\"url\":\"https:\\\/\\\/www.rememberme-forever.com\\\/pl\\\/\",\"name\":\"Remember Forever\",\"description\":\"Cremation urns, funeral urns, urns for ashes\",\"publisher\":{\"@id\":\"https:\\\/\\\/www.rememberme-forever.com\\\/pl\\\/#organization\"},\"potentialAction\":[{\"@type\":\"SearchAction\",\"target\":{\"@type\":\"EntryPoint\",\"urlTemplate\":\"https:\\\/\\\/www.rememberme-forever.com\\\/pl\\\/?s={search_term_string}\"},\"query-input\":{\"@type\":\"PropertyValueSpecification\",\"valueRequired\":true,\"valueName\":\"search_term_string\"}}],\"inLanguage\":\"pl-PL\"},{\"@type\":\"Organization\",\"@id\":\"https:\\\/\\\/www.rememberme-forever.com\\\/pl\\\/#organization\",\"name\":\"Remember Forever\",\"url\":\"https:\\\/\\\/www.rememberme-forever.com\\\/pl\\\/\",\"logo\":{\"@type\":\"ImageObject\",\"inLanguage\":\"pl-PL\",\"@id\":\"https:\\\/\\\/www.rememberme-forever.com\\\/pl\\\/#\\\/schema\\\/logo\\\/image\\\/\",\"url\":\"https:\\\/\\\/www.rememberme-forever.com\\\/wp-content\\\/uploads\\\/2023\\\/02\\\/logo.png\",\"contentUrl\":\"https:\\\/\\\/www.rememberme-forever.com\\\/wp-content\\\/uploads\\\/2023\\\/02\\\/logo.png\",\"width\":300,\"height\":56,\"caption\":\"Remember Forever\"},\"image\":{\"@id\":\"https:\\\/\\\/www.rememberme-forever.com\\\/pl\\\/#\\\/schema\\\/logo\\\/image\\\/\"}}]}<\/script>\n<!-- \/ Yoast SEO plugin. -->","yoast_head_json":{"title":"Czerwona szklana urna","description":"Czerwona szklana urna pogrzebowa ze srebrnymi elementami to wyrazista i pi\u0119kna forma upami\u0119tnienia ukochanej osoby. Jej g\u0142\u0119boki czerwony kolor symbolizuje..","robots":{"index":"index","follow":"follow","max-snippet":"max-snippet:-1","max-image-preview":"max-image-preview:large","max-video-preview":"max-video-preview:-1"},"canonical":"https:\/\/www.rememberme-forever.com\/pl\/produkt\/czerwona-szklana-urna\/","og_locale":"pl_PL","og_type":"article","og_title":"Czerwona szklana urna","og_description":"Czerwona szklana urna pogrzebowa ze srebrnymi elementami to wyrazista i pi\u0119kna forma upami\u0119tnienia ukochanej osoby. Jej g\u0142\u0119boki czerwony kolor symbolizuje..","og_url":"https:\/\/www.rememberme-forever.com\/pl\/produkt\/czerwona-szklana-urna\/","og_site_name":"Remember Forever","article_modified_time":"2026-02-03T08:01:54+00:00","og_image":[{"width":768,"height":781,"url":"http:\/\/www.rememberme-forever.com\/wp-content\/uploads\/2023\/05\/Czerwona-szklana-urna.jpg","type":"image\/jpeg"}],"twitter_card":"summary_large_image","twitter_misc":{"Szacowany czas czytania":"2 minuta"},"schema":{"@context":"https:\/\/schema.org","@graph":[{"@type":"WebPage","@id":"https:\/\/www.rememberme-forever.com\/pl\/produkt\/czerwona-szklana-urna\/","url":"https:\/\/www.rememberme-forever.com\/pl\/produkt\/czerwona-szklana-urna\/","name":"Czerwona szklana urna","isPartOf":{"@id":"https:\/\/www.rememberme-forever.com\/pl\/#website"},"primaryImageOfPage":{"@id":"https:\/\/www.rememberme-forever.com\/pl\/produkt\/czerwona-szklana-urna\/#primaryimage"},"image":{"@id":"https:\/\/www.rememberme-forever.com\/pl\/produkt\/czerwona-szklana-urna\/#primaryimage"},"thumbnailUrl":"https:\/\/www.rememberme-forever.com\/wp-content\/uploads\/2023\/05\/Czerwona-szklana-urna.jpg","datePublished":"2023-05-05T07:04:08+00:00","dateModified":"2026-02-03T08:01:54+00:00","description":"Czerwona szklana urna pogrzebowa ze srebrnymi elementami to wyrazista i pi\u0119kna forma upami\u0119tnienia ukochanej osoby. Jej g\u0142\u0119boki czerwony kolor symbolizuje..","breadcrumb":{"@id":"https:\/\/www.rememberme-forever.com\/pl\/produkt\/czerwona-szklana-urna\/#breadcrumb"},"inLanguage":"pl-PL","potentialAction":[{"@type":"ReadAction","target":["https:\/\/www.rememberme-forever.com\/pl\/produkt\/czerwona-szklana-urna\/"]}]},{"@type":"ImageObject","inLanguage":"pl-PL","@id":"https:\/\/www.rememberme-forever.com\/pl\/produkt\/czerwona-szklana-urna\/#primaryimage","url":"https:\/\/www.rememberme-forever.com\/wp-content\/uploads\/2023\/05\/Czerwona-szklana-urna.jpg","contentUrl":"https:\/\/www.rememberme-forever.com\/wp-content\/uploads\/2023\/05\/Czerwona-szklana-urna.jpg","width":768,"height":781,"caption":"Czerwona szklana urna"},{"@type":"BreadcrumbList","@id":"https:\/\/www.rememberme-forever.com\/pl\/produkt\/czerwona-szklana-urna\/#breadcrumb","itemListElement":[{"@type":"ListItem","position":1,"name":"Home","item":"https:\/\/www.rememberme-forever.com\/pl\/strona-glowna\/"},{"@type":"ListItem","position":2,"name":"Sklep","item":"https:\/\/www.rememberme-forever.com\/pl\/sklep-2\/"},{"@type":"ListItem","position":3,"name":"Czerwona szklana urna"}]},{"@type":"WebSite","@id":"https:\/\/www.rememberme-forever.com\/pl\/#website","url":"https:\/\/www.rememberme-forever.com\/pl\/","name":"Remember Forever","description":"Cremation urns, funeral urns, urns for ashes","publisher":{"@id":"https:\/\/www.rememberme-forever.com\/pl\/#organization"},"potentialAction":[{"@type":"SearchAction","target":{"@type":"EntryPoint","urlTemplate":"https:\/\/www.rememberme-forever.com\/pl\/?s={search_term_string}"},"query-input":{"@type":"PropertyValueSpecification","valueRequired":true,"valueName":"search_term_string"}}],"inLanguage":"pl-PL"},{"@type":"Organization","@id":"https:\/\/www.rememberme-forever.com\/pl\/#organization","name":"Remember Forever","url":"https:\/\/www.rememberme-forever.com\/pl\/","logo":{"@type":"ImageObject","inLanguage":"pl-PL","@id":"https:\/\/www.rememberme-forever.com\/pl\/#\/schema\/logo\/image\/","url":"https:\/\/www.rememberme-forever.com\/wp-content\/uploads\/2023\/02\/logo.png","contentUrl":"https:\/\/www.rememberme-forever.com\/wp-content\/uploads\/2023\/02\/logo.png","width":300,"height":56,"caption":"Remember Forever"},"image":{"@id":"https:\/\/www.rememberme-forever.com\/pl\/#\/schema\/logo\/image\/"}}]}},"acf":[],"_links":{"self":[{"href":"https:\/\/www.rememberme-forever.com\/pl\/wp-json\/wp\/v2\/product\/6060","targetHints":{"allow":["GET"]}}],"collection":[{"href":"https:\/\/www.rememberme-forever.com\/pl\/wp-json\/wp\/v2\/product"}],"about":[{"href":"https:\/\/www.rememberme-forever.com\/pl\/wp-json\/wp\/v2\/types\/product"}],"wp:featuredmedia":[{"embeddable":true,"href":"https:\/\/www.rememberme-forever.com\/pl\/wp-json\/wp\/v2\/media\/6865"}],"wp:attachment":[{"href":"https:\/\/www.rememberme-forever.com\/pl\/wp-json\/wp\/v2\/media?parent=6060"}],"wp:term":[{"taxonomy":"product_brand","embeddable":true,"href":"https:\/\/www.rememberme-forever.com\/pl\/wp-json\/wp\/v2\/product_brand?post=6060"},{"taxonomy":"product_cat","embeddable":true,"href":"https:\/\/www.rememberme-forever.com\/pl\/wp-json\/wp\/v2\/product_cat?post=6060"},{"taxonomy":"product_tag","embeddable":true,"href":"https:\/\/www.rememberme-forever.com\/pl\/wp-json\/wp\/v2\/product_tag?post=6060"}],"curies":[{"name":"wp","href":"https:\/\/api.w.org\/{rel}","templated":true}]}}