{"id":6075,"date":"2023-05-05T09:10:27","date_gmt":"2023-05-05T07:10:27","guid":{"rendered":"http:\/\/www.rememberme-forever.com\/?post_type=product&#038;p=6075"},"modified":"2026-02-03T09:00:22","modified_gmt":"2026-02-03T08:00:22","slug":"nowoczesna-urna-drewniana-w-ksztalcie-karo","status":"publish","type":"product","link":"https:\/\/www.rememberme-forever.com\/pl\/produkt\/nowoczesna-urna-drewniana-w-ksztalcie-karo\/","title":{"rendered":"Nowoczesna urna drewniana w kszta\u0142cie karo"},"content":{"rendered":"<div style=\"width: 100%; margin-bottom: 30px; height: max-content; padding-bottom: 60%; position: relative;\"><iframe style=\"position: absolute; top: 0; left: 0; width: 100%; height: 100%;\" src=\"https:\/\/rememberme-urns.com\/modern-design-wood-urn-with-tree\/\" frameborder=\"0\"><\/iframe><\/div>\n<div style=\"color: red; text-align: center; margin-bottom: 25px;\">\n<p>&gt;&gt; Obrotowe zdj\u0119cie &#8211; dotknij\/zbli\u017c &lt;&lt;<\/p>\n<\/div>\n<h2 style=\"text-align: center;\">Nowoczesna urna drewniana w kszta\u0142cie karo<\/h2>\n<p style=\"text-align: center;\">Ta nowoczesna drewniana urna w kszta\u0142cie karo to niezwyk\u0142a i wyj\u0105tkowa opcja dla tych, kt\u00f3rzy szukaj\u0105 nietypowego miejsca spoczynku dla swoich bliskich. Jej charakterystyczny design wyr\u00f3\u017cnia si\u0119 jednym \u015bci\u0119tym rogiem, co umo\u017cliwia ustawienie urny w uniesionym po\u0142o\u017ceniu pod lekkim k\u0105tem. To nadaje jej nowoczesny i oryginalny wygl\u0105d w kszta\u0142cie karo, kt\u00f3ry z pewno\u015bci\u0105 przyci\u0105gnie uwag\u0119.<\/p>\n<p style=\"text-align: center;\">Prochy mo\u017cna \u0142atwo umie\u015bci\u0107 w urnie poprzez otw\u00f3r w tylnym \u015bci\u0119tym rogu, kt\u00f3ry jest zakr\u0119cany na \u015brubki, zapewniaj\u0105c bezpieczne i pewne zamkni\u0119cie. Urna wykonana jest z naturalnego drewna, kt\u00f3re dodaje ciep\u0142a i elegancji. Mo\u017ce by\u0107 r\u00f3wnie\u017c ozdobiona subtelnie wygrawerowanym krzy\u017cykiem lub delikatnym wzorem drzewa, dodaj\u0105c jeszcze wi\u0119kszego pi\u0119kna i symboliki temu wyj\u0105tkowemu miejscu pami\u0119ci.<\/p>\n<p style=\"text-align: center;\">Dodatkowo, na przedniej cz\u0119\u015bci urny znajduje si\u0119 mo\u017cliwo\u015b\u0107 do\u0142\u0105czenia grawerowanej plakietki z w\u0142asnym tekstem. Ta spersonalizowana plakietka to doskona\u0142y spos\u00f3b na wyra\u017cenie indywidualno\u015bci i pami\u0119ci zmar\u0142ej osoby. Mo\u017cesz umie\u015bci\u0107 na niej imi\u0119, daty, czy te\u017c osobiste przes\u0142anie, kt\u00f3re b\u0119dzie trwa\u0142\u0105 pami\u0105tk\u0105 i wyrazem szacunku dla ukochanej osoby. Ta nowoczesna drewniana urna to nie tylko miejsce spoczynku, ale r\u00f3wnie\u017c pi\u0119kny i unikalny pomnik, kt\u00f3ry przypomina o niezatartym dziedzictwie i mi\u0142o\u015bci, jak\u0105 zmar\u0142a osoba zostawi\u0142a za sob\u0105.<\/p>\n<p style=\"text-align: center;\"><strong><em>Produkt zbudowany z naturalnych materia\u0142\u00f3w. Odcie\u0144, uk\u0142ad s\u0142oj\u00f3w itp mog\u0105 nieznacznie si\u0119 r\u00f3\u017cni\u0107.<\/em><\/strong><\/p>\n<p>&nbsp;<\/p>\n<h3 style=\"text-align: center;\"><strong>PERSONALIZACJA<\/strong><\/h3>\n<p style=\"text-align: center;\">Je\u015bli wybierzesz grawerowan\u0105 plakietk\u0119 w zestawie z urn\u0105, prze\u015blij tekst w ramce \u201cGrawerowana plakietka\u201d.<\/p>\n<p style=\"text-align: center;\">Tekst do grawerowanej plakietki powinien by\u0107 dostarczony podczas sk\u0142adania zam\u00f3wienia. (Prosz\u0119 nie panikowa\u0107, je\u015bli to przegapisz, poniewa\u017c zawsze mo\u017cesz wys\u0142a\u0107 nam wiadomo\u015b\u0107 p\u00f3\u017aniej.)<\/p>\n<p><img loading=\"lazy\" decoding=\"async\" class=\" wp-image-1447 aligncenter\" src=\"http:\/\/www.rememberme-forever.com\/wp-content\/uploads\/2023\/04\/memorial-plaque-cremation-urn-gold-300x150.jpg\" alt=\"memorial plaque cremation urn gold\" width=\"228\" height=\"114\" srcset=\"https:\/\/www.rememberme-forever.com\/wp-content\/uploads\/2023\/04\/memorial-plaque-cremation-urn-gold-300x150.jpg 300w, https:\/\/www.rememberme-forever.com\/wp-content\/uploads\/2023\/04\/memorial-plaque-cremation-urn-gold-64x32.jpg 64w, https:\/\/www.rememberme-forever.com\/wp-content\/uploads\/2023\/04\/memorial-plaque-cremation-urn-gold.jpg 448w\" sizes=\"auto, (max-width: 228px) 100vw, 228px\" \/><\/p>\n<p style=\"text-align: center;\"><em><strong>Przed dodaniem produktu do koszyka dok\u0142adnie SPRAWD\u0179 tekst przes\u0142any do grawerowania. Do\u00a0 tekstu kt\u00f3ry otrzymujemy wraz z zam\u00f3wieniem\u00a0 nie wprowadzamy \u017cadnych zmian z naszej strony. Tekst jest grawerowany dok\u0142adnie taki, jaki otrzymujemy od pa\u0144stwa. <\/strong><\/em><\/p>\n<p style=\"text-align: center;\"><em><strong>Sprawd\u017a tekst, aby upewni\u0107 si\u0119, \u017ce pisownia jest poprawna.<\/strong><\/em><\/p>\n","protected":false},"excerpt":{"rendered":"<p><em><strong>Urna pomie\u015bci prochy zmar\u0142ej osoby o wadze cia\u0142a 123kg lub mniej.<\/strong><\/em><\/p>\n<p><b>\u2611\ufe0f <em style=\"color: red;\">Jeste\u015bmy \u015bwiadomi kr\u00f3tkiego czasu na dostarczenie urny. Urn\u0119 zam\u00f3wion\u0105 do godz. 12.00 w dzie\u0144 roboczy wysy\u0142amy natychmiast.\u00a0<\/em><\/b><\/p>\n","protected":false},"featured_media":6845,"template":"","meta":{"_acf_changed":false},"product_brand":[],"product_cat":[78,93],"product_tag":[3308,995,1042,997,994,962],"class_list":{"0":"post-6075","1":"product","2":"type-product","3":"status-publish","4":"has-post-thumbnail","6":"product_cat-urny-artystyczne","7":"product_cat-urny-drewniane","8":"product_tag-gpsr-all-wood-urns","9":"product_tag-kremacja","10":"product_tag-krzyzyk","11":"product_tag-pogrzeb","12":"product_tag-prochy","13":"product_tag-urna","14":"product_shipping_class-wood-urns-pl","16":"first","17":"instock","18":"taxable","19":"shipping-taxable","20":"purchasable","21":"product-type-variable"},"yoast_head":"<!-- This site is optimized with the Yoast SEO plugin v27.4 - https:\/\/yoast.com\/product\/yoast-seo-wordpress\/ -->\n<title>Nowoczesna urna drewniana w kszta\u0142cie karo<\/title>\n<meta name=\"description\" content=\"Ta nowoczesna drewniana urna w kszta\u0142cie karo to niezwyk\u0142a i wyj\u0105tkowa opcja dla tych, kt\u00f3rzy szukaj\u0105 nietypowego miejsca spoczynku dla swoich bliskich.\" \/>\n<meta name=\"robots\" content=\"index, follow, max-snippet:-1, max-image-preview:large, max-video-preview:-1\" \/>\n<link rel=\"canonical\" href=\"https:\/\/www.rememberme-forever.com\/pl\/produkt\/nowoczesna-urna-drewniana-w-ksztalcie-karo\/\" \/>\n<meta property=\"og:locale\" content=\"pl_PL\" \/>\n<meta property=\"og:type\" content=\"article\" \/>\n<meta property=\"og:title\" content=\"Nowoczesna urna drewniana w kszta\u0142cie karo\" \/>\n<meta property=\"og:description\" content=\"Ta nowoczesna drewniana urna w kszta\u0142cie karo to niezwyk\u0142a i wyj\u0105tkowa opcja dla tych, kt\u00f3rzy szukaj\u0105 nietypowego miejsca spoczynku dla swoich bliskich.\" \/>\n<meta property=\"og:url\" content=\"https:\/\/www.rememberme-forever.com\/pl\/produkt\/nowoczesna-urna-drewniana-w-ksztalcie-karo\/\" \/>\n<meta property=\"og:site_name\" content=\"Remember Forever\" \/>\n<meta property=\"article:modified_time\" content=\"2026-02-03T08:00:22+00:00\" \/>\n<meta property=\"og:image\" content=\"http:\/\/www.rememberme-forever.com\/wp-content\/uploads\/2023\/05\/Nowoczesna-urna-drewniana-w-ksztalcie-karo.jpg\" \/>\n\t<meta property=\"og:image:width\" content=\"769\" \/>\n\t<meta property=\"og:image:height\" content=\"768\" \/>\n\t<meta property=\"og:image:type\" content=\"image\/jpeg\" \/>\n<meta name=\"twitter:card\" content=\"summary_large_image\" \/>\n<meta name=\"twitter:label1\" content=\"Szacowany czas czytania\" \/>\n\t<meta name=\"twitter:data1\" content=\"2 minuta\" \/>\n<script type=\"application\/ld+json\" class=\"yoast-schema-graph\">{\"@context\":\"https:\\\/\\\/schema.org\",\"@graph\":[{\"@type\":\"WebPage\",\"@id\":\"https:\\\/\\\/www.rememberme-forever.com\\\/pl\\\/produkt\\\/nowoczesna-urna-drewniana-w-ksztalcie-karo\\\/\",\"url\":\"https:\\\/\\\/www.rememberme-forever.com\\\/pl\\\/produkt\\\/nowoczesna-urna-drewniana-w-ksztalcie-karo\\\/\",\"name\":\"Nowoczesna urna drewniana w kszta\u0142cie karo\",\"isPartOf\":{\"@id\":\"https:\\\/\\\/www.rememberme-forever.com\\\/pl\\\/#website\"},\"primaryImageOfPage\":{\"@id\":\"https:\\\/\\\/www.rememberme-forever.com\\\/pl\\\/produkt\\\/nowoczesna-urna-drewniana-w-ksztalcie-karo\\\/#primaryimage\"},\"image\":{\"@id\":\"https:\\\/\\\/www.rememberme-forever.com\\\/pl\\\/produkt\\\/nowoczesna-urna-drewniana-w-ksztalcie-karo\\\/#primaryimage\"},\"thumbnailUrl\":\"https:\\\/\\\/www.rememberme-forever.com\\\/wp-content\\\/uploads\\\/2023\\\/05\\\/Nowoczesna-urna-drewniana-w-ksztalcie-karo.jpg\",\"datePublished\":\"2023-05-05T07:10:27+00:00\",\"dateModified\":\"2026-02-03T08:00:22+00:00\",\"description\":\"Ta nowoczesna drewniana urna w kszta\u0142cie karo to niezwyk\u0142a i wyj\u0105tkowa opcja dla tych, kt\u00f3rzy szukaj\u0105 nietypowego miejsca spoczynku dla swoich bliskich.\",\"breadcrumb\":{\"@id\":\"https:\\\/\\\/www.rememberme-forever.com\\\/pl\\\/produkt\\\/nowoczesna-urna-drewniana-w-ksztalcie-karo\\\/#breadcrumb\"},\"inLanguage\":\"pl-PL\",\"potentialAction\":[{\"@type\":\"ReadAction\",\"target\":[\"https:\\\/\\\/www.rememberme-forever.com\\\/pl\\\/produkt\\\/nowoczesna-urna-drewniana-w-ksztalcie-karo\\\/\"]}]},{\"@type\":\"ImageObject\",\"inLanguage\":\"pl-PL\",\"@id\":\"https:\\\/\\\/www.rememberme-forever.com\\\/pl\\\/produkt\\\/nowoczesna-urna-drewniana-w-ksztalcie-karo\\\/#primaryimage\",\"url\":\"https:\\\/\\\/www.rememberme-forever.com\\\/wp-content\\\/uploads\\\/2023\\\/05\\\/Nowoczesna-urna-drewniana-w-ksztalcie-karo.jpg\",\"contentUrl\":\"https:\\\/\\\/www.rememberme-forever.com\\\/wp-content\\\/uploads\\\/2023\\\/05\\\/Nowoczesna-urna-drewniana-w-ksztalcie-karo.jpg\",\"width\":769,\"height\":768,\"caption\":\"Nowoczesna urna drewniana w kszta\u0142cie karo\"},{\"@type\":\"BreadcrumbList\",\"@id\":\"https:\\\/\\\/www.rememberme-forever.com\\\/pl\\\/produkt\\\/nowoczesna-urna-drewniana-w-ksztalcie-karo\\\/#breadcrumb\",\"itemListElement\":[{\"@type\":\"ListItem\",\"position\":1,\"name\":\"Home\",\"item\":\"https:\\\/\\\/www.rememberme-forever.com\\\/pl\\\/strona-glowna\\\/\"},{\"@type\":\"ListItem\",\"position\":2,\"name\":\"Sklep\",\"item\":\"https:\\\/\\\/www.rememberme-forever.com\\\/pl\\\/sklep-2\\\/\"},{\"@type\":\"ListItem\",\"position\":3,\"name\":\"Nowoczesna urna drewniana w kszta\u0142cie karo\"}]},{\"@type\":\"WebSite\",\"@id\":\"https:\\\/\\\/www.rememberme-forever.com\\\/pl\\\/#website\",\"url\":\"https:\\\/\\\/www.rememberme-forever.com\\\/pl\\\/\",\"name\":\"Remember Forever\",\"description\":\"Cremation urns, funeral urns, urns for ashes\",\"publisher\":{\"@id\":\"https:\\\/\\\/www.rememberme-forever.com\\\/pl\\\/#organization\"},\"potentialAction\":[{\"@type\":\"SearchAction\",\"target\":{\"@type\":\"EntryPoint\",\"urlTemplate\":\"https:\\\/\\\/www.rememberme-forever.com\\\/pl\\\/?s={search_term_string}\"},\"query-input\":{\"@type\":\"PropertyValueSpecification\",\"valueRequired\":true,\"valueName\":\"search_term_string\"}}],\"inLanguage\":\"pl-PL\"},{\"@type\":\"Organization\",\"@id\":\"https:\\\/\\\/www.rememberme-forever.com\\\/pl\\\/#organization\",\"name\":\"Remember Forever\",\"url\":\"https:\\\/\\\/www.rememberme-forever.com\\\/pl\\\/\",\"logo\":{\"@type\":\"ImageObject\",\"inLanguage\":\"pl-PL\",\"@id\":\"https:\\\/\\\/www.rememberme-forever.com\\\/pl\\\/#\\\/schema\\\/logo\\\/image\\\/\",\"url\":\"https:\\\/\\\/www.rememberme-forever.com\\\/wp-content\\\/uploads\\\/2023\\\/02\\\/logo.png\",\"contentUrl\":\"https:\\\/\\\/www.rememberme-forever.com\\\/wp-content\\\/uploads\\\/2023\\\/02\\\/logo.png\",\"width\":300,\"height\":56,\"caption\":\"Remember Forever\"},\"image\":{\"@id\":\"https:\\\/\\\/www.rememberme-forever.com\\\/pl\\\/#\\\/schema\\\/logo\\\/image\\\/\"}}]}<\/script>\n<!-- \/ Yoast SEO plugin. -->","yoast_head_json":{"title":"Nowoczesna urna drewniana w kszta\u0142cie karo","description":"Ta nowoczesna drewniana urna w kszta\u0142cie karo to niezwyk\u0142a i wyj\u0105tkowa opcja dla tych, kt\u00f3rzy szukaj\u0105 nietypowego miejsca spoczynku dla swoich bliskich.","robots":{"index":"index","follow":"follow","max-snippet":"max-snippet:-1","max-image-preview":"max-image-preview:large","max-video-preview":"max-video-preview:-1"},"canonical":"https:\/\/www.rememberme-forever.com\/pl\/produkt\/nowoczesna-urna-drewniana-w-ksztalcie-karo\/","og_locale":"pl_PL","og_type":"article","og_title":"Nowoczesna urna drewniana w kszta\u0142cie karo","og_description":"Ta nowoczesna drewniana urna w kszta\u0142cie karo to niezwyk\u0142a i wyj\u0105tkowa opcja dla tych, kt\u00f3rzy szukaj\u0105 nietypowego miejsca spoczynku dla swoich bliskich.","og_url":"https:\/\/www.rememberme-forever.com\/pl\/produkt\/nowoczesna-urna-drewniana-w-ksztalcie-karo\/","og_site_name":"Remember Forever","article_modified_time":"2026-02-03T08:00:22+00:00","og_image":[{"width":769,"height":768,"url":"http:\/\/www.rememberme-forever.com\/wp-content\/uploads\/2023\/05\/Nowoczesna-urna-drewniana-w-ksztalcie-karo.jpg","type":"image\/jpeg"}],"twitter_card":"summary_large_image","twitter_misc":{"Szacowany czas czytania":"2 minuta"},"schema":{"@context":"https:\/\/schema.org","@graph":[{"@type":"WebPage","@id":"https:\/\/www.rememberme-forever.com\/pl\/produkt\/nowoczesna-urna-drewniana-w-ksztalcie-karo\/","url":"https:\/\/www.rememberme-forever.com\/pl\/produkt\/nowoczesna-urna-drewniana-w-ksztalcie-karo\/","name":"Nowoczesna urna drewniana w kszta\u0142cie karo","isPartOf":{"@id":"https:\/\/www.rememberme-forever.com\/pl\/#website"},"primaryImageOfPage":{"@id":"https:\/\/www.rememberme-forever.com\/pl\/produkt\/nowoczesna-urna-drewniana-w-ksztalcie-karo\/#primaryimage"},"image":{"@id":"https:\/\/www.rememberme-forever.com\/pl\/produkt\/nowoczesna-urna-drewniana-w-ksztalcie-karo\/#primaryimage"},"thumbnailUrl":"https:\/\/www.rememberme-forever.com\/wp-content\/uploads\/2023\/05\/Nowoczesna-urna-drewniana-w-ksztalcie-karo.jpg","datePublished":"2023-05-05T07:10:27+00:00","dateModified":"2026-02-03T08:00:22+00:00","description":"Ta nowoczesna drewniana urna w kszta\u0142cie karo to niezwyk\u0142a i wyj\u0105tkowa opcja dla tych, kt\u00f3rzy szukaj\u0105 nietypowego miejsca spoczynku dla swoich bliskich.","breadcrumb":{"@id":"https:\/\/www.rememberme-forever.com\/pl\/produkt\/nowoczesna-urna-drewniana-w-ksztalcie-karo\/#breadcrumb"},"inLanguage":"pl-PL","potentialAction":[{"@type":"ReadAction","target":["https:\/\/www.rememberme-forever.com\/pl\/produkt\/nowoczesna-urna-drewniana-w-ksztalcie-karo\/"]}]},{"@type":"ImageObject","inLanguage":"pl-PL","@id":"https:\/\/www.rememberme-forever.com\/pl\/produkt\/nowoczesna-urna-drewniana-w-ksztalcie-karo\/#primaryimage","url":"https:\/\/www.rememberme-forever.com\/wp-content\/uploads\/2023\/05\/Nowoczesna-urna-drewniana-w-ksztalcie-karo.jpg","contentUrl":"https:\/\/www.rememberme-forever.com\/wp-content\/uploads\/2023\/05\/Nowoczesna-urna-drewniana-w-ksztalcie-karo.jpg","width":769,"height":768,"caption":"Nowoczesna urna drewniana w kszta\u0142cie karo"},{"@type":"BreadcrumbList","@id":"https:\/\/www.rememberme-forever.com\/pl\/produkt\/nowoczesna-urna-drewniana-w-ksztalcie-karo\/#breadcrumb","itemListElement":[{"@type":"ListItem","position":1,"name":"Home","item":"https:\/\/www.rememberme-forever.com\/pl\/strona-glowna\/"},{"@type":"ListItem","position":2,"name":"Sklep","item":"https:\/\/www.rememberme-forever.com\/pl\/sklep-2\/"},{"@type":"ListItem","position":3,"name":"Nowoczesna urna drewniana w kszta\u0142cie karo"}]},{"@type":"WebSite","@id":"https:\/\/www.rememberme-forever.com\/pl\/#website","url":"https:\/\/www.rememberme-forever.com\/pl\/","name":"Remember Forever","description":"Cremation urns, funeral urns, urns for ashes","publisher":{"@id":"https:\/\/www.rememberme-forever.com\/pl\/#organization"},"potentialAction":[{"@type":"SearchAction","target":{"@type":"EntryPoint","urlTemplate":"https:\/\/www.rememberme-forever.com\/pl\/?s={search_term_string}"},"query-input":{"@type":"PropertyValueSpecification","valueRequired":true,"valueName":"search_term_string"}}],"inLanguage":"pl-PL"},{"@type":"Organization","@id":"https:\/\/www.rememberme-forever.com\/pl\/#organization","name":"Remember Forever","url":"https:\/\/www.rememberme-forever.com\/pl\/","logo":{"@type":"ImageObject","inLanguage":"pl-PL","@id":"https:\/\/www.rememberme-forever.com\/pl\/#\/schema\/logo\/image\/","url":"https:\/\/www.rememberme-forever.com\/wp-content\/uploads\/2023\/02\/logo.png","contentUrl":"https:\/\/www.rememberme-forever.com\/wp-content\/uploads\/2023\/02\/logo.png","width":300,"height":56,"caption":"Remember Forever"},"image":{"@id":"https:\/\/www.rememberme-forever.com\/pl\/#\/schema\/logo\/image\/"}}]}},"acf":[],"_links":{"self":[{"href":"https:\/\/www.rememberme-forever.com\/pl\/wp-json\/wp\/v2\/product\/6075","targetHints":{"allow":["GET"]}}],"collection":[{"href":"https:\/\/www.rememberme-forever.com\/pl\/wp-json\/wp\/v2\/product"}],"about":[{"href":"https:\/\/www.rememberme-forever.com\/pl\/wp-json\/wp\/v2\/types\/product"}],"wp:featuredmedia":[{"embeddable":true,"href":"https:\/\/www.rememberme-forever.com\/pl\/wp-json\/wp\/v2\/media\/6845"}],"wp:attachment":[{"href":"https:\/\/www.rememberme-forever.com\/pl\/wp-json\/wp\/v2\/media?parent=6075"}],"wp:term":[{"taxonomy":"product_brand","embeddable":true,"href":"https:\/\/www.rememberme-forever.com\/pl\/wp-json\/wp\/v2\/product_brand?post=6075"},{"taxonomy":"product_cat","embeddable":true,"href":"https:\/\/www.rememberme-forever.com\/pl\/wp-json\/wp\/v2\/product_cat?post=6075"},{"taxonomy":"product_tag","embeddable":true,"href":"https:\/\/www.rememberme-forever.com\/pl\/wp-json\/wp\/v2\/product_tag?post=6075"}],"curies":[{"name":"wp","href":"https:\/\/api.w.org\/{rel}","templated":true}]}}