{"id":6088,"date":"2023-05-05T09:14:50","date_gmt":"2023-05-05T07:14:50","guid":{"rendered":"http:\/\/www.rememberme-forever.com\/?post_type=product&#038;p=6088"},"modified":"2026-02-03T08:57:26","modified_gmt":"2026-02-03T07:57:26","slug":"personalizowana-urna-pogrzebowa-dla-dziecka-z-motywem-serca","status":"publish","type":"product","link":"https:\/\/www.rememberme-forever.com\/pl\/produkt\/personalizowana-urna-pogrzebowa-dla-dziecka-z-motywem-serca\/","title":{"rendered":"Personalizowana urna pogrzebowa dla dziecka z motywem serca"},"content":{"rendered":"<div style=\"width: 100%; margin-bottom: 40px; height: max-content; padding-bottom: 60%; position: relative;\"><iframe style=\"position: absolute; top: 0; left: 0; width: 100%; height: 100%;\" src=\"https:\/\/rememberme-urns.com\/child-urn-with-hearts\/\" frameborder=\"0\"><\/iframe><\/div>\n<div style=\"color: red; text-align: center; margin-bottom: 25px;\">\n<p>&gt;&gt; Obrotowe zdj\u0119cie &#8211; dotknij\/zbli\u017c &lt;&lt;<\/p>\n<\/div>\n<h2 style=\"text-align: center;\">Personalizowana urna pogrzebowa dla dziecka z motywem serca<\/h2>\n<p style=\"text-align: center;\">Urna pogrzebowa dla dziecka z motywem ma\u0142ych serduszek to wyj\u0105tkowy spos\u00f3b na uhonorowanie pami\u0119ci \u017cycia, kt\u00f3re zako\u0144czy\u0142o si\u0119 zbyt wcze\u015bnie. Urna sk\u0142ada si\u0119 z dw\u00f3ch rodzaj\u00f3w materia\u0142u. Z zewn\u0105trz urna sk\u0142ada si\u0119 z tworzywa ABS, natomiast wewn\u0105trz posiada kul\u0119 ze stali nierdzewnej, kt\u00f3ra jest odpowiedzialna za przechowywanie proch\u00f3w.<\/p>\n<p style=\"text-align: center;\">Urna dla dziecka mo\u017ce by\u0107 spersonalizowana poprzez do\u0142\u0105czenie grawerowanej plakietki z tekstem wed\u0142ug \u017cyczenia. To doskona\u0142y spos\u00f3b, aby uczci\u0107 pami\u0119\u0107 dziecka i wyrazi\u0107 swoje uczucia. R\u0119cznie malowana na kolor z\u0142oty, ka\u017cda urna mo\u017ce mie\u0107 indywidualny odcie\u0144, kt\u00f3ry dodaje jej charakteru.<\/p>\n<p style=\"text-align: center;\">Urna dla dziecka z motywem serca to pi\u0119kny i uroczy spos\u00f3b na po\u017cegnanie dziecka. To wyj\u0105tkowy produkt, kt\u00f3ry jest wyrazem mi\u0142o\u015bci i szacunku dla zmar\u0142ego dziecka.<\/p>\n<p>&nbsp;<\/p>\n<h3 style=\"text-align: center;\"><strong>PERSONALIZACJA<\/strong><\/h3>\n<p style=\"text-align: center;\">Je\u015bli wybierzesz grawerowan\u0105 plakietk\u0119 w zestawie z urn\u0105, prze\u015blij tekst w ramce \u201cGrawerowana plakietka\u201d.<\/p>\n<p style=\"text-align: center;\">Tekst do grawerowanej plakietki powinien by\u0107 dostarczony podczas sk\u0142adania zam\u00f3wienia. (Prosz\u0119 nie panikowa\u0107, je\u015bli to przegapisz, poniewa\u017c zawsze mo\u017cesz wys\u0142a\u0107 nam wiadomo\u015b\u0107 p\u00f3\u017aniej.)<\/p>\n<p style=\"text-align: center;\"><img loading=\"lazy\" decoding=\"async\" class=\" wp-image-1449 aligncenter\" src=\"http:\/\/www.rememberme-forever.com\/wp-content\/uploads\/2023\/04\/memorial-plaque-cremation-urn-silver-300x153.jpg\" alt=\"memorial plaque cremation urn silver\" width=\"224\" height=\"114\" srcset=\"https:\/\/www.rememberme-forever.com\/wp-content\/uploads\/2023\/04\/memorial-plaque-cremation-urn-silver-300x153.jpg 300w, https:\/\/www.rememberme-forever.com\/wp-content\/uploads\/2023\/04\/memorial-plaque-cremation-urn-silver-64x33.jpg 64w, https:\/\/www.rememberme-forever.com\/wp-content\/uploads\/2023\/04\/memorial-plaque-cremation-urn-silver.jpg 448w\" sizes=\"auto, (max-width: 224px) 100vw, 224px\" \/><\/p>\n<p style=\"text-align: center;\"><em><strong>Przed dodaniem produktu do koszyka dok\u0142adnie SPRAWD\u0179 tekst przes\u0142any do grawerowania. Do\u00a0 tekstu kt\u00f3ry otrzymujemy wraz z zam\u00f3wieniem\u00a0 nie wprowadzamy \u017cadnych zmian z naszej strony. Tekst jest grawerowany dok\u0142adnie taki, jaki otrzymujemy od pa\u0144stwa. <\/strong><\/em><\/p>\n<p style=\"text-align: center;\"><em><strong>Sprawd\u017a tekst, aby upewni\u0107 si\u0119, \u017ce pisownia jest poprawna.<\/strong><\/em><\/p>\n","protected":false},"excerpt":{"rendered":"<p><em><strong>Urna pomie\u015bci prochy zmar\u0142ego dziecka o wadze cia\u0142a 35kg lub mniej.<\/strong><\/em><\/p>\n<p><b>\u2611\ufe0f <em style=\"color: red;\">Jeste\u015bmy \u015bwiadomi kr\u00f3tkiego czasu na dostarczenie urny. Urn\u0119 zam\u00f3wion\u0105 do godz. 12.00 w dzie\u0144 roboczy wysy\u0142amy natychmiast.\u00a0<\/em><\/b><\/p>\n<p class=\"display-inline mr-xs-1\">\n","protected":false},"featured_media":6829,"template":"","meta":{"_acf_changed":false},"product_brand":[],"product_cat":[89],"product_tag":[3334,995,997,994,1116,962],"class_list":{"0":"post-6088","1":"product","2":"type-product","3":"status-publish","4":"has-post-thumbnail","6":"product_cat-urny-dzieciece","7":"product_tag-gpsr-metal-insert-abs_outside","8":"product_tag-kremacja","9":"product_tag-pogrzeb","10":"product_tag-prochy","11":"product_tag-serce","12":"product_tag-urna","13":"product_shipping_class-wood-urns-pl","15":"first","16":"instock","17":"taxable","18":"shipping-taxable","19":"purchasable","20":"product-type-simple"},"yoast_head":"<!-- This site is optimized with the Yoast SEO plugin v27.4 - https:\/\/yoast.com\/product\/yoast-seo-wordpress\/ -->\n<title>Personalizowana urna pogrzebowa dla dziecka z motywem serca<\/title>\n<meta name=\"description\" content=\"Urna pogrzebowa dla dziecka z motywem ma\u0142ych serduszek to wyj\u0105tkowy spos\u00f3b na uhonorowanie pami\u0119ci \u017cycia, kt\u00f3re zako\u0144czy\u0142o si\u0119 zbyt wcze\u015bnie.\" \/>\n<meta name=\"robots\" content=\"index, follow, max-snippet:-1, max-image-preview:large, max-video-preview:-1\" \/>\n<link rel=\"canonical\" href=\"https:\/\/www.rememberme-forever.com\/pl\/produkt\/personalizowana-urna-pogrzebowa-dla-dziecka-z-motywem-serca\/\" \/>\n<meta property=\"og:locale\" content=\"pl_PL\" \/>\n<meta property=\"og:type\" content=\"article\" \/>\n<meta property=\"og:title\" content=\"Personalizowana urna pogrzebowa dla dziecka z motywem serca\" \/>\n<meta property=\"og:description\" content=\"Urna pogrzebowa dla dziecka z motywem ma\u0142ych serduszek to wyj\u0105tkowy spos\u00f3b na uhonorowanie pami\u0119ci \u017cycia, kt\u00f3re zako\u0144czy\u0142o si\u0119 zbyt wcze\u015bnie.\" \/>\n<meta property=\"og:url\" content=\"https:\/\/www.rememberme-forever.com\/pl\/produkt\/personalizowana-urna-pogrzebowa-dla-dziecka-z-motywem-serca\/\" \/>\n<meta property=\"og:site_name\" content=\"Remember Forever\" \/>\n<meta property=\"article:modified_time\" content=\"2026-02-03T07:57:26+00:00\" \/>\n<meta property=\"og:image\" content=\"http:\/\/www.rememberme-forever.com\/wp-content\/uploads\/2023\/05\/Personalizowana-urna-pogrzebowa-dla-dziecka-z-motywem-serca.jpg\" \/>\n\t<meta property=\"og:image:width\" content=\"768\" \/>\n\t<meta property=\"og:image:height\" content=\"768\" \/>\n\t<meta property=\"og:image:type\" content=\"image\/jpeg\" \/>\n<meta name=\"twitter:card\" content=\"summary_large_image\" \/>\n<meta name=\"twitter:label1\" content=\"Szacowany czas czytania\" \/>\n\t<meta name=\"twitter:data1\" content=\"2 minuta\" \/>\n<script type=\"application\/ld+json\" class=\"yoast-schema-graph\">{\"@context\":\"https:\\\/\\\/schema.org\",\"@graph\":[{\"@type\":\"WebPage\",\"@id\":\"https:\\\/\\\/www.rememberme-forever.com\\\/pl\\\/produkt\\\/personalizowana-urna-pogrzebowa-dla-dziecka-z-motywem-serca\\\/\",\"url\":\"https:\\\/\\\/www.rememberme-forever.com\\\/pl\\\/produkt\\\/personalizowana-urna-pogrzebowa-dla-dziecka-z-motywem-serca\\\/\",\"name\":\"Personalizowana urna pogrzebowa dla dziecka z motywem serca\",\"isPartOf\":{\"@id\":\"https:\\\/\\\/www.rememberme-forever.com\\\/pl\\\/#website\"},\"primaryImageOfPage\":{\"@id\":\"https:\\\/\\\/www.rememberme-forever.com\\\/pl\\\/produkt\\\/personalizowana-urna-pogrzebowa-dla-dziecka-z-motywem-serca\\\/#primaryimage\"},\"image\":{\"@id\":\"https:\\\/\\\/www.rememberme-forever.com\\\/pl\\\/produkt\\\/personalizowana-urna-pogrzebowa-dla-dziecka-z-motywem-serca\\\/#primaryimage\"},\"thumbnailUrl\":\"https:\\\/\\\/www.rememberme-forever.com\\\/wp-content\\\/uploads\\\/2023\\\/05\\\/Personalizowana-urna-pogrzebowa-dla-dziecka-z-motywem-serca.jpg\",\"datePublished\":\"2023-05-05T07:14:50+00:00\",\"dateModified\":\"2026-02-03T07:57:26+00:00\",\"description\":\"Urna pogrzebowa dla dziecka z motywem ma\u0142ych serduszek to wyj\u0105tkowy spos\u00f3b na uhonorowanie pami\u0119ci \u017cycia, kt\u00f3re zako\u0144czy\u0142o si\u0119 zbyt wcze\u015bnie.\",\"breadcrumb\":{\"@id\":\"https:\\\/\\\/www.rememberme-forever.com\\\/pl\\\/produkt\\\/personalizowana-urna-pogrzebowa-dla-dziecka-z-motywem-serca\\\/#breadcrumb\"},\"inLanguage\":\"pl-PL\",\"potentialAction\":[{\"@type\":\"ReadAction\",\"target\":[\"https:\\\/\\\/www.rememberme-forever.com\\\/pl\\\/produkt\\\/personalizowana-urna-pogrzebowa-dla-dziecka-z-motywem-serca\\\/\"]}]},{\"@type\":\"ImageObject\",\"inLanguage\":\"pl-PL\",\"@id\":\"https:\\\/\\\/www.rememberme-forever.com\\\/pl\\\/produkt\\\/personalizowana-urna-pogrzebowa-dla-dziecka-z-motywem-serca\\\/#primaryimage\",\"url\":\"https:\\\/\\\/www.rememberme-forever.com\\\/wp-content\\\/uploads\\\/2023\\\/05\\\/Personalizowana-urna-pogrzebowa-dla-dziecka-z-motywem-serca.jpg\",\"contentUrl\":\"https:\\\/\\\/www.rememberme-forever.com\\\/wp-content\\\/uploads\\\/2023\\\/05\\\/Personalizowana-urna-pogrzebowa-dla-dziecka-z-motywem-serca.jpg\",\"width\":768,\"height\":768,\"caption\":\"Personalizowana urna pogrzebowa dla dziecka z motywem serca\"},{\"@type\":\"BreadcrumbList\",\"@id\":\"https:\\\/\\\/www.rememberme-forever.com\\\/pl\\\/produkt\\\/personalizowana-urna-pogrzebowa-dla-dziecka-z-motywem-serca\\\/#breadcrumb\",\"itemListElement\":[{\"@type\":\"ListItem\",\"position\":1,\"name\":\"Home\",\"item\":\"https:\\\/\\\/www.rememberme-forever.com\\\/pl\\\/strona-glowna\\\/\"},{\"@type\":\"ListItem\",\"position\":2,\"name\":\"Sklep\",\"item\":\"https:\\\/\\\/www.rememberme-forever.com\\\/pl\\\/sklep-2\\\/\"},{\"@type\":\"ListItem\",\"position\":3,\"name\":\"Personalizowana urna pogrzebowa dla dziecka z motywem serca\"}]},{\"@type\":\"WebSite\",\"@id\":\"https:\\\/\\\/www.rememberme-forever.com\\\/pl\\\/#website\",\"url\":\"https:\\\/\\\/www.rememberme-forever.com\\\/pl\\\/\",\"name\":\"Remember Forever\",\"description\":\"Cremation urns, funeral urns, urns for ashes\",\"publisher\":{\"@id\":\"https:\\\/\\\/www.rememberme-forever.com\\\/pl\\\/#organization\"},\"potentialAction\":[{\"@type\":\"SearchAction\",\"target\":{\"@type\":\"EntryPoint\",\"urlTemplate\":\"https:\\\/\\\/www.rememberme-forever.com\\\/pl\\\/?s={search_term_string}\"},\"query-input\":{\"@type\":\"PropertyValueSpecification\",\"valueRequired\":true,\"valueName\":\"search_term_string\"}}],\"inLanguage\":\"pl-PL\"},{\"@type\":\"Organization\",\"@id\":\"https:\\\/\\\/www.rememberme-forever.com\\\/pl\\\/#organization\",\"name\":\"Remember Forever\",\"url\":\"https:\\\/\\\/www.rememberme-forever.com\\\/pl\\\/\",\"logo\":{\"@type\":\"ImageObject\",\"inLanguage\":\"pl-PL\",\"@id\":\"https:\\\/\\\/www.rememberme-forever.com\\\/pl\\\/#\\\/schema\\\/logo\\\/image\\\/\",\"url\":\"https:\\\/\\\/www.rememberme-forever.com\\\/wp-content\\\/uploads\\\/2023\\\/02\\\/logo.png\",\"contentUrl\":\"https:\\\/\\\/www.rememberme-forever.com\\\/wp-content\\\/uploads\\\/2023\\\/02\\\/logo.png\",\"width\":300,\"height\":56,\"caption\":\"Remember Forever\"},\"image\":{\"@id\":\"https:\\\/\\\/www.rememberme-forever.com\\\/pl\\\/#\\\/schema\\\/logo\\\/image\\\/\"}}]}<\/script>\n<!-- \/ Yoast SEO plugin. -->","yoast_head_json":{"title":"Personalizowana urna pogrzebowa dla dziecka z motywem serca","description":"Urna pogrzebowa dla dziecka z motywem ma\u0142ych serduszek to wyj\u0105tkowy spos\u00f3b na uhonorowanie pami\u0119ci \u017cycia, kt\u00f3re zako\u0144czy\u0142o si\u0119 zbyt wcze\u015bnie.","robots":{"index":"index","follow":"follow","max-snippet":"max-snippet:-1","max-image-preview":"max-image-preview:large","max-video-preview":"max-video-preview:-1"},"canonical":"https:\/\/www.rememberme-forever.com\/pl\/produkt\/personalizowana-urna-pogrzebowa-dla-dziecka-z-motywem-serca\/","og_locale":"pl_PL","og_type":"article","og_title":"Personalizowana urna pogrzebowa dla dziecka z motywem serca","og_description":"Urna pogrzebowa dla dziecka z motywem ma\u0142ych serduszek to wyj\u0105tkowy spos\u00f3b na uhonorowanie pami\u0119ci \u017cycia, kt\u00f3re zako\u0144czy\u0142o si\u0119 zbyt wcze\u015bnie.","og_url":"https:\/\/www.rememberme-forever.com\/pl\/produkt\/personalizowana-urna-pogrzebowa-dla-dziecka-z-motywem-serca\/","og_site_name":"Remember Forever","article_modified_time":"2026-02-03T07:57:26+00:00","og_image":[{"width":768,"height":768,"url":"http:\/\/www.rememberme-forever.com\/wp-content\/uploads\/2023\/05\/Personalizowana-urna-pogrzebowa-dla-dziecka-z-motywem-serca.jpg","type":"image\/jpeg"}],"twitter_card":"summary_large_image","twitter_misc":{"Szacowany czas czytania":"2 minuta"},"schema":{"@context":"https:\/\/schema.org","@graph":[{"@type":"WebPage","@id":"https:\/\/www.rememberme-forever.com\/pl\/produkt\/personalizowana-urna-pogrzebowa-dla-dziecka-z-motywem-serca\/","url":"https:\/\/www.rememberme-forever.com\/pl\/produkt\/personalizowana-urna-pogrzebowa-dla-dziecka-z-motywem-serca\/","name":"Personalizowana urna pogrzebowa dla dziecka z motywem serca","isPartOf":{"@id":"https:\/\/www.rememberme-forever.com\/pl\/#website"},"primaryImageOfPage":{"@id":"https:\/\/www.rememberme-forever.com\/pl\/produkt\/personalizowana-urna-pogrzebowa-dla-dziecka-z-motywem-serca\/#primaryimage"},"image":{"@id":"https:\/\/www.rememberme-forever.com\/pl\/produkt\/personalizowana-urna-pogrzebowa-dla-dziecka-z-motywem-serca\/#primaryimage"},"thumbnailUrl":"https:\/\/www.rememberme-forever.com\/wp-content\/uploads\/2023\/05\/Personalizowana-urna-pogrzebowa-dla-dziecka-z-motywem-serca.jpg","datePublished":"2023-05-05T07:14:50+00:00","dateModified":"2026-02-03T07:57:26+00:00","description":"Urna pogrzebowa dla dziecka z motywem ma\u0142ych serduszek to wyj\u0105tkowy spos\u00f3b na uhonorowanie pami\u0119ci \u017cycia, kt\u00f3re zako\u0144czy\u0142o si\u0119 zbyt wcze\u015bnie.","breadcrumb":{"@id":"https:\/\/www.rememberme-forever.com\/pl\/produkt\/personalizowana-urna-pogrzebowa-dla-dziecka-z-motywem-serca\/#breadcrumb"},"inLanguage":"pl-PL","potentialAction":[{"@type":"ReadAction","target":["https:\/\/www.rememberme-forever.com\/pl\/produkt\/personalizowana-urna-pogrzebowa-dla-dziecka-z-motywem-serca\/"]}]},{"@type":"ImageObject","inLanguage":"pl-PL","@id":"https:\/\/www.rememberme-forever.com\/pl\/produkt\/personalizowana-urna-pogrzebowa-dla-dziecka-z-motywem-serca\/#primaryimage","url":"https:\/\/www.rememberme-forever.com\/wp-content\/uploads\/2023\/05\/Personalizowana-urna-pogrzebowa-dla-dziecka-z-motywem-serca.jpg","contentUrl":"https:\/\/www.rememberme-forever.com\/wp-content\/uploads\/2023\/05\/Personalizowana-urna-pogrzebowa-dla-dziecka-z-motywem-serca.jpg","width":768,"height":768,"caption":"Personalizowana urna pogrzebowa dla dziecka z motywem serca"},{"@type":"BreadcrumbList","@id":"https:\/\/www.rememberme-forever.com\/pl\/produkt\/personalizowana-urna-pogrzebowa-dla-dziecka-z-motywem-serca\/#breadcrumb","itemListElement":[{"@type":"ListItem","position":1,"name":"Home","item":"https:\/\/www.rememberme-forever.com\/pl\/strona-glowna\/"},{"@type":"ListItem","position":2,"name":"Sklep","item":"https:\/\/www.rememberme-forever.com\/pl\/sklep-2\/"},{"@type":"ListItem","position":3,"name":"Personalizowana urna pogrzebowa dla dziecka z motywem serca"}]},{"@type":"WebSite","@id":"https:\/\/www.rememberme-forever.com\/pl\/#website","url":"https:\/\/www.rememberme-forever.com\/pl\/","name":"Remember Forever","description":"Cremation urns, funeral urns, urns for ashes","publisher":{"@id":"https:\/\/www.rememberme-forever.com\/pl\/#organization"},"potentialAction":[{"@type":"SearchAction","target":{"@type":"EntryPoint","urlTemplate":"https:\/\/www.rememberme-forever.com\/pl\/?s={search_term_string}"},"query-input":{"@type":"PropertyValueSpecification","valueRequired":true,"valueName":"search_term_string"}}],"inLanguage":"pl-PL"},{"@type":"Organization","@id":"https:\/\/www.rememberme-forever.com\/pl\/#organization","name":"Remember Forever","url":"https:\/\/www.rememberme-forever.com\/pl\/","logo":{"@type":"ImageObject","inLanguage":"pl-PL","@id":"https:\/\/www.rememberme-forever.com\/pl\/#\/schema\/logo\/image\/","url":"https:\/\/www.rememberme-forever.com\/wp-content\/uploads\/2023\/02\/logo.png","contentUrl":"https:\/\/www.rememberme-forever.com\/wp-content\/uploads\/2023\/02\/logo.png","width":300,"height":56,"caption":"Remember Forever"},"image":{"@id":"https:\/\/www.rememberme-forever.com\/pl\/#\/schema\/logo\/image\/"}}]}},"acf":[],"_links":{"self":[{"href":"https:\/\/www.rememberme-forever.com\/pl\/wp-json\/wp\/v2\/product\/6088","targetHints":{"allow":["GET"]}}],"collection":[{"href":"https:\/\/www.rememberme-forever.com\/pl\/wp-json\/wp\/v2\/product"}],"about":[{"href":"https:\/\/www.rememberme-forever.com\/pl\/wp-json\/wp\/v2\/types\/product"}],"wp:featuredmedia":[{"embeddable":true,"href":"https:\/\/www.rememberme-forever.com\/pl\/wp-json\/wp\/v2\/media\/6829"}],"wp:attachment":[{"href":"https:\/\/www.rememberme-forever.com\/pl\/wp-json\/wp\/v2\/media?parent=6088"}],"wp:term":[{"taxonomy":"product_brand","embeddable":true,"href":"https:\/\/www.rememberme-forever.com\/pl\/wp-json\/wp\/v2\/product_brand?post=6088"},{"taxonomy":"product_cat","embeddable":true,"href":"https:\/\/www.rememberme-forever.com\/pl\/wp-json\/wp\/v2\/product_cat?post=6088"},{"taxonomy":"product_tag","embeddable":true,"href":"https:\/\/www.rememberme-forever.com\/pl\/wp-json\/wp\/v2\/product_tag?post=6088"}],"curies":[{"name":"wp","href":"https:\/\/api.w.org\/{rel}","templated":true}]}}