{"id":6093,"date":"2023-05-05T09:17:28","date_gmt":"2023-05-05T07:17:28","guid":{"rendered":"http:\/\/www.rememberme-forever.com\/?post_type=product&#038;p=6093"},"modified":"2026-02-03T08:55:50","modified_gmt":"2026-02-03T07:55:50","slug":"urna-z-podobizna-psa-danej-rasy-personalizowana","status":"publish","type":"product","link":"https:\/\/www.rememberme-forever.com\/pl\/produkt\/urna-z-podobizna-psa-danej-rasy-personalizowana\/","title":{"rendered":"Urna z podobizn\u0105 psa danej rasy, personalizowana"},"content":{"rendered":"<h2 style=\"text-align: center;\">Urna z podobizn\u0105 psa danej rasy<\/h2>\n<div class=\"flex-1 overflow-hidden\">\n<div class=\"react-scroll-to-bottom--css-geyhx-79elbk h-full dark:bg-gray-800\">\n<div class=\"react-scroll-to-bottom--css-geyhx-1n7m0yu\">\n<div class=\"flex flex-col items-center text-sm dark:bg-gray-800\">\n<div class=\"group w-full text-gray-800 dark:text-gray-100 border-b border-black\/10 dark:border-gray-900\/50 bg-gray-50 dark:bg-[#444654]\">\n<div class=\"flex p-4 gap-4 text-base md:gap-6 md:max-w-2xl lg:max-w-xl xl:max-w-3xl md:py-6 lg:px-0 m-auto\">\n<div class=\"relative flex w-[calc(100%-50px)] flex-col gap-1 md:gap-3 lg:w-[calc(100%-115px)]\">\n<div class=\"flex flex-grow flex-col gap-3\">\n<div class=\"min-h-[20px] flex flex-col items-start gap-4 whitespace-pre-wrap break-words\">\n<div class=\"markdown prose w-full break-words dark:prose-invert dark\">\n<p style=\"text-align: center;\">Ta pi\u0119kna drewniana urna na prochy psa to doskona\u0142y spos\u00f3b, aby odda\u0107 ho\u0142d ukochanemu zwierzakowi. Nasi wykwalifikowani rzemie\u015blnicy stworzyli unikalny wz\u00f3r geometryczny, kt\u00f3ry dodaje odrobin\u0119 nowoczesnej elegancji do tradycyjnej drewnianej urny.<\/p>\n<p style=\"text-align: center;\">Na urnie znajduje si\u0119 pi\u0119kna podobizna rasy Twojego psa, dzi\u0119ki czemu mo\u017cesz by\u0107 pewien, \u017ce jego pami\u0119\u0107 jest czczona w spos\u00f3b zgodny z jego unikaln\u0105 osobowo\u015bci\u0105. Na froncie urny mo\u017cna r\u00f3wnie\u017c doda\u0107 imi\u0119 Twojego pupila i daty, co czyni j\u0105 naprawd\u0119 osobistym pomnikiem.<\/p>\n<p style=\"text-align: center;\">Rozumiemy, \u017ce zwierz\u0119ta s\u0105 cz\u0142onkami rodziny i zadbali\u015bmy o to, aby stworzy\u0107 wysokiej jako\u015bci urn\u0119, kt\u00f3ra przetrwa pr\u00f3b\u0119 czasu. G\u00f3rna pokrywa urny otwiera si\u0119 \u0142atwo, a bezpieczny design zapewnia, \u017ce prochy Twojego pupila b\u0119d\u0105 bezpiecznie zamkni\u0119te.<\/p>\n<p style=\"text-align: center;\">Ta urna na prochy psa nadaje si\u0119 do wszystkich ras, a naturalne wyko\u0144czenie drewna oznacza, \u017ce ka\u017cda urna jest unikalna. Wz\u00f3r geometryczny dodaje nowoczesnego dotyku do tej tradycyjnej pami\u0105tki, czyni\u0105c j\u0105 pi\u0119knym dodatkiem do ka\u017cdego domu.<\/p>\n<p style=\"text-align: center;\">Naszym celem jest zapewnienie pi\u0119knego miejsca spoczynku dla Twojego pupila, a ta drewniana urna jest doskona\u0142ym sposobem, aby uczci\u0107 jego pami\u0119\u0107. To w\u0142a\u015bciwe upami\u0119tnienie ukochanego zwierzaka, kt\u00f3re b\u0119dzie cenione przez wiele lat.<\/p>\n<p style=\"text-align: center;\"><em><strong>Prosimy r\u00f3wnie\u017c o uwag\u0119, \u017ce ta urna jest wytwarzana na zam\u00f3wienie, dlatego prosimy o oko\u0142o 4-8 dni roboczych na jej wysy\u0142k\u0119.<\/strong><\/em><\/p>\n<\/div>\n<\/div>\n<\/div>\n<\/div>\n<\/div>\n<\/div>\n<\/div>\n<\/div>\n<\/div>\n<\/div>\n","protected":false},"excerpt":{"rendered":"<p><em><strong>Urna pomie\u015bci prochy psa ka\u017cdej wymienionej w aukcji rasy.<\/strong><\/em><\/p>\n","protected":false},"featured_media":6817,"template":"","meta":{"_acf_changed":false},"product_brand":[],"product_cat":[137],"product_tag":[3357,995,1122,994,962,1123],"class_list":{"0":"post-6093","1":"product","2":"type-product","3":"status-publish","4":"has-post-thumbnail","6":"product_cat-urny-dla-zwierzat","7":"product_tag-gpsr-pet-urns","8":"product_tag-kremacja","9":"product_tag-pies","10":"product_tag-prochy","11":"product_tag-urna","12":"product_tag-zwierze","13":"product_shipping_class-wood-urns-pl","15":"first","16":"instock","17":"taxable","18":"shipping-taxable","19":"purchasable","20":"product-type-variable"},"yoast_head":"<!-- This site is optimized with the Yoast SEO plugin v27.4 - https:\/\/yoast.com\/product\/yoast-seo-wordpress\/ -->\n<title>Urna z podobizn\u0105 psa danej rasy, personalizowana<\/title>\n<meta name=\"description\" content=\"Ta pi\u0119kna drewniana urna na prochy psa to doskona\u0142y spos\u00f3b, aby odda\u0107 ho\u0142d ukochanemu zwierzakowi. Nasi wykwalifikowani rzemie\u015blnicy stworzyli unikalny...\" \/>\n<meta name=\"robots\" content=\"index, follow, max-snippet:-1, max-image-preview:large, max-video-preview:-1\" \/>\n<link rel=\"canonical\" href=\"https:\/\/www.rememberme-forever.com\/pl\/produkt\/urna-z-podobizna-psa-danej-rasy-personalizowana\/\" \/>\n<meta property=\"og:locale\" content=\"pl_PL\" \/>\n<meta property=\"og:type\" content=\"article\" \/>\n<meta property=\"og:title\" content=\"Urna z podobizn\u0105 psa danej rasy, personalizowana\" \/>\n<meta property=\"og:description\" content=\"Ta pi\u0119kna drewniana urna na prochy psa to doskona\u0142y spos\u00f3b, aby odda\u0107 ho\u0142d ukochanemu zwierzakowi. Nasi wykwalifikowani rzemie\u015blnicy stworzyli unikalny...\" \/>\n<meta property=\"og:url\" content=\"https:\/\/www.rememberme-forever.com\/pl\/produkt\/urna-z-podobizna-psa-danej-rasy-personalizowana\/\" \/>\n<meta property=\"og:site_name\" content=\"Remember Forever\" \/>\n<meta property=\"article:modified_time\" content=\"2026-02-03T07:55:50+00:00\" \/>\n<meta property=\"og:image\" content=\"http:\/\/www.rememberme-forever.com\/wp-content\/uploads\/2023\/05\/Urna-z-podobizna-psa-danej-rasy.jpg\" \/>\n\t<meta property=\"og:image:width\" content=\"768\" \/>\n\t<meta property=\"og:image:height\" content=\"768\" \/>\n\t<meta property=\"og:image:type\" content=\"image\/jpeg\" \/>\n<meta name=\"twitter:card\" content=\"summary_large_image\" \/>\n<meta name=\"twitter:label1\" content=\"Szacowany czas czytania\" \/>\n\t<meta name=\"twitter:data1\" content=\"2 minuta\" \/>\n<script type=\"application\/ld+json\" class=\"yoast-schema-graph\">{\"@context\":\"https:\\\/\\\/schema.org\",\"@graph\":[{\"@type\":\"WebPage\",\"@id\":\"https:\\\/\\\/www.rememberme-forever.com\\\/pl\\\/produkt\\\/urna-z-podobizna-psa-danej-rasy-personalizowana\\\/\",\"url\":\"https:\\\/\\\/www.rememberme-forever.com\\\/pl\\\/produkt\\\/urna-z-podobizna-psa-danej-rasy-personalizowana\\\/\",\"name\":\"Urna z podobizn\u0105 psa danej rasy, personalizowana\",\"isPartOf\":{\"@id\":\"https:\\\/\\\/www.rememberme-forever.com\\\/pl\\\/#website\"},\"primaryImageOfPage\":{\"@id\":\"https:\\\/\\\/www.rememberme-forever.com\\\/pl\\\/produkt\\\/urna-z-podobizna-psa-danej-rasy-personalizowana\\\/#primaryimage\"},\"image\":{\"@id\":\"https:\\\/\\\/www.rememberme-forever.com\\\/pl\\\/produkt\\\/urna-z-podobizna-psa-danej-rasy-personalizowana\\\/#primaryimage\"},\"thumbnailUrl\":\"https:\\\/\\\/www.rememberme-forever.com\\\/wp-content\\\/uploads\\\/2023\\\/05\\\/Urna-z-podobizna-psa-danej-rasy.jpg\",\"datePublished\":\"2023-05-05T07:17:28+00:00\",\"dateModified\":\"2026-02-03T07:55:50+00:00\",\"description\":\"Ta pi\u0119kna drewniana urna na prochy psa to doskona\u0142y spos\u00f3b, aby odda\u0107 ho\u0142d ukochanemu zwierzakowi. Nasi wykwalifikowani rzemie\u015blnicy stworzyli unikalny...\",\"breadcrumb\":{\"@id\":\"https:\\\/\\\/www.rememberme-forever.com\\\/pl\\\/produkt\\\/urna-z-podobizna-psa-danej-rasy-personalizowana\\\/#breadcrumb\"},\"inLanguage\":\"pl-PL\",\"potentialAction\":[{\"@type\":\"ReadAction\",\"target\":[\"https:\\\/\\\/www.rememberme-forever.com\\\/pl\\\/produkt\\\/urna-z-podobizna-psa-danej-rasy-personalizowana\\\/\"]}]},{\"@type\":\"ImageObject\",\"inLanguage\":\"pl-PL\",\"@id\":\"https:\\\/\\\/www.rememberme-forever.com\\\/pl\\\/produkt\\\/urna-z-podobizna-psa-danej-rasy-personalizowana\\\/#primaryimage\",\"url\":\"https:\\\/\\\/www.rememberme-forever.com\\\/wp-content\\\/uploads\\\/2023\\\/05\\\/Urna-z-podobizna-psa-danej-rasy.jpg\",\"contentUrl\":\"https:\\\/\\\/www.rememberme-forever.com\\\/wp-content\\\/uploads\\\/2023\\\/05\\\/Urna-z-podobizna-psa-danej-rasy.jpg\",\"width\":768,\"height\":768,\"caption\":\"Urna z podobizn\u0105 psa danej rasy\"},{\"@type\":\"BreadcrumbList\",\"@id\":\"https:\\\/\\\/www.rememberme-forever.com\\\/pl\\\/produkt\\\/urna-z-podobizna-psa-danej-rasy-personalizowana\\\/#breadcrumb\",\"itemListElement\":[{\"@type\":\"ListItem\",\"position\":1,\"name\":\"Home\",\"item\":\"https:\\\/\\\/www.rememberme-forever.com\\\/pl\\\/strona-glowna\\\/\"},{\"@type\":\"ListItem\",\"position\":2,\"name\":\"Sklep\",\"item\":\"https:\\\/\\\/www.rememberme-forever.com\\\/pl\\\/sklep-2\\\/\"},{\"@type\":\"ListItem\",\"position\":3,\"name\":\"Urna z podobizn\u0105 psa danej rasy, personalizowana\"}]},{\"@type\":\"WebSite\",\"@id\":\"https:\\\/\\\/www.rememberme-forever.com\\\/pl\\\/#website\",\"url\":\"https:\\\/\\\/www.rememberme-forever.com\\\/pl\\\/\",\"name\":\"Remember Forever\",\"description\":\"Cremation urns, funeral urns, urns for ashes\",\"publisher\":{\"@id\":\"https:\\\/\\\/www.rememberme-forever.com\\\/pl\\\/#organization\"},\"potentialAction\":[{\"@type\":\"SearchAction\",\"target\":{\"@type\":\"EntryPoint\",\"urlTemplate\":\"https:\\\/\\\/www.rememberme-forever.com\\\/pl\\\/?s={search_term_string}\"},\"query-input\":{\"@type\":\"PropertyValueSpecification\",\"valueRequired\":true,\"valueName\":\"search_term_string\"}}],\"inLanguage\":\"pl-PL\"},{\"@type\":\"Organization\",\"@id\":\"https:\\\/\\\/www.rememberme-forever.com\\\/pl\\\/#organization\",\"name\":\"Remember Forever\",\"url\":\"https:\\\/\\\/www.rememberme-forever.com\\\/pl\\\/\",\"logo\":{\"@type\":\"ImageObject\",\"inLanguage\":\"pl-PL\",\"@id\":\"https:\\\/\\\/www.rememberme-forever.com\\\/pl\\\/#\\\/schema\\\/logo\\\/image\\\/\",\"url\":\"https:\\\/\\\/www.rememberme-forever.com\\\/wp-content\\\/uploads\\\/2023\\\/02\\\/logo.png\",\"contentUrl\":\"https:\\\/\\\/www.rememberme-forever.com\\\/wp-content\\\/uploads\\\/2023\\\/02\\\/logo.png\",\"width\":300,\"height\":56,\"caption\":\"Remember Forever\"},\"image\":{\"@id\":\"https:\\\/\\\/www.rememberme-forever.com\\\/pl\\\/#\\\/schema\\\/logo\\\/image\\\/\"}}]}<\/script>\n<!-- \/ Yoast SEO plugin. -->","yoast_head_json":{"title":"Urna z podobizn\u0105 psa danej rasy, personalizowana","description":"Ta pi\u0119kna drewniana urna na prochy psa to doskona\u0142y spos\u00f3b, aby odda\u0107 ho\u0142d ukochanemu zwierzakowi. Nasi wykwalifikowani rzemie\u015blnicy stworzyli unikalny...","robots":{"index":"index","follow":"follow","max-snippet":"max-snippet:-1","max-image-preview":"max-image-preview:large","max-video-preview":"max-video-preview:-1"},"canonical":"https:\/\/www.rememberme-forever.com\/pl\/produkt\/urna-z-podobizna-psa-danej-rasy-personalizowana\/","og_locale":"pl_PL","og_type":"article","og_title":"Urna z podobizn\u0105 psa danej rasy, personalizowana","og_description":"Ta pi\u0119kna drewniana urna na prochy psa to doskona\u0142y spos\u00f3b, aby odda\u0107 ho\u0142d ukochanemu zwierzakowi. Nasi wykwalifikowani rzemie\u015blnicy stworzyli unikalny...","og_url":"https:\/\/www.rememberme-forever.com\/pl\/produkt\/urna-z-podobizna-psa-danej-rasy-personalizowana\/","og_site_name":"Remember Forever","article_modified_time":"2026-02-03T07:55:50+00:00","og_image":[{"width":768,"height":768,"url":"http:\/\/www.rememberme-forever.com\/wp-content\/uploads\/2023\/05\/Urna-z-podobizna-psa-danej-rasy.jpg","type":"image\/jpeg"}],"twitter_card":"summary_large_image","twitter_misc":{"Szacowany czas czytania":"2 minuta"},"schema":{"@context":"https:\/\/schema.org","@graph":[{"@type":"WebPage","@id":"https:\/\/www.rememberme-forever.com\/pl\/produkt\/urna-z-podobizna-psa-danej-rasy-personalizowana\/","url":"https:\/\/www.rememberme-forever.com\/pl\/produkt\/urna-z-podobizna-psa-danej-rasy-personalizowana\/","name":"Urna z podobizn\u0105 psa danej rasy, personalizowana","isPartOf":{"@id":"https:\/\/www.rememberme-forever.com\/pl\/#website"},"primaryImageOfPage":{"@id":"https:\/\/www.rememberme-forever.com\/pl\/produkt\/urna-z-podobizna-psa-danej-rasy-personalizowana\/#primaryimage"},"image":{"@id":"https:\/\/www.rememberme-forever.com\/pl\/produkt\/urna-z-podobizna-psa-danej-rasy-personalizowana\/#primaryimage"},"thumbnailUrl":"https:\/\/www.rememberme-forever.com\/wp-content\/uploads\/2023\/05\/Urna-z-podobizna-psa-danej-rasy.jpg","datePublished":"2023-05-05T07:17:28+00:00","dateModified":"2026-02-03T07:55:50+00:00","description":"Ta pi\u0119kna drewniana urna na prochy psa to doskona\u0142y spos\u00f3b, aby odda\u0107 ho\u0142d ukochanemu zwierzakowi. Nasi wykwalifikowani rzemie\u015blnicy stworzyli unikalny...","breadcrumb":{"@id":"https:\/\/www.rememberme-forever.com\/pl\/produkt\/urna-z-podobizna-psa-danej-rasy-personalizowana\/#breadcrumb"},"inLanguage":"pl-PL","potentialAction":[{"@type":"ReadAction","target":["https:\/\/www.rememberme-forever.com\/pl\/produkt\/urna-z-podobizna-psa-danej-rasy-personalizowana\/"]}]},{"@type":"ImageObject","inLanguage":"pl-PL","@id":"https:\/\/www.rememberme-forever.com\/pl\/produkt\/urna-z-podobizna-psa-danej-rasy-personalizowana\/#primaryimage","url":"https:\/\/www.rememberme-forever.com\/wp-content\/uploads\/2023\/05\/Urna-z-podobizna-psa-danej-rasy.jpg","contentUrl":"https:\/\/www.rememberme-forever.com\/wp-content\/uploads\/2023\/05\/Urna-z-podobizna-psa-danej-rasy.jpg","width":768,"height":768,"caption":"Urna z podobizn\u0105 psa danej rasy"},{"@type":"BreadcrumbList","@id":"https:\/\/www.rememberme-forever.com\/pl\/produkt\/urna-z-podobizna-psa-danej-rasy-personalizowana\/#breadcrumb","itemListElement":[{"@type":"ListItem","position":1,"name":"Home","item":"https:\/\/www.rememberme-forever.com\/pl\/strona-glowna\/"},{"@type":"ListItem","position":2,"name":"Sklep","item":"https:\/\/www.rememberme-forever.com\/pl\/sklep-2\/"},{"@type":"ListItem","position":3,"name":"Urna z podobizn\u0105 psa danej rasy, personalizowana"}]},{"@type":"WebSite","@id":"https:\/\/www.rememberme-forever.com\/pl\/#website","url":"https:\/\/www.rememberme-forever.com\/pl\/","name":"Remember Forever","description":"Cremation urns, funeral urns, urns for ashes","publisher":{"@id":"https:\/\/www.rememberme-forever.com\/pl\/#organization"},"potentialAction":[{"@type":"SearchAction","target":{"@type":"EntryPoint","urlTemplate":"https:\/\/www.rememberme-forever.com\/pl\/?s={search_term_string}"},"query-input":{"@type":"PropertyValueSpecification","valueRequired":true,"valueName":"search_term_string"}}],"inLanguage":"pl-PL"},{"@type":"Organization","@id":"https:\/\/www.rememberme-forever.com\/pl\/#organization","name":"Remember Forever","url":"https:\/\/www.rememberme-forever.com\/pl\/","logo":{"@type":"ImageObject","inLanguage":"pl-PL","@id":"https:\/\/www.rememberme-forever.com\/pl\/#\/schema\/logo\/image\/","url":"https:\/\/www.rememberme-forever.com\/wp-content\/uploads\/2023\/02\/logo.png","contentUrl":"https:\/\/www.rememberme-forever.com\/wp-content\/uploads\/2023\/02\/logo.png","width":300,"height":56,"caption":"Remember Forever"},"image":{"@id":"https:\/\/www.rememberme-forever.com\/pl\/#\/schema\/logo\/image\/"}}]}},"acf":[],"_links":{"self":[{"href":"https:\/\/www.rememberme-forever.com\/pl\/wp-json\/wp\/v2\/product\/6093","targetHints":{"allow":["GET"]}}],"collection":[{"href":"https:\/\/www.rememberme-forever.com\/pl\/wp-json\/wp\/v2\/product"}],"about":[{"href":"https:\/\/www.rememberme-forever.com\/pl\/wp-json\/wp\/v2\/types\/product"}],"wp:featuredmedia":[{"embeddable":true,"href":"https:\/\/www.rememberme-forever.com\/pl\/wp-json\/wp\/v2\/media\/6817"}],"wp:attachment":[{"href":"https:\/\/www.rememberme-forever.com\/pl\/wp-json\/wp\/v2\/media?parent=6093"}],"wp:term":[{"taxonomy":"product_brand","embeddable":true,"href":"https:\/\/www.rememberme-forever.com\/pl\/wp-json\/wp\/v2\/product_brand?post=6093"},{"taxonomy":"product_cat","embeddable":true,"href":"https:\/\/www.rememberme-forever.com\/pl\/wp-json\/wp\/v2\/product_cat?post=6093"},{"taxonomy":"product_tag","embeddable":true,"href":"https:\/\/www.rememberme-forever.com\/pl\/wp-json\/wp\/v2\/product_tag?post=6093"}],"curies":[{"name":"wp","href":"https:\/\/api.w.org\/{rel}","templated":true}]}}