{"id":6267,"date":"2023-05-05T09:19:54","date_gmt":"2023-05-05T07:19:54","guid":{"rendered":"http:\/\/www.rememberme-forever.com\/?post_type=product&#038;p=6267"},"modified":"2026-02-03T08:54:57","modified_gmt":"2026-02-03T07:54:57","slug":"elegancka-drewniana-urna-z-pozlacanym-krzyzykiem","status":"publish","type":"product","link":"https:\/\/www.rememberme-forever.com\/pl\/produkt\/elegancka-drewniana-urna-z-pozlacanym-krzyzykiem\/","title":{"rendered":"Elegancka drewniana urna z poz\u0142acanym krzy\u017cykiem"},"content":{"rendered":"<h2 style=\"text-align: center;\">Elegancka drewniana urna z poz\u0142acanym krzy\u017cykiem<\/h2>\n<p style=\"text-align: center;\">Ta elegancka drewniana urna to pi\u0119kne rozwi\u0105zanie dla tych, kt\u00f3rzy szukaj\u0105 pi\u0119knej i trwa\u0142ej urny na prochy swoich bliskich nawi\u0105zuj\u0105cej do wiary katolickiej. Wykonana z najwy\u017cszej jako\u015bci drewna i ozdobiona poz\u0142acanym krzy\u017cykiem, ta urna jest nie tylko pi\u0119kna, ale tak\u017ce trwa\u0142a i funkcjonalna. Dost\u0119pna jest opcja grawerowanej plakietki z w\u0142asnym tekstem, co pozwala na dodanie osobistego tekstu i upami\u0119tnienie swojej ukochanej osoby w szczeg\u00f3lny spos\u00f3b.<\/p>\n<p style=\"text-align: center;\">Prochy umieszcza si\u0119 w urnie poprzez zdejmowane dno, co zapewnia \u0142atwy i bezpieczny dost\u0119p. Zaleca si\u0119 umieszczenie proch\u00f3w w plastikowym worku, co dodatkowo zwi\u0119ksza ochron\u0119 przed wilgoci\u0105 i uszkodzeniami. Ta urna jest idealna dla tych, kt\u00f3rzy szukaj\u0105 pi\u0119knego i funkcjonalnego sposobu upami\u0119tnienia swojego bliskiego, dzi\u0119ki czemu zawsze b\u0119d\u0105 mieli pi\u0119kne wspomnienia.<\/p>\n<p>&nbsp;<\/p>\n<h3 style=\"text-align: center;\"><strong>PERSONALIZACJA<\/strong><\/h3>\n<p style=\"text-align: center;\">Je\u015bli wybierzesz grawerowan\u0105 plakietk\u0119 w zestawie z urn\u0105, prze\u015blij tekst w ramce \u201cGrawerowana plakietka\u201d.<\/p>\n<p style=\"text-align: center;\">Tekst do grawerowanej plakietki powinien by\u0107 dostarczony podczas sk\u0142adania zam\u00f3wienia. (Prosz\u0119 nie panikowa\u0107, je\u015bli to przegapisz, poniewa\u017c zawsze mo\u017cesz wys\u0142a\u0107 nam wiadomo\u015b\u0107 p\u00f3\u017aniej.)<\/p>\n<p><img loading=\"lazy\" decoding=\"async\" class=\" wp-image-1447 aligncenter\" src=\"http:\/\/www.rememberme-forever.com\/wp-content\/uploads\/2023\/04\/memorial-plaque-cremation-urn-gold-300x150.jpg\" alt=\"memorial plaque cremation urn gold\" width=\"260\" height=\"130\" srcset=\"https:\/\/www.rememberme-forever.com\/wp-content\/uploads\/2023\/04\/memorial-plaque-cremation-urn-gold-300x150.jpg 300w, https:\/\/www.rememberme-forever.com\/wp-content\/uploads\/2023\/04\/memorial-plaque-cremation-urn-gold-64x32.jpg 64w, https:\/\/www.rememberme-forever.com\/wp-content\/uploads\/2023\/04\/memorial-plaque-cremation-urn-gold.jpg 448w\" sizes=\"auto, (max-width: 260px) 100vw, 260px\" \/><\/p>\n<p style=\"text-align: center;\"><em><strong>Przed dodaniem produktu do koszyka dok\u0142adnie SPRAWD\u0179 tekst przes\u0142any do grawerowania. Do\u00a0 tekstu kt\u00f3ry otrzymujemy wraz z zam\u00f3wieniem\u00a0 nie wprowadzamy \u017cadnych zmian z naszej strony. Tekst jest grawerowany dok\u0142adnie taki, jaki otrzymujemy od pa\u0144stwa. <\/strong><\/em><\/p>\n<p style=\"text-align: center;\"><em><strong>Sprawd\u017a tekst, aby upewni\u0107 si\u0119, \u017ce pisownia jest poprawna.<\/strong><\/em><\/p>\n","protected":false},"excerpt":{"rendered":"<p><em><strong>Urna pomie\u015bci prochy zmar\u0142ej osoby o wadze cia\u0142a 110kg lub mniej.<\/strong><\/em><\/p>\n<p><b>\u2611\ufe0f <em style=\"color: red;\">Jeste\u015bmy \u015bwiadomi kr\u00f3tkiego czasu na dostarczenie urny. Urn\u0119 zam\u00f3wion\u0105 do godz. 12.00 w dzie\u0144 roboczy wysy\u0142amy natychmiast.\u00a0<\/em><\/b><\/p>\n","protected":false},"featured_media":6807,"template":"","meta":{"_acf_changed":false},"product_brand":[],"product_cat":[93],"product_tag":[3308,995,1042,997,994,962],"class_list":{"0":"post-6267","1":"product","2":"type-product","3":"status-publish","4":"has-post-thumbnail","6":"product_cat-urny-drewniane","7":"product_tag-gpsr-all-wood-urns","8":"product_tag-kremacja","9":"product_tag-krzyzyk","10":"product_tag-pogrzeb","11":"product_tag-prochy","12":"product_tag-urna","13":"product_shipping_class-wood-urns-pl","15":"first","16":"instock","17":"taxable","18":"shipping-taxable","19":"purchasable","20":"product-type-simple"},"yoast_head":"<!-- This site is optimized with the Yoast SEO plugin v27.4 - https:\/\/yoast.com\/product\/yoast-seo-wordpress\/ -->\n<title>Elegancka drewniana urna z poz\u0142acanym krzy\u017cykiem<\/title>\n<meta name=\"description\" content=\"Ta elegancka drewniana urna to pi\u0119kne rozwi\u0105zanie dla tych, kt\u00f3rzy szukaj\u0105 pi\u0119knej i trwa\u0142ej urny na prochy swoich bliskich nawi\u0105zuj\u0105cej do wiary...\" \/>\n<meta name=\"robots\" content=\"index, follow, max-snippet:-1, max-image-preview:large, max-video-preview:-1\" \/>\n<link rel=\"canonical\" href=\"https:\/\/www.rememberme-forever.com\/pl\/produkt\/elegancka-drewniana-urna-z-pozlacanym-krzyzykiem\/\" \/>\n<meta property=\"og:locale\" content=\"pl_PL\" \/>\n<meta property=\"og:type\" content=\"article\" \/>\n<meta property=\"og:title\" content=\"Elegancka drewniana urna z poz\u0142acanym krzy\u017cykiem\" \/>\n<meta property=\"og:description\" content=\"Ta elegancka drewniana urna to pi\u0119kne rozwi\u0105zanie dla tych, kt\u00f3rzy szukaj\u0105 pi\u0119knej i trwa\u0142ej urny na prochy swoich bliskich nawi\u0105zuj\u0105cej do wiary...\" \/>\n<meta property=\"og:url\" content=\"https:\/\/www.rememberme-forever.com\/pl\/produkt\/elegancka-drewniana-urna-z-pozlacanym-krzyzykiem\/\" \/>\n<meta property=\"og:site_name\" content=\"Remember Forever\" \/>\n<meta property=\"article:modified_time\" content=\"2026-02-03T07:54:57+00:00\" \/>\n<meta property=\"og:image\" content=\"http:\/\/www.rememberme-forever.com\/wp-content\/uploads\/2023\/05\/Elegancka-drewniana-urna-z-pozlacanym-krzyzykiem.jpg\" \/>\n\t<meta property=\"og:image:width\" content=\"768\" \/>\n\t<meta property=\"og:image:height\" content=\"781\" \/>\n\t<meta property=\"og:image:type\" content=\"image\/jpeg\" \/>\n<meta name=\"twitter:card\" content=\"summary_large_image\" \/>\n<meta name=\"twitter:label1\" content=\"Szacowany czas czytania\" \/>\n\t<meta name=\"twitter:data1\" content=\"2 minuta\" \/>\n<script type=\"application\/ld+json\" class=\"yoast-schema-graph\">{\"@context\":\"https:\\\/\\\/schema.org\",\"@graph\":[{\"@type\":\"WebPage\",\"@id\":\"https:\\\/\\\/www.rememberme-forever.com\\\/pl\\\/produkt\\\/elegancka-drewniana-urna-z-pozlacanym-krzyzykiem\\\/\",\"url\":\"https:\\\/\\\/www.rememberme-forever.com\\\/pl\\\/produkt\\\/elegancka-drewniana-urna-z-pozlacanym-krzyzykiem\\\/\",\"name\":\"Elegancka drewniana urna z poz\u0142acanym krzy\u017cykiem\",\"isPartOf\":{\"@id\":\"https:\\\/\\\/www.rememberme-forever.com\\\/pl\\\/#website\"},\"primaryImageOfPage\":{\"@id\":\"https:\\\/\\\/www.rememberme-forever.com\\\/pl\\\/produkt\\\/elegancka-drewniana-urna-z-pozlacanym-krzyzykiem\\\/#primaryimage\"},\"image\":{\"@id\":\"https:\\\/\\\/www.rememberme-forever.com\\\/pl\\\/produkt\\\/elegancka-drewniana-urna-z-pozlacanym-krzyzykiem\\\/#primaryimage\"},\"thumbnailUrl\":\"https:\\\/\\\/www.rememberme-forever.com\\\/wp-content\\\/uploads\\\/2023\\\/05\\\/Elegancka-drewniana-urna-z-pozlacanym-krzyzykiem.jpg\",\"datePublished\":\"2023-05-05T07:19:54+00:00\",\"dateModified\":\"2026-02-03T07:54:57+00:00\",\"description\":\"Ta elegancka drewniana urna to pi\u0119kne rozwi\u0105zanie dla tych, kt\u00f3rzy szukaj\u0105 pi\u0119knej i trwa\u0142ej urny na prochy swoich bliskich nawi\u0105zuj\u0105cej do wiary...\",\"breadcrumb\":{\"@id\":\"https:\\\/\\\/www.rememberme-forever.com\\\/pl\\\/produkt\\\/elegancka-drewniana-urna-z-pozlacanym-krzyzykiem\\\/#breadcrumb\"},\"inLanguage\":\"pl-PL\",\"potentialAction\":[{\"@type\":\"ReadAction\",\"target\":[\"https:\\\/\\\/www.rememberme-forever.com\\\/pl\\\/produkt\\\/elegancka-drewniana-urna-z-pozlacanym-krzyzykiem\\\/\"]}]},{\"@type\":\"ImageObject\",\"inLanguage\":\"pl-PL\",\"@id\":\"https:\\\/\\\/www.rememberme-forever.com\\\/pl\\\/produkt\\\/elegancka-drewniana-urna-z-pozlacanym-krzyzykiem\\\/#primaryimage\",\"url\":\"https:\\\/\\\/www.rememberme-forever.com\\\/wp-content\\\/uploads\\\/2023\\\/05\\\/Elegancka-drewniana-urna-z-pozlacanym-krzyzykiem.jpg\",\"contentUrl\":\"https:\\\/\\\/www.rememberme-forever.com\\\/wp-content\\\/uploads\\\/2023\\\/05\\\/Elegancka-drewniana-urna-z-pozlacanym-krzyzykiem.jpg\",\"width\":768,\"height\":781,\"caption\":\"Elegancka drewniana urna z poz\u0142acanym krzy\u017cykiem\"},{\"@type\":\"BreadcrumbList\",\"@id\":\"https:\\\/\\\/www.rememberme-forever.com\\\/pl\\\/produkt\\\/elegancka-drewniana-urna-z-pozlacanym-krzyzykiem\\\/#breadcrumb\",\"itemListElement\":[{\"@type\":\"ListItem\",\"position\":1,\"name\":\"Home\",\"item\":\"https:\\\/\\\/www.rememberme-forever.com\\\/pl\\\/strona-glowna\\\/\"},{\"@type\":\"ListItem\",\"position\":2,\"name\":\"Sklep\",\"item\":\"https:\\\/\\\/www.rememberme-forever.com\\\/pl\\\/sklep-2\\\/\"},{\"@type\":\"ListItem\",\"position\":3,\"name\":\"Elegancka drewniana urna z poz\u0142acanym krzy\u017cykiem\"}]},{\"@type\":\"WebSite\",\"@id\":\"https:\\\/\\\/www.rememberme-forever.com\\\/pl\\\/#website\",\"url\":\"https:\\\/\\\/www.rememberme-forever.com\\\/pl\\\/\",\"name\":\"Remember Forever\",\"description\":\"Cremation urns, funeral urns, urns for ashes\",\"publisher\":{\"@id\":\"https:\\\/\\\/www.rememberme-forever.com\\\/pl\\\/#organization\"},\"potentialAction\":[{\"@type\":\"SearchAction\",\"target\":{\"@type\":\"EntryPoint\",\"urlTemplate\":\"https:\\\/\\\/www.rememberme-forever.com\\\/pl\\\/?s={search_term_string}\"},\"query-input\":{\"@type\":\"PropertyValueSpecification\",\"valueRequired\":true,\"valueName\":\"search_term_string\"}}],\"inLanguage\":\"pl-PL\"},{\"@type\":\"Organization\",\"@id\":\"https:\\\/\\\/www.rememberme-forever.com\\\/pl\\\/#organization\",\"name\":\"Remember Forever\",\"url\":\"https:\\\/\\\/www.rememberme-forever.com\\\/pl\\\/\",\"logo\":{\"@type\":\"ImageObject\",\"inLanguage\":\"pl-PL\",\"@id\":\"https:\\\/\\\/www.rememberme-forever.com\\\/pl\\\/#\\\/schema\\\/logo\\\/image\\\/\",\"url\":\"https:\\\/\\\/www.rememberme-forever.com\\\/wp-content\\\/uploads\\\/2023\\\/02\\\/logo.png\",\"contentUrl\":\"https:\\\/\\\/www.rememberme-forever.com\\\/wp-content\\\/uploads\\\/2023\\\/02\\\/logo.png\",\"width\":300,\"height\":56,\"caption\":\"Remember Forever\"},\"image\":{\"@id\":\"https:\\\/\\\/www.rememberme-forever.com\\\/pl\\\/#\\\/schema\\\/logo\\\/image\\\/\"}}]}<\/script>\n<!-- \/ Yoast SEO plugin. -->","yoast_head_json":{"title":"Elegancka drewniana urna z poz\u0142acanym krzy\u017cykiem","description":"Ta elegancka drewniana urna to pi\u0119kne rozwi\u0105zanie dla tych, kt\u00f3rzy szukaj\u0105 pi\u0119knej i trwa\u0142ej urny na prochy swoich bliskich nawi\u0105zuj\u0105cej do wiary...","robots":{"index":"index","follow":"follow","max-snippet":"max-snippet:-1","max-image-preview":"max-image-preview:large","max-video-preview":"max-video-preview:-1"},"canonical":"https:\/\/www.rememberme-forever.com\/pl\/produkt\/elegancka-drewniana-urna-z-pozlacanym-krzyzykiem\/","og_locale":"pl_PL","og_type":"article","og_title":"Elegancka drewniana urna z poz\u0142acanym krzy\u017cykiem","og_description":"Ta elegancka drewniana urna to pi\u0119kne rozwi\u0105zanie dla tych, kt\u00f3rzy szukaj\u0105 pi\u0119knej i trwa\u0142ej urny na prochy swoich bliskich nawi\u0105zuj\u0105cej do wiary...","og_url":"https:\/\/www.rememberme-forever.com\/pl\/produkt\/elegancka-drewniana-urna-z-pozlacanym-krzyzykiem\/","og_site_name":"Remember Forever","article_modified_time":"2026-02-03T07:54:57+00:00","og_image":[{"width":768,"height":781,"url":"http:\/\/www.rememberme-forever.com\/wp-content\/uploads\/2023\/05\/Elegancka-drewniana-urna-z-pozlacanym-krzyzykiem.jpg","type":"image\/jpeg"}],"twitter_card":"summary_large_image","twitter_misc":{"Szacowany czas czytania":"2 minuta"},"schema":{"@context":"https:\/\/schema.org","@graph":[{"@type":"WebPage","@id":"https:\/\/www.rememberme-forever.com\/pl\/produkt\/elegancka-drewniana-urna-z-pozlacanym-krzyzykiem\/","url":"https:\/\/www.rememberme-forever.com\/pl\/produkt\/elegancka-drewniana-urna-z-pozlacanym-krzyzykiem\/","name":"Elegancka drewniana urna z poz\u0142acanym krzy\u017cykiem","isPartOf":{"@id":"https:\/\/www.rememberme-forever.com\/pl\/#website"},"primaryImageOfPage":{"@id":"https:\/\/www.rememberme-forever.com\/pl\/produkt\/elegancka-drewniana-urna-z-pozlacanym-krzyzykiem\/#primaryimage"},"image":{"@id":"https:\/\/www.rememberme-forever.com\/pl\/produkt\/elegancka-drewniana-urna-z-pozlacanym-krzyzykiem\/#primaryimage"},"thumbnailUrl":"https:\/\/www.rememberme-forever.com\/wp-content\/uploads\/2023\/05\/Elegancka-drewniana-urna-z-pozlacanym-krzyzykiem.jpg","datePublished":"2023-05-05T07:19:54+00:00","dateModified":"2026-02-03T07:54:57+00:00","description":"Ta elegancka drewniana urna to pi\u0119kne rozwi\u0105zanie dla tych, kt\u00f3rzy szukaj\u0105 pi\u0119knej i trwa\u0142ej urny na prochy swoich bliskich nawi\u0105zuj\u0105cej do wiary...","breadcrumb":{"@id":"https:\/\/www.rememberme-forever.com\/pl\/produkt\/elegancka-drewniana-urna-z-pozlacanym-krzyzykiem\/#breadcrumb"},"inLanguage":"pl-PL","potentialAction":[{"@type":"ReadAction","target":["https:\/\/www.rememberme-forever.com\/pl\/produkt\/elegancka-drewniana-urna-z-pozlacanym-krzyzykiem\/"]}]},{"@type":"ImageObject","inLanguage":"pl-PL","@id":"https:\/\/www.rememberme-forever.com\/pl\/produkt\/elegancka-drewniana-urna-z-pozlacanym-krzyzykiem\/#primaryimage","url":"https:\/\/www.rememberme-forever.com\/wp-content\/uploads\/2023\/05\/Elegancka-drewniana-urna-z-pozlacanym-krzyzykiem.jpg","contentUrl":"https:\/\/www.rememberme-forever.com\/wp-content\/uploads\/2023\/05\/Elegancka-drewniana-urna-z-pozlacanym-krzyzykiem.jpg","width":768,"height":781,"caption":"Elegancka drewniana urna z poz\u0142acanym krzy\u017cykiem"},{"@type":"BreadcrumbList","@id":"https:\/\/www.rememberme-forever.com\/pl\/produkt\/elegancka-drewniana-urna-z-pozlacanym-krzyzykiem\/#breadcrumb","itemListElement":[{"@type":"ListItem","position":1,"name":"Home","item":"https:\/\/www.rememberme-forever.com\/pl\/strona-glowna\/"},{"@type":"ListItem","position":2,"name":"Sklep","item":"https:\/\/www.rememberme-forever.com\/pl\/sklep-2\/"},{"@type":"ListItem","position":3,"name":"Elegancka drewniana urna z poz\u0142acanym krzy\u017cykiem"}]},{"@type":"WebSite","@id":"https:\/\/www.rememberme-forever.com\/pl\/#website","url":"https:\/\/www.rememberme-forever.com\/pl\/","name":"Remember Forever","description":"Cremation urns, funeral urns, urns for ashes","publisher":{"@id":"https:\/\/www.rememberme-forever.com\/pl\/#organization"},"potentialAction":[{"@type":"SearchAction","target":{"@type":"EntryPoint","urlTemplate":"https:\/\/www.rememberme-forever.com\/pl\/?s={search_term_string}"},"query-input":{"@type":"PropertyValueSpecification","valueRequired":true,"valueName":"search_term_string"}}],"inLanguage":"pl-PL"},{"@type":"Organization","@id":"https:\/\/www.rememberme-forever.com\/pl\/#organization","name":"Remember Forever","url":"https:\/\/www.rememberme-forever.com\/pl\/","logo":{"@type":"ImageObject","inLanguage":"pl-PL","@id":"https:\/\/www.rememberme-forever.com\/pl\/#\/schema\/logo\/image\/","url":"https:\/\/www.rememberme-forever.com\/wp-content\/uploads\/2023\/02\/logo.png","contentUrl":"https:\/\/www.rememberme-forever.com\/wp-content\/uploads\/2023\/02\/logo.png","width":300,"height":56,"caption":"Remember Forever"},"image":{"@id":"https:\/\/www.rememberme-forever.com\/pl\/#\/schema\/logo\/image\/"}}]}},"acf":[],"_links":{"self":[{"href":"https:\/\/www.rememberme-forever.com\/pl\/wp-json\/wp\/v2\/product\/6267","targetHints":{"allow":["GET"]}}],"collection":[{"href":"https:\/\/www.rememberme-forever.com\/pl\/wp-json\/wp\/v2\/product"}],"about":[{"href":"https:\/\/www.rememberme-forever.com\/pl\/wp-json\/wp\/v2\/types\/product"}],"wp:featuredmedia":[{"embeddable":true,"href":"https:\/\/www.rememberme-forever.com\/pl\/wp-json\/wp\/v2\/media\/6807"}],"wp:attachment":[{"href":"https:\/\/www.rememberme-forever.com\/pl\/wp-json\/wp\/v2\/media?parent=6267"}],"wp:term":[{"taxonomy":"product_brand","embeddable":true,"href":"https:\/\/www.rememberme-forever.com\/pl\/wp-json\/wp\/v2\/product_brand?post=6267"},{"taxonomy":"product_cat","embeddable":true,"href":"https:\/\/www.rememberme-forever.com\/pl\/wp-json\/wp\/v2\/product_cat?post=6267"},{"taxonomy":"product_tag","embeddable":true,"href":"https:\/\/www.rememberme-forever.com\/pl\/wp-json\/wp\/v2\/product_tag?post=6267"}],"curies":[{"name":"wp","href":"https:\/\/api.w.org\/{rel}","templated":true}]}}