{"id":6268,"date":"2023-05-05T09:19:56","date_gmt":"2023-05-05T07:19:56","guid":{"rendered":"http:\/\/www.rememberme-forever.com\/?post_type=product&#038;p=6268"},"modified":"2026-02-03T08:54:57","modified_gmt":"2026-02-03T07:54:57","slug":"stylowa-urna-drewniana-z-pieknymi-ozdobami","status":"publish","type":"product","link":"https:\/\/www.rememberme-forever.com\/pl\/produkt\/stylowa-urna-drewniana-z-pieknymi-ozdobami\/","title":{"rendered":"Stylowa urna drewniana z pi\u0119knymi ozdobami"},"content":{"rendered":"<div style=\"width: 100%; margin-bottom: 30px; height: max-content; padding-bottom: 60%; position: relative;\"><iframe style=\"position: absolute; top: 0; left: 0; width: 100%; height: 100%;\" src=\"https:\/\/rememberme-urns.com\/wood-urn-box-personalized\/\" frameborder=\"0\"><\/iframe><\/div>\n<div style=\"color: red; text-align: center; margin-bottom: 25px;\">\n<p>&gt;&gt; Obrotowe zdj\u0119cie &#8211; dotknij\/zbli\u017c &lt;&lt;<\/p>\n<\/div>\n<h2 style=\"text-align: center;\">Stylowa urna drewniana z pi\u0119knymi ozdobami<\/h2>\n<p style=\"text-align: center;\">Stylowa urna drewniana z pi\u0119knymi ozdobami to pi\u0119kny spos\u00f3b na upami\u0119tnienie bliskiej osoby. Urna wykonana jest z jasnego drewna, a jej ozdoby &#8211; drzewo \u017cycia, krzy\u017cyk lub lilia &#8211; dodaj\u0105 jej elegancji i klasy. Do ka\u017cdej urny istnieje opcja dodania grawerowanej plakietki, na kt\u00f3rej mo\u017cna umie\u015bci\u0107 dane osobowe zmar\u0142ej osoby oraz osobiste przes\u0142anie.<\/p>\n<p style=\"text-align: center;\">Urna posiada odkr\u0119cane dno, przez kt\u00f3re mo\u017cna bezpiecznie umie\u015bci\u0107 prochy. Zaleca si\u0119 umieszczenie proch\u00f3w w plastikowym worku, co zapewni dodatkow\u0105 ochron\u0119. Dzi\u0119ki pi\u0119knym ozdobom oraz starannemu wykonaniu, ta urna drewniana stanowi nie tylko funkcjonalne, ale r\u00f3wnie\u017c dekoracyjne element, kt\u00f3ry doskonale zaprezentuje si\u0119 podczas uroczysto\u015bci \u017ca\u0142obnych.<\/p>\n<p style=\"text-align: center;\">Je\u015bli szukasz wyj\u0105tkowej i eleganckiej urny, kt\u00f3ra z powodzeniem upami\u0119tni Twoj\u0105 blisk\u0105 osob\u0119, ta stylowa urna drewniana z pi\u0119knymi ozdobami jest doskona\u0142ym wyborem. Oryginalny design i staranne wykonanie sprawi\u0105, \u017ce b\u0119dzie to idealne miejsce dla proch\u00f3w bliskiej osoby.<\/p>\n<p>&nbsp;<\/p>\n<h3 style=\"text-align: center;\"><strong>PERSONALIZACJA<\/strong><\/h3>\n<p style=\"text-align: center;\">Je\u015bli wybierzesz grawerowan\u0105 plakietk\u0119 w zestawie z urn\u0105, prze\u015blij tekst w ramce \u201cGrawerowana plakietka\u201d.<\/p>\n<p style=\"text-align: center;\">Tekst do grawerowanej plakietki powinien by\u0107 dostarczony podczas sk\u0142adania zam\u00f3wienia. (Prosz\u0119 nie panikowa\u0107, je\u015bli to przegapisz, poniewa\u017c zawsze mo\u017cesz wys\u0142a\u0107 nam wiadomo\u015b\u0107 p\u00f3\u017aniej.)<\/p>\n<p><img loading=\"lazy\" decoding=\"async\" class=\" wp-image-1447 aligncenter\" src=\"http:\/\/www.rememberme-forever.com\/wp-content\/uploads\/2023\/04\/memorial-plaque-cremation-urn-gold-300x150.jpg\" alt=\"memorial plaque cremation urn gold\" width=\"260\" height=\"130\" srcset=\"https:\/\/www.rememberme-forever.com\/wp-content\/uploads\/2023\/04\/memorial-plaque-cremation-urn-gold-300x150.jpg 300w, https:\/\/www.rememberme-forever.com\/wp-content\/uploads\/2023\/04\/memorial-plaque-cremation-urn-gold-64x32.jpg 64w, https:\/\/www.rememberme-forever.com\/wp-content\/uploads\/2023\/04\/memorial-plaque-cremation-urn-gold.jpg 448w\" sizes=\"auto, (max-width: 260px) 100vw, 260px\" \/><\/p>\n<p style=\"text-align: center;\"><em><strong>Przed dodaniem produktu do koszyka dok\u0142adnie SPRAWD\u0179 tekst przes\u0142any do grawerowania. Do\u00a0 tekstu kt\u00f3ry otrzymujemy wraz z zam\u00f3wieniem\u00a0 nie wprowadzamy \u017cadnych zmian z naszej strony. Tekst jest grawerowany dok\u0142adnie taki, jaki otrzymujemy od pa\u0144stwa. <\/strong><\/em><\/p>\n<p style=\"text-align: center;\"><em><strong>Sprawd\u017a tekst, aby upewni\u0107 si\u0119, \u017ce pisownia jest poprawna.<\/strong><\/em><\/p>\n","protected":false},"excerpt":{"rendered":"<p><em><strong>Urna pomie\u015bci prochy zmar\u0142ej osoby o wadze cia\u0142a 138kg lub mniej.<\/strong><\/em><\/p>\n<p><b>\u2611\ufe0f <em style=\"color: red;\">Jeste\u015bmy \u015bwiadomi kr\u00f3tkiego czasu na dostarczenie urny. Urn\u0119 zam\u00f3wion\u0105 do godz. 12.00 w dzie\u0144 roboczy wysy\u0142amy natychmiast.\u00a0<\/em><\/b><\/p>\n","protected":false},"featured_media":11311,"template":"","meta":{"_acf_changed":false},"product_brand":[],"product_cat":[37],"product_tag":[3308,995,1042,1040,997,994,962],"class_list":{"0":"post-6268","1":"product","2":"type-product","3":"status-publish","4":"has-post-thumbnail","6":"product_cat-wood-urns","7":"product_tag-gpsr-all-wood-urns","8":"product_tag-kremacja","9":"product_tag-krzyzyk","10":"product_tag-lilia","11":"product_tag-pogrzeb","12":"product_tag-prochy","13":"product_tag-urna","14":"product_shipping_class-wood-urns-pl","16":"first","17":"instock","18":"taxable","19":"shipping-taxable","20":"purchasable","21":"product-type-variable"},"yoast_head":"<!-- This site is optimized with the Yoast SEO plugin v27.4 - https:\/\/yoast.com\/product\/yoast-seo-wordpress\/ -->\n<title>Stylowa urna drewniana z pi\u0119knymi ozdobami<\/title>\n<meta name=\"description\" content=\"Stylowa urna drewniana z pi\u0119knymi ozdobami to pi\u0119kny spos\u00f3b na upami\u0119tnienie bliskiej osoby. Urna wykonana jest z jasnego drewna...\" \/>\n<meta name=\"robots\" content=\"index, follow, max-snippet:-1, max-image-preview:large, max-video-preview:-1\" \/>\n<link rel=\"canonical\" href=\"https:\/\/www.rememberme-forever.com\/pl\/produkt\/stylowa-urna-drewniana-z-pieknymi-ozdobami\/\" \/>\n<meta property=\"og:locale\" content=\"pl_PL\" \/>\n<meta property=\"og:type\" content=\"article\" \/>\n<meta property=\"og:title\" content=\"Stylowa urna drewniana z pi\u0119knymi ozdobami\" \/>\n<meta property=\"og:description\" content=\"Stylowa urna drewniana z pi\u0119knymi ozdobami to pi\u0119kny spos\u00f3b na upami\u0119tnienie bliskiej osoby. Urna wykonana jest z jasnego drewna...\" \/>\n<meta property=\"og:url\" content=\"https:\/\/www.rememberme-forever.com\/pl\/produkt\/stylowa-urna-drewniana-z-pieknymi-ozdobami\/\" \/>\n<meta property=\"og:site_name\" content=\"Remember Forever\" \/>\n<meta property=\"article:modified_time\" content=\"2026-02-03T07:54:57+00:00\" \/>\n<meta property=\"og:image\" content=\"http:\/\/www.rememberme-forever.com\/wp-content\/uploads\/2023\/04\/img_2D_0011.jpg\" \/>\n\t<meta property=\"og:image:width\" content=\"1007\" \/>\n\t<meta property=\"og:image:height\" content=\"1024\" \/>\n\t<meta property=\"og:image:type\" content=\"image\/jpeg\" \/>\n<meta name=\"twitter:card\" content=\"summary_large_image\" \/>\n<meta name=\"twitter:label1\" content=\"Szacowany czas czytania\" \/>\n\t<meta name=\"twitter:data1\" content=\"2 minuta\" \/>\n<script type=\"application\/ld+json\" class=\"yoast-schema-graph\">{\"@context\":\"https:\\\/\\\/schema.org\",\"@graph\":[{\"@type\":\"WebPage\",\"@id\":\"https:\\\/\\\/www.rememberme-forever.com\\\/pl\\\/produkt\\\/stylowa-urna-drewniana-z-pieknymi-ozdobami\\\/\",\"url\":\"https:\\\/\\\/www.rememberme-forever.com\\\/pl\\\/produkt\\\/stylowa-urna-drewniana-z-pieknymi-ozdobami\\\/\",\"name\":\"Stylowa urna drewniana z pi\u0119knymi ozdobami\",\"isPartOf\":{\"@id\":\"https:\\\/\\\/www.rememberme-forever.com\\\/pl\\\/#website\"},\"primaryImageOfPage\":{\"@id\":\"https:\\\/\\\/www.rememberme-forever.com\\\/pl\\\/produkt\\\/stylowa-urna-drewniana-z-pieknymi-ozdobami\\\/#primaryimage\"},\"image\":{\"@id\":\"https:\\\/\\\/www.rememberme-forever.com\\\/pl\\\/produkt\\\/stylowa-urna-drewniana-z-pieknymi-ozdobami\\\/#primaryimage\"},\"thumbnailUrl\":\"https:\\\/\\\/www.rememberme-forever.com\\\/wp-content\\\/uploads\\\/2023\\\/04\\\/img_2D_0011.jpg\",\"datePublished\":\"2023-05-05T07:19:56+00:00\",\"dateModified\":\"2026-02-03T07:54:57+00:00\",\"description\":\"Stylowa urna drewniana z pi\u0119knymi ozdobami to pi\u0119kny spos\u00f3b na upami\u0119tnienie bliskiej osoby. Urna wykonana jest z jasnego drewna...\",\"breadcrumb\":{\"@id\":\"https:\\\/\\\/www.rememberme-forever.com\\\/pl\\\/produkt\\\/stylowa-urna-drewniana-z-pieknymi-ozdobami\\\/#breadcrumb\"},\"inLanguage\":\"pl-PL\",\"potentialAction\":[{\"@type\":\"ReadAction\",\"target\":[\"https:\\\/\\\/www.rememberme-forever.com\\\/pl\\\/produkt\\\/stylowa-urna-drewniana-z-pieknymi-ozdobami\\\/\"]}]},{\"@type\":\"ImageObject\",\"inLanguage\":\"pl-PL\",\"@id\":\"https:\\\/\\\/www.rememberme-forever.com\\\/pl\\\/produkt\\\/stylowa-urna-drewniana-z-pieknymi-ozdobami\\\/#primaryimage\",\"url\":\"https:\\\/\\\/www.rememberme-forever.com\\\/wp-content\\\/uploads\\\/2023\\\/04\\\/img_2D_0011.jpg\",\"contentUrl\":\"https:\\\/\\\/www.rememberme-forever.com\\\/wp-content\\\/uploads\\\/2023\\\/04\\\/img_2D_0011.jpg\",\"width\":1007,\"height\":1024,\"caption\":\"Drewniana urna kremacyjna z ozdobami\"},{\"@type\":\"BreadcrumbList\",\"@id\":\"https:\\\/\\\/www.rememberme-forever.com\\\/pl\\\/produkt\\\/stylowa-urna-drewniana-z-pieknymi-ozdobami\\\/#breadcrumb\",\"itemListElement\":[{\"@type\":\"ListItem\",\"position\":1,\"name\":\"Home\",\"item\":\"https:\\\/\\\/www.rememberme-forever.com\\\/pl\\\/strona-glowna\\\/\"},{\"@type\":\"ListItem\",\"position\":2,\"name\":\"Sklep\",\"item\":\"https:\\\/\\\/www.rememberme-forever.com\\\/pl\\\/sklep-2\\\/\"},{\"@type\":\"ListItem\",\"position\":3,\"name\":\"Stylowa urna drewniana z pi\u0119knymi ozdobami\"}]},{\"@type\":\"WebSite\",\"@id\":\"https:\\\/\\\/www.rememberme-forever.com\\\/pl\\\/#website\",\"url\":\"https:\\\/\\\/www.rememberme-forever.com\\\/pl\\\/\",\"name\":\"Remember Forever\",\"description\":\"Cremation urns, funeral urns, urns for ashes\",\"publisher\":{\"@id\":\"https:\\\/\\\/www.rememberme-forever.com\\\/pl\\\/#organization\"},\"potentialAction\":[{\"@type\":\"SearchAction\",\"target\":{\"@type\":\"EntryPoint\",\"urlTemplate\":\"https:\\\/\\\/www.rememberme-forever.com\\\/pl\\\/?s={search_term_string}\"},\"query-input\":{\"@type\":\"PropertyValueSpecification\",\"valueRequired\":true,\"valueName\":\"search_term_string\"}}],\"inLanguage\":\"pl-PL\"},{\"@type\":\"Organization\",\"@id\":\"https:\\\/\\\/www.rememberme-forever.com\\\/pl\\\/#organization\",\"name\":\"Remember Forever\",\"url\":\"https:\\\/\\\/www.rememberme-forever.com\\\/pl\\\/\",\"logo\":{\"@type\":\"ImageObject\",\"inLanguage\":\"pl-PL\",\"@id\":\"https:\\\/\\\/www.rememberme-forever.com\\\/pl\\\/#\\\/schema\\\/logo\\\/image\\\/\",\"url\":\"https:\\\/\\\/www.rememberme-forever.com\\\/wp-content\\\/uploads\\\/2023\\\/02\\\/logo.png\",\"contentUrl\":\"https:\\\/\\\/www.rememberme-forever.com\\\/wp-content\\\/uploads\\\/2023\\\/02\\\/logo.png\",\"width\":300,\"height\":56,\"caption\":\"Remember Forever\"},\"image\":{\"@id\":\"https:\\\/\\\/www.rememberme-forever.com\\\/pl\\\/#\\\/schema\\\/logo\\\/image\\\/\"}}]}<\/script>\n<!-- \/ Yoast SEO plugin. -->","yoast_head_json":{"title":"Stylowa urna drewniana z pi\u0119knymi ozdobami","description":"Stylowa urna drewniana z pi\u0119knymi ozdobami to pi\u0119kny spos\u00f3b na upami\u0119tnienie bliskiej osoby. Urna wykonana jest z jasnego drewna...","robots":{"index":"index","follow":"follow","max-snippet":"max-snippet:-1","max-image-preview":"max-image-preview:large","max-video-preview":"max-video-preview:-1"},"canonical":"https:\/\/www.rememberme-forever.com\/pl\/produkt\/stylowa-urna-drewniana-z-pieknymi-ozdobami\/","og_locale":"pl_PL","og_type":"article","og_title":"Stylowa urna drewniana z pi\u0119knymi ozdobami","og_description":"Stylowa urna drewniana z pi\u0119knymi ozdobami to pi\u0119kny spos\u00f3b na upami\u0119tnienie bliskiej osoby. Urna wykonana jest z jasnego drewna...","og_url":"https:\/\/www.rememberme-forever.com\/pl\/produkt\/stylowa-urna-drewniana-z-pieknymi-ozdobami\/","og_site_name":"Remember Forever","article_modified_time":"2026-02-03T07:54:57+00:00","og_image":[{"width":1007,"height":1024,"url":"http:\/\/www.rememberme-forever.com\/wp-content\/uploads\/2023\/04\/img_2D_0011.jpg","type":"image\/jpeg"}],"twitter_card":"summary_large_image","twitter_misc":{"Szacowany czas czytania":"2 minuta"},"schema":{"@context":"https:\/\/schema.org","@graph":[{"@type":"WebPage","@id":"https:\/\/www.rememberme-forever.com\/pl\/produkt\/stylowa-urna-drewniana-z-pieknymi-ozdobami\/","url":"https:\/\/www.rememberme-forever.com\/pl\/produkt\/stylowa-urna-drewniana-z-pieknymi-ozdobami\/","name":"Stylowa urna drewniana z pi\u0119knymi ozdobami","isPartOf":{"@id":"https:\/\/www.rememberme-forever.com\/pl\/#website"},"primaryImageOfPage":{"@id":"https:\/\/www.rememberme-forever.com\/pl\/produkt\/stylowa-urna-drewniana-z-pieknymi-ozdobami\/#primaryimage"},"image":{"@id":"https:\/\/www.rememberme-forever.com\/pl\/produkt\/stylowa-urna-drewniana-z-pieknymi-ozdobami\/#primaryimage"},"thumbnailUrl":"https:\/\/www.rememberme-forever.com\/wp-content\/uploads\/2023\/04\/img_2D_0011.jpg","datePublished":"2023-05-05T07:19:56+00:00","dateModified":"2026-02-03T07:54:57+00:00","description":"Stylowa urna drewniana z pi\u0119knymi ozdobami to pi\u0119kny spos\u00f3b na upami\u0119tnienie bliskiej osoby. Urna wykonana jest z jasnego drewna...","breadcrumb":{"@id":"https:\/\/www.rememberme-forever.com\/pl\/produkt\/stylowa-urna-drewniana-z-pieknymi-ozdobami\/#breadcrumb"},"inLanguage":"pl-PL","potentialAction":[{"@type":"ReadAction","target":["https:\/\/www.rememberme-forever.com\/pl\/produkt\/stylowa-urna-drewniana-z-pieknymi-ozdobami\/"]}]},{"@type":"ImageObject","inLanguage":"pl-PL","@id":"https:\/\/www.rememberme-forever.com\/pl\/produkt\/stylowa-urna-drewniana-z-pieknymi-ozdobami\/#primaryimage","url":"https:\/\/www.rememberme-forever.com\/wp-content\/uploads\/2023\/04\/img_2D_0011.jpg","contentUrl":"https:\/\/www.rememberme-forever.com\/wp-content\/uploads\/2023\/04\/img_2D_0011.jpg","width":1007,"height":1024,"caption":"Drewniana urna kremacyjna z ozdobami"},{"@type":"BreadcrumbList","@id":"https:\/\/www.rememberme-forever.com\/pl\/produkt\/stylowa-urna-drewniana-z-pieknymi-ozdobami\/#breadcrumb","itemListElement":[{"@type":"ListItem","position":1,"name":"Home","item":"https:\/\/www.rememberme-forever.com\/pl\/strona-glowna\/"},{"@type":"ListItem","position":2,"name":"Sklep","item":"https:\/\/www.rememberme-forever.com\/pl\/sklep-2\/"},{"@type":"ListItem","position":3,"name":"Stylowa urna drewniana z pi\u0119knymi ozdobami"}]},{"@type":"WebSite","@id":"https:\/\/www.rememberme-forever.com\/pl\/#website","url":"https:\/\/www.rememberme-forever.com\/pl\/","name":"Remember Forever","description":"Cremation urns, funeral urns, urns for ashes","publisher":{"@id":"https:\/\/www.rememberme-forever.com\/pl\/#organization"},"potentialAction":[{"@type":"SearchAction","target":{"@type":"EntryPoint","urlTemplate":"https:\/\/www.rememberme-forever.com\/pl\/?s={search_term_string}"},"query-input":{"@type":"PropertyValueSpecification","valueRequired":true,"valueName":"search_term_string"}}],"inLanguage":"pl-PL"},{"@type":"Organization","@id":"https:\/\/www.rememberme-forever.com\/pl\/#organization","name":"Remember Forever","url":"https:\/\/www.rememberme-forever.com\/pl\/","logo":{"@type":"ImageObject","inLanguage":"pl-PL","@id":"https:\/\/www.rememberme-forever.com\/pl\/#\/schema\/logo\/image\/","url":"https:\/\/www.rememberme-forever.com\/wp-content\/uploads\/2023\/02\/logo.png","contentUrl":"https:\/\/www.rememberme-forever.com\/wp-content\/uploads\/2023\/02\/logo.png","width":300,"height":56,"caption":"Remember Forever"},"image":{"@id":"https:\/\/www.rememberme-forever.com\/pl\/#\/schema\/logo\/image\/"}}]}},"acf":[],"_links":{"self":[{"href":"https:\/\/www.rememberme-forever.com\/pl\/wp-json\/wp\/v2\/product\/6268","targetHints":{"allow":["GET"]}}],"collection":[{"href":"https:\/\/www.rememberme-forever.com\/pl\/wp-json\/wp\/v2\/product"}],"about":[{"href":"https:\/\/www.rememberme-forever.com\/pl\/wp-json\/wp\/v2\/types\/product"}],"wp:featuredmedia":[{"embeddable":true,"href":"https:\/\/www.rememberme-forever.com\/pl\/wp-json\/wp\/v2\/media\/11311"}],"wp:attachment":[{"href":"https:\/\/www.rememberme-forever.com\/pl\/wp-json\/wp\/v2\/media?parent=6268"}],"wp:term":[{"taxonomy":"product_brand","embeddable":true,"href":"https:\/\/www.rememberme-forever.com\/pl\/wp-json\/wp\/v2\/product_brand?post=6268"},{"taxonomy":"product_cat","embeddable":true,"href":"https:\/\/www.rememberme-forever.com\/pl\/wp-json\/wp\/v2\/product_cat?post=6268"},{"taxonomy":"product_tag","embeddable":true,"href":"https:\/\/www.rememberme-forever.com\/pl\/wp-json\/wp\/v2\/product_tag?post=6268"}],"curies":[{"name":"wp","href":"https:\/\/api.w.org\/{rel}","templated":true}]}}