{"id":6293,"date":"2023-05-05T09:23:57","date_gmt":"2023-05-05T07:23:57","guid":{"rendered":"http:\/\/www.rememberme-forever.com\/?post_type=product&#038;p=6293"},"modified":"2026-02-03T08:53:10","modified_gmt":"2026-02-03T07:53:10","slug":"urna-pogrzebowa-w-ksztalcie-trumny","status":"publish","type":"product","link":"https:\/\/www.rememberme-forever.com\/pl\/produkt\/urna-pogrzebowa-w-ksztalcie-trumny\/","title":{"rendered":"Urna pogrzebowa w kszta\u0142cie trumny"},"content":{"rendered":"<h2 style=\"text-align: center;\">Urna pogrzebowa w kszta\u0142cie trumny<\/h2>\n<p style=\"text-align: center;\"><em>(to jest urna na prochy)<\/em><\/p>\n<p style=\"color: red; text-align: center;\"><em><strong>\/W wyniku um\u00f3w handlowych ten produkt jest niedost\u0119pny na rynku polskim\/<\/strong><\/em><\/p>\n<p style=\"text-align: center;\">Urna pogrzebowa w kszta\u0142cie trumny koloru mahoniowego to elegancki spos\u00f3b na przechowanie proch\u00f3w ukochanej osoby. Ta pi\u0119knie wykonana urna ma wyko\u0144czenie z krzy\u017cykiem i grawerowan\u0105 plakietk\u0105, co dodaje jej klasycznego charakteru. Wewn\u0105trz urny znajduje si\u0119 delikatne wy\u0142o\u017cenie, kt\u00f3re pozwala na przechowywanie proch\u00f3w z godno\u015bci\u0105 i szacunkiem.<\/p>\n<p style=\"text-align: center;\">Urna ma odkr\u0119cane g\u00f3rne wieko, co u\u0142atwia w\u0142o\u017cenie proch\u00f3w i umo\u017cliwia wygodne zamykanie urny. To idealna opcja dla os\u00f3b, kt\u00f3re pomimo wyboru kremacji pragn\u0105 zachowa\u0107 namiastk\u0119 tradycyjnego pogrzebu. Urna ta zachowuje klasyczne kszta\u0142ty i kolory tradycyjnych trumien.<\/p>\n<p style=\"text-align: center;\">Zalecamy w\u0142o\u017cenie proch\u00f3w do urny w plastikowym worku dla wi\u0119kszej ochrony. W ten spos\u00f3b prochy s\u0105 dodatkowo zabezpieczone i przechowywane w czysto\u015bci. Urna ta jest doskona\u0142ym wyborem dla os\u00f3b szukaj\u0105cych pi\u0119knie wykonanej, klasycznej urny, kt\u00f3ra pozwoli na godne przechowywanie proch\u00f3w.<\/p>\n<p>&nbsp;<\/p>\n<h3 style=\"text-align: center;\"><strong>PERSONALIZACJA<\/strong><\/h3>\n<p style=\"text-align: center;\">Je\u015bli wybierzesz grawerowan\u0105 plakietk\u0119 w zestawie z urn\u0105, prze\u015blij tekst w ramce \u201cGrawerowana plakietka\u201d.<\/p>\n<p style=\"text-align: center;\">Tekst do grawerowanej plakietki powinien by\u0107 dostarczony podczas sk\u0142adania zam\u00f3wienia. (Prosz\u0119 nie panikowa\u0107, je\u015bli to przegapisz, poniewa\u017c zawsze mo\u017cesz wys\u0142a\u0107 nam wiadomo\u015b\u0107 p\u00f3\u017aniej.)<\/p>\n<p style=\"text-align: center;\"><img loading=\"lazy\" decoding=\"async\" class=\" wp-image-1447 aligncenter\" src=\"http:\/\/www.rememberme-forever.com\/wp-content\/uploads\/2023\/04\/memorial-plaque-cremation-urn-gold-300x150.jpg\" alt=\"memorial plaque cremation urn gold\" width=\"260\" height=\"130\" srcset=\"https:\/\/www.rememberme-forever.com\/wp-content\/uploads\/2023\/04\/memorial-plaque-cremation-urn-gold-300x150.jpg 300w, https:\/\/www.rememberme-forever.com\/wp-content\/uploads\/2023\/04\/memorial-plaque-cremation-urn-gold-64x32.jpg 64w, https:\/\/www.rememberme-forever.com\/wp-content\/uploads\/2023\/04\/memorial-plaque-cremation-urn-gold.jpg 448w\" sizes=\"auto, (max-width: 260px) 100vw, 260px\" \/><\/p>\n<p style=\"text-align: center;\"><em><strong>Przed dodaniem produktu do koszyka dok\u0142adnie SPRAWD\u0179 tekst przes\u0142any do grawerowania. Do\u00a0 tekstu kt\u00f3ry otrzymujemy wraz z zam\u00f3wieniem\u00a0 nie wprowadzamy \u017cadnych zmian z naszej strony. Tekst jest grawerowany dok\u0142adnie taki, jaki otrzymujemy od pa\u0144stwa. <\/strong><\/em><\/p>\n<p style=\"text-align: center;\"><em><strong>Sprawd\u017a tekst, aby upewni\u0107 si\u0119, \u017ce pisownia jest poprawna.<\/strong><\/em><\/p>\n","protected":false},"excerpt":{"rendered":"<p><em><strong>Urna pomie\u015bci prochy zmar\u0142ej osoby o wadze cia\u0142a 98kg lub mniej.<\/strong><\/em><\/p>\n<p><b>\u2611\ufe0f <em style=\"color: red;\">Jeste\u015bmy \u015bwiadomi kr\u00f3tkiego czasu na dostarczenie urny. Urn\u0119 zam\u00f3wion\u0105 do godz. 12.00 w dzie\u0144 roboczy wysy\u0142amy natychmiast.\u00a0<\/em><\/b><\/p>\n","protected":false},"featured_media":6786,"template":"","meta":{"_acf_changed":false},"product_brand":[],"product_cat":[93],"product_tag":[3308,995,1042,997,994,1130,962],"class_list":{"0":"post-6293","1":"product","2":"type-product","3":"status-publish","4":"has-post-thumbnail","6":"product_cat-urny-drewniane","7":"product_tag-gpsr-all-wood-urns","8":"product_tag-kremacja","9":"product_tag-krzyzyk","10":"product_tag-pogrzeb","11":"product_tag-prochy","12":"product_tag-trumna","13":"product_tag-urna","14":"product_shipping_class-1-2-kg","16":"first","17":"instock","18":"taxable","19":"shipping-taxable","20":"purchasable","21":"product-type-simple"},"yoast_head":"<!-- This site is optimized with the Yoast SEO plugin v27.4 - https:\/\/yoast.com\/product\/yoast-seo-wordpress\/ -->\n<title>Urna pogrzebowa w kszta\u0142cie trumny<\/title>\n<meta name=\"description\" content=\"Urna pogrzebowa w kszta\u0142cie trumny koloru mahoniowego to elegancki spos\u00f3b na przechowanie proch\u00f3w ukochanej osoby. Ta pi\u0119knie wykonana urna...\" \/>\n<meta name=\"robots\" content=\"index, follow, max-snippet:-1, max-image-preview:large, max-video-preview:-1\" \/>\n<link rel=\"canonical\" href=\"https:\/\/www.rememberme-forever.com\/pl\/produkt\/urna-pogrzebowa-w-ksztalcie-trumny\/\" \/>\n<meta property=\"og:locale\" content=\"pl_PL\" \/>\n<meta property=\"og:type\" content=\"article\" \/>\n<meta property=\"og:title\" content=\"Urna pogrzebowa w kszta\u0142cie trumny\" \/>\n<meta property=\"og:description\" content=\"Urna pogrzebowa w kszta\u0142cie trumny koloru mahoniowego to elegancki spos\u00f3b na przechowanie proch\u00f3w ukochanej osoby. Ta pi\u0119knie wykonana urna...\" \/>\n<meta property=\"og:url\" content=\"https:\/\/www.rememberme-forever.com\/pl\/produkt\/urna-pogrzebowa-w-ksztalcie-trumny\/\" \/>\n<meta property=\"og:site_name\" content=\"Remember Forever\" \/>\n<meta property=\"article:modified_time\" content=\"2026-02-03T07:53:10+00:00\" \/>\n<meta property=\"og:image\" content=\"http:\/\/www.rememberme-forever.com\/wp-content\/uploads\/2023\/05\/Urna-pogrzebowa-w-ksztalcie-trumny.jpg\" \/>\n\t<meta property=\"og:image:width\" content=\"768\" \/>\n\t<meta property=\"og:image:height\" content=\"781\" \/>\n\t<meta property=\"og:image:type\" content=\"image\/jpeg\" \/>\n<meta name=\"twitter:card\" content=\"summary_large_image\" \/>\n<meta name=\"twitter:label1\" content=\"Szacowany czas czytania\" \/>\n\t<meta name=\"twitter:data1\" content=\"2 minuta\" \/>\n<script type=\"application\/ld+json\" class=\"yoast-schema-graph\">{\"@context\":\"https:\\\/\\\/schema.org\",\"@graph\":[{\"@type\":\"WebPage\",\"@id\":\"https:\\\/\\\/www.rememberme-forever.com\\\/pl\\\/produkt\\\/urna-pogrzebowa-w-ksztalcie-trumny\\\/\",\"url\":\"https:\\\/\\\/www.rememberme-forever.com\\\/pl\\\/produkt\\\/urna-pogrzebowa-w-ksztalcie-trumny\\\/\",\"name\":\"Urna pogrzebowa w kszta\u0142cie trumny\",\"isPartOf\":{\"@id\":\"https:\\\/\\\/www.rememberme-forever.com\\\/pl\\\/#website\"},\"primaryImageOfPage\":{\"@id\":\"https:\\\/\\\/www.rememberme-forever.com\\\/pl\\\/produkt\\\/urna-pogrzebowa-w-ksztalcie-trumny\\\/#primaryimage\"},\"image\":{\"@id\":\"https:\\\/\\\/www.rememberme-forever.com\\\/pl\\\/produkt\\\/urna-pogrzebowa-w-ksztalcie-trumny\\\/#primaryimage\"},\"thumbnailUrl\":\"https:\\\/\\\/www.rememberme-forever.com\\\/wp-content\\\/uploads\\\/2023\\\/05\\\/Urna-pogrzebowa-w-ksztalcie-trumny.jpg\",\"datePublished\":\"2023-05-05T07:23:57+00:00\",\"dateModified\":\"2026-02-03T07:53:10+00:00\",\"description\":\"Urna pogrzebowa w kszta\u0142cie trumny koloru mahoniowego to elegancki spos\u00f3b na przechowanie proch\u00f3w ukochanej osoby. Ta pi\u0119knie wykonana urna...\",\"breadcrumb\":{\"@id\":\"https:\\\/\\\/www.rememberme-forever.com\\\/pl\\\/produkt\\\/urna-pogrzebowa-w-ksztalcie-trumny\\\/#breadcrumb\"},\"inLanguage\":\"pl-PL\",\"potentialAction\":[{\"@type\":\"ReadAction\",\"target\":[\"https:\\\/\\\/www.rememberme-forever.com\\\/pl\\\/produkt\\\/urna-pogrzebowa-w-ksztalcie-trumny\\\/\"]}]},{\"@type\":\"ImageObject\",\"inLanguage\":\"pl-PL\",\"@id\":\"https:\\\/\\\/www.rememberme-forever.com\\\/pl\\\/produkt\\\/urna-pogrzebowa-w-ksztalcie-trumny\\\/#primaryimage\",\"url\":\"https:\\\/\\\/www.rememberme-forever.com\\\/wp-content\\\/uploads\\\/2023\\\/05\\\/Urna-pogrzebowa-w-ksztalcie-trumny.jpg\",\"contentUrl\":\"https:\\\/\\\/www.rememberme-forever.com\\\/wp-content\\\/uploads\\\/2023\\\/05\\\/Urna-pogrzebowa-w-ksztalcie-trumny.jpg\",\"width\":768,\"height\":781,\"caption\":\"Urna pogrzebowa w kszta\u0142cie trumny\"},{\"@type\":\"BreadcrumbList\",\"@id\":\"https:\\\/\\\/www.rememberme-forever.com\\\/pl\\\/produkt\\\/urna-pogrzebowa-w-ksztalcie-trumny\\\/#breadcrumb\",\"itemListElement\":[{\"@type\":\"ListItem\",\"position\":1,\"name\":\"Home\",\"item\":\"https:\\\/\\\/www.rememberme-forever.com\\\/pl\\\/strona-glowna\\\/\"},{\"@type\":\"ListItem\",\"position\":2,\"name\":\"Sklep\",\"item\":\"https:\\\/\\\/www.rememberme-forever.com\\\/pl\\\/sklep-2\\\/\"},{\"@type\":\"ListItem\",\"position\":3,\"name\":\"Urna pogrzebowa w kszta\u0142cie trumny\"}]},{\"@type\":\"WebSite\",\"@id\":\"https:\\\/\\\/www.rememberme-forever.com\\\/pl\\\/#website\",\"url\":\"https:\\\/\\\/www.rememberme-forever.com\\\/pl\\\/\",\"name\":\"Remember Forever\",\"description\":\"Cremation urns, funeral urns, urns for ashes\",\"publisher\":{\"@id\":\"https:\\\/\\\/www.rememberme-forever.com\\\/pl\\\/#organization\"},\"potentialAction\":[{\"@type\":\"SearchAction\",\"target\":{\"@type\":\"EntryPoint\",\"urlTemplate\":\"https:\\\/\\\/www.rememberme-forever.com\\\/pl\\\/?s={search_term_string}\"},\"query-input\":{\"@type\":\"PropertyValueSpecification\",\"valueRequired\":true,\"valueName\":\"search_term_string\"}}],\"inLanguage\":\"pl-PL\"},{\"@type\":\"Organization\",\"@id\":\"https:\\\/\\\/www.rememberme-forever.com\\\/pl\\\/#organization\",\"name\":\"Remember Forever\",\"url\":\"https:\\\/\\\/www.rememberme-forever.com\\\/pl\\\/\",\"logo\":{\"@type\":\"ImageObject\",\"inLanguage\":\"pl-PL\",\"@id\":\"https:\\\/\\\/www.rememberme-forever.com\\\/pl\\\/#\\\/schema\\\/logo\\\/image\\\/\",\"url\":\"https:\\\/\\\/www.rememberme-forever.com\\\/wp-content\\\/uploads\\\/2023\\\/02\\\/logo.png\",\"contentUrl\":\"https:\\\/\\\/www.rememberme-forever.com\\\/wp-content\\\/uploads\\\/2023\\\/02\\\/logo.png\",\"width\":300,\"height\":56,\"caption\":\"Remember Forever\"},\"image\":{\"@id\":\"https:\\\/\\\/www.rememberme-forever.com\\\/pl\\\/#\\\/schema\\\/logo\\\/image\\\/\"}}]}<\/script>\n<!-- \/ Yoast SEO plugin. -->","yoast_head_json":{"title":"Urna pogrzebowa w kszta\u0142cie trumny","description":"Urna pogrzebowa w kszta\u0142cie trumny koloru mahoniowego to elegancki spos\u00f3b na przechowanie proch\u00f3w ukochanej osoby. Ta pi\u0119knie wykonana urna...","robots":{"index":"index","follow":"follow","max-snippet":"max-snippet:-1","max-image-preview":"max-image-preview:large","max-video-preview":"max-video-preview:-1"},"canonical":"https:\/\/www.rememberme-forever.com\/pl\/produkt\/urna-pogrzebowa-w-ksztalcie-trumny\/","og_locale":"pl_PL","og_type":"article","og_title":"Urna pogrzebowa w kszta\u0142cie trumny","og_description":"Urna pogrzebowa w kszta\u0142cie trumny koloru mahoniowego to elegancki spos\u00f3b na przechowanie proch\u00f3w ukochanej osoby. Ta pi\u0119knie wykonana urna...","og_url":"https:\/\/www.rememberme-forever.com\/pl\/produkt\/urna-pogrzebowa-w-ksztalcie-trumny\/","og_site_name":"Remember Forever","article_modified_time":"2026-02-03T07:53:10+00:00","og_image":[{"width":768,"height":781,"url":"http:\/\/www.rememberme-forever.com\/wp-content\/uploads\/2023\/05\/Urna-pogrzebowa-w-ksztalcie-trumny.jpg","type":"image\/jpeg"}],"twitter_card":"summary_large_image","twitter_misc":{"Szacowany czas czytania":"2 minuta"},"schema":{"@context":"https:\/\/schema.org","@graph":[{"@type":"WebPage","@id":"https:\/\/www.rememberme-forever.com\/pl\/produkt\/urna-pogrzebowa-w-ksztalcie-trumny\/","url":"https:\/\/www.rememberme-forever.com\/pl\/produkt\/urna-pogrzebowa-w-ksztalcie-trumny\/","name":"Urna pogrzebowa w kszta\u0142cie trumny","isPartOf":{"@id":"https:\/\/www.rememberme-forever.com\/pl\/#website"},"primaryImageOfPage":{"@id":"https:\/\/www.rememberme-forever.com\/pl\/produkt\/urna-pogrzebowa-w-ksztalcie-trumny\/#primaryimage"},"image":{"@id":"https:\/\/www.rememberme-forever.com\/pl\/produkt\/urna-pogrzebowa-w-ksztalcie-trumny\/#primaryimage"},"thumbnailUrl":"https:\/\/www.rememberme-forever.com\/wp-content\/uploads\/2023\/05\/Urna-pogrzebowa-w-ksztalcie-trumny.jpg","datePublished":"2023-05-05T07:23:57+00:00","dateModified":"2026-02-03T07:53:10+00:00","description":"Urna pogrzebowa w kszta\u0142cie trumny koloru mahoniowego to elegancki spos\u00f3b na przechowanie proch\u00f3w ukochanej osoby. Ta pi\u0119knie wykonana urna...","breadcrumb":{"@id":"https:\/\/www.rememberme-forever.com\/pl\/produkt\/urna-pogrzebowa-w-ksztalcie-trumny\/#breadcrumb"},"inLanguage":"pl-PL","potentialAction":[{"@type":"ReadAction","target":["https:\/\/www.rememberme-forever.com\/pl\/produkt\/urna-pogrzebowa-w-ksztalcie-trumny\/"]}]},{"@type":"ImageObject","inLanguage":"pl-PL","@id":"https:\/\/www.rememberme-forever.com\/pl\/produkt\/urna-pogrzebowa-w-ksztalcie-trumny\/#primaryimage","url":"https:\/\/www.rememberme-forever.com\/wp-content\/uploads\/2023\/05\/Urna-pogrzebowa-w-ksztalcie-trumny.jpg","contentUrl":"https:\/\/www.rememberme-forever.com\/wp-content\/uploads\/2023\/05\/Urna-pogrzebowa-w-ksztalcie-trumny.jpg","width":768,"height":781,"caption":"Urna pogrzebowa w kszta\u0142cie trumny"},{"@type":"BreadcrumbList","@id":"https:\/\/www.rememberme-forever.com\/pl\/produkt\/urna-pogrzebowa-w-ksztalcie-trumny\/#breadcrumb","itemListElement":[{"@type":"ListItem","position":1,"name":"Home","item":"https:\/\/www.rememberme-forever.com\/pl\/strona-glowna\/"},{"@type":"ListItem","position":2,"name":"Sklep","item":"https:\/\/www.rememberme-forever.com\/pl\/sklep-2\/"},{"@type":"ListItem","position":3,"name":"Urna pogrzebowa w kszta\u0142cie trumny"}]},{"@type":"WebSite","@id":"https:\/\/www.rememberme-forever.com\/pl\/#website","url":"https:\/\/www.rememberme-forever.com\/pl\/","name":"Remember Forever","description":"Cremation urns, funeral urns, urns for ashes","publisher":{"@id":"https:\/\/www.rememberme-forever.com\/pl\/#organization"},"potentialAction":[{"@type":"SearchAction","target":{"@type":"EntryPoint","urlTemplate":"https:\/\/www.rememberme-forever.com\/pl\/?s={search_term_string}"},"query-input":{"@type":"PropertyValueSpecification","valueRequired":true,"valueName":"search_term_string"}}],"inLanguage":"pl-PL"},{"@type":"Organization","@id":"https:\/\/www.rememberme-forever.com\/pl\/#organization","name":"Remember Forever","url":"https:\/\/www.rememberme-forever.com\/pl\/","logo":{"@type":"ImageObject","inLanguage":"pl-PL","@id":"https:\/\/www.rememberme-forever.com\/pl\/#\/schema\/logo\/image\/","url":"https:\/\/www.rememberme-forever.com\/wp-content\/uploads\/2023\/02\/logo.png","contentUrl":"https:\/\/www.rememberme-forever.com\/wp-content\/uploads\/2023\/02\/logo.png","width":300,"height":56,"caption":"Remember Forever"},"image":{"@id":"https:\/\/www.rememberme-forever.com\/pl\/#\/schema\/logo\/image\/"}}]}},"acf":[],"_links":{"self":[{"href":"https:\/\/www.rememberme-forever.com\/pl\/wp-json\/wp\/v2\/product\/6293","targetHints":{"allow":["GET"]}}],"collection":[{"href":"https:\/\/www.rememberme-forever.com\/pl\/wp-json\/wp\/v2\/product"}],"about":[{"href":"https:\/\/www.rememberme-forever.com\/pl\/wp-json\/wp\/v2\/types\/product"}],"wp:featuredmedia":[{"embeddable":true,"href":"https:\/\/www.rememberme-forever.com\/pl\/wp-json\/wp\/v2\/media\/6786"}],"wp:attachment":[{"href":"https:\/\/www.rememberme-forever.com\/pl\/wp-json\/wp\/v2\/media?parent=6293"}],"wp:term":[{"taxonomy":"product_brand","embeddable":true,"href":"https:\/\/www.rememberme-forever.com\/pl\/wp-json\/wp\/v2\/product_brand?post=6293"},{"taxonomy":"product_cat","embeddable":true,"href":"https:\/\/www.rememberme-forever.com\/pl\/wp-json\/wp\/v2\/product_cat?post=6293"},{"taxonomy":"product_tag","embeddable":true,"href":"https:\/\/www.rememberme-forever.com\/pl\/wp-json\/wp\/v2\/product_tag?post=6293"}],"curies":[{"name":"wp","href":"https:\/\/api.w.org\/{rel}","templated":true}]}}