{"id":6329,"date":"2023-05-05T09:28:27","date_gmt":"2023-05-05T07:28:27","guid":{"rendered":"http:\/\/www.rememberme-forever.com\/?post_type=product&#038;p=6329"},"modified":"2026-02-03T08:53:10","modified_gmt":"2026-02-03T07:53:10","slug":"duza-urna-na-prochy-ludzkie-urna-dla-dwojga","status":"publish","type":"product","link":"https:\/\/www.rememberme-forever.com\/pl\/produkt\/duza-urna-na-prochy-ludzkie-urna-dla-dwojga\/","title":{"rendered":"Du\u017ca urna na prochy ludzkie, urna dla dwojga"},"content":{"rendered":"<div style=\"width: 100%; margin-bottom: 30px; height: max-content; padding-bottom: 60%; position: relative;\"><iframe style=\"position: absolute; top: 0; left: 0; width: 100%; height: 100%;\" src=\"https:\/\/rememberme-urns.com\/modern-black-companion-urn\/\" frameborder=\"0\"><\/iframe><\/div>\n<div style=\"color: red; text-align: center; margin-bottom: 25px;\">\n<p>&gt;&gt; Obrotowe zdj\u0119cie &#8211; dotknij\/zbli\u017c &lt;&lt;<\/p>\n<\/div>\n<h2 style=\"text-align: center;\">Du\u017ca urna na prochy ludzkie, urna dla dwojga<\/h2>\n<p style=\"text-align: center;\">Ta du\u017ca, nowoczesna urna na prochy ludzkie jest doskona\u0142\u0105 opcj\u0105 dla pary, kt\u00f3rej prochy maj\u0105 zosta\u0107 pochowane razem. Oryginalny design z geometrycznymi kszta\u0142tami i srebrnym przednim rogiem, wyr\u00f3\u017cni si\u0119 na tle innych urn. Urna ma \u015bci\u0119ty tylny r\u00f3g, co pozwala na ustawienie jej pod k\u0105tem, co umo\u017cliwia u\u0142o\u017cenie urny w dw\u00f3ch pozycjach.<\/p>\n<p style=\"text-align: center;\">Wszystkie prochy dw\u00f3ch os\u00f3b zmieszcz\u0105 si\u0119 bez problemu w tej przestronnej urnie, dzi\u0119ki czemu mo\u017cna zachowa\u0107 pami\u0119\u0107 o nich razem, tak jak \u017cyczyli sobie przed \u015bmierci\u0105. Urna wykonana jest z trwa\u0142ych materia\u0142\u00f3w, co zapewnia, \u017ce prochy b\u0119d\u0105 bezpieczne i chronione przez wiele lat. Mo\u017cliwo\u015b\u0107 do\u0142\u0105czenia grawerowanej plakietki z osobistym tekstem na osobnej podstawce z pleksy, dodaje jeszcze wi\u0119cej mo\u017cliwo\u015bci personalizacji.<\/p>\n<p style=\"text-align: center;\">Nowoczesny design, oryginalny kszta\u0142t i srebrny element na przednim rogu wyr\u00f3\u017cniaj\u0105 t\u0119 urn\u0119 na tle innych na rynku. Ta du\u017ca, geometryczna urna to doskona\u0142y wyb\u00f3r dla tych, kt\u00f3rzy chc\u0105 pochowa\u0107 szcz\u0105tki dw\u00f3ch bliskich sobie os\u00f3b razem.<\/p>\n<p>&nbsp;<\/p>\n<h3 style=\"text-align: center;\"><strong>PERSONALIZACJA<\/strong><\/h3>\n<p style=\"text-align: center;\">Je\u015bli wybierzesz grawerowan\u0105 plakietk\u0119 w zestawie z urn\u0105, prze\u015blij tekst w ramce \u201cGrawerowana plakietka\u201d.<\/p>\n<p style=\"text-align: center;\">Tekst do grawerowanej plakietki powinien by\u0107 dostarczony podczas sk\u0142adania zam\u00f3wienia. (Prosz\u0119 nie panikowa\u0107, je\u015bli to przegapisz, poniewa\u017c zawsze mo\u017cesz wys\u0142a\u0107 nam wiadomo\u015b\u0107 p\u00f3\u017aniej.)<\/p>\n<p style=\"text-align: center;\"><em><strong>Przed dodaniem produktu do koszyka dok\u0142adnie SPRAWD\u0179 tekst przes\u0142any do grawerowania. Do\u00a0 tekstu kt\u00f3ry otrzymujemy wraz z zam\u00f3wieniem\u00a0 nie wprowadzamy \u017cadnych zmian z naszej strony. Tekst jest grawerowany dok\u0142adnie taki, jaki otrzymujemy od pa\u0144stwa. <\/strong><\/em><\/p>\n<p style=\"text-align: center;\"><em><strong>Sprawd\u017a tekst, aby upewni\u0107 si\u0119, \u017ce pisownia jest poprawna.<\/strong><\/em><\/p>\n<p style=\"text-align: center;\"><img loading=\"lazy\" decoding=\"async\" class=\"wp-image-1453 aligncenter\" src=\"http:\/\/www.rememberme-forever.com\/wp-content\/uploads\/2023\/04\/silver-plaque-urn-295x300.jpg\" alt=\"silver plaque urn\" width=\"194\" height=\"197\" srcset=\"https:\/\/www.rememberme-forever.com\/wp-content\/uploads\/2023\/04\/silver-plaque-urn-295x300.jpg 295w, https:\/\/www.rememberme-forever.com\/wp-content\/uploads\/2023\/04\/silver-plaque-urn-600x610.jpg 600w, https:\/\/www.rememberme-forever.com\/wp-content\/uploads\/2023\/04\/silver-plaque-urn-64x65.jpg 64w, https:\/\/www.rememberme-forever.com\/wp-content\/uploads\/2023\/04\/silver-plaque-urn.jpg 768w\" sizes=\"auto, (max-width: 194px) 100vw, 194px\" \/><\/p>\n<p style=\"text-align: center;\"><b><i>Grawerowana plakietka zostanie dodana osobno z podstawk\u0105 jak na zdj\u0119ciu.<\/i><\/b><br \/>\n<b><i>(Podstawka na grawerowan\u0105 plakietk\u0119 wykonana jest z przezroczystej pleksy.)<\/i><\/b><\/p>\n","protected":false},"excerpt":{"rendered":"<p><em><strong>Suma wagi dw\u00f3ch cia\u0142 nie powinna przekracza\u0107 198 kg.<\/strong><\/em><\/p>\n<p><b>\u2611\ufe0f <em style=\"color: red;\">Jeste\u015bmy \u015bwiadomi kr\u00f3tkiego czasu na dostarczenie urny. Urn\u0119 zam\u00f3wion\u0105 do godz. 12.00 w dzie\u0144 roboczy wysy\u0142amy natychmiast.\u00a0<\/em><\/b><\/p>\n","protected":false},"featured_media":6768,"template":"","meta":{"_acf_changed":false},"product_brand":[],"product_cat":[78,90],"product_tag":[3308,995,1124,994,962],"class_list":{"0":"post-6329","1":"product","2":"type-product","3":"status-publish","4":"has-post-thumbnail","6":"product_cat-urny-artystyczne","7":"product_cat-urny-dla-dwojga","8":"product_tag-gpsr-all-wood-urns","9":"product_tag-kremacja","10":"product_tag-pogrzeb-dwoch-osob","11":"product_tag-prochy","12":"product_tag-urna","13":"product_shipping_class-1-2-kg","15":"first","16":"instock","17":"taxable","18":"shipping-taxable","19":"purchasable","20":"product-type-variable"},"yoast_head":"<!-- This site is optimized with the Yoast SEO plugin v27.4 - https:\/\/yoast.com\/product\/yoast-seo-wordpress\/ -->\n<title>Du\u017ca urna na prochy ludzkie, urna dla dwojga<\/title>\n<meta name=\"description\" content=\"Ta du\u017ca, nowoczesna urna na prochy ludzkie jest doskona\u0142\u0105 opcj\u0105 dla pary, kt\u00f3rej prochy maj\u0105 zosta\u0107 pochowane razem. Oryginalny design z geometrycznymi...\" \/>\n<meta name=\"robots\" content=\"index, follow, max-snippet:-1, max-image-preview:large, max-video-preview:-1\" \/>\n<link rel=\"canonical\" href=\"https:\/\/www.rememberme-forever.com\/pl\/produkt\/duza-urna-na-prochy-ludzkie-urna-dla-dwojga\/\" \/>\n<meta property=\"og:locale\" content=\"pl_PL\" \/>\n<meta property=\"og:type\" content=\"article\" \/>\n<meta property=\"og:title\" content=\"Du\u017ca urna na prochy ludzkie, urna dla dwojga\" \/>\n<meta property=\"og:description\" content=\"Ta du\u017ca, nowoczesna urna na prochy ludzkie jest doskona\u0142\u0105 opcj\u0105 dla pary, kt\u00f3rej prochy maj\u0105 zosta\u0107 pochowane razem. Oryginalny design z geometrycznymi...\" \/>\n<meta property=\"og:url\" content=\"https:\/\/www.rememberme-forever.com\/pl\/produkt\/duza-urna-na-prochy-ludzkie-urna-dla-dwojga\/\" \/>\n<meta property=\"og:site_name\" content=\"Remember Forever\" \/>\n<meta property=\"article:modified_time\" content=\"2026-02-03T07:53:10+00:00\" \/>\n<meta property=\"og:image\" content=\"http:\/\/www.rememberme-forever.com\/wp-content\/uploads\/2023\/05\/Duza-urna-na-prochy-ludzkie-urna-dla-dwojga.jpg\" \/>\n\t<meta property=\"og:image:width\" content=\"768\" \/>\n\t<meta property=\"og:image:height\" content=\"781\" \/>\n\t<meta property=\"og:image:type\" content=\"image\/jpeg\" \/>\n<meta name=\"twitter:card\" content=\"summary_large_image\" \/>\n<meta name=\"twitter:label1\" content=\"Szacowany czas czytania\" \/>\n\t<meta name=\"twitter:data1\" content=\"2 minuta\" \/>\n<script type=\"application\/ld+json\" class=\"yoast-schema-graph\">{\"@context\":\"https:\\\/\\\/schema.org\",\"@graph\":[{\"@type\":\"WebPage\",\"@id\":\"https:\\\/\\\/www.rememberme-forever.com\\\/pl\\\/produkt\\\/duza-urna-na-prochy-ludzkie-urna-dla-dwojga\\\/\",\"url\":\"https:\\\/\\\/www.rememberme-forever.com\\\/pl\\\/produkt\\\/duza-urna-na-prochy-ludzkie-urna-dla-dwojga\\\/\",\"name\":\"Du\u017ca urna na prochy ludzkie, urna dla dwojga\",\"isPartOf\":{\"@id\":\"https:\\\/\\\/www.rememberme-forever.com\\\/pl\\\/#website\"},\"primaryImageOfPage\":{\"@id\":\"https:\\\/\\\/www.rememberme-forever.com\\\/pl\\\/produkt\\\/duza-urna-na-prochy-ludzkie-urna-dla-dwojga\\\/#primaryimage\"},\"image\":{\"@id\":\"https:\\\/\\\/www.rememberme-forever.com\\\/pl\\\/produkt\\\/duza-urna-na-prochy-ludzkie-urna-dla-dwojga\\\/#primaryimage\"},\"thumbnailUrl\":\"https:\\\/\\\/www.rememberme-forever.com\\\/wp-content\\\/uploads\\\/2023\\\/05\\\/Duza-urna-na-prochy-ludzkie-urna-dla-dwojga.jpg\",\"datePublished\":\"2023-05-05T07:28:27+00:00\",\"dateModified\":\"2026-02-03T07:53:10+00:00\",\"description\":\"Ta du\u017ca, nowoczesna urna na prochy ludzkie jest doskona\u0142\u0105 opcj\u0105 dla pary, kt\u00f3rej prochy maj\u0105 zosta\u0107 pochowane razem. Oryginalny design z geometrycznymi...\",\"breadcrumb\":{\"@id\":\"https:\\\/\\\/www.rememberme-forever.com\\\/pl\\\/produkt\\\/duza-urna-na-prochy-ludzkie-urna-dla-dwojga\\\/#breadcrumb\"},\"inLanguage\":\"pl-PL\",\"potentialAction\":[{\"@type\":\"ReadAction\",\"target\":[\"https:\\\/\\\/www.rememberme-forever.com\\\/pl\\\/produkt\\\/duza-urna-na-prochy-ludzkie-urna-dla-dwojga\\\/\"]}]},{\"@type\":\"ImageObject\",\"inLanguage\":\"pl-PL\",\"@id\":\"https:\\\/\\\/www.rememberme-forever.com\\\/pl\\\/produkt\\\/duza-urna-na-prochy-ludzkie-urna-dla-dwojga\\\/#primaryimage\",\"url\":\"https:\\\/\\\/www.rememberme-forever.com\\\/wp-content\\\/uploads\\\/2023\\\/05\\\/Duza-urna-na-prochy-ludzkie-urna-dla-dwojga.jpg\",\"contentUrl\":\"https:\\\/\\\/www.rememberme-forever.com\\\/wp-content\\\/uploads\\\/2023\\\/05\\\/Duza-urna-na-prochy-ludzkie-urna-dla-dwojga.jpg\",\"width\":768,\"height\":781,\"caption\":\"Du\u017ca urna na prochy ludzkie, urna dla dwojga\"},{\"@type\":\"BreadcrumbList\",\"@id\":\"https:\\\/\\\/www.rememberme-forever.com\\\/pl\\\/produkt\\\/duza-urna-na-prochy-ludzkie-urna-dla-dwojga\\\/#breadcrumb\",\"itemListElement\":[{\"@type\":\"ListItem\",\"position\":1,\"name\":\"Home\",\"item\":\"https:\\\/\\\/www.rememberme-forever.com\\\/pl\\\/strona-glowna\\\/\"},{\"@type\":\"ListItem\",\"position\":2,\"name\":\"Sklep\",\"item\":\"https:\\\/\\\/www.rememberme-forever.com\\\/pl\\\/sklep-2\\\/\"},{\"@type\":\"ListItem\",\"position\":3,\"name\":\"Du\u017ca urna na prochy ludzkie, urna dla dwojga\"}]},{\"@type\":\"WebSite\",\"@id\":\"https:\\\/\\\/www.rememberme-forever.com\\\/pl\\\/#website\",\"url\":\"https:\\\/\\\/www.rememberme-forever.com\\\/pl\\\/\",\"name\":\"Remember Forever\",\"description\":\"Cremation urns, funeral urns, urns for ashes\",\"publisher\":{\"@id\":\"https:\\\/\\\/www.rememberme-forever.com\\\/pl\\\/#organization\"},\"potentialAction\":[{\"@type\":\"SearchAction\",\"target\":{\"@type\":\"EntryPoint\",\"urlTemplate\":\"https:\\\/\\\/www.rememberme-forever.com\\\/pl\\\/?s={search_term_string}\"},\"query-input\":{\"@type\":\"PropertyValueSpecification\",\"valueRequired\":true,\"valueName\":\"search_term_string\"}}],\"inLanguage\":\"pl-PL\"},{\"@type\":\"Organization\",\"@id\":\"https:\\\/\\\/www.rememberme-forever.com\\\/pl\\\/#organization\",\"name\":\"Remember Forever\",\"url\":\"https:\\\/\\\/www.rememberme-forever.com\\\/pl\\\/\",\"logo\":{\"@type\":\"ImageObject\",\"inLanguage\":\"pl-PL\",\"@id\":\"https:\\\/\\\/www.rememberme-forever.com\\\/pl\\\/#\\\/schema\\\/logo\\\/image\\\/\",\"url\":\"https:\\\/\\\/www.rememberme-forever.com\\\/wp-content\\\/uploads\\\/2023\\\/02\\\/logo.png\",\"contentUrl\":\"https:\\\/\\\/www.rememberme-forever.com\\\/wp-content\\\/uploads\\\/2023\\\/02\\\/logo.png\",\"width\":300,\"height\":56,\"caption\":\"Remember Forever\"},\"image\":{\"@id\":\"https:\\\/\\\/www.rememberme-forever.com\\\/pl\\\/#\\\/schema\\\/logo\\\/image\\\/\"}}]}<\/script>\n<!-- \/ Yoast SEO plugin. -->","yoast_head_json":{"title":"Du\u017ca urna na prochy ludzkie, urna dla dwojga","description":"Ta du\u017ca, nowoczesna urna na prochy ludzkie jest doskona\u0142\u0105 opcj\u0105 dla pary, kt\u00f3rej prochy maj\u0105 zosta\u0107 pochowane razem. Oryginalny design z geometrycznymi...","robots":{"index":"index","follow":"follow","max-snippet":"max-snippet:-1","max-image-preview":"max-image-preview:large","max-video-preview":"max-video-preview:-1"},"canonical":"https:\/\/www.rememberme-forever.com\/pl\/produkt\/duza-urna-na-prochy-ludzkie-urna-dla-dwojga\/","og_locale":"pl_PL","og_type":"article","og_title":"Du\u017ca urna na prochy ludzkie, urna dla dwojga","og_description":"Ta du\u017ca, nowoczesna urna na prochy ludzkie jest doskona\u0142\u0105 opcj\u0105 dla pary, kt\u00f3rej prochy maj\u0105 zosta\u0107 pochowane razem. Oryginalny design z geometrycznymi...","og_url":"https:\/\/www.rememberme-forever.com\/pl\/produkt\/duza-urna-na-prochy-ludzkie-urna-dla-dwojga\/","og_site_name":"Remember Forever","article_modified_time":"2026-02-03T07:53:10+00:00","og_image":[{"width":768,"height":781,"url":"http:\/\/www.rememberme-forever.com\/wp-content\/uploads\/2023\/05\/Duza-urna-na-prochy-ludzkie-urna-dla-dwojga.jpg","type":"image\/jpeg"}],"twitter_card":"summary_large_image","twitter_misc":{"Szacowany czas czytania":"2 minuta"},"schema":{"@context":"https:\/\/schema.org","@graph":[{"@type":"WebPage","@id":"https:\/\/www.rememberme-forever.com\/pl\/produkt\/duza-urna-na-prochy-ludzkie-urna-dla-dwojga\/","url":"https:\/\/www.rememberme-forever.com\/pl\/produkt\/duza-urna-na-prochy-ludzkie-urna-dla-dwojga\/","name":"Du\u017ca urna na prochy ludzkie, urna dla dwojga","isPartOf":{"@id":"https:\/\/www.rememberme-forever.com\/pl\/#website"},"primaryImageOfPage":{"@id":"https:\/\/www.rememberme-forever.com\/pl\/produkt\/duza-urna-na-prochy-ludzkie-urna-dla-dwojga\/#primaryimage"},"image":{"@id":"https:\/\/www.rememberme-forever.com\/pl\/produkt\/duza-urna-na-prochy-ludzkie-urna-dla-dwojga\/#primaryimage"},"thumbnailUrl":"https:\/\/www.rememberme-forever.com\/wp-content\/uploads\/2023\/05\/Duza-urna-na-prochy-ludzkie-urna-dla-dwojga.jpg","datePublished":"2023-05-05T07:28:27+00:00","dateModified":"2026-02-03T07:53:10+00:00","description":"Ta du\u017ca, nowoczesna urna na prochy ludzkie jest doskona\u0142\u0105 opcj\u0105 dla pary, kt\u00f3rej prochy maj\u0105 zosta\u0107 pochowane razem. Oryginalny design z geometrycznymi...","breadcrumb":{"@id":"https:\/\/www.rememberme-forever.com\/pl\/produkt\/duza-urna-na-prochy-ludzkie-urna-dla-dwojga\/#breadcrumb"},"inLanguage":"pl-PL","potentialAction":[{"@type":"ReadAction","target":["https:\/\/www.rememberme-forever.com\/pl\/produkt\/duza-urna-na-prochy-ludzkie-urna-dla-dwojga\/"]}]},{"@type":"ImageObject","inLanguage":"pl-PL","@id":"https:\/\/www.rememberme-forever.com\/pl\/produkt\/duza-urna-na-prochy-ludzkie-urna-dla-dwojga\/#primaryimage","url":"https:\/\/www.rememberme-forever.com\/wp-content\/uploads\/2023\/05\/Duza-urna-na-prochy-ludzkie-urna-dla-dwojga.jpg","contentUrl":"https:\/\/www.rememberme-forever.com\/wp-content\/uploads\/2023\/05\/Duza-urna-na-prochy-ludzkie-urna-dla-dwojga.jpg","width":768,"height":781,"caption":"Du\u017ca urna na prochy ludzkie, urna dla dwojga"},{"@type":"BreadcrumbList","@id":"https:\/\/www.rememberme-forever.com\/pl\/produkt\/duza-urna-na-prochy-ludzkie-urna-dla-dwojga\/#breadcrumb","itemListElement":[{"@type":"ListItem","position":1,"name":"Home","item":"https:\/\/www.rememberme-forever.com\/pl\/strona-glowna\/"},{"@type":"ListItem","position":2,"name":"Sklep","item":"https:\/\/www.rememberme-forever.com\/pl\/sklep-2\/"},{"@type":"ListItem","position":3,"name":"Du\u017ca urna na prochy ludzkie, urna dla dwojga"}]},{"@type":"WebSite","@id":"https:\/\/www.rememberme-forever.com\/pl\/#website","url":"https:\/\/www.rememberme-forever.com\/pl\/","name":"Remember Forever","description":"Cremation urns, funeral urns, urns for ashes","publisher":{"@id":"https:\/\/www.rememberme-forever.com\/pl\/#organization"},"potentialAction":[{"@type":"SearchAction","target":{"@type":"EntryPoint","urlTemplate":"https:\/\/www.rememberme-forever.com\/pl\/?s={search_term_string}"},"query-input":{"@type":"PropertyValueSpecification","valueRequired":true,"valueName":"search_term_string"}}],"inLanguage":"pl-PL"},{"@type":"Organization","@id":"https:\/\/www.rememberme-forever.com\/pl\/#organization","name":"Remember Forever","url":"https:\/\/www.rememberme-forever.com\/pl\/","logo":{"@type":"ImageObject","inLanguage":"pl-PL","@id":"https:\/\/www.rememberme-forever.com\/pl\/#\/schema\/logo\/image\/","url":"https:\/\/www.rememberme-forever.com\/wp-content\/uploads\/2023\/02\/logo.png","contentUrl":"https:\/\/www.rememberme-forever.com\/wp-content\/uploads\/2023\/02\/logo.png","width":300,"height":56,"caption":"Remember Forever"},"image":{"@id":"https:\/\/www.rememberme-forever.com\/pl\/#\/schema\/logo\/image\/"}}]}},"acf":[],"_links":{"self":[{"href":"https:\/\/www.rememberme-forever.com\/pl\/wp-json\/wp\/v2\/product\/6329","targetHints":{"allow":["GET"]}}],"collection":[{"href":"https:\/\/www.rememberme-forever.com\/pl\/wp-json\/wp\/v2\/product"}],"about":[{"href":"https:\/\/www.rememberme-forever.com\/pl\/wp-json\/wp\/v2\/types\/product"}],"wp:featuredmedia":[{"embeddable":true,"href":"https:\/\/www.rememberme-forever.com\/pl\/wp-json\/wp\/v2\/media\/6768"}],"wp:attachment":[{"href":"https:\/\/www.rememberme-forever.com\/pl\/wp-json\/wp\/v2\/media?parent=6329"}],"wp:term":[{"taxonomy":"product_brand","embeddable":true,"href":"https:\/\/www.rememberme-forever.com\/pl\/wp-json\/wp\/v2\/product_brand?post=6329"},{"taxonomy":"product_cat","embeddable":true,"href":"https:\/\/www.rememberme-forever.com\/pl\/wp-json\/wp\/v2\/product_cat?post=6329"},{"taxonomy":"product_tag","embeddable":true,"href":"https:\/\/www.rememberme-forever.com\/pl\/wp-json\/wp\/v2\/product_tag?post=6329"}],"curies":[{"name":"wp","href":"https:\/\/api.w.org\/{rel}","templated":true}]}}