{"id":6334,"date":"2023-05-05T09:31:25","date_gmt":"2023-05-05T07:31:25","guid":{"rendered":"http:\/\/www.rememberme-forever.com\/?post_type=product&#038;p=6334"},"modified":"2026-02-03T08:53:36","modified_gmt":"2026-02-03T07:53:36","slug":"urna-zwierzeca-stalowa-kula","status":"publish","type":"product","link":"https:\/\/www.rememberme-forever.com\/pl\/produkt\/urna-zwierzeca-stalowa-kula\/","title":{"rendered":"Urna zwierz\u0119ca &#8211; stalowa kula"},"content":{"rendered":"<div style=\"width: 100%; margin-bottom: 30px; height: max-content; padding-bottom: 60%; position: relative;\"><iframe style=\"position: absolute; top: 0; left: 0; width: 100%; height: 100%;\" src=\"https:\/\/rememberme-urns.com\/decotative-pet-urn-for-dog-or-cat\/\" frameborder=\"0\"><\/iframe><\/div>\n<div style=\"color: red; text-align: center; margin-bottom: 25px;\">\n<p>&gt;&gt; Obrotowe zdj\u0119cie &#8211; dotknij\/zbli\u017c &lt;&lt;<\/p>\n<\/div>\n<h2 style=\"text-align: center;\">Urna zwierz\u0119ca &#8211; stalowa kula<\/h2>\n<p style=\"text-align: center;\">Ta niezwyk\u0142a urna zwierz\u0119ca w kszta\u0142cie stalowej kuli na marmurowej podstawie to wyj\u0105tkowy spos\u00f3b, aby uczci\u0107 pami\u0119\u0107 ukochanego zwierzaka. <strong>Kula wykonana jest ze stali nierdzewnej<\/strong> i zosta\u0142a polerowana na wysoki po\u0142ysk, co nadaje jej eleganckiego wygl\u0105du i sprawia, \u017ce odbija ca\u0142\u0105 otaczaj\u0105c\u0105 j\u0105 przestrze\u0144. Na przedzie podstawy znajduje si\u0119 grawerowana plakietka, na kt\u00f3rej mo\u017cesz umie\u015bci\u0107 imi\u0119 swojego zwierzaka lub osobiste przes\u0142anie oraz dwa serca symbolizuj\u0105ce wi\u0119\u017a, jak\u0105 tworzyli\u015bcie. Otw\u00f3r na prochy znajduje si\u0119 na spodzie podstawy, a kula mo\u017ce by\u0107 zakr\u0119cana, aby zapewni\u0107 bezpieczne przechowywanie proch\u00f3w.<\/p>\n<p style=\"text-align: center;\">Ta pi\u0119kna urna nie tylko spe\u0142nia swoje funkcje praktyczne, ale r\u00f3wnie\u017c stanowi dekoracyjny element, kt\u00f3ry mo\u017cna umie\u015bci\u0107 w domu lub ogrodzie. Stalowa kula wraz z marmurow\u0105 podstaw\u0105 tworz\u0105 kompozycj\u0119, kt\u00f3ra jest pi\u0119kna i elegancka. To idealne rozwi\u0105zanie dla os\u00f3b, kt\u00f3re szukaj\u0105 wyj\u0105tkowej urny zwierz\u0119cej, kt\u00f3ra b\u0119dzie jednocze\u015bnie pi\u0119knym elementem dekoracyjnym.<\/p>\n<p style=\"text-align: center;\">Wykonana z najwy\u017cszej jako\u015bci materia\u0142\u00f3w, ta urna zwierz\u0119ca jest trwa\u0142a i odporna na uszkodzenia. Kula ze stali nierdzewnej jest \u0142atwa do czyszczenia i zachowuje sw\u00f3j po\u0142ysk na d\u0142ugo. Podstawa z marmuru dodaje elegancji i solidno\u015bci. To doskona\u0142a opcja dla os\u00f3b, kt\u00f3re chc\u0105 mie\u0107 pewno\u015b\u0107, \u017ce ich ukochany zwierzak zostanie godnie upami\u0119tniony w pi\u0119kny i wyj\u0105tkowy spos\u00f3b.<\/p>\n<p>&nbsp;<\/p>\n<h3 style=\"text-align: center;\"><strong>PERSONALIZACJA<\/strong><\/h3>\n<p style=\"text-align: center;\">Je\u015bli wybierzesz grawerowan\u0105 plakietk\u0119 w zestawie z urn\u0105, prze\u015blij tekst w ramce \u201cGrawerowana plakietka\u201d.<\/p>\n<p style=\"text-align: center;\">Tekst do grawerowanej plakietki powinien by\u0107 dostarczony podczas sk\u0142adania zam\u00f3wienia. (Prosz\u0119 nie panikowa\u0107, je\u015bli to przegapisz, poniewa\u017c zawsze mo\u017cesz wys\u0142a\u0107 nam wiadomo\u015b\u0107 p\u00f3\u017aniej.)<\/p>\n<p><img loading=\"lazy\" decoding=\"async\" class=\"wp-image-2260 aligncenter\" src=\"http:\/\/www.rememberme-forever.com\/wp-content\/uploads\/2023\/04\/pet-memorial-plaque-300x148.jpg\" alt=\"pet memorial plaque\" width=\"243\" height=\"120\" srcset=\"https:\/\/www.rememberme-forever.com\/wp-content\/uploads\/2023\/04\/pet-memorial-plaque-300x148.jpg 300w, https:\/\/www.rememberme-forever.com\/wp-content\/uploads\/2023\/04\/pet-memorial-plaque-1024x504.jpg 1024w, https:\/\/www.rememberme-forever.com\/wp-content\/uploads\/2023\/04\/pet-memorial-plaque-768x378.jpg 768w, https:\/\/www.rememberme-forever.com\/wp-content\/uploads\/2023\/04\/pet-memorial-plaque-1536x756.jpg 1536w, https:\/\/www.rememberme-forever.com\/wp-content\/uploads\/2023\/04\/pet-memorial-plaque-600x295.jpg 600w, https:\/\/www.rememberme-forever.com\/wp-content\/uploads\/2023\/04\/pet-memorial-plaque-64x32.jpg 64w, https:\/\/www.rememberme-forever.com\/wp-content\/uploads\/2023\/04\/pet-memorial-plaque.jpg 1588w\" sizes=\"auto, (max-width: 243px) 100vw, 243px\" \/><\/p>\n<p style=\"text-align: center;\"><em><strong>Przed dodaniem produktu do koszyka dok\u0142adnie SPRAWD\u0179 tekst przes\u0142any do grawerowania. Do\u00a0 tekstu kt\u00f3ry otrzymujemy wraz z zam\u00f3wieniem\u00a0 nie wprowadzamy \u017cadnych zmian z naszej strony. Tekst jest grawerowany dok\u0142adnie taki, jaki otrzymujemy od pa\u0144stwa. <\/strong><\/em><\/p>\n<p style=\"text-align: center;\"><em><strong>Sprawd\u017a tekst, aby upewni\u0107 si\u0119, \u017ce pisownia jest poprawna.<\/strong><\/em><\/p>\n","protected":false},"excerpt":{"rendered":"<p><em><strong>Urna pomie\u015bci prochy zwierzaka o wadze cia\u0142a 30kg lub mniej.<\/strong><\/em><\/p>\n<p><b>\u2611\ufe0f <em style=\"color: red;\">Jeste\u015bmy \u015bwiadomi kr\u00f3tkiego czasu na dostarczenie urny. Urn\u0119 zam\u00f3wion\u0105 do godz. 12.00 w dzie\u0144 roboczy wysy\u0142amy natychmiast.\u00a0<\/em><\/b><\/p>\n","protected":false},"featured_media":6764,"template":"","meta":{"_acf_changed":false},"product_brand":[],"product_cat":[137],"product_tag":[3347,995,1012,1122,994,996,1011,962,1123],"class_list":{"0":"post-6334","1":"product","2":"type-product","3":"status-publish","4":"has-post-thumbnail","6":"product_cat-urny-dla-zwierzat","7":"product_tag-gpsr-metal_stonebase","8":"product_tag-kremacja","9":"product_tag-marmur","10":"product_tag-pies","11":"product_tag-prochy","12":"product_tag-serca","13":"product_tag-stal-nierdzewna","14":"product_tag-urna","15":"product_tag-zwierze","16":"product_shipping_class-wood-urns-pl","18":"first","19":"instock","20":"taxable","21":"shipping-taxable","22":"purchasable","23":"product-type-simple"},"yoast_head":"<!-- This site is optimized with the Yoast SEO plugin v27.4 - https:\/\/yoast.com\/product\/yoast-seo-wordpress\/ -->\n<title>Urna zwierz\u0119ca - stalowa kula<\/title>\n<meta name=\"description\" content=\"Ta niezwyk\u0142a urna zwierz\u0119ca w kszta\u0142cie stalowej kuli na marmurowej podstawie to wyj\u0105tkowy spos\u00f3b, aby uczci\u0107 pami\u0119\u0107 ukochanego zwierzaka.\" \/>\n<meta name=\"robots\" content=\"index, follow, max-snippet:-1, max-image-preview:large, max-video-preview:-1\" \/>\n<link rel=\"canonical\" href=\"https:\/\/www.rememberme-forever.com\/pl\/produkt\/urna-zwierzeca-stalowa-kula\/\" \/>\n<meta property=\"og:locale\" content=\"pl_PL\" \/>\n<meta property=\"og:type\" content=\"article\" \/>\n<meta property=\"og:title\" content=\"Urna zwierz\u0119ca - stalowa kula\" \/>\n<meta property=\"og:description\" content=\"Ta niezwyk\u0142a urna zwierz\u0119ca w kszta\u0142cie stalowej kuli na marmurowej podstawie to wyj\u0105tkowy spos\u00f3b, aby uczci\u0107 pami\u0119\u0107 ukochanego zwierzaka.\" \/>\n<meta property=\"og:url\" content=\"https:\/\/www.rememberme-forever.com\/pl\/produkt\/urna-zwierzeca-stalowa-kula\/\" \/>\n<meta property=\"og:site_name\" content=\"Remember Forever\" \/>\n<meta property=\"article:modified_time\" content=\"2026-02-03T07:53:36+00:00\" \/>\n<meta property=\"og:image\" content=\"http:\/\/www.rememberme-forever.com\/wp-content\/uploads\/2023\/05\/urna-zwierzeca-stalowa-kula.jpg\" \/>\n\t<meta property=\"og:image:width\" content=\"1024\" \/>\n\t<meta property=\"og:image:height\" content=\"1024\" \/>\n\t<meta property=\"og:image:type\" content=\"image\/jpeg\" \/>\n<meta name=\"twitter:card\" content=\"summary_large_image\" \/>\n<meta name=\"twitter:label1\" content=\"Szacowany czas czytania\" \/>\n\t<meta name=\"twitter:data1\" content=\"2 minuta\" \/>\n<script type=\"application\/ld+json\" class=\"yoast-schema-graph\">{\"@context\":\"https:\\\/\\\/schema.org\",\"@graph\":[{\"@type\":\"WebPage\",\"@id\":\"https:\\\/\\\/www.rememberme-forever.com\\\/pl\\\/produkt\\\/urna-zwierzeca-stalowa-kula\\\/\",\"url\":\"https:\\\/\\\/www.rememberme-forever.com\\\/pl\\\/produkt\\\/urna-zwierzeca-stalowa-kula\\\/\",\"name\":\"Urna zwierz\u0119ca - stalowa kula\",\"isPartOf\":{\"@id\":\"https:\\\/\\\/www.rememberme-forever.com\\\/pl\\\/#website\"},\"primaryImageOfPage\":{\"@id\":\"https:\\\/\\\/www.rememberme-forever.com\\\/pl\\\/produkt\\\/urna-zwierzeca-stalowa-kula\\\/#primaryimage\"},\"image\":{\"@id\":\"https:\\\/\\\/www.rememberme-forever.com\\\/pl\\\/produkt\\\/urna-zwierzeca-stalowa-kula\\\/#primaryimage\"},\"thumbnailUrl\":\"https:\\\/\\\/www.rememberme-forever.com\\\/wp-content\\\/uploads\\\/2023\\\/05\\\/urna-zwierzeca-stalowa-kula.jpg\",\"datePublished\":\"2023-05-05T07:31:25+00:00\",\"dateModified\":\"2026-02-03T07:53:36+00:00\",\"description\":\"Ta niezwyk\u0142a urna zwierz\u0119ca w kszta\u0142cie stalowej kuli na marmurowej podstawie to wyj\u0105tkowy spos\u00f3b, aby uczci\u0107 pami\u0119\u0107 ukochanego zwierzaka.\",\"breadcrumb\":{\"@id\":\"https:\\\/\\\/www.rememberme-forever.com\\\/pl\\\/produkt\\\/urna-zwierzeca-stalowa-kula\\\/#breadcrumb\"},\"inLanguage\":\"pl-PL\",\"potentialAction\":[{\"@type\":\"ReadAction\",\"target\":[\"https:\\\/\\\/www.rememberme-forever.com\\\/pl\\\/produkt\\\/urna-zwierzeca-stalowa-kula\\\/\"]}]},{\"@type\":\"ImageObject\",\"inLanguage\":\"pl-PL\",\"@id\":\"https:\\\/\\\/www.rememberme-forever.com\\\/pl\\\/produkt\\\/urna-zwierzeca-stalowa-kula\\\/#primaryimage\",\"url\":\"https:\\\/\\\/www.rememberme-forever.com\\\/wp-content\\\/uploads\\\/2023\\\/05\\\/urna-zwierzeca-stalowa-kula.jpg\",\"contentUrl\":\"https:\\\/\\\/www.rememberme-forever.com\\\/wp-content\\\/uploads\\\/2023\\\/05\\\/urna-zwierzeca-stalowa-kula.jpg\",\"width\":1024,\"height\":1024,\"caption\":\"urna zwierz\u0119ca stalowa kula\"},{\"@type\":\"BreadcrumbList\",\"@id\":\"https:\\\/\\\/www.rememberme-forever.com\\\/pl\\\/produkt\\\/urna-zwierzeca-stalowa-kula\\\/#breadcrumb\",\"itemListElement\":[{\"@type\":\"ListItem\",\"position\":1,\"name\":\"Home\",\"item\":\"https:\\\/\\\/www.rememberme-forever.com\\\/pl\\\/strona-glowna\\\/\"},{\"@type\":\"ListItem\",\"position\":2,\"name\":\"Sklep\",\"item\":\"https:\\\/\\\/www.rememberme-forever.com\\\/pl\\\/sklep-2\\\/\"},{\"@type\":\"ListItem\",\"position\":3,\"name\":\"Urna zwierz\u0119ca &#8211; stalowa kula\"}]},{\"@type\":\"WebSite\",\"@id\":\"https:\\\/\\\/www.rememberme-forever.com\\\/pl\\\/#website\",\"url\":\"https:\\\/\\\/www.rememberme-forever.com\\\/pl\\\/\",\"name\":\"Remember Forever\",\"description\":\"Cremation urns, funeral urns, urns for ashes\",\"publisher\":{\"@id\":\"https:\\\/\\\/www.rememberme-forever.com\\\/pl\\\/#organization\"},\"potentialAction\":[{\"@type\":\"SearchAction\",\"target\":{\"@type\":\"EntryPoint\",\"urlTemplate\":\"https:\\\/\\\/www.rememberme-forever.com\\\/pl\\\/?s={search_term_string}\"},\"query-input\":{\"@type\":\"PropertyValueSpecification\",\"valueRequired\":true,\"valueName\":\"search_term_string\"}}],\"inLanguage\":\"pl-PL\"},{\"@type\":\"Organization\",\"@id\":\"https:\\\/\\\/www.rememberme-forever.com\\\/pl\\\/#organization\",\"name\":\"Remember Forever\",\"url\":\"https:\\\/\\\/www.rememberme-forever.com\\\/pl\\\/\",\"logo\":{\"@type\":\"ImageObject\",\"inLanguage\":\"pl-PL\",\"@id\":\"https:\\\/\\\/www.rememberme-forever.com\\\/pl\\\/#\\\/schema\\\/logo\\\/image\\\/\",\"url\":\"https:\\\/\\\/www.rememberme-forever.com\\\/wp-content\\\/uploads\\\/2023\\\/02\\\/logo.png\",\"contentUrl\":\"https:\\\/\\\/www.rememberme-forever.com\\\/wp-content\\\/uploads\\\/2023\\\/02\\\/logo.png\",\"width\":300,\"height\":56,\"caption\":\"Remember Forever\"},\"image\":{\"@id\":\"https:\\\/\\\/www.rememberme-forever.com\\\/pl\\\/#\\\/schema\\\/logo\\\/image\\\/\"}}]}<\/script>\n<!-- \/ Yoast SEO plugin. -->","yoast_head_json":{"title":"Urna zwierz\u0119ca - stalowa kula","description":"Ta niezwyk\u0142a urna zwierz\u0119ca w kszta\u0142cie stalowej kuli na marmurowej podstawie to wyj\u0105tkowy spos\u00f3b, aby uczci\u0107 pami\u0119\u0107 ukochanego zwierzaka.","robots":{"index":"index","follow":"follow","max-snippet":"max-snippet:-1","max-image-preview":"max-image-preview:large","max-video-preview":"max-video-preview:-1"},"canonical":"https:\/\/www.rememberme-forever.com\/pl\/produkt\/urna-zwierzeca-stalowa-kula\/","og_locale":"pl_PL","og_type":"article","og_title":"Urna zwierz\u0119ca - stalowa kula","og_description":"Ta niezwyk\u0142a urna zwierz\u0119ca w kszta\u0142cie stalowej kuli na marmurowej podstawie to wyj\u0105tkowy spos\u00f3b, aby uczci\u0107 pami\u0119\u0107 ukochanego zwierzaka.","og_url":"https:\/\/www.rememberme-forever.com\/pl\/produkt\/urna-zwierzeca-stalowa-kula\/","og_site_name":"Remember Forever","article_modified_time":"2026-02-03T07:53:36+00:00","og_image":[{"width":1024,"height":1024,"url":"http:\/\/www.rememberme-forever.com\/wp-content\/uploads\/2023\/05\/urna-zwierzeca-stalowa-kula.jpg","type":"image\/jpeg"}],"twitter_card":"summary_large_image","twitter_misc":{"Szacowany czas czytania":"2 minuta"},"schema":{"@context":"https:\/\/schema.org","@graph":[{"@type":"WebPage","@id":"https:\/\/www.rememberme-forever.com\/pl\/produkt\/urna-zwierzeca-stalowa-kula\/","url":"https:\/\/www.rememberme-forever.com\/pl\/produkt\/urna-zwierzeca-stalowa-kula\/","name":"Urna zwierz\u0119ca - stalowa kula","isPartOf":{"@id":"https:\/\/www.rememberme-forever.com\/pl\/#website"},"primaryImageOfPage":{"@id":"https:\/\/www.rememberme-forever.com\/pl\/produkt\/urna-zwierzeca-stalowa-kula\/#primaryimage"},"image":{"@id":"https:\/\/www.rememberme-forever.com\/pl\/produkt\/urna-zwierzeca-stalowa-kula\/#primaryimage"},"thumbnailUrl":"https:\/\/www.rememberme-forever.com\/wp-content\/uploads\/2023\/05\/urna-zwierzeca-stalowa-kula.jpg","datePublished":"2023-05-05T07:31:25+00:00","dateModified":"2026-02-03T07:53:36+00:00","description":"Ta niezwyk\u0142a urna zwierz\u0119ca w kszta\u0142cie stalowej kuli na marmurowej podstawie to wyj\u0105tkowy spos\u00f3b, aby uczci\u0107 pami\u0119\u0107 ukochanego zwierzaka.","breadcrumb":{"@id":"https:\/\/www.rememberme-forever.com\/pl\/produkt\/urna-zwierzeca-stalowa-kula\/#breadcrumb"},"inLanguage":"pl-PL","potentialAction":[{"@type":"ReadAction","target":["https:\/\/www.rememberme-forever.com\/pl\/produkt\/urna-zwierzeca-stalowa-kula\/"]}]},{"@type":"ImageObject","inLanguage":"pl-PL","@id":"https:\/\/www.rememberme-forever.com\/pl\/produkt\/urna-zwierzeca-stalowa-kula\/#primaryimage","url":"https:\/\/www.rememberme-forever.com\/wp-content\/uploads\/2023\/05\/urna-zwierzeca-stalowa-kula.jpg","contentUrl":"https:\/\/www.rememberme-forever.com\/wp-content\/uploads\/2023\/05\/urna-zwierzeca-stalowa-kula.jpg","width":1024,"height":1024,"caption":"urna zwierz\u0119ca stalowa kula"},{"@type":"BreadcrumbList","@id":"https:\/\/www.rememberme-forever.com\/pl\/produkt\/urna-zwierzeca-stalowa-kula\/#breadcrumb","itemListElement":[{"@type":"ListItem","position":1,"name":"Home","item":"https:\/\/www.rememberme-forever.com\/pl\/strona-glowna\/"},{"@type":"ListItem","position":2,"name":"Sklep","item":"https:\/\/www.rememberme-forever.com\/pl\/sklep-2\/"},{"@type":"ListItem","position":3,"name":"Urna zwierz\u0119ca &#8211; stalowa kula"}]},{"@type":"WebSite","@id":"https:\/\/www.rememberme-forever.com\/pl\/#website","url":"https:\/\/www.rememberme-forever.com\/pl\/","name":"Remember Forever","description":"Cremation urns, funeral urns, urns for ashes","publisher":{"@id":"https:\/\/www.rememberme-forever.com\/pl\/#organization"},"potentialAction":[{"@type":"SearchAction","target":{"@type":"EntryPoint","urlTemplate":"https:\/\/www.rememberme-forever.com\/pl\/?s={search_term_string}"},"query-input":{"@type":"PropertyValueSpecification","valueRequired":true,"valueName":"search_term_string"}}],"inLanguage":"pl-PL"},{"@type":"Organization","@id":"https:\/\/www.rememberme-forever.com\/pl\/#organization","name":"Remember Forever","url":"https:\/\/www.rememberme-forever.com\/pl\/","logo":{"@type":"ImageObject","inLanguage":"pl-PL","@id":"https:\/\/www.rememberme-forever.com\/pl\/#\/schema\/logo\/image\/","url":"https:\/\/www.rememberme-forever.com\/wp-content\/uploads\/2023\/02\/logo.png","contentUrl":"https:\/\/www.rememberme-forever.com\/wp-content\/uploads\/2023\/02\/logo.png","width":300,"height":56,"caption":"Remember Forever"},"image":{"@id":"https:\/\/www.rememberme-forever.com\/pl\/#\/schema\/logo\/image\/"}}]}},"acf":[],"_links":{"self":[{"href":"https:\/\/www.rememberme-forever.com\/pl\/wp-json\/wp\/v2\/product\/6334","targetHints":{"allow":["GET"]}}],"collection":[{"href":"https:\/\/www.rememberme-forever.com\/pl\/wp-json\/wp\/v2\/product"}],"about":[{"href":"https:\/\/www.rememberme-forever.com\/pl\/wp-json\/wp\/v2\/types\/product"}],"wp:featuredmedia":[{"embeddable":true,"href":"https:\/\/www.rememberme-forever.com\/pl\/wp-json\/wp\/v2\/media\/6764"}],"wp:attachment":[{"href":"https:\/\/www.rememberme-forever.com\/pl\/wp-json\/wp\/v2\/media?parent=6334"}],"wp:term":[{"taxonomy":"product_brand","embeddable":true,"href":"https:\/\/www.rememberme-forever.com\/pl\/wp-json\/wp\/v2\/product_brand?post=6334"},{"taxonomy":"product_cat","embeddable":true,"href":"https:\/\/www.rememberme-forever.com\/pl\/wp-json\/wp\/v2\/product_cat?post=6334"},{"taxonomy":"product_tag","embeddable":true,"href":"https:\/\/www.rememberme-forever.com\/pl\/wp-json\/wp\/v2\/product_tag?post=6334"}],"curies":[{"name":"wp","href":"https:\/\/api.w.org\/{rel}","templated":true}]}}