{"id":6359,"date":"2023-05-05T09:38:53","date_gmt":"2023-05-05T07:38:53","guid":{"rendered":"http:\/\/www.rememberme-forever.com\/?post_type=product&#038;p=6359"},"modified":"2026-02-03T08:51:40","modified_gmt":"2026-02-03T07:51:40","slug":"artystyczna-mahoniowa-urna-z-sercami","status":"publish","type":"product","link":"https:\/\/www.rememberme-forever.com\/pl\/produkt\/artystyczna-mahoniowa-urna-z-sercami\/","title":{"rendered":"Artystyczna mahoniowa urna z sercami"},"content":{"rendered":"<div style=\"width: 100%; margin-bottom: 30px; height: max-content; padding-bottom: 60%; position: relative;\"><iframe style=\"position: absolute; top: 0; left: 0; width: 100%; height: 100%;\" src=\"https:\/\/rememberme-urns.com\/mahogany-casket-with-artistic-hearts\/\" frameborder=\"0\"><\/iframe><\/div>\n<div style=\"color: red; text-align: center; margin-bottom: 25px;\">\n<p>&gt;&gt; Obrotowe zdj\u0119cie &#8211; dotknij\/zbli\u017c &lt;&lt;<\/p>\n<\/div>\n<h2 style=\"text-align: center;\">Artystyczna mahoniowa urna z sercami<\/h2>\n<p style=\"text-align: center;\">Ta pi\u0119kna mahoniowa urna to doskona\u0142y spos\u00f3b na upami\u0119tnienie ukochanej osoby. Urna zosta\u0142a r\u0119cznie wykonana z mahoniu, a na g\u00f3rze znajduj\u0105 si\u0119 dwa pi\u0119kne serca. Efekt sp\u0119kanych serc zosta\u0142 osi\u0105gni\u0119ty dzi\u0119ki technice decoupage, co sprawia, \u017ce urna prezentuje si\u0119 wyj\u0105tkowo.<\/p>\n<p style=\"text-align: center;\">Dodatkowo, na froncie urny mo\u017cna do\u0142\u0105czy\u0107 grawerowan\u0105 plakietk\u0119 z imieniem i nazwiskiem zmar\u0142ej osoby, datami oraz osobistym przes\u0142aniem. Dzi\u0119ki temu urna staje si\u0119 jeszcze bardziej osobista i pozwala na uczczenie pami\u0119ci zmar\u0142ej w szczeg\u00f3lny spos\u00f3b.<\/p>\n<p style=\"text-align: center;\">Urn\u0119 otwiera si\u0119 od do\u0142u, a dno jest przykr\u0119cane na \u015brubki. To zapewnia bezpieczne przechowywanie proch\u00f3w. Zaleca si\u0119 w\u0142o\u017cenie proch\u00f3w w plastikowym worku. Ta pi\u0119kna i oryginalna urna jest doskona\u0142ym wyborem dla os\u00f3b, kt\u00f3re szukaj\u0105 eleganckiego i jednocze\u015bnie artystycznego sposobu na upami\u0119tnienie zmar\u0142ych bliskich.<\/p>\n<p>&nbsp;<\/p>\n<h3 style=\"text-align: center;\"><strong>PERSONALIZACJA<\/strong><\/h3>\n<p style=\"text-align: center;\">Je\u015bli wybierzesz grawerowan\u0105 plakietk\u0119 w zestawie z urn\u0105, prze\u015blij tekst w ramce \u201cGrawerowana plakietka\u201d.<\/p>\n<p style=\"text-align: center;\">Tekst do grawerowanej plakietki powinien by\u0107 dostarczony podczas sk\u0142adania zam\u00f3wienia. (Prosz\u0119 nie panikowa\u0107, je\u015bli to przegapisz, poniewa\u017c zawsze mo\u017cesz wys\u0142a\u0107 nam wiadomo\u015b\u0107 p\u00f3\u017aniej.)<\/p>\n<p><img loading=\"lazy\" decoding=\"async\" class=\"wp-image-1447 aligncenter\" src=\"http:\/\/www.rememberme-forever.com\/wp-content\/uploads\/2023\/04\/memorial-plaque-cremation-urn-gold-300x150.jpg\" alt=\"memorial plaque cremation urn gold\" width=\"244\" height=\"122\" srcset=\"https:\/\/www.rememberme-forever.com\/wp-content\/uploads\/2023\/04\/memorial-plaque-cremation-urn-gold-300x150.jpg 300w, https:\/\/www.rememberme-forever.com\/wp-content\/uploads\/2023\/04\/memorial-plaque-cremation-urn-gold-64x32.jpg 64w, https:\/\/www.rememberme-forever.com\/wp-content\/uploads\/2023\/04\/memorial-plaque-cremation-urn-gold.jpg 448w\" sizes=\"auto, (max-width: 244px) 100vw, 244px\" \/><\/p>\n<p style=\"text-align: center;\"><em><strong>Przed dodaniem produktu do koszyka dok\u0142adnie SPRAWD\u0179 tekst przes\u0142any do grawerowania. Do\u00a0 tekstu kt\u00f3ry otrzymujemy wraz z zam\u00f3wieniem\u00a0 nie wprowadzamy \u017cadnych zmian z naszej strony. Tekst jest grawerowany dok\u0142adnie taki, jaki otrzymujemy od pa\u0144stwa. <\/strong><\/em><\/p>\n<p style=\"text-align: center;\"><em><strong>Sprawd\u017a tekst, aby upewni\u0107 si\u0119, \u017ce pisownia jest poprawna.<\/strong><\/em><\/p>\n","protected":false},"excerpt":{"rendered":"<p><em><strong>Urna pomie\u015bci prochy zmar\u0142ej osoby o wadze cia\u0142a 110kg lub mniej.<\/strong><\/em><\/p>\n<p><b>\u2611\ufe0f <em style=\"color: red;\">Jeste\u015bmy \u015bwiadomi kr\u00f3tkiego czasu na dostarczenie urny. Urn\u0119 zam\u00f3wion\u0105 do godz. 12.00 w dzie\u0144 roboczy wysy\u0142amy natychmiast.\u00a0<\/em><\/b><\/p>\n<p>&nbsp;<\/p>\n","protected":false},"featured_media":6745,"template":"","meta":{"_acf_changed":false},"product_brand":[],"product_cat":[78,93],"product_tag":[3308,995,1109,997,994,996,962],"class_list":{"0":"post-6359","1":"product","2":"type-product","3":"status-publish","4":"has-post-thumbnail","6":"product_cat-urny-artystyczne","7":"product_cat-urny-drewniane","8":"product_tag-gpsr-all-wood-urns","9":"product_tag-kremacja","10":"product_tag-mahon","11":"product_tag-pogrzeb","12":"product_tag-prochy","13":"product_tag-serca","14":"product_tag-urna","15":"product_shipping_class-wood-urns-pl","17":"first","18":"instock","19":"taxable","20":"shipping-taxable","21":"purchasable","22":"product-type-variable"},"yoast_head":"<!-- This site is optimized with the Yoast SEO plugin v27.4 - https:\/\/yoast.com\/product\/yoast-seo-wordpress\/ -->\n<title>Artystyczna mahoniowa urna z sercami<\/title>\n<meta name=\"description\" content=\"Ta pi\u0119kna mahoniowa urna to doskona\u0142y spos\u00f3b na upami\u0119tnienie ukochanej osoby. Urna zosta\u0142a r\u0119cznie wykonana z mahoniu, a na g\u00f3rze znajduj\u0105 si\u0119...\" \/>\n<meta name=\"robots\" content=\"index, follow, max-snippet:-1, max-image-preview:large, max-video-preview:-1\" \/>\n<link rel=\"canonical\" href=\"https:\/\/www.rememberme-forever.com\/pl\/produkt\/artystyczna-mahoniowa-urna-z-sercami\/\" \/>\n<meta property=\"og:locale\" content=\"pl_PL\" \/>\n<meta property=\"og:type\" content=\"article\" \/>\n<meta property=\"og:title\" content=\"Artystyczna mahoniowa urna z sercami\" \/>\n<meta property=\"og:description\" content=\"Ta pi\u0119kna mahoniowa urna to doskona\u0142y spos\u00f3b na upami\u0119tnienie ukochanej osoby. Urna zosta\u0142a r\u0119cznie wykonana z mahoniu, a na g\u00f3rze znajduj\u0105 si\u0119...\" \/>\n<meta property=\"og:url\" content=\"https:\/\/www.rememberme-forever.com\/pl\/produkt\/artystyczna-mahoniowa-urna-z-sercami\/\" \/>\n<meta property=\"og:site_name\" content=\"Remember Forever\" \/>\n<meta property=\"article:modified_time\" content=\"2026-02-03T07:51:40+00:00\" \/>\n<meta property=\"og:image\" content=\"http:\/\/www.rememberme-forever.com\/wp-content\/uploads\/2023\/05\/Artystyczna-mahoniowa-urna-z-sercami.jpg\" \/>\n\t<meta property=\"og:image:width\" content=\"768\" \/>\n\t<meta property=\"og:image:height\" content=\"781\" \/>\n\t<meta property=\"og:image:type\" content=\"image\/jpeg\" \/>\n<meta name=\"twitter:card\" content=\"summary_large_image\" \/>\n<meta name=\"twitter:label1\" content=\"Szacowany czas czytania\" \/>\n\t<meta name=\"twitter:data1\" content=\"2 minuta\" \/>\n<script type=\"application\/ld+json\" class=\"yoast-schema-graph\">{\"@context\":\"https:\\\/\\\/schema.org\",\"@graph\":[{\"@type\":\"WebPage\",\"@id\":\"https:\\\/\\\/www.rememberme-forever.com\\\/pl\\\/produkt\\\/artystyczna-mahoniowa-urna-z-sercami\\\/\",\"url\":\"https:\\\/\\\/www.rememberme-forever.com\\\/pl\\\/produkt\\\/artystyczna-mahoniowa-urna-z-sercami\\\/\",\"name\":\"Artystyczna mahoniowa urna z sercami\",\"isPartOf\":{\"@id\":\"https:\\\/\\\/www.rememberme-forever.com\\\/pl\\\/#website\"},\"primaryImageOfPage\":{\"@id\":\"https:\\\/\\\/www.rememberme-forever.com\\\/pl\\\/produkt\\\/artystyczna-mahoniowa-urna-z-sercami\\\/#primaryimage\"},\"image\":{\"@id\":\"https:\\\/\\\/www.rememberme-forever.com\\\/pl\\\/produkt\\\/artystyczna-mahoniowa-urna-z-sercami\\\/#primaryimage\"},\"thumbnailUrl\":\"https:\\\/\\\/www.rememberme-forever.com\\\/wp-content\\\/uploads\\\/2023\\\/05\\\/Artystyczna-mahoniowa-urna-z-sercami.jpg\",\"datePublished\":\"2023-05-05T07:38:53+00:00\",\"dateModified\":\"2026-02-03T07:51:40+00:00\",\"description\":\"Ta pi\u0119kna mahoniowa urna to doskona\u0142y spos\u00f3b na upami\u0119tnienie ukochanej osoby. Urna zosta\u0142a r\u0119cznie wykonana z mahoniu, a na g\u00f3rze znajduj\u0105 si\u0119...\",\"breadcrumb\":{\"@id\":\"https:\\\/\\\/www.rememberme-forever.com\\\/pl\\\/produkt\\\/artystyczna-mahoniowa-urna-z-sercami\\\/#breadcrumb\"},\"inLanguage\":\"pl-PL\",\"potentialAction\":[{\"@type\":\"ReadAction\",\"target\":[\"https:\\\/\\\/www.rememberme-forever.com\\\/pl\\\/produkt\\\/artystyczna-mahoniowa-urna-z-sercami\\\/\"]}]},{\"@type\":\"ImageObject\",\"inLanguage\":\"pl-PL\",\"@id\":\"https:\\\/\\\/www.rememberme-forever.com\\\/pl\\\/produkt\\\/artystyczna-mahoniowa-urna-z-sercami\\\/#primaryimage\",\"url\":\"https:\\\/\\\/www.rememberme-forever.com\\\/wp-content\\\/uploads\\\/2023\\\/05\\\/Artystyczna-mahoniowa-urna-z-sercami.jpg\",\"contentUrl\":\"https:\\\/\\\/www.rememberme-forever.com\\\/wp-content\\\/uploads\\\/2023\\\/05\\\/Artystyczna-mahoniowa-urna-z-sercami.jpg\",\"width\":768,\"height\":781,\"caption\":\"Artystyczna mahoniowa urna z sercami\"},{\"@type\":\"BreadcrumbList\",\"@id\":\"https:\\\/\\\/www.rememberme-forever.com\\\/pl\\\/produkt\\\/artystyczna-mahoniowa-urna-z-sercami\\\/#breadcrumb\",\"itemListElement\":[{\"@type\":\"ListItem\",\"position\":1,\"name\":\"Home\",\"item\":\"https:\\\/\\\/www.rememberme-forever.com\\\/pl\\\/strona-glowna\\\/\"},{\"@type\":\"ListItem\",\"position\":2,\"name\":\"Sklep\",\"item\":\"https:\\\/\\\/www.rememberme-forever.com\\\/pl\\\/sklep-2\\\/\"},{\"@type\":\"ListItem\",\"position\":3,\"name\":\"Artystyczna mahoniowa urna z sercami\"}]},{\"@type\":\"WebSite\",\"@id\":\"https:\\\/\\\/www.rememberme-forever.com\\\/pl\\\/#website\",\"url\":\"https:\\\/\\\/www.rememberme-forever.com\\\/pl\\\/\",\"name\":\"Remember Forever\",\"description\":\"Cremation urns, funeral urns, urns for ashes\",\"publisher\":{\"@id\":\"https:\\\/\\\/www.rememberme-forever.com\\\/pl\\\/#organization\"},\"potentialAction\":[{\"@type\":\"SearchAction\",\"target\":{\"@type\":\"EntryPoint\",\"urlTemplate\":\"https:\\\/\\\/www.rememberme-forever.com\\\/pl\\\/?s={search_term_string}\"},\"query-input\":{\"@type\":\"PropertyValueSpecification\",\"valueRequired\":true,\"valueName\":\"search_term_string\"}}],\"inLanguage\":\"pl-PL\"},{\"@type\":\"Organization\",\"@id\":\"https:\\\/\\\/www.rememberme-forever.com\\\/pl\\\/#organization\",\"name\":\"Remember Forever\",\"url\":\"https:\\\/\\\/www.rememberme-forever.com\\\/pl\\\/\",\"logo\":{\"@type\":\"ImageObject\",\"inLanguage\":\"pl-PL\",\"@id\":\"https:\\\/\\\/www.rememberme-forever.com\\\/pl\\\/#\\\/schema\\\/logo\\\/image\\\/\",\"url\":\"https:\\\/\\\/www.rememberme-forever.com\\\/wp-content\\\/uploads\\\/2023\\\/02\\\/logo.png\",\"contentUrl\":\"https:\\\/\\\/www.rememberme-forever.com\\\/wp-content\\\/uploads\\\/2023\\\/02\\\/logo.png\",\"width\":300,\"height\":56,\"caption\":\"Remember Forever\"},\"image\":{\"@id\":\"https:\\\/\\\/www.rememberme-forever.com\\\/pl\\\/#\\\/schema\\\/logo\\\/image\\\/\"}}]}<\/script>\n<!-- \/ Yoast SEO plugin. -->","yoast_head_json":{"title":"Artystyczna mahoniowa urna z sercami","description":"Ta pi\u0119kna mahoniowa urna to doskona\u0142y spos\u00f3b na upami\u0119tnienie ukochanej osoby. Urna zosta\u0142a r\u0119cznie wykonana z mahoniu, a na g\u00f3rze znajduj\u0105 si\u0119...","robots":{"index":"index","follow":"follow","max-snippet":"max-snippet:-1","max-image-preview":"max-image-preview:large","max-video-preview":"max-video-preview:-1"},"canonical":"https:\/\/www.rememberme-forever.com\/pl\/produkt\/artystyczna-mahoniowa-urna-z-sercami\/","og_locale":"pl_PL","og_type":"article","og_title":"Artystyczna mahoniowa urna z sercami","og_description":"Ta pi\u0119kna mahoniowa urna to doskona\u0142y spos\u00f3b na upami\u0119tnienie ukochanej osoby. Urna zosta\u0142a r\u0119cznie wykonana z mahoniu, a na g\u00f3rze znajduj\u0105 si\u0119...","og_url":"https:\/\/www.rememberme-forever.com\/pl\/produkt\/artystyczna-mahoniowa-urna-z-sercami\/","og_site_name":"Remember Forever","article_modified_time":"2026-02-03T07:51:40+00:00","og_image":[{"width":768,"height":781,"url":"http:\/\/www.rememberme-forever.com\/wp-content\/uploads\/2023\/05\/Artystyczna-mahoniowa-urna-z-sercami.jpg","type":"image\/jpeg"}],"twitter_card":"summary_large_image","twitter_misc":{"Szacowany czas czytania":"2 minuta"},"schema":{"@context":"https:\/\/schema.org","@graph":[{"@type":"WebPage","@id":"https:\/\/www.rememberme-forever.com\/pl\/produkt\/artystyczna-mahoniowa-urna-z-sercami\/","url":"https:\/\/www.rememberme-forever.com\/pl\/produkt\/artystyczna-mahoniowa-urna-z-sercami\/","name":"Artystyczna mahoniowa urna z sercami","isPartOf":{"@id":"https:\/\/www.rememberme-forever.com\/pl\/#website"},"primaryImageOfPage":{"@id":"https:\/\/www.rememberme-forever.com\/pl\/produkt\/artystyczna-mahoniowa-urna-z-sercami\/#primaryimage"},"image":{"@id":"https:\/\/www.rememberme-forever.com\/pl\/produkt\/artystyczna-mahoniowa-urna-z-sercami\/#primaryimage"},"thumbnailUrl":"https:\/\/www.rememberme-forever.com\/wp-content\/uploads\/2023\/05\/Artystyczna-mahoniowa-urna-z-sercami.jpg","datePublished":"2023-05-05T07:38:53+00:00","dateModified":"2026-02-03T07:51:40+00:00","description":"Ta pi\u0119kna mahoniowa urna to doskona\u0142y spos\u00f3b na upami\u0119tnienie ukochanej osoby. Urna zosta\u0142a r\u0119cznie wykonana z mahoniu, a na g\u00f3rze znajduj\u0105 si\u0119...","breadcrumb":{"@id":"https:\/\/www.rememberme-forever.com\/pl\/produkt\/artystyczna-mahoniowa-urna-z-sercami\/#breadcrumb"},"inLanguage":"pl-PL","potentialAction":[{"@type":"ReadAction","target":["https:\/\/www.rememberme-forever.com\/pl\/produkt\/artystyczna-mahoniowa-urna-z-sercami\/"]}]},{"@type":"ImageObject","inLanguage":"pl-PL","@id":"https:\/\/www.rememberme-forever.com\/pl\/produkt\/artystyczna-mahoniowa-urna-z-sercami\/#primaryimage","url":"https:\/\/www.rememberme-forever.com\/wp-content\/uploads\/2023\/05\/Artystyczna-mahoniowa-urna-z-sercami.jpg","contentUrl":"https:\/\/www.rememberme-forever.com\/wp-content\/uploads\/2023\/05\/Artystyczna-mahoniowa-urna-z-sercami.jpg","width":768,"height":781,"caption":"Artystyczna mahoniowa urna z sercami"},{"@type":"BreadcrumbList","@id":"https:\/\/www.rememberme-forever.com\/pl\/produkt\/artystyczna-mahoniowa-urna-z-sercami\/#breadcrumb","itemListElement":[{"@type":"ListItem","position":1,"name":"Home","item":"https:\/\/www.rememberme-forever.com\/pl\/strona-glowna\/"},{"@type":"ListItem","position":2,"name":"Sklep","item":"https:\/\/www.rememberme-forever.com\/pl\/sklep-2\/"},{"@type":"ListItem","position":3,"name":"Artystyczna mahoniowa urna z sercami"}]},{"@type":"WebSite","@id":"https:\/\/www.rememberme-forever.com\/pl\/#website","url":"https:\/\/www.rememberme-forever.com\/pl\/","name":"Remember Forever","description":"Cremation urns, funeral urns, urns for ashes","publisher":{"@id":"https:\/\/www.rememberme-forever.com\/pl\/#organization"},"potentialAction":[{"@type":"SearchAction","target":{"@type":"EntryPoint","urlTemplate":"https:\/\/www.rememberme-forever.com\/pl\/?s={search_term_string}"},"query-input":{"@type":"PropertyValueSpecification","valueRequired":true,"valueName":"search_term_string"}}],"inLanguage":"pl-PL"},{"@type":"Organization","@id":"https:\/\/www.rememberme-forever.com\/pl\/#organization","name":"Remember Forever","url":"https:\/\/www.rememberme-forever.com\/pl\/","logo":{"@type":"ImageObject","inLanguage":"pl-PL","@id":"https:\/\/www.rememberme-forever.com\/pl\/#\/schema\/logo\/image\/","url":"https:\/\/www.rememberme-forever.com\/wp-content\/uploads\/2023\/02\/logo.png","contentUrl":"https:\/\/www.rememberme-forever.com\/wp-content\/uploads\/2023\/02\/logo.png","width":300,"height":56,"caption":"Remember Forever"},"image":{"@id":"https:\/\/www.rememberme-forever.com\/pl\/#\/schema\/logo\/image\/"}}]}},"acf":[],"_links":{"self":[{"href":"https:\/\/www.rememberme-forever.com\/pl\/wp-json\/wp\/v2\/product\/6359","targetHints":{"allow":["GET"]}}],"collection":[{"href":"https:\/\/www.rememberme-forever.com\/pl\/wp-json\/wp\/v2\/product"}],"about":[{"href":"https:\/\/www.rememberme-forever.com\/pl\/wp-json\/wp\/v2\/types\/product"}],"wp:featuredmedia":[{"embeddable":true,"href":"https:\/\/www.rememberme-forever.com\/pl\/wp-json\/wp\/v2\/media\/6745"}],"wp:attachment":[{"href":"https:\/\/www.rememberme-forever.com\/pl\/wp-json\/wp\/v2\/media?parent=6359"}],"wp:term":[{"taxonomy":"product_brand","embeddable":true,"href":"https:\/\/www.rememberme-forever.com\/pl\/wp-json\/wp\/v2\/product_brand?post=6359"},{"taxonomy":"product_cat","embeddable":true,"href":"https:\/\/www.rememberme-forever.com\/pl\/wp-json\/wp\/v2\/product_cat?post=6359"},{"taxonomy":"product_tag","embeddable":true,"href":"https:\/\/www.rememberme-forever.com\/pl\/wp-json\/wp\/v2\/product_tag?post=6359"}],"curies":[{"name":"wp","href":"https:\/\/api.w.org\/{rel}","templated":true}]}}