{"id":6368,"date":"2023-05-05T09:38:58","date_gmt":"2023-05-05T07:38:58","guid":{"rendered":"http:\/\/www.rememberme-forever.com\/?post_type=product&#038;p=6368"},"modified":"2026-02-03T08:51:40","modified_gmt":"2026-02-03T07:51:40","slug":"unikalna-drewniana-urna-pogrzebowa","status":"publish","type":"product","link":"https:\/\/www.rememberme-forever.com\/pl\/produkt\/unikalna-drewniana-urna-pogrzebowa\/","title":{"rendered":"Unikalna drewniana urna pogrzebowa"},"content":{"rendered":"<div style=\"width: 100%; margin-bottom: 30px; height: max-content; padding-bottom: 60%; position: relative;\"><iframe style=\"position: absolute; top: 0; left: 0; width: 100%; height: 100%;\" src=\"https:\/\/rememberme-urns.com\/natural-brown-wood-urn\/\" frameborder=\"0\"><\/iframe><\/div>\n<div style=\"color: red; text-align: center; margin-bottom: 25px;\">\n<p>&gt;&gt; Obrotowe zdj\u0119cie &#8211; dotknij\/zbli\u017c &lt;&lt;<\/p>\n<\/div>\n<h2 style=\"text-align: center;\">Unikalna drewniana urna pogrzebowa<\/h2>\n<p style=\"text-align: center;\">Unikalna drewniana urna na prochy z lili\u0105 lub krzy\u017cykiem to pi\u0119kne i godne miejsce poch\u00f3wku bliskiej osoby. Urna wykonana jest z naturalnego drewna, co nadaje jej wyj\u0105tkowego charakteru i estetycznego wygl\u0105du. Z przodu urny umieszczona jest lilia lub krzy\u017cyk, kt\u00f3re symbolizuj\u0105 nadziej\u0119 i wiar\u0119, co dodaje urnie dodatkowego znaczenia.<\/p>\n<p style=\"text-align: center;\">Urna na prochy z lili\u0105 lub krzy\u017cykiem mo\u017ce posiada\u0107 r\u00f3wnie\u017c grawerowan\u0105 plakietk\u0119, kt\u00f3r\u0105 mo\u017cna spersonalizowa\u0107 i nada\u0107 urnie bardziej indywidualnego charakteru. Plakietka umieszczona jest z przodu urny i mo\u017ce zawiera\u0107 tekst po\u015bwi\u0119cony zmar\u0142emu lub sentencj\u0119, kt\u00f3ra nawi\u0105zuje do \u017cycia lub charakteru zmar\u0142ego. Wszystko to sprawia, \u017ce urna ta jest wyj\u0105tkowym i niezwykle godnym miejscem poch\u00f3wku.<\/p>\n<p style=\"text-align: center;\">Urna na prochy z lili\u0105 lub krzy\u017cykiem to idealne rozwi\u0105zanie dla os\u00f3b poszukuj\u0105cych estetycznego i godnego miejsca poch\u00f3wku dla bliskiej osoby. Drewniana konstrukcja i pi\u0119kne, symbolizuj\u0105ce nadziej\u0119 i wiar\u0119 elementy dekoracyjne sprawiaj\u0105, \u017ce urna ta b\u0119dzie odpowiednim miejscem na przechowanie proch\u00f3w osoby, kt\u00f3ra odegra\u0142a wa\u017cn\u0105 rol\u0119 w \u017cyciu bliskiej osoby.<\/p>\n<p>&nbsp;<\/p>\n<h3 style=\"text-align: center;\"><strong>PERSONALIZACJA<\/strong><\/h3>\n<p style=\"text-align: center;\">Je\u015bli wybierzesz grawerowan\u0105 plakietk\u0119 w zestawie z urn\u0105, prze\u015blij tekst w ramce \u201cGrawerowana plakietka\u201d.<\/p>\n<p style=\"text-align: center;\">Tekst do grawerowanej plakietki powinien by\u0107 dostarczony podczas sk\u0142adania zam\u00f3wienia. (Prosz\u0119 nie panikowa\u0107, je\u015bli to przegapisz, poniewa\u017c zawsze mo\u017cesz wys\u0142a\u0107 nam wiadomo\u015b\u0107 p\u00f3\u017aniej.)<\/p>\n<p><img loading=\"lazy\" decoding=\"async\" class=\"wp-image-1447 aligncenter\" src=\"http:\/\/www.rememberme-forever.com\/wp-content\/uploads\/2023\/04\/memorial-plaque-cremation-urn-gold-300x150.jpg\" alt=\"memorial plaque cremation urn gold\" width=\"202\" height=\"101\" srcset=\"https:\/\/www.rememberme-forever.com\/wp-content\/uploads\/2023\/04\/memorial-plaque-cremation-urn-gold-300x150.jpg 300w, https:\/\/www.rememberme-forever.com\/wp-content\/uploads\/2023\/04\/memorial-plaque-cremation-urn-gold-64x32.jpg 64w, https:\/\/www.rememberme-forever.com\/wp-content\/uploads\/2023\/04\/memorial-plaque-cremation-urn-gold.jpg 448w\" sizes=\"auto, (max-width: 202px) 100vw, 202px\" \/><\/p>\n<p style=\"text-align: center;\"><em><strong>Przed dodaniem produktu do koszyka dok\u0142adnie SPRAWD\u0179 tekst przes\u0142any do grawerowania. Do\u00a0 tekstu kt\u00f3ry otrzymujemy wraz z zam\u00f3wieniem\u00a0 nie wprowadzamy \u017cadnych zmian z naszej strony. Tekst jest grawerowany dok\u0142adnie taki, jaki otrzymujemy od pa\u0144stwa. <\/strong><\/em><\/p>\n<p style=\"text-align: center;\"><em><strong>Sprawd\u017a tekst, aby upewni\u0107 si\u0119, \u017ce pisownia jest poprawna.<\/strong><\/em><\/p>\n","protected":false},"excerpt":{"rendered":"<p><em><strong>Urna pomie\u015bci prochy zmar\u0142ej osoby o wadze cia\u0142a 110kg lub mniej.<\/strong><\/em><\/p>\n<p><b>\u2611\ufe0f <em style=\"color: red;\">Jeste\u015bmy \u015bwiadomi kr\u00f3tkiego czasu na dostarczenie urny. Urn\u0119 zam\u00f3wion\u0105 do godz. 12.00 w dzie\u0144 roboczy wysy\u0142amy natychmiast.\u00a0<\/em><\/b><\/p>\n","protected":false},"featured_media":6741,"template":"","meta":{"_acf_changed":false},"product_brand":[],"product_cat":[93],"product_tag":[3308,995,1078,1040,997,994,962],"class_list":{"0":"post-6368","1":"product","2":"type-product","3":"status-publish","4":"has-post-thumbnail","6":"product_cat-urny-drewniane","7":"product_tag-gpsr-all-wood-urns","8":"product_tag-kremacja","9":"product_tag-krzyz","10":"product_tag-lilia","11":"product_tag-pogrzeb","12":"product_tag-prochy","13":"product_tag-urna","14":"product_shipping_class-wood-urns-pl","16":"first","17":"instock","18":"taxable","19":"shipping-taxable","20":"purchasable","21":"product-type-variable"},"yoast_head":"<!-- This site is optimized with the Yoast SEO plugin v27.4 - https:\/\/yoast.com\/product\/yoast-seo-wordpress\/ -->\n<title>Unikalna drewniana urna pogrzebowa<\/title>\n<meta name=\"description\" content=\"Unikalna drewniana urna na prochy z lili\u0105 lub krzy\u017cykiem to pi\u0119kne i godne miejsce poch\u00f3wku bliskiej osoby. Urna wykonana jest z naturalnego drewna...\" \/>\n<meta name=\"robots\" content=\"index, follow, max-snippet:-1, max-image-preview:large, max-video-preview:-1\" \/>\n<link rel=\"canonical\" href=\"https:\/\/www.rememberme-forever.com\/pl\/produkt\/unikalna-drewniana-urna-pogrzebowa\/\" \/>\n<meta property=\"og:locale\" content=\"pl_PL\" \/>\n<meta property=\"og:type\" content=\"article\" \/>\n<meta property=\"og:title\" content=\"Unikalna drewniana urna pogrzebowa\" \/>\n<meta property=\"og:description\" content=\"Unikalna drewniana urna na prochy z lili\u0105 lub krzy\u017cykiem to pi\u0119kne i godne miejsce poch\u00f3wku bliskiej osoby. Urna wykonana jest z naturalnego drewna...\" \/>\n<meta property=\"og:url\" content=\"https:\/\/www.rememberme-forever.com\/pl\/produkt\/unikalna-drewniana-urna-pogrzebowa\/\" \/>\n<meta property=\"og:site_name\" content=\"Remember Forever\" \/>\n<meta property=\"article:modified_time\" content=\"2026-02-03T07:51:40+00:00\" \/>\n<meta property=\"og:image\" content=\"http:\/\/www.rememberme-forever.com\/wp-content\/uploads\/2023\/05\/Unikalna-drewniana-urna-pogrzebowa.jpg\" \/>\n\t<meta property=\"og:image:width\" content=\"768\" \/>\n\t<meta property=\"og:image:height\" content=\"781\" \/>\n\t<meta property=\"og:image:type\" content=\"image\/jpeg\" \/>\n<meta name=\"twitter:card\" content=\"summary_large_image\" \/>\n<meta name=\"twitter:label1\" content=\"Szacowany czas czytania\" \/>\n\t<meta name=\"twitter:data1\" content=\"2 minuta\" \/>\n<script type=\"application\/ld+json\" class=\"yoast-schema-graph\">{\"@context\":\"https:\\\/\\\/schema.org\",\"@graph\":[{\"@type\":\"WebPage\",\"@id\":\"https:\\\/\\\/www.rememberme-forever.com\\\/pl\\\/produkt\\\/unikalna-drewniana-urna-pogrzebowa\\\/\",\"url\":\"https:\\\/\\\/www.rememberme-forever.com\\\/pl\\\/produkt\\\/unikalna-drewniana-urna-pogrzebowa\\\/\",\"name\":\"Unikalna drewniana urna pogrzebowa\",\"isPartOf\":{\"@id\":\"https:\\\/\\\/www.rememberme-forever.com\\\/pl\\\/#website\"},\"primaryImageOfPage\":{\"@id\":\"https:\\\/\\\/www.rememberme-forever.com\\\/pl\\\/produkt\\\/unikalna-drewniana-urna-pogrzebowa\\\/#primaryimage\"},\"image\":{\"@id\":\"https:\\\/\\\/www.rememberme-forever.com\\\/pl\\\/produkt\\\/unikalna-drewniana-urna-pogrzebowa\\\/#primaryimage\"},\"thumbnailUrl\":\"https:\\\/\\\/www.rememberme-forever.com\\\/wp-content\\\/uploads\\\/2023\\\/05\\\/Unikalna-drewniana-urna-pogrzebowa.jpg\",\"datePublished\":\"2023-05-05T07:38:58+00:00\",\"dateModified\":\"2026-02-03T07:51:40+00:00\",\"description\":\"Unikalna drewniana urna na prochy z lili\u0105 lub krzy\u017cykiem to pi\u0119kne i godne miejsce poch\u00f3wku bliskiej osoby. Urna wykonana jest z naturalnego drewna...\",\"breadcrumb\":{\"@id\":\"https:\\\/\\\/www.rememberme-forever.com\\\/pl\\\/produkt\\\/unikalna-drewniana-urna-pogrzebowa\\\/#breadcrumb\"},\"inLanguage\":\"pl-PL\",\"potentialAction\":[{\"@type\":\"ReadAction\",\"target\":[\"https:\\\/\\\/www.rememberme-forever.com\\\/pl\\\/produkt\\\/unikalna-drewniana-urna-pogrzebowa\\\/\"]}]},{\"@type\":\"ImageObject\",\"inLanguage\":\"pl-PL\",\"@id\":\"https:\\\/\\\/www.rememberme-forever.com\\\/pl\\\/produkt\\\/unikalna-drewniana-urna-pogrzebowa\\\/#primaryimage\",\"url\":\"https:\\\/\\\/www.rememberme-forever.com\\\/wp-content\\\/uploads\\\/2023\\\/05\\\/Unikalna-drewniana-urna-pogrzebowa.jpg\",\"contentUrl\":\"https:\\\/\\\/www.rememberme-forever.com\\\/wp-content\\\/uploads\\\/2023\\\/05\\\/Unikalna-drewniana-urna-pogrzebowa.jpg\",\"width\":768,\"height\":781,\"caption\":\"Unikalna drewniana urna pogrzebowa\"},{\"@type\":\"BreadcrumbList\",\"@id\":\"https:\\\/\\\/www.rememberme-forever.com\\\/pl\\\/produkt\\\/unikalna-drewniana-urna-pogrzebowa\\\/#breadcrumb\",\"itemListElement\":[{\"@type\":\"ListItem\",\"position\":1,\"name\":\"Home\",\"item\":\"https:\\\/\\\/www.rememberme-forever.com\\\/pl\\\/strona-glowna\\\/\"},{\"@type\":\"ListItem\",\"position\":2,\"name\":\"Sklep\",\"item\":\"https:\\\/\\\/www.rememberme-forever.com\\\/pl\\\/sklep-2\\\/\"},{\"@type\":\"ListItem\",\"position\":3,\"name\":\"Unikalna drewniana urna pogrzebowa\"}]},{\"@type\":\"WebSite\",\"@id\":\"https:\\\/\\\/www.rememberme-forever.com\\\/pl\\\/#website\",\"url\":\"https:\\\/\\\/www.rememberme-forever.com\\\/pl\\\/\",\"name\":\"Remember Forever\",\"description\":\"Cremation urns, funeral urns, urns for ashes\",\"publisher\":{\"@id\":\"https:\\\/\\\/www.rememberme-forever.com\\\/pl\\\/#organization\"},\"potentialAction\":[{\"@type\":\"SearchAction\",\"target\":{\"@type\":\"EntryPoint\",\"urlTemplate\":\"https:\\\/\\\/www.rememberme-forever.com\\\/pl\\\/?s={search_term_string}\"},\"query-input\":{\"@type\":\"PropertyValueSpecification\",\"valueRequired\":true,\"valueName\":\"search_term_string\"}}],\"inLanguage\":\"pl-PL\"},{\"@type\":\"Organization\",\"@id\":\"https:\\\/\\\/www.rememberme-forever.com\\\/pl\\\/#organization\",\"name\":\"Remember Forever\",\"url\":\"https:\\\/\\\/www.rememberme-forever.com\\\/pl\\\/\",\"logo\":{\"@type\":\"ImageObject\",\"inLanguage\":\"pl-PL\",\"@id\":\"https:\\\/\\\/www.rememberme-forever.com\\\/pl\\\/#\\\/schema\\\/logo\\\/image\\\/\",\"url\":\"https:\\\/\\\/www.rememberme-forever.com\\\/wp-content\\\/uploads\\\/2023\\\/02\\\/logo.png\",\"contentUrl\":\"https:\\\/\\\/www.rememberme-forever.com\\\/wp-content\\\/uploads\\\/2023\\\/02\\\/logo.png\",\"width\":300,\"height\":56,\"caption\":\"Remember Forever\"},\"image\":{\"@id\":\"https:\\\/\\\/www.rememberme-forever.com\\\/pl\\\/#\\\/schema\\\/logo\\\/image\\\/\"}}]}<\/script>\n<!-- \/ Yoast SEO plugin. -->","yoast_head_json":{"title":"Unikalna drewniana urna pogrzebowa","description":"Unikalna drewniana urna na prochy z lili\u0105 lub krzy\u017cykiem to pi\u0119kne i godne miejsce poch\u00f3wku bliskiej osoby. Urna wykonana jest z naturalnego drewna...","robots":{"index":"index","follow":"follow","max-snippet":"max-snippet:-1","max-image-preview":"max-image-preview:large","max-video-preview":"max-video-preview:-1"},"canonical":"https:\/\/www.rememberme-forever.com\/pl\/produkt\/unikalna-drewniana-urna-pogrzebowa\/","og_locale":"pl_PL","og_type":"article","og_title":"Unikalna drewniana urna pogrzebowa","og_description":"Unikalna drewniana urna na prochy z lili\u0105 lub krzy\u017cykiem to pi\u0119kne i godne miejsce poch\u00f3wku bliskiej osoby. Urna wykonana jest z naturalnego drewna...","og_url":"https:\/\/www.rememberme-forever.com\/pl\/produkt\/unikalna-drewniana-urna-pogrzebowa\/","og_site_name":"Remember Forever","article_modified_time":"2026-02-03T07:51:40+00:00","og_image":[{"width":768,"height":781,"url":"http:\/\/www.rememberme-forever.com\/wp-content\/uploads\/2023\/05\/Unikalna-drewniana-urna-pogrzebowa.jpg","type":"image\/jpeg"}],"twitter_card":"summary_large_image","twitter_misc":{"Szacowany czas czytania":"2 minuta"},"schema":{"@context":"https:\/\/schema.org","@graph":[{"@type":"WebPage","@id":"https:\/\/www.rememberme-forever.com\/pl\/produkt\/unikalna-drewniana-urna-pogrzebowa\/","url":"https:\/\/www.rememberme-forever.com\/pl\/produkt\/unikalna-drewniana-urna-pogrzebowa\/","name":"Unikalna drewniana urna pogrzebowa","isPartOf":{"@id":"https:\/\/www.rememberme-forever.com\/pl\/#website"},"primaryImageOfPage":{"@id":"https:\/\/www.rememberme-forever.com\/pl\/produkt\/unikalna-drewniana-urna-pogrzebowa\/#primaryimage"},"image":{"@id":"https:\/\/www.rememberme-forever.com\/pl\/produkt\/unikalna-drewniana-urna-pogrzebowa\/#primaryimage"},"thumbnailUrl":"https:\/\/www.rememberme-forever.com\/wp-content\/uploads\/2023\/05\/Unikalna-drewniana-urna-pogrzebowa.jpg","datePublished":"2023-05-05T07:38:58+00:00","dateModified":"2026-02-03T07:51:40+00:00","description":"Unikalna drewniana urna na prochy z lili\u0105 lub krzy\u017cykiem to pi\u0119kne i godne miejsce poch\u00f3wku bliskiej osoby. Urna wykonana jest z naturalnego drewna...","breadcrumb":{"@id":"https:\/\/www.rememberme-forever.com\/pl\/produkt\/unikalna-drewniana-urna-pogrzebowa\/#breadcrumb"},"inLanguage":"pl-PL","potentialAction":[{"@type":"ReadAction","target":["https:\/\/www.rememberme-forever.com\/pl\/produkt\/unikalna-drewniana-urna-pogrzebowa\/"]}]},{"@type":"ImageObject","inLanguage":"pl-PL","@id":"https:\/\/www.rememberme-forever.com\/pl\/produkt\/unikalna-drewniana-urna-pogrzebowa\/#primaryimage","url":"https:\/\/www.rememberme-forever.com\/wp-content\/uploads\/2023\/05\/Unikalna-drewniana-urna-pogrzebowa.jpg","contentUrl":"https:\/\/www.rememberme-forever.com\/wp-content\/uploads\/2023\/05\/Unikalna-drewniana-urna-pogrzebowa.jpg","width":768,"height":781,"caption":"Unikalna drewniana urna pogrzebowa"},{"@type":"BreadcrumbList","@id":"https:\/\/www.rememberme-forever.com\/pl\/produkt\/unikalna-drewniana-urna-pogrzebowa\/#breadcrumb","itemListElement":[{"@type":"ListItem","position":1,"name":"Home","item":"https:\/\/www.rememberme-forever.com\/pl\/strona-glowna\/"},{"@type":"ListItem","position":2,"name":"Sklep","item":"https:\/\/www.rememberme-forever.com\/pl\/sklep-2\/"},{"@type":"ListItem","position":3,"name":"Unikalna drewniana urna pogrzebowa"}]},{"@type":"WebSite","@id":"https:\/\/www.rememberme-forever.com\/pl\/#website","url":"https:\/\/www.rememberme-forever.com\/pl\/","name":"Remember Forever","description":"Cremation urns, funeral urns, urns for ashes","publisher":{"@id":"https:\/\/www.rememberme-forever.com\/pl\/#organization"},"potentialAction":[{"@type":"SearchAction","target":{"@type":"EntryPoint","urlTemplate":"https:\/\/www.rememberme-forever.com\/pl\/?s={search_term_string}"},"query-input":{"@type":"PropertyValueSpecification","valueRequired":true,"valueName":"search_term_string"}}],"inLanguage":"pl-PL"},{"@type":"Organization","@id":"https:\/\/www.rememberme-forever.com\/pl\/#organization","name":"Remember Forever","url":"https:\/\/www.rememberme-forever.com\/pl\/","logo":{"@type":"ImageObject","inLanguage":"pl-PL","@id":"https:\/\/www.rememberme-forever.com\/pl\/#\/schema\/logo\/image\/","url":"https:\/\/www.rememberme-forever.com\/wp-content\/uploads\/2023\/02\/logo.png","contentUrl":"https:\/\/www.rememberme-forever.com\/wp-content\/uploads\/2023\/02\/logo.png","width":300,"height":56,"caption":"Remember Forever"},"image":{"@id":"https:\/\/www.rememberme-forever.com\/pl\/#\/schema\/logo\/image\/"}}]}},"acf":[],"_links":{"self":[{"href":"https:\/\/www.rememberme-forever.com\/pl\/wp-json\/wp\/v2\/product\/6368","targetHints":{"allow":["GET"]}}],"collection":[{"href":"https:\/\/www.rememberme-forever.com\/pl\/wp-json\/wp\/v2\/product"}],"about":[{"href":"https:\/\/www.rememberme-forever.com\/pl\/wp-json\/wp\/v2\/types\/product"}],"wp:featuredmedia":[{"embeddable":true,"href":"https:\/\/www.rememberme-forever.com\/pl\/wp-json\/wp\/v2\/media\/6741"}],"wp:attachment":[{"href":"https:\/\/www.rememberme-forever.com\/pl\/wp-json\/wp\/v2\/media?parent=6368"}],"wp:term":[{"taxonomy":"product_brand","embeddable":true,"href":"https:\/\/www.rememberme-forever.com\/pl\/wp-json\/wp\/v2\/product_brand?post=6368"},{"taxonomy":"product_cat","embeddable":true,"href":"https:\/\/www.rememberme-forever.com\/pl\/wp-json\/wp\/v2\/product_cat?post=6368"},{"taxonomy":"product_tag","embeddable":true,"href":"https:\/\/www.rememberme-forever.com\/pl\/wp-json\/wp\/v2\/product_tag?post=6368"}],"curies":[{"name":"wp","href":"https:\/\/api.w.org\/{rel}","templated":true}]}}