{"id":6398,"date":"2023-05-05T09:44:50","date_gmt":"2023-05-05T07:44:50","guid":{"rendered":"http:\/\/www.rememberme-forever.com\/?post_type=product&#038;p=6398"},"modified":"2026-02-03T08:51:39","modified_gmt":"2026-02-03T07:51:39","slug":"artystyczne-pudelko-na-prochy-z-krzyzem","status":"publish","type":"product","link":"https:\/\/www.rememberme-forever.com\/pl\/produkt\/artystyczne-pudelko-na-prochy-z-krzyzem\/","title":{"rendered":"Artystyczne pude\u0142ko na prochy z krzy\u017cem"},"content":{"rendered":"<div style=\"width: 100%; margin-bottom: 30px; height: max-content; padding-bottom: 60%; position: relative;\"><iframe style=\"position: absolute; top: 0; left: 0; width: 100%; height: 100%;\" src=\"https:\/\/rememberme-urns.com\/modern-catholic-urn-with-cross\/\" frameborder=\"0\"><\/iframe><\/div>\n<div style=\"color: red; text-align: center; margin-bottom: 25px;\">\n<p>&gt;&gt; Obrotowe zdj\u0119cie &#8211; dotknij\/zbli\u017c &lt;&lt;<\/p>\n<\/div>\n<h2 style=\"text-align: center;\">Artystyczne pude\u0142ko na prochy z krzy\u017cem<\/h2>\n<p style=\"text-align: center;\">To artystyczne pude\u0142ko na prochy z krzy\u017cem to wyj\u0105tkowe miejsce poch\u00f3wku, kt\u00f3re z pewno\u015bci\u0105 przypadnie do gustu wielu osobom. Pude\u0142ko wykonane jest z solidnego drewna i dost\u0119pne w dw\u00f3ch kolorach: br\u0105zowym i mahoniowym. Wyr\u00f3\u017cniaj\u0105cym elementem jest umieszczony na nim srebrny krzy\u017c, kt\u00f3ry z pewno\u015bci\u0105 przyci\u0105gnie wzrok i doda charakteru ca\u0142emu przedmiotowi.<\/p>\n<p style=\"text-align: center;\">Dodatkowo, pude\u0142ko mo\u017ce zosta\u0107 spersonalizowane za pomoc\u0105 grawerowanej plakietki, co pozwala na umieszczenie indywidualnego tekstu, dzi\u0119ki czemu staje si\u0119 wyj\u0105tkowym miejscem poch\u00f3wku. Otwieranie pude\u0142ka odbywa si\u0119 od spodu, co pozwala na \u0142atwe i bezpieczne umieszczenie proch\u00f3w wewn\u0105trz, zapewniaj\u0105c im nie tylko godny, ale i bezpieczny spos\u00f3b pochowania.<\/p>\n<p style=\"text-align: center;\">Artystyczne pude\u0142ko na prochy z krzy\u017cem to nie tylko estetyczne, ale i praktyczne rozwi\u0105zanie, poniewa\u017c regularne kszta\u0142ty mog\u0105 mie\u0107 znaczenie przy w\u0142o\u017ceniu urny no niszy lib kolumbarium.<\/p>\n<p style=\"text-align: center;\">Mamy mo\u017cliwo\u015b\u0107 w\u0142o\u017cenia proch\u00f3w w plastikowym worku dla dodatkowego ich zabezpieczenia. To idealne miejsce poch\u00f3wku dla tych, kt\u00f3rzy ceni\u0105 sobie estetyk\u0119 oraz chc\u0105 po\u017cegna\u0107 swoich bliskich w spos\u00f3b godny i niepowtarzalny.<\/p>\n<p>&nbsp;<\/p>\n<h3 style=\"text-align: center;\"><strong>PERSONALIZACJA<\/strong><\/h3>\n<p style=\"text-align: center;\">Je\u015bli wybierzesz grawerowan\u0105 plakietk\u0119 w zestawie z urn\u0105, prze\u015blij tekst w ramce \u201cGrawerowana plakietka\u201d.<\/p>\n<p style=\"text-align: center;\">Tekst do grawerowanej plakietki powinien by\u0107 dostarczony podczas sk\u0142adania zam\u00f3wienia. (Prosz\u0119 nie panikowa\u0107, je\u015bli to przegapisz, poniewa\u017c zawsze mo\u017cesz wys\u0142a\u0107 nam wiadomo\u015b\u0107 p\u00f3\u017aniej.)<\/p>\n<p><img loading=\"lazy\" decoding=\"async\" class=\" wp-image-1449 aligncenter\" src=\"http:\/\/www.rememberme-forever.com\/wp-content\/uploads\/2023\/04\/memorial-plaque-cremation-urn-silver-300x153.jpg\" alt=\"memorial plaque cremation urn silver\" width=\"269\" height=\"137\" srcset=\"https:\/\/www.rememberme-forever.com\/wp-content\/uploads\/2023\/04\/memorial-plaque-cremation-urn-silver-300x153.jpg 300w, https:\/\/www.rememberme-forever.com\/wp-content\/uploads\/2023\/04\/memorial-plaque-cremation-urn-silver-64x33.jpg 64w, https:\/\/www.rememberme-forever.com\/wp-content\/uploads\/2023\/04\/memorial-plaque-cremation-urn-silver.jpg 448w\" sizes=\"auto, (max-width: 269px) 100vw, 269px\" \/><\/p>\n<p style=\"text-align: center;\"><em><strong>Przed dodaniem produktu do koszyka dok\u0142adnie SPRAWD\u0179 tekst przes\u0142any do grawerowania. Do\u00a0 tekstu kt\u00f3ry otrzymujemy wraz z zam\u00f3wieniem\u00a0 nie wprowadzamy \u017cadnych zmian z naszej strony. Tekst jest grawerowany dok\u0142adnie taki, jaki otrzymujemy od pa\u0144stwa. <\/strong><\/em><\/p>\n<p style=\"text-align: center;\"><em><strong>Sprawd\u017a tekst, aby upewni\u0107 si\u0119, \u017ce pisownia jest poprawna.<\/strong><\/em><\/p>\n","protected":false},"excerpt":{"rendered":"<p><em><strong>Urna pomie\u015bci prochy zmra\u0142ej osoby o wadze cia\u0142a 135kg lub mniej.<\/strong><\/em><\/p>\n<p><b>\u2611\ufe0f <em style=\"color: red;\">Jeste\u015bmy \u015bwiadomi kr\u00f3tkiego czasu na dostarczenie urny. Urn\u0119 zam\u00f3wion\u0105 do godz. 12.00 w dzie\u0144 roboczy wysy\u0142amy natychmiast.\u00a0<\/em><\/b><\/p>\n","protected":false},"featured_media":6725,"template":"","meta":{"_acf_changed":false},"product_brand":[],"product_cat":[78,93],"product_tag":[3308,995,1078,997,994,993,962],"class_list":{"0":"post-6398","1":"product","2":"type-product","3":"status-publish","4":"has-post-thumbnail","6":"product_cat-urny-artystyczne","7":"product_cat-urny-drewniane","8":"product_tag-gpsr-all-wood-urns","9":"product_tag-kremacja","10":"product_tag-krzyz","11":"product_tag-pogrzeb","12":"product_tag-prochy","13":"product_tag-pudelko","14":"product_tag-urna","15":"product_shipping_class-wood-urns-pl","17":"first","18":"instock","19":"taxable","20":"shipping-taxable","21":"purchasable","22":"product-type-variable"},"yoast_head":"<!-- This site is optimized with the Yoast SEO plugin v27.4 - https:\/\/yoast.com\/product\/yoast-seo-wordpress\/ -->\n<title>Artystyczne pude\u0142ko na prochy z krzy\u017cem<\/title>\n<meta name=\"description\" content=\"To artystyczne pude\u0142ko na prochy z krzy\u017cem to wyj\u0105tkowe miejsce poch\u00f3wku, kt\u00f3re z pewno\u015bci\u0105 przypadnie do gustu wielu osobom.\" \/>\n<meta name=\"robots\" content=\"index, follow, max-snippet:-1, max-image-preview:large, max-video-preview:-1\" \/>\n<link rel=\"canonical\" href=\"https:\/\/www.rememberme-forever.com\/pl\/produkt\/artystyczne-pudelko-na-prochy-z-krzyzem\/\" \/>\n<meta property=\"og:locale\" content=\"pl_PL\" \/>\n<meta property=\"og:type\" content=\"article\" \/>\n<meta property=\"og:title\" content=\"Artystyczne pude\u0142ko na prochy z krzy\u017cem\" \/>\n<meta property=\"og:description\" content=\"To artystyczne pude\u0142ko na prochy z krzy\u017cem to wyj\u0105tkowe miejsce poch\u00f3wku, kt\u00f3re z pewno\u015bci\u0105 przypadnie do gustu wielu osobom.\" \/>\n<meta property=\"og:url\" content=\"https:\/\/www.rememberme-forever.com\/pl\/produkt\/artystyczne-pudelko-na-prochy-z-krzyzem\/\" \/>\n<meta property=\"og:site_name\" content=\"Remember Forever\" \/>\n<meta property=\"article:modified_time\" content=\"2026-02-03T07:51:39+00:00\" \/>\n<meta property=\"og:image\" content=\"http:\/\/www.rememberme-forever.com\/wp-content\/uploads\/2023\/05\/Artystyczne-pudelka-na-prochy-z-krzyzem.jpg\" \/>\n\t<meta property=\"og:image:width\" content=\"768\" \/>\n\t<meta property=\"og:image:height\" content=\"781\" \/>\n\t<meta property=\"og:image:type\" content=\"image\/jpeg\" \/>\n<meta name=\"twitter:card\" content=\"summary_large_image\" \/>\n<meta name=\"twitter:label1\" content=\"Szacowany czas czytania\" \/>\n\t<meta name=\"twitter:data1\" content=\"2 minuta\" \/>\n<script type=\"application\/ld+json\" class=\"yoast-schema-graph\">{\"@context\":\"https:\\\/\\\/schema.org\",\"@graph\":[{\"@type\":\"WebPage\",\"@id\":\"https:\\\/\\\/www.rememberme-forever.com\\\/pl\\\/produkt\\\/artystyczne-pudelko-na-prochy-z-krzyzem\\\/\",\"url\":\"https:\\\/\\\/www.rememberme-forever.com\\\/pl\\\/produkt\\\/artystyczne-pudelko-na-prochy-z-krzyzem\\\/\",\"name\":\"Artystyczne pude\u0142ko na prochy z krzy\u017cem\",\"isPartOf\":{\"@id\":\"https:\\\/\\\/www.rememberme-forever.com\\\/pl\\\/#website\"},\"primaryImageOfPage\":{\"@id\":\"https:\\\/\\\/www.rememberme-forever.com\\\/pl\\\/produkt\\\/artystyczne-pudelko-na-prochy-z-krzyzem\\\/#primaryimage\"},\"image\":{\"@id\":\"https:\\\/\\\/www.rememberme-forever.com\\\/pl\\\/produkt\\\/artystyczne-pudelko-na-prochy-z-krzyzem\\\/#primaryimage\"},\"thumbnailUrl\":\"https:\\\/\\\/www.rememberme-forever.com\\\/wp-content\\\/uploads\\\/2023\\\/05\\\/Artystyczne-pudelka-na-prochy-z-krzyzem.jpg\",\"datePublished\":\"2023-05-05T07:44:50+00:00\",\"dateModified\":\"2026-02-03T07:51:39+00:00\",\"description\":\"To artystyczne pude\u0142ko na prochy z krzy\u017cem to wyj\u0105tkowe miejsce poch\u00f3wku, kt\u00f3re z pewno\u015bci\u0105 przypadnie do gustu wielu osobom.\",\"breadcrumb\":{\"@id\":\"https:\\\/\\\/www.rememberme-forever.com\\\/pl\\\/produkt\\\/artystyczne-pudelko-na-prochy-z-krzyzem\\\/#breadcrumb\"},\"inLanguage\":\"pl-PL\",\"potentialAction\":[{\"@type\":\"ReadAction\",\"target\":[\"https:\\\/\\\/www.rememberme-forever.com\\\/pl\\\/produkt\\\/artystyczne-pudelko-na-prochy-z-krzyzem\\\/\"]}]},{\"@type\":\"ImageObject\",\"inLanguage\":\"pl-PL\",\"@id\":\"https:\\\/\\\/www.rememberme-forever.com\\\/pl\\\/produkt\\\/artystyczne-pudelko-na-prochy-z-krzyzem\\\/#primaryimage\",\"url\":\"https:\\\/\\\/www.rememberme-forever.com\\\/wp-content\\\/uploads\\\/2023\\\/05\\\/Artystyczne-pudelka-na-prochy-z-krzyzem.jpg\",\"contentUrl\":\"https:\\\/\\\/www.rememberme-forever.com\\\/wp-content\\\/uploads\\\/2023\\\/05\\\/Artystyczne-pudelka-na-prochy-z-krzyzem.jpg\",\"width\":768,\"height\":781,\"caption\":\"Artystyczne pude\u0142ka na prochy z krzy\u017cem\"},{\"@type\":\"BreadcrumbList\",\"@id\":\"https:\\\/\\\/www.rememberme-forever.com\\\/pl\\\/produkt\\\/artystyczne-pudelko-na-prochy-z-krzyzem\\\/#breadcrumb\",\"itemListElement\":[{\"@type\":\"ListItem\",\"position\":1,\"name\":\"Home\",\"item\":\"https:\\\/\\\/www.rememberme-forever.com\\\/pl\\\/strona-glowna\\\/\"},{\"@type\":\"ListItem\",\"position\":2,\"name\":\"Sklep\",\"item\":\"https:\\\/\\\/www.rememberme-forever.com\\\/pl\\\/sklep-2\\\/\"},{\"@type\":\"ListItem\",\"position\":3,\"name\":\"Artystyczne pude\u0142ko na prochy z krzy\u017cem\"}]},{\"@type\":\"WebSite\",\"@id\":\"https:\\\/\\\/www.rememberme-forever.com\\\/pl\\\/#website\",\"url\":\"https:\\\/\\\/www.rememberme-forever.com\\\/pl\\\/\",\"name\":\"Remember Forever\",\"description\":\"Cremation urns, funeral urns, urns for ashes\",\"publisher\":{\"@id\":\"https:\\\/\\\/www.rememberme-forever.com\\\/pl\\\/#organization\"},\"potentialAction\":[{\"@type\":\"SearchAction\",\"target\":{\"@type\":\"EntryPoint\",\"urlTemplate\":\"https:\\\/\\\/www.rememberme-forever.com\\\/pl\\\/?s={search_term_string}\"},\"query-input\":{\"@type\":\"PropertyValueSpecification\",\"valueRequired\":true,\"valueName\":\"search_term_string\"}}],\"inLanguage\":\"pl-PL\"},{\"@type\":\"Organization\",\"@id\":\"https:\\\/\\\/www.rememberme-forever.com\\\/pl\\\/#organization\",\"name\":\"Remember Forever\",\"url\":\"https:\\\/\\\/www.rememberme-forever.com\\\/pl\\\/\",\"logo\":{\"@type\":\"ImageObject\",\"inLanguage\":\"pl-PL\",\"@id\":\"https:\\\/\\\/www.rememberme-forever.com\\\/pl\\\/#\\\/schema\\\/logo\\\/image\\\/\",\"url\":\"https:\\\/\\\/www.rememberme-forever.com\\\/wp-content\\\/uploads\\\/2023\\\/02\\\/logo.png\",\"contentUrl\":\"https:\\\/\\\/www.rememberme-forever.com\\\/wp-content\\\/uploads\\\/2023\\\/02\\\/logo.png\",\"width\":300,\"height\":56,\"caption\":\"Remember Forever\"},\"image\":{\"@id\":\"https:\\\/\\\/www.rememberme-forever.com\\\/pl\\\/#\\\/schema\\\/logo\\\/image\\\/\"}}]}<\/script>\n<!-- \/ Yoast SEO plugin. -->","yoast_head_json":{"title":"Artystyczne pude\u0142ko na prochy z krzy\u017cem","description":"To artystyczne pude\u0142ko na prochy z krzy\u017cem to wyj\u0105tkowe miejsce poch\u00f3wku, kt\u00f3re z pewno\u015bci\u0105 przypadnie do gustu wielu osobom.","robots":{"index":"index","follow":"follow","max-snippet":"max-snippet:-1","max-image-preview":"max-image-preview:large","max-video-preview":"max-video-preview:-1"},"canonical":"https:\/\/www.rememberme-forever.com\/pl\/produkt\/artystyczne-pudelko-na-prochy-z-krzyzem\/","og_locale":"pl_PL","og_type":"article","og_title":"Artystyczne pude\u0142ko na prochy z krzy\u017cem","og_description":"To artystyczne pude\u0142ko na prochy z krzy\u017cem to wyj\u0105tkowe miejsce poch\u00f3wku, kt\u00f3re z pewno\u015bci\u0105 przypadnie do gustu wielu osobom.","og_url":"https:\/\/www.rememberme-forever.com\/pl\/produkt\/artystyczne-pudelko-na-prochy-z-krzyzem\/","og_site_name":"Remember Forever","article_modified_time":"2026-02-03T07:51:39+00:00","og_image":[{"width":768,"height":781,"url":"http:\/\/www.rememberme-forever.com\/wp-content\/uploads\/2023\/05\/Artystyczne-pudelka-na-prochy-z-krzyzem.jpg","type":"image\/jpeg"}],"twitter_card":"summary_large_image","twitter_misc":{"Szacowany czas czytania":"2 minuta"},"schema":{"@context":"https:\/\/schema.org","@graph":[{"@type":"WebPage","@id":"https:\/\/www.rememberme-forever.com\/pl\/produkt\/artystyczne-pudelko-na-prochy-z-krzyzem\/","url":"https:\/\/www.rememberme-forever.com\/pl\/produkt\/artystyczne-pudelko-na-prochy-z-krzyzem\/","name":"Artystyczne pude\u0142ko na prochy z krzy\u017cem","isPartOf":{"@id":"https:\/\/www.rememberme-forever.com\/pl\/#website"},"primaryImageOfPage":{"@id":"https:\/\/www.rememberme-forever.com\/pl\/produkt\/artystyczne-pudelko-na-prochy-z-krzyzem\/#primaryimage"},"image":{"@id":"https:\/\/www.rememberme-forever.com\/pl\/produkt\/artystyczne-pudelko-na-prochy-z-krzyzem\/#primaryimage"},"thumbnailUrl":"https:\/\/www.rememberme-forever.com\/wp-content\/uploads\/2023\/05\/Artystyczne-pudelka-na-prochy-z-krzyzem.jpg","datePublished":"2023-05-05T07:44:50+00:00","dateModified":"2026-02-03T07:51:39+00:00","description":"To artystyczne pude\u0142ko na prochy z krzy\u017cem to wyj\u0105tkowe miejsce poch\u00f3wku, kt\u00f3re z pewno\u015bci\u0105 przypadnie do gustu wielu osobom.","breadcrumb":{"@id":"https:\/\/www.rememberme-forever.com\/pl\/produkt\/artystyczne-pudelko-na-prochy-z-krzyzem\/#breadcrumb"},"inLanguage":"pl-PL","potentialAction":[{"@type":"ReadAction","target":["https:\/\/www.rememberme-forever.com\/pl\/produkt\/artystyczne-pudelko-na-prochy-z-krzyzem\/"]}]},{"@type":"ImageObject","inLanguage":"pl-PL","@id":"https:\/\/www.rememberme-forever.com\/pl\/produkt\/artystyczne-pudelko-na-prochy-z-krzyzem\/#primaryimage","url":"https:\/\/www.rememberme-forever.com\/wp-content\/uploads\/2023\/05\/Artystyczne-pudelka-na-prochy-z-krzyzem.jpg","contentUrl":"https:\/\/www.rememberme-forever.com\/wp-content\/uploads\/2023\/05\/Artystyczne-pudelka-na-prochy-z-krzyzem.jpg","width":768,"height":781,"caption":"Artystyczne pude\u0142ka na prochy z krzy\u017cem"},{"@type":"BreadcrumbList","@id":"https:\/\/www.rememberme-forever.com\/pl\/produkt\/artystyczne-pudelko-na-prochy-z-krzyzem\/#breadcrumb","itemListElement":[{"@type":"ListItem","position":1,"name":"Home","item":"https:\/\/www.rememberme-forever.com\/pl\/strona-glowna\/"},{"@type":"ListItem","position":2,"name":"Sklep","item":"https:\/\/www.rememberme-forever.com\/pl\/sklep-2\/"},{"@type":"ListItem","position":3,"name":"Artystyczne pude\u0142ko na prochy z krzy\u017cem"}]},{"@type":"WebSite","@id":"https:\/\/www.rememberme-forever.com\/pl\/#website","url":"https:\/\/www.rememberme-forever.com\/pl\/","name":"Remember Forever","description":"Cremation urns, funeral urns, urns for ashes","publisher":{"@id":"https:\/\/www.rememberme-forever.com\/pl\/#organization"},"potentialAction":[{"@type":"SearchAction","target":{"@type":"EntryPoint","urlTemplate":"https:\/\/www.rememberme-forever.com\/pl\/?s={search_term_string}"},"query-input":{"@type":"PropertyValueSpecification","valueRequired":true,"valueName":"search_term_string"}}],"inLanguage":"pl-PL"},{"@type":"Organization","@id":"https:\/\/www.rememberme-forever.com\/pl\/#organization","name":"Remember Forever","url":"https:\/\/www.rememberme-forever.com\/pl\/","logo":{"@type":"ImageObject","inLanguage":"pl-PL","@id":"https:\/\/www.rememberme-forever.com\/pl\/#\/schema\/logo\/image\/","url":"https:\/\/www.rememberme-forever.com\/wp-content\/uploads\/2023\/02\/logo.png","contentUrl":"https:\/\/www.rememberme-forever.com\/wp-content\/uploads\/2023\/02\/logo.png","width":300,"height":56,"caption":"Remember Forever"},"image":{"@id":"https:\/\/www.rememberme-forever.com\/pl\/#\/schema\/logo\/image\/"}}]}},"acf":[],"_links":{"self":[{"href":"https:\/\/www.rememberme-forever.com\/pl\/wp-json\/wp\/v2\/product\/6398","targetHints":{"allow":["GET"]}}],"collection":[{"href":"https:\/\/www.rememberme-forever.com\/pl\/wp-json\/wp\/v2\/product"}],"about":[{"href":"https:\/\/www.rememberme-forever.com\/pl\/wp-json\/wp\/v2\/types\/product"}],"wp:featuredmedia":[{"embeddable":true,"href":"https:\/\/www.rememberme-forever.com\/pl\/wp-json\/wp\/v2\/media\/6725"}],"wp:attachment":[{"href":"https:\/\/www.rememberme-forever.com\/pl\/wp-json\/wp\/v2\/media?parent=6398"}],"wp:term":[{"taxonomy":"product_brand","embeddable":true,"href":"https:\/\/www.rememberme-forever.com\/pl\/wp-json\/wp\/v2\/product_brand?post=6398"},{"taxonomy":"product_cat","embeddable":true,"href":"https:\/\/www.rememberme-forever.com\/pl\/wp-json\/wp\/v2\/product_cat?post=6398"},{"taxonomy":"product_tag","embeddable":true,"href":"https:\/\/www.rememberme-forever.com\/pl\/wp-json\/wp\/v2\/product_tag?post=6398"}],"curies":[{"name":"wp","href":"https:\/\/api.w.org\/{rel}","templated":true}]}}