{"id":6423,"date":"2023-05-05T09:48:15","date_gmt":"2023-05-05T07:48:15","guid":{"rendered":"http:\/\/www.rememberme-forever.com\/?post_type=product&#038;p=6423"},"modified":"2026-02-03T08:49:56","modified_gmt":"2026-02-03T07:49:56","slug":"duza-urna-tematyczna-baby-yoda-urna-na-prochy-duzej-osoby-lub-dwoch-osob","status":"publish","type":"product","link":"https:\/\/www.rememberme-forever.com\/pl\/produkt\/duza-urna-tematyczna-baby-yoda-urna-na-prochy-duzej-osoby-lub-dwoch-osob\/","title":{"rendered":"Du\u017ca urna tematyczna &#8211; Baby Yoda &#8211; urna na prochy du\u017cej osoby lub dw\u00f3ch os\u00f3b"},"content":{"rendered":"<h2 style=\"text-align: center;\">Du\u017ca urna tematyczna &#8211; Baby Yoda &#8211; urna na prochy du\u017cej osoby lub dw\u00f3ch os\u00f3b<\/h2>\n<p style=\"text-align: center;\">Je\u015bli szukasz wyj\u0105tkowego sposobu na uczczenie pami\u0119ci Twojej bliskiej osoby, to nasza du\u017ca tematyczna urna z figurk\u0105 Baby Yoda mo\u017ce by\u0107 doskona\u0142ym wyborem. Wykonana z najwy\u017cszej jako\u015bci stali nierdzewnej, zapewnia nie tylko trwa\u0142o\u015b\u0107, ale tak\u017ce pi\u0119kny wygl\u0105d. Urna mo\u017ce pomie\u015bci\u0107 prochy jednej du\u017cej osoby lub dw\u00f3ch os\u00f3b.<\/p>\n<p style=\"text-align: center;\">Wyj\u0105tkowo\u015b\u0107 tej urny podkre\u015bla figurka Baby Yoda, kt\u00f3ra znajduje si\u0119 na przedzie podstawy. Daje to mo\u017cliwo\u015b\u0107 uczczenia pami\u0119ci zmar\u0142ego, kt\u00f3ry interesowa\u0142 si\u0119 popularnym serialem science-fiction. Dodatkowo, na przedniej cz\u0119\u015bci marmurowej podstawy znajduje si\u0119 grawerowana plakietka z imieniem i datami \u017cycia zmar\u0142ej osoby.<\/p>\n<p style=\"text-align: center;\">Nasza du\u017ca tematyczna urna z Baby Yoda to pi\u0119kne i wyj\u0105tkowe miejsce na wieczny spoczynek bliskiej osoby. Dzi\u0119ki swoim rozmiarom i stabilnej konstrukcji, urna mo\u017ce by\u0107 umieszczona w dowolnym miejscu w niszy lub kolumbarium. To doskona\u0142y wyb\u00f3r dla fan\u00f3w kultowego serialu oraz dla tych, kt\u00f3rzy szukaj\u0105 oryginalnego sposobu na upami\u0119tnienie swoich bliskich.<\/p>\n<p style=\"text-align: center;\"><em><strong>Niech moc b\u0119dzie z Tob\u0105!<\/strong><\/em><\/p>\n<p>&nbsp;<\/p>\n<h3 style=\"text-align: center;\"><strong>PERSONALIZACJA<\/strong><\/h3>\n<p style=\"text-align: center;\">Je\u015bli wybierzesz grawerowan\u0105 plakietk\u0119 w zestawie z urn\u0105, prze\u015blij tekst w ramce \u201cGrawerowana plakietka\u201d.<\/p>\n<p style=\"text-align: center;\">Tekst do grawerowanej plakietki powinien by\u0107 dostarczony podczas sk\u0142adania zam\u00f3wienia. (Prosz\u0119 nie panikowa\u0107, je\u015bli to przegapisz, poniewa\u017c zawsze mo\u017cesz wys\u0142a\u0107 nam wiadomo\u015b\u0107 p\u00f3\u017aniej.)<\/p>\n<p><img loading=\"lazy\" decoding=\"async\" class=\"wp-image-1449 aligncenter\" src=\"http:\/\/www.rememberme-forever.com\/wp-content\/uploads\/2023\/04\/memorial-plaque-cremation-urn-silver-300x153.jpg\" alt=\"memorial plaque cremation urn silver\" width=\"245\" height=\"125\" srcset=\"https:\/\/www.rememberme-forever.com\/wp-content\/uploads\/2023\/04\/memorial-plaque-cremation-urn-silver-300x153.jpg 300w, https:\/\/www.rememberme-forever.com\/wp-content\/uploads\/2023\/04\/memorial-plaque-cremation-urn-silver-64x33.jpg 64w, https:\/\/www.rememberme-forever.com\/wp-content\/uploads\/2023\/04\/memorial-plaque-cremation-urn-silver.jpg 448w\" sizes=\"auto, (max-width: 245px) 100vw, 245px\" \/><\/p>\n<p style=\"text-align: center;\"><em><strong>Przed dodaniem produktu do koszyka dok\u0142adnie SPRAWD\u0179 tekst przes\u0142any do grawerowania. Do\u00a0 tekstu kt\u00f3ry otrzymujemy wraz z zam\u00f3wieniem\u00a0 nie wprowadzamy \u017cadnych zmian z naszej strony. <\/strong><\/em><\/p>\n<p style=\"text-align: center;\"><em><strong>Tekst jest grawerowany dok\u0142adnie taki, jaki otrzymujemy od pa\u0144stwa. <\/strong><\/em><\/p>\n<p style=\"text-align: center;\"><em><strong>Sprawd\u017a tekst, aby upewni\u0107 si\u0119, \u017ce pisownia jest poprawna.<\/strong><\/em><\/p>\n","protected":false},"excerpt":{"rendered":"<p><em><strong>Urna pomie\u015bci prochy osoby o du\u017cej wadze cia\u0142a lub prochy dw\u00f3ch doros\u0142ych os\u00f3b.<\/strong><\/em><\/p>\n<p><b>\u2611\ufe0f <em style=\"color: red;\">Jeste\u015bmy \u015bwiadomi kr\u00f3tkiego czasu na dostarczenie urny. Urn\u0119 zam\u00f3wion\u0105 do godz. 12.00 w dzie\u0144 roboczy wysy\u0142amy natychmiast.\u00a0<\/em><\/b><\/p>\n","protected":false},"featured_media":1782,"template":"","meta":{"_acf_changed":false},"product_brand":[],"product_cat":[90,139,136],"product_tag":[3347,1024,1011,1096,962,1098],"class_list":{"0":"post-6423","1":"product","2":"type-product","3":"status-publish","4":"has-post-thumbnail","6":"product_cat-urny-dla-dwojga","7":"product_cat-urny-metalowe","8":"product_cat-urny-tematyczne","9":"product_tag-gpsr-metal_stonebase","10":"product_tag-kula","11":"product_tag-stal-nierdzewna","12":"product_tag-star-wars-pl","13":"product_tag-urna","14":"product_tag-yoda-pl","15":"product_shipping_class-1-2-kg","17":"first","18":"instock","19":"taxable","20":"shipping-taxable","21":"purchasable","22":"product-type-simple"},"yoast_head":"<!-- This site is optimized with the Yoast SEO plugin v27.4 - https:\/\/yoast.com\/product\/yoast-seo-wordpress\/ -->\n<title>Du\u017ca urna tematyczna - Baby Yoda - urna na prochy du\u017cej osoby lub dw\u00f3ch os\u00f3b<\/title>\n<meta name=\"description\" content=\"Je\u015bli szukasz wyj\u0105tkowego sposobu na uczczenie pami\u0119ci Twojej bliskiej osoby, to nasza du\u017ca tematyczna urna z figurk\u0105 Baby Yoda mo\u017ce by\u0107 doskona\u0142ym wyborem.\" \/>\n<meta name=\"robots\" content=\"index, follow, max-snippet:-1, max-image-preview:large, max-video-preview:-1\" \/>\n<link rel=\"canonical\" href=\"https:\/\/www.rememberme-forever.com\/pl\/produkt\/duza-urna-tematyczna-baby-yoda-urna-na-prochy-duzej-osoby-lub-dwoch-osob\/\" \/>\n<meta property=\"og:locale\" content=\"pl_PL\" \/>\n<meta property=\"og:type\" content=\"article\" \/>\n<meta property=\"og:title\" content=\"Du\u017ca urna tematyczna - Baby Yoda - urna na prochy du\u017cej osoby lub dw\u00f3ch os\u00f3b\" \/>\n<meta property=\"og:description\" content=\"Je\u015bli szukasz wyj\u0105tkowego sposobu na uczczenie pami\u0119ci Twojej bliskiej osoby, to nasza du\u017ca tematyczna urna z figurk\u0105 Baby Yoda mo\u017ce by\u0107 doskona\u0142ym wyborem.\" \/>\n<meta property=\"og:url\" content=\"https:\/\/www.rememberme-forever.com\/pl\/produkt\/duza-urna-tematyczna-baby-yoda-urna-na-prochy-duzej-osoby-lub-dwoch-osob\/\" \/>\n<meta property=\"og:site_name\" content=\"Remember Forever\" \/>\n<meta property=\"article:modified_time\" content=\"2026-02-03T07:49:56+00:00\" \/>\n<meta property=\"og:image\" content=\"http:\/\/www.rememberme-forever.com\/wp-content\/uploads\/2023\/04\/baby-yoda-companion-urn-1.jpg\" \/>\n\t<meta property=\"og:image:width\" content=\"768\" \/>\n\t<meta property=\"og:image:height\" content=\"768\" \/>\n\t<meta property=\"og:image:type\" content=\"image\/jpeg\" \/>\n<meta name=\"twitter:card\" content=\"summary_large_image\" \/>\n<meta name=\"twitter:label1\" content=\"Szacowany czas czytania\" \/>\n\t<meta name=\"twitter:data1\" content=\"2 minuta\" \/>\n<script type=\"application\/ld+json\" class=\"yoast-schema-graph\">{\"@context\":\"https:\\\/\\\/schema.org\",\"@graph\":[{\"@type\":\"WebPage\",\"@id\":\"https:\\\/\\\/www.rememberme-forever.com\\\/pl\\\/produkt\\\/duza-urna-tematyczna-baby-yoda-urna-na-prochy-duzej-osoby-lub-dwoch-osob\\\/\",\"url\":\"https:\\\/\\\/www.rememberme-forever.com\\\/pl\\\/produkt\\\/duza-urna-tematyczna-baby-yoda-urna-na-prochy-duzej-osoby-lub-dwoch-osob\\\/\",\"name\":\"Du\u017ca urna tematyczna - Baby Yoda - urna na prochy du\u017cej osoby lub dw\u00f3ch os\u00f3b\",\"isPartOf\":{\"@id\":\"https:\\\/\\\/www.rememberme-forever.com\\\/pl\\\/#website\"},\"primaryImageOfPage\":{\"@id\":\"https:\\\/\\\/www.rememberme-forever.com\\\/pl\\\/produkt\\\/duza-urna-tematyczna-baby-yoda-urna-na-prochy-duzej-osoby-lub-dwoch-osob\\\/#primaryimage\"},\"image\":{\"@id\":\"https:\\\/\\\/www.rememberme-forever.com\\\/pl\\\/produkt\\\/duza-urna-tematyczna-baby-yoda-urna-na-prochy-duzej-osoby-lub-dwoch-osob\\\/#primaryimage\"},\"thumbnailUrl\":\"https:\\\/\\\/www.rememberme-forever.com\\\/wp-content\\\/uploads\\\/2023\\\/04\\\/baby-yoda-companion-urn-1.jpg\",\"datePublished\":\"2023-05-05T07:48:15+00:00\",\"dateModified\":\"2026-02-03T07:49:56+00:00\",\"description\":\"Je\u015bli szukasz wyj\u0105tkowego sposobu na uczczenie pami\u0119ci Twojej bliskiej osoby, to nasza du\u017ca tematyczna urna z figurk\u0105 Baby Yoda mo\u017ce by\u0107 doskona\u0142ym wyborem.\",\"breadcrumb\":{\"@id\":\"https:\\\/\\\/www.rememberme-forever.com\\\/pl\\\/produkt\\\/duza-urna-tematyczna-baby-yoda-urna-na-prochy-duzej-osoby-lub-dwoch-osob\\\/#breadcrumb\"},\"inLanguage\":\"pl-PL\",\"potentialAction\":[{\"@type\":\"ReadAction\",\"target\":[\"https:\\\/\\\/www.rememberme-forever.com\\\/pl\\\/produkt\\\/duza-urna-tematyczna-baby-yoda-urna-na-prochy-duzej-osoby-lub-dwoch-osob\\\/\"]}]},{\"@type\":\"ImageObject\",\"inLanguage\":\"pl-PL\",\"@id\":\"https:\\\/\\\/www.rememberme-forever.com\\\/pl\\\/produkt\\\/duza-urna-tematyczna-baby-yoda-urna-na-prochy-duzej-osoby-lub-dwoch-osob\\\/#primaryimage\",\"url\":\"https:\\\/\\\/www.rememberme-forever.com\\\/wp-content\\\/uploads\\\/2023\\\/04\\\/baby-yoda-companion-urn-1.jpg\",\"contentUrl\":\"https:\\\/\\\/www.rememberme-forever.com\\\/wp-content\\\/uploads\\\/2023\\\/04\\\/baby-yoda-companion-urn-1.jpg\",\"width\":768,\"height\":768,\"caption\":\"baby yoda companion urn\"},{\"@type\":\"BreadcrumbList\",\"@id\":\"https:\\\/\\\/www.rememberme-forever.com\\\/pl\\\/produkt\\\/duza-urna-tematyczna-baby-yoda-urna-na-prochy-duzej-osoby-lub-dwoch-osob\\\/#breadcrumb\",\"itemListElement\":[{\"@type\":\"ListItem\",\"position\":1,\"name\":\"Home\",\"item\":\"https:\\\/\\\/www.rememberme-forever.com\\\/pl\\\/strona-glowna\\\/\"},{\"@type\":\"ListItem\",\"position\":2,\"name\":\"Sklep\",\"item\":\"https:\\\/\\\/www.rememberme-forever.com\\\/pl\\\/sklep-2\\\/\"},{\"@type\":\"ListItem\",\"position\":3,\"name\":\"Du\u017ca urna tematyczna &#8211; Baby Yoda &#8211; urna na prochy du\u017cej osoby lub dw\u00f3ch os\u00f3b\"}]},{\"@type\":\"WebSite\",\"@id\":\"https:\\\/\\\/www.rememberme-forever.com\\\/pl\\\/#website\",\"url\":\"https:\\\/\\\/www.rememberme-forever.com\\\/pl\\\/\",\"name\":\"Remember Forever\",\"description\":\"Cremation urns, funeral urns, urns for ashes\",\"publisher\":{\"@id\":\"https:\\\/\\\/www.rememberme-forever.com\\\/pl\\\/#organization\"},\"potentialAction\":[{\"@type\":\"SearchAction\",\"target\":{\"@type\":\"EntryPoint\",\"urlTemplate\":\"https:\\\/\\\/www.rememberme-forever.com\\\/pl\\\/?s={search_term_string}\"},\"query-input\":{\"@type\":\"PropertyValueSpecification\",\"valueRequired\":true,\"valueName\":\"search_term_string\"}}],\"inLanguage\":\"pl-PL\"},{\"@type\":\"Organization\",\"@id\":\"https:\\\/\\\/www.rememberme-forever.com\\\/pl\\\/#organization\",\"name\":\"Remember Forever\",\"url\":\"https:\\\/\\\/www.rememberme-forever.com\\\/pl\\\/\",\"logo\":{\"@type\":\"ImageObject\",\"inLanguage\":\"pl-PL\",\"@id\":\"https:\\\/\\\/www.rememberme-forever.com\\\/pl\\\/#\\\/schema\\\/logo\\\/image\\\/\",\"url\":\"https:\\\/\\\/www.rememberme-forever.com\\\/wp-content\\\/uploads\\\/2023\\\/02\\\/logo.png\",\"contentUrl\":\"https:\\\/\\\/www.rememberme-forever.com\\\/wp-content\\\/uploads\\\/2023\\\/02\\\/logo.png\",\"width\":300,\"height\":56,\"caption\":\"Remember Forever\"},\"image\":{\"@id\":\"https:\\\/\\\/www.rememberme-forever.com\\\/pl\\\/#\\\/schema\\\/logo\\\/image\\\/\"}}]}<\/script>\n<!-- \/ Yoast SEO plugin. -->","yoast_head_json":{"title":"Du\u017ca urna tematyczna - Baby Yoda - urna na prochy du\u017cej osoby lub dw\u00f3ch os\u00f3b","description":"Je\u015bli szukasz wyj\u0105tkowego sposobu na uczczenie pami\u0119ci Twojej bliskiej osoby, to nasza du\u017ca tematyczna urna z figurk\u0105 Baby Yoda mo\u017ce by\u0107 doskona\u0142ym wyborem.","robots":{"index":"index","follow":"follow","max-snippet":"max-snippet:-1","max-image-preview":"max-image-preview:large","max-video-preview":"max-video-preview:-1"},"canonical":"https:\/\/www.rememberme-forever.com\/pl\/produkt\/duza-urna-tematyczna-baby-yoda-urna-na-prochy-duzej-osoby-lub-dwoch-osob\/","og_locale":"pl_PL","og_type":"article","og_title":"Du\u017ca urna tematyczna - Baby Yoda - urna na prochy du\u017cej osoby lub dw\u00f3ch os\u00f3b","og_description":"Je\u015bli szukasz wyj\u0105tkowego sposobu na uczczenie pami\u0119ci Twojej bliskiej osoby, to nasza du\u017ca tematyczna urna z figurk\u0105 Baby Yoda mo\u017ce by\u0107 doskona\u0142ym wyborem.","og_url":"https:\/\/www.rememberme-forever.com\/pl\/produkt\/duza-urna-tematyczna-baby-yoda-urna-na-prochy-duzej-osoby-lub-dwoch-osob\/","og_site_name":"Remember Forever","article_modified_time":"2026-02-03T07:49:56+00:00","og_image":[{"width":768,"height":768,"url":"http:\/\/www.rememberme-forever.com\/wp-content\/uploads\/2023\/04\/baby-yoda-companion-urn-1.jpg","type":"image\/jpeg"}],"twitter_card":"summary_large_image","twitter_misc":{"Szacowany czas czytania":"2 minuta"},"schema":{"@context":"https:\/\/schema.org","@graph":[{"@type":"WebPage","@id":"https:\/\/www.rememberme-forever.com\/pl\/produkt\/duza-urna-tematyczna-baby-yoda-urna-na-prochy-duzej-osoby-lub-dwoch-osob\/","url":"https:\/\/www.rememberme-forever.com\/pl\/produkt\/duza-urna-tematyczna-baby-yoda-urna-na-prochy-duzej-osoby-lub-dwoch-osob\/","name":"Du\u017ca urna tematyczna - Baby Yoda - urna na prochy du\u017cej osoby lub dw\u00f3ch os\u00f3b","isPartOf":{"@id":"https:\/\/www.rememberme-forever.com\/pl\/#website"},"primaryImageOfPage":{"@id":"https:\/\/www.rememberme-forever.com\/pl\/produkt\/duza-urna-tematyczna-baby-yoda-urna-na-prochy-duzej-osoby-lub-dwoch-osob\/#primaryimage"},"image":{"@id":"https:\/\/www.rememberme-forever.com\/pl\/produkt\/duza-urna-tematyczna-baby-yoda-urna-na-prochy-duzej-osoby-lub-dwoch-osob\/#primaryimage"},"thumbnailUrl":"https:\/\/www.rememberme-forever.com\/wp-content\/uploads\/2023\/04\/baby-yoda-companion-urn-1.jpg","datePublished":"2023-05-05T07:48:15+00:00","dateModified":"2026-02-03T07:49:56+00:00","description":"Je\u015bli szukasz wyj\u0105tkowego sposobu na uczczenie pami\u0119ci Twojej bliskiej osoby, to nasza du\u017ca tematyczna urna z figurk\u0105 Baby Yoda mo\u017ce by\u0107 doskona\u0142ym wyborem.","breadcrumb":{"@id":"https:\/\/www.rememberme-forever.com\/pl\/produkt\/duza-urna-tematyczna-baby-yoda-urna-na-prochy-duzej-osoby-lub-dwoch-osob\/#breadcrumb"},"inLanguage":"pl-PL","potentialAction":[{"@type":"ReadAction","target":["https:\/\/www.rememberme-forever.com\/pl\/produkt\/duza-urna-tematyczna-baby-yoda-urna-na-prochy-duzej-osoby-lub-dwoch-osob\/"]}]},{"@type":"ImageObject","inLanguage":"pl-PL","@id":"https:\/\/www.rememberme-forever.com\/pl\/produkt\/duza-urna-tematyczna-baby-yoda-urna-na-prochy-duzej-osoby-lub-dwoch-osob\/#primaryimage","url":"https:\/\/www.rememberme-forever.com\/wp-content\/uploads\/2023\/04\/baby-yoda-companion-urn-1.jpg","contentUrl":"https:\/\/www.rememberme-forever.com\/wp-content\/uploads\/2023\/04\/baby-yoda-companion-urn-1.jpg","width":768,"height":768,"caption":"baby yoda companion urn"},{"@type":"BreadcrumbList","@id":"https:\/\/www.rememberme-forever.com\/pl\/produkt\/duza-urna-tematyczna-baby-yoda-urna-na-prochy-duzej-osoby-lub-dwoch-osob\/#breadcrumb","itemListElement":[{"@type":"ListItem","position":1,"name":"Home","item":"https:\/\/www.rememberme-forever.com\/pl\/strona-glowna\/"},{"@type":"ListItem","position":2,"name":"Sklep","item":"https:\/\/www.rememberme-forever.com\/pl\/sklep-2\/"},{"@type":"ListItem","position":3,"name":"Du\u017ca urna tematyczna &#8211; Baby Yoda &#8211; urna na prochy du\u017cej osoby lub dw\u00f3ch os\u00f3b"}]},{"@type":"WebSite","@id":"https:\/\/www.rememberme-forever.com\/pl\/#website","url":"https:\/\/www.rememberme-forever.com\/pl\/","name":"Remember Forever","description":"Cremation urns, funeral urns, urns for ashes","publisher":{"@id":"https:\/\/www.rememberme-forever.com\/pl\/#organization"},"potentialAction":[{"@type":"SearchAction","target":{"@type":"EntryPoint","urlTemplate":"https:\/\/www.rememberme-forever.com\/pl\/?s={search_term_string}"},"query-input":{"@type":"PropertyValueSpecification","valueRequired":true,"valueName":"search_term_string"}}],"inLanguage":"pl-PL"},{"@type":"Organization","@id":"https:\/\/www.rememberme-forever.com\/pl\/#organization","name":"Remember Forever","url":"https:\/\/www.rememberme-forever.com\/pl\/","logo":{"@type":"ImageObject","inLanguage":"pl-PL","@id":"https:\/\/www.rememberme-forever.com\/pl\/#\/schema\/logo\/image\/","url":"https:\/\/www.rememberme-forever.com\/wp-content\/uploads\/2023\/02\/logo.png","contentUrl":"https:\/\/www.rememberme-forever.com\/wp-content\/uploads\/2023\/02\/logo.png","width":300,"height":56,"caption":"Remember Forever"},"image":{"@id":"https:\/\/www.rememberme-forever.com\/pl\/#\/schema\/logo\/image\/"}}]}},"acf":[],"_links":{"self":[{"href":"https:\/\/www.rememberme-forever.com\/pl\/wp-json\/wp\/v2\/product\/6423","targetHints":{"allow":["GET"]}}],"collection":[{"href":"https:\/\/www.rememberme-forever.com\/pl\/wp-json\/wp\/v2\/product"}],"about":[{"href":"https:\/\/www.rememberme-forever.com\/pl\/wp-json\/wp\/v2\/types\/product"}],"wp:featuredmedia":[{"embeddable":true,"href":"https:\/\/www.rememberme-forever.com\/pl\/wp-json\/wp\/v2\/media\/1782"}],"wp:attachment":[{"href":"https:\/\/www.rememberme-forever.com\/pl\/wp-json\/wp\/v2\/media?parent=6423"}],"wp:term":[{"taxonomy":"product_brand","embeddable":true,"href":"https:\/\/www.rememberme-forever.com\/pl\/wp-json\/wp\/v2\/product_brand?post=6423"},{"taxonomy":"product_cat","embeddable":true,"href":"https:\/\/www.rememberme-forever.com\/pl\/wp-json\/wp\/v2\/product_cat?post=6423"},{"taxonomy":"product_tag","embeddable":true,"href":"https:\/\/www.rememberme-forever.com\/pl\/wp-json\/wp\/v2\/product_tag?post=6423"}],"curies":[{"name":"wp","href":"https:\/\/api.w.org\/{rel}","templated":true}]}}