{"id":6429,"date":"2023-05-05T09:52:03","date_gmt":"2023-05-05T07:52:03","guid":{"rendered":"http:\/\/www.rememberme-forever.com\/?post_type=product&#038;p=6429"},"modified":"2026-02-03T08:47:31","modified_gmt":"2026-02-03T07:47:31","slug":"metalowa-urna-kremacyjna-w-kolorze-czerwonym","status":"publish","type":"product","link":"https:\/\/www.rememberme-forever.com\/pl\/produkt\/metalowa-urna-kremacyjna-w-kolorze-czerwonym\/","title":{"rendered":"Metalowa urna kremacyjna w kolorze czerwonym"},"content":{"rendered":"<h2 style=\"text-align: center;\">Metalowa urna kremacyjna w kolorze czerwonym<\/h2>\n<p style=\"color: red; text-align: center;\"><em><strong>\/W wyniku um\u00f3w handlowych ten produkt jest niedost\u0119pny na rynku polskim\/<\/strong><\/em><\/p>\n<p style=\"text-align: center;\">Prezentujemy Pa\u0144stwu eleganck\u0105 metalow\u0105 urn\u0119 kremacyjn\u0105 w kolorze czerwonym. Urna jest otwierana od g\u00f3ry, co u\u0142atwia wk\u0142adanie proch\u00f3w. Na g\u00f3rze urny znajduje si\u0119 ma\u0142y krzy\u017cyk lub r\u00f3\u017ca, co dodaje urnie uroku i elegancji. Urna mo\u017ce posiada\u0107 r\u00f3wnie\u017c specjaln\u0105 plakietk\u0119 grawerowan\u0105 z imieniem i datami, kt\u00f3r\u0105 mo\u017cna do\u0142\u0105czy\u0107 na podstawce z pleksy.<\/p>\n<p style=\"text-align: center;\">Urna kremacyjna jest wykonana z metalu najwy\u017cszej jako\u015bci, dzi\u0119ki czemu jest trwa\u0142a i odporna na uszkodzenia. Czerwony kolor nadaje jej elegancki i uroczy wygl\u0105d, co sprawia, \u017ce jest idealnym wyborem dla tych, kt\u00f3rzy szukaj\u0105 pi\u0119knej i wyj\u0105tkowej urny dla swoich bliskich.<\/p>\n<p style=\"text-align: center;\">Plakietka do\u0142\u0105czona do urny umo\u017cliwia spersonalizowanie jej imieniem i datami, co czyni j\u0105 jeszcze bardziej wyj\u0105tkow\u0105 i osobist\u0105. To pi\u0119kna i trwa\u0142a pami\u0105tka, kt\u00f3ra pozwala zachowa\u0107 blisk\u0105 osob\u0119 w pami\u0119ci na zawsze.<\/p>\n<p>&nbsp;<\/p>\n<h3 style=\"text-align: center;\"><strong>PERSONALIZACJA<\/strong><\/h3>\n<p style=\"text-align: center;\">Je\u015bli wybierzesz grawerowan\u0105 plakietk\u0119 w zestawie z urn\u0105, prze\u015blij tekst w ramce \u201cGrawerowana plakietka\u201d.<\/p>\n<p style=\"text-align: center;\">Tekst do grawerowanej plakietki powinien by\u0107 dostarczony podczas sk\u0142adania zam\u00f3wienia. (Prosz\u0119 nie panikowa\u0107, je\u015bli to przegapisz, poniewa\u017c zawsze mo\u017cesz wys\u0142a\u0107 nam wiadomo\u015b\u0107 p\u00f3\u017aniej.)<\/p>\n<p style=\"text-align: center;\"><em><strong>Przed dodaniem produktu do koszyka dok\u0142adnie SPRAWD\u0179 tekst przes\u0142any do grawerowania. Do\u00a0 tekstu kt\u00f3ry otrzymujemy wraz z zam\u00f3wieniem\u00a0 nie wprowadzamy \u017cadnych zmian z naszej strony. Tekst jest grawerowany dok\u0142adnie taki, jaki otrzymujemy od pa\u0144stwa. <\/strong><\/em><\/p>\n<p style=\"text-align: center;\"><em><strong>Sprawd\u017a tekst, aby upewni\u0107 si\u0119, \u017ce pisownia jest poprawna.<\/strong><\/em><\/p>\n<p style=\"text-align: center;\"><img loading=\"lazy\" decoding=\"async\" class=\" wp-image-698 aligncenter\" src=\"http:\/\/www.rememberme-forever.com\/wp-content\/uploads\/2023\/03\/gold-plaque-urn-295x300.jpg\" alt=\"gold plaque urn\" width=\"211\" height=\"215\" srcset=\"https:\/\/www.rememberme-forever.com\/wp-content\/uploads\/2023\/03\/gold-plaque-urn-295x300.jpg 295w, https:\/\/www.rememberme-forever.com\/wp-content\/uploads\/2023\/03\/gold-plaque-urn-600x610.jpg 600w, https:\/\/www.rememberme-forever.com\/wp-content\/uploads\/2023\/03\/gold-plaque-urn-64x65.jpg 64w, https:\/\/www.rememberme-forever.com\/wp-content\/uploads\/2023\/03\/gold-plaque-urn.jpg 768w\" sizes=\"auto, (max-width: 211px) 100vw, 211px\" \/><\/p>\n<p style=\"text-align: center;\"><b><i>Grawerowana plakietka zostanie dodana osobno z podstawk\u0105 jak na zdj\u0119ciu.<\/i><\/b><br \/>\n<b><i>(Podstawka na grawerowan\u0105 plakietk\u0119 wykonana jest z przezroczystej pleksy.)<\/i><\/b><\/p>\n<p>&nbsp;<\/p>\n<p style=\"text-align: center;\">\n","protected":false},"excerpt":{"rendered":"<p><em><strong>Urna pomie\u015bci prochy zmar\u0142ej osoby o wadze cia\u0142a 110Kg lub mniej.\u00a0<\/strong><\/em><\/p>\n<p><b>\u2611\ufe0f <em style=\"color: red;\">Jeste\u015bmy \u015bwiadomi kr\u00f3tkiego czasu na dostarczenie urny. Urn\u0119 zam\u00f3wion\u0105 do godz. 12.00 w dzie\u0144 roboczy wysy\u0142amy natychmiast.\u00a0<\/em><\/b><\/p>\n","protected":false},"featured_media":6705,"template":"","meta":{"_acf_changed":false},"product_brand":[],"product_cat":[139],"product_tag":[3335,995,1079,997,994,962],"class_list":{"0":"post-6429","1":"product","2":"type-product","3":"status-publish","4":"has-post-thumbnail","6":"product_cat-urny-metalowe","7":"product_tag-gpsr-metal-urns","8":"product_tag-kremacja","9":"product_tag-metal-pl","10":"product_tag-pogrzeb","11":"product_tag-prochy","12":"product_tag-urna","13":"product_shipping_class-1-2-kg","15":"first","16":"outofstock","17":"taxable","18":"shipping-taxable","19":"purchasable","20":"product-type-variable"},"yoast_head":"<!-- This site is optimized with the Yoast SEO plugin v27.4 - https:\/\/yoast.com\/product\/yoast-seo-wordpress\/ -->\n<title>Metalowa urna kremacyjna w kolorze czerwonym<\/title>\n<meta name=\"description\" content=\"Prezentujemy Pa\u0144stwu eleganck\u0105 metalow\u0105 urn\u0119 kremacyjn\u0105 w kolorze czerwonym. Urna jest otwierana od g\u00f3ry, co u\u0142atwia wk\u0142adanie proch\u00f3w.\" \/>\n<meta name=\"robots\" content=\"index, follow, max-snippet:-1, max-image-preview:large, max-video-preview:-1\" \/>\n<link rel=\"canonical\" href=\"https:\/\/www.rememberme-forever.com\/pl\/produkt\/metalowa-urna-kremacyjna-w-kolorze-czerwonym\/\" \/>\n<meta property=\"og:locale\" content=\"pl_PL\" \/>\n<meta property=\"og:type\" content=\"article\" \/>\n<meta property=\"og:title\" content=\"Metalowa urna kremacyjna w kolorze czerwonym\" \/>\n<meta property=\"og:description\" content=\"Prezentujemy Pa\u0144stwu eleganck\u0105 metalow\u0105 urn\u0119 kremacyjn\u0105 w kolorze czerwonym. Urna jest otwierana od g\u00f3ry, co u\u0142atwia wk\u0142adanie proch\u00f3w.\" \/>\n<meta property=\"og:url\" content=\"https:\/\/www.rememberme-forever.com\/pl\/produkt\/metalowa-urna-kremacyjna-w-kolorze-czerwonym\/\" \/>\n<meta property=\"og:site_name\" content=\"Remember Forever\" \/>\n<meta property=\"article:modified_time\" content=\"2026-02-03T07:47:31+00:00\" \/>\n<meta property=\"og:image\" content=\"http:\/\/www.rememberme-forever.com\/wp-content\/uploads\/2023\/05\/Metalowa-urna-kremacyjna-w-kolorze-czerwonym.jpg\" \/>\n\t<meta property=\"og:image:width\" content=\"768\" \/>\n\t<meta property=\"og:image:height\" content=\"781\" \/>\n\t<meta property=\"og:image:type\" content=\"image\/jpeg\" \/>\n<meta name=\"twitter:card\" content=\"summary_large_image\" \/>\n<meta name=\"twitter:label1\" content=\"Szacowany czas czytania\" \/>\n\t<meta name=\"twitter:data1\" content=\"2 minuta\" \/>\n<script type=\"application\/ld+json\" class=\"yoast-schema-graph\">{\"@context\":\"https:\\\/\\\/schema.org\",\"@graph\":[{\"@type\":\"WebPage\",\"@id\":\"https:\\\/\\\/www.rememberme-forever.com\\\/pl\\\/produkt\\\/metalowa-urna-kremacyjna-w-kolorze-czerwonym\\\/\",\"url\":\"https:\\\/\\\/www.rememberme-forever.com\\\/pl\\\/produkt\\\/metalowa-urna-kremacyjna-w-kolorze-czerwonym\\\/\",\"name\":\"Metalowa urna kremacyjna w kolorze czerwonym\",\"isPartOf\":{\"@id\":\"https:\\\/\\\/www.rememberme-forever.com\\\/pl\\\/#website\"},\"primaryImageOfPage\":{\"@id\":\"https:\\\/\\\/www.rememberme-forever.com\\\/pl\\\/produkt\\\/metalowa-urna-kremacyjna-w-kolorze-czerwonym\\\/#primaryimage\"},\"image\":{\"@id\":\"https:\\\/\\\/www.rememberme-forever.com\\\/pl\\\/produkt\\\/metalowa-urna-kremacyjna-w-kolorze-czerwonym\\\/#primaryimage\"},\"thumbnailUrl\":\"https:\\\/\\\/www.rememberme-forever.com\\\/wp-content\\\/uploads\\\/2023\\\/05\\\/Metalowa-urna-kremacyjna-w-kolorze-czerwonym.jpg\",\"datePublished\":\"2023-05-05T07:52:03+00:00\",\"dateModified\":\"2026-02-03T07:47:31+00:00\",\"description\":\"Prezentujemy Pa\u0144stwu eleganck\u0105 metalow\u0105 urn\u0119 kremacyjn\u0105 w kolorze czerwonym. Urna jest otwierana od g\u00f3ry, co u\u0142atwia wk\u0142adanie proch\u00f3w.\",\"breadcrumb\":{\"@id\":\"https:\\\/\\\/www.rememberme-forever.com\\\/pl\\\/produkt\\\/metalowa-urna-kremacyjna-w-kolorze-czerwonym\\\/#breadcrumb\"},\"inLanguage\":\"pl-PL\",\"potentialAction\":[{\"@type\":\"ReadAction\",\"target\":[\"https:\\\/\\\/www.rememberme-forever.com\\\/pl\\\/produkt\\\/metalowa-urna-kremacyjna-w-kolorze-czerwonym\\\/\"]}]},{\"@type\":\"ImageObject\",\"inLanguage\":\"pl-PL\",\"@id\":\"https:\\\/\\\/www.rememberme-forever.com\\\/pl\\\/produkt\\\/metalowa-urna-kremacyjna-w-kolorze-czerwonym\\\/#primaryimage\",\"url\":\"https:\\\/\\\/www.rememberme-forever.com\\\/wp-content\\\/uploads\\\/2023\\\/05\\\/Metalowa-urna-kremacyjna-w-kolorze-czerwonym.jpg\",\"contentUrl\":\"https:\\\/\\\/www.rememberme-forever.com\\\/wp-content\\\/uploads\\\/2023\\\/05\\\/Metalowa-urna-kremacyjna-w-kolorze-czerwonym.jpg\",\"width\":768,\"height\":781,\"caption\":\"Metalowa urna kremacyjna w kolorze czerwonym\"},{\"@type\":\"BreadcrumbList\",\"@id\":\"https:\\\/\\\/www.rememberme-forever.com\\\/pl\\\/produkt\\\/metalowa-urna-kremacyjna-w-kolorze-czerwonym\\\/#breadcrumb\",\"itemListElement\":[{\"@type\":\"ListItem\",\"position\":1,\"name\":\"Home\",\"item\":\"https:\\\/\\\/www.rememberme-forever.com\\\/pl\\\/strona-glowna\\\/\"},{\"@type\":\"ListItem\",\"position\":2,\"name\":\"Sklep\",\"item\":\"https:\\\/\\\/www.rememberme-forever.com\\\/pl\\\/sklep-2\\\/\"},{\"@type\":\"ListItem\",\"position\":3,\"name\":\"Metalowa urna kremacyjna w kolorze czerwonym\"}]},{\"@type\":\"WebSite\",\"@id\":\"https:\\\/\\\/www.rememberme-forever.com\\\/pl\\\/#website\",\"url\":\"https:\\\/\\\/www.rememberme-forever.com\\\/pl\\\/\",\"name\":\"Remember Forever\",\"description\":\"Cremation urns, funeral urns, urns for ashes\",\"publisher\":{\"@id\":\"https:\\\/\\\/www.rememberme-forever.com\\\/pl\\\/#organization\"},\"potentialAction\":[{\"@type\":\"SearchAction\",\"target\":{\"@type\":\"EntryPoint\",\"urlTemplate\":\"https:\\\/\\\/www.rememberme-forever.com\\\/pl\\\/?s={search_term_string}\"},\"query-input\":{\"@type\":\"PropertyValueSpecification\",\"valueRequired\":true,\"valueName\":\"search_term_string\"}}],\"inLanguage\":\"pl-PL\"},{\"@type\":\"Organization\",\"@id\":\"https:\\\/\\\/www.rememberme-forever.com\\\/pl\\\/#organization\",\"name\":\"Remember Forever\",\"url\":\"https:\\\/\\\/www.rememberme-forever.com\\\/pl\\\/\",\"logo\":{\"@type\":\"ImageObject\",\"inLanguage\":\"pl-PL\",\"@id\":\"https:\\\/\\\/www.rememberme-forever.com\\\/pl\\\/#\\\/schema\\\/logo\\\/image\\\/\",\"url\":\"https:\\\/\\\/www.rememberme-forever.com\\\/wp-content\\\/uploads\\\/2023\\\/02\\\/logo.png\",\"contentUrl\":\"https:\\\/\\\/www.rememberme-forever.com\\\/wp-content\\\/uploads\\\/2023\\\/02\\\/logo.png\",\"width\":300,\"height\":56,\"caption\":\"Remember Forever\"},\"image\":{\"@id\":\"https:\\\/\\\/www.rememberme-forever.com\\\/pl\\\/#\\\/schema\\\/logo\\\/image\\\/\"}}]}<\/script>\n<!-- \/ Yoast SEO plugin. -->","yoast_head_json":{"title":"Metalowa urna kremacyjna w kolorze czerwonym","description":"Prezentujemy Pa\u0144stwu eleganck\u0105 metalow\u0105 urn\u0119 kremacyjn\u0105 w kolorze czerwonym. Urna jest otwierana od g\u00f3ry, co u\u0142atwia wk\u0142adanie proch\u00f3w.","robots":{"index":"index","follow":"follow","max-snippet":"max-snippet:-1","max-image-preview":"max-image-preview:large","max-video-preview":"max-video-preview:-1"},"canonical":"https:\/\/www.rememberme-forever.com\/pl\/produkt\/metalowa-urna-kremacyjna-w-kolorze-czerwonym\/","og_locale":"pl_PL","og_type":"article","og_title":"Metalowa urna kremacyjna w kolorze czerwonym","og_description":"Prezentujemy Pa\u0144stwu eleganck\u0105 metalow\u0105 urn\u0119 kremacyjn\u0105 w kolorze czerwonym. Urna jest otwierana od g\u00f3ry, co u\u0142atwia wk\u0142adanie proch\u00f3w.","og_url":"https:\/\/www.rememberme-forever.com\/pl\/produkt\/metalowa-urna-kremacyjna-w-kolorze-czerwonym\/","og_site_name":"Remember Forever","article_modified_time":"2026-02-03T07:47:31+00:00","og_image":[{"width":768,"height":781,"url":"http:\/\/www.rememberme-forever.com\/wp-content\/uploads\/2023\/05\/Metalowa-urna-kremacyjna-w-kolorze-czerwonym.jpg","type":"image\/jpeg"}],"twitter_card":"summary_large_image","twitter_misc":{"Szacowany czas czytania":"2 minuta"},"schema":{"@context":"https:\/\/schema.org","@graph":[{"@type":"WebPage","@id":"https:\/\/www.rememberme-forever.com\/pl\/produkt\/metalowa-urna-kremacyjna-w-kolorze-czerwonym\/","url":"https:\/\/www.rememberme-forever.com\/pl\/produkt\/metalowa-urna-kremacyjna-w-kolorze-czerwonym\/","name":"Metalowa urna kremacyjna w kolorze czerwonym","isPartOf":{"@id":"https:\/\/www.rememberme-forever.com\/pl\/#website"},"primaryImageOfPage":{"@id":"https:\/\/www.rememberme-forever.com\/pl\/produkt\/metalowa-urna-kremacyjna-w-kolorze-czerwonym\/#primaryimage"},"image":{"@id":"https:\/\/www.rememberme-forever.com\/pl\/produkt\/metalowa-urna-kremacyjna-w-kolorze-czerwonym\/#primaryimage"},"thumbnailUrl":"https:\/\/www.rememberme-forever.com\/wp-content\/uploads\/2023\/05\/Metalowa-urna-kremacyjna-w-kolorze-czerwonym.jpg","datePublished":"2023-05-05T07:52:03+00:00","dateModified":"2026-02-03T07:47:31+00:00","description":"Prezentujemy Pa\u0144stwu eleganck\u0105 metalow\u0105 urn\u0119 kremacyjn\u0105 w kolorze czerwonym. Urna jest otwierana od g\u00f3ry, co u\u0142atwia wk\u0142adanie proch\u00f3w.","breadcrumb":{"@id":"https:\/\/www.rememberme-forever.com\/pl\/produkt\/metalowa-urna-kremacyjna-w-kolorze-czerwonym\/#breadcrumb"},"inLanguage":"pl-PL","potentialAction":[{"@type":"ReadAction","target":["https:\/\/www.rememberme-forever.com\/pl\/produkt\/metalowa-urna-kremacyjna-w-kolorze-czerwonym\/"]}]},{"@type":"ImageObject","inLanguage":"pl-PL","@id":"https:\/\/www.rememberme-forever.com\/pl\/produkt\/metalowa-urna-kremacyjna-w-kolorze-czerwonym\/#primaryimage","url":"https:\/\/www.rememberme-forever.com\/wp-content\/uploads\/2023\/05\/Metalowa-urna-kremacyjna-w-kolorze-czerwonym.jpg","contentUrl":"https:\/\/www.rememberme-forever.com\/wp-content\/uploads\/2023\/05\/Metalowa-urna-kremacyjna-w-kolorze-czerwonym.jpg","width":768,"height":781,"caption":"Metalowa urna kremacyjna w kolorze czerwonym"},{"@type":"BreadcrumbList","@id":"https:\/\/www.rememberme-forever.com\/pl\/produkt\/metalowa-urna-kremacyjna-w-kolorze-czerwonym\/#breadcrumb","itemListElement":[{"@type":"ListItem","position":1,"name":"Home","item":"https:\/\/www.rememberme-forever.com\/pl\/strona-glowna\/"},{"@type":"ListItem","position":2,"name":"Sklep","item":"https:\/\/www.rememberme-forever.com\/pl\/sklep-2\/"},{"@type":"ListItem","position":3,"name":"Metalowa urna kremacyjna w kolorze czerwonym"}]},{"@type":"WebSite","@id":"https:\/\/www.rememberme-forever.com\/pl\/#website","url":"https:\/\/www.rememberme-forever.com\/pl\/","name":"Remember Forever","description":"Cremation urns, funeral urns, urns for ashes","publisher":{"@id":"https:\/\/www.rememberme-forever.com\/pl\/#organization"},"potentialAction":[{"@type":"SearchAction","target":{"@type":"EntryPoint","urlTemplate":"https:\/\/www.rememberme-forever.com\/pl\/?s={search_term_string}"},"query-input":{"@type":"PropertyValueSpecification","valueRequired":true,"valueName":"search_term_string"}}],"inLanguage":"pl-PL"},{"@type":"Organization","@id":"https:\/\/www.rememberme-forever.com\/pl\/#organization","name":"Remember Forever","url":"https:\/\/www.rememberme-forever.com\/pl\/","logo":{"@type":"ImageObject","inLanguage":"pl-PL","@id":"https:\/\/www.rememberme-forever.com\/pl\/#\/schema\/logo\/image\/","url":"https:\/\/www.rememberme-forever.com\/wp-content\/uploads\/2023\/02\/logo.png","contentUrl":"https:\/\/www.rememberme-forever.com\/wp-content\/uploads\/2023\/02\/logo.png","width":300,"height":56,"caption":"Remember Forever"},"image":{"@id":"https:\/\/www.rememberme-forever.com\/pl\/#\/schema\/logo\/image\/"}}]}},"acf":[],"_links":{"self":[{"href":"https:\/\/www.rememberme-forever.com\/pl\/wp-json\/wp\/v2\/product\/6429","targetHints":{"allow":["GET"]}}],"collection":[{"href":"https:\/\/www.rememberme-forever.com\/pl\/wp-json\/wp\/v2\/product"}],"about":[{"href":"https:\/\/www.rememberme-forever.com\/pl\/wp-json\/wp\/v2\/types\/product"}],"wp:featuredmedia":[{"embeddable":true,"href":"https:\/\/www.rememberme-forever.com\/pl\/wp-json\/wp\/v2\/media\/6705"}],"wp:attachment":[{"href":"https:\/\/www.rememberme-forever.com\/pl\/wp-json\/wp\/v2\/media?parent=6429"}],"wp:term":[{"taxonomy":"product_brand","embeddable":true,"href":"https:\/\/www.rememberme-forever.com\/pl\/wp-json\/wp\/v2\/product_brand?post=6429"},{"taxonomy":"product_cat","embeddable":true,"href":"https:\/\/www.rememberme-forever.com\/pl\/wp-json\/wp\/v2\/product_cat?post=6429"},{"taxonomy":"product_tag","embeddable":true,"href":"https:\/\/www.rememberme-forever.com\/pl\/wp-json\/wp\/v2\/product_tag?post=6429"}],"curies":[{"name":"wp","href":"https:\/\/api.w.org\/{rel}","templated":true}]}}