{"id":6443,"date":"2023-05-05T09:58:35","date_gmt":"2023-05-05T07:58:35","guid":{"rendered":"http:\/\/www.rememberme-forever.com\/?post_type=product&#038;p=6443"},"modified":"2026-03-31T17:23:54","modified_gmt":"2026-03-31T15:23:54","slug":"urna-na-zewnatrz-ze-stali-nierdzewnej-urna-do-ogrodu","status":"publish","type":"product","link":"https:\/\/www.rememberme-forever.com\/pl\/produkt\/urna-na-zewnatrz-ze-stali-nierdzewnej-urna-do-ogrodu\/","title":{"rendered":"Urna na zewn\u0105trz ze stali nierdzewnej, urna do ogrodu"},"content":{"rendered":"<div style=\"width: 100%; margin-bottom: 30px; height: max-content; padding-bottom: 60%; position: relative;\"><iframe style=\"position: absolute; top: 0; left: 0; width: 100%; height: 100%;\" src=\"https:\/\/rememberme-urns.com\/outdoor-cremation-urn\/\" frameborder=\"0\"><\/iframe><\/div>\n<div style=\"color: red; text-align: center; margin-bottom: 25px;\">\n<p>&gt;&gt; Obrotowe zdj\u0119cie &#8211; dotknij\/zbli\u017c &lt;&lt;<\/p>\n<\/div>\n<h2 style=\"text-align: center;\">Urna na zewn\u0105trz ze stali nierdzewnej, urna do ogrodu<\/h2>\n<p style=\"text-align: center;\">\u25ba SZCZEG\u00d3\u0141Y PRODUKTU \u25c4<\/p>\n<p style=\"text-align: center;\"><strong>Szczeg\u00f3\u0142y produktu Urna towarzysz\u0105ca XL o rozmiarze 25 cm \/ 9,8 &#8221; <\/strong><\/p>\n<p style=\"text-align: center;\">\u2022 Wymiary: 25 cm (szeroko\u015b\u0107) x 27 cm (wysoko\u015b\u0107)<\/p>\n<p style=\"text-align: center;\">\u2022 Pojemno\u015b\u0107: 7,5 L (457 cali sze\u015bciennych)<\/p>\n<p style=\"text-align: center;\">\u2022 Ta urna ze stali nierdzewnej mo\u017ce by\u0107 r\u00f3wnie\u017c u\u017cyta dla doros\u0142ej osoby lub dw\u00f3ch os\u00f3b.<\/p>\n<p>&nbsp;<\/p>\n<p style=\"text-align: center;\"><strong>Szczeg\u00f3\u0142y produktu urny o rozmiarze 20 cm \/ 7,8 &#8221; (L) <\/strong><\/p>\n<p style=\"text-align: center;\">\u2022 Wymiary: 20 cm (szeroko\u015b\u0107) x 22 cm (wysoko\u015b\u0107)<\/p>\n<p style=\"text-align: center;\">\u2022 Pojemno\u015b\u0107: 3,7 L (225 cali sze\u015bciennych)<\/p>\n<p style=\"text-align: center;\">\u2022 Nadaje si\u0119 do przechowywania proch\u00f3w osoby o wadze cia\u0142a do oko\u0142o 225 funt\u00f3w lub 102 kg.<\/p>\n<p>&nbsp;<\/p>\n<p style=\"text-align: center;\"><strong>Szczeg\u00f3\u0142y produktu urny o rozmiarze 15 cm \/ 5.8 &#8222;(M) <\/strong><\/p>\n<p style=\"text-align: center;\">\u2022 Wymiary: 17 cm (szeroko\u015b\u0107) x 17 cm (wysoko\u015b\u0107)<\/p>\n<p style=\"text-align: center;\">\u2022 Pojemno\u015b\u0107: 1.3 L<\/p>\n<p style=\"text-align: center;\">\u2022 Nadaje si\u0119 do przechowywania proch\u00f3w osoby o wadze cia\u0142a do oko\u0142o 35 kg.<\/p>\n<p>&nbsp;<\/p>\n<p style=\"text-align: center;\">\u25ba OPIS \u25c4<\/p>\n<div class=\"flex-1 overflow-hidden\" style=\"text-align: center;\">\n<div class=\"react-scroll-to-bottom--css-muhox-79elbk h-full dark:bg-gray-800\">\n<div class=\"react-scroll-to-bottom--css-muhox-1n7m0yu\">\n<div class=\"flex flex-col items-center text-sm dark:bg-gray-800\">\n<div class=\"group w-full text-gray-800 dark:text-gray-100 border-b border-black\/10 dark:border-gray-900\/50 bg-gray-50 dark:bg-[#444654]\">\n<div class=\"flex p-4 gap-4 text-base md:gap-6 md:max-w-2xl lg:max-w-xl xl:max-w-3xl md:py-6 lg:px-0 m-auto\">\n<div class=\"relative flex flex-col w-[calc(100%-50px)] gap-1 md:gap-3 lg:w-[calc(100%-115px)]\">\n<div class=\"flex flex-grow flex-col gap-3\">\n<div class=\"min-h-[20px] flex flex-col items-start gap-4 whitespace-pre-wrap break-words\">\n<div class=\"markdown prose w-full break-words dark:prose-invert dark\">\n<p><strong>Urna na zewn\u0105trz<\/strong> to urna wykonana z wysokiej jako\u015bci stali nierdzewnej, kula kremacyjna jest zaprojektowana tak, aby wytrzyma\u0107 warunki atmosferyczne, co czyni j\u0105 idealnym wyborem do umieszczenia w ogrodzie lub przestrzeni zewn\u0119trznej.<\/p>\n<p>Okr\u0105g\u0142a kamienista podstawa jest solidna i trwa\u0142a, zapewniaj\u0105c stabiln\u0105 podstaw\u0119 dla urny. Jej naturalne pi\u0119kno uzupe\u0142nia eleganck\u0105 prostot\u0119 kuli ze stali nierdzewnej, tworz\u0105c ponadczasowy i spokojny pomnik.<\/p>\n<p>Dolne otwarcie urny umo\u017cliwia \u0142atwe umieszczenie proch\u00f3w, a bezpieczne uszczelnienie zapewnia, \u017ce b\u0119d\u0105 one bezpieczne i chronione. Patrz\u0105c na urn\u0119, mo\u017cesz poczu\u0107 mi\u0142o\u015b\u0107 i po\u0142\u0105czenie, kt\u00f3re dzieli\u0142e\u015b z Twoim ukochanym, a pi\u0119kno otoczenia na zewn\u0105trz tylko dodaje do poczucia spokoju i spokoju.<\/p>\n<p>Ta<strong> wodoodporna urna<\/strong> jest zaprojektowana tak, aby wytrzyma\u0107 pr\u00f3b\u0119 czasu, pozwalaj\u0105c Ci uczyni\u0107 z niej trwa\u0142y pomnik z prochami wewn\u0105trz.<\/p>\n<p>Idealna na prochy zwierz\u0119cia: psa, kota lub innego, kt\u00f3rego szcz\u0105tki mo\u017cesz trzyma\u0107 w ogrodzie.<\/p>\n<\/div>\n<\/div>\n<\/div>\n<\/div>\n<\/div>\n<\/div>\n<\/div>\n<\/div>\n<\/div>\n<\/div>\n","protected":false},"excerpt":{"rendered":"<p><em><strong>Wodoodporna urna na prochy, kt\u00f3ra wytrzyma ka\u017cde warunki atmosferyczne. Idealna na prochy zwierzaka lub do ogrodu pami\u0119ci.<\/strong><\/em><\/p>\n<p><b>\u2611\ufe0f <em style=\"color: red;\">Jeste\u015bmy \u015bwiadomi kr\u00f3tkiego czasu na dostarczenie urny. Urn\u0119 zam\u00f3wion\u0105 do godz. 12.00 w dzie\u0144 roboczy wysy\u0142amy natychmiast.\u00a0<\/em><\/b><\/p>\n","protected":false},"featured_media":26484,"template":"","meta":{"_acf_changed":false},"product_brand":[],"product_cat":[90,137,139,138],"product_tag":[3347,995,1087,1088,994,1011,962],"class_list":{"0":"post-6443","1":"product","2":"type-product","3":"status-publish","4":"has-post-thumbnail","6":"product_cat-urny-dla-dwojga","7":"product_cat-urny-dla-zwierzat","8":"product_cat-urny-metalowe","9":"product_cat-urny-na-zewnatrz","10":"product_tag-gpsr-metal_stonebase","11":"product_tag-kremacja","12":"product_tag-na-zewnatrz","13":"product_tag-ogrod","14":"product_tag-prochy","15":"product_tag-stal-nierdzewna","16":"product_tag-urna","17":"product_shipping_class-1-2-kg","19":"first","20":"instock","21":"taxable","22":"shipping-taxable","23":"purchasable","24":"product-type-variable"},"yoast_head":"<!-- This site is optimized with the Yoast SEO plugin v27.4 - https:\/\/yoast.com\/product\/yoast-seo-wordpress\/ -->\n<title>Urna na zewn\u0105trz ze stali nierdzewnej, urna do ogrodu<\/title>\n<meta name=\"description\" content=\"Urna na zewn\u0105trz to urna wykonana z wysokiej jako\u015bci stali nierdzewnej, kula kremacyjna jest zaprojektowana tak, aby wytrzyma\u0107 warunki atmosferyczne...\" \/>\n<meta name=\"robots\" content=\"index, follow, max-snippet:-1, max-image-preview:large, max-video-preview:-1\" \/>\n<link rel=\"canonical\" href=\"https:\/\/www.rememberme-forever.com\/pl\/produkt\/urna-na-zewnatrz-ze-stali-nierdzewnej-urna-do-ogrodu\/\" \/>\n<meta property=\"og:locale\" content=\"pl_PL\" \/>\n<meta property=\"og:type\" content=\"article\" \/>\n<meta property=\"og:title\" content=\"Urna na zewn\u0105trz ze stali nierdzewnej, urna do ogrodu\" \/>\n<meta property=\"og:description\" content=\"Urna na zewn\u0105trz to urna wykonana z wysokiej jako\u015bci stali nierdzewnej, kula kremacyjna jest zaprojektowana tak, aby wytrzyma\u0107 warunki atmosferyczne...\" \/>\n<meta property=\"og:url\" content=\"https:\/\/www.rememberme-forever.com\/pl\/produkt\/urna-na-zewnatrz-ze-stali-nierdzewnej-urna-do-ogrodu\/\" \/>\n<meta property=\"og:site_name\" content=\"Remember Forever\" \/>\n<meta property=\"article:modified_time\" content=\"2026-03-31T15:23:54+00:00\" \/>\n<meta property=\"og:image\" content=\"http:\/\/www.rememberme-forever.com\/wp-content\/uploads\/2023\/05\/Outdoor-urns-collage.jpg\" \/>\n\t<meta property=\"og:image:width\" content=\"1007\" \/>\n\t<meta property=\"og:image:height\" content=\"1024\" \/>\n\t<meta property=\"og:image:type\" content=\"image\/jpeg\" \/>\n<meta name=\"twitter:card\" content=\"summary_large_image\" \/>\n<meta name=\"twitter:label1\" content=\"Szacowany czas czytania\" \/>\n\t<meta name=\"twitter:data1\" content=\"2 minuta\" \/>\n<script type=\"application\/ld+json\" class=\"yoast-schema-graph\">{\"@context\":\"https:\\\/\\\/schema.org\",\"@graph\":[{\"@type\":\"WebPage\",\"@id\":\"https:\\\/\\\/www.rememberme-forever.com\\\/pl\\\/produkt\\\/urna-na-zewnatrz-ze-stali-nierdzewnej-urna-do-ogrodu\\\/\",\"url\":\"https:\\\/\\\/www.rememberme-forever.com\\\/pl\\\/produkt\\\/urna-na-zewnatrz-ze-stali-nierdzewnej-urna-do-ogrodu\\\/\",\"name\":\"Urna na zewn\u0105trz ze stali nierdzewnej, urna do ogrodu\",\"isPartOf\":{\"@id\":\"https:\\\/\\\/www.rememberme-forever.com\\\/pl\\\/#website\"},\"primaryImageOfPage\":{\"@id\":\"https:\\\/\\\/www.rememberme-forever.com\\\/pl\\\/produkt\\\/urna-na-zewnatrz-ze-stali-nierdzewnej-urna-do-ogrodu\\\/#primaryimage\"},\"image\":{\"@id\":\"https:\\\/\\\/www.rememberme-forever.com\\\/pl\\\/produkt\\\/urna-na-zewnatrz-ze-stali-nierdzewnej-urna-do-ogrodu\\\/#primaryimage\"},\"thumbnailUrl\":\"https:\\\/\\\/www.rememberme-forever.com\\\/wp-content\\\/uploads\\\/2023\\\/05\\\/Outdoor-urns-collage.jpg\",\"datePublished\":\"2023-05-05T07:58:35+00:00\",\"dateModified\":\"2026-03-31T15:23:54+00:00\",\"description\":\"Urna na zewn\u0105trz to urna wykonana z wysokiej jako\u015bci stali nierdzewnej, kula kremacyjna jest zaprojektowana tak, aby wytrzyma\u0107 warunki atmosferyczne...\",\"breadcrumb\":{\"@id\":\"https:\\\/\\\/www.rememberme-forever.com\\\/pl\\\/produkt\\\/urna-na-zewnatrz-ze-stali-nierdzewnej-urna-do-ogrodu\\\/#breadcrumb\"},\"inLanguage\":\"pl-PL\",\"potentialAction\":[{\"@type\":\"ReadAction\",\"target\":[\"https:\\\/\\\/www.rememberme-forever.com\\\/pl\\\/produkt\\\/urna-na-zewnatrz-ze-stali-nierdzewnej-urna-do-ogrodu\\\/\"]}]},{\"@type\":\"ImageObject\",\"inLanguage\":\"pl-PL\",\"@id\":\"https:\\\/\\\/www.rememberme-forever.com\\\/pl\\\/produkt\\\/urna-na-zewnatrz-ze-stali-nierdzewnej-urna-do-ogrodu\\\/#primaryimage\",\"url\":\"https:\\\/\\\/www.rememberme-forever.com\\\/wp-content\\\/uploads\\\/2023\\\/05\\\/Outdoor-urns-collage.jpg\",\"contentUrl\":\"https:\\\/\\\/www.rememberme-forever.com\\\/wp-content\\\/uploads\\\/2023\\\/05\\\/Outdoor-urns-collage.jpg\",\"width\":1007,\"height\":1024,\"caption\":\"urny na zewnatrz do ogrody wspomnie\u0144\"},{\"@type\":\"BreadcrumbList\",\"@id\":\"https:\\\/\\\/www.rememberme-forever.com\\\/pl\\\/produkt\\\/urna-na-zewnatrz-ze-stali-nierdzewnej-urna-do-ogrodu\\\/#breadcrumb\",\"itemListElement\":[{\"@type\":\"ListItem\",\"position\":1,\"name\":\"Home\",\"item\":\"https:\\\/\\\/www.rememberme-forever.com\\\/pl\\\/strona-glowna\\\/\"},{\"@type\":\"ListItem\",\"position\":2,\"name\":\"Sklep\",\"item\":\"https:\\\/\\\/www.rememberme-forever.com\\\/pl\\\/sklep-2\\\/\"},{\"@type\":\"ListItem\",\"position\":3,\"name\":\"Urna na zewn\u0105trz ze stali nierdzewnej, urna do ogrodu\"}]},{\"@type\":\"WebSite\",\"@id\":\"https:\\\/\\\/www.rememberme-forever.com\\\/pl\\\/#website\",\"url\":\"https:\\\/\\\/www.rememberme-forever.com\\\/pl\\\/\",\"name\":\"Remember Forever\",\"description\":\"Cremation urns, funeral urns, urns for ashes\",\"publisher\":{\"@id\":\"https:\\\/\\\/www.rememberme-forever.com\\\/pl\\\/#organization\"},\"potentialAction\":[{\"@type\":\"SearchAction\",\"target\":{\"@type\":\"EntryPoint\",\"urlTemplate\":\"https:\\\/\\\/www.rememberme-forever.com\\\/pl\\\/?s={search_term_string}\"},\"query-input\":{\"@type\":\"PropertyValueSpecification\",\"valueRequired\":true,\"valueName\":\"search_term_string\"}}],\"inLanguage\":\"pl-PL\"},{\"@type\":\"Organization\",\"@id\":\"https:\\\/\\\/www.rememberme-forever.com\\\/pl\\\/#organization\",\"name\":\"Remember Forever\",\"url\":\"https:\\\/\\\/www.rememberme-forever.com\\\/pl\\\/\",\"logo\":{\"@type\":\"ImageObject\",\"inLanguage\":\"pl-PL\",\"@id\":\"https:\\\/\\\/www.rememberme-forever.com\\\/pl\\\/#\\\/schema\\\/logo\\\/image\\\/\",\"url\":\"https:\\\/\\\/www.rememberme-forever.com\\\/wp-content\\\/uploads\\\/2023\\\/02\\\/logo.png\",\"contentUrl\":\"https:\\\/\\\/www.rememberme-forever.com\\\/wp-content\\\/uploads\\\/2023\\\/02\\\/logo.png\",\"width\":300,\"height\":56,\"caption\":\"Remember Forever\"},\"image\":{\"@id\":\"https:\\\/\\\/www.rememberme-forever.com\\\/pl\\\/#\\\/schema\\\/logo\\\/image\\\/\"}}]}<\/script>\n<!-- \/ Yoast SEO plugin. -->","yoast_head_json":{"title":"Urna na zewn\u0105trz ze stali nierdzewnej, urna do ogrodu","description":"Urna na zewn\u0105trz to urna wykonana z wysokiej jako\u015bci stali nierdzewnej, kula kremacyjna jest zaprojektowana tak, aby wytrzyma\u0107 warunki atmosferyczne...","robots":{"index":"index","follow":"follow","max-snippet":"max-snippet:-1","max-image-preview":"max-image-preview:large","max-video-preview":"max-video-preview:-1"},"canonical":"https:\/\/www.rememberme-forever.com\/pl\/produkt\/urna-na-zewnatrz-ze-stali-nierdzewnej-urna-do-ogrodu\/","og_locale":"pl_PL","og_type":"article","og_title":"Urna na zewn\u0105trz ze stali nierdzewnej, urna do ogrodu","og_description":"Urna na zewn\u0105trz to urna wykonana z wysokiej jako\u015bci stali nierdzewnej, kula kremacyjna jest zaprojektowana tak, aby wytrzyma\u0107 warunki atmosferyczne...","og_url":"https:\/\/www.rememberme-forever.com\/pl\/produkt\/urna-na-zewnatrz-ze-stali-nierdzewnej-urna-do-ogrodu\/","og_site_name":"Remember Forever","article_modified_time":"2026-03-31T15:23:54+00:00","og_image":[{"width":1007,"height":1024,"url":"http:\/\/www.rememberme-forever.com\/wp-content\/uploads\/2023\/05\/Outdoor-urns-collage.jpg","type":"image\/jpeg"}],"twitter_card":"summary_large_image","twitter_misc":{"Szacowany czas czytania":"2 minuta"},"schema":{"@context":"https:\/\/schema.org","@graph":[{"@type":"WebPage","@id":"https:\/\/www.rememberme-forever.com\/pl\/produkt\/urna-na-zewnatrz-ze-stali-nierdzewnej-urna-do-ogrodu\/","url":"https:\/\/www.rememberme-forever.com\/pl\/produkt\/urna-na-zewnatrz-ze-stali-nierdzewnej-urna-do-ogrodu\/","name":"Urna na zewn\u0105trz ze stali nierdzewnej, urna do ogrodu","isPartOf":{"@id":"https:\/\/www.rememberme-forever.com\/pl\/#website"},"primaryImageOfPage":{"@id":"https:\/\/www.rememberme-forever.com\/pl\/produkt\/urna-na-zewnatrz-ze-stali-nierdzewnej-urna-do-ogrodu\/#primaryimage"},"image":{"@id":"https:\/\/www.rememberme-forever.com\/pl\/produkt\/urna-na-zewnatrz-ze-stali-nierdzewnej-urna-do-ogrodu\/#primaryimage"},"thumbnailUrl":"https:\/\/www.rememberme-forever.com\/wp-content\/uploads\/2023\/05\/Outdoor-urns-collage.jpg","datePublished":"2023-05-05T07:58:35+00:00","dateModified":"2026-03-31T15:23:54+00:00","description":"Urna na zewn\u0105trz to urna wykonana z wysokiej jako\u015bci stali nierdzewnej, kula kremacyjna jest zaprojektowana tak, aby wytrzyma\u0107 warunki atmosferyczne...","breadcrumb":{"@id":"https:\/\/www.rememberme-forever.com\/pl\/produkt\/urna-na-zewnatrz-ze-stali-nierdzewnej-urna-do-ogrodu\/#breadcrumb"},"inLanguage":"pl-PL","potentialAction":[{"@type":"ReadAction","target":["https:\/\/www.rememberme-forever.com\/pl\/produkt\/urna-na-zewnatrz-ze-stali-nierdzewnej-urna-do-ogrodu\/"]}]},{"@type":"ImageObject","inLanguage":"pl-PL","@id":"https:\/\/www.rememberme-forever.com\/pl\/produkt\/urna-na-zewnatrz-ze-stali-nierdzewnej-urna-do-ogrodu\/#primaryimage","url":"https:\/\/www.rememberme-forever.com\/wp-content\/uploads\/2023\/05\/Outdoor-urns-collage.jpg","contentUrl":"https:\/\/www.rememberme-forever.com\/wp-content\/uploads\/2023\/05\/Outdoor-urns-collage.jpg","width":1007,"height":1024,"caption":"urny na zewnatrz do ogrody wspomnie\u0144"},{"@type":"BreadcrumbList","@id":"https:\/\/www.rememberme-forever.com\/pl\/produkt\/urna-na-zewnatrz-ze-stali-nierdzewnej-urna-do-ogrodu\/#breadcrumb","itemListElement":[{"@type":"ListItem","position":1,"name":"Home","item":"https:\/\/www.rememberme-forever.com\/pl\/strona-glowna\/"},{"@type":"ListItem","position":2,"name":"Sklep","item":"https:\/\/www.rememberme-forever.com\/pl\/sklep-2\/"},{"@type":"ListItem","position":3,"name":"Urna na zewn\u0105trz ze stali nierdzewnej, urna do ogrodu"}]},{"@type":"WebSite","@id":"https:\/\/www.rememberme-forever.com\/pl\/#website","url":"https:\/\/www.rememberme-forever.com\/pl\/","name":"Remember Forever","description":"Cremation urns, funeral urns, urns for ashes","publisher":{"@id":"https:\/\/www.rememberme-forever.com\/pl\/#organization"},"potentialAction":[{"@type":"SearchAction","target":{"@type":"EntryPoint","urlTemplate":"https:\/\/www.rememberme-forever.com\/pl\/?s={search_term_string}"},"query-input":{"@type":"PropertyValueSpecification","valueRequired":true,"valueName":"search_term_string"}}],"inLanguage":"pl-PL"},{"@type":"Organization","@id":"https:\/\/www.rememberme-forever.com\/pl\/#organization","name":"Remember Forever","url":"https:\/\/www.rememberme-forever.com\/pl\/","logo":{"@type":"ImageObject","inLanguage":"pl-PL","@id":"https:\/\/www.rememberme-forever.com\/pl\/#\/schema\/logo\/image\/","url":"https:\/\/www.rememberme-forever.com\/wp-content\/uploads\/2023\/02\/logo.png","contentUrl":"https:\/\/www.rememberme-forever.com\/wp-content\/uploads\/2023\/02\/logo.png","width":300,"height":56,"caption":"Remember Forever"},"image":{"@id":"https:\/\/www.rememberme-forever.com\/pl\/#\/schema\/logo\/image\/"}}]}},"acf":[],"_links":{"self":[{"href":"https:\/\/www.rememberme-forever.com\/pl\/wp-json\/wp\/v2\/product\/6443","targetHints":{"allow":["GET"]}}],"collection":[{"href":"https:\/\/www.rememberme-forever.com\/pl\/wp-json\/wp\/v2\/product"}],"about":[{"href":"https:\/\/www.rememberme-forever.com\/pl\/wp-json\/wp\/v2\/types\/product"}],"wp:featuredmedia":[{"embeddable":true,"href":"https:\/\/www.rememberme-forever.com\/pl\/wp-json\/wp\/v2\/media\/26484"}],"wp:attachment":[{"href":"https:\/\/www.rememberme-forever.com\/pl\/wp-json\/wp\/v2\/media?parent=6443"}],"wp:term":[{"taxonomy":"product_brand","embeddable":true,"href":"https:\/\/www.rememberme-forever.com\/pl\/wp-json\/wp\/v2\/product_brand?post=6443"},{"taxonomy":"product_cat","embeddable":true,"href":"https:\/\/www.rememberme-forever.com\/pl\/wp-json\/wp\/v2\/product_cat?post=6443"},{"taxonomy":"product_tag","embeddable":true,"href":"https:\/\/www.rememberme-forever.com\/pl\/wp-json\/wp\/v2\/product_tag?post=6443"}],"curies":[{"name":"wp","href":"https:\/\/api.w.org\/{rel}","templated":true}]}}