{"id":6447,"date":"2023-05-05T09:58:38","date_gmt":"2023-05-05T07:58:38","guid":{"rendered":"http:\/\/www.rememberme-forever.com\/?post_type=product&#038;p=6447"},"modified":"2026-02-03T08:49:14","modified_gmt":"2026-02-03T07:49:14","slug":"urna-ze-stali-nierdzewnej-na-drewnianej-podstawie-w-3-rozmiarach","status":"publish","type":"product","link":"https:\/\/www.rememberme-forever.com\/pl\/produkt\/urna-ze-stali-nierdzewnej-na-drewnianej-podstawie-w-3-rozmiarach\/","title":{"rendered":"Urna ze stali nierdzewnej na drewnianej podstawie w 3 rozmiarach"},"content":{"rendered":"<h2 style=\"text-align: center;\">Urna ze stali nierdzewnej na drewnianej podstawie w 3 rozmiarach<\/h2>\n<p style=\"text-align: center;\">\u25ba SZCZEG\u00d3\u0141Y PRODUKTU \u25c4<\/p>\n<p style=\"text-align: center;\">\u2705 Szczeg\u00f3\u0142y produktu &#8211; Urna 25cm (XL)<\/p>\n<p style=\"text-align: center;\">\u2022 Wymiary: 25cm (Szer.) x 27cm (Wys.)<\/p>\n<p style=\"text-align: center;\">\u2022 Pojemno\u015b\u0107: 7,5 L (457 cali sze\u015bciennych)<\/p>\n<p style=\"text-align: center;\">\u2022 Ta urna ze stali nierdzewnej mo\u017ce by\u0107 u\u017cywana jako urna na prochy jednej osoby lub na prochy dw\u00f3ch os\u00f3b.<\/p>\n<p>&nbsp;<\/p>\n<p style=\"text-align: center;\">\u2705 Szczeg\u00f3\u0142y produktu &#8211; Urna 20cm (L)<\/p>\n<p style=\"text-align: center;\">\u2022 Wymiary: 20cm (Szer.) X 22cm (Wys.)<\/p>\n<p style=\"text-align: center;\">\u2022 Pojemno\u015b\u0107: 3,7 L (225 cali sze\u015bciennych)<\/p>\n<p style=\"text-align: center;\">\u2022 Nadaje si\u0119 do przechowywania proch\u00f3w osoby o wadze cia\u0142a do oko\u0142o 225 funt\u00f3w lub 102 kg<\/p>\n<p>&nbsp;<\/p>\n<p style=\"text-align: center;\">\u2705 Szczeg\u00f3\u0142y produktu &#8211; Urna 18 cm (M)<\/p>\n<p style=\"text-align: center;\">\u2022 Wymiary: 18cm (Szer.) X 19,5cm (Wys.)<\/p>\n<p style=\"text-align: center;\">\u2022 Pojemno\u015b\u0107: 2,5 L (152 cali sze\u015bciennych)<\/p>\n<p style=\"text-align: center;\">\u2022 Nadaje si\u0119 do przechowywania proch\u00f3w osoby o wadze cia\u0142a do oko\u0142o 152 funt\u00f3w lub 68 kg<\/p>\n<p>&nbsp;<\/p>\n<p style=\"text-align: center;\">\u25ba OPIS \u25c4<\/p>\n<p style=\"text-align: center;\">Je\u015bli szukasz urny kremacyjnej, kt\u00f3ra jest trwa\u0142a i wytrzyma\u0142a, to z pewno\u015bci\u0105 spodoba Ci si\u0119 ta szczeg\u00f3lna urna. Wykonana z wysokiej jako\u015bci, polerowanej stali nierdzewnej. Ta urna jest zamontowana na podstawie drewnianej. Wszystkie te materia\u0142y s\u0105 odporne, wi\u0119c mo\u017cesz by\u0107 pewien, \u017ce jest to urna, kt\u00f3ra przetrwa lata.<\/p>\n<p><img loading=\"lazy\" decoding=\"async\" class=\" wp-image-1649 aligncenter\" src=\"http:\/\/www.rememberme-forever.com\/wp-content\/uploads\/2023\/04\/steel-sphere-urn-bottom-300x300.jpg\" alt=\"steel sphere urn bottom\" width=\"208\" height=\"208\" srcset=\"https:\/\/www.rememberme-forever.com\/wp-content\/uploads\/2023\/04\/steel-sphere-urn-bottom-300x300.jpg 300w, https:\/\/www.rememberme-forever.com\/wp-content\/uploads\/2023\/04\/steel-sphere-urn-bottom-1024x1024.jpg 1024w, https:\/\/www.rememberme-forever.com\/wp-content\/uploads\/2023\/04\/steel-sphere-urn-bottom-150x150.jpg 150w, https:\/\/www.rememberme-forever.com\/wp-content\/uploads\/2023\/04\/steel-sphere-urn-bottom-768x768.jpg 768w, https:\/\/www.rememberme-forever.com\/wp-content\/uploads\/2023\/04\/steel-sphere-urn-bottom-1536x1536.jpg 1536w, https:\/\/www.rememberme-forever.com\/wp-content\/uploads\/2023\/04\/steel-sphere-urn-bottom-600x600.jpg 600w, https:\/\/www.rememberme-forever.com\/wp-content\/uploads\/2023\/04\/steel-sphere-urn-bottom-100x100.jpg 100w, https:\/\/www.rememberme-forever.com\/wp-content\/uploads\/2023\/04\/steel-sphere-urn-bottom-64x64.jpg 64w, https:\/\/www.rememberme-forever.com\/wp-content\/uploads\/2023\/04\/steel-sphere-urn-bottom.jpg 1600w\" sizes=\"auto, (max-width: 208px) 100vw, 208px\" \/><\/p>\n<p style=\"text-align: center;\">Urn\u0119 mo\u017cna otworzy\u0107 w dyskretny spos\u00f3b, poniewa\u017c otw\u00f3r znajduje si\u0119 na dole podstawy. Jest ona zabezpieczona \u015brubami. Wykonana r\u0119cznie i wyko\u0144czona z najwy\u017cszymi standardami, jest to jedna z najwy\u017cszej jako\u015bci i najbardziej trwa\u0142ych urn kremacyjnych w naszej obszernej kolekcji.<\/p>\n<p style=\"text-align: center;\">Wspania\u0142e, spokojne miejsce wiecznego spoczynku dla ukochanej osoby. Ka\u017cda nasza urna kremacyjna jest wyj\u0105tkowa i wykonana przez prawdziwych artyst\u00f3w.<\/p>\n<p>&nbsp;<\/p>\n<h3 style=\"text-align: center;\"><strong>PERSONALIZACJA<\/strong><\/h3>\n<p style=\"text-align: center;\">Je\u015bli wybierzesz grawerowan\u0105 plakietk\u0119 w zestawie z urn\u0105, prze\u015blij tekst w ramce \u201cGrawerowana plakietka\u201d.<\/p>\n<p style=\"text-align: center;\">Tekst do grawerowanej plakietki powinien by\u0107 dostarczony podczas sk\u0142adania zam\u00f3wienia. (Prosz\u0119 nie panikowa\u0107, je\u015bli to przegapisz, poniewa\u017c zawsze mo\u017cesz wys\u0142a\u0107 nam wiadomo\u015b\u0107 p\u00f3\u017aniej.)<\/p>\n<p><img loading=\"lazy\" decoding=\"async\" class=\"wp-image-1635 aligncenter\" src=\"http:\/\/www.rememberme-forever.com\/wp-content\/uploads\/2023\/04\/gold-memorial-plaque-cremation-urn-300x300.jpg\" alt=\"gold memorial plaque cremation urn\" width=\"210\" height=\"210\" srcset=\"https:\/\/www.rememberme-forever.com\/wp-content\/uploads\/2023\/04\/gold-memorial-plaque-cremation-urn-300x300.jpg 300w, https:\/\/www.rememberme-forever.com\/wp-content\/uploads\/2023\/04\/gold-memorial-plaque-cremation-urn-1024x1024.jpg 1024w, https:\/\/www.rememberme-forever.com\/wp-content\/uploads\/2023\/04\/gold-memorial-plaque-cremation-urn-150x150.jpg 150w, https:\/\/www.rememberme-forever.com\/wp-content\/uploads\/2023\/04\/gold-memorial-plaque-cremation-urn-768x768.jpg 768w, https:\/\/www.rememberme-forever.com\/wp-content\/uploads\/2023\/04\/gold-memorial-plaque-cremation-urn-1536x1536.jpg 1536w, https:\/\/www.rememberme-forever.com\/wp-content\/uploads\/2023\/04\/gold-memorial-plaque-cremation-urn-600x600.jpg 600w, https:\/\/www.rememberme-forever.com\/wp-content\/uploads\/2023\/04\/gold-memorial-plaque-cremation-urn-100x100.jpg 100w, https:\/\/www.rememberme-forever.com\/wp-content\/uploads\/2023\/04\/gold-memorial-plaque-cremation-urn-64x64.jpg 64w, https:\/\/www.rememberme-forever.com\/wp-content\/uploads\/2023\/04\/gold-memorial-plaque-cremation-urn.jpg 1557w\" sizes=\"auto, (max-width: 210px) 100vw, 210px\" \/><\/p>\n<p style=\"text-align: center;\"><em><strong>Przed dodaniem produktu do koszyka dok\u0142adnie SPRAWD\u0179 tekst przes\u0142any do grawerowania. Do\u00a0 tekstu kt\u00f3ry otrzymujemy wraz z zam\u00f3wieniem\u00a0 nie wprowadzamy \u017cadnych zmian z naszej strony. Tekst jest grawerowany dok\u0142adnie taki, jaki otrzymujemy od pa\u0144stwa. <\/strong><\/em><\/p>\n<p style=\"text-align: center;\"><em><strong>Sprawd\u017a tekst, aby upewni\u0107 si\u0119, \u017ce pisownia jest poprawna.<\/strong><\/em><\/p>\n","protected":false},"excerpt":{"rendered":"<p><em><strong>Unikalna urna ze stali nierdzewnej dost\u0119pna w trzech rozmiarach, w zale\u017cno\u015bci od potrzeby.<\/strong><\/em><\/p>\n<p><b>\u2611\ufe0f <em style=\"color: red;\">Jeste\u015bmy \u015bwiadomi kr\u00f3tkiego czasu na dostarczenie urny. Urn\u0119 zam\u00f3wion\u0105 do godz. 12.00 w dzie\u0144 roboczy wysy\u0142amy natychmiast.\u00a0<\/em><\/b><\/p>\n","protected":false},"featured_media":6691,"template":"","meta":{"_acf_changed":false},"product_brand":[],"product_cat":[139],"product_tag":[3344],"class_list":{"0":"post-6447","1":"product","2":"type-product","3":"status-publish","4":"has-post-thumbnail","6":"product_cat-urny-metalowe","7":"product_tag-gpsr-metal_ss_abs_base","8":"product_shipping_class-1-2-kg","10":"first","11":"instock","12":"taxable","13":"shipping-taxable","14":"purchasable","15":"product-type-variable"},"yoast_head":"<!-- This site is optimized with the Yoast SEO plugin v27.4 - https:\/\/yoast.com\/product\/yoast-seo-wordpress\/ -->\n<title>Urna ze stali nierdzewnej na drewnianej podstawie w 3 rozmiarach<\/title>\n<meta name=\"description\" content=\"Je\u015bli szukasz urny kremacyjnej, kt\u00f3ra jest trwa\u0142a i wytrzyma\u0142a, to z pewno\u015bci\u0105 spodoba Ci si\u0119 ta szczeg\u00f3lna urna. Wykonana z wysokiej jako\u015bci...\" \/>\n<meta name=\"robots\" content=\"index, follow, max-snippet:-1, max-image-preview:large, max-video-preview:-1\" \/>\n<link rel=\"canonical\" href=\"https:\/\/www.rememberme-forever.com\/pl\/produkt\/urna-ze-stali-nierdzewnej-na-drewnianej-podstawie-w-3-rozmiarach\/\" \/>\n<meta property=\"og:locale\" content=\"pl_PL\" \/>\n<meta property=\"og:type\" content=\"article\" \/>\n<meta property=\"og:title\" content=\"Urna ze stali nierdzewnej na drewnianej podstawie w 3 rozmiarach\" \/>\n<meta property=\"og:description\" content=\"Je\u015bli szukasz urny kremacyjnej, kt\u00f3ra jest trwa\u0142a i wytrzyma\u0142a, to z pewno\u015bci\u0105 spodoba Ci si\u0119 ta szczeg\u00f3lna urna. Wykonana z wysokiej jako\u015bci...\" \/>\n<meta property=\"og:url\" content=\"https:\/\/www.rememberme-forever.com\/pl\/produkt\/urna-ze-stali-nierdzewnej-na-drewnianej-podstawie-w-3-rozmiarach\/\" \/>\n<meta property=\"og:site_name\" content=\"Remember Forever\" \/>\n<meta property=\"article:modified_time\" content=\"2026-02-03T07:49:14+00:00\" \/>\n<meta property=\"og:image\" content=\"http:\/\/www.rememberme-forever.com\/wp-content\/uploads\/2023\/05\/Urna-ze-stali-nierdzewnej-na-drewnianej-podstawie-w-3-rozmiarach.jpg\" \/>\n\t<meta property=\"og:image:width\" content=\"1007\" \/>\n\t<meta property=\"og:image:height\" content=\"1024\" \/>\n\t<meta property=\"og:image:type\" content=\"image\/jpeg\" \/>\n<meta name=\"twitter:card\" content=\"summary_large_image\" \/>\n<meta name=\"twitter:label1\" content=\"Szacowany czas czytania\" \/>\n\t<meta name=\"twitter:data1\" content=\"2 minuta\" \/>\n<script type=\"application\/ld+json\" class=\"yoast-schema-graph\">{\"@context\":\"https:\\\/\\\/schema.org\",\"@graph\":[{\"@type\":\"WebPage\",\"@id\":\"https:\\\/\\\/www.rememberme-forever.com\\\/pl\\\/produkt\\\/urna-ze-stali-nierdzewnej-na-drewnianej-podstawie-w-3-rozmiarach\\\/\",\"url\":\"https:\\\/\\\/www.rememberme-forever.com\\\/pl\\\/produkt\\\/urna-ze-stali-nierdzewnej-na-drewnianej-podstawie-w-3-rozmiarach\\\/\",\"name\":\"Urna ze stali nierdzewnej na drewnianej podstawie w 3 rozmiarach\",\"isPartOf\":{\"@id\":\"https:\\\/\\\/www.rememberme-forever.com\\\/pl\\\/#website\"},\"primaryImageOfPage\":{\"@id\":\"https:\\\/\\\/www.rememberme-forever.com\\\/pl\\\/produkt\\\/urna-ze-stali-nierdzewnej-na-drewnianej-podstawie-w-3-rozmiarach\\\/#primaryimage\"},\"image\":{\"@id\":\"https:\\\/\\\/www.rememberme-forever.com\\\/pl\\\/produkt\\\/urna-ze-stali-nierdzewnej-na-drewnianej-podstawie-w-3-rozmiarach\\\/#primaryimage\"},\"thumbnailUrl\":\"https:\\\/\\\/www.rememberme-forever.com\\\/wp-content\\\/uploads\\\/2023\\\/05\\\/Urna-ze-stali-nierdzewnej-na-drewnianej-podstawie-w-3-rozmiarach.jpg\",\"datePublished\":\"2023-05-05T07:58:38+00:00\",\"dateModified\":\"2026-02-03T07:49:14+00:00\",\"description\":\"Je\u015bli szukasz urny kremacyjnej, kt\u00f3ra jest trwa\u0142a i wytrzyma\u0142a, to z pewno\u015bci\u0105 spodoba Ci si\u0119 ta szczeg\u00f3lna urna. Wykonana z wysokiej jako\u015bci...\",\"breadcrumb\":{\"@id\":\"https:\\\/\\\/www.rememberme-forever.com\\\/pl\\\/produkt\\\/urna-ze-stali-nierdzewnej-na-drewnianej-podstawie-w-3-rozmiarach\\\/#breadcrumb\"},\"inLanguage\":\"pl-PL\",\"potentialAction\":[{\"@type\":\"ReadAction\",\"target\":[\"https:\\\/\\\/www.rememberme-forever.com\\\/pl\\\/produkt\\\/urna-ze-stali-nierdzewnej-na-drewnianej-podstawie-w-3-rozmiarach\\\/\"]}]},{\"@type\":\"ImageObject\",\"inLanguage\":\"pl-PL\",\"@id\":\"https:\\\/\\\/www.rememberme-forever.com\\\/pl\\\/produkt\\\/urna-ze-stali-nierdzewnej-na-drewnianej-podstawie-w-3-rozmiarach\\\/#primaryimage\",\"url\":\"https:\\\/\\\/www.rememberme-forever.com\\\/wp-content\\\/uploads\\\/2023\\\/05\\\/Urna-ze-stali-nierdzewnej-na-drewnianej-podstawie-w-3-rozmiarach.jpg\",\"contentUrl\":\"https:\\\/\\\/www.rememberme-forever.com\\\/wp-content\\\/uploads\\\/2023\\\/05\\\/Urna-ze-stali-nierdzewnej-na-drewnianej-podstawie-w-3-rozmiarach.jpg\",\"width\":1007,\"height\":1024,\"caption\":\"Urna ze stali nierdzewnej na drewnianej podstawie w 3 rozmiarach\"},{\"@type\":\"BreadcrumbList\",\"@id\":\"https:\\\/\\\/www.rememberme-forever.com\\\/pl\\\/produkt\\\/urna-ze-stali-nierdzewnej-na-drewnianej-podstawie-w-3-rozmiarach\\\/#breadcrumb\",\"itemListElement\":[{\"@type\":\"ListItem\",\"position\":1,\"name\":\"Home\",\"item\":\"https:\\\/\\\/www.rememberme-forever.com\\\/pl\\\/strona-glowna\\\/\"},{\"@type\":\"ListItem\",\"position\":2,\"name\":\"Sklep\",\"item\":\"https:\\\/\\\/www.rememberme-forever.com\\\/pl\\\/sklep-2\\\/\"},{\"@type\":\"ListItem\",\"position\":3,\"name\":\"Urna ze stali nierdzewnej na drewnianej podstawie w 3 rozmiarach\"}]},{\"@type\":\"WebSite\",\"@id\":\"https:\\\/\\\/www.rememberme-forever.com\\\/pl\\\/#website\",\"url\":\"https:\\\/\\\/www.rememberme-forever.com\\\/pl\\\/\",\"name\":\"Remember Forever\",\"description\":\"Cremation urns, funeral urns, urns for ashes\",\"publisher\":{\"@id\":\"https:\\\/\\\/www.rememberme-forever.com\\\/pl\\\/#organization\"},\"potentialAction\":[{\"@type\":\"SearchAction\",\"target\":{\"@type\":\"EntryPoint\",\"urlTemplate\":\"https:\\\/\\\/www.rememberme-forever.com\\\/pl\\\/?s={search_term_string}\"},\"query-input\":{\"@type\":\"PropertyValueSpecification\",\"valueRequired\":true,\"valueName\":\"search_term_string\"}}],\"inLanguage\":\"pl-PL\"},{\"@type\":\"Organization\",\"@id\":\"https:\\\/\\\/www.rememberme-forever.com\\\/pl\\\/#organization\",\"name\":\"Remember Forever\",\"url\":\"https:\\\/\\\/www.rememberme-forever.com\\\/pl\\\/\",\"logo\":{\"@type\":\"ImageObject\",\"inLanguage\":\"pl-PL\",\"@id\":\"https:\\\/\\\/www.rememberme-forever.com\\\/pl\\\/#\\\/schema\\\/logo\\\/image\\\/\",\"url\":\"https:\\\/\\\/www.rememberme-forever.com\\\/wp-content\\\/uploads\\\/2023\\\/02\\\/logo.png\",\"contentUrl\":\"https:\\\/\\\/www.rememberme-forever.com\\\/wp-content\\\/uploads\\\/2023\\\/02\\\/logo.png\",\"width\":300,\"height\":56,\"caption\":\"Remember Forever\"},\"image\":{\"@id\":\"https:\\\/\\\/www.rememberme-forever.com\\\/pl\\\/#\\\/schema\\\/logo\\\/image\\\/\"}}]}<\/script>\n<!-- \/ Yoast SEO plugin. -->","yoast_head_json":{"title":"Urna ze stali nierdzewnej na drewnianej podstawie w 3 rozmiarach","description":"Je\u015bli szukasz urny kremacyjnej, kt\u00f3ra jest trwa\u0142a i wytrzyma\u0142a, to z pewno\u015bci\u0105 spodoba Ci si\u0119 ta szczeg\u00f3lna urna. Wykonana z wysokiej jako\u015bci...","robots":{"index":"index","follow":"follow","max-snippet":"max-snippet:-1","max-image-preview":"max-image-preview:large","max-video-preview":"max-video-preview:-1"},"canonical":"https:\/\/www.rememberme-forever.com\/pl\/produkt\/urna-ze-stali-nierdzewnej-na-drewnianej-podstawie-w-3-rozmiarach\/","og_locale":"pl_PL","og_type":"article","og_title":"Urna ze stali nierdzewnej na drewnianej podstawie w 3 rozmiarach","og_description":"Je\u015bli szukasz urny kremacyjnej, kt\u00f3ra jest trwa\u0142a i wytrzyma\u0142a, to z pewno\u015bci\u0105 spodoba Ci si\u0119 ta szczeg\u00f3lna urna. Wykonana z wysokiej jako\u015bci...","og_url":"https:\/\/www.rememberme-forever.com\/pl\/produkt\/urna-ze-stali-nierdzewnej-na-drewnianej-podstawie-w-3-rozmiarach\/","og_site_name":"Remember Forever","article_modified_time":"2026-02-03T07:49:14+00:00","og_image":[{"width":1007,"height":1024,"url":"http:\/\/www.rememberme-forever.com\/wp-content\/uploads\/2023\/05\/Urna-ze-stali-nierdzewnej-na-drewnianej-podstawie-w-3-rozmiarach.jpg","type":"image\/jpeg"}],"twitter_card":"summary_large_image","twitter_misc":{"Szacowany czas czytania":"2 minuta"},"schema":{"@context":"https:\/\/schema.org","@graph":[{"@type":"WebPage","@id":"https:\/\/www.rememberme-forever.com\/pl\/produkt\/urna-ze-stali-nierdzewnej-na-drewnianej-podstawie-w-3-rozmiarach\/","url":"https:\/\/www.rememberme-forever.com\/pl\/produkt\/urna-ze-stali-nierdzewnej-na-drewnianej-podstawie-w-3-rozmiarach\/","name":"Urna ze stali nierdzewnej na drewnianej podstawie w 3 rozmiarach","isPartOf":{"@id":"https:\/\/www.rememberme-forever.com\/pl\/#website"},"primaryImageOfPage":{"@id":"https:\/\/www.rememberme-forever.com\/pl\/produkt\/urna-ze-stali-nierdzewnej-na-drewnianej-podstawie-w-3-rozmiarach\/#primaryimage"},"image":{"@id":"https:\/\/www.rememberme-forever.com\/pl\/produkt\/urna-ze-stali-nierdzewnej-na-drewnianej-podstawie-w-3-rozmiarach\/#primaryimage"},"thumbnailUrl":"https:\/\/www.rememberme-forever.com\/wp-content\/uploads\/2023\/05\/Urna-ze-stali-nierdzewnej-na-drewnianej-podstawie-w-3-rozmiarach.jpg","datePublished":"2023-05-05T07:58:38+00:00","dateModified":"2026-02-03T07:49:14+00:00","description":"Je\u015bli szukasz urny kremacyjnej, kt\u00f3ra jest trwa\u0142a i wytrzyma\u0142a, to z pewno\u015bci\u0105 spodoba Ci si\u0119 ta szczeg\u00f3lna urna. Wykonana z wysokiej jako\u015bci...","breadcrumb":{"@id":"https:\/\/www.rememberme-forever.com\/pl\/produkt\/urna-ze-stali-nierdzewnej-na-drewnianej-podstawie-w-3-rozmiarach\/#breadcrumb"},"inLanguage":"pl-PL","potentialAction":[{"@type":"ReadAction","target":["https:\/\/www.rememberme-forever.com\/pl\/produkt\/urna-ze-stali-nierdzewnej-na-drewnianej-podstawie-w-3-rozmiarach\/"]}]},{"@type":"ImageObject","inLanguage":"pl-PL","@id":"https:\/\/www.rememberme-forever.com\/pl\/produkt\/urna-ze-stali-nierdzewnej-na-drewnianej-podstawie-w-3-rozmiarach\/#primaryimage","url":"https:\/\/www.rememberme-forever.com\/wp-content\/uploads\/2023\/05\/Urna-ze-stali-nierdzewnej-na-drewnianej-podstawie-w-3-rozmiarach.jpg","contentUrl":"https:\/\/www.rememberme-forever.com\/wp-content\/uploads\/2023\/05\/Urna-ze-stali-nierdzewnej-na-drewnianej-podstawie-w-3-rozmiarach.jpg","width":1007,"height":1024,"caption":"Urna ze stali nierdzewnej na drewnianej podstawie w 3 rozmiarach"},{"@type":"BreadcrumbList","@id":"https:\/\/www.rememberme-forever.com\/pl\/produkt\/urna-ze-stali-nierdzewnej-na-drewnianej-podstawie-w-3-rozmiarach\/#breadcrumb","itemListElement":[{"@type":"ListItem","position":1,"name":"Home","item":"https:\/\/www.rememberme-forever.com\/pl\/strona-glowna\/"},{"@type":"ListItem","position":2,"name":"Sklep","item":"https:\/\/www.rememberme-forever.com\/pl\/sklep-2\/"},{"@type":"ListItem","position":3,"name":"Urna ze stali nierdzewnej na drewnianej podstawie w 3 rozmiarach"}]},{"@type":"WebSite","@id":"https:\/\/www.rememberme-forever.com\/pl\/#website","url":"https:\/\/www.rememberme-forever.com\/pl\/","name":"Remember Forever","description":"Cremation urns, funeral urns, urns for ashes","publisher":{"@id":"https:\/\/www.rememberme-forever.com\/pl\/#organization"},"potentialAction":[{"@type":"SearchAction","target":{"@type":"EntryPoint","urlTemplate":"https:\/\/www.rememberme-forever.com\/pl\/?s={search_term_string}"},"query-input":{"@type":"PropertyValueSpecification","valueRequired":true,"valueName":"search_term_string"}}],"inLanguage":"pl-PL"},{"@type":"Organization","@id":"https:\/\/www.rememberme-forever.com\/pl\/#organization","name":"Remember Forever","url":"https:\/\/www.rememberme-forever.com\/pl\/","logo":{"@type":"ImageObject","inLanguage":"pl-PL","@id":"https:\/\/www.rememberme-forever.com\/pl\/#\/schema\/logo\/image\/","url":"https:\/\/www.rememberme-forever.com\/wp-content\/uploads\/2023\/02\/logo.png","contentUrl":"https:\/\/www.rememberme-forever.com\/wp-content\/uploads\/2023\/02\/logo.png","width":300,"height":56,"caption":"Remember Forever"},"image":{"@id":"https:\/\/www.rememberme-forever.com\/pl\/#\/schema\/logo\/image\/"}}]}},"acf":[],"_links":{"self":[{"href":"https:\/\/www.rememberme-forever.com\/pl\/wp-json\/wp\/v2\/product\/6447","targetHints":{"allow":["GET"]}}],"collection":[{"href":"https:\/\/www.rememberme-forever.com\/pl\/wp-json\/wp\/v2\/product"}],"about":[{"href":"https:\/\/www.rememberme-forever.com\/pl\/wp-json\/wp\/v2\/types\/product"}],"wp:featuredmedia":[{"embeddable":true,"href":"https:\/\/www.rememberme-forever.com\/pl\/wp-json\/wp\/v2\/media\/6691"}],"wp:attachment":[{"href":"https:\/\/www.rememberme-forever.com\/pl\/wp-json\/wp\/v2\/media?parent=6447"}],"wp:term":[{"taxonomy":"product_brand","embeddable":true,"href":"https:\/\/www.rememberme-forever.com\/pl\/wp-json\/wp\/v2\/product_brand?post=6447"},{"taxonomy":"product_cat","embeddable":true,"href":"https:\/\/www.rememberme-forever.com\/pl\/wp-json\/wp\/v2\/product_cat?post=6447"},{"taxonomy":"product_tag","embeddable":true,"href":"https:\/\/www.rememberme-forever.com\/pl\/wp-json\/wp\/v2\/product_tag?post=6447"}],"curies":[{"name":"wp","href":"https:\/\/api.w.org\/{rel}","templated":true}]}}