{"id":6470,"date":"2023-05-05T10:04:32","date_gmt":"2023-05-05T08:04:32","guid":{"rendered":"http:\/\/www.rememberme-forever.com\/?post_type=product&#038;p=6470"},"modified":"2026-02-03T08:46:00","modified_gmt":"2026-02-03T07:46:00","slug":"urna-z-kamienia-na-prochy-doroslej-osoby","status":"publish","type":"product","link":"https:\/\/www.rememberme-forever.com\/pl\/produkt\/urna-z-kamienia-na-prochy-doroslej-osoby\/","title":{"rendered":"Urna z kamienia na prochy doros\u0142ej osoby"},"content":{"rendered":"<h2 style=\"text-align: center;\">Urna z kamienia na prochy doros\u0142ej osoby<\/h2>\n<p style=\"text-align: center;\">Urna z kamienia na prochy doros\u0142ej osoby, pi\u0119knie wykonana urna, kt\u00f3ra zapewni godne miejsce spoczynku dla szcz\u0105tk\u00f3w powsta\u0142ych w wyniku kremacji. Wykonana z wysokiej jako\u015bci kamienia. Ta urna posiada dolne otwarcie dla \u0142atwego dost\u0119pu i jest zaprojektowana do przechowywania proch\u00f3w osoby doros\u0142ej.<\/p>\n<p style=\"text-align: center;\">To, co czyni t\u0119 urn\u0119 naprawd\u0119 wyj\u0105tkow\u0105, to grawerowana plakietka, kt\u00f3ra jest do\u0142\u0105czona do niej. Ta plakietka mo\u017ce by\u0107 spersonalizowana z imieniem, datami i jakimkolwiek innym specjalnym przes\u0142aniem, kt\u00f3re chcesz zawrze\u0107, zapewniaj\u0105c, \u017ce pami\u0119\u0107 o Twoim bliskim b\u0119dzie zachowana na zawsze.<\/p>\n<p style=\"text-align: center;\">Poniewa\u017c ka\u017cda urna jest wykonana z naturalnego kamienia, wygl\u0105d mo\u017ce nieznacznie si\u0119 r\u00f3\u017cni\u0107, co czyni ka\u017cd\u0105 urn\u0119 wyj\u0105tkow\u0105. Ta urna oferuje pi\u0119kny i trwa\u0142y spos\u00f3b na uczczenie \u017cycia ukochanej osoby i utrzymywanie jej pami\u0119ci przy \u017cyciu.<\/p>\n<p style=\"text-align: center;\">Ta urna to odpowiedni ho\u0142d dla ukochanego cz\u0142onka rodziny lub przyjaciela. Dzi\u0119ki swojemu ponadczasowemu designowi i spersonalizowanej grawerowanej tabliczce ta urna jest pi\u0119knym sposobem na uczczenie \u017cycia kogo\u015b szczeg\u00f3lnego.<\/p>\n<p>&nbsp;<\/p>\n<h3 style=\"text-align: center;\"><strong>PERSONALIZACJA<\/strong><\/h3>\n<p style=\"text-align: center;\">Je\u015bli wybierzesz grawerowan\u0105 plakietk\u0119 w zestawie z urn\u0105, prze\u015blij tekst w ramce \u201cGrawerowana plakietka\u201d.<\/p>\n<p style=\"text-align: center;\">Tekst do grawerowanej plakietki powinien by\u0107 dostarczony podczas sk\u0142adania zam\u00f3wienia. (Prosz\u0119 nie panikowa\u0107, je\u015bli to przegapisz, poniewa\u017c zawsze mo\u017cesz wys\u0142a\u0107 nam wiadomo\u015b\u0107 p\u00f3\u017aniej.)<\/p>\n<p style=\"text-align: center;\"><img loading=\"lazy\" decoding=\"async\" class=\" wp-image-1447 aligncenter\" src=\"http:\/\/www.rememberme-forever.com\/wp-content\/uploads\/2023\/04\/memorial-plaque-cremation-urn-gold-300x150.jpg\" alt=\"memorial plaque cremation urn gold\" width=\"204\" height=\"102\" srcset=\"https:\/\/www.rememberme-forever.com\/wp-content\/uploads\/2023\/04\/memorial-plaque-cremation-urn-gold-300x150.jpg 300w, https:\/\/www.rememberme-forever.com\/wp-content\/uploads\/2023\/04\/memorial-plaque-cremation-urn-gold-64x32.jpg 64w, https:\/\/www.rememberme-forever.com\/wp-content\/uploads\/2023\/04\/memorial-plaque-cremation-urn-gold.jpg 448w\" sizes=\"auto, (max-width: 204px) 100vw, 204px\" \/><\/p>\n<p style=\"text-align: center;\"><em><strong>Przed dodaniem produktu do koszyka dok\u0142adnie SPRAWD\u0179 tekst przes\u0142any do grawerowania. Do\u00a0 tekstu kt\u00f3ry otrzymujemy wraz z zam\u00f3wieniem\u00a0 nie wprowadzamy \u017cadnych zmian z naszej strony. Tekst jest grawerowany dok\u0142adnie taki, jaki otrzymujemy od pa\u0144stwa. <\/strong><\/em><\/p>\n<p style=\"text-align: center;\"><em><strong>Sprawd\u017a tekst, aby upewni\u0107 si\u0119, \u017ce pisownia jest poprawna.<\/strong><\/em><\/p>\n<p>&nbsp;<\/p>\n<p>&nbsp;<\/p>\n","protected":false},"excerpt":{"rendered":"<p><em><strong>Urna pomie\u015bci prochy zmar\u0142ej osoby o masie cia\u0142a\u00a0<span class=\"body-weight-kg\">131.80<\/span> kg lub mniej.<\/strong><\/em><\/p>\n<p><b>\u2611\ufe0f <em style=\"color: red;\">Jeste\u015bmy \u015bwiadomi kr\u00f3tkiego czasu na dostarczenie urny. Urn\u0119 zam\u00f3wion\u0105 do godz. 12.00 w dzie\u0144 roboczy wysy\u0142amy natychmiast.\u00a0<\/em><\/b><\/p>\n","protected":false},"featured_media":6677,"template":"","meta":{"_acf_changed":false},"product_brand":[],"product_cat":[92],"product_tag":[3364,995,1074,997,994,962],"class_list":{"0":"post-6470","1":"product","2":"type-product","3":"status-publish","4":"has-post-thumbnail","6":"product_cat-urny-kamienne","7":"product_tag-gpsr-stone-urns","8":"product_tag-kremacja","9":"product_tag-onyks","10":"product_tag-pogrzeb","11":"product_tag-prochy","12":"product_tag-urna","13":"product_shipping_class-5-10kg","15":"first","16":"instock","17":"taxable","18":"shipping-taxable","19":"purchasable","20":"product-type-variable"},"yoast_head":"<!-- This site is optimized with the Yoast SEO plugin v27.4 - https:\/\/yoast.com\/product\/yoast-seo-wordpress\/ -->\n<title>Urna z kamienia na prochy doros\u0142ej osoby<\/title>\n<meta name=\"description\" content=\"Urna z kamienia na prochy doros\u0142ej osoby, pi\u0119knie wykonana urna, kt\u00f3ra zapewni godne miejsce spoczynku dla szcz\u0105tk\u00f3w powsta\u0142ych w wyniku kremacji\" \/>\n<meta name=\"robots\" content=\"index, follow, max-snippet:-1, max-image-preview:large, max-video-preview:-1\" \/>\n<link rel=\"canonical\" href=\"https:\/\/www.rememberme-forever.com\/pl\/produkt\/urna-z-kamienia-na-prochy-doroslej-osoby\/\" \/>\n<meta property=\"og:locale\" content=\"pl_PL\" \/>\n<meta property=\"og:type\" content=\"article\" \/>\n<meta property=\"og:title\" content=\"Urna z kamienia na prochy doros\u0142ej osoby\" \/>\n<meta property=\"og:description\" content=\"Urna z kamienia na prochy doros\u0142ej osoby, pi\u0119knie wykonana urna, kt\u00f3ra zapewni godne miejsce spoczynku dla szcz\u0105tk\u00f3w powsta\u0142ych w wyniku kremacji\" \/>\n<meta property=\"og:url\" content=\"https:\/\/www.rememberme-forever.com\/pl\/produkt\/urna-z-kamienia-na-prochy-doroslej-osoby\/\" \/>\n<meta property=\"og:site_name\" content=\"Remember Forever\" \/>\n<meta property=\"article:modified_time\" content=\"2026-02-03T07:46:00+00:00\" \/>\n<meta property=\"og:image\" content=\"http:\/\/www.rememberme-forever.com\/wp-content\/uploads\/2023\/05\/Urna-z-kamienia-na-prochy-doroslej-osoby.jpg\" \/>\n\t<meta property=\"og:image:width\" content=\"768\" \/>\n\t<meta property=\"og:image:height\" content=\"781\" \/>\n\t<meta property=\"og:image:type\" content=\"image\/jpeg\" \/>\n<meta name=\"twitter:card\" content=\"summary_large_image\" \/>\n<meta name=\"twitter:label1\" content=\"Szacowany czas czytania\" \/>\n\t<meta name=\"twitter:data1\" content=\"2 minuta\" \/>\n<script type=\"application\/ld+json\" class=\"yoast-schema-graph\">{\"@context\":\"https:\\\/\\\/schema.org\",\"@graph\":[{\"@type\":\"WebPage\",\"@id\":\"https:\\\/\\\/www.rememberme-forever.com\\\/pl\\\/produkt\\\/urna-z-kamienia-na-prochy-doroslej-osoby\\\/\",\"url\":\"https:\\\/\\\/www.rememberme-forever.com\\\/pl\\\/produkt\\\/urna-z-kamienia-na-prochy-doroslej-osoby\\\/\",\"name\":\"Urna z kamienia na prochy doros\u0142ej osoby\",\"isPartOf\":{\"@id\":\"https:\\\/\\\/www.rememberme-forever.com\\\/pl\\\/#website\"},\"primaryImageOfPage\":{\"@id\":\"https:\\\/\\\/www.rememberme-forever.com\\\/pl\\\/produkt\\\/urna-z-kamienia-na-prochy-doroslej-osoby\\\/#primaryimage\"},\"image\":{\"@id\":\"https:\\\/\\\/www.rememberme-forever.com\\\/pl\\\/produkt\\\/urna-z-kamienia-na-prochy-doroslej-osoby\\\/#primaryimage\"},\"thumbnailUrl\":\"https:\\\/\\\/www.rememberme-forever.com\\\/wp-content\\\/uploads\\\/2023\\\/05\\\/Urna-z-kamienia-na-prochy-doroslej-osoby.jpg\",\"datePublished\":\"2023-05-05T08:04:32+00:00\",\"dateModified\":\"2026-02-03T07:46:00+00:00\",\"description\":\"Urna z kamienia na prochy doros\u0142ej osoby, pi\u0119knie wykonana urna, kt\u00f3ra zapewni godne miejsce spoczynku dla szcz\u0105tk\u00f3w powsta\u0142ych w wyniku kremacji\",\"breadcrumb\":{\"@id\":\"https:\\\/\\\/www.rememberme-forever.com\\\/pl\\\/produkt\\\/urna-z-kamienia-na-prochy-doroslej-osoby\\\/#breadcrumb\"},\"inLanguage\":\"pl-PL\",\"potentialAction\":[{\"@type\":\"ReadAction\",\"target\":[\"https:\\\/\\\/www.rememberme-forever.com\\\/pl\\\/produkt\\\/urna-z-kamienia-na-prochy-doroslej-osoby\\\/\"]}]},{\"@type\":\"ImageObject\",\"inLanguage\":\"pl-PL\",\"@id\":\"https:\\\/\\\/www.rememberme-forever.com\\\/pl\\\/produkt\\\/urna-z-kamienia-na-prochy-doroslej-osoby\\\/#primaryimage\",\"url\":\"https:\\\/\\\/www.rememberme-forever.com\\\/wp-content\\\/uploads\\\/2023\\\/05\\\/Urna-z-kamienia-na-prochy-doroslej-osoby.jpg\",\"contentUrl\":\"https:\\\/\\\/www.rememberme-forever.com\\\/wp-content\\\/uploads\\\/2023\\\/05\\\/Urna-z-kamienia-na-prochy-doroslej-osoby.jpg\",\"width\":768,\"height\":781,\"caption\":\"Urna z kamienia na prochy doros\u0142ej osoby\"},{\"@type\":\"BreadcrumbList\",\"@id\":\"https:\\\/\\\/www.rememberme-forever.com\\\/pl\\\/produkt\\\/urna-z-kamienia-na-prochy-doroslej-osoby\\\/#breadcrumb\",\"itemListElement\":[{\"@type\":\"ListItem\",\"position\":1,\"name\":\"Home\",\"item\":\"https:\\\/\\\/www.rememberme-forever.com\\\/pl\\\/strona-glowna\\\/\"},{\"@type\":\"ListItem\",\"position\":2,\"name\":\"Sklep\",\"item\":\"https:\\\/\\\/www.rememberme-forever.com\\\/pl\\\/sklep-2\\\/\"},{\"@type\":\"ListItem\",\"position\":3,\"name\":\"Urna z kamienia na prochy doros\u0142ej osoby\"}]},{\"@type\":\"WebSite\",\"@id\":\"https:\\\/\\\/www.rememberme-forever.com\\\/pl\\\/#website\",\"url\":\"https:\\\/\\\/www.rememberme-forever.com\\\/pl\\\/\",\"name\":\"Remember Forever\",\"description\":\"Cremation urns, funeral urns, urns for ashes\",\"publisher\":{\"@id\":\"https:\\\/\\\/www.rememberme-forever.com\\\/pl\\\/#organization\"},\"potentialAction\":[{\"@type\":\"SearchAction\",\"target\":{\"@type\":\"EntryPoint\",\"urlTemplate\":\"https:\\\/\\\/www.rememberme-forever.com\\\/pl\\\/?s={search_term_string}\"},\"query-input\":{\"@type\":\"PropertyValueSpecification\",\"valueRequired\":true,\"valueName\":\"search_term_string\"}}],\"inLanguage\":\"pl-PL\"},{\"@type\":\"Organization\",\"@id\":\"https:\\\/\\\/www.rememberme-forever.com\\\/pl\\\/#organization\",\"name\":\"Remember Forever\",\"url\":\"https:\\\/\\\/www.rememberme-forever.com\\\/pl\\\/\",\"logo\":{\"@type\":\"ImageObject\",\"inLanguage\":\"pl-PL\",\"@id\":\"https:\\\/\\\/www.rememberme-forever.com\\\/pl\\\/#\\\/schema\\\/logo\\\/image\\\/\",\"url\":\"https:\\\/\\\/www.rememberme-forever.com\\\/wp-content\\\/uploads\\\/2023\\\/02\\\/logo.png\",\"contentUrl\":\"https:\\\/\\\/www.rememberme-forever.com\\\/wp-content\\\/uploads\\\/2023\\\/02\\\/logo.png\",\"width\":300,\"height\":56,\"caption\":\"Remember Forever\"},\"image\":{\"@id\":\"https:\\\/\\\/www.rememberme-forever.com\\\/pl\\\/#\\\/schema\\\/logo\\\/image\\\/\"}}]}<\/script>\n<!-- \/ Yoast SEO plugin. -->","yoast_head_json":{"title":"Urna z kamienia na prochy doros\u0142ej osoby","description":"Urna z kamienia na prochy doros\u0142ej osoby, pi\u0119knie wykonana urna, kt\u00f3ra zapewni godne miejsce spoczynku dla szcz\u0105tk\u00f3w powsta\u0142ych w wyniku kremacji","robots":{"index":"index","follow":"follow","max-snippet":"max-snippet:-1","max-image-preview":"max-image-preview:large","max-video-preview":"max-video-preview:-1"},"canonical":"https:\/\/www.rememberme-forever.com\/pl\/produkt\/urna-z-kamienia-na-prochy-doroslej-osoby\/","og_locale":"pl_PL","og_type":"article","og_title":"Urna z kamienia na prochy doros\u0142ej osoby","og_description":"Urna z kamienia na prochy doros\u0142ej osoby, pi\u0119knie wykonana urna, kt\u00f3ra zapewni godne miejsce spoczynku dla szcz\u0105tk\u00f3w powsta\u0142ych w wyniku kremacji","og_url":"https:\/\/www.rememberme-forever.com\/pl\/produkt\/urna-z-kamienia-na-prochy-doroslej-osoby\/","og_site_name":"Remember Forever","article_modified_time":"2026-02-03T07:46:00+00:00","og_image":[{"width":768,"height":781,"url":"http:\/\/www.rememberme-forever.com\/wp-content\/uploads\/2023\/05\/Urna-z-kamienia-na-prochy-doroslej-osoby.jpg","type":"image\/jpeg"}],"twitter_card":"summary_large_image","twitter_misc":{"Szacowany czas czytania":"2 minuta"},"schema":{"@context":"https:\/\/schema.org","@graph":[{"@type":"WebPage","@id":"https:\/\/www.rememberme-forever.com\/pl\/produkt\/urna-z-kamienia-na-prochy-doroslej-osoby\/","url":"https:\/\/www.rememberme-forever.com\/pl\/produkt\/urna-z-kamienia-na-prochy-doroslej-osoby\/","name":"Urna z kamienia na prochy doros\u0142ej osoby","isPartOf":{"@id":"https:\/\/www.rememberme-forever.com\/pl\/#website"},"primaryImageOfPage":{"@id":"https:\/\/www.rememberme-forever.com\/pl\/produkt\/urna-z-kamienia-na-prochy-doroslej-osoby\/#primaryimage"},"image":{"@id":"https:\/\/www.rememberme-forever.com\/pl\/produkt\/urna-z-kamienia-na-prochy-doroslej-osoby\/#primaryimage"},"thumbnailUrl":"https:\/\/www.rememberme-forever.com\/wp-content\/uploads\/2023\/05\/Urna-z-kamienia-na-prochy-doroslej-osoby.jpg","datePublished":"2023-05-05T08:04:32+00:00","dateModified":"2026-02-03T07:46:00+00:00","description":"Urna z kamienia na prochy doros\u0142ej osoby, pi\u0119knie wykonana urna, kt\u00f3ra zapewni godne miejsce spoczynku dla szcz\u0105tk\u00f3w powsta\u0142ych w wyniku kremacji","breadcrumb":{"@id":"https:\/\/www.rememberme-forever.com\/pl\/produkt\/urna-z-kamienia-na-prochy-doroslej-osoby\/#breadcrumb"},"inLanguage":"pl-PL","potentialAction":[{"@type":"ReadAction","target":["https:\/\/www.rememberme-forever.com\/pl\/produkt\/urna-z-kamienia-na-prochy-doroslej-osoby\/"]}]},{"@type":"ImageObject","inLanguage":"pl-PL","@id":"https:\/\/www.rememberme-forever.com\/pl\/produkt\/urna-z-kamienia-na-prochy-doroslej-osoby\/#primaryimage","url":"https:\/\/www.rememberme-forever.com\/wp-content\/uploads\/2023\/05\/Urna-z-kamienia-na-prochy-doroslej-osoby.jpg","contentUrl":"https:\/\/www.rememberme-forever.com\/wp-content\/uploads\/2023\/05\/Urna-z-kamienia-na-prochy-doroslej-osoby.jpg","width":768,"height":781,"caption":"Urna z kamienia na prochy doros\u0142ej osoby"},{"@type":"BreadcrumbList","@id":"https:\/\/www.rememberme-forever.com\/pl\/produkt\/urna-z-kamienia-na-prochy-doroslej-osoby\/#breadcrumb","itemListElement":[{"@type":"ListItem","position":1,"name":"Home","item":"https:\/\/www.rememberme-forever.com\/pl\/strona-glowna\/"},{"@type":"ListItem","position":2,"name":"Sklep","item":"https:\/\/www.rememberme-forever.com\/pl\/sklep-2\/"},{"@type":"ListItem","position":3,"name":"Urna z kamienia na prochy doros\u0142ej osoby"}]},{"@type":"WebSite","@id":"https:\/\/www.rememberme-forever.com\/pl\/#website","url":"https:\/\/www.rememberme-forever.com\/pl\/","name":"Remember Forever","description":"Cremation urns, funeral urns, urns for ashes","publisher":{"@id":"https:\/\/www.rememberme-forever.com\/pl\/#organization"},"potentialAction":[{"@type":"SearchAction","target":{"@type":"EntryPoint","urlTemplate":"https:\/\/www.rememberme-forever.com\/pl\/?s={search_term_string}"},"query-input":{"@type":"PropertyValueSpecification","valueRequired":true,"valueName":"search_term_string"}}],"inLanguage":"pl-PL"},{"@type":"Organization","@id":"https:\/\/www.rememberme-forever.com\/pl\/#organization","name":"Remember Forever","url":"https:\/\/www.rememberme-forever.com\/pl\/","logo":{"@type":"ImageObject","inLanguage":"pl-PL","@id":"https:\/\/www.rememberme-forever.com\/pl\/#\/schema\/logo\/image\/","url":"https:\/\/www.rememberme-forever.com\/wp-content\/uploads\/2023\/02\/logo.png","contentUrl":"https:\/\/www.rememberme-forever.com\/wp-content\/uploads\/2023\/02\/logo.png","width":300,"height":56,"caption":"Remember Forever"},"image":{"@id":"https:\/\/www.rememberme-forever.com\/pl\/#\/schema\/logo\/image\/"}}]}},"acf":[],"_links":{"self":[{"href":"https:\/\/www.rememberme-forever.com\/pl\/wp-json\/wp\/v2\/product\/6470","targetHints":{"allow":["GET"]}}],"collection":[{"href":"https:\/\/www.rememberme-forever.com\/pl\/wp-json\/wp\/v2\/product"}],"about":[{"href":"https:\/\/www.rememberme-forever.com\/pl\/wp-json\/wp\/v2\/types\/product"}],"wp:featuredmedia":[{"embeddable":true,"href":"https:\/\/www.rememberme-forever.com\/pl\/wp-json\/wp\/v2\/media\/6677"}],"wp:attachment":[{"href":"https:\/\/www.rememberme-forever.com\/pl\/wp-json\/wp\/v2\/media?parent=6470"}],"wp:term":[{"taxonomy":"product_brand","embeddable":true,"href":"https:\/\/www.rememberme-forever.com\/pl\/wp-json\/wp\/v2\/product_brand?post=6470"},{"taxonomy":"product_cat","embeddable":true,"href":"https:\/\/www.rememberme-forever.com\/pl\/wp-json\/wp\/v2\/product_cat?post=6470"},{"taxonomy":"product_tag","embeddable":true,"href":"https:\/\/www.rememberme-forever.com\/pl\/wp-json\/wp\/v2\/product_tag?post=6470"}],"curies":[{"name":"wp","href":"https:\/\/api.w.org\/{rel}","templated":true}]}}