{"id":6498,"date":"2023-05-05T10:07:19","date_gmt":"2023-05-05T08:07:19","guid":{"rendered":"http:\/\/www.rememberme-forever.com\/?post_type=product&#038;p=6498"},"modified":"2026-02-03T08:45:29","modified_gmt":"2026-02-03T07:45:29","slug":"dziecieca-urna-na-prochy-artystyczny-efekt-pekniec","status":"publish","type":"product","link":"https:\/\/www.rememberme-forever.com\/pl\/produkt\/dziecieca-urna-na-prochy-artystyczny-efekt-pekniec\/","title":{"rendered":"Dzieci\u0119ca urna na prochy, artystyczny efekt p\u0119kni\u0119\u0107"},"content":{"rendered":"<h2 style=\"text-align: center;\">Dzieci\u0119ca urna na prochy, artystyczny efekt p\u0119kni\u0119\u0107<\/h2>\n<p style=\"text-align: center;\">Dzieci\u0119ca urna na prochy z artystycznym wyko\u0144czeniem decoupage to pi\u0119kny spos\u00f3b na upami\u0119tnienie zmar\u0142ego dziecka. Wykonana z wytrzyma\u0142ej stali nierdzewnej kulka na prochy dziecka jest umieszczona w d\u0142oniach odlanych z lanego betonu, co nadaje jej solidno\u015bci i trwa\u0142o\u015bci. Ozdobiona efektem p\u0119kni\u0119\u0107, urna ta stanowi artystyczny ho\u0142d dla zmar\u0142ego dziecka.<\/p>\n<p style=\"text-align: center;\">Mo\u017cliwe jest tak\u017ce do\u0142o\u017cenie grawerowanej plakietki z w\u0142asnym tekstem stoj\u0105cej osobno na podstawie z pleksy, aby spersonalizowa\u0107 urn\u0119. Wszystko to tworzy niesamowit\u0105 kompozycj\u0119, kt\u00f3ra z pewno\u015bci\u0105 pozwoli na z\u0142o\u017cenie dziecku ho\u0142du, zapewniaj\u0105c mu godny i pi\u0119kny spos\u00f3b upami\u0119tnienia. Urna na prochy dzieci\u0119ca z artystycznym efektem p\u0119kni\u0119\u0107 to wyj\u0105tkowy produkt dla wyj\u0105tkowego dziecka.<\/p>\n<p style=\"text-align: center;\"><b><i>Produkt malowany r\u0119cznie, kolor i uk\u0142ad p\u0119kni\u0119\u0107 mog\u0105 nieznacznie si\u0119 r\u00f3\u017cni\u0107.\u00a0<\/i><\/b><\/p>\n<p>&nbsp;<\/p>\n<h3 style=\"text-align: center;\"><strong>PERSONALIZACJA<\/strong><\/h3>\n<p style=\"text-align: center;\">Je\u015bli wybierzesz grawerowan\u0105 plakietk\u0119 w zestawie z urn\u0105, prze\u015blij tekst w ramce \u201cGrawerowana plakietka\u201d.<\/p>\n<p style=\"text-align: center;\">Tekst do grawerowanej plakietki powinien by\u0107 dostarczony podczas sk\u0142adania zam\u00f3wienia. (Prosz\u0119 nie panikowa\u0107, je\u015bli to przegapisz, poniewa\u017c zawsze mo\u017cesz wys\u0142a\u0107 nam wiadomo\u015b\u0107 p\u00f3\u017aniej.)<\/p>\n<p style=\"text-align: center;\"><em><strong>Przed dodaniem produktu do koszyka dok\u0142adnie SPRAWD\u0179 tekst przes\u0142any do grawerowania. Do\u00a0 tekstu kt\u00f3ry otrzymujemy wraz z zam\u00f3wieniem\u00a0 nie wprowadzamy \u017cadnych zmian z naszej strony. Tekst jest grawerowany dok\u0142adnie taki, jaki otrzymujemy od pa\u0144stwa. <\/strong><\/em><\/p>\n<p style=\"text-align: center;\"><em><strong>Sprawd\u017a tekst, aby upewni\u0107 si\u0119, \u017ce pisownia jest poprawna.<\/strong><\/em><\/p>\n<p style=\"text-align: center;\"><strong><em><img loading=\"lazy\" decoding=\"async\" class=\" wp-image-1348 aligncenter\" src=\"http:\/\/www.rememberme-forever.com\/wp-content\/uploads\/2023\/04\/rece_8www-300x295.jpg\" alt=\"engraved child urn\" width=\"214\" height=\"210\" srcset=\"https:\/\/www.rememberme-forever.com\/wp-content\/uploads\/2023\/04\/rece_8www-300x295.jpg 300w, https:\/\/www.rememberme-forever.com\/wp-content\/uploads\/2023\/04\/rece_8www-768x756.jpg 768w, https:\/\/www.rememberme-forever.com\/wp-content\/uploads\/2023\/04\/rece_8www-600x591.jpg 600w, https:\/\/www.rememberme-forever.com\/wp-content\/uploads\/2023\/04\/rece_8www-64x63.jpg 64w, https:\/\/www.rememberme-forever.com\/wp-content\/uploads\/2023\/04\/rece_8www.jpg 780w\" sizes=\"auto, (max-width: 214px) 100vw, 214px\" \/><\/em><\/strong><\/p>\n<p style=\"text-align: center;\"><b><i>Grawerowana plakietka zostanie dodana osobno z podstawk\u0105 jak na zdj\u0119ciu.<\/i><\/b><br \/>\n<b><i>(Podstawka na grawerowan\u0105 plakietk\u0119 wykonana jest z przezroczystej pleksy.)<\/i><\/b><\/p>\n","protected":false},"excerpt":{"rendered":"<p><em><strong>Urna pomie\u015bci prochy zmar\u0142ego dziecka o masie cia\u0142a 10 kg lub mniej.<\/strong><\/em><\/p>\n<p><b>\u2611\ufe0f <em style=\"color: red;\">Jeste\u015bmy \u015bwiadomi kr\u00f3tkiego czasu na dostarczenie urny. Urn\u0119 zam\u00f3wion\u0105 do godz. 12.00 w dzie\u0144 roboczy wysy\u0142amy natychmiast.\u00a0<\/em><\/b><\/p>\n","protected":false},"featured_media":6659,"template":"","meta":{"_acf_changed":false},"product_brand":[],"product_cat":[78,89],"product_tag":[3347,1011,962],"class_list":{"0":"post-6498","1":"product","2":"type-product","3":"status-publish","4":"has-post-thumbnail","6":"product_cat-urny-artystyczne","7":"product_cat-urny-dzieciece","8":"product_tag-gpsr-metal_stonebase","9":"product_tag-stal-nierdzewna","10":"product_tag-urna","11":"product_shipping_class-art-urns-kule-do20cm-pl","13":"first","14":"instock","15":"taxable","16":"shipping-taxable","17":"purchasable","18":"product-type-simple"},"yoast_head":"<!-- This site is optimized with the Yoast SEO plugin v27.4 - https:\/\/yoast.com\/product\/yoast-seo-wordpress\/ -->\n<title>Dzieci\u0119ca urna na prochy, artystyczny efekt p\u0119kni\u0119\u0107<\/title>\n<meta name=\"description\" content=\"Dzieci\u0119ca urna na prochy z artystycznym wyko\u0144czeniem decoupage to pi\u0119kny spos\u00f3b na upami\u0119tnienie zmar\u0142ego dziecka. Wykonana z wytrzyma\u0142ej stali nierdzewnej\" \/>\n<meta name=\"robots\" content=\"index, follow, max-snippet:-1, max-image-preview:large, max-video-preview:-1\" \/>\n<link rel=\"canonical\" href=\"https:\/\/www.rememberme-forever.com\/pl\/produkt\/dziecieca-urna-na-prochy-artystyczny-efekt-pekniec\/\" \/>\n<meta property=\"og:locale\" content=\"pl_PL\" \/>\n<meta property=\"og:type\" content=\"article\" \/>\n<meta property=\"og:title\" content=\"Dzieci\u0119ca urna na prochy, artystyczny efekt p\u0119kni\u0119\u0107\" \/>\n<meta property=\"og:description\" content=\"Dzieci\u0119ca urna na prochy z artystycznym wyko\u0144czeniem decoupage to pi\u0119kny spos\u00f3b na upami\u0119tnienie zmar\u0142ego dziecka. Wykonana z wytrzyma\u0142ej stali nierdzewnej\" \/>\n<meta property=\"og:url\" content=\"https:\/\/www.rememberme-forever.com\/pl\/produkt\/dziecieca-urna-na-prochy-artystyczny-efekt-pekniec\/\" \/>\n<meta property=\"og:site_name\" content=\"Remember Forever\" \/>\n<meta property=\"article:modified_time\" content=\"2026-02-03T07:45:29+00:00\" \/>\n<meta property=\"og:image\" content=\"http:\/\/www.rememberme-forever.com\/wp-content\/uploads\/2023\/05\/Dziecieca-urna-na-prochy.jpg\" \/>\n\t<meta property=\"og:image:width\" content=\"768\" \/>\n\t<meta property=\"og:image:height\" content=\"781\" \/>\n\t<meta property=\"og:image:type\" content=\"image\/jpeg\" \/>\n<meta name=\"twitter:card\" content=\"summary_large_image\" \/>\n<meta name=\"twitter:label1\" content=\"Szacowany czas czytania\" \/>\n\t<meta name=\"twitter:data1\" content=\"2 minuta\" \/>\n<script type=\"application\/ld+json\" class=\"yoast-schema-graph\">{\"@context\":\"https:\\\/\\\/schema.org\",\"@graph\":[{\"@type\":\"WebPage\",\"@id\":\"https:\\\/\\\/www.rememberme-forever.com\\\/pl\\\/produkt\\\/dziecieca-urna-na-prochy-artystyczny-efekt-pekniec\\\/\",\"url\":\"https:\\\/\\\/www.rememberme-forever.com\\\/pl\\\/produkt\\\/dziecieca-urna-na-prochy-artystyczny-efekt-pekniec\\\/\",\"name\":\"Dzieci\u0119ca urna na prochy, artystyczny efekt p\u0119kni\u0119\u0107\",\"isPartOf\":{\"@id\":\"https:\\\/\\\/www.rememberme-forever.com\\\/pl\\\/#website\"},\"primaryImageOfPage\":{\"@id\":\"https:\\\/\\\/www.rememberme-forever.com\\\/pl\\\/produkt\\\/dziecieca-urna-na-prochy-artystyczny-efekt-pekniec\\\/#primaryimage\"},\"image\":{\"@id\":\"https:\\\/\\\/www.rememberme-forever.com\\\/pl\\\/produkt\\\/dziecieca-urna-na-prochy-artystyczny-efekt-pekniec\\\/#primaryimage\"},\"thumbnailUrl\":\"https:\\\/\\\/www.rememberme-forever.com\\\/wp-content\\\/uploads\\\/2023\\\/05\\\/Dziecieca-urna-na-prochy.jpg\",\"datePublished\":\"2023-05-05T08:07:19+00:00\",\"dateModified\":\"2026-02-03T07:45:29+00:00\",\"description\":\"Dzieci\u0119ca urna na prochy z artystycznym wyko\u0144czeniem decoupage to pi\u0119kny spos\u00f3b na upami\u0119tnienie zmar\u0142ego dziecka. Wykonana z wytrzyma\u0142ej stali nierdzewnej\",\"breadcrumb\":{\"@id\":\"https:\\\/\\\/www.rememberme-forever.com\\\/pl\\\/produkt\\\/dziecieca-urna-na-prochy-artystyczny-efekt-pekniec\\\/#breadcrumb\"},\"inLanguage\":\"pl-PL\",\"potentialAction\":[{\"@type\":\"ReadAction\",\"target\":[\"https:\\\/\\\/www.rememberme-forever.com\\\/pl\\\/produkt\\\/dziecieca-urna-na-prochy-artystyczny-efekt-pekniec\\\/\"]}]},{\"@type\":\"ImageObject\",\"inLanguage\":\"pl-PL\",\"@id\":\"https:\\\/\\\/www.rememberme-forever.com\\\/pl\\\/produkt\\\/dziecieca-urna-na-prochy-artystyczny-efekt-pekniec\\\/#primaryimage\",\"url\":\"https:\\\/\\\/www.rememberme-forever.com\\\/wp-content\\\/uploads\\\/2023\\\/05\\\/Dziecieca-urna-na-prochy.jpg\",\"contentUrl\":\"https:\\\/\\\/www.rememberme-forever.com\\\/wp-content\\\/uploads\\\/2023\\\/05\\\/Dziecieca-urna-na-prochy.jpg\",\"width\":768,\"height\":781,\"caption\":\"Dzieci\u0119ca urna na prochy\"},{\"@type\":\"BreadcrumbList\",\"@id\":\"https:\\\/\\\/www.rememberme-forever.com\\\/pl\\\/produkt\\\/dziecieca-urna-na-prochy-artystyczny-efekt-pekniec\\\/#breadcrumb\",\"itemListElement\":[{\"@type\":\"ListItem\",\"position\":1,\"name\":\"Home\",\"item\":\"https:\\\/\\\/www.rememberme-forever.com\\\/pl\\\/strona-glowna\\\/\"},{\"@type\":\"ListItem\",\"position\":2,\"name\":\"Sklep\",\"item\":\"https:\\\/\\\/www.rememberme-forever.com\\\/pl\\\/sklep-2\\\/\"},{\"@type\":\"ListItem\",\"position\":3,\"name\":\"Dzieci\u0119ca urna na prochy, artystyczny efekt p\u0119kni\u0119\u0107\"}]},{\"@type\":\"WebSite\",\"@id\":\"https:\\\/\\\/www.rememberme-forever.com\\\/pl\\\/#website\",\"url\":\"https:\\\/\\\/www.rememberme-forever.com\\\/pl\\\/\",\"name\":\"Remember Forever\",\"description\":\"Cremation urns, funeral urns, urns for ashes\",\"publisher\":{\"@id\":\"https:\\\/\\\/www.rememberme-forever.com\\\/pl\\\/#organization\"},\"potentialAction\":[{\"@type\":\"SearchAction\",\"target\":{\"@type\":\"EntryPoint\",\"urlTemplate\":\"https:\\\/\\\/www.rememberme-forever.com\\\/pl\\\/?s={search_term_string}\"},\"query-input\":{\"@type\":\"PropertyValueSpecification\",\"valueRequired\":true,\"valueName\":\"search_term_string\"}}],\"inLanguage\":\"pl-PL\"},{\"@type\":\"Organization\",\"@id\":\"https:\\\/\\\/www.rememberme-forever.com\\\/pl\\\/#organization\",\"name\":\"Remember Forever\",\"url\":\"https:\\\/\\\/www.rememberme-forever.com\\\/pl\\\/\",\"logo\":{\"@type\":\"ImageObject\",\"inLanguage\":\"pl-PL\",\"@id\":\"https:\\\/\\\/www.rememberme-forever.com\\\/pl\\\/#\\\/schema\\\/logo\\\/image\\\/\",\"url\":\"https:\\\/\\\/www.rememberme-forever.com\\\/wp-content\\\/uploads\\\/2023\\\/02\\\/logo.png\",\"contentUrl\":\"https:\\\/\\\/www.rememberme-forever.com\\\/wp-content\\\/uploads\\\/2023\\\/02\\\/logo.png\",\"width\":300,\"height\":56,\"caption\":\"Remember Forever\"},\"image\":{\"@id\":\"https:\\\/\\\/www.rememberme-forever.com\\\/pl\\\/#\\\/schema\\\/logo\\\/image\\\/\"}}]}<\/script>\n<!-- \/ Yoast SEO plugin. -->","yoast_head_json":{"title":"Dzieci\u0119ca urna na prochy, artystyczny efekt p\u0119kni\u0119\u0107","description":"Dzieci\u0119ca urna na prochy z artystycznym wyko\u0144czeniem decoupage to pi\u0119kny spos\u00f3b na upami\u0119tnienie zmar\u0142ego dziecka. Wykonana z wytrzyma\u0142ej stali nierdzewnej","robots":{"index":"index","follow":"follow","max-snippet":"max-snippet:-1","max-image-preview":"max-image-preview:large","max-video-preview":"max-video-preview:-1"},"canonical":"https:\/\/www.rememberme-forever.com\/pl\/produkt\/dziecieca-urna-na-prochy-artystyczny-efekt-pekniec\/","og_locale":"pl_PL","og_type":"article","og_title":"Dzieci\u0119ca urna na prochy, artystyczny efekt p\u0119kni\u0119\u0107","og_description":"Dzieci\u0119ca urna na prochy z artystycznym wyko\u0144czeniem decoupage to pi\u0119kny spos\u00f3b na upami\u0119tnienie zmar\u0142ego dziecka. Wykonana z wytrzyma\u0142ej stali nierdzewnej","og_url":"https:\/\/www.rememberme-forever.com\/pl\/produkt\/dziecieca-urna-na-prochy-artystyczny-efekt-pekniec\/","og_site_name":"Remember Forever","article_modified_time":"2026-02-03T07:45:29+00:00","og_image":[{"width":768,"height":781,"url":"http:\/\/www.rememberme-forever.com\/wp-content\/uploads\/2023\/05\/Dziecieca-urna-na-prochy.jpg","type":"image\/jpeg"}],"twitter_card":"summary_large_image","twitter_misc":{"Szacowany czas czytania":"2 minuta"},"schema":{"@context":"https:\/\/schema.org","@graph":[{"@type":"WebPage","@id":"https:\/\/www.rememberme-forever.com\/pl\/produkt\/dziecieca-urna-na-prochy-artystyczny-efekt-pekniec\/","url":"https:\/\/www.rememberme-forever.com\/pl\/produkt\/dziecieca-urna-na-prochy-artystyczny-efekt-pekniec\/","name":"Dzieci\u0119ca urna na prochy, artystyczny efekt p\u0119kni\u0119\u0107","isPartOf":{"@id":"https:\/\/www.rememberme-forever.com\/pl\/#website"},"primaryImageOfPage":{"@id":"https:\/\/www.rememberme-forever.com\/pl\/produkt\/dziecieca-urna-na-prochy-artystyczny-efekt-pekniec\/#primaryimage"},"image":{"@id":"https:\/\/www.rememberme-forever.com\/pl\/produkt\/dziecieca-urna-na-prochy-artystyczny-efekt-pekniec\/#primaryimage"},"thumbnailUrl":"https:\/\/www.rememberme-forever.com\/wp-content\/uploads\/2023\/05\/Dziecieca-urna-na-prochy.jpg","datePublished":"2023-05-05T08:07:19+00:00","dateModified":"2026-02-03T07:45:29+00:00","description":"Dzieci\u0119ca urna na prochy z artystycznym wyko\u0144czeniem decoupage to pi\u0119kny spos\u00f3b na upami\u0119tnienie zmar\u0142ego dziecka. Wykonana z wytrzyma\u0142ej stali nierdzewnej","breadcrumb":{"@id":"https:\/\/www.rememberme-forever.com\/pl\/produkt\/dziecieca-urna-na-prochy-artystyczny-efekt-pekniec\/#breadcrumb"},"inLanguage":"pl-PL","potentialAction":[{"@type":"ReadAction","target":["https:\/\/www.rememberme-forever.com\/pl\/produkt\/dziecieca-urna-na-prochy-artystyczny-efekt-pekniec\/"]}]},{"@type":"ImageObject","inLanguage":"pl-PL","@id":"https:\/\/www.rememberme-forever.com\/pl\/produkt\/dziecieca-urna-na-prochy-artystyczny-efekt-pekniec\/#primaryimage","url":"https:\/\/www.rememberme-forever.com\/wp-content\/uploads\/2023\/05\/Dziecieca-urna-na-prochy.jpg","contentUrl":"https:\/\/www.rememberme-forever.com\/wp-content\/uploads\/2023\/05\/Dziecieca-urna-na-prochy.jpg","width":768,"height":781,"caption":"Dzieci\u0119ca urna na prochy"},{"@type":"BreadcrumbList","@id":"https:\/\/www.rememberme-forever.com\/pl\/produkt\/dziecieca-urna-na-prochy-artystyczny-efekt-pekniec\/#breadcrumb","itemListElement":[{"@type":"ListItem","position":1,"name":"Home","item":"https:\/\/www.rememberme-forever.com\/pl\/strona-glowna\/"},{"@type":"ListItem","position":2,"name":"Sklep","item":"https:\/\/www.rememberme-forever.com\/pl\/sklep-2\/"},{"@type":"ListItem","position":3,"name":"Dzieci\u0119ca urna na prochy, artystyczny efekt p\u0119kni\u0119\u0107"}]},{"@type":"WebSite","@id":"https:\/\/www.rememberme-forever.com\/pl\/#website","url":"https:\/\/www.rememberme-forever.com\/pl\/","name":"Remember Forever","description":"Cremation urns, funeral urns, urns for ashes","publisher":{"@id":"https:\/\/www.rememberme-forever.com\/pl\/#organization"},"potentialAction":[{"@type":"SearchAction","target":{"@type":"EntryPoint","urlTemplate":"https:\/\/www.rememberme-forever.com\/pl\/?s={search_term_string}"},"query-input":{"@type":"PropertyValueSpecification","valueRequired":true,"valueName":"search_term_string"}}],"inLanguage":"pl-PL"},{"@type":"Organization","@id":"https:\/\/www.rememberme-forever.com\/pl\/#organization","name":"Remember Forever","url":"https:\/\/www.rememberme-forever.com\/pl\/","logo":{"@type":"ImageObject","inLanguage":"pl-PL","@id":"https:\/\/www.rememberme-forever.com\/pl\/#\/schema\/logo\/image\/","url":"https:\/\/www.rememberme-forever.com\/wp-content\/uploads\/2023\/02\/logo.png","contentUrl":"https:\/\/www.rememberme-forever.com\/wp-content\/uploads\/2023\/02\/logo.png","width":300,"height":56,"caption":"Remember Forever"},"image":{"@id":"https:\/\/www.rememberme-forever.com\/pl\/#\/schema\/logo\/image\/"}}]}},"acf":[],"_links":{"self":[{"href":"https:\/\/www.rememberme-forever.com\/pl\/wp-json\/wp\/v2\/product\/6498","targetHints":{"allow":["GET"]}}],"collection":[{"href":"https:\/\/www.rememberme-forever.com\/pl\/wp-json\/wp\/v2\/product"}],"about":[{"href":"https:\/\/www.rememberme-forever.com\/pl\/wp-json\/wp\/v2\/types\/product"}],"wp:featuredmedia":[{"embeddable":true,"href":"https:\/\/www.rememberme-forever.com\/pl\/wp-json\/wp\/v2\/media\/6659"}],"wp:attachment":[{"href":"https:\/\/www.rememberme-forever.com\/pl\/wp-json\/wp\/v2\/media?parent=6498"}],"wp:term":[{"taxonomy":"product_brand","embeddable":true,"href":"https:\/\/www.rememberme-forever.com\/pl\/wp-json\/wp\/v2\/product_brand?post=6498"},{"taxonomy":"product_cat","embeddable":true,"href":"https:\/\/www.rememberme-forever.com\/pl\/wp-json\/wp\/v2\/product_cat?post=6498"},{"taxonomy":"product_tag","embeddable":true,"href":"https:\/\/www.rememberme-forever.com\/pl\/wp-json\/wp\/v2\/product_tag?post=6498"}],"curies":[{"name":"wp","href":"https:\/\/api.w.org\/{rel}","templated":true}]}}