{"id":6499,"date":"2023-05-05T10:11:03","date_gmt":"2023-05-05T08:11:03","guid":{"rendered":"http:\/\/www.rememberme-forever.com\/?post_type=product&#038;p=6499"},"modified":"2026-02-03T08:45:29","modified_gmt":"2026-02-03T07:45:29","slug":"urna-pogrzebowa-dziecieca","status":"publish","type":"product","link":"https:\/\/www.rememberme-forever.com\/pl\/produkt\/urna-pogrzebowa-dziecieca\/","title":{"rendered":"Urna pogrzebowa dzieci\u0119ca"},"content":{"rendered":"<div style=\"width: 100%; margin-bottom: 30px; height: max-content; padding-bottom: 60%; position: relative;\"><iframe style=\"position: absolute; top: 0; left: 0; width: 100%; height: 100%;\" src=\"https:\/\/rememberme-urns.com\/decotative-pet-urn-for-dog-or-cat\/\" frameborder=\"0\"><\/iframe><\/div>\n<div style=\"color: red; text-align: center; margin-bottom: 25px;\">\n<p>&gt;&gt; Obrotowe zdj\u0119cie &#8211; dotknij\/zbli\u017c &lt;&lt;<\/p>\n<\/div>\n<h2 style=\"text-align: center;\">Urna pogrzebowa dzieci\u0119ca<\/h2>\n<blockquote><p>Ta pi\u0119kna urna pogrzebowa dzieci\u0119ca jest wykonana z najwy\u017cszej jako\u015bci stali nierdzewnej i umieszczona na solidnej marmurowej podstawie. Na przedzie podstawy znajduj\u0105 si\u0119 dwa serca, symbolizuj\u0105ce mi\u0142o\u015b\u0107 i trosk\u0119 o zmar\u0142ego. Urna jest dost\u0119pna z r\u00f3\u017cnymi ozdobami, aby dostosowa\u0107 si\u0119 do potrzeb ka\u017cdej rodziny i ka\u017cdej sytuacji.<\/p>\n<p>Dodatkowo, mo\u017cna do\u0142\u0105czy\u0107 grawerowan\u0105 plakietk\u0119 z w\u0142asnym tekstem, aby uczci\u0107 pami\u0119\u0107 dziecka i wyrazi\u0107 swoje uczucia. Ta urna pogrzebowa dzieci\u0119ca zosta\u0142a starannie zaprojektowana z my\u015bl\u0105 o tym, aby stanowi\u0142a pi\u0119kny i godny spos\u00f3b na upami\u0119tnienie dziecka. Jej trwa\u0142o\u015b\u0107 i solidna konstrukcja zapewni\u0105, \u017ce prochy dziecka b\u0119d\u0105 bezpieczne i chronione na zawsze.<\/p>\n<p><iframe loading=\"lazy\" title=\"Urn For Baby - Cremation Urns For Babies Ashes, Child Urn, Infant Cremation Urn\" width=\"640\" height=\"360\" src=\"https:\/\/www.youtube.com\/embed\/5GprENYjTGs?feature=oembed\" frameborder=\"0\" allow=\"accelerometer; autoplay; clipboard-write; encrypted-media; gyroscope; picture-in-picture; web-share\" referrerpolicy=\"strict-origin-when-cross-origin\" allowfullscreen><\/iframe><\/p>\n<p style=\"text-align: center;\">\n<\/blockquote>\n<h3 style=\"text-align: center;\"><strong>PERSONALIZACJA<\/strong><\/h3>\n<p style=\"text-align: center;\">Je\u015bli wybierzesz grawerowan\u0105 plakietk\u0119 w zestawie z urn\u0105, prze\u015blij tekst w ramce \u201cGrawerowana plakietka\u201d.<\/p>\n<p style=\"text-align: center;\">Tekst do grawerowanej plakietki powinien by\u0107 dostarczony podczas sk\u0142adania zam\u00f3wienia. (Prosz\u0119 nie panikowa\u0107, je\u015bli to przegapisz, poniewa\u017c zawsze mo\u017cesz wys\u0142a\u0107 nam wiadomo\u015b\u0107 p\u00f3\u017aniej.)<\/p>\n<p style=\"text-align: center;\"><img loading=\"lazy\" decoding=\"async\" class=\"alignnone wp-image-1318\" src=\"http:\/\/www.rememberme-forever.com\/wp-content\/uploads\/2023\/04\/unique-child-cremation-urn-295x300.jpg\" alt=\"unique child cremation urn\" width=\"163\" height=\"165\" srcset=\"https:\/\/www.rememberme-forever.com\/wp-content\/uploads\/2023\/04\/unique-child-cremation-urn-295x300.jpg 295w, https:\/\/www.rememberme-forever.com\/wp-content\/uploads\/2023\/04\/unique-child-cremation-urn-600x610.jpg 600w, https:\/\/www.rememberme-forever.com\/wp-content\/uploads\/2023\/04\/unique-child-cremation-urn-100x100.jpg 100w, https:\/\/www.rememberme-forever.com\/wp-content\/uploads\/2023\/04\/unique-child-cremation-urn-64x65.jpg 64w, https:\/\/www.rememberme-forever.com\/wp-content\/uploads\/2023\/04\/unique-child-cremation-urn.jpg 768w\" sizes=\"auto, (max-width: 163px) 100vw, 163px\" \/><\/p>\n<p style=\"text-align: center;\"><em><strong>Przed dodaniem produktu do koszyka dok\u0142adnie SPRAWD\u0179 tekst przes\u0142any do grawerowania. Do\u00a0 tekstu kt\u00f3ry otrzymujemy wraz z zam\u00f3wieniem\u00a0 nie wprowadzamy \u017cadnych zmian z naszej strony. Tekst jest grawerowany dok\u0142adnie taki, jaki otrzymujemy od pa\u0144stwa. <\/strong><\/em><\/p>\n<p style=\"text-align: center;\"><em><strong>Sprawd\u017a tekst, aby upewni\u0107 si\u0119, \u017ce pisownia jest poprawna.<\/strong><\/em><\/p>\n<p>&nbsp;<\/p>\n<h2 class=\"style-scope ytd-watch-metadata\" style=\"text-align: center;\">Jak przesypa\u0107 prochy do tego typu urny?<\/h2>\n<p><iframe loading=\"lazy\" title=\"How to transfer the ashes to Urn? - Teddy Bear Stainless Steel Child Urn - Instruction\" width=\"640\" height=\"360\" src=\"https:\/\/www.youtube.com\/embed\/q-D4S2FGLGc?feature=oembed\" frameborder=\"0\" allow=\"accelerometer; autoplay; clipboard-write; encrypted-media; gyroscope; picture-in-picture; web-share\" referrerpolicy=\"strict-origin-when-cross-origin\" allowfullscreen><\/iframe><\/p>\n","protected":false},"excerpt":{"rendered":"<p><em><b>Urna jest odpowiednia do przechowywania proch\u00f3w zmar\u0142ego dziecka o masie cia\u0142a 30 kg lub mniej.<\/b><\/em><\/p>\n<p><b>\u2611\ufe0f <em style=\"color: red;\">Jeste\u015bmy \u015bwiadomi kr\u00f3tkiego czasu na dostarczenie urny. Urn\u0119 zam\u00f3wion\u0105 do godz. 12.00 w dzie\u0144 roboczy wysy\u0142amy natychmiast.\u00a0<\/em><\/b><\/p>\n","protected":false},"featured_media":6656,"template":"","meta":{"_acf_changed":false},"product_brand":[],"product_cat":[89],"product_tag":[3347,995,1012,996,1011,962],"class_list":{"0":"post-6499","1":"product","2":"type-product","3":"status-publish","4":"has-post-thumbnail","6":"product_cat-urny-dzieciece","7":"product_tag-gpsr-metal_stonebase","8":"product_tag-kremacja","9":"product_tag-marmur","10":"product_tag-serca","11":"product_tag-stal-nierdzewna","12":"product_tag-urna","13":"product_shipping_class-art-urns-kule-do20cm-pl","15":"first","16":"instock","17":"taxable","18":"shipping-taxable","19":"purchasable","20":"product-type-variable"},"yoast_head":"<!-- This site is optimized with the Yoast SEO plugin v27.4 - https:\/\/yoast.com\/product\/yoast-seo-wordpress\/ -->\n<title>Urna pogrzebowa dzieci\u0119ca<\/title>\n<meta name=\"description\" content=\"Ta pi\u0119kna urna pogrzebowa dzieci\u0119ca jest wykonana z najwy\u017cszej jako\u015bci stali nierdzewnej i umieszczona na solidnej marmurowej podstawie.\" \/>\n<meta name=\"robots\" content=\"index, follow, max-snippet:-1, max-image-preview:large, max-video-preview:-1\" \/>\n<link rel=\"canonical\" href=\"https:\/\/www.rememberme-forever.com\/pl\/produkt\/urna-pogrzebowa-dziecieca\/\" \/>\n<meta property=\"og:locale\" content=\"pl_PL\" \/>\n<meta property=\"og:type\" content=\"article\" \/>\n<meta property=\"og:title\" content=\"Urna pogrzebowa dzieci\u0119ca\" \/>\n<meta property=\"og:description\" content=\"Ta pi\u0119kna urna pogrzebowa dzieci\u0119ca jest wykonana z najwy\u017cszej jako\u015bci stali nierdzewnej i umieszczona na solidnej marmurowej podstawie.\" \/>\n<meta property=\"og:url\" content=\"https:\/\/www.rememberme-forever.com\/pl\/produkt\/urna-pogrzebowa-dziecieca\/\" \/>\n<meta property=\"og:site_name\" content=\"Remember Forever\" \/>\n<meta property=\"article:modified_time\" content=\"2026-02-03T07:45:29+00:00\" \/>\n<meta property=\"og:image\" content=\"http:\/\/www.rememberme-forever.com\/wp-content\/uploads\/2023\/05\/Urna-pogrzebowa-dziecieca.jpg\" \/>\n\t<meta property=\"og:image:width\" content=\"768\" \/>\n\t<meta property=\"og:image:height\" content=\"768\" \/>\n\t<meta property=\"og:image:type\" content=\"image\/jpeg\" \/>\n<meta name=\"twitter:card\" content=\"summary_large_image\" \/>\n<meta name=\"twitter:label1\" content=\"Szacowany czas czytania\" \/>\n\t<meta name=\"twitter:data1\" content=\"1 minuta\" \/>\n<script type=\"application\/ld+json\" class=\"yoast-schema-graph\">{\"@context\":\"https:\\\/\\\/schema.org\",\"@graph\":[{\"@type\":\"WebPage\",\"@id\":\"https:\\\/\\\/www.rememberme-forever.com\\\/pl\\\/produkt\\\/urna-pogrzebowa-dziecieca\\\/\",\"url\":\"https:\\\/\\\/www.rememberme-forever.com\\\/pl\\\/produkt\\\/urna-pogrzebowa-dziecieca\\\/\",\"name\":\"Urna pogrzebowa dzieci\u0119ca\",\"isPartOf\":{\"@id\":\"https:\\\/\\\/www.rememberme-forever.com\\\/pl\\\/#website\"},\"primaryImageOfPage\":{\"@id\":\"https:\\\/\\\/www.rememberme-forever.com\\\/pl\\\/produkt\\\/urna-pogrzebowa-dziecieca\\\/#primaryimage\"},\"image\":{\"@id\":\"https:\\\/\\\/www.rememberme-forever.com\\\/pl\\\/produkt\\\/urna-pogrzebowa-dziecieca\\\/#primaryimage\"},\"thumbnailUrl\":\"https:\\\/\\\/www.rememberme-forever.com\\\/wp-content\\\/uploads\\\/2023\\\/05\\\/Urna-pogrzebowa-dziecieca.jpg\",\"datePublished\":\"2023-05-05T08:11:03+00:00\",\"dateModified\":\"2026-02-03T07:45:29+00:00\",\"description\":\"Ta pi\u0119kna urna pogrzebowa dzieci\u0119ca jest wykonana z najwy\u017cszej jako\u015bci stali nierdzewnej i umieszczona na solidnej marmurowej podstawie.\",\"breadcrumb\":{\"@id\":\"https:\\\/\\\/www.rememberme-forever.com\\\/pl\\\/produkt\\\/urna-pogrzebowa-dziecieca\\\/#breadcrumb\"},\"inLanguage\":\"pl-PL\",\"potentialAction\":[{\"@type\":\"ReadAction\",\"target\":[\"https:\\\/\\\/www.rememberme-forever.com\\\/pl\\\/produkt\\\/urna-pogrzebowa-dziecieca\\\/\"]}]},{\"@type\":\"ImageObject\",\"inLanguage\":\"pl-PL\",\"@id\":\"https:\\\/\\\/www.rememberme-forever.com\\\/pl\\\/produkt\\\/urna-pogrzebowa-dziecieca\\\/#primaryimage\",\"url\":\"https:\\\/\\\/www.rememberme-forever.com\\\/wp-content\\\/uploads\\\/2023\\\/05\\\/Urna-pogrzebowa-dziecieca.jpg\",\"contentUrl\":\"https:\\\/\\\/www.rememberme-forever.com\\\/wp-content\\\/uploads\\\/2023\\\/05\\\/Urna-pogrzebowa-dziecieca.jpg\",\"width\":768,\"height\":768,\"caption\":\"Urna pogrzebowa dzieci\u0119ca\"},{\"@type\":\"BreadcrumbList\",\"@id\":\"https:\\\/\\\/www.rememberme-forever.com\\\/pl\\\/produkt\\\/urna-pogrzebowa-dziecieca\\\/#breadcrumb\",\"itemListElement\":[{\"@type\":\"ListItem\",\"position\":1,\"name\":\"Home\",\"item\":\"https:\\\/\\\/www.rememberme-forever.com\\\/pl\\\/strona-glowna\\\/\"},{\"@type\":\"ListItem\",\"position\":2,\"name\":\"Sklep\",\"item\":\"https:\\\/\\\/www.rememberme-forever.com\\\/pl\\\/sklep-2\\\/\"},{\"@type\":\"ListItem\",\"position\":3,\"name\":\"Urna pogrzebowa dzieci\u0119ca\"}]},{\"@type\":\"WebSite\",\"@id\":\"https:\\\/\\\/www.rememberme-forever.com\\\/pl\\\/#website\",\"url\":\"https:\\\/\\\/www.rememberme-forever.com\\\/pl\\\/\",\"name\":\"Remember Forever\",\"description\":\"Cremation urns, funeral urns, urns for ashes\",\"publisher\":{\"@id\":\"https:\\\/\\\/www.rememberme-forever.com\\\/pl\\\/#organization\"},\"potentialAction\":[{\"@type\":\"SearchAction\",\"target\":{\"@type\":\"EntryPoint\",\"urlTemplate\":\"https:\\\/\\\/www.rememberme-forever.com\\\/pl\\\/?s={search_term_string}\"},\"query-input\":{\"@type\":\"PropertyValueSpecification\",\"valueRequired\":true,\"valueName\":\"search_term_string\"}}],\"inLanguage\":\"pl-PL\"},{\"@type\":\"Organization\",\"@id\":\"https:\\\/\\\/www.rememberme-forever.com\\\/pl\\\/#organization\",\"name\":\"Remember Forever\",\"url\":\"https:\\\/\\\/www.rememberme-forever.com\\\/pl\\\/\",\"logo\":{\"@type\":\"ImageObject\",\"inLanguage\":\"pl-PL\",\"@id\":\"https:\\\/\\\/www.rememberme-forever.com\\\/pl\\\/#\\\/schema\\\/logo\\\/image\\\/\",\"url\":\"https:\\\/\\\/www.rememberme-forever.com\\\/wp-content\\\/uploads\\\/2023\\\/02\\\/logo.png\",\"contentUrl\":\"https:\\\/\\\/www.rememberme-forever.com\\\/wp-content\\\/uploads\\\/2023\\\/02\\\/logo.png\",\"width\":300,\"height\":56,\"caption\":\"Remember Forever\"},\"image\":{\"@id\":\"https:\\\/\\\/www.rememberme-forever.com\\\/pl\\\/#\\\/schema\\\/logo\\\/image\\\/\"}}]}<\/script>\n<!-- \/ Yoast SEO plugin. -->","yoast_head_json":{"title":"Urna pogrzebowa dzieci\u0119ca","description":"Ta pi\u0119kna urna pogrzebowa dzieci\u0119ca jest wykonana z najwy\u017cszej jako\u015bci stali nierdzewnej i umieszczona na solidnej marmurowej podstawie.","robots":{"index":"index","follow":"follow","max-snippet":"max-snippet:-1","max-image-preview":"max-image-preview:large","max-video-preview":"max-video-preview:-1"},"canonical":"https:\/\/www.rememberme-forever.com\/pl\/produkt\/urna-pogrzebowa-dziecieca\/","og_locale":"pl_PL","og_type":"article","og_title":"Urna pogrzebowa dzieci\u0119ca","og_description":"Ta pi\u0119kna urna pogrzebowa dzieci\u0119ca jest wykonana z najwy\u017cszej jako\u015bci stali nierdzewnej i umieszczona na solidnej marmurowej podstawie.","og_url":"https:\/\/www.rememberme-forever.com\/pl\/produkt\/urna-pogrzebowa-dziecieca\/","og_site_name":"Remember Forever","article_modified_time":"2026-02-03T07:45:29+00:00","og_image":[{"width":768,"height":768,"url":"http:\/\/www.rememberme-forever.com\/wp-content\/uploads\/2023\/05\/Urna-pogrzebowa-dziecieca.jpg","type":"image\/jpeg"}],"twitter_card":"summary_large_image","twitter_misc":{"Szacowany czas czytania":"1 minuta"},"schema":{"@context":"https:\/\/schema.org","@graph":[{"@type":"WebPage","@id":"https:\/\/www.rememberme-forever.com\/pl\/produkt\/urna-pogrzebowa-dziecieca\/","url":"https:\/\/www.rememberme-forever.com\/pl\/produkt\/urna-pogrzebowa-dziecieca\/","name":"Urna pogrzebowa dzieci\u0119ca","isPartOf":{"@id":"https:\/\/www.rememberme-forever.com\/pl\/#website"},"primaryImageOfPage":{"@id":"https:\/\/www.rememberme-forever.com\/pl\/produkt\/urna-pogrzebowa-dziecieca\/#primaryimage"},"image":{"@id":"https:\/\/www.rememberme-forever.com\/pl\/produkt\/urna-pogrzebowa-dziecieca\/#primaryimage"},"thumbnailUrl":"https:\/\/www.rememberme-forever.com\/wp-content\/uploads\/2023\/05\/Urna-pogrzebowa-dziecieca.jpg","datePublished":"2023-05-05T08:11:03+00:00","dateModified":"2026-02-03T07:45:29+00:00","description":"Ta pi\u0119kna urna pogrzebowa dzieci\u0119ca jest wykonana z najwy\u017cszej jako\u015bci stali nierdzewnej i umieszczona na solidnej marmurowej podstawie.","breadcrumb":{"@id":"https:\/\/www.rememberme-forever.com\/pl\/produkt\/urna-pogrzebowa-dziecieca\/#breadcrumb"},"inLanguage":"pl-PL","potentialAction":[{"@type":"ReadAction","target":["https:\/\/www.rememberme-forever.com\/pl\/produkt\/urna-pogrzebowa-dziecieca\/"]}]},{"@type":"ImageObject","inLanguage":"pl-PL","@id":"https:\/\/www.rememberme-forever.com\/pl\/produkt\/urna-pogrzebowa-dziecieca\/#primaryimage","url":"https:\/\/www.rememberme-forever.com\/wp-content\/uploads\/2023\/05\/Urna-pogrzebowa-dziecieca.jpg","contentUrl":"https:\/\/www.rememberme-forever.com\/wp-content\/uploads\/2023\/05\/Urna-pogrzebowa-dziecieca.jpg","width":768,"height":768,"caption":"Urna pogrzebowa dzieci\u0119ca"},{"@type":"BreadcrumbList","@id":"https:\/\/www.rememberme-forever.com\/pl\/produkt\/urna-pogrzebowa-dziecieca\/#breadcrumb","itemListElement":[{"@type":"ListItem","position":1,"name":"Home","item":"https:\/\/www.rememberme-forever.com\/pl\/strona-glowna\/"},{"@type":"ListItem","position":2,"name":"Sklep","item":"https:\/\/www.rememberme-forever.com\/pl\/sklep-2\/"},{"@type":"ListItem","position":3,"name":"Urna pogrzebowa dzieci\u0119ca"}]},{"@type":"WebSite","@id":"https:\/\/www.rememberme-forever.com\/pl\/#website","url":"https:\/\/www.rememberme-forever.com\/pl\/","name":"Remember Forever","description":"Cremation urns, funeral urns, urns for ashes","publisher":{"@id":"https:\/\/www.rememberme-forever.com\/pl\/#organization"},"potentialAction":[{"@type":"SearchAction","target":{"@type":"EntryPoint","urlTemplate":"https:\/\/www.rememberme-forever.com\/pl\/?s={search_term_string}"},"query-input":{"@type":"PropertyValueSpecification","valueRequired":true,"valueName":"search_term_string"}}],"inLanguage":"pl-PL"},{"@type":"Organization","@id":"https:\/\/www.rememberme-forever.com\/pl\/#organization","name":"Remember Forever","url":"https:\/\/www.rememberme-forever.com\/pl\/","logo":{"@type":"ImageObject","inLanguage":"pl-PL","@id":"https:\/\/www.rememberme-forever.com\/pl\/#\/schema\/logo\/image\/","url":"https:\/\/www.rememberme-forever.com\/wp-content\/uploads\/2023\/02\/logo.png","contentUrl":"https:\/\/www.rememberme-forever.com\/wp-content\/uploads\/2023\/02\/logo.png","width":300,"height":56,"caption":"Remember Forever"},"image":{"@id":"https:\/\/www.rememberme-forever.com\/pl\/#\/schema\/logo\/image\/"}}]}},"acf":[],"_links":{"self":[{"href":"https:\/\/www.rememberme-forever.com\/pl\/wp-json\/wp\/v2\/product\/6499","targetHints":{"allow":["GET"]}}],"collection":[{"href":"https:\/\/www.rememberme-forever.com\/pl\/wp-json\/wp\/v2\/product"}],"about":[{"href":"https:\/\/www.rememberme-forever.com\/pl\/wp-json\/wp\/v2\/types\/product"}],"wp:featuredmedia":[{"embeddable":true,"href":"https:\/\/www.rememberme-forever.com\/pl\/wp-json\/wp\/v2\/media\/6656"}],"wp:attachment":[{"href":"https:\/\/www.rememberme-forever.com\/pl\/wp-json\/wp\/v2\/media?parent=6499"}],"wp:term":[{"taxonomy":"product_brand","embeddable":true,"href":"https:\/\/www.rememberme-forever.com\/pl\/wp-json\/wp\/v2\/product_brand?post=6499"},{"taxonomy":"product_cat","embeddable":true,"href":"https:\/\/www.rememberme-forever.com\/pl\/wp-json\/wp\/v2\/product_cat?post=6499"},{"taxonomy":"product_tag","embeddable":true,"href":"https:\/\/www.rememberme-forever.com\/pl\/wp-json\/wp\/v2\/product_tag?post=6499"}],"curies":[{"name":"wp","href":"https:\/\/api.w.org\/{rel}","templated":true}]}}