{"id":6511,"date":"2023-05-05T10:11:07","date_gmt":"2023-05-05T08:11:07","guid":{"rendered":"http:\/\/www.rememberme-forever.com\/?post_type=product&#038;p=6511"},"modified":"2026-02-03T08:45:28","modified_gmt":"2026-02-03T07:45:28","slug":"urna-na-prochy-dziecka-pluszowy-mis","status":"publish","type":"product","link":"https:\/\/www.rememberme-forever.com\/pl\/produkt\/urna-na-prochy-dziecka-pluszowy-mis\/","title":{"rendered":"Urna na prochy dziecka, pluszowy mi\u015b"},"content":{"rendered":"<div style=\"width: 100%; margin-bottom: 30px; height: max-content; padding-bottom: 60%; position: relative;\"><iframe style=\"position: absolute; top: 0; left: 0; width: 100%; height: 100%;\" src=\"https:\/\/rememberme-urns.com\/teddy-bear-child-urn\/\" frameborder=\"0\"><\/iframe><\/div>\n<div style=\"color: red; text-align: center; margin-bottom: 25px;\">\n<p>&gt;&gt; Obrotowe zdj\u0119cie &#8211; dotknij\/zbli\u017c &lt;&lt;<\/p>\n<\/div>\n<h2 style=\"text-align: center;\">Urna na prochy dziecka, pluszowy mi\u015b<\/h2>\n<blockquote>\n<p style=\"text-align: center;\">Ta unikalna urna na prochy dziecka \u0142\u0105czy w sobie eleganck\u0105 stal nierdzewn\u0105 i przytuln\u0105 posta\u0107 pluszowego misia. Wykonana z wysokiej jako\u015bci stali nierdzewnej urna zapewnia trwa\u0142o\u015b\u0107 i wytrzyma\u0142o\u015b\u0107, a marmurowa podstawa nadaje stabilno\u015b\u0107 i elegancj\u0119. Na przedzie podstawy znajduje si\u0119 urocza figurka pluszowego misia, dodaj\u0105ca urnie charakteru i czyni\u0105ca j\u0105 idealnym miejscem na przechowywanie proch\u00f3w Twojego ma\u0142ego dziecka.<\/p>\n<p><iframe loading=\"lazy\" title=\"Urn For Baby - Cremation Urns For Babies Ashes, Child Urn, Infant Cremation Urn\" width=\"640\" height=\"360\" src=\"https:\/\/www.youtube.com\/embed\/5GprENYjTGs?feature=oembed\" frameborder=\"0\" allow=\"accelerometer; autoplay; clipboard-write; encrypted-media; gyroscope; picture-in-picture; web-share\" referrerpolicy=\"strict-origin-when-cross-origin\" allowfullscreen><\/iframe><\/p>\n<p style=\"text-align: center;\">Wn\u0119trze urny jest dostatecznie du\u017ce, aby pomie\u015bci\u0107 ca\u0142\u0105 porcj\u0119 proch\u00f3w dziecka, a dodatkowo mo\u017cesz do\u0142o\u017cy\u0107 grawerowan\u0105 plakietk\u0119 z w\u0142asnym tekstem, aby uczci\u0107 i upami\u0119tni\u0107 Twojego maluszka. Ta urna jest nie tylko praktycznym miejscem na przechowywanie proch\u00f3w, ale r\u00f3wnie\u017c pi\u0119knym dzie\u0142em sztuki, kt\u00f3re wspaniale i dostojnie b\u0119dzie wygl\u0105da\u0107 podczas obrz\u0105dk\u00f3w pogrzebowych.<\/p>\n<p style=\"text-align: center;\">Urna na prochy dziecka z pluszowym misiem to wyj\u0105tkowy spos\u00f3b na upami\u0119tnienie i zachowanie pami\u0119ci o Twoim ukochanym dziecku. To pi\u0119kne i \u0142agodne rozwi\u0105zanie dla rodzic\u00f3w, kt\u00f3rzy chc\u0105 podarowa\u0107 zmar\u0142emu dziecku jak najlepsze miejsce ostatniego spoczynku, kt\u00f3ry odzwierciedla ich mi\u0142o\u015b\u0107 i trosk\u0119.<\/p>\n<\/blockquote>\n<p>&nbsp;<\/p>\n<h3 style=\"text-align: center;\"><strong>PERSONALIZACJA<\/strong><\/h3>\n<p style=\"text-align: center;\">Je\u015bli wybierzesz grawerowan\u0105 plakietk\u0119 w zestawie z urn\u0105, prze\u015blij tekst w ramce \u201cGrawerowana plakietka\u201d.<\/p>\n<p style=\"text-align: center;\">Tekst do grawerowanej plakietki powinien by\u0107 dostarczony podczas sk\u0142adania zam\u00f3wienia. (Prosz\u0119 nie panikowa\u0107, je\u015bli to przegapisz, poniewa\u017c zawsze mo\u017cesz wys\u0142a\u0107 nam wiadomo\u015b\u0107 p\u00f3\u017aniej.)<\/p>\n<p style=\"text-align: center;\"><img loading=\"lazy\" decoding=\"async\" class=\"alignnone wp-image-1318\" src=\"http:\/\/www.rememberme-forever.com\/wp-content\/uploads\/2023\/04\/unique-child-cremation-urn-295x300.jpg\" alt=\"unique child cremation urn\" width=\"163\" height=\"165\" srcset=\"https:\/\/www.rememberme-forever.com\/wp-content\/uploads\/2023\/04\/unique-child-cremation-urn-295x300.jpg 295w, https:\/\/www.rememberme-forever.com\/wp-content\/uploads\/2023\/04\/unique-child-cremation-urn-600x610.jpg 600w, https:\/\/www.rememberme-forever.com\/wp-content\/uploads\/2023\/04\/unique-child-cremation-urn-100x100.jpg 100w, https:\/\/www.rememberme-forever.com\/wp-content\/uploads\/2023\/04\/unique-child-cremation-urn-64x65.jpg 64w, https:\/\/www.rememberme-forever.com\/wp-content\/uploads\/2023\/04\/unique-child-cremation-urn.jpg 768w\" sizes=\"auto, (max-width: 163px) 100vw, 163px\" \/><\/p>\n<p style=\"text-align: center;\"><em><a name=\"_Hlk108616021\"><\/a><strong>Przed dodaniem produktu do koszyka dok\u0142adnie SPRAWD\u0179 tekst przes\u0142any do grawerowania. Do\u00a0 tekstu kt\u00f3ry otrzymujemy wraz z zam\u00f3wieniem\u00a0 nie wprowadzamy \u017cadnych zmian z naszej strony. Tekst jest grawerowany dok\u0142adnie taki, jaki otrzymujemy od pa\u0144stwa. <\/strong><\/em><\/p>\n<p style=\"text-align: center;\"><em><strong>Sprawd\u017a tekst, aby upewni\u0107 si\u0119, \u017ce pisownia jest poprawna.<\/strong><\/em><\/p>\n<p>&nbsp;<\/p>\n<h2 class=\"style-scope ytd-watch-metadata\" style=\"text-align: center;\">Jak przesypa\u0107 prochy do tego typu urny?<\/h2>\n<p><iframe loading=\"lazy\" title=\"How to transfer the ashes to Urn? - Teddy Bear Stainless Steel Child Urn - Instruction\" width=\"640\" height=\"360\" src=\"https:\/\/www.youtube.com\/embed\/q-D4S2FGLGc?feature=oembed\" frameborder=\"0\" allow=\"accelerometer; autoplay; clipboard-write; encrypted-media; gyroscope; picture-in-picture; web-share\" referrerpolicy=\"strict-origin-when-cross-origin\" allowfullscreen><\/iframe><\/p>\n","protected":false},"excerpt":{"rendered":"<p><em><b>Urna odpowiednia do pomieszczenia proch\u00f3w zmar\u0142ego dziecka o masie cia\u0142a 30kg lub mniej.<\/b><\/em><\/p>\n<p><b>\u2611\ufe0f <em style=\"color: red;\">Jeste\u015bmy \u015bwiadomi kr\u00f3tkiego czasu na dostarczenie urny. Urn\u0119 zam\u00f3wion\u0105 do godz. 12.00 w dzie\u0144 roboczy wysy\u0142amy natychmiast.\u00a0<\/em><\/b><\/p>\n","protected":false},"featured_media":6652,"template":"","meta":{"_acf_changed":false},"product_brand":[],"product_cat":[89],"product_tag":[3347,1012,1070,997,1011,962],"class_list":{"0":"post-6511","1":"product","2":"type-product","3":"status-publish","4":"has-post-thumbnail","6":"product_cat-urny-dzieciece","7":"product_tag-gpsr-metal_stonebase","8":"product_tag-marmur","9":"product_tag-pluszowy-mis","10":"product_tag-pogrzeb","11":"product_tag-stal-nierdzewna","12":"product_tag-urna","13":"product_shipping_class-art-urns-kule-do20cm-pl","15":"first","16":"instock","17":"taxable","18":"shipping-taxable","19":"purchasable","20":"product-type-variable"},"yoast_head":"<!-- This site is optimized with the Yoast SEO plugin v27.4 - https:\/\/yoast.com\/product\/yoast-seo-wordpress\/ -->\n<title>Urna na prochy dziecka, pluszowy mi\u015b<\/title>\n<meta name=\"description\" content=\"Ta unikalna urna na prochy dziecka \u0142\u0105czy w sobie eleganck\u0105 stal nierdzewn\u0105 i przytuln\u0105 posta\u0107 pluszowego misia. Wykonana z wysokiej jako\u015bci...\" \/>\n<meta name=\"robots\" content=\"index, follow, max-snippet:-1, max-image-preview:large, max-video-preview:-1\" \/>\n<link rel=\"canonical\" href=\"https:\/\/www.rememberme-forever.com\/pl\/produkt\/urna-na-prochy-dziecka-pluszowy-mis\/\" \/>\n<meta property=\"og:locale\" content=\"pl_PL\" \/>\n<meta property=\"og:type\" content=\"article\" \/>\n<meta property=\"og:title\" content=\"Urna na prochy dziecka, pluszowy mi\u015b\" \/>\n<meta property=\"og:description\" content=\"Ta unikalna urna na prochy dziecka \u0142\u0105czy w sobie eleganck\u0105 stal nierdzewn\u0105 i przytuln\u0105 posta\u0107 pluszowego misia. Wykonana z wysokiej jako\u015bci...\" \/>\n<meta property=\"og:url\" content=\"https:\/\/www.rememberme-forever.com\/pl\/produkt\/urna-na-prochy-dziecka-pluszowy-mis\/\" \/>\n<meta property=\"og:site_name\" content=\"Remember Forever\" \/>\n<meta property=\"article:modified_time\" content=\"2026-02-03T07:45:28+00:00\" \/>\n<meta property=\"og:image\" content=\"http:\/\/www.rememberme-forever.com\/wp-content\/uploads\/2023\/05\/Urna-na-prochy-dziecka-pluszowy-mis.jpg\" \/>\n\t<meta property=\"og:image:width\" content=\"768\" \/>\n\t<meta property=\"og:image:height\" content=\"781\" \/>\n\t<meta property=\"og:image:type\" content=\"image\/jpeg\" \/>\n<meta name=\"twitter:card\" content=\"summary_large_image\" \/>\n<meta name=\"twitter:label1\" content=\"Szacowany czas czytania\" \/>\n\t<meta name=\"twitter:data1\" content=\"1 minuta\" \/>\n<script type=\"application\/ld+json\" class=\"yoast-schema-graph\">{\"@context\":\"https:\\\/\\\/schema.org\",\"@graph\":[{\"@type\":\"WebPage\",\"@id\":\"https:\\\/\\\/www.rememberme-forever.com\\\/pl\\\/produkt\\\/urna-na-prochy-dziecka-pluszowy-mis\\\/\",\"url\":\"https:\\\/\\\/www.rememberme-forever.com\\\/pl\\\/produkt\\\/urna-na-prochy-dziecka-pluszowy-mis\\\/\",\"name\":\"Urna na prochy dziecka, pluszowy mi\u015b\",\"isPartOf\":{\"@id\":\"https:\\\/\\\/www.rememberme-forever.com\\\/pl\\\/#website\"},\"primaryImageOfPage\":{\"@id\":\"https:\\\/\\\/www.rememberme-forever.com\\\/pl\\\/produkt\\\/urna-na-prochy-dziecka-pluszowy-mis\\\/#primaryimage\"},\"image\":{\"@id\":\"https:\\\/\\\/www.rememberme-forever.com\\\/pl\\\/produkt\\\/urna-na-prochy-dziecka-pluszowy-mis\\\/#primaryimage\"},\"thumbnailUrl\":\"https:\\\/\\\/www.rememberme-forever.com\\\/wp-content\\\/uploads\\\/2023\\\/05\\\/Urna-na-prochy-dziecka-pluszowy-mis.jpg\",\"datePublished\":\"2023-05-05T08:11:07+00:00\",\"dateModified\":\"2026-02-03T07:45:28+00:00\",\"description\":\"Ta unikalna urna na prochy dziecka \u0142\u0105czy w sobie eleganck\u0105 stal nierdzewn\u0105 i przytuln\u0105 posta\u0107 pluszowego misia. Wykonana z wysokiej jako\u015bci...\",\"breadcrumb\":{\"@id\":\"https:\\\/\\\/www.rememberme-forever.com\\\/pl\\\/produkt\\\/urna-na-prochy-dziecka-pluszowy-mis\\\/#breadcrumb\"},\"inLanguage\":\"pl-PL\",\"potentialAction\":[{\"@type\":\"ReadAction\",\"target\":[\"https:\\\/\\\/www.rememberme-forever.com\\\/pl\\\/produkt\\\/urna-na-prochy-dziecka-pluszowy-mis\\\/\"]}]},{\"@type\":\"ImageObject\",\"inLanguage\":\"pl-PL\",\"@id\":\"https:\\\/\\\/www.rememberme-forever.com\\\/pl\\\/produkt\\\/urna-na-prochy-dziecka-pluszowy-mis\\\/#primaryimage\",\"url\":\"https:\\\/\\\/www.rememberme-forever.com\\\/wp-content\\\/uploads\\\/2023\\\/05\\\/Urna-na-prochy-dziecka-pluszowy-mis.jpg\",\"contentUrl\":\"https:\\\/\\\/www.rememberme-forever.com\\\/wp-content\\\/uploads\\\/2023\\\/05\\\/Urna-na-prochy-dziecka-pluszowy-mis.jpg\",\"width\":768,\"height\":781,\"caption\":\"Urna na prochy dziecka, pluszowy mi\u015b\"},{\"@type\":\"BreadcrumbList\",\"@id\":\"https:\\\/\\\/www.rememberme-forever.com\\\/pl\\\/produkt\\\/urna-na-prochy-dziecka-pluszowy-mis\\\/#breadcrumb\",\"itemListElement\":[{\"@type\":\"ListItem\",\"position\":1,\"name\":\"Home\",\"item\":\"https:\\\/\\\/www.rememberme-forever.com\\\/pl\\\/strona-glowna\\\/\"},{\"@type\":\"ListItem\",\"position\":2,\"name\":\"Sklep\",\"item\":\"https:\\\/\\\/www.rememberme-forever.com\\\/pl\\\/sklep-2\\\/\"},{\"@type\":\"ListItem\",\"position\":3,\"name\":\"Urna na prochy dziecka, pluszowy mi\u015b\"}]},{\"@type\":\"WebSite\",\"@id\":\"https:\\\/\\\/www.rememberme-forever.com\\\/pl\\\/#website\",\"url\":\"https:\\\/\\\/www.rememberme-forever.com\\\/pl\\\/\",\"name\":\"Remember Forever\",\"description\":\"Cremation urns, funeral urns, urns for ashes\",\"publisher\":{\"@id\":\"https:\\\/\\\/www.rememberme-forever.com\\\/pl\\\/#organization\"},\"potentialAction\":[{\"@type\":\"SearchAction\",\"target\":{\"@type\":\"EntryPoint\",\"urlTemplate\":\"https:\\\/\\\/www.rememberme-forever.com\\\/pl\\\/?s={search_term_string}\"},\"query-input\":{\"@type\":\"PropertyValueSpecification\",\"valueRequired\":true,\"valueName\":\"search_term_string\"}}],\"inLanguage\":\"pl-PL\"},{\"@type\":\"Organization\",\"@id\":\"https:\\\/\\\/www.rememberme-forever.com\\\/pl\\\/#organization\",\"name\":\"Remember Forever\",\"url\":\"https:\\\/\\\/www.rememberme-forever.com\\\/pl\\\/\",\"logo\":{\"@type\":\"ImageObject\",\"inLanguage\":\"pl-PL\",\"@id\":\"https:\\\/\\\/www.rememberme-forever.com\\\/pl\\\/#\\\/schema\\\/logo\\\/image\\\/\",\"url\":\"https:\\\/\\\/www.rememberme-forever.com\\\/wp-content\\\/uploads\\\/2023\\\/02\\\/logo.png\",\"contentUrl\":\"https:\\\/\\\/www.rememberme-forever.com\\\/wp-content\\\/uploads\\\/2023\\\/02\\\/logo.png\",\"width\":300,\"height\":56,\"caption\":\"Remember Forever\"},\"image\":{\"@id\":\"https:\\\/\\\/www.rememberme-forever.com\\\/pl\\\/#\\\/schema\\\/logo\\\/image\\\/\"}}]}<\/script>\n<!-- \/ Yoast SEO plugin. -->","yoast_head_json":{"title":"Urna na prochy dziecka, pluszowy mi\u015b","description":"Ta unikalna urna na prochy dziecka \u0142\u0105czy w sobie eleganck\u0105 stal nierdzewn\u0105 i przytuln\u0105 posta\u0107 pluszowego misia. Wykonana z wysokiej jako\u015bci...","robots":{"index":"index","follow":"follow","max-snippet":"max-snippet:-1","max-image-preview":"max-image-preview:large","max-video-preview":"max-video-preview:-1"},"canonical":"https:\/\/www.rememberme-forever.com\/pl\/produkt\/urna-na-prochy-dziecka-pluszowy-mis\/","og_locale":"pl_PL","og_type":"article","og_title":"Urna na prochy dziecka, pluszowy mi\u015b","og_description":"Ta unikalna urna na prochy dziecka \u0142\u0105czy w sobie eleganck\u0105 stal nierdzewn\u0105 i przytuln\u0105 posta\u0107 pluszowego misia. Wykonana z wysokiej jako\u015bci...","og_url":"https:\/\/www.rememberme-forever.com\/pl\/produkt\/urna-na-prochy-dziecka-pluszowy-mis\/","og_site_name":"Remember Forever","article_modified_time":"2026-02-03T07:45:28+00:00","og_image":[{"width":768,"height":781,"url":"http:\/\/www.rememberme-forever.com\/wp-content\/uploads\/2023\/05\/Urna-na-prochy-dziecka-pluszowy-mis.jpg","type":"image\/jpeg"}],"twitter_card":"summary_large_image","twitter_misc":{"Szacowany czas czytania":"1 minuta"},"schema":{"@context":"https:\/\/schema.org","@graph":[{"@type":"WebPage","@id":"https:\/\/www.rememberme-forever.com\/pl\/produkt\/urna-na-prochy-dziecka-pluszowy-mis\/","url":"https:\/\/www.rememberme-forever.com\/pl\/produkt\/urna-na-prochy-dziecka-pluszowy-mis\/","name":"Urna na prochy dziecka, pluszowy mi\u015b","isPartOf":{"@id":"https:\/\/www.rememberme-forever.com\/pl\/#website"},"primaryImageOfPage":{"@id":"https:\/\/www.rememberme-forever.com\/pl\/produkt\/urna-na-prochy-dziecka-pluszowy-mis\/#primaryimage"},"image":{"@id":"https:\/\/www.rememberme-forever.com\/pl\/produkt\/urna-na-prochy-dziecka-pluszowy-mis\/#primaryimage"},"thumbnailUrl":"https:\/\/www.rememberme-forever.com\/wp-content\/uploads\/2023\/05\/Urna-na-prochy-dziecka-pluszowy-mis.jpg","datePublished":"2023-05-05T08:11:07+00:00","dateModified":"2026-02-03T07:45:28+00:00","description":"Ta unikalna urna na prochy dziecka \u0142\u0105czy w sobie eleganck\u0105 stal nierdzewn\u0105 i przytuln\u0105 posta\u0107 pluszowego misia. Wykonana z wysokiej jako\u015bci...","breadcrumb":{"@id":"https:\/\/www.rememberme-forever.com\/pl\/produkt\/urna-na-prochy-dziecka-pluszowy-mis\/#breadcrumb"},"inLanguage":"pl-PL","potentialAction":[{"@type":"ReadAction","target":["https:\/\/www.rememberme-forever.com\/pl\/produkt\/urna-na-prochy-dziecka-pluszowy-mis\/"]}]},{"@type":"ImageObject","inLanguage":"pl-PL","@id":"https:\/\/www.rememberme-forever.com\/pl\/produkt\/urna-na-prochy-dziecka-pluszowy-mis\/#primaryimage","url":"https:\/\/www.rememberme-forever.com\/wp-content\/uploads\/2023\/05\/Urna-na-prochy-dziecka-pluszowy-mis.jpg","contentUrl":"https:\/\/www.rememberme-forever.com\/wp-content\/uploads\/2023\/05\/Urna-na-prochy-dziecka-pluszowy-mis.jpg","width":768,"height":781,"caption":"Urna na prochy dziecka, pluszowy mi\u015b"},{"@type":"BreadcrumbList","@id":"https:\/\/www.rememberme-forever.com\/pl\/produkt\/urna-na-prochy-dziecka-pluszowy-mis\/#breadcrumb","itemListElement":[{"@type":"ListItem","position":1,"name":"Home","item":"https:\/\/www.rememberme-forever.com\/pl\/strona-glowna\/"},{"@type":"ListItem","position":2,"name":"Sklep","item":"https:\/\/www.rememberme-forever.com\/pl\/sklep-2\/"},{"@type":"ListItem","position":3,"name":"Urna na prochy dziecka, pluszowy mi\u015b"}]},{"@type":"WebSite","@id":"https:\/\/www.rememberme-forever.com\/pl\/#website","url":"https:\/\/www.rememberme-forever.com\/pl\/","name":"Remember Forever","description":"Cremation urns, funeral urns, urns for ashes","publisher":{"@id":"https:\/\/www.rememberme-forever.com\/pl\/#organization"},"potentialAction":[{"@type":"SearchAction","target":{"@type":"EntryPoint","urlTemplate":"https:\/\/www.rememberme-forever.com\/pl\/?s={search_term_string}"},"query-input":{"@type":"PropertyValueSpecification","valueRequired":true,"valueName":"search_term_string"}}],"inLanguage":"pl-PL"},{"@type":"Organization","@id":"https:\/\/www.rememberme-forever.com\/pl\/#organization","name":"Remember Forever","url":"https:\/\/www.rememberme-forever.com\/pl\/","logo":{"@type":"ImageObject","inLanguage":"pl-PL","@id":"https:\/\/www.rememberme-forever.com\/pl\/#\/schema\/logo\/image\/","url":"https:\/\/www.rememberme-forever.com\/wp-content\/uploads\/2023\/02\/logo.png","contentUrl":"https:\/\/www.rememberme-forever.com\/wp-content\/uploads\/2023\/02\/logo.png","width":300,"height":56,"caption":"Remember Forever"},"image":{"@id":"https:\/\/www.rememberme-forever.com\/pl\/#\/schema\/logo\/image\/"}}]}},"acf":[],"_links":{"self":[{"href":"https:\/\/www.rememberme-forever.com\/pl\/wp-json\/wp\/v2\/product\/6511","targetHints":{"allow":["GET"]}}],"collection":[{"href":"https:\/\/www.rememberme-forever.com\/pl\/wp-json\/wp\/v2\/product"}],"about":[{"href":"https:\/\/www.rememberme-forever.com\/pl\/wp-json\/wp\/v2\/types\/product"}],"wp:featuredmedia":[{"embeddable":true,"href":"https:\/\/www.rememberme-forever.com\/pl\/wp-json\/wp\/v2\/media\/6652"}],"wp:attachment":[{"href":"https:\/\/www.rememberme-forever.com\/pl\/wp-json\/wp\/v2\/media?parent=6511"}],"wp:term":[{"taxonomy":"product_brand","embeddable":true,"href":"https:\/\/www.rememberme-forever.com\/pl\/wp-json\/wp\/v2\/product_brand?post=6511"},{"taxonomy":"product_cat","embeddable":true,"href":"https:\/\/www.rememberme-forever.com\/pl\/wp-json\/wp\/v2\/product_cat?post=6511"},{"taxonomy":"product_tag","embeddable":true,"href":"https:\/\/www.rememberme-forever.com\/pl\/wp-json\/wp\/v2\/product_tag?post=6511"}],"curies":[{"name":"wp","href":"https:\/\/api.w.org\/{rel}","templated":true}]}}