{"id":6522,"date":"2023-05-05T10:13:37","date_gmt":"2023-05-05T08:13:37","guid":{"rendered":"http:\/\/www.rememberme-forever.com\/?post_type=product&#038;p=6522"},"modified":"2026-02-03T08:45:28","modified_gmt":"2026-02-03T07:45:28","slug":"podwojna-urna-na-prochy-dwoch-osob","status":"publish","type":"product","link":"https:\/\/www.rememberme-forever.com\/pl\/produkt\/podwojna-urna-na-prochy-dwoch-osob\/","title":{"rendered":"Podw\u00f3jna urna na prochy dw\u00f3ch os\u00f3b"},"content":{"rendered":"<div style=\"width: 100%; margin-bottom: 40px; height: max-content; padding-bottom: 60%; position: relative;\"><iframe style=\"position: absolute; top: 0; left: 0; width: 100%; height: 100%;\" src=\"https:\/\/rememberme-urns.com\/companion-urn-xl-size\/\" frameborder=\"0\"><\/iframe><\/div>\n<div style=\"color: red; text-align: center; margin-bottom: 25px;\">\n<p>&gt;&gt; Obrotowe zdj\u0119cie &#8211; dotknij\/zbli\u017c &lt;&lt;<\/p>\n<\/div>\n<h2 style=\"text-align: center;\">Podw\u00f3jna urna na prochy dw\u00f3ch os\u00f3b.<\/h2>\n<p style=\"text-align: center;\">Elegancka i wyj\u0105tkowa, <strong>podw\u00f3jna urna na prochy dw\u00f3ch os\u00f3b<\/strong>, wykonana z najwy\u017cszej jako\u015bci stali nierdzewnej w rozmiarze XL. Ta pi\u0119kna, du\u017ca kula jest zdolna pomie\u015bci\u0107 prochy dw\u00f3ch os\u00f3b i jest osadzona na solidnej marmurowej podstawie. Na przedzie podstawy znajduje si\u0119 pi\u0119kna ozdoba w kszta\u0142cie podw\u00f3jnego serca, dodaj\u0105c jeszcze wi\u0119kszej symboliki temu wyj\u0105tkowemu produktowi.<\/p>\n<p style=\"text-align: center;\">Nie tylko jest to pojemnik na prochy, ale tak\u017ce pi\u0119kna pami\u0105tka dla Twoich bliskich, kt\u00f3ra wspaniale b\u0119dzie si\u0119 prezentowa\u0107 podczas uroczysto\u015bci \u017ca\u0142obnych. Kula jest polerowana na wysoki po\u0142ysk, co skutkuje tym, \u017ce ca\u0142a otaczaj\u0105ca j\u0105 przestrze\u0144 odbija si\u0119 jak w lustrze.<\/p>\n<p style=\"text-align: center;\">Grawerowana plakietka z w\u0142asnym tekstem pozwala na dodanie osobistego i unikalnego akcentu do tej wyj\u0105tkowej urny. Ta podw\u00f3jna urna na prochy jest idealna dla os\u00f3b, kt\u00f3re chc\u0105 po\u0142\u0105czy\u0107 prochy dw\u00f3ch bliskich w jednym miejscu. To pi\u0119kne rozwi\u0105zanie dla tych, kt\u00f3rzy chc\u0105, aby ich bliscy byli zawsze razem, nawet po \u015bmierci.<\/p>\n<p>&nbsp;<\/p>\n<h3 style=\"text-align: center;\"><strong>PERSONALIZACJA<\/strong><\/h3>\n<p style=\"text-align: center;\">Je\u015bli wybierzesz grawerowan\u0105 plakietk\u0119 w zestawie z urn\u0105, prze\u015blij tekst w ramce \u201cGrawerowana plakietka\u201d.<\/p>\n<p style=\"text-align: center;\">Tekst do grawerowanej plakietki powinien by\u0107 dostarczony podczas sk\u0142adania zam\u00f3wienia. (Prosz\u0119 nie panikowa\u0107, je\u015bli to przegapisz, poniewa\u017c zawsze mo\u017cesz wys\u0142a\u0107 nam wiadomo\u015b\u0107 p\u00f3\u017aniej.)<\/p>\n<p><img loading=\"lazy\" decoding=\"async\" class=\"wp-image-1450 aligncenter\" src=\"http:\/\/www.rememberme-forever.com\/wp-content\/uploads\/2023\/04\/memorial-plaque-cremation-urn-silver-300x153.jpg\" alt=\"memorial plaque cremation urn silver\" width=\"204\" height=\"104\" \/><\/p>\n<p style=\"text-align: center;\"><em><a name=\"_Hlk108616021\"><\/a><strong>Przed dodaniem produktu do koszyka dok\u0142adnie SPRAWD\u0179 tekst przes\u0142any do grawerowania. Do\u00a0 tekstu kt\u00f3ry otrzymujemy wraz z zam\u00f3wieniem\u00a0 nie wprowadzamy \u017cadnych zmian z naszej strony. Tekst jest grawerowany dok\u0142adnie taki, jaki otrzymujemy od pa\u0144stwa. <\/strong><\/em><\/p>\n<p style=\"text-align: center;\"><em><strong>Sprawd\u017a tekst, aby upewni\u0107 si\u0119, \u017ce pisownia jest poprawna.<\/strong><\/em><\/p>\n<p>&nbsp;<\/p>\n","protected":false},"excerpt":{"rendered":"<p><em><strong>Ta urna ze stali nierdzewnej mo\u017ce by\u0107 u\u017cyta zar\u00f3wno do proch\u00f3w doros\u0142ej osoby, jak i dw\u00f3ch os\u00f3b.<\/strong><\/em><\/p>\n<p><b>\u2611\ufe0f <em style=\"color: red;\">Jeste\u015bmy \u015bwiadomi kr\u00f3tkiego czasu na dostarczenie urny. Urn\u0119 zam\u00f3wion\u0105 do godz. 12.00 w dzie\u0144 roboczy wysy\u0142amy natychmiast.\u00a0<\/em><\/b><\/p>\n","protected":false},"featured_media":6646,"template":"","meta":{"_acf_changed":false},"product_brand":[],"product_cat":[90,139],"product_tag":[3347,1024,1012,1055,1011],"class_list":{"0":"post-6522","1":"product","2":"type-product","3":"status-publish","4":"has-post-thumbnail","6":"product_cat-urny-dla-dwojga","7":"product_cat-urny-metalowe","8":"product_tag-gpsr-metal_stonebase","9":"product_tag-kula","10":"product_tag-marmur","11":"product_tag-podwojna-urna","12":"product_tag-stal-nierdzewna","13":"product_shipping_class-art-urns-kule-do20cm-pl","15":"first","16":"instock","17":"taxable","18":"shipping-taxable","19":"purchasable","20":"product-type-variable"},"yoast_head":"<!-- This site is optimized with the Yoast SEO plugin v27.4 - https:\/\/yoast.com\/product\/yoast-seo-wordpress\/ -->\n<title>Podw\u00f3jna urna na prochy dw\u00f3ch os\u00f3b<\/title>\n<meta name=\"description\" content=\"Elegancka i wyj\u0105tkowa, podw\u00f3jna urna na prochy dw\u00f3ch os\u00f3b, wykonana z najwy\u017cszej jako\u015bci stali nierdzewnej w rozmiarze XL.\" \/>\n<meta name=\"robots\" content=\"index, follow, max-snippet:-1, max-image-preview:large, max-video-preview:-1\" \/>\n<link rel=\"canonical\" href=\"https:\/\/www.rememberme-forever.com\/pl\/produkt\/podwojna-urna-na-prochy-dwoch-osob\/\" \/>\n<meta property=\"og:locale\" content=\"pl_PL\" \/>\n<meta property=\"og:type\" content=\"article\" \/>\n<meta property=\"og:title\" content=\"Podw\u00f3jna urna na prochy dw\u00f3ch os\u00f3b\" \/>\n<meta property=\"og:description\" content=\"Elegancka i wyj\u0105tkowa, podw\u00f3jna urna na prochy dw\u00f3ch os\u00f3b, wykonana z najwy\u017cszej jako\u015bci stali nierdzewnej w rozmiarze XL.\" \/>\n<meta property=\"og:url\" content=\"https:\/\/www.rememberme-forever.com\/pl\/produkt\/podwojna-urna-na-prochy-dwoch-osob\/\" \/>\n<meta property=\"og:site_name\" content=\"Remember Forever\" \/>\n<meta property=\"article:modified_time\" content=\"2026-02-03T07:45:28+00:00\" \/>\n<meta property=\"og:image\" content=\"http:\/\/www.rememberme-forever.com\/wp-content\/uploads\/2023\/05\/Podwojna-urna-na-prochy-dwoch-osob.jpg\" \/>\n\t<meta property=\"og:image:width\" content=\"768\" \/>\n\t<meta property=\"og:image:height\" content=\"768\" \/>\n\t<meta property=\"og:image:type\" content=\"image\/jpeg\" \/>\n<meta name=\"twitter:card\" content=\"summary_large_image\" \/>\n<meta name=\"twitter:label1\" content=\"Szacowany czas czytania\" \/>\n\t<meta name=\"twitter:data1\" content=\"2 minuta\" \/>\n<script type=\"application\/ld+json\" class=\"yoast-schema-graph\">{\"@context\":\"https:\\\/\\\/schema.org\",\"@graph\":[{\"@type\":\"WebPage\",\"@id\":\"https:\\\/\\\/www.rememberme-forever.com\\\/pl\\\/produkt\\\/podwojna-urna-na-prochy-dwoch-osob\\\/\",\"url\":\"https:\\\/\\\/www.rememberme-forever.com\\\/pl\\\/produkt\\\/podwojna-urna-na-prochy-dwoch-osob\\\/\",\"name\":\"Podw\u00f3jna urna na prochy dw\u00f3ch os\u00f3b\",\"isPartOf\":{\"@id\":\"https:\\\/\\\/www.rememberme-forever.com\\\/pl\\\/#website\"},\"primaryImageOfPage\":{\"@id\":\"https:\\\/\\\/www.rememberme-forever.com\\\/pl\\\/produkt\\\/podwojna-urna-na-prochy-dwoch-osob\\\/#primaryimage\"},\"image\":{\"@id\":\"https:\\\/\\\/www.rememberme-forever.com\\\/pl\\\/produkt\\\/podwojna-urna-na-prochy-dwoch-osob\\\/#primaryimage\"},\"thumbnailUrl\":\"https:\\\/\\\/www.rememberme-forever.com\\\/wp-content\\\/uploads\\\/2023\\\/05\\\/Podwojna-urna-na-prochy-dwoch-osob.jpg\",\"datePublished\":\"2023-05-05T08:13:37+00:00\",\"dateModified\":\"2026-02-03T07:45:28+00:00\",\"description\":\"Elegancka i wyj\u0105tkowa, podw\u00f3jna urna na prochy dw\u00f3ch os\u00f3b, wykonana z najwy\u017cszej jako\u015bci stali nierdzewnej w rozmiarze XL.\",\"breadcrumb\":{\"@id\":\"https:\\\/\\\/www.rememberme-forever.com\\\/pl\\\/produkt\\\/podwojna-urna-na-prochy-dwoch-osob\\\/#breadcrumb\"},\"inLanguage\":\"pl-PL\",\"potentialAction\":[{\"@type\":\"ReadAction\",\"target\":[\"https:\\\/\\\/www.rememberme-forever.com\\\/pl\\\/produkt\\\/podwojna-urna-na-prochy-dwoch-osob\\\/\"]}]},{\"@type\":\"ImageObject\",\"inLanguage\":\"pl-PL\",\"@id\":\"https:\\\/\\\/www.rememberme-forever.com\\\/pl\\\/produkt\\\/podwojna-urna-na-prochy-dwoch-osob\\\/#primaryimage\",\"url\":\"https:\\\/\\\/www.rememberme-forever.com\\\/wp-content\\\/uploads\\\/2023\\\/05\\\/Podwojna-urna-na-prochy-dwoch-osob.jpg\",\"contentUrl\":\"https:\\\/\\\/www.rememberme-forever.com\\\/wp-content\\\/uploads\\\/2023\\\/05\\\/Podwojna-urna-na-prochy-dwoch-osob.jpg\",\"width\":768,\"height\":768,\"caption\":\"Podw\u00f3jna urna na prochy dw\u00f3ch os\u00f3b.\"},{\"@type\":\"BreadcrumbList\",\"@id\":\"https:\\\/\\\/www.rememberme-forever.com\\\/pl\\\/produkt\\\/podwojna-urna-na-prochy-dwoch-osob\\\/#breadcrumb\",\"itemListElement\":[{\"@type\":\"ListItem\",\"position\":1,\"name\":\"Home\",\"item\":\"https:\\\/\\\/www.rememberme-forever.com\\\/pl\\\/strona-glowna\\\/\"},{\"@type\":\"ListItem\",\"position\":2,\"name\":\"Sklep\",\"item\":\"https:\\\/\\\/www.rememberme-forever.com\\\/pl\\\/sklep-2\\\/\"},{\"@type\":\"ListItem\",\"position\":3,\"name\":\"Podw\u00f3jna urna na prochy dw\u00f3ch os\u00f3b\"}]},{\"@type\":\"WebSite\",\"@id\":\"https:\\\/\\\/www.rememberme-forever.com\\\/pl\\\/#website\",\"url\":\"https:\\\/\\\/www.rememberme-forever.com\\\/pl\\\/\",\"name\":\"Remember Forever\",\"description\":\"Cremation urns, funeral urns, urns for ashes\",\"publisher\":{\"@id\":\"https:\\\/\\\/www.rememberme-forever.com\\\/pl\\\/#organization\"},\"potentialAction\":[{\"@type\":\"SearchAction\",\"target\":{\"@type\":\"EntryPoint\",\"urlTemplate\":\"https:\\\/\\\/www.rememberme-forever.com\\\/pl\\\/?s={search_term_string}\"},\"query-input\":{\"@type\":\"PropertyValueSpecification\",\"valueRequired\":true,\"valueName\":\"search_term_string\"}}],\"inLanguage\":\"pl-PL\"},{\"@type\":\"Organization\",\"@id\":\"https:\\\/\\\/www.rememberme-forever.com\\\/pl\\\/#organization\",\"name\":\"Remember Forever\",\"url\":\"https:\\\/\\\/www.rememberme-forever.com\\\/pl\\\/\",\"logo\":{\"@type\":\"ImageObject\",\"inLanguage\":\"pl-PL\",\"@id\":\"https:\\\/\\\/www.rememberme-forever.com\\\/pl\\\/#\\\/schema\\\/logo\\\/image\\\/\",\"url\":\"https:\\\/\\\/www.rememberme-forever.com\\\/wp-content\\\/uploads\\\/2023\\\/02\\\/logo.png\",\"contentUrl\":\"https:\\\/\\\/www.rememberme-forever.com\\\/wp-content\\\/uploads\\\/2023\\\/02\\\/logo.png\",\"width\":300,\"height\":56,\"caption\":\"Remember Forever\"},\"image\":{\"@id\":\"https:\\\/\\\/www.rememberme-forever.com\\\/pl\\\/#\\\/schema\\\/logo\\\/image\\\/\"}}]}<\/script>\n<!-- \/ Yoast SEO plugin. -->","yoast_head_json":{"title":"Podw\u00f3jna urna na prochy dw\u00f3ch os\u00f3b","description":"Elegancka i wyj\u0105tkowa, podw\u00f3jna urna na prochy dw\u00f3ch os\u00f3b, wykonana z najwy\u017cszej jako\u015bci stali nierdzewnej w rozmiarze XL.","robots":{"index":"index","follow":"follow","max-snippet":"max-snippet:-1","max-image-preview":"max-image-preview:large","max-video-preview":"max-video-preview:-1"},"canonical":"https:\/\/www.rememberme-forever.com\/pl\/produkt\/podwojna-urna-na-prochy-dwoch-osob\/","og_locale":"pl_PL","og_type":"article","og_title":"Podw\u00f3jna urna na prochy dw\u00f3ch os\u00f3b","og_description":"Elegancka i wyj\u0105tkowa, podw\u00f3jna urna na prochy dw\u00f3ch os\u00f3b, wykonana z najwy\u017cszej jako\u015bci stali nierdzewnej w rozmiarze XL.","og_url":"https:\/\/www.rememberme-forever.com\/pl\/produkt\/podwojna-urna-na-prochy-dwoch-osob\/","og_site_name":"Remember Forever","article_modified_time":"2026-02-03T07:45:28+00:00","og_image":[{"width":768,"height":768,"url":"http:\/\/www.rememberme-forever.com\/wp-content\/uploads\/2023\/05\/Podwojna-urna-na-prochy-dwoch-osob.jpg","type":"image\/jpeg"}],"twitter_card":"summary_large_image","twitter_misc":{"Szacowany czas czytania":"2 minuta"},"schema":{"@context":"https:\/\/schema.org","@graph":[{"@type":"WebPage","@id":"https:\/\/www.rememberme-forever.com\/pl\/produkt\/podwojna-urna-na-prochy-dwoch-osob\/","url":"https:\/\/www.rememberme-forever.com\/pl\/produkt\/podwojna-urna-na-prochy-dwoch-osob\/","name":"Podw\u00f3jna urna na prochy dw\u00f3ch os\u00f3b","isPartOf":{"@id":"https:\/\/www.rememberme-forever.com\/pl\/#website"},"primaryImageOfPage":{"@id":"https:\/\/www.rememberme-forever.com\/pl\/produkt\/podwojna-urna-na-prochy-dwoch-osob\/#primaryimage"},"image":{"@id":"https:\/\/www.rememberme-forever.com\/pl\/produkt\/podwojna-urna-na-prochy-dwoch-osob\/#primaryimage"},"thumbnailUrl":"https:\/\/www.rememberme-forever.com\/wp-content\/uploads\/2023\/05\/Podwojna-urna-na-prochy-dwoch-osob.jpg","datePublished":"2023-05-05T08:13:37+00:00","dateModified":"2026-02-03T07:45:28+00:00","description":"Elegancka i wyj\u0105tkowa, podw\u00f3jna urna na prochy dw\u00f3ch os\u00f3b, wykonana z najwy\u017cszej jako\u015bci stali nierdzewnej w rozmiarze XL.","breadcrumb":{"@id":"https:\/\/www.rememberme-forever.com\/pl\/produkt\/podwojna-urna-na-prochy-dwoch-osob\/#breadcrumb"},"inLanguage":"pl-PL","potentialAction":[{"@type":"ReadAction","target":["https:\/\/www.rememberme-forever.com\/pl\/produkt\/podwojna-urna-na-prochy-dwoch-osob\/"]}]},{"@type":"ImageObject","inLanguage":"pl-PL","@id":"https:\/\/www.rememberme-forever.com\/pl\/produkt\/podwojna-urna-na-prochy-dwoch-osob\/#primaryimage","url":"https:\/\/www.rememberme-forever.com\/wp-content\/uploads\/2023\/05\/Podwojna-urna-na-prochy-dwoch-osob.jpg","contentUrl":"https:\/\/www.rememberme-forever.com\/wp-content\/uploads\/2023\/05\/Podwojna-urna-na-prochy-dwoch-osob.jpg","width":768,"height":768,"caption":"Podw\u00f3jna urna na prochy dw\u00f3ch os\u00f3b."},{"@type":"BreadcrumbList","@id":"https:\/\/www.rememberme-forever.com\/pl\/produkt\/podwojna-urna-na-prochy-dwoch-osob\/#breadcrumb","itemListElement":[{"@type":"ListItem","position":1,"name":"Home","item":"https:\/\/www.rememberme-forever.com\/pl\/strona-glowna\/"},{"@type":"ListItem","position":2,"name":"Sklep","item":"https:\/\/www.rememberme-forever.com\/pl\/sklep-2\/"},{"@type":"ListItem","position":3,"name":"Podw\u00f3jna urna na prochy dw\u00f3ch os\u00f3b"}]},{"@type":"WebSite","@id":"https:\/\/www.rememberme-forever.com\/pl\/#website","url":"https:\/\/www.rememberme-forever.com\/pl\/","name":"Remember Forever","description":"Cremation urns, funeral urns, urns for ashes","publisher":{"@id":"https:\/\/www.rememberme-forever.com\/pl\/#organization"},"potentialAction":[{"@type":"SearchAction","target":{"@type":"EntryPoint","urlTemplate":"https:\/\/www.rememberme-forever.com\/pl\/?s={search_term_string}"},"query-input":{"@type":"PropertyValueSpecification","valueRequired":true,"valueName":"search_term_string"}}],"inLanguage":"pl-PL"},{"@type":"Organization","@id":"https:\/\/www.rememberme-forever.com\/pl\/#organization","name":"Remember Forever","url":"https:\/\/www.rememberme-forever.com\/pl\/","logo":{"@type":"ImageObject","inLanguage":"pl-PL","@id":"https:\/\/www.rememberme-forever.com\/pl\/#\/schema\/logo\/image\/","url":"https:\/\/www.rememberme-forever.com\/wp-content\/uploads\/2023\/02\/logo.png","contentUrl":"https:\/\/www.rememberme-forever.com\/wp-content\/uploads\/2023\/02\/logo.png","width":300,"height":56,"caption":"Remember Forever"},"image":{"@id":"https:\/\/www.rememberme-forever.com\/pl\/#\/schema\/logo\/image\/"}}]}},"acf":[],"_links":{"self":[{"href":"https:\/\/www.rememberme-forever.com\/pl\/wp-json\/wp\/v2\/product\/6522","targetHints":{"allow":["GET"]}}],"collection":[{"href":"https:\/\/www.rememberme-forever.com\/pl\/wp-json\/wp\/v2\/product"}],"about":[{"href":"https:\/\/www.rememberme-forever.com\/pl\/wp-json\/wp\/v2\/types\/product"}],"wp:featuredmedia":[{"embeddable":true,"href":"https:\/\/www.rememberme-forever.com\/pl\/wp-json\/wp\/v2\/media\/6646"}],"wp:attachment":[{"href":"https:\/\/www.rememberme-forever.com\/pl\/wp-json\/wp\/v2\/media?parent=6522"}],"wp:term":[{"taxonomy":"product_brand","embeddable":true,"href":"https:\/\/www.rememberme-forever.com\/pl\/wp-json\/wp\/v2\/product_brand?post=6522"},{"taxonomy":"product_cat","embeddable":true,"href":"https:\/\/www.rememberme-forever.com\/pl\/wp-json\/wp\/v2\/product_cat?post=6522"},{"taxonomy":"product_tag","embeddable":true,"href":"https:\/\/www.rememberme-forever.com\/pl\/wp-json\/wp\/v2\/product_tag?post=6522"}],"curies":[{"name":"wp","href":"https:\/\/api.w.org\/{rel}","templated":true}]}}