{"id":6530,"date":"2023-05-05T10:13:41","date_gmt":"2023-05-05T08:13:41","guid":{"rendered":"http:\/\/www.rememberme-forever.com\/?post_type=product&#038;p=6530"},"modified":"2026-02-03T08:44:25","modified_gmt":"2026-02-03T07:44:25","slug":"stalowe-pudelko-na-prochy","status":"publish","type":"product","link":"https:\/\/www.rememberme-forever.com\/pl\/produkt\/stalowe-pudelko-na-prochy\/","title":{"rendered":"Stalowe pude\u0142ko na prochy"},"content":{"rendered":"<div style=\"width: 100%; margin-bottom: 40px; height: max-content; padding-bottom: 60%; position: relative;\"><iframe style=\"position: absolute; top: 0; left: 0; width: 100%; height: 100%;\" src=\"https:\/\/rememberme-urns.com\/stainless-steel-box-for-ashes\/\" frameborder=\"0\"><\/iframe><\/div>\n<div style=\"color: red; text-align: center; margin-bottom: 25px;\">\n<p>&gt;&gt; Obrotowe zdj\u0119cie &#8211; dotknij\/zbli\u017c &lt;&lt;<\/p>\n<\/div>\n<h2 style=\"text-align: center;\">Stalowe pude\u0142ko na prochy.<\/h2>\n<p style=\"text-align: center;\">Stalowe pude\u0142ko na prochy to po\u0142\u0105czenie elegancji, trwa\u0142o\u015bci oraz mo\u017cliwo\u015bci spersonalizowania. Nasza unikalna<strong> konstrukcja ze stali nierdzewnej<\/strong> pozwala na wyb\u00f3r dekoracji z motylem, r\u00f3\u017c\u0105 lub krzy\u017cykiem, aby doda\u0107 urnie osobistego charakteru i z\u0142o\u017cy\u0107 ho\u0142d zmar\u0142emu na spos\u00f3b, kt\u00f3ry go najlepiej oddaje. Dodatkowo, mo\u017cna do\u0142\u0105czy\u0107 srebrn\u0105 tabliczk\u0119 pami\u0105tkow\u0105 umieszczon\u0105 na wieczku urny, kt\u00f3ra mo\u017ce zosta\u0107 wygrawerowana z niestandardow\u0105 wiadomo\u015bci\u0105, imieniem i datami.<\/p>\n<p><iframe loading=\"lazy\" title=\"Stainless steel box for ashes\" width=\"640\" height=\"360\" src=\"https:\/\/www.youtube.com\/embed\/ocfkTD2ydIU?feature=oembed\" frameborder=\"0\" allow=\"accelerometer; autoplay; clipboard-write; encrypted-media; gyroscope; picture-in-picture; web-share\" referrerpolicy=\"strict-origin-when-cross-origin\" allowfullscreen><\/iframe><\/p>\n<p>&nbsp;<\/p>\n<p style=\"text-align: center;\">Urna wykonana jest ze stali nierdzewnej wysokiej jako\u015bci, co zapewnia jej trwa\u0142o\u015b\u0107 i d\u0142ugowieczno\u015b\u0107. G\u0142adka, polerowana powierzchnia daje jej elegancki i ponadczasowy wygl\u0105d. Wewn\u0105trz urny znajduje si\u0119 mi\u0119kka podszewka z filcu, kt\u00f3ra nadaje elegancji tej wyj\u0105tkowej urnie. Prochy powinny by\u0107 umieszczone w urnie w plastikowym worku.<\/p>\n<p><img loading=\"lazy\" decoding=\"async\" class=\" wp-image-1238 aligncenter\" src=\"http:\/\/www.rememberme-forever.com\/wp-content\/uploads\/2023\/04\/box-for-ashes-inside-300x300.jpg\" alt=\"box for ashes inside\" width=\"159\" height=\"159\" srcset=\"https:\/\/www.rememberme-forever.com\/wp-content\/uploads\/2023\/04\/box-for-ashes-inside-300x300.jpg 300w, https:\/\/www.rememberme-forever.com\/wp-content\/uploads\/2023\/04\/box-for-ashes-inside-150x150.jpg 150w, https:\/\/www.rememberme-forever.com\/wp-content\/uploads\/2023\/04\/box-for-ashes-inside-768x768.jpg 768w, https:\/\/www.rememberme-forever.com\/wp-content\/uploads\/2023\/04\/box-for-ashes-inside-600x600.jpg 600w, https:\/\/www.rememberme-forever.com\/wp-content\/uploads\/2023\/04\/box-for-ashes-inside-100x100.jpg 100w, https:\/\/www.rememberme-forever.com\/wp-content\/uploads\/2023\/04\/box-for-ashes-inside-64x64.jpg 64w, https:\/\/www.rememberme-forever.com\/wp-content\/uploads\/2023\/04\/box-for-ashes-inside.jpg 1024w\" sizes=\"auto, (max-width: 159px) 100vw, 159px\" \/><\/p>\n<p style=\"text-align: center;\">Prosty, ale doskona\u0142y kszta\u0142t pude\u0142ka na prochy zapewnia nie tylko elegancki wygl\u0105d, ale tak\u017ce praktyczno\u015b\u0107 i bezpiecze\u0144stwo w transporcie. Wybieraj\u0105c nasz\u0105 stalow\u0105 urn\u0119 na prochy, masz pewno\u015b\u0107, \u017ce Tw\u00f3j bliski zostanie godnie upami\u0119tniony, a jego prochy b\u0119d\u0105 bezpiecznie przechowywane w pi\u0119knej i trwa\u0142ej urnie.<\/p>\n<p style=\"text-align: center;\"><em>\/Zalecamy prochy umie\u015bci\u0107 w plastikowym worku a wieczko zaklei\u0107 wysokiej jako\u015bci klejem lub silikonem\/<\/em><\/p>\n<p>&nbsp;<\/p>\n<h3 style=\"text-align: center;\"><strong>PERSONALIZACJA<\/strong><\/h3>\n<p style=\"text-align: center;\">Je\u015bli wybierzesz grawerowan\u0105 plakietk\u0119 w zestawie z urn\u0105, prze\u015blij tekst w ramce \u201cGrawerowana plakietka\u201d.<\/p>\n<p style=\"text-align: center;\">Tekst do grawerowanej plakietki powinien by\u0107 dostarczony podczas sk\u0142adania zam\u00f3wienia. (Prosz\u0119 nie panikowa\u0107, je\u015bli to przegapisz, poniewa\u017c zawsze mo\u017cesz wys\u0142a\u0107 nam wiadomo\u015b\u0107 p\u00f3\u017aniej.)<\/p>\n<p><img loading=\"lazy\" decoding=\"async\" class=\"wp-image-1450 aligncenter\" src=\"http:\/\/www.rememberme-forever.com\/wp-content\/uploads\/2023\/04\/memorial-plaque-cremation-urn-silver-300x153.jpg\" alt=\"memorial plaque cremation urn silver\" width=\"216\" height=\"110\" \/><\/p>\n<p style=\"text-align: center;\"><em><a name=\"_Hlk108616021\"><\/a><strong>Przed dodaniem produktu do koszyka dok\u0142adnie SPRAWD\u0179 tekst przes\u0142any do grawerowania. Do\u00a0 tekstu kt\u00f3ry otrzymujemy wraz z zam\u00f3wieniem\u00a0 nie wprowadzamy \u017cadnych zmian z naszej strony. Tekst jest grawerowany dok\u0142adnie taki, jaki otrzymujemy od pa\u0144stwa. <\/strong><\/em><\/p>\n<p style=\"text-align: center;\"><em><strong>Sprawd\u017a tekst, aby upewni\u0107 si\u0119, \u017ce pisownia jest poprawna.<\/strong><\/em><\/p>\n","protected":false},"excerpt":{"rendered":"<p><em><strong>Urna odpowiednia na prochy zmar\u0142ej osoby o masie cia\u0142a 104 kg lub mniej.<\/strong><\/em><\/p>\n<p><b>\u2611\ufe0f <em style=\"color: red;\">Jeste\u015bmy \u015bwiadomi kr\u00f3tkiego czasu na dostarczenie urny. Urn\u0119 zam\u00f3wion\u0105 do godz. 12.00 w dzie\u0144 roboczy wysy\u0142amy natychmiast.\u00a0<\/em><\/b><\/p>\n","protected":false},"featured_media":6642,"template":"","meta":{"_acf_changed":false},"product_brand":[],"product_cat":[139],"product_tag":[3353],"class_list":{"0":"post-6530","1":"product","2":"type-product","3":"status-publish","4":"has-post-thumbnail","6":"product_cat-urny-metalowe","7":"product_tag-gpsr-metal_wood_cover","8":"product_shipping_class-wood-urns-pl","10":"first","11":"instock","12":"taxable","13":"shipping-taxable","14":"purchasable","15":"product-type-variable"},"yoast_head":"<!-- This site is optimized with the Yoast SEO plugin v27.4 - https:\/\/yoast.com\/product\/yoast-seo-wordpress\/ -->\n<title>Stalowe pude\u0142ko na prochy<\/title>\n<meta name=\"description\" content=\"Stalowe pude\u0142ko na prochy to po\u0142\u0105czenie elegancji, trwa\u0142o\u015bci oraz mo\u017cliwo\u015bci spersonalizowania. Nasza unikalna konstrukcja ze stali nierdzewnej pozwala...\" \/>\n<meta name=\"robots\" content=\"index, follow, max-snippet:-1, max-image-preview:large, max-video-preview:-1\" \/>\n<link rel=\"canonical\" href=\"https:\/\/www.rememberme-forever.com\/pl\/produkt\/stalowe-pudelko-na-prochy\/\" \/>\n<meta property=\"og:locale\" content=\"pl_PL\" \/>\n<meta property=\"og:type\" content=\"article\" \/>\n<meta property=\"og:title\" content=\"Stalowe pude\u0142ko na prochy\" \/>\n<meta property=\"og:description\" content=\"Stalowe pude\u0142ko na prochy to po\u0142\u0105czenie elegancji, trwa\u0142o\u015bci oraz mo\u017cliwo\u015bci spersonalizowania. Nasza unikalna konstrukcja ze stali nierdzewnej pozwala...\" \/>\n<meta property=\"og:url\" content=\"https:\/\/www.rememberme-forever.com\/pl\/produkt\/stalowe-pudelko-na-prochy\/\" \/>\n<meta property=\"og:site_name\" content=\"Remember Forever\" \/>\n<meta property=\"article:modified_time\" content=\"2026-02-03T07:44:25+00:00\" \/>\n<meta property=\"og:image\" content=\"http:\/\/www.rememberme-forever.com\/wp-content\/uploads\/2023\/05\/Stalowe-pudelko-na-prochy.jpg\" \/>\n\t<meta property=\"og:image:width\" content=\"1024\" \/>\n\t<meta property=\"og:image:height\" content=\"1024\" \/>\n\t<meta property=\"og:image:type\" content=\"image\/jpeg\" \/>\n<meta name=\"twitter:card\" content=\"summary_large_image\" \/>\n<meta name=\"twitter:label1\" content=\"Szacowany czas czytania\" \/>\n\t<meta name=\"twitter:data1\" content=\"2 minuta\" \/>\n<script type=\"application\/ld+json\" class=\"yoast-schema-graph\">{\"@context\":\"https:\\\/\\\/schema.org\",\"@graph\":[{\"@type\":\"WebPage\",\"@id\":\"https:\\\/\\\/www.rememberme-forever.com\\\/pl\\\/produkt\\\/stalowe-pudelko-na-prochy\\\/\",\"url\":\"https:\\\/\\\/www.rememberme-forever.com\\\/pl\\\/produkt\\\/stalowe-pudelko-na-prochy\\\/\",\"name\":\"Stalowe pude\u0142ko na prochy\",\"isPartOf\":{\"@id\":\"https:\\\/\\\/www.rememberme-forever.com\\\/pl\\\/#website\"},\"primaryImageOfPage\":{\"@id\":\"https:\\\/\\\/www.rememberme-forever.com\\\/pl\\\/produkt\\\/stalowe-pudelko-na-prochy\\\/#primaryimage\"},\"image\":{\"@id\":\"https:\\\/\\\/www.rememberme-forever.com\\\/pl\\\/produkt\\\/stalowe-pudelko-na-prochy\\\/#primaryimage\"},\"thumbnailUrl\":\"https:\\\/\\\/www.rememberme-forever.com\\\/wp-content\\\/uploads\\\/2023\\\/05\\\/Stalowe-pudelko-na-prochy.jpg\",\"datePublished\":\"2023-05-05T08:13:41+00:00\",\"dateModified\":\"2026-02-03T07:44:25+00:00\",\"description\":\"Stalowe pude\u0142ko na prochy to po\u0142\u0105czenie elegancji, trwa\u0142o\u015bci oraz mo\u017cliwo\u015bci spersonalizowania. Nasza unikalna konstrukcja ze stali nierdzewnej pozwala...\",\"breadcrumb\":{\"@id\":\"https:\\\/\\\/www.rememberme-forever.com\\\/pl\\\/produkt\\\/stalowe-pudelko-na-prochy\\\/#breadcrumb\"},\"inLanguage\":\"pl-PL\",\"potentialAction\":[{\"@type\":\"ReadAction\",\"target\":[\"https:\\\/\\\/www.rememberme-forever.com\\\/pl\\\/produkt\\\/stalowe-pudelko-na-prochy\\\/\"]}]},{\"@type\":\"ImageObject\",\"inLanguage\":\"pl-PL\",\"@id\":\"https:\\\/\\\/www.rememberme-forever.com\\\/pl\\\/produkt\\\/stalowe-pudelko-na-prochy\\\/#primaryimage\",\"url\":\"https:\\\/\\\/www.rememberme-forever.com\\\/wp-content\\\/uploads\\\/2023\\\/05\\\/Stalowe-pudelko-na-prochy.jpg\",\"contentUrl\":\"https:\\\/\\\/www.rememberme-forever.com\\\/wp-content\\\/uploads\\\/2023\\\/05\\\/Stalowe-pudelko-na-prochy.jpg\",\"width\":1024,\"height\":1024,\"caption\":\"Stalowe pude\u0142ko na prochy.\"},{\"@type\":\"BreadcrumbList\",\"@id\":\"https:\\\/\\\/www.rememberme-forever.com\\\/pl\\\/produkt\\\/stalowe-pudelko-na-prochy\\\/#breadcrumb\",\"itemListElement\":[{\"@type\":\"ListItem\",\"position\":1,\"name\":\"Home\",\"item\":\"https:\\\/\\\/www.rememberme-forever.com\\\/pl\\\/strona-glowna\\\/\"},{\"@type\":\"ListItem\",\"position\":2,\"name\":\"Sklep\",\"item\":\"https:\\\/\\\/www.rememberme-forever.com\\\/pl\\\/sklep-2\\\/\"},{\"@type\":\"ListItem\",\"position\":3,\"name\":\"Stalowe pude\u0142ko na prochy\"}]},{\"@type\":\"WebSite\",\"@id\":\"https:\\\/\\\/www.rememberme-forever.com\\\/pl\\\/#website\",\"url\":\"https:\\\/\\\/www.rememberme-forever.com\\\/pl\\\/\",\"name\":\"Remember Forever\",\"description\":\"Cremation urns, funeral urns, urns for ashes\",\"publisher\":{\"@id\":\"https:\\\/\\\/www.rememberme-forever.com\\\/pl\\\/#organization\"},\"potentialAction\":[{\"@type\":\"SearchAction\",\"target\":{\"@type\":\"EntryPoint\",\"urlTemplate\":\"https:\\\/\\\/www.rememberme-forever.com\\\/pl\\\/?s={search_term_string}\"},\"query-input\":{\"@type\":\"PropertyValueSpecification\",\"valueRequired\":true,\"valueName\":\"search_term_string\"}}],\"inLanguage\":\"pl-PL\"},{\"@type\":\"Organization\",\"@id\":\"https:\\\/\\\/www.rememberme-forever.com\\\/pl\\\/#organization\",\"name\":\"Remember Forever\",\"url\":\"https:\\\/\\\/www.rememberme-forever.com\\\/pl\\\/\",\"logo\":{\"@type\":\"ImageObject\",\"inLanguage\":\"pl-PL\",\"@id\":\"https:\\\/\\\/www.rememberme-forever.com\\\/pl\\\/#\\\/schema\\\/logo\\\/image\\\/\",\"url\":\"https:\\\/\\\/www.rememberme-forever.com\\\/wp-content\\\/uploads\\\/2023\\\/02\\\/logo.png\",\"contentUrl\":\"https:\\\/\\\/www.rememberme-forever.com\\\/wp-content\\\/uploads\\\/2023\\\/02\\\/logo.png\",\"width\":300,\"height\":56,\"caption\":\"Remember Forever\"},\"image\":{\"@id\":\"https:\\\/\\\/www.rememberme-forever.com\\\/pl\\\/#\\\/schema\\\/logo\\\/image\\\/\"}}]}<\/script>\n<!-- \/ Yoast SEO plugin. -->","yoast_head_json":{"title":"Stalowe pude\u0142ko na prochy","description":"Stalowe pude\u0142ko na prochy to po\u0142\u0105czenie elegancji, trwa\u0142o\u015bci oraz mo\u017cliwo\u015bci spersonalizowania. Nasza unikalna konstrukcja ze stali nierdzewnej pozwala...","robots":{"index":"index","follow":"follow","max-snippet":"max-snippet:-1","max-image-preview":"max-image-preview:large","max-video-preview":"max-video-preview:-1"},"canonical":"https:\/\/www.rememberme-forever.com\/pl\/produkt\/stalowe-pudelko-na-prochy\/","og_locale":"pl_PL","og_type":"article","og_title":"Stalowe pude\u0142ko na prochy","og_description":"Stalowe pude\u0142ko na prochy to po\u0142\u0105czenie elegancji, trwa\u0142o\u015bci oraz mo\u017cliwo\u015bci spersonalizowania. Nasza unikalna konstrukcja ze stali nierdzewnej pozwala...","og_url":"https:\/\/www.rememberme-forever.com\/pl\/produkt\/stalowe-pudelko-na-prochy\/","og_site_name":"Remember Forever","article_modified_time":"2026-02-03T07:44:25+00:00","og_image":[{"width":1024,"height":1024,"url":"http:\/\/www.rememberme-forever.com\/wp-content\/uploads\/2023\/05\/Stalowe-pudelko-na-prochy.jpg","type":"image\/jpeg"}],"twitter_card":"summary_large_image","twitter_misc":{"Szacowany czas czytania":"2 minuta"},"schema":{"@context":"https:\/\/schema.org","@graph":[{"@type":"WebPage","@id":"https:\/\/www.rememberme-forever.com\/pl\/produkt\/stalowe-pudelko-na-prochy\/","url":"https:\/\/www.rememberme-forever.com\/pl\/produkt\/stalowe-pudelko-na-prochy\/","name":"Stalowe pude\u0142ko na prochy","isPartOf":{"@id":"https:\/\/www.rememberme-forever.com\/pl\/#website"},"primaryImageOfPage":{"@id":"https:\/\/www.rememberme-forever.com\/pl\/produkt\/stalowe-pudelko-na-prochy\/#primaryimage"},"image":{"@id":"https:\/\/www.rememberme-forever.com\/pl\/produkt\/stalowe-pudelko-na-prochy\/#primaryimage"},"thumbnailUrl":"https:\/\/www.rememberme-forever.com\/wp-content\/uploads\/2023\/05\/Stalowe-pudelko-na-prochy.jpg","datePublished":"2023-05-05T08:13:41+00:00","dateModified":"2026-02-03T07:44:25+00:00","description":"Stalowe pude\u0142ko na prochy to po\u0142\u0105czenie elegancji, trwa\u0142o\u015bci oraz mo\u017cliwo\u015bci spersonalizowania. Nasza unikalna konstrukcja ze stali nierdzewnej pozwala...","breadcrumb":{"@id":"https:\/\/www.rememberme-forever.com\/pl\/produkt\/stalowe-pudelko-na-prochy\/#breadcrumb"},"inLanguage":"pl-PL","potentialAction":[{"@type":"ReadAction","target":["https:\/\/www.rememberme-forever.com\/pl\/produkt\/stalowe-pudelko-na-prochy\/"]}]},{"@type":"ImageObject","inLanguage":"pl-PL","@id":"https:\/\/www.rememberme-forever.com\/pl\/produkt\/stalowe-pudelko-na-prochy\/#primaryimage","url":"https:\/\/www.rememberme-forever.com\/wp-content\/uploads\/2023\/05\/Stalowe-pudelko-na-prochy.jpg","contentUrl":"https:\/\/www.rememberme-forever.com\/wp-content\/uploads\/2023\/05\/Stalowe-pudelko-na-prochy.jpg","width":1024,"height":1024,"caption":"Stalowe pude\u0142ko na prochy."},{"@type":"BreadcrumbList","@id":"https:\/\/www.rememberme-forever.com\/pl\/produkt\/stalowe-pudelko-na-prochy\/#breadcrumb","itemListElement":[{"@type":"ListItem","position":1,"name":"Home","item":"https:\/\/www.rememberme-forever.com\/pl\/strona-glowna\/"},{"@type":"ListItem","position":2,"name":"Sklep","item":"https:\/\/www.rememberme-forever.com\/pl\/sklep-2\/"},{"@type":"ListItem","position":3,"name":"Stalowe pude\u0142ko na prochy"}]},{"@type":"WebSite","@id":"https:\/\/www.rememberme-forever.com\/pl\/#website","url":"https:\/\/www.rememberme-forever.com\/pl\/","name":"Remember Forever","description":"Cremation urns, funeral urns, urns for ashes","publisher":{"@id":"https:\/\/www.rememberme-forever.com\/pl\/#organization"},"potentialAction":[{"@type":"SearchAction","target":{"@type":"EntryPoint","urlTemplate":"https:\/\/www.rememberme-forever.com\/pl\/?s={search_term_string}"},"query-input":{"@type":"PropertyValueSpecification","valueRequired":true,"valueName":"search_term_string"}}],"inLanguage":"pl-PL"},{"@type":"Organization","@id":"https:\/\/www.rememberme-forever.com\/pl\/#organization","name":"Remember Forever","url":"https:\/\/www.rememberme-forever.com\/pl\/","logo":{"@type":"ImageObject","inLanguage":"pl-PL","@id":"https:\/\/www.rememberme-forever.com\/pl\/#\/schema\/logo\/image\/","url":"https:\/\/www.rememberme-forever.com\/wp-content\/uploads\/2023\/02\/logo.png","contentUrl":"https:\/\/www.rememberme-forever.com\/wp-content\/uploads\/2023\/02\/logo.png","width":300,"height":56,"caption":"Remember Forever"},"image":{"@id":"https:\/\/www.rememberme-forever.com\/pl\/#\/schema\/logo\/image\/"}}]}},"acf":[],"_links":{"self":[{"href":"https:\/\/www.rememberme-forever.com\/pl\/wp-json\/wp\/v2\/product\/6530","targetHints":{"allow":["GET"]}}],"collection":[{"href":"https:\/\/www.rememberme-forever.com\/pl\/wp-json\/wp\/v2\/product"}],"about":[{"href":"https:\/\/www.rememberme-forever.com\/pl\/wp-json\/wp\/v2\/types\/product"}],"wp:featuredmedia":[{"embeddable":true,"href":"https:\/\/www.rememberme-forever.com\/pl\/wp-json\/wp\/v2\/media\/6642"}],"wp:attachment":[{"href":"https:\/\/www.rememberme-forever.com\/pl\/wp-json\/wp\/v2\/media?parent=6530"}],"wp:term":[{"taxonomy":"product_brand","embeddable":true,"href":"https:\/\/www.rememberme-forever.com\/pl\/wp-json\/wp\/v2\/product_brand?post=6530"},{"taxonomy":"product_cat","embeddable":true,"href":"https:\/\/www.rememberme-forever.com\/pl\/wp-json\/wp\/v2\/product_cat?post=6530"},{"taxonomy":"product_tag","embeddable":true,"href":"https:\/\/www.rememberme-forever.com\/pl\/wp-json\/wp\/v2\/product_tag?post=6530"}],"curies":[{"name":"wp","href":"https:\/\/api.w.org\/{rel}","templated":true}]}}