{"id":6542,"date":"2023-05-05T10:16:49","date_gmt":"2023-05-05T08:16:49","guid":{"rendered":"http:\/\/www.rememberme-forever.com\/?post_type=product&#038;p=6542"},"modified":"2026-02-02T14:09:38","modified_gmt":"2026-02-02T13:09:38","slug":"relikwiarze-zestaw-do-przechowywania-pamiatek","status":"publish","type":"product","link":"https:\/\/www.rememberme-forever.com\/pl\/produkt\/relikwiarze-zestaw-do-przechowywania-pamiatek\/","title":{"rendered":"Relikwiarze &#8211; zestaw do przechowywania pami\u0105tek"},"content":{"rendered":"<div style=\"width: 100%; margin-bottom: 30px; height: max-content; padding-bottom: 60%; position: relative;\"><iframe style=\"position: absolute; top: 0; left: 0; width: 100%; height: 100%;\" src=\"https:\/\/rememberme-urns.com\/keepsake-with-the-stars\/\" frameborder=\"0\"><\/iframe><\/div>\n<div style=\"color: red; text-align: center; margin-bottom: 25px;\">\n<p>&gt;&gt; Obrotowe zdj\u0119cie &#8211; dotknij\/zbli\u017c &lt;&lt;<\/p>\n<\/div>\n<h2 style=\"text-align: center;\">Relikwiarze &#8211; zestaw do przechowywania pami\u0105tek<\/h2>\n<p style=\"text-align: center;\">Zestaw relikwiarzy to idealne rozwi\u0105zanie dla os\u00f3b pragn\u0105cych zachowa\u0107 pami\u0105tki po swoich bliskich lub wa\u017cnych miejscach w spos\u00f3b godny i estetyczny. Zestaw sk\u0142ada si\u0119 z 2-6 relikwiarzy, ka\u017cdy z pi\u0119knymi srebrnymi gwiazdami, wykonanych z trwa\u0142ego ABS i wyposa\u017conych w kul\u0119 ze stali nierdzewnej, zapewniaj\u0105c\u0105 bezpieczne przechowywanie pami\u0105tek lub niewielkiej ilo\u015bci proch\u00f3w. (Przechowywanie proch\u00f3w reguluj\u0105 przepisy prawa oddzielne w ka\u017cdym pa\u0144stwie).<\/p>\n<p style=\"text-align: center;\">Personalizacja jest mo\u017cliwa za pomoc\u0105 grawerowanej plakietki z w\u0142asnym tekstem, co sprawia, \u017ce zestaw staje si\u0119 jeszcze bardziej osobisty i wyj\u0105tkowy. To niezwyk\u0142e rozwi\u0105zanie, kt\u00f3re pozwala zachowa\u0107 wspomnienia na wiele lat i uczci\u0107 pami\u0119\u0107 tych, kt\u00f3rzy odeszli.<\/p>\n<p style=\"text-align: center;\"><em><strong>Produkt r\u0119cznie malowany, odcie\u0144 koloru mo\u017ce nieznacznie si\u0119 r\u00f3\u017cni\u0107.<\/strong><\/em><\/p>\n<p>&nbsp;<\/p>\n<p style=\"text-align: center;\"><strong>Kula ze stali nierdzewnej wewn\u0105trz:<\/strong><\/p>\n<p><img loading=\"lazy\" decoding=\"async\" class=\" wp-image-1080 aligncenter\" src=\"http:\/\/www.rememberme-forever.com\/wp-content\/uploads\/2023\/04\/planet-urn-inside-stainless-steel-insert-300x300.jpg\" alt=\"planet urn inside stainless steel insert\" width=\"218\" height=\"218\" srcset=\"https:\/\/www.rememberme-forever.com\/wp-content\/uploads\/2023\/04\/planet-urn-inside-stainless-steel-insert-300x300.jpg 300w, https:\/\/www.rememberme-forever.com\/wp-content\/uploads\/2023\/04\/planet-urn-inside-stainless-steel-insert-150x150.jpg 150w, https:\/\/www.rememberme-forever.com\/wp-content\/uploads\/2023\/04\/planet-urn-inside-stainless-steel-insert-600x600.jpg 600w, https:\/\/www.rememberme-forever.com\/wp-content\/uploads\/2023\/04\/planet-urn-inside-stainless-steel-insert-100x100.jpg 100w, https:\/\/www.rememberme-forever.com\/wp-content\/uploads\/2023\/04\/planet-urn-inside-stainless-steel-insert-64x64.jpg 64w, https:\/\/www.rememberme-forever.com\/wp-content\/uploads\/2023\/04\/planet-urn-inside-stainless-steel-insert.jpg 768w\" sizes=\"auto, (max-width: 218px) 100vw, 218px\" \/><\/p>\n<p>&nbsp;<\/p>\n<h3 style=\"text-align: center;\"><strong>PERSONALIZACJA<\/strong><\/h3>\n<p style=\"text-align: center; color: red;\"><em><strong>UWAGA! Domy\u015blnie do ka\u017cdej urny dodawany jest ten sam tekst wpisany w ramce: &#8222;Grawerowane plakietki &#8211; tekst&#8221; Je\u017celi chcesz inaczej, napisz nam o tym podczas procesu zam\u00f3wienia.<\/strong><\/em><\/p>\n<p style=\"text-align: center;\">Tekst do grawerowanej plakietki powinien by\u0107 dostarczony podczas sk\u0142adania zam\u00f3wienia. (Prosz\u0119 nie panikowa\u0107, je\u015bli to przegapisz, poniewa\u017c zawsze mo\u017cesz wys\u0142a\u0107 nam wiadomo\u015b\u0107 p\u00f3\u017aniej.)<\/p>\n<p style=\"text-align: center;\"><img loading=\"lazy\" decoding=\"async\" class=\" wp-image-1125 aligncenter\" src=\"http:\/\/www.rememberme-forever.com\/wp-content\/uploads\/2023\/04\/personalized-keepsake-227x300.jpg\" alt=\"personalized-keepsake\" width=\"184\" height=\"243\" \/><\/p>\n<p style=\"text-align: center;\"><em><a name=\"_Hlk108616021\"><\/a><strong>Przed dodaniem produktu do koszyka dok\u0142adnie SPRAWD\u0179 tekst przes\u0142any do grawerowania. Do\u00a0 tekstu kt\u00f3ry otrzymujemy wraz z zam\u00f3wieniem\u00a0 nie wprowadzamy \u017cadnych zmian z naszej strony. Tekst jest grawerowany dok\u0142adnie taki, jaki otrzymujemy od pa\u0144stwa. <\/strong><\/em><\/p>\n<p style=\"text-align: center;\"><em><strong>Sprawd\u017a tekst, aby upewni\u0107 si\u0119, \u017ce pisownia jest poprawna.<\/strong><\/em><\/p>\n","protected":false},"excerpt":{"rendered":"<p><em><strong>Unikalny zestaw do przechowywania drobnych pami\u0105tek po ludziach lub miejscach.<\/strong><\/em><\/p>\n<p><b>\u2611\ufe0f <em style=\"color: red;\">Jeste\u015bmy \u015bwiadomi kr\u00f3tkiego czasu na dostarczenie urny. Urn\u0119 zam\u00f3wion\u0105 do godz. 12.00 w dzie\u0144 roboczy wysy\u0142amy natychmiast.\u00a0<\/em><\/b><\/p>\n","protected":false},"featured_media":8194,"template":"","meta":{"_acf_changed":false},"product_brand":[],"product_cat":[122],"product_tag":[3328,1025,964,1011,962,972],"class_list":{"0":"post-6542","1":"product","2":"type-product","3":"status-publish","4":"has-post-thumbnail","6":"product_cat-relikwiarze","7":"product_tag-gpsr-keepsake-urns","8":"product_tag-pamiatki","9":"product_tag-relikwiarz","10":"product_tag-stal-nierdzewna","11":"product_tag-urna","12":"product_tag-zestaw","13":"product_shipping_class-1-2-kg","15":"first","16":"instock","17":"taxable","18":"shipping-taxable","19":"purchasable","20":"product-type-variable"},"yoast_head":"<!-- This site is optimized with the Yoast SEO plugin v27.4 - https:\/\/yoast.com\/product\/yoast-seo-wordpress\/ -->\n<title>Relikwiarze - zestaw do przechowywania pami\u0105tek<\/title>\n<meta name=\"description\" content=\"Zestaw relikwiarzy to idealne rozwi\u0105zanie dla os\u00f3b pragn\u0105cych zachowa\u0107 pami\u0105tki po swoich bliskich lub wa\u017cnych miejscach w spos\u00f3b godny i estetyczny.\" \/>\n<meta name=\"robots\" content=\"index, follow, max-snippet:-1, max-image-preview:large, max-video-preview:-1\" \/>\n<link rel=\"canonical\" href=\"https:\/\/www.rememberme-forever.com\/pl\/produkt\/relikwiarze-zestaw-do-przechowywania-pamiatek\/\" \/>\n<meta property=\"og:locale\" content=\"pl_PL\" \/>\n<meta property=\"og:type\" content=\"article\" \/>\n<meta property=\"og:title\" content=\"Relikwiarze - zestaw do przechowywania pami\u0105tek\" \/>\n<meta property=\"og:description\" content=\"Zestaw relikwiarzy to idealne rozwi\u0105zanie dla os\u00f3b pragn\u0105cych zachowa\u0107 pami\u0105tki po swoich bliskich lub wa\u017cnych miejscach w spos\u00f3b godny i estetyczny.\" \/>\n<meta property=\"og:url\" content=\"https:\/\/www.rememberme-forever.com\/pl\/produkt\/relikwiarze-zestaw-do-przechowywania-pamiatek\/\" \/>\n<meta property=\"og:site_name\" content=\"Remember Forever\" \/>\n<meta property=\"article:modified_time\" content=\"2026-02-02T13:09:38+00:00\" \/>\n<meta property=\"og:image\" content=\"http:\/\/www.rememberme-forever.com\/wp-content\/uploads\/2023\/08\/set-of-keepsakes-urns.jpg\" \/>\n\t<meta property=\"og:image:width\" content=\"1024\" \/>\n\t<meta property=\"og:image:height\" content=\"1024\" \/>\n\t<meta property=\"og:image:type\" content=\"image\/jpeg\" \/>\n<meta name=\"twitter:card\" content=\"summary_large_image\" \/>\n<meta name=\"twitter:label1\" content=\"Szacowany czas czytania\" \/>\n\t<meta name=\"twitter:data1\" content=\"2 minuta\" \/>\n<script type=\"application\/ld+json\" class=\"yoast-schema-graph\">{\"@context\":\"https:\\\/\\\/schema.org\",\"@graph\":[{\"@type\":\"WebPage\",\"@id\":\"https:\\\/\\\/www.rememberme-forever.com\\\/pl\\\/produkt\\\/relikwiarze-zestaw-do-przechowywania-pamiatek\\\/\",\"url\":\"https:\\\/\\\/www.rememberme-forever.com\\\/pl\\\/produkt\\\/relikwiarze-zestaw-do-przechowywania-pamiatek\\\/\",\"name\":\"Relikwiarze - zestaw do przechowywania pami\u0105tek\",\"isPartOf\":{\"@id\":\"https:\\\/\\\/www.rememberme-forever.com\\\/pl\\\/#website\"},\"primaryImageOfPage\":{\"@id\":\"https:\\\/\\\/www.rememberme-forever.com\\\/pl\\\/produkt\\\/relikwiarze-zestaw-do-przechowywania-pamiatek\\\/#primaryimage\"},\"image\":{\"@id\":\"https:\\\/\\\/www.rememberme-forever.com\\\/pl\\\/produkt\\\/relikwiarze-zestaw-do-przechowywania-pamiatek\\\/#primaryimage\"},\"thumbnailUrl\":\"https:\\\/\\\/www.rememberme-forever.com\\\/wp-content\\\/uploads\\\/2023\\\/08\\\/set-of-keepsakes-urns.jpg\",\"datePublished\":\"2023-05-05T08:16:49+00:00\",\"dateModified\":\"2026-02-02T13:09:38+00:00\",\"description\":\"Zestaw relikwiarzy to idealne rozwi\u0105zanie dla os\u00f3b pragn\u0105cych zachowa\u0107 pami\u0105tki po swoich bliskich lub wa\u017cnych miejscach w spos\u00f3b godny i estetyczny.\",\"breadcrumb\":{\"@id\":\"https:\\\/\\\/www.rememberme-forever.com\\\/pl\\\/produkt\\\/relikwiarze-zestaw-do-przechowywania-pamiatek\\\/#breadcrumb\"},\"inLanguage\":\"pl-PL\",\"potentialAction\":[{\"@type\":\"ReadAction\",\"target\":[\"https:\\\/\\\/www.rememberme-forever.com\\\/pl\\\/produkt\\\/relikwiarze-zestaw-do-przechowywania-pamiatek\\\/\"]}]},{\"@type\":\"ImageObject\",\"inLanguage\":\"pl-PL\",\"@id\":\"https:\\\/\\\/www.rememberme-forever.com\\\/pl\\\/produkt\\\/relikwiarze-zestaw-do-przechowywania-pamiatek\\\/#primaryimage\",\"url\":\"https:\\\/\\\/www.rememberme-forever.com\\\/wp-content\\\/uploads\\\/2023\\\/08\\\/set-of-keepsakes-urns.jpg\",\"contentUrl\":\"https:\\\/\\\/www.rememberme-forever.com\\\/wp-content\\\/uploads\\\/2023\\\/08\\\/set-of-keepsakes-urns.jpg\",\"width\":1024,\"height\":1024,\"caption\":\"Set-of-6-Keepsakes, set of cremation keepsakes, Relikwiarze zestaw do przechowywania pami\u0105tek\"},{\"@type\":\"BreadcrumbList\",\"@id\":\"https:\\\/\\\/www.rememberme-forever.com\\\/pl\\\/produkt\\\/relikwiarze-zestaw-do-przechowywania-pamiatek\\\/#breadcrumb\",\"itemListElement\":[{\"@type\":\"ListItem\",\"position\":1,\"name\":\"Home\",\"item\":\"https:\\\/\\\/www.rememberme-forever.com\\\/pl\\\/strona-glowna\\\/\"},{\"@type\":\"ListItem\",\"position\":2,\"name\":\"Sklep\",\"item\":\"https:\\\/\\\/www.rememberme-forever.com\\\/pl\\\/sklep-2\\\/\"},{\"@type\":\"ListItem\",\"position\":3,\"name\":\"Relikwiarze &#8211; zestaw do przechowywania pami\u0105tek\"}]},{\"@type\":\"WebSite\",\"@id\":\"https:\\\/\\\/www.rememberme-forever.com\\\/pl\\\/#website\",\"url\":\"https:\\\/\\\/www.rememberme-forever.com\\\/pl\\\/\",\"name\":\"Remember Forever\",\"description\":\"Cremation urns, funeral urns, urns for ashes\",\"publisher\":{\"@id\":\"https:\\\/\\\/www.rememberme-forever.com\\\/pl\\\/#organization\"},\"potentialAction\":[{\"@type\":\"SearchAction\",\"target\":{\"@type\":\"EntryPoint\",\"urlTemplate\":\"https:\\\/\\\/www.rememberme-forever.com\\\/pl\\\/?s={search_term_string}\"},\"query-input\":{\"@type\":\"PropertyValueSpecification\",\"valueRequired\":true,\"valueName\":\"search_term_string\"}}],\"inLanguage\":\"pl-PL\"},{\"@type\":\"Organization\",\"@id\":\"https:\\\/\\\/www.rememberme-forever.com\\\/pl\\\/#organization\",\"name\":\"Remember Forever\",\"url\":\"https:\\\/\\\/www.rememberme-forever.com\\\/pl\\\/\",\"logo\":{\"@type\":\"ImageObject\",\"inLanguage\":\"pl-PL\",\"@id\":\"https:\\\/\\\/www.rememberme-forever.com\\\/pl\\\/#\\\/schema\\\/logo\\\/image\\\/\",\"url\":\"https:\\\/\\\/www.rememberme-forever.com\\\/wp-content\\\/uploads\\\/2023\\\/02\\\/logo.png\",\"contentUrl\":\"https:\\\/\\\/www.rememberme-forever.com\\\/wp-content\\\/uploads\\\/2023\\\/02\\\/logo.png\",\"width\":300,\"height\":56,\"caption\":\"Remember Forever\"},\"image\":{\"@id\":\"https:\\\/\\\/www.rememberme-forever.com\\\/pl\\\/#\\\/schema\\\/logo\\\/image\\\/\"}}]}<\/script>\n<!-- \/ Yoast SEO plugin. -->","yoast_head_json":{"title":"Relikwiarze - zestaw do przechowywania pami\u0105tek","description":"Zestaw relikwiarzy to idealne rozwi\u0105zanie dla os\u00f3b pragn\u0105cych zachowa\u0107 pami\u0105tki po swoich bliskich lub wa\u017cnych miejscach w spos\u00f3b godny i estetyczny.","robots":{"index":"index","follow":"follow","max-snippet":"max-snippet:-1","max-image-preview":"max-image-preview:large","max-video-preview":"max-video-preview:-1"},"canonical":"https:\/\/www.rememberme-forever.com\/pl\/produkt\/relikwiarze-zestaw-do-przechowywania-pamiatek\/","og_locale":"pl_PL","og_type":"article","og_title":"Relikwiarze - zestaw do przechowywania pami\u0105tek","og_description":"Zestaw relikwiarzy to idealne rozwi\u0105zanie dla os\u00f3b pragn\u0105cych zachowa\u0107 pami\u0105tki po swoich bliskich lub wa\u017cnych miejscach w spos\u00f3b godny i estetyczny.","og_url":"https:\/\/www.rememberme-forever.com\/pl\/produkt\/relikwiarze-zestaw-do-przechowywania-pamiatek\/","og_site_name":"Remember Forever","article_modified_time":"2026-02-02T13:09:38+00:00","og_image":[{"width":1024,"height":1024,"url":"http:\/\/www.rememberme-forever.com\/wp-content\/uploads\/2023\/08\/set-of-keepsakes-urns.jpg","type":"image\/jpeg"}],"twitter_card":"summary_large_image","twitter_misc":{"Szacowany czas czytania":"2 minuta"},"schema":{"@context":"https:\/\/schema.org","@graph":[{"@type":"WebPage","@id":"https:\/\/www.rememberme-forever.com\/pl\/produkt\/relikwiarze-zestaw-do-przechowywania-pamiatek\/","url":"https:\/\/www.rememberme-forever.com\/pl\/produkt\/relikwiarze-zestaw-do-przechowywania-pamiatek\/","name":"Relikwiarze - zestaw do przechowywania pami\u0105tek","isPartOf":{"@id":"https:\/\/www.rememberme-forever.com\/pl\/#website"},"primaryImageOfPage":{"@id":"https:\/\/www.rememberme-forever.com\/pl\/produkt\/relikwiarze-zestaw-do-przechowywania-pamiatek\/#primaryimage"},"image":{"@id":"https:\/\/www.rememberme-forever.com\/pl\/produkt\/relikwiarze-zestaw-do-przechowywania-pamiatek\/#primaryimage"},"thumbnailUrl":"https:\/\/www.rememberme-forever.com\/wp-content\/uploads\/2023\/08\/set-of-keepsakes-urns.jpg","datePublished":"2023-05-05T08:16:49+00:00","dateModified":"2026-02-02T13:09:38+00:00","description":"Zestaw relikwiarzy to idealne rozwi\u0105zanie dla os\u00f3b pragn\u0105cych zachowa\u0107 pami\u0105tki po swoich bliskich lub wa\u017cnych miejscach w spos\u00f3b godny i estetyczny.","breadcrumb":{"@id":"https:\/\/www.rememberme-forever.com\/pl\/produkt\/relikwiarze-zestaw-do-przechowywania-pamiatek\/#breadcrumb"},"inLanguage":"pl-PL","potentialAction":[{"@type":"ReadAction","target":["https:\/\/www.rememberme-forever.com\/pl\/produkt\/relikwiarze-zestaw-do-przechowywania-pamiatek\/"]}]},{"@type":"ImageObject","inLanguage":"pl-PL","@id":"https:\/\/www.rememberme-forever.com\/pl\/produkt\/relikwiarze-zestaw-do-przechowywania-pamiatek\/#primaryimage","url":"https:\/\/www.rememberme-forever.com\/wp-content\/uploads\/2023\/08\/set-of-keepsakes-urns.jpg","contentUrl":"https:\/\/www.rememberme-forever.com\/wp-content\/uploads\/2023\/08\/set-of-keepsakes-urns.jpg","width":1024,"height":1024,"caption":"Set-of-6-Keepsakes, set of cremation keepsakes, Relikwiarze zestaw do przechowywania pami\u0105tek"},{"@type":"BreadcrumbList","@id":"https:\/\/www.rememberme-forever.com\/pl\/produkt\/relikwiarze-zestaw-do-przechowywania-pamiatek\/#breadcrumb","itemListElement":[{"@type":"ListItem","position":1,"name":"Home","item":"https:\/\/www.rememberme-forever.com\/pl\/strona-glowna\/"},{"@type":"ListItem","position":2,"name":"Sklep","item":"https:\/\/www.rememberme-forever.com\/pl\/sklep-2\/"},{"@type":"ListItem","position":3,"name":"Relikwiarze &#8211; zestaw do przechowywania pami\u0105tek"}]},{"@type":"WebSite","@id":"https:\/\/www.rememberme-forever.com\/pl\/#website","url":"https:\/\/www.rememberme-forever.com\/pl\/","name":"Remember Forever","description":"Cremation urns, funeral urns, urns for ashes","publisher":{"@id":"https:\/\/www.rememberme-forever.com\/pl\/#organization"},"potentialAction":[{"@type":"SearchAction","target":{"@type":"EntryPoint","urlTemplate":"https:\/\/www.rememberme-forever.com\/pl\/?s={search_term_string}"},"query-input":{"@type":"PropertyValueSpecification","valueRequired":true,"valueName":"search_term_string"}}],"inLanguage":"pl-PL"},{"@type":"Organization","@id":"https:\/\/www.rememberme-forever.com\/pl\/#organization","name":"Remember Forever","url":"https:\/\/www.rememberme-forever.com\/pl\/","logo":{"@type":"ImageObject","inLanguage":"pl-PL","@id":"https:\/\/www.rememberme-forever.com\/pl\/#\/schema\/logo\/image\/","url":"https:\/\/www.rememberme-forever.com\/wp-content\/uploads\/2023\/02\/logo.png","contentUrl":"https:\/\/www.rememberme-forever.com\/wp-content\/uploads\/2023\/02\/logo.png","width":300,"height":56,"caption":"Remember Forever"},"image":{"@id":"https:\/\/www.rememberme-forever.com\/pl\/#\/schema\/logo\/image\/"}}]}},"acf":[],"_links":{"self":[{"href":"https:\/\/www.rememberme-forever.com\/pl\/wp-json\/wp\/v2\/product\/6542","targetHints":{"allow":["GET"]}}],"collection":[{"href":"https:\/\/www.rememberme-forever.com\/pl\/wp-json\/wp\/v2\/product"}],"about":[{"href":"https:\/\/www.rememberme-forever.com\/pl\/wp-json\/wp\/v2\/types\/product"}],"wp:featuredmedia":[{"embeddable":true,"href":"https:\/\/www.rememberme-forever.com\/pl\/wp-json\/wp\/v2\/media\/8194"}],"wp:attachment":[{"href":"https:\/\/www.rememberme-forever.com\/pl\/wp-json\/wp\/v2\/media?parent=6542"}],"wp:term":[{"taxonomy":"product_brand","embeddable":true,"href":"https:\/\/www.rememberme-forever.com\/pl\/wp-json\/wp\/v2\/product_brand?post=6542"},{"taxonomy":"product_cat","embeddable":true,"href":"https:\/\/www.rememberme-forever.com\/pl\/wp-json\/wp\/v2\/product_cat?post=6542"},{"taxonomy":"product_tag","embeddable":true,"href":"https:\/\/www.rememberme-forever.com\/pl\/wp-json\/wp\/v2\/product_tag?post=6542"}],"curies":[{"name":"wp","href":"https:\/\/api.w.org\/{rel}","templated":true}]}}